{"id":2311089,"date":"2026-04-12T14:20:13","date_gmt":"2026-04-12T12:20:13","guid":{"rendered":"https:\/\/dev6.erresse-shop.it\/shop\/sin%20categor\u00eda\/jura-maquina-de-cafe-ono-coffee-black\/"},"modified":"2025-10-17T19:21:17","modified_gmt":"2025-10-17T17:21:17","slug":"jura-maquina-de-cafe-ono-coffee-black","status":"publish","type":"product","link":"https:\/\/dev6.erresse-shop.it\/es\/shop\/pequenos-electrodomesticos\/maquinas-de-cafe\/automatico\/jura-maquina-de-cafe-ono-coffee-black\/","title":{"rendered":"JURA M\u00e1quina de caf\u00e9 ONO Coffee Black"},"content":{"rendered":"<p class>ONO. Caf\u00e9 perfecto. No en c\u00e1psulas.<\/p>\n<p class>La m\u00e1quina autom\u00e1tica ofrece una taza perfecta para todos aquellos que aman el caf\u00e9, buscan alta calidad y son conscientes del medio ambiente. La ONO es m\u00e1s que una m\u00e1quina de caf\u00e9: te ofrece momentos de disfrute del caf\u00e9 verdaderamente incomparables.<\/p>\n<p class>No en c\u00e1psulas<\/p>\n<p class>Usando caf\u00e9 reci\u00e9n molido, puedes elegir libremente la mezcla, taza a taza. Esto te permite total independencia, la posibilidad de descubrir nuevos universos de sabor, crear tus propias mezclas y apoyar, por ejemplo, plantaciones de caf\u00e9 Fairtrade o tostadoras locales. Adem\u00e1s, al no usar c\u00e1psulas o pads, preparar caf\u00e9 con la ONO evita los desechos innecesarios de embalaje. Los posos de caf\u00e9 son un producto completamente natural, perfecto para compostaje o como fertilizante para las plantas.<\/p>\n<p class>Tu momento de barista<\/p>\n<p class>Disfruta con todos tus sentidos el placer de un caf\u00e9 extraordinario desde la preparaci\u00f3n: el aroma del caf\u00e9 reci\u00e9n molido, las sensaciones t\u00e1ctiles al accionar la palanca y la manivela, el sonido del proceso de extracci\u00f3n, el sabor \u00fanico de un caf\u00e9 de la m\u00e1s alta calidad, el dise\u00f1o excepcional de esta innovadora m\u00e1quina de caf\u00e9. Haz de cada preparaci\u00f3n un aut\u00e9ntico momento de barista, que con su destreza celebra el caf\u00e9 y expresa la m\u00e1xima apreciaci\u00f3n por el sabor pleno y envolvente.<\/p>\n<p class>Caf\u00e9 perfecto<\/p>\n<p class>Caf\u00e9 excelente en cada preparaci\u00f3n: equipada con la tecnolog\u00eda de preparaci\u00f3n m\u00e1s moderna de JURA, la ONO ofrece siempre caf\u00e9 y espresso de calidad superior. La intensidad se puede seleccionar individualmente en cada preparaci\u00f3n. Lo mismo ocurre con la mezcla de caf\u00e9, que puede variar de una taza a otra seg\u00fan las preferencias personales. Ideal para todos aquellos que disfrutan de momentos aut\u00e9nticos de placer del caf\u00e9 y desean probar diferentes mezclas. La ONO se concentra totalmente en las especialidades de caf\u00e9 negro: espresso y caf\u00e9 negro preparados a la perfecci\u00f3n.<\/p>\n<p class>Elegancia destinada a perdurar<\/p>\n<p class>El dise\u00f1o y la cuidadosa selecci\u00f3n de materiales adecuados contribuyen activamente a la sostenibilidad del producto. JURA apunta a un dise\u00f1o que ciertamente despierta el orgullo de poseer un objeto extraordinario que, incluso despu\u00e9s de a\u00f1os, sigue luciendo fresco y moderno. Calidad sin compromisos, materiales duraderos y la m\u00e1xima precisi\u00f3n en la fabricaci\u00f3n garantizan un disfrute culinario y est\u00e9tico incomparable a lo largo de toda la vida \u00fatil de la m\u00e1quina. Un proceso de alta tecnolog\u00eda de dos componentes da a las superficies un efecto de profundidad extraordinario para un verdadero placer est\u00e9tico. El dep\u00f3sito de agua con dise\u00f1o ondulado refinado y la armoniosa cubierta del filtro son solo dos ejemplos del amor por cada detalle, por peque\u00f1o que parezca. La sensaci\u00f3n t\u00e1ctil que transmite la ONO expresa tangiblemente el concepto de valor de JURA.<\/p>\n<p class>Especialidades:<\/p>\n<p class>2 opciones: Espresso y Caf\u00e9.<\/p>\n<p class>Caracter\u00edsticas principales:<\/p>\n<p class>Dispensador con capacidad variable (7-14 g).<\/p>\n<p class>Bomba de alto rendimiento de 15 bares.<\/p>\n<p class>Sistema de calefacci\u00f3n Thermoblock.<\/p>\n<p class>Pantalla de s\u00edmbolos para el control.<\/p>\n<p class>Cantidad de agua y otros ajustes programables individualmente.<\/p>\n<p class>Funci\u00f3n de enjuague, limpieza y descalcificaci\u00f3n integrada.<\/p>\n<p class>Identificaci\u00f3n autom\u00e1tica del filtro (CLARIS Smart&#43;).<\/p>\n<p class>Modo de ahorro de energ\u00eda (E.S.M.).<\/p>\n<p class>Datos t\u00e9cnicos:<\/p>\n<p class>Capacidad del dep\u00f3sito de agua: 0,95 l.<\/p>\n<p class>Contenedor de posos de caf\u00e9: 6 porciones.<\/p>\n<p class>Longitud del cable: 1,2 m.<\/p>\n<p class>Peso: 4,75 kg.<\/p>\n<p class>Dimensiones: 24,3 x 32 x 46,1 cm.<\/p>\n<p class>Potencia: 230 V \/ 1450 W, Standby: 0,2 W.<\/p>\n<p class>Hecho en China, A\u00f1o del modelo: 2023.<\/p>\n","protected":false},"excerpt":{"rendered":"<p>ONO. Caf\u00e9 perfecto. No en c\u00e1psulas. La m\u00e1quina autom\u00e1tica ofrece una taza perfecta para todos aquellos que aman el caf\u00e9, buscan alta calidad y son conscientes del medio ambiente. La ONO es m\u00e1s que una m\u00e1quina de caf\u00e9: te ofrece momentos de disfrute del caf\u00e9 verdaderamente incomparables. No en c\u00e1psulas Usando caf\u00e9 reci\u00e9n molido, puedes [&hellip;]<\/p>\n","protected":false},"featured_media":6380345,"template":"","meta":{"_acf_changed":false},"product_cat":[11968,11955,11947],"product_tag":[],"class_list":{"0":"post-2311089","1":"product","2":"type-product","3":"status-publish","4":"has-post-thumbnail","6":"product_cat-automatico","7":"product_cat-maquinas-de-cafe","8":"product_cat-pequenos-electrodomesticos","10":"first","11":"instock","12":"sale","13":"taxable","14":"shipping-taxable","15":"purchasable","16":"product-type-simple","swatches":"rey-swatches","show_selected":"","stretch_labels":"rey-swatches--stretch-labels"},"acf":[],"yoast_head":"<!-- This site is optimized with the Yoast SEO plugin v25.4 - https:\/\/yoast.com\/wordpress\/plugins\/seo\/ -->\n<title>JURA M\u00e1quina de caf\u00e9 ONO Coffee Black - dev6 Erresse<\/title>\n<meta name=\"description\" content=\"ONO. Caf\u00e9 perfecto. No en c\u00e1psulas. La m\u00e1quina autom\u00e1tica ofrece una taza perfecta para todos aquellos que aman el caf\u00e9, buscan alta calidad y son\" \/>\n<meta name=\"robots\" content=\"noindex, follow, max-snippet:-1, max-image-preview:large, max-video-preview:-1\" \/>\n<meta property=\"og:locale\" content=\"es_ES\" \/>\n<meta property=\"og:type\" content=\"article\" \/>\n<meta property=\"og:title\" content=\"JURA M\u00e1quina de caf\u00e9 ONO Coffee Black - dev6 Erresse\" \/>\n<meta property=\"og:description\" content=\"ONO. Caf\u00e9 perfecto. No en c\u00e1psulas. La m\u00e1quina autom\u00e1tica ofrece una taza perfecta para todos aquellos que aman el caf\u00e9, buscan alta calidad y son\" \/>\n<meta property=\"og:url\" content=\"https:\/\/dev6.erresse-shop.it\/es\/shop\/pequenos-electrodomesticos\/maquinas-de-cafe\/automatico\/jura-maquina-de-cafe-ono-coffee-black\/\" \/>\n<meta property=\"og:site_name\" content=\"dev6 Erresse\" \/>\n<meta property=\"og:image\" content=\"https:\/\/interpim.erresse-shop.it\/wp-content\/uploads\/2025\/03\/JURA-Macchina-Da-Caffe-ONO-Coffee-Black.jpg\/jura-macchina-da-caffe-ono-coffee-black.jpg\" \/><meta property=\"og:image\" content=\"https:\/\/interpim.erresse-shop.it\/wp-content\/uploads\/2025\/03\/JURA-Macchina-Da-Caffe-ONO-Coffee-Black.jpg\/jura-macchina-da-caffe-ono-coffee-black.jpg\" \/>\n\t<meta property=\"og:image:width\" content=\"1024\" \/>\n\t<meta property=\"og:image:height\" content=\"1024\" \/>\n\t<meta property=\"og:image:type\" content=\"image\/jpeg\" \/>\n<meta name=\"twitter:card\" content=\"summary_large_image\" \/>\n<meta name=\"twitter:image\" content=\"https:\/\/interpim.erresse-shop.it\/wp-content\/uploads\/2025\/03\/JURA-Macchina-Da-Caffe-ONO-Coffee-Black.jpg\/jura-macchina-da-caffe-ono-coffee-black.jpg\" \/>\n<script type=\"application\/ld+json\" class=\"yoast-schema-graph\">{\"@context\":\"https:\/\/schema.org\",\"@graph\":[{\"@type\":\"WebPage\",\"@id\":\"https:\/\/dev6.erresse-shop.it\/es\/shop\/pequenos-electrodomesticos\/maquinas-de-cafe\/automatico\/jura-maquina-de-cafe-ono-coffee-black\/\",\"url\":\"https:\/\/dev6.erresse-shop.it\/es\/shop\/pequenos-electrodomesticos\/maquinas-de-cafe\/automatico\/jura-maquina-de-cafe-ono-coffee-black\/\",\"name\":\"JURA M\u00e1quina de caf\u00e9 ONO Coffee Black - dev6 Erresse\",\"isPartOf\":{\"@id\":\"https:\/\/dev6.erresse-shop.it\/#website\"},\"primaryImageOfPage\":{\"@id\":\"https:\/\/dev6.erresse-shop.it\/es\/shop\/pequenos-electrodomesticos\/maquinas-de-cafe\/automatico\/jura-maquina-de-cafe-ono-coffee-black\/#primaryimage\"},\"image\":{\"@id\":\"https:\/\/dev6.erresse-shop.it\/es\/shop\/pequenos-electrodomesticos\/maquinas-de-cafe\/automatico\/jura-maquina-de-cafe-ono-coffee-black\/#primaryimage\"},\"thumbnailUrl\":\"https:\/\/i1.wp.com\/interpim.erresse-shop.it\/wp-content\/uploads\/2025\/03\/JURA-Macchina-Da-Caffe-ONO-Coffee-Black.jpg\/jura-macchina-da-caffe-ono-coffee-black.jpg?ssl=1\",\"datePublished\":\"2026-04-12T12:20:13+00:00\",\"description\":\"ONO. Caf\u00e9 perfecto. No en c\u00e1psulas. La m\u00e1quina autom\u00e1tica ofrece una taza perfecta para todos aquellos que aman el caf\u00e9, buscan alta calidad y son\",\"breadcrumb\":{\"@id\":\"https:\/\/dev6.erresse-shop.it\/es\/shop\/pequenos-electrodomesticos\/maquinas-de-cafe\/automatico\/jura-maquina-de-cafe-ono-coffee-black\/#breadcrumb\"},\"inLanguage\":\"es\",\"potentialAction\":[{\"@type\":\"ReadAction\",\"target\":[\"https:\/\/dev6.erresse-shop.it\/es\/shop\/pequenos-electrodomesticos\/maquinas-de-cafe\/automatico\/jura-maquina-de-cafe-ono-coffee-black\/\"]}]},{\"@type\":\"ImageObject\",\"inLanguage\":\"es\",\"@id\":\"https:\/\/dev6.erresse-shop.it\/es\/shop\/pequenos-electrodomesticos\/maquinas-de-cafe\/automatico\/jura-maquina-de-cafe-ono-coffee-black\/#primaryimage\",\"url\":\"https:\/\/i1.wp.com\/interpim.erresse-shop.it\/wp-content\/uploads\/2025\/03\/JURA-Macchina-Da-Caffe-ONO-Coffee-Black.jpg\/jura-macchina-da-caffe-ono-coffee-black.jpg?ssl=1\",\"contentUrl\":\"https:\/\/i1.wp.com\/interpim.erresse-shop.it\/wp-content\/uploads\/2025\/03\/JURA-Macchina-Da-Caffe-ONO-Coffee-Black.jpg\/jura-macchina-da-caffe-ono-coffee-black.jpg?ssl=1\"},{\"@type\":\"BreadcrumbList\",\"@id\":\"https:\/\/dev6.erresse-shop.it\/es\/shop\/pequenos-electrodomesticos\/maquinas-de-cafe\/automatico\/jura-maquina-de-cafe-ono-coffee-black\/#breadcrumb\",\"itemListElement\":[{\"@type\":\"ListItem\",\"position\":1,\"name\":\"Home\",\"item\":\"https:\/\/dev6.erresse-shop.it\/\"},{\"@type\":\"ListItem\",\"position\":2,\"name\":\"Tienda\",\"item\":\"https:\/\/dev6.erresse-shop.it\/shop\/\"},{\"@type\":\"ListItem\",\"position\":3,\"name\":\"JURA M\u00e1quina de caf\u00e9 ONO Coffee Black\"}]},{\"@type\":\"WebSite\",\"@id\":\"https:\/\/dev6.erresse-shop.it\/#website\",\"url\":\"https:\/\/dev6.erresse-shop.it\/\",\"name\":\"Erresse Shop\",\"description\":\"\",\"publisher\":{\"@id\":\"https:\/\/dev6.erresse-shop.it\/#organization\"},\"potentialAction\":[{\"@type\":\"SearchAction\",\"target\":{\"@type\":\"EntryPoint\",\"urlTemplate\":\"https:\/\/dev6.erresse-shop.it\/?s={search_term_string}\"},\"query-input\":{\"@type\":\"PropertyValueSpecification\",\"valueRequired\":true,\"valueName\":\"search_term_string\"}}],\"inLanguage\":\"es\"},{\"@type\":\"Organization\",\"@id\":\"https:\/\/dev6.erresse-shop.it\/#organization\",\"name\":\"Erresse Shop\",\"url\":\"https:\/\/dev6.erresse-shop.it\/\",\"logo\":{\"@type\":\"ImageObject\",\"inLanguage\":\"es\",\"@id\":\"https:\/\/dev6.erresse-shop.it\/#\/schema\/logo\/image\/\",\"url\":\"https:\/\/dev6.erresse-shop.it\/wp-content\/uploads\/2025\/01\/LOGO-ERRESSE-CLASSICO.svg\",\"contentUrl\":\"https:\/\/dev6.erresse-shop.it\/wp-content\/uploads\/2025\/01\/LOGO-ERRESSE-CLASSICO.svg\",\"caption\":\"Erresse Shop\"},\"image\":{\"@id\":\"https:\/\/dev6.erresse-shop.it\/#\/schema\/logo\/image\/\"}}]}<\/script>\n<!-- \/ Yoast SEO plugin. -->","yoast_head_json":{"title":"JURA M\u00e1quina de caf\u00e9 ONO Coffee Black - dev6 Erresse","description":"ONO. Caf\u00e9 perfecto. No en c\u00e1psulas. La m\u00e1quina autom\u00e1tica ofrece una taza perfecta para todos aquellos que aman el caf\u00e9, buscan alta calidad y son","robots":{"index":"noindex","follow":"follow","max-snippet":"max-snippet:-1","max-image-preview":"max-image-preview:large","max-video-preview":"max-video-preview:-1"},"og_locale":"es_ES","og_type":"article","og_title":"JURA M\u00e1quina de caf\u00e9 ONO Coffee Black - dev6 Erresse","og_description":"ONO. Caf\u00e9 perfecto. No en c\u00e1psulas. La m\u00e1quina autom\u00e1tica ofrece una taza perfecta para todos aquellos que aman el caf\u00e9, buscan alta calidad y son","og_url":"https:\/\/dev6.erresse-shop.it\/es\/shop\/pequenos-electrodomesticos\/maquinas-de-cafe\/automatico\/jura-maquina-de-cafe-ono-coffee-black\/","og_site_name":"dev6 Erresse","og_image":[{"url":"https:\/\/interpim.erresse-shop.it\/wp-content\/uploads\/2025\/03\/JURA-Macchina-Da-Caffe-ONO-Coffee-Black.jpg\/jura-macchina-da-caffe-ono-coffee-black.jpg","type":"","width":"","height":""},{"url":"https:\/\/interpim.erresse-shop.it\/wp-content\/uploads\/2025\/03\/JURA-Macchina-Da-Caffe-ONO-Coffee-Black.jpg\/jura-macchina-da-caffe-ono-coffee-black.jpg","width":1024,"height":1024,"type":"image\/jpeg"}],"twitter_card":"summary_large_image","twitter_image":"https:\/\/interpim.erresse-shop.it\/wp-content\/uploads\/2025\/03\/JURA-Macchina-Da-Caffe-ONO-Coffee-Black.jpg\/jura-macchina-da-caffe-ono-coffee-black.jpg","schema":{"@context":"https:\/\/schema.org","@graph":[{"@type":"WebPage","@id":"https:\/\/dev6.erresse-shop.it\/es\/shop\/pequenos-electrodomesticos\/maquinas-de-cafe\/automatico\/jura-maquina-de-cafe-ono-coffee-black\/","url":"https:\/\/dev6.erresse-shop.it\/es\/shop\/pequenos-electrodomesticos\/maquinas-de-cafe\/automatico\/jura-maquina-de-cafe-ono-coffee-black\/","name":"JURA M\u00e1quina de caf\u00e9 ONO Coffee Black - dev6 Erresse","isPartOf":{"@id":"https:\/\/dev6.erresse-shop.it\/#website"},"primaryImageOfPage":{"@id":"https:\/\/dev6.erresse-shop.it\/es\/shop\/pequenos-electrodomesticos\/maquinas-de-cafe\/automatico\/jura-maquina-de-cafe-ono-coffee-black\/#primaryimage"},"image":{"@id":"https:\/\/dev6.erresse-shop.it\/es\/shop\/pequenos-electrodomesticos\/maquinas-de-cafe\/automatico\/jura-maquina-de-cafe-ono-coffee-black\/#primaryimage"},"thumbnailUrl":"https:\/\/i1.wp.com\/interpim.erresse-shop.it\/wp-content\/uploads\/2025\/03\/JURA-Macchina-Da-Caffe-ONO-Coffee-Black.jpg\/jura-macchina-da-caffe-ono-coffee-black.jpg?ssl=1","datePublished":"2026-04-12T12:20:13+00:00","description":"ONO. Caf\u00e9 perfecto. No en c\u00e1psulas. La m\u00e1quina autom\u00e1tica ofrece una taza perfecta para todos aquellos que aman el caf\u00e9, buscan alta calidad y son","breadcrumb":{"@id":"https:\/\/dev6.erresse-shop.it\/es\/shop\/pequenos-electrodomesticos\/maquinas-de-cafe\/automatico\/jura-maquina-de-cafe-ono-coffee-black\/#breadcrumb"},"inLanguage":"es","potentialAction":[{"@type":"ReadAction","target":["https:\/\/dev6.erresse-shop.it\/es\/shop\/pequenos-electrodomesticos\/maquinas-de-cafe\/automatico\/jura-maquina-de-cafe-ono-coffee-black\/"]}]},{"@type":"ImageObject","inLanguage":"es","@id":"https:\/\/dev6.erresse-shop.it\/es\/shop\/pequenos-electrodomesticos\/maquinas-de-cafe\/automatico\/jura-maquina-de-cafe-ono-coffee-black\/#primaryimage","url":"https:\/\/i1.wp.com\/interpim.erresse-shop.it\/wp-content\/uploads\/2025\/03\/JURA-Macchina-Da-Caffe-ONO-Coffee-Black.jpg\/jura-macchina-da-caffe-ono-coffee-black.jpg?ssl=1","contentUrl":"https:\/\/i1.wp.com\/interpim.erresse-shop.it\/wp-content\/uploads\/2025\/03\/JURA-Macchina-Da-Caffe-ONO-Coffee-Black.jpg\/jura-macchina-da-caffe-ono-coffee-black.jpg?ssl=1"},{"@type":"BreadcrumbList","@id":"https:\/\/dev6.erresse-shop.it\/es\/shop\/pequenos-electrodomesticos\/maquinas-de-cafe\/automatico\/jura-maquina-de-cafe-ono-coffee-black\/#breadcrumb","itemListElement":[{"@type":"ListItem","position":1,"name":"Home","item":"https:\/\/dev6.erresse-shop.it\/"},{"@type":"ListItem","position":2,"name":"Tienda","item":"https:\/\/dev6.erresse-shop.it\/shop\/"},{"@type":"ListItem","position":3,"name":"JURA M\u00e1quina de caf\u00e9 ONO Coffee Black"}]},{"@type":"WebSite","@id":"https:\/\/dev6.erresse-shop.it\/#website","url":"https:\/\/dev6.erresse-shop.it\/","name":"Erresse Shop","description":"","publisher":{"@id":"https:\/\/dev6.erresse-shop.it\/#organization"},"potentialAction":[{"@type":"SearchAction","target":{"@type":"EntryPoint","urlTemplate":"https:\/\/dev6.erresse-shop.it\/?s={search_term_string}"},"query-input":{"@type":"PropertyValueSpecification","valueRequired":true,"valueName":"search_term_string"}}],"inLanguage":"es"},{"@type":"Organization","@id":"https:\/\/dev6.erresse-shop.it\/#organization","name":"Erresse Shop","url":"https:\/\/dev6.erresse-shop.it\/","logo":{"@type":"ImageObject","inLanguage":"es","@id":"https:\/\/dev6.erresse-shop.it\/#\/schema\/logo\/image\/","url":"https:\/\/dev6.erresse-shop.it\/wp-content\/uploads\/2025\/01\/LOGO-ERRESSE-CLASSICO.svg","contentUrl":"https:\/\/dev6.erresse-shop.it\/wp-content\/uploads\/2025\/01\/LOGO-ERRESSE-CLASSICO.svg","caption":"Erresse Shop"},"image":{"@id":"https:\/\/dev6.erresse-shop.it\/#\/schema\/logo\/image\/"}}]}},"df_price":329,"df_sale_price":329,"df_regular_price":349,"df_image_link":"https:\/\/i1.wp.com\/interpim.erresse-shop.it\/wp-content\/uploads\/2025\/03\/JURA-Macchina-Da-Caffe-ONO-Coffee-Black.jpg\/jura-macchina-da-caffe-ono-coffee-black.jpg?resize=300,300&ssl=1","fifu_image_url":"https:\/\/interpim.erresse-shop.it\/wp-content\/uploads\/2025\/03\/JURA-Macchina-Da-Caffe-ONO-Coffee-Black.jpg\/jura-macchina-da-caffe-ono-coffee-black.jpg","_links":{"self":[{"href":"https:\/\/dev6.erresse-shop.it\/es\/wp-json\/wp\/v2\/product\/2311089","targetHints":{"allow":["GET"]}}],"collection":[{"href":"https:\/\/dev6.erresse-shop.it\/es\/wp-json\/wp\/v2\/product"}],"about":[{"href":"https:\/\/dev6.erresse-shop.it\/es\/wp-json\/wp\/v2\/types\/product"}],"wp:featuredmedia":[{"embeddable":true,"href":"https:\/\/dev6.erresse-shop.it\/es\/wp-json\/wp\/v2\/media\/6380345"}],"wp:attachment":[{"href":"https:\/\/dev6.erresse-shop.it\/es\/wp-json\/wp\/v2\/media?parent=2311089"}],"wp:term":[{"taxonomy":"product_cat","embeddable":true,"href":"https:\/\/dev6.erresse-shop.it\/es\/wp-json\/wp\/v2\/product_cat?post=2311089"},{"taxonomy":"product_tag","embeddable":true,"href":"https:\/\/dev6.erresse-shop.it\/es\/wp-json\/wp\/v2\/product_tag?post=2311089"}],"curies":[{"name":"wp","href":"https:\/\/api.w.org\/{rel}","templated":true}]}}