{"id":2311085,"date":"2026-04-12T14:20:13","date_gmt":"2026-04-12T12:20:13","guid":{"rendered":"https:\/\/dev6.erresse-shop.it\/shop\/sin%20categor\u00eda\/jura-maquina-de-cafe-z10-aluminium-dark-inox\/"},"modified":"2025-11-30T17:57:19","modified_gmt":"2025-11-30T16:57:19","slug":"jura-maquina-de-cafe-z10-aluminium-dark-inox","status":"publish","type":"product","link":"https:\/\/dev6.erresse-shop.it\/es\/shop\/pequenos-electrodomesticos\/maquinas-de-cafe\/automatico\/jura-maquina-de-cafe-z10-aluminium-dark-inox\/","title":{"rendered":"JURA M\u00e1quina de caf\u00e9 Z10 Aluminium Dark Inox"},"content":{"rendered":"<p class>La revolucionaria Z10 con P.R.G. para especialidades de caf\u00e9 calientes y Cold BrewLa nueva Z10, una obra maestra de la ingenier\u00eda suiza, duplica la variedad de especialidades de caf\u00e9. Con solo presionar un bot\u00f3n, prepara toda la gama de bebidas calientes, desde un espresso intenso hasta un flat white de moda, mientras que las especialidades Cold Brew abren una nueva dimensi\u00f3n del placer del caf\u00e9, permitiendo acceder a todo un universo paralelo. Esto es posible gracias al Product Recognising Grinder (P.R.G.), que detecta la especialidad seleccionada y ajusta autom\u00e1ticamente la finura de la molienda en pocos segundos.<\/p>\n<p class>El nuevo Product Recognising Grinder (P.R.G.)Para garantizar una molienda \u00f3ptima para cada especialidad, los ingenieros de JURA han desarrollado el Product Recognising Grinder (P.R.G.). Este molinillo de precisi\u00f3n ajusta electr\u00f3nicamente el grado de molienda en fracciones de segundo, mucho m\u00e1s r\u00e1pido y frecuentemente que un ajuste manual. El rango de molienda var\u00eda de muy fina para bebidas cortas a muy gruesa para especialidades largas. Los amantes del caf\u00e9 no tienen que preocuparse: el ajuste se realiza autom\u00e1ticamente durante la preparaci\u00f3n y a\u00fan puede configurarse individualmente antes de la preparaci\u00f3n.<\/p>\n<p class>Cold Brew \u2013 frescura extremaGracias al Cold Extraction Process, la Z10 prepara aut\u00e9nticas especialidades Cold Brew. Mientras que muchas bebidas fr\u00edas a base de caf\u00e9 se preparan con caf\u00e9 caliente y luego se enfr\u00edan, la Z10 realiza la extracci\u00f3n con agua fr\u00eda a alta presi\u00f3n, mediante un proceso pulsante y utilizando caf\u00e9 molido m\u00e1s grueso. El resultado es una bebida refrescante, natural y energizante, donde los aromas afrutados del caf\u00e9 se desarrollan plenamente sin la influencia negativa de las sustancias amargas. No es simplemente caf\u00e9 fr\u00edo.<\/p>\n<p class>Grupo de extracci\u00f3n de 8\u00aa generaci\u00f3nEl grupo de extracci\u00f3n es el coraz\u00f3n de cada m\u00e1quina autom\u00e1tica. Para la Z10, JURA ha desarrollado el grupo de extracci\u00f3n de 8\u00aa generaci\u00f3n. Con su tecnolog\u00eda de extracci\u00f3n 3D \u00fanica, asegura un flujo uniforme de agua a trav\u00e9s del caf\u00e9 molido en varios niveles, para una extracci\u00f3n \u00f3ptima del aroma \u2013 tanto para especialidades calientes como Cold Brew.<\/p>\n<p class>Lujo en su m\u00e1xima expresi\u00f3nLos paneles frontales y superiores de la Signature Line de JURA est\u00e1n hechos de aluminio macizo de 3 mm de grosor. Una serie de complejos pasos de procesamiento le da al material el \u201crostro\u201d caracter\u00edstico de la l\u00ednea Z. El proceso electroqu\u00edmico de anodizaci\u00f3n embellece la superficie, y el color resalta tanto el car\u00e1cter t\u00edpico del material como el dise\u00f1o refinado. El soporte de tazas macizo de zinc cromado completa la apariencia \u00fanica e inconfundible de la Z10 Signature Line.<\/p>\n<p class>La m\u00e1quina JURA ofrece 40 especialidades de caf\u00e9, incluyendo Espresso, Cold Brew, Cappuccino, Latte Macchiato y muchas otras variaciones con opciones extra shot o dulces.<\/p>\n<p class>Caracter\u00edsticas principales:<\/p>\n<p class>Cold Extraction Process y Sweet Foam Function para una espuma de leche dulce.<\/p>\n<p class>Automatic Grinder Adjustment (A.G.A.) para una molienda \u00f3ptima.<\/p>\n<p class>Wi-Fi Connect para conexi\u00f3n a la red dom\u00e9stica.<\/p>\n<p class>Panel frontal de aluminio de 3 mm de grosor e iluminaci\u00f3n de bandejas para tazas.<\/p>\n<p class>Pantalla t\u00e1ctil de 4.3\u2033 para un control intuitivo.<\/p>\n<p class>Limpieza autom\u00e1tica del sistema de leche One-Touch.<\/p>\n<p class>Especificaciones t\u00e9cnicas:<\/p>\n<p class>Capacidad del dep\u00f3sito de agua: 2.4 l<\/p>\n<p class>Capacidad del recipiente de caf\u00e9: 280 g<\/p>\n<p class>Contenedor de posos de caf\u00e9: 20 porciones<\/p>\n<p class>Dimensiones: 32 \u00d7 36,3 \u00d7 47 cm<\/p>\n<p class>Peso: 13 kg<\/p>\n<p class>Potencia: 1450 W<\/p>\n<p class>Fabricado en Suiza<\/p>\n","protected":false},"excerpt":{"rendered":"<p>La revolucionaria Z10 con P.R.G. para especialidades de caf\u00e9 calientes y Cold BrewLa nueva Z10, una obra maestra de la ingenier\u00eda suiza, duplica la variedad de especialidades de caf\u00e9. Con solo presionar un bot\u00f3n, prepara toda la gama de bebidas calientes, desde un espresso intenso hasta un flat white de moda, mientras que las especialidades [&hellip;]<\/p>\n","protected":false},"featured_media":6380320,"template":"","meta":{"_acf_changed":false},"product_cat":[11968,11955,11947],"product_tag":[],"class_list":{"0":"post-2311085","1":"product","2":"type-product","3":"status-publish","4":"has-post-thumbnail","6":"product_cat-automatico","7":"product_cat-maquinas-de-cafe","8":"product_cat-pequenos-electrodomesticos","10":"first","11":"instock","12":"sale","13":"taxable","14":"shipping-taxable","15":"purchasable","16":"product-type-simple","swatches":"rey-swatches","show_selected":"","stretch_labels":"rey-swatches--stretch-labels"},"acf":[],"yoast_head":"<!-- This site is optimized with the Yoast SEO plugin v25.4 - https:\/\/yoast.com\/wordpress\/plugins\/seo\/ -->\n<title>JURA M\u00e1quina de caf\u00e9 Z10 Aluminium Dark Inox - dev6 Erresse<\/title>\n<meta name=\"description\" content=\"La revolucionaria Z10 con P.R.G. para especialidades de caf\u00e9 calientes y Cold BrewLa nueva Z10, una obra maestra de la ingenier\u00eda suiza, duplica la\" \/>\n<meta name=\"robots\" content=\"noindex, follow, max-snippet:-1, max-image-preview:large, max-video-preview:-1\" \/>\n<meta property=\"og:locale\" content=\"es_ES\" \/>\n<meta property=\"og:type\" content=\"article\" \/>\n<meta property=\"og:title\" content=\"JURA M\u00e1quina de caf\u00e9 Z10 Aluminium Dark Inox - dev6 Erresse\" \/>\n<meta property=\"og:description\" content=\"La revolucionaria Z10 con P.R.G. para especialidades de caf\u00e9 calientes y Cold BrewLa nueva Z10, una obra maestra de la ingenier\u00eda suiza, duplica la\" \/>\n<meta property=\"og:url\" content=\"https:\/\/dev6.erresse-shop.it\/es\/shop\/pequenos-electrodomesticos\/maquinas-de-cafe\/automatico\/jura-maquina-de-cafe-z10-aluminium-dark-inox\/\" \/>\n<meta property=\"og:site_name\" content=\"dev6 Erresse\" \/>\n<meta property=\"og:image\" content=\"https:\/\/interpim.erresse-shop.it\/wp-content\/uploads\/2025\/03\/JURA-Macchina-Da-Caffe-Z10-Aluminium-Dark-Inox.jpg\/jura-macchina-da-caffe-z10-aluminium-dark-inox.jpg\" \/><meta property=\"og:image\" content=\"https:\/\/interpim.erresse-shop.it\/wp-content\/uploads\/2025\/03\/JURA-Macchina-Da-Caffe-Z10-Aluminium-Dark-Inox.jpg\/jura-macchina-da-caffe-z10-aluminium-dark-inox.jpg\" \/>\n\t<meta property=\"og:image:width\" content=\"1024\" \/>\n\t<meta property=\"og:image:height\" content=\"1024\" \/>\n\t<meta property=\"og:image:type\" content=\"image\/jpeg\" \/>\n<meta name=\"twitter:card\" content=\"summary_large_image\" \/>\n<meta name=\"twitter:image\" content=\"https:\/\/interpim.erresse-shop.it\/wp-content\/uploads\/2025\/03\/JURA-Macchina-Da-Caffe-Z10-Aluminium-Dark-Inox.jpg\/jura-macchina-da-caffe-z10-aluminium-dark-inox.jpg\" \/>\n<script type=\"application\/ld+json\" class=\"yoast-schema-graph\">{\"@context\":\"https:\/\/schema.org\",\"@graph\":[{\"@type\":\"WebPage\",\"@id\":\"https:\/\/dev6.erresse-shop.it\/es\/shop\/pequenos-electrodomesticos\/maquinas-de-cafe\/automatico\/jura-maquina-de-cafe-z10-aluminium-dark-inox\/\",\"url\":\"https:\/\/dev6.erresse-shop.it\/es\/shop\/pequenos-electrodomesticos\/maquinas-de-cafe\/automatico\/jura-maquina-de-cafe-z10-aluminium-dark-inox\/\",\"name\":\"JURA M\u00e1quina de caf\u00e9 Z10 Aluminium Dark Inox - dev6 Erresse\",\"isPartOf\":{\"@id\":\"https:\/\/dev6.erresse-shop.it\/#website\"},\"primaryImageOfPage\":{\"@id\":\"https:\/\/dev6.erresse-shop.it\/es\/shop\/pequenos-electrodomesticos\/maquinas-de-cafe\/automatico\/jura-maquina-de-cafe-z10-aluminium-dark-inox\/#primaryimage\"},\"image\":{\"@id\":\"https:\/\/dev6.erresse-shop.it\/es\/shop\/pequenos-electrodomesticos\/maquinas-de-cafe\/automatico\/jura-maquina-de-cafe-z10-aluminium-dark-inox\/#primaryimage\"},\"thumbnailUrl\":\"https:\/\/i1.wp.com\/interpim.erresse-shop.it\/wp-content\/uploads\/2025\/03\/JURA-Macchina-Da-Caffe-Z10-Aluminium-Dark-Inox.jpg\/jura-macchina-da-caffe-z10-aluminium-dark-inox.jpg?ssl=1\",\"datePublished\":\"2026-04-12T12:20:13+00:00\",\"description\":\"La revolucionaria Z10 con P.R.G. para especialidades de caf\u00e9 calientes y Cold BrewLa nueva Z10, una obra maestra de la ingenier\u00eda suiza, duplica la\",\"breadcrumb\":{\"@id\":\"https:\/\/dev6.erresse-shop.it\/es\/shop\/pequenos-electrodomesticos\/maquinas-de-cafe\/automatico\/jura-maquina-de-cafe-z10-aluminium-dark-inox\/#breadcrumb\"},\"inLanguage\":\"es\",\"potentialAction\":[{\"@type\":\"ReadAction\",\"target\":[\"https:\/\/dev6.erresse-shop.it\/es\/shop\/pequenos-electrodomesticos\/maquinas-de-cafe\/automatico\/jura-maquina-de-cafe-z10-aluminium-dark-inox\/\"]}]},{\"@type\":\"ImageObject\",\"inLanguage\":\"es\",\"@id\":\"https:\/\/dev6.erresse-shop.it\/es\/shop\/pequenos-electrodomesticos\/maquinas-de-cafe\/automatico\/jura-maquina-de-cafe-z10-aluminium-dark-inox\/#primaryimage\",\"url\":\"https:\/\/i1.wp.com\/interpim.erresse-shop.it\/wp-content\/uploads\/2025\/03\/JURA-Macchina-Da-Caffe-Z10-Aluminium-Dark-Inox.jpg\/jura-macchina-da-caffe-z10-aluminium-dark-inox.jpg?ssl=1\",\"contentUrl\":\"https:\/\/i1.wp.com\/interpim.erresse-shop.it\/wp-content\/uploads\/2025\/03\/JURA-Macchina-Da-Caffe-Z10-Aluminium-Dark-Inox.jpg\/jura-macchina-da-caffe-z10-aluminium-dark-inox.jpg?ssl=1\"},{\"@type\":\"BreadcrumbList\",\"@id\":\"https:\/\/dev6.erresse-shop.it\/es\/shop\/pequenos-electrodomesticos\/maquinas-de-cafe\/automatico\/jura-maquina-de-cafe-z10-aluminium-dark-inox\/#breadcrumb\",\"itemListElement\":[{\"@type\":\"ListItem\",\"position\":1,\"name\":\"Home\",\"item\":\"https:\/\/dev6.erresse-shop.it\/\"},{\"@type\":\"ListItem\",\"position\":2,\"name\":\"Tienda\",\"item\":\"https:\/\/dev6.erresse-shop.it\/shop\/\"},{\"@type\":\"ListItem\",\"position\":3,\"name\":\"JURA M\u00e1quina de caf\u00e9 Z10 Aluminium Dark Inox\"}]},{\"@type\":\"WebSite\",\"@id\":\"https:\/\/dev6.erresse-shop.it\/#website\",\"url\":\"https:\/\/dev6.erresse-shop.it\/\",\"name\":\"Erresse Shop\",\"description\":\"\",\"publisher\":{\"@id\":\"https:\/\/dev6.erresse-shop.it\/#organization\"},\"potentialAction\":[{\"@type\":\"SearchAction\",\"target\":{\"@type\":\"EntryPoint\",\"urlTemplate\":\"https:\/\/dev6.erresse-shop.it\/?s={search_term_string}\"},\"query-input\":{\"@type\":\"PropertyValueSpecification\",\"valueRequired\":true,\"valueName\":\"search_term_string\"}}],\"inLanguage\":\"es\"},{\"@type\":\"Organization\",\"@id\":\"https:\/\/dev6.erresse-shop.it\/#organization\",\"name\":\"Erresse Shop\",\"url\":\"https:\/\/dev6.erresse-shop.it\/\",\"logo\":{\"@type\":\"ImageObject\",\"inLanguage\":\"es\",\"@id\":\"https:\/\/dev6.erresse-shop.it\/#\/schema\/logo\/image\/\",\"url\":\"https:\/\/dev6.erresse-shop.it\/wp-content\/uploads\/2025\/01\/LOGO-ERRESSE-CLASSICO.svg\",\"contentUrl\":\"https:\/\/dev6.erresse-shop.it\/wp-content\/uploads\/2025\/01\/LOGO-ERRESSE-CLASSICO.svg\",\"caption\":\"Erresse Shop\"},\"image\":{\"@id\":\"https:\/\/dev6.erresse-shop.it\/#\/schema\/logo\/image\/\"}}]}<\/script>\n<!-- \/ Yoast SEO plugin. -->","yoast_head_json":{"title":"JURA M\u00e1quina de caf\u00e9 Z10 Aluminium Dark Inox - dev6 Erresse","description":"La revolucionaria Z10 con P.R.G. para especialidades de caf\u00e9 calientes y Cold BrewLa nueva Z10, una obra maestra de la ingenier\u00eda suiza, duplica la","robots":{"index":"noindex","follow":"follow","max-snippet":"max-snippet:-1","max-image-preview":"max-image-preview:large","max-video-preview":"max-video-preview:-1"},"og_locale":"es_ES","og_type":"article","og_title":"JURA M\u00e1quina de caf\u00e9 Z10 Aluminium Dark Inox - dev6 Erresse","og_description":"La revolucionaria Z10 con P.R.G. para especialidades de caf\u00e9 calientes y Cold BrewLa nueva Z10, una obra maestra de la ingenier\u00eda suiza, duplica la","og_url":"https:\/\/dev6.erresse-shop.it\/es\/shop\/pequenos-electrodomesticos\/maquinas-de-cafe\/automatico\/jura-maquina-de-cafe-z10-aluminium-dark-inox\/","og_site_name":"dev6 Erresse","og_image":[{"url":"https:\/\/interpim.erresse-shop.it\/wp-content\/uploads\/2025\/03\/JURA-Macchina-Da-Caffe-Z10-Aluminium-Dark-Inox.jpg\/jura-macchina-da-caffe-z10-aluminium-dark-inox.jpg","type":"","width":"","height":""},{"url":"https:\/\/interpim.erresse-shop.it\/wp-content\/uploads\/2025\/03\/JURA-Macchina-Da-Caffe-Z10-Aluminium-Dark-Inox.jpg\/jura-macchina-da-caffe-z10-aluminium-dark-inox.jpg","width":1024,"height":1024,"type":"image\/jpeg"}],"twitter_card":"summary_large_image","twitter_image":"https:\/\/interpim.erresse-shop.it\/wp-content\/uploads\/2025\/03\/JURA-Macchina-Da-Caffe-Z10-Aluminium-Dark-Inox.jpg\/jura-macchina-da-caffe-z10-aluminium-dark-inox.jpg","schema":{"@context":"https:\/\/schema.org","@graph":[{"@type":"WebPage","@id":"https:\/\/dev6.erresse-shop.it\/es\/shop\/pequenos-electrodomesticos\/maquinas-de-cafe\/automatico\/jura-maquina-de-cafe-z10-aluminium-dark-inox\/","url":"https:\/\/dev6.erresse-shop.it\/es\/shop\/pequenos-electrodomesticos\/maquinas-de-cafe\/automatico\/jura-maquina-de-cafe-z10-aluminium-dark-inox\/","name":"JURA M\u00e1quina de caf\u00e9 Z10 Aluminium Dark Inox - dev6 Erresse","isPartOf":{"@id":"https:\/\/dev6.erresse-shop.it\/#website"},"primaryImageOfPage":{"@id":"https:\/\/dev6.erresse-shop.it\/es\/shop\/pequenos-electrodomesticos\/maquinas-de-cafe\/automatico\/jura-maquina-de-cafe-z10-aluminium-dark-inox\/#primaryimage"},"image":{"@id":"https:\/\/dev6.erresse-shop.it\/es\/shop\/pequenos-electrodomesticos\/maquinas-de-cafe\/automatico\/jura-maquina-de-cafe-z10-aluminium-dark-inox\/#primaryimage"},"thumbnailUrl":"https:\/\/i1.wp.com\/interpim.erresse-shop.it\/wp-content\/uploads\/2025\/03\/JURA-Macchina-Da-Caffe-Z10-Aluminium-Dark-Inox.jpg\/jura-macchina-da-caffe-z10-aluminium-dark-inox.jpg?ssl=1","datePublished":"2026-04-12T12:20:13+00:00","description":"La revolucionaria Z10 con P.R.G. para especialidades de caf\u00e9 calientes y Cold BrewLa nueva Z10, una obra maestra de la ingenier\u00eda suiza, duplica la","breadcrumb":{"@id":"https:\/\/dev6.erresse-shop.it\/es\/shop\/pequenos-electrodomesticos\/maquinas-de-cafe\/automatico\/jura-maquina-de-cafe-z10-aluminium-dark-inox\/#breadcrumb"},"inLanguage":"es","potentialAction":[{"@type":"ReadAction","target":["https:\/\/dev6.erresse-shop.it\/es\/shop\/pequenos-electrodomesticos\/maquinas-de-cafe\/automatico\/jura-maquina-de-cafe-z10-aluminium-dark-inox\/"]}]},{"@type":"ImageObject","inLanguage":"es","@id":"https:\/\/dev6.erresse-shop.it\/es\/shop\/pequenos-electrodomesticos\/maquinas-de-cafe\/automatico\/jura-maquina-de-cafe-z10-aluminium-dark-inox\/#primaryimage","url":"https:\/\/i1.wp.com\/interpim.erresse-shop.it\/wp-content\/uploads\/2025\/03\/JURA-Macchina-Da-Caffe-Z10-Aluminium-Dark-Inox.jpg\/jura-macchina-da-caffe-z10-aluminium-dark-inox.jpg?ssl=1","contentUrl":"https:\/\/i1.wp.com\/interpim.erresse-shop.it\/wp-content\/uploads\/2025\/03\/JURA-Macchina-Da-Caffe-Z10-Aluminium-Dark-Inox.jpg\/jura-macchina-da-caffe-z10-aluminium-dark-inox.jpg?ssl=1"},{"@type":"BreadcrumbList","@id":"https:\/\/dev6.erresse-shop.it\/es\/shop\/pequenos-electrodomesticos\/maquinas-de-cafe\/automatico\/jura-maquina-de-cafe-z10-aluminium-dark-inox\/#breadcrumb","itemListElement":[{"@type":"ListItem","position":1,"name":"Home","item":"https:\/\/dev6.erresse-shop.it\/"},{"@type":"ListItem","position":2,"name":"Tienda","item":"https:\/\/dev6.erresse-shop.it\/shop\/"},{"@type":"ListItem","position":3,"name":"JURA M\u00e1quina de caf\u00e9 Z10 Aluminium Dark Inox"}]},{"@type":"WebSite","@id":"https:\/\/dev6.erresse-shop.it\/#website","url":"https:\/\/dev6.erresse-shop.it\/","name":"Erresse Shop","description":"","publisher":{"@id":"https:\/\/dev6.erresse-shop.it\/#organization"},"potentialAction":[{"@type":"SearchAction","target":{"@type":"EntryPoint","urlTemplate":"https:\/\/dev6.erresse-shop.it\/?s={search_term_string}"},"query-input":{"@type":"PropertyValueSpecification","valueRequired":true,"valueName":"search_term_string"}}],"inLanguage":"es"},{"@type":"Organization","@id":"https:\/\/dev6.erresse-shop.it\/#organization","name":"Erresse Shop","url":"https:\/\/dev6.erresse-shop.it\/","logo":{"@type":"ImageObject","inLanguage":"es","@id":"https:\/\/dev6.erresse-shop.it\/#\/schema\/logo\/image\/","url":"https:\/\/dev6.erresse-shop.it\/wp-content\/uploads\/2025\/01\/LOGO-ERRESSE-CLASSICO.svg","contentUrl":"https:\/\/dev6.erresse-shop.it\/wp-content\/uploads\/2025\/01\/LOGO-ERRESSE-CLASSICO.svg","caption":"Erresse Shop"},"image":{"@id":"https:\/\/dev6.erresse-shop.it\/#\/schema\/logo\/image\/"}}]}},"df_price":2499,"df_sale_price":2499,"df_regular_price":2899,"df_image_link":"https:\/\/i1.wp.com\/interpim.erresse-shop.it\/wp-content\/uploads\/2025\/03\/JURA-Macchina-Da-Caffe-Z10-Aluminium-Dark-Inox.jpg\/jura-macchina-da-caffe-z10-aluminium-dark-inox.jpg?resize=300,300&ssl=1","fifu_image_url":"https:\/\/interpim.erresse-shop.it\/wp-content\/uploads\/2025\/03\/JURA-Macchina-Da-Caffe-Z10-Aluminium-Dark-Inox.jpg\/jura-macchina-da-caffe-z10-aluminium-dark-inox.jpg","_links":{"self":[{"href":"https:\/\/dev6.erresse-shop.it\/es\/wp-json\/wp\/v2\/product\/2311085","targetHints":{"allow":["GET"]}}],"collection":[{"href":"https:\/\/dev6.erresse-shop.it\/es\/wp-json\/wp\/v2\/product"}],"about":[{"href":"https:\/\/dev6.erresse-shop.it\/es\/wp-json\/wp\/v2\/types\/product"}],"wp:featuredmedia":[{"embeddable":true,"href":"https:\/\/dev6.erresse-shop.it\/es\/wp-json\/wp\/v2\/media\/6380320"}],"wp:attachment":[{"href":"https:\/\/dev6.erresse-shop.it\/es\/wp-json\/wp\/v2\/media?parent=2311085"}],"wp:term":[{"taxonomy":"product_cat","embeddable":true,"href":"https:\/\/dev6.erresse-shop.it\/es\/wp-json\/wp\/v2\/product_cat?post=2311085"},{"taxonomy":"product_tag","embeddable":true,"href":"https:\/\/dev6.erresse-shop.it\/es\/wp-json\/wp\/v2\/product_tag?post=2311085"}],"curies":[{"name":"wp","href":"https:\/\/api.w.org\/{rel}","templated":true}]}}