{"id":2311081,"date":"2026-04-12T14:20:13","date_gmt":"2026-04-12T12:20:13","guid":{"rendered":"https:\/\/dev6.erresse-shop.it\/shop\/sin%20categor\u00eda\/zwilling-enfinigy-tostadora-de-4-rebanadas-con-calentador-de-pan-plateado\/"},"modified":"2025-07-05T02:27:15","modified_gmt":"2025-07-05T00:27:15","slug":"zwilling-enfinigy-tostadora-de-4-rebanadas-con-calentador-de-pan-plateado","status":"publish","type":"product","link":"https:\/\/dev6.erresse-shop.it\/es\/shop\/pequenos-electrodomesticos\/tostadoras\/zwilling-enfinigy-tostadora-de-4-rebanadas-con-calentador-de-pan-plateado\/","title":{"rendered":"ZWILLING Enfinigy Tostadora de 4 rebanadas con calentador de pan plateado"},"content":{"rendered":"<p class>Una tostadora para satisfacer tu antojo de tostadas. La tostadora ZWILLING con ranuras largas para cuatro rebanadas de pan est\u00e1ndar o dos rebanadas largas tiene un dise\u00f1o moderno y garantiza una tostada uniforme del pan, incluso despu\u00e9s de varios ciclos de tostado. Ajusta autom\u00e1ticamente la duraci\u00f3n del tostado para conseguir el dorado deseado. Los cuatro elementos calefactores separados de la tostadora de 1800 vatios doran uniformemente ambos lados de cada rebanada de pan. Adem\u00e1s, cada tostada tiene un exterior crujiente con un interior suave: una aut\u00e9ntica tostada ZWILLING. Una vez listo, el pan no salta fuera de la tostadora, sino que se eleva suavemente. La funci\u00f3n soft-lift asegura un suave deslizamiento hacia arriba de las tostadas est\u00e1ndar o largas y los bagels. Adem\u00e1s, la funci\u00f3n extra-lift facilita la retirada de las rebanadas m\u00e1s peque\u00f1as de la tostadora. Nunca m\u00e1s quemar\u00e1s tostadas: esta tostadora se apaga autom\u00e1ticamente cuando se alcanza el tiempo de tostado preestablecido. Incluso con las configuraciones m\u00e1s altas, nunca obtendr\u00e1s tostadas quemadas. El bot\u00f3n de paro te permite interrumpir el tostado en cualquier momento. Las migas caen en la bandeja de recogida f\u00e1cil de retirar. Siete configuraciones de tostado y tres programas autom\u00e1ticos ofrecen una gran flexibilidad para satisfacer siempre tu antojo de tostadas. La funci\u00f3n de recalentamiento te permite calentar una tostada fr\u00eda. La funci\u00f3n de descongelaci\u00f3n te permite tostar pan sacado directamente del congelador. La funci\u00f3n bagel con centrado de rebanadas ofrece resultados ideales de tostado de bagels: crujiente por fuera, tostado por dentro. Con el soporte extra\u00edble, puedes calentar o tostar dos panes adicionales. Adem\u00e1s, este accesorio tiene rejillas sim\u00e9tricas que lo hacen ideal para servir tus tostadas.<\/p>\n<p class>Tostadora con ranuras largas para cuatro rebanadas est\u00e1ndar o dos rebanadas largas de pan<\/p>\n<p class>Ajusta autom\u00e1ticamente la duraci\u00f3n del tostado para un dorado uniforme \u2013 incluso despu\u00e9s de varios ciclos de tostado<\/p>\n<p class>Tres funciones: descongelaci\u00f3n, recalentamiento, bagel<\/p>\n<p class>Soft-lift para f\u00e1cil retirada del pan<\/p>\n<p class>Funci\u00f3n de seguridad con apagado autom\u00e1tico previene tostadas quemadas<\/p>\n<p class>Bandeja de migas extra\u00edble<\/p>\n<p class>Cuatro unidades calefactoras separadas para un dorado uniforme<\/p>\n<p class>Caracter\u00edsticas:<\/p>\n<p>Material: Acero inoxidable<br \/>\nVoltaje: 220-240 V<br \/>\nFrecuencia: 50\/60 Hz<br \/>\nRewind del cable integrado: S\u00ed<br \/>\nPotencia: 1.800 W<br \/>\nProtecci\u00f3n contra sobrecalentamiento: S\u00ed<\/p>\n<p class>Dimensiones:<\/p>\n<p class>Peso neto: 2,80 kg<\/p>\n<p class>Longitud del producto: 40,70 cm<\/p>\n<p class>Ancho del producto: 16,80 cm<\/p>\n<p class>Altura del producto: 20,60 cm<\/p>\n<p class>No se vende fuera de Europa.<\/p>\n","protected":false},"excerpt":{"rendered":"<p>Una tostadora para satisfacer tu antojo de tostadas. La tostadora ZWILLING con ranuras largas para cuatro rebanadas de pan est\u00e1ndar o dos rebanadas largas tiene un dise\u00f1o moderno y garantiza una tostada uniforme del pan, incluso despu\u00e9s de varios ciclos de tostado. Ajusta autom\u00e1ticamente la duraci\u00f3n del tostado para conseguir el dorado deseado. Los cuatro [&hellip;]<\/p>\n","protected":false},"featured_media":6380294,"template":"","meta":{"_acf_changed":false},"product_cat":[11947,11960],"product_tag":[],"class_list":{"0":"post-2311081","1":"product","2":"type-product","3":"status-publish","4":"has-post-thumbnail","6":"product_cat-pequenos-electrodomesticos","7":"product_cat-tostadoras","9":"first","10":"instock","11":"taxable","12":"shipping-taxable","13":"product-type-simple","swatches":"rey-swatches","show_selected":"","stretch_labels":"rey-swatches--stretch-labels"},"acf":[],"yoast_head":"<!-- This site is optimized with the Yoast SEO plugin v25.4 - https:\/\/yoast.com\/wordpress\/plugins\/seo\/ -->\n<title>ZWILLING Enfinigy Tostadora de 4 rebanadas con calentador de pan plateado - dev6 Erresse<\/title>\n<meta name=\"description\" content=\"Una tostadora para satisfacer tu antojo de tostadas. La tostadora ZWILLING con ranuras largas para cuatro rebanadas de pan est\u00e1ndar o dos rebanadas largas\" \/>\n<meta name=\"robots\" content=\"noindex, follow, max-snippet:-1, max-image-preview:large, max-video-preview:-1\" \/>\n<meta property=\"og:locale\" content=\"es_ES\" \/>\n<meta property=\"og:type\" content=\"article\" \/>\n<meta property=\"og:title\" content=\"ZWILLING Enfinigy Tostadora de 4 rebanadas con calentador de pan plateado - dev6 Erresse\" \/>\n<meta property=\"og:description\" content=\"Una tostadora para satisfacer tu antojo de tostadas. La tostadora ZWILLING con ranuras largas para cuatro rebanadas de pan est\u00e1ndar o dos rebanadas largas\" \/>\n<meta property=\"og:url\" content=\"https:\/\/dev6.erresse-shop.it\/es\/shop\/pequenos-electrodomesticos\/tostadoras\/zwilling-enfinigy-tostadora-de-4-rebanadas-con-calentador-de-pan-plateado\/\" \/>\n<meta property=\"og:site_name\" content=\"dev6 Erresse\" \/>\n<meta property=\"og:image\" content=\"https:\/\/interpim.erresse-shop.it\/wp-content\/uploads\/2025\/03\/ZWILLING-Enfinigy-Tostapane-4-Fette-con-Scaldapanini-Argento.jpg\/zwilling-enfinigy-tostapane-4-fette-con-scaldapanini-argento.jpg\" \/><meta property=\"og:image\" content=\"https:\/\/interpim.erresse-shop.it\/wp-content\/uploads\/2025\/03\/ZWILLING-Enfinigy-Tostapane-4-Fette-con-Scaldapanini-Argento.jpg\/zwilling-enfinigy-tostapane-4-fette-con-scaldapanini-argento.jpg\" \/>\n\t<meta property=\"og:image:width\" content=\"1024\" \/>\n\t<meta property=\"og:image:height\" content=\"1024\" \/>\n\t<meta property=\"og:image:type\" content=\"image\/jpeg\" \/>\n<meta name=\"twitter:card\" content=\"summary_large_image\" \/>\n<meta name=\"twitter:image\" content=\"https:\/\/interpim.erresse-shop.it\/wp-content\/uploads\/2025\/03\/ZWILLING-Enfinigy-Tostapane-4-Fette-con-Scaldapanini-Argento.jpg\/zwilling-enfinigy-tostapane-4-fette-con-scaldapanini-argento.jpg\" \/>\n<script type=\"application\/ld+json\" class=\"yoast-schema-graph\">{\"@context\":\"https:\/\/schema.org\",\"@graph\":[{\"@type\":\"WebPage\",\"@id\":\"https:\/\/dev6.erresse-shop.it\/es\/shop\/pequenos-electrodomesticos\/tostadoras\/zwilling-enfinigy-tostadora-de-4-rebanadas-con-calentador-de-pan-plateado\/\",\"url\":\"https:\/\/dev6.erresse-shop.it\/es\/shop\/pequenos-electrodomesticos\/tostadoras\/zwilling-enfinigy-tostadora-de-4-rebanadas-con-calentador-de-pan-plateado\/\",\"name\":\"ZWILLING Enfinigy Tostadora de 4 rebanadas con calentador de pan plateado - dev6 Erresse\",\"isPartOf\":{\"@id\":\"https:\/\/dev6.erresse-shop.it\/#website\"},\"primaryImageOfPage\":{\"@id\":\"https:\/\/dev6.erresse-shop.it\/es\/shop\/pequenos-electrodomesticos\/tostadoras\/zwilling-enfinigy-tostadora-de-4-rebanadas-con-calentador-de-pan-plateado\/#primaryimage\"},\"image\":{\"@id\":\"https:\/\/dev6.erresse-shop.it\/es\/shop\/pequenos-electrodomesticos\/tostadoras\/zwilling-enfinigy-tostadora-de-4-rebanadas-con-calentador-de-pan-plateado\/#primaryimage\"},\"thumbnailUrl\":\"https:\/\/i0.wp.com\/interpim.erresse-shop.it\/wp-content\/uploads\/2025\/03\/ZWILLING-Enfinigy-Tostapane-4-Fette-con-Scaldapanini-Argento.jpg\/zwilling-enfinigy-tostapane-4-fette-con-scaldapanini-argento.jpg?ssl=1\",\"datePublished\":\"2026-04-12T12:20:13+00:00\",\"description\":\"Una tostadora para satisfacer tu antojo de tostadas. La tostadora ZWILLING con ranuras largas para cuatro rebanadas de pan est\u00e1ndar o dos rebanadas largas\",\"breadcrumb\":{\"@id\":\"https:\/\/dev6.erresse-shop.it\/es\/shop\/pequenos-electrodomesticos\/tostadoras\/zwilling-enfinigy-tostadora-de-4-rebanadas-con-calentador-de-pan-plateado\/#breadcrumb\"},\"inLanguage\":\"es\",\"potentialAction\":[{\"@type\":\"ReadAction\",\"target\":[\"https:\/\/dev6.erresse-shop.it\/es\/shop\/pequenos-electrodomesticos\/tostadoras\/zwilling-enfinigy-tostadora-de-4-rebanadas-con-calentador-de-pan-plateado\/\"]}]},{\"@type\":\"ImageObject\",\"inLanguage\":\"es\",\"@id\":\"https:\/\/dev6.erresse-shop.it\/es\/shop\/pequenos-electrodomesticos\/tostadoras\/zwilling-enfinigy-tostadora-de-4-rebanadas-con-calentador-de-pan-plateado\/#primaryimage\",\"url\":\"https:\/\/i0.wp.com\/interpim.erresse-shop.it\/wp-content\/uploads\/2025\/03\/ZWILLING-Enfinigy-Tostapane-4-Fette-con-Scaldapanini-Argento.jpg\/zwilling-enfinigy-tostapane-4-fette-con-scaldapanini-argento.jpg?ssl=1\",\"contentUrl\":\"https:\/\/i0.wp.com\/interpim.erresse-shop.it\/wp-content\/uploads\/2025\/03\/ZWILLING-Enfinigy-Tostapane-4-Fette-con-Scaldapanini-Argento.jpg\/zwilling-enfinigy-tostapane-4-fette-con-scaldapanini-argento.jpg?ssl=1\"},{\"@type\":\"BreadcrumbList\",\"@id\":\"https:\/\/dev6.erresse-shop.it\/es\/shop\/pequenos-electrodomesticos\/tostadoras\/zwilling-enfinigy-tostadora-de-4-rebanadas-con-calentador-de-pan-plateado\/#breadcrumb\",\"itemListElement\":[{\"@type\":\"ListItem\",\"position\":1,\"name\":\"Home\",\"item\":\"https:\/\/dev6.erresse-shop.it\/\"},{\"@type\":\"ListItem\",\"position\":2,\"name\":\"Tienda\",\"item\":\"https:\/\/dev6.erresse-shop.it\/shop\/\"},{\"@type\":\"ListItem\",\"position\":3,\"name\":\"ZWILLING Enfinigy Tostadora de 4 rebanadas con calentador de pan plateado\"}]},{\"@type\":\"WebSite\",\"@id\":\"https:\/\/dev6.erresse-shop.it\/#website\",\"url\":\"https:\/\/dev6.erresse-shop.it\/\",\"name\":\"Erresse Shop\",\"description\":\"\",\"publisher\":{\"@id\":\"https:\/\/dev6.erresse-shop.it\/#organization\"},\"potentialAction\":[{\"@type\":\"SearchAction\",\"target\":{\"@type\":\"EntryPoint\",\"urlTemplate\":\"https:\/\/dev6.erresse-shop.it\/?s={search_term_string}\"},\"query-input\":{\"@type\":\"PropertyValueSpecification\",\"valueRequired\":true,\"valueName\":\"search_term_string\"}}],\"inLanguage\":\"es\"},{\"@type\":\"Organization\",\"@id\":\"https:\/\/dev6.erresse-shop.it\/#organization\",\"name\":\"Erresse Shop\",\"url\":\"https:\/\/dev6.erresse-shop.it\/\",\"logo\":{\"@type\":\"ImageObject\",\"inLanguage\":\"es\",\"@id\":\"https:\/\/dev6.erresse-shop.it\/#\/schema\/logo\/image\/\",\"url\":\"https:\/\/dev6.erresse-shop.it\/wp-content\/uploads\/2025\/01\/LOGO-ERRESSE-CLASSICO.svg\",\"contentUrl\":\"https:\/\/dev6.erresse-shop.it\/wp-content\/uploads\/2025\/01\/LOGO-ERRESSE-CLASSICO.svg\",\"caption\":\"Erresse Shop\"},\"image\":{\"@id\":\"https:\/\/dev6.erresse-shop.it\/#\/schema\/logo\/image\/\"}}]}<\/script>\n<!-- \/ Yoast SEO plugin. -->","yoast_head_json":{"title":"ZWILLING Enfinigy Tostadora de 4 rebanadas con calentador de pan plateado - dev6 Erresse","description":"Una tostadora para satisfacer tu antojo de tostadas. La tostadora ZWILLING con ranuras largas para cuatro rebanadas de pan est\u00e1ndar o dos rebanadas largas","robots":{"index":"noindex","follow":"follow","max-snippet":"max-snippet:-1","max-image-preview":"max-image-preview:large","max-video-preview":"max-video-preview:-1"},"og_locale":"es_ES","og_type":"article","og_title":"ZWILLING Enfinigy Tostadora de 4 rebanadas con calentador de pan plateado - dev6 Erresse","og_description":"Una tostadora para satisfacer tu antojo de tostadas. La tostadora ZWILLING con ranuras largas para cuatro rebanadas de pan est\u00e1ndar o dos rebanadas largas","og_url":"https:\/\/dev6.erresse-shop.it\/es\/shop\/pequenos-electrodomesticos\/tostadoras\/zwilling-enfinigy-tostadora-de-4-rebanadas-con-calentador-de-pan-plateado\/","og_site_name":"dev6 Erresse","og_image":[{"url":"https:\/\/interpim.erresse-shop.it\/wp-content\/uploads\/2025\/03\/ZWILLING-Enfinigy-Tostapane-4-Fette-con-Scaldapanini-Argento.jpg\/zwilling-enfinigy-tostapane-4-fette-con-scaldapanini-argento.jpg","type":"","width":"","height":""},{"url":"https:\/\/interpim.erresse-shop.it\/wp-content\/uploads\/2025\/03\/ZWILLING-Enfinigy-Tostapane-4-Fette-con-Scaldapanini-Argento.jpg\/zwilling-enfinigy-tostapane-4-fette-con-scaldapanini-argento.jpg","width":1024,"height":1024,"type":"image\/jpeg"}],"twitter_card":"summary_large_image","twitter_image":"https:\/\/interpim.erresse-shop.it\/wp-content\/uploads\/2025\/03\/ZWILLING-Enfinigy-Tostapane-4-Fette-con-Scaldapanini-Argento.jpg\/zwilling-enfinigy-tostapane-4-fette-con-scaldapanini-argento.jpg","schema":{"@context":"https:\/\/schema.org","@graph":[{"@type":"WebPage","@id":"https:\/\/dev6.erresse-shop.it\/es\/shop\/pequenos-electrodomesticos\/tostadoras\/zwilling-enfinigy-tostadora-de-4-rebanadas-con-calentador-de-pan-plateado\/","url":"https:\/\/dev6.erresse-shop.it\/es\/shop\/pequenos-electrodomesticos\/tostadoras\/zwilling-enfinigy-tostadora-de-4-rebanadas-con-calentador-de-pan-plateado\/","name":"ZWILLING Enfinigy Tostadora de 4 rebanadas con calentador de pan plateado - dev6 Erresse","isPartOf":{"@id":"https:\/\/dev6.erresse-shop.it\/#website"},"primaryImageOfPage":{"@id":"https:\/\/dev6.erresse-shop.it\/es\/shop\/pequenos-electrodomesticos\/tostadoras\/zwilling-enfinigy-tostadora-de-4-rebanadas-con-calentador-de-pan-plateado\/#primaryimage"},"image":{"@id":"https:\/\/dev6.erresse-shop.it\/es\/shop\/pequenos-electrodomesticos\/tostadoras\/zwilling-enfinigy-tostadora-de-4-rebanadas-con-calentador-de-pan-plateado\/#primaryimage"},"thumbnailUrl":"https:\/\/i0.wp.com\/interpim.erresse-shop.it\/wp-content\/uploads\/2025\/03\/ZWILLING-Enfinigy-Tostapane-4-Fette-con-Scaldapanini-Argento.jpg\/zwilling-enfinigy-tostapane-4-fette-con-scaldapanini-argento.jpg?ssl=1","datePublished":"2026-04-12T12:20:13+00:00","description":"Una tostadora para satisfacer tu antojo de tostadas. La tostadora ZWILLING con ranuras largas para cuatro rebanadas de pan est\u00e1ndar o dos rebanadas largas","breadcrumb":{"@id":"https:\/\/dev6.erresse-shop.it\/es\/shop\/pequenos-electrodomesticos\/tostadoras\/zwilling-enfinigy-tostadora-de-4-rebanadas-con-calentador-de-pan-plateado\/#breadcrumb"},"inLanguage":"es","potentialAction":[{"@type":"ReadAction","target":["https:\/\/dev6.erresse-shop.it\/es\/shop\/pequenos-electrodomesticos\/tostadoras\/zwilling-enfinigy-tostadora-de-4-rebanadas-con-calentador-de-pan-plateado\/"]}]},{"@type":"ImageObject","inLanguage":"es","@id":"https:\/\/dev6.erresse-shop.it\/es\/shop\/pequenos-electrodomesticos\/tostadoras\/zwilling-enfinigy-tostadora-de-4-rebanadas-con-calentador-de-pan-plateado\/#primaryimage","url":"https:\/\/i0.wp.com\/interpim.erresse-shop.it\/wp-content\/uploads\/2025\/03\/ZWILLING-Enfinigy-Tostapane-4-Fette-con-Scaldapanini-Argento.jpg\/zwilling-enfinigy-tostapane-4-fette-con-scaldapanini-argento.jpg?ssl=1","contentUrl":"https:\/\/i0.wp.com\/interpim.erresse-shop.it\/wp-content\/uploads\/2025\/03\/ZWILLING-Enfinigy-Tostapane-4-Fette-con-Scaldapanini-Argento.jpg\/zwilling-enfinigy-tostapane-4-fette-con-scaldapanini-argento.jpg?ssl=1"},{"@type":"BreadcrumbList","@id":"https:\/\/dev6.erresse-shop.it\/es\/shop\/pequenos-electrodomesticos\/tostadoras\/zwilling-enfinigy-tostadora-de-4-rebanadas-con-calentador-de-pan-plateado\/#breadcrumb","itemListElement":[{"@type":"ListItem","position":1,"name":"Home","item":"https:\/\/dev6.erresse-shop.it\/"},{"@type":"ListItem","position":2,"name":"Tienda","item":"https:\/\/dev6.erresse-shop.it\/shop\/"},{"@type":"ListItem","position":3,"name":"ZWILLING Enfinigy Tostadora de 4 rebanadas con calentador de pan plateado"}]},{"@type":"WebSite","@id":"https:\/\/dev6.erresse-shop.it\/#website","url":"https:\/\/dev6.erresse-shop.it\/","name":"Erresse Shop","description":"","publisher":{"@id":"https:\/\/dev6.erresse-shop.it\/#organization"},"potentialAction":[{"@type":"SearchAction","target":{"@type":"EntryPoint","urlTemplate":"https:\/\/dev6.erresse-shop.it\/?s={search_term_string}"},"query-input":{"@type":"PropertyValueSpecification","valueRequired":true,"valueName":"search_term_string"}}],"inLanguage":"es"},{"@type":"Organization","@id":"https:\/\/dev6.erresse-shop.it\/#organization","name":"Erresse Shop","url":"https:\/\/dev6.erresse-shop.it\/","logo":{"@type":"ImageObject","inLanguage":"es","@id":"https:\/\/dev6.erresse-shop.it\/#\/schema\/logo\/image\/","url":"https:\/\/dev6.erresse-shop.it\/wp-content\/uploads\/2025\/01\/LOGO-ERRESSE-CLASSICO.svg","contentUrl":"https:\/\/dev6.erresse-shop.it\/wp-content\/uploads\/2025\/01\/LOGO-ERRESSE-CLASSICO.svg","caption":"Erresse Shop"},"image":{"@id":"https:\/\/dev6.erresse-shop.it\/#\/schema\/logo\/image\/"}}]}},"df_price":"","df_sale_price":"","df_regular_price":"","df_image_link":"https:\/\/i0.wp.com\/interpim.erresse-shop.it\/wp-content\/uploads\/2025\/03\/ZWILLING-Enfinigy-Tostapane-4-Fette-con-Scaldapanini-Argento.jpg\/zwilling-enfinigy-tostapane-4-fette-con-scaldapanini-argento.jpg?resize=300,300&ssl=1","fifu_image_url":"https:\/\/interpim.erresse-shop.it\/wp-content\/uploads\/2025\/03\/ZWILLING-Enfinigy-Tostapane-4-Fette-con-Scaldapanini-Argento.jpg\/zwilling-enfinigy-tostapane-4-fette-con-scaldapanini-argento.jpg","_links":{"self":[{"href":"https:\/\/dev6.erresse-shop.it\/es\/wp-json\/wp\/v2\/product\/2311081","targetHints":{"allow":["GET"]}}],"collection":[{"href":"https:\/\/dev6.erresse-shop.it\/es\/wp-json\/wp\/v2\/product"}],"about":[{"href":"https:\/\/dev6.erresse-shop.it\/es\/wp-json\/wp\/v2\/types\/product"}],"wp:featuredmedia":[{"embeddable":true,"href":"https:\/\/dev6.erresse-shop.it\/es\/wp-json\/wp\/v2\/media\/6380294"}],"wp:attachment":[{"href":"https:\/\/dev6.erresse-shop.it\/es\/wp-json\/wp\/v2\/media?parent=2311081"}],"wp:term":[{"taxonomy":"product_cat","embeddable":true,"href":"https:\/\/dev6.erresse-shop.it\/es\/wp-json\/wp\/v2\/product_cat?post=2311081"},{"taxonomy":"product_tag","embeddable":true,"href":"https:\/\/dev6.erresse-shop.it\/es\/wp-json\/wp\/v2\/product_tag?post=2311081"}],"curies":[{"name":"wp","href":"https:\/\/api.w.org\/{rel}","templated":true}]}}