{"id":2311073,"date":"2026-04-12T14:20:13","date_gmt":"2026-04-12T12:20:13","guid":{"rendered":"https:\/\/dev6.erresse-shop.it\/shop\/sin%20categor\u00eda\/jura-maquina-de-cafe-e8-platino\/"},"modified":"2026-01-29T19:21:53","modified_gmt":"2026-01-29T18:21:53","slug":"jura-maquina-de-cafe-e8-platino","status":"publish","type":"product","link":"https:\/\/dev6.erresse-shop.it\/es\/shop\/pequenos-electrodomesticos\/maquinas-de-cafe\/automatico\/jura-maquina-de-cafe-e8-platino\/","title":{"rendered":"JURA M\u00e1quina de caf\u00e9 E8 Platino"},"content":{"rendered":"<p>Apreciado, codiciado, probado<\/p>\n<p>La \u00faltima generaci\u00f3n del E8 cumple plenamente los altos est\u00e1ndares exigidos para seguir desarrollando la m\u00e1quina de caf\u00e9 especial autom\u00e1tica de mayor \u00e9xito de JURA. Deleita con una excelente calidad de caf\u00e9, destaca por su m\u00e1xima facilidad de uso e impresiona con un dise\u00f1o delgado y moderno.<\/p>\n<p>S\u00faper f\u00e1cil de usar<\/p>\n<p>La gran pantalla de 3,5\u2033 con seis botones de control facilita enormemente la navegaci\u00f3n por todas las funciones. Las im\u00e1genes y gr\u00e1ficos claros y f\u00e1ciles de entender permiten un uso intuitivo de las numerosas opciones que ofrece la E8. La configuraci\u00f3n de todas las especialidades y su ubicaci\u00f3n individual en la pantalla se pueden ajustar a voluntad, y los nombres de los productos se pueden mostrar u ocultar. Toda la informaci\u00f3n relevante se muestra claramente en la consola. La limpieza del sistema de leche One-Touch, que garantiza una higiene absoluta con solo pulsar un bot\u00f3n, simplifica considerablemente el mantenimiento.<\/p>\n<p>Molienda precisa, disfrute relajado<\/p>\n<p>Un resultado perfecto en la taza se consigue con los mejores ingredientes y una preparaci\u00f3n \u00f3ptima. El avanzado molinillo de caf\u00e9 P.A.G.2 garantiza la molienda ideal del caf\u00e9, taza tras taza. Los grados de molienda se pueden modificar en cualquier momento mediante una palanca de selecci\u00f3n ergon\u00f3mica. El estado de espera entre preparaciones preserva el molinillo de caf\u00e9, asegurando su larga vida \u00fatil y garantizando un sabor de caf\u00e9 siempre excelente. El grupo de preparaci\u00f3n 3D de octava generaci\u00f3n garantiza unas condiciones de preparaci\u00f3n ideales y una experiencia de sabor insuperable. De esta manera, el E8 ofrece un disfrute excepcional del caf\u00e9 durante toda la vida \u00fatil de la m\u00e1quina.<br \/>\nDise\u00f1o moderno y armonioso<br \/>\nA la hora de perfeccionar sus productos, JURA presta especial atenci\u00f3n al dise\u00f1o. Por eso, el E8 destaca por su alto nivel de reconocibilidad, gran atenci\u00f3n al detalle, uso de materiales de alta calidad y precisi\u00f3n en la fabricaci\u00f3n. El dise\u00f1o delgado y moderno se caracteriza por l\u00edneas armoniosamente sim\u00e9tricas. Formas limpias y esenciales, con detalles salientes, dan estructura y car\u00e1cter a la m\u00e1quina autom\u00e1tica. Estos elementos crean las condiciones ideales para que el dise\u00f1o del E8 se mantenga fresco y moderno incluso despu\u00e9s de muchos a\u00f1os.<\/p>\n<p>Caf\u00e9 en toda su variedad<\/p>\n<p>La E8 es capaz de preparar perfectamente un amplio repertorio de especialidades de caf\u00e9 cl\u00e1sicas y de moda. Podr\u00e1s elegir entre 17 variedades listas con s\u00f3lo tocar un bot\u00f3n, basadas solo en caf\u00e9 o rematadas con deliciosa espuma de leche. Por supuesto, todas las especialidades se pueden adaptar al gusto individual y al tama\u00f1o de la taza elegida. La tecnolog\u00eda de vanguardia asegura condiciones \u00f3ptimas de extracci\u00f3n, permitiendo que el caf\u00e9 desarrolle el m\u00e1ximo aroma, independientemente de la mezcla y el grado de tueste.<\/p>\n<p>Especialidades disponibles:<\/p>\n<p>17 opciones: Espresso, Espresso doble, Caf\u00e9, Caf\u00e9 doble, Americano, Lungo, Espresso doble, Cortado, Espresso macchiato, Cappuccino, Cappuccino extra, Flat white, Flat white extra, Latte macchiato, Latte macchiato extra, Porci\u00f3n de espuma de leche, Agua caliente.<\/p>\n<p>Especificaciones t\u00e9cnicas:<\/p>\n<p>Capacidad del dep\u00f3sito de agua: 1,9 l<br \/>\nCapacidad del contenedor de granos de caf\u00e9: 280 g<br \/>\nRecipiente para posos de caf\u00e9: 16 porciones<br \/>\nPeso: 10 kg<br \/>\nDimensiones: 28 \u00d7 35,1 \u00d7 44,6 cm<br \/>\nPotencia: 1450 W<\/p>\n<p>M\u00e1s detalles:<\/p>\n<p>Pa\u00eds de producci\u00f3n: Portugal<br \/>\nA\u00f1o del modelo: 2023<\/p>\n<p>\u00a0<\/p>\n","protected":false},"excerpt":{"rendered":"<p>Apreciado, codiciado, probado La \u00faltima generaci\u00f3n del E8 cumple plenamente los altos est\u00e1ndares exigidos para seguir desarrollando la m\u00e1quina de caf\u00e9 especial autom\u00e1tica de mayor \u00e9xito de JURA. Deleita con una excelente calidad de caf\u00e9, destaca por su m\u00e1xima facilidad de uso e impresiona con un dise\u00f1o delgado y moderno. S\u00faper f\u00e1cil de usar La [&hellip;]<\/p>\n","protected":false},"featured_media":6380250,"template":"","meta":{"_acf_changed":false},"product_cat":[11968,11955,11947],"product_tag":[],"class_list":{"0":"post-2311073","1":"product","2":"type-product","3":"status-publish","4":"has-post-thumbnail","6":"product_cat-automatico","7":"product_cat-maquinas-de-cafe","8":"product_cat-pequenos-electrodomesticos","10":"first","11":"instock","12":"sale","13":"taxable","14":"shipping-taxable","15":"purchasable","16":"product-type-simple","swatches":"rey-swatches","show_selected":"","stretch_labels":"rey-swatches--stretch-labels"},"acf":[],"yoast_head":"<!-- This site is optimized with the Yoast SEO plugin v25.4 - https:\/\/yoast.com\/wordpress\/plugins\/seo\/ -->\n<title>JURA M\u00e1quina de caf\u00e9 E8 Platino - dev6 Erresse<\/title>\n<meta name=\"description\" content=\"Apreciado, codiciado, probado La \u00faltima generaci\u00f3n del E8 cumple plenamente los altos est\u00e1ndares exigidos para seguir desarrollando la m\u00e1quina de caf\u00e9\" \/>\n<meta name=\"robots\" content=\"noindex, follow, max-snippet:-1, max-image-preview:large, max-video-preview:-1\" \/>\n<meta property=\"og:locale\" content=\"es_ES\" \/>\n<meta property=\"og:type\" content=\"article\" \/>\n<meta property=\"og:title\" content=\"JURA M\u00e1quina de caf\u00e9 E8 Platino - dev6 Erresse\" \/>\n<meta property=\"og:description\" content=\"Apreciado, codiciado, probado La \u00faltima generaci\u00f3n del E8 cumple plenamente los altos est\u00e1ndares exigidos para seguir desarrollando la m\u00e1quina de caf\u00e9\" \/>\n<meta property=\"og:url\" content=\"https:\/\/dev6.erresse-shop.it\/es\/shop\/pequenos-electrodomesticos\/maquinas-de-cafe\/automatico\/jura-maquina-de-cafe-e8-platino\/\" \/>\n<meta property=\"og:site_name\" content=\"dev6 Erresse\" \/>\n<meta property=\"og:image\" content=\"https:\/\/interpim.erresse-shop.it\/wp-content\/uploads\/2025\/03\/JURA-Macchina-Da-Caffe-E8-Platino.jpg\/jura-macchina-da-caffe-e8-platino.jpg\" \/><meta property=\"og:image\" content=\"https:\/\/interpim.erresse-shop.it\/wp-content\/uploads\/2025\/03\/JURA-Macchina-Da-Caffe-E8-Platino.jpg\/jura-macchina-da-caffe-e8-platino.jpg\" \/>\n\t<meta property=\"og:image:width\" content=\"1024\" \/>\n\t<meta property=\"og:image:height\" content=\"1024\" \/>\n\t<meta property=\"og:image:type\" content=\"image\/jpeg\" \/>\n<meta name=\"twitter:card\" content=\"summary_large_image\" \/>\n<meta name=\"twitter:image\" content=\"https:\/\/interpim.erresse-shop.it\/wp-content\/uploads\/2025\/03\/JURA-Macchina-Da-Caffe-E8-Platino.jpg\/jura-macchina-da-caffe-e8-platino.jpg\" \/>\n<script type=\"application\/ld+json\" class=\"yoast-schema-graph\">{\"@context\":\"https:\/\/schema.org\",\"@graph\":[{\"@type\":\"WebPage\",\"@id\":\"https:\/\/dev6.erresse-shop.it\/es\/shop\/pequenos-electrodomesticos\/maquinas-de-cafe\/automatico\/jura-maquina-de-cafe-e8-platino\/\",\"url\":\"https:\/\/dev6.erresse-shop.it\/es\/shop\/pequenos-electrodomesticos\/maquinas-de-cafe\/automatico\/jura-maquina-de-cafe-e8-platino\/\",\"name\":\"JURA M\u00e1quina de caf\u00e9 E8 Platino - dev6 Erresse\",\"isPartOf\":{\"@id\":\"https:\/\/dev6.erresse-shop.it\/#website\"},\"primaryImageOfPage\":{\"@id\":\"https:\/\/dev6.erresse-shop.it\/es\/shop\/pequenos-electrodomesticos\/maquinas-de-cafe\/automatico\/jura-maquina-de-cafe-e8-platino\/#primaryimage\"},\"image\":{\"@id\":\"https:\/\/dev6.erresse-shop.it\/es\/shop\/pequenos-electrodomesticos\/maquinas-de-cafe\/automatico\/jura-maquina-de-cafe-e8-platino\/#primaryimage\"},\"thumbnailUrl\":\"https:\/\/i0.wp.com\/interpim.erresse-shop.it\/wp-content\/uploads\/2025\/03\/JURA-Macchina-Da-Caffe-E8-Platino.jpg\/jura-macchina-da-caffe-e8-platino.jpg?ssl=1\",\"datePublished\":\"2026-04-12T12:20:13+00:00\",\"description\":\"Apreciado, codiciado, probado La \u00faltima generaci\u00f3n del E8 cumple plenamente los altos est\u00e1ndares exigidos para seguir desarrollando la m\u00e1quina de caf\u00e9\",\"breadcrumb\":{\"@id\":\"https:\/\/dev6.erresse-shop.it\/es\/shop\/pequenos-electrodomesticos\/maquinas-de-cafe\/automatico\/jura-maquina-de-cafe-e8-platino\/#breadcrumb\"},\"inLanguage\":\"es\",\"potentialAction\":[{\"@type\":\"ReadAction\",\"target\":[\"https:\/\/dev6.erresse-shop.it\/es\/shop\/pequenos-electrodomesticos\/maquinas-de-cafe\/automatico\/jura-maquina-de-cafe-e8-platino\/\"]}]},{\"@type\":\"ImageObject\",\"inLanguage\":\"es\",\"@id\":\"https:\/\/dev6.erresse-shop.it\/es\/shop\/pequenos-electrodomesticos\/maquinas-de-cafe\/automatico\/jura-maquina-de-cafe-e8-platino\/#primaryimage\",\"url\":\"https:\/\/i0.wp.com\/interpim.erresse-shop.it\/wp-content\/uploads\/2025\/03\/JURA-Macchina-Da-Caffe-E8-Platino.jpg\/jura-macchina-da-caffe-e8-platino.jpg?ssl=1\",\"contentUrl\":\"https:\/\/i0.wp.com\/interpim.erresse-shop.it\/wp-content\/uploads\/2025\/03\/JURA-Macchina-Da-Caffe-E8-Platino.jpg\/jura-macchina-da-caffe-e8-platino.jpg?ssl=1\"},{\"@type\":\"BreadcrumbList\",\"@id\":\"https:\/\/dev6.erresse-shop.it\/es\/shop\/pequenos-electrodomesticos\/maquinas-de-cafe\/automatico\/jura-maquina-de-cafe-e8-platino\/#breadcrumb\",\"itemListElement\":[{\"@type\":\"ListItem\",\"position\":1,\"name\":\"Home\",\"item\":\"https:\/\/dev6.erresse-shop.it\/\"},{\"@type\":\"ListItem\",\"position\":2,\"name\":\"Tienda\",\"item\":\"https:\/\/dev6.erresse-shop.it\/shop\/\"},{\"@type\":\"ListItem\",\"position\":3,\"name\":\"JURA M\u00e1quina de caf\u00e9 E8 Platino\"}]},{\"@type\":\"WebSite\",\"@id\":\"https:\/\/dev6.erresse-shop.it\/#website\",\"url\":\"https:\/\/dev6.erresse-shop.it\/\",\"name\":\"Erresse Shop\",\"description\":\"\",\"publisher\":{\"@id\":\"https:\/\/dev6.erresse-shop.it\/#organization\"},\"potentialAction\":[{\"@type\":\"SearchAction\",\"target\":{\"@type\":\"EntryPoint\",\"urlTemplate\":\"https:\/\/dev6.erresse-shop.it\/?s={search_term_string}\"},\"query-input\":{\"@type\":\"PropertyValueSpecification\",\"valueRequired\":true,\"valueName\":\"search_term_string\"}}],\"inLanguage\":\"es\"},{\"@type\":\"Organization\",\"@id\":\"https:\/\/dev6.erresse-shop.it\/#organization\",\"name\":\"Erresse Shop\",\"url\":\"https:\/\/dev6.erresse-shop.it\/\",\"logo\":{\"@type\":\"ImageObject\",\"inLanguage\":\"es\",\"@id\":\"https:\/\/dev6.erresse-shop.it\/#\/schema\/logo\/image\/\",\"url\":\"https:\/\/dev6.erresse-shop.it\/wp-content\/uploads\/2025\/01\/LOGO-ERRESSE-CLASSICO.svg\",\"contentUrl\":\"https:\/\/dev6.erresse-shop.it\/wp-content\/uploads\/2025\/01\/LOGO-ERRESSE-CLASSICO.svg\",\"caption\":\"Erresse Shop\"},\"image\":{\"@id\":\"https:\/\/dev6.erresse-shop.it\/#\/schema\/logo\/image\/\"}}]}<\/script>\n<!-- \/ Yoast SEO plugin. -->","yoast_head_json":{"title":"JURA M\u00e1quina de caf\u00e9 E8 Platino - dev6 Erresse","description":"Apreciado, codiciado, probado La \u00faltima generaci\u00f3n del E8 cumple plenamente los altos est\u00e1ndares exigidos para seguir desarrollando la m\u00e1quina de caf\u00e9","robots":{"index":"noindex","follow":"follow","max-snippet":"max-snippet:-1","max-image-preview":"max-image-preview:large","max-video-preview":"max-video-preview:-1"},"og_locale":"es_ES","og_type":"article","og_title":"JURA M\u00e1quina de caf\u00e9 E8 Platino - dev6 Erresse","og_description":"Apreciado, codiciado, probado La \u00faltima generaci\u00f3n del E8 cumple plenamente los altos est\u00e1ndares exigidos para seguir desarrollando la m\u00e1quina de caf\u00e9","og_url":"https:\/\/dev6.erresse-shop.it\/es\/shop\/pequenos-electrodomesticos\/maquinas-de-cafe\/automatico\/jura-maquina-de-cafe-e8-platino\/","og_site_name":"dev6 Erresse","og_image":[{"url":"https:\/\/interpim.erresse-shop.it\/wp-content\/uploads\/2025\/03\/JURA-Macchina-Da-Caffe-E8-Platino.jpg\/jura-macchina-da-caffe-e8-platino.jpg","type":"","width":"","height":""},{"url":"https:\/\/interpim.erresse-shop.it\/wp-content\/uploads\/2025\/03\/JURA-Macchina-Da-Caffe-E8-Platino.jpg\/jura-macchina-da-caffe-e8-platino.jpg","width":1024,"height":1024,"type":"image\/jpeg"}],"twitter_card":"summary_large_image","twitter_image":"https:\/\/interpim.erresse-shop.it\/wp-content\/uploads\/2025\/03\/JURA-Macchina-Da-Caffe-E8-Platino.jpg\/jura-macchina-da-caffe-e8-platino.jpg","schema":{"@context":"https:\/\/schema.org","@graph":[{"@type":"WebPage","@id":"https:\/\/dev6.erresse-shop.it\/es\/shop\/pequenos-electrodomesticos\/maquinas-de-cafe\/automatico\/jura-maquina-de-cafe-e8-platino\/","url":"https:\/\/dev6.erresse-shop.it\/es\/shop\/pequenos-electrodomesticos\/maquinas-de-cafe\/automatico\/jura-maquina-de-cafe-e8-platino\/","name":"JURA M\u00e1quina de caf\u00e9 E8 Platino - dev6 Erresse","isPartOf":{"@id":"https:\/\/dev6.erresse-shop.it\/#website"},"primaryImageOfPage":{"@id":"https:\/\/dev6.erresse-shop.it\/es\/shop\/pequenos-electrodomesticos\/maquinas-de-cafe\/automatico\/jura-maquina-de-cafe-e8-platino\/#primaryimage"},"image":{"@id":"https:\/\/dev6.erresse-shop.it\/es\/shop\/pequenos-electrodomesticos\/maquinas-de-cafe\/automatico\/jura-maquina-de-cafe-e8-platino\/#primaryimage"},"thumbnailUrl":"https:\/\/i0.wp.com\/interpim.erresse-shop.it\/wp-content\/uploads\/2025\/03\/JURA-Macchina-Da-Caffe-E8-Platino.jpg\/jura-macchina-da-caffe-e8-platino.jpg?ssl=1","datePublished":"2026-04-12T12:20:13+00:00","description":"Apreciado, codiciado, probado La \u00faltima generaci\u00f3n del E8 cumple plenamente los altos est\u00e1ndares exigidos para seguir desarrollando la m\u00e1quina de caf\u00e9","breadcrumb":{"@id":"https:\/\/dev6.erresse-shop.it\/es\/shop\/pequenos-electrodomesticos\/maquinas-de-cafe\/automatico\/jura-maquina-de-cafe-e8-platino\/#breadcrumb"},"inLanguage":"es","potentialAction":[{"@type":"ReadAction","target":["https:\/\/dev6.erresse-shop.it\/es\/shop\/pequenos-electrodomesticos\/maquinas-de-cafe\/automatico\/jura-maquina-de-cafe-e8-platino\/"]}]},{"@type":"ImageObject","inLanguage":"es","@id":"https:\/\/dev6.erresse-shop.it\/es\/shop\/pequenos-electrodomesticos\/maquinas-de-cafe\/automatico\/jura-maquina-de-cafe-e8-platino\/#primaryimage","url":"https:\/\/i0.wp.com\/interpim.erresse-shop.it\/wp-content\/uploads\/2025\/03\/JURA-Macchina-Da-Caffe-E8-Platino.jpg\/jura-macchina-da-caffe-e8-platino.jpg?ssl=1","contentUrl":"https:\/\/i0.wp.com\/interpim.erresse-shop.it\/wp-content\/uploads\/2025\/03\/JURA-Macchina-Da-Caffe-E8-Platino.jpg\/jura-macchina-da-caffe-e8-platino.jpg?ssl=1"},{"@type":"BreadcrumbList","@id":"https:\/\/dev6.erresse-shop.it\/es\/shop\/pequenos-electrodomesticos\/maquinas-de-cafe\/automatico\/jura-maquina-de-cafe-e8-platino\/#breadcrumb","itemListElement":[{"@type":"ListItem","position":1,"name":"Home","item":"https:\/\/dev6.erresse-shop.it\/"},{"@type":"ListItem","position":2,"name":"Tienda","item":"https:\/\/dev6.erresse-shop.it\/shop\/"},{"@type":"ListItem","position":3,"name":"JURA M\u00e1quina de caf\u00e9 E8 Platino"}]},{"@type":"WebSite","@id":"https:\/\/dev6.erresse-shop.it\/#website","url":"https:\/\/dev6.erresse-shop.it\/","name":"Erresse Shop","description":"","publisher":{"@id":"https:\/\/dev6.erresse-shop.it\/#organization"},"potentialAction":[{"@type":"SearchAction","target":{"@type":"EntryPoint","urlTemplate":"https:\/\/dev6.erresse-shop.it\/?s={search_term_string}"},"query-input":{"@type":"PropertyValueSpecification","valueRequired":true,"valueName":"search_term_string"}}],"inLanguage":"es"},{"@type":"Organization","@id":"https:\/\/dev6.erresse-shop.it\/#organization","name":"Erresse Shop","url":"https:\/\/dev6.erresse-shop.it\/","logo":{"@type":"ImageObject","inLanguage":"es","@id":"https:\/\/dev6.erresse-shop.it\/#\/schema\/logo\/image\/","url":"https:\/\/dev6.erresse-shop.it\/wp-content\/uploads\/2025\/01\/LOGO-ERRESSE-CLASSICO.svg","contentUrl":"https:\/\/dev6.erresse-shop.it\/wp-content\/uploads\/2025\/01\/LOGO-ERRESSE-CLASSICO.svg","caption":"Erresse Shop"},"image":{"@id":"https:\/\/dev6.erresse-shop.it\/#\/schema\/logo\/image\/"}}]}},"df_price":1109,"df_sale_price":1109,"df_regular_price":1449,"df_image_link":"https:\/\/i0.wp.com\/interpim.erresse-shop.it\/wp-content\/uploads\/2025\/03\/JURA-Macchina-Da-Caffe-E8-Platino.jpg\/jura-macchina-da-caffe-e8-platino.jpg?resize=300,300&ssl=1","fifu_image_url":"https:\/\/interpim.erresse-shop.it\/wp-content\/uploads\/2025\/03\/JURA-Macchina-Da-Caffe-E8-Platino.jpg\/jura-macchina-da-caffe-e8-platino.jpg","_links":{"self":[{"href":"https:\/\/dev6.erresse-shop.it\/es\/wp-json\/wp\/v2\/product\/2311073","targetHints":{"allow":["GET"]}}],"collection":[{"href":"https:\/\/dev6.erresse-shop.it\/es\/wp-json\/wp\/v2\/product"}],"about":[{"href":"https:\/\/dev6.erresse-shop.it\/es\/wp-json\/wp\/v2\/types\/product"}],"wp:featuredmedia":[{"embeddable":true,"href":"https:\/\/dev6.erresse-shop.it\/es\/wp-json\/wp\/v2\/media\/6380250"}],"wp:attachment":[{"href":"https:\/\/dev6.erresse-shop.it\/es\/wp-json\/wp\/v2\/media?parent=2311073"}],"wp:term":[{"taxonomy":"product_cat","embeddable":true,"href":"https:\/\/dev6.erresse-shop.it\/es\/wp-json\/wp\/v2\/product_cat?post=2311073"},{"taxonomy":"product_tag","embeddable":true,"href":"https:\/\/dev6.erresse-shop.it\/es\/wp-json\/wp\/v2\/product_tag?post=2311073"}],"curies":[{"name":"wp","href":"https:\/\/api.w.org\/{rel}","templated":true}]}}