{"id":2311067,"date":"2026-04-12T14:17:45","date_gmt":"2026-04-12T12:17:45","guid":{"rendered":"https:\/\/dev6.erresse-shop.it\/shop\/sin%20categor\u00eda\/jura-maquina-de-cafe-e4-piano-white\/"},"modified":"2026-01-29T19:21:48","modified_gmt":"2026-01-29T18:21:48","slug":"jura-maquina-de-cafe-e4-piano-white","status":"publish","type":"product","link":"https:\/\/dev6.erresse-shop.it\/es\/shop\/pequenos-electrodomesticos\/maquinas-de-cafe\/automatico\/jura-maquina-de-cafe-e4-piano-white\/","title":{"rendered":"JURA M\u00e1quina de caf\u00e9 E4 Piano White"},"content":{"rendered":"<p>La naturaleza m\u00e1s aut\u00e9ntica del caf\u00e9<\/p>\n<p>Aqu\u00ed est\u00e1 la m\u00e1quina autom\u00e1tica de tama\u00f1o completo ideal para quienes desean concentrarse por completo en lo esencial: el placer de un caf\u00e9 excelente.<\/p>\n<p>M\u00e1xima facilidad de uso<\/p>\n<p>M\u00e1ximo sabor, m\u00ednima complejidad: un placer de caf\u00e9 inigualable con solo pulsar un bot\u00f3n, gracias a las funciones de preselecci\u00f3n para preferencias de aroma personales. \u00a1M\u00e1s sencillo imposible!<\/p>\n<p>Reci\u00e9n molido, no en c\u00e1psula<\/p>\n<p>El molinillo de caf\u00e9 profesional Aroma garantiza un 12,2 %* m\u00e1s de aroma y una calidad de molienda alta y constante durante toda la vida \u00fatil de la m\u00e1quina. En combinaci\u00f3n con el grupo de preparaci\u00f3n de octava generaci\u00f3n y el proceso de preparaci\u00f3n 3D, el caf\u00e9 siempre se mantiene fiel a su esencia m\u00e1s aut\u00e9ntica. El E4 prepara el doble de caf\u00e9 en dos ciclos. Esto significa el m\u00e1ximo aroma, ya que toda la gama de 5 a 16 gramos de caf\u00e9 molido del grupo de preparaci\u00f3n variable est\u00e1 disponible para ambas tazas.<\/p>\n<p>Agua caliente lista al instante<\/p>\n<p>\u00bfTe apetece una taza de t\u00e9 para variar? \u00a1No hay problema! Un bot\u00f3n giratorio inicia c\u00f3modamente la preparaci\u00f3n de agua caliente (hasta 3 dl), que fluye inmediatamente a tu taza.<\/p>\n<p>Dise\u00f1o armonioso<\/p>\n<p>La E4 presenta el dise\u00f1o caracter\u00edstico de las cafeteras autom\u00e1ticas JURA: l\u00edneas limpias y superficies bien definidas. La m\u00e1xima precisi\u00f3n en la fabricaci\u00f3n y el dise\u00f1o minimalista realzan la calidad superior de esta m\u00e1quina totalmente autom\u00e1tica. El purismo tambi\u00e9n se refleja en la selecci\u00f3n de colores. Si bien todo el cuerpo est\u00e1 fabricado en un discreto Piano White, los detalles cromados aportan un toque especial al conjunto, creando el marco perfecto para momentos de aut\u00e9ntico disfrute del caf\u00e9.<\/p>\n<p class>Especialidades disponibles:<\/p>\n<p class>Espresso, 2 Espresso, Caf\u00e9, 2 Caf\u00e9s, Agua caliente<\/p>\n<p class>Especificaciones t\u00e9cnicas:<\/p>\n<p>Capacidad del dep\u00f3sito de agua: 1,9 l<br \/>\nCapacidad del recipiente para granos de caf\u00e9: 280 g<br \/>\nRecipiente para posos de caf\u00e9: 16 porciones<br \/>\nPeso: 9,8 kg<br \/>\nDimensiones: 28 \u00d7 34,6 \u00d7 44,4 cm<br \/>\nPotencia: 1450 W<\/p>\n<p class>M\u00e1s detalles:<\/p>\n<p class>Pa\u00eds de producci\u00f3n: Portugal<\/p>\n<p>A\u00f1o del modelo: 2021<\/p>\n<p>\u00a0<\/p>\n","protected":false},"excerpt":{"rendered":"<p>La naturaleza m\u00e1s aut\u00e9ntica del caf\u00e9 Aqu\u00ed est\u00e1 la m\u00e1quina autom\u00e1tica de tama\u00f1o completo ideal para quienes desean concentrarse por completo en lo esencial: el placer de un caf\u00e9 excelente. M\u00e1xima facilidad de uso M\u00e1ximo sabor, m\u00ednima complejidad: un placer de caf\u00e9 inigualable con solo pulsar un bot\u00f3n, gracias a las funciones de preselecci\u00f3n para [&hellip;]<\/p>\n","protected":false},"featured_media":6380218,"template":"","meta":{"_acf_changed":false},"product_cat":[11968,11955,11947],"product_tag":[],"class_list":{"0":"post-2311067","1":"product","2":"type-product","3":"status-publish","4":"has-post-thumbnail","6":"product_cat-automatico","7":"product_cat-maquinas-de-cafe","8":"product_cat-pequenos-electrodomesticos","10":"first","11":"instock","12":"sale","13":"taxable","14":"shipping-taxable","15":"purchasable","16":"product-type-simple","swatches":"rey-swatches","show_selected":"","stretch_labels":"rey-swatches--stretch-labels"},"acf":[],"yoast_head":"<!-- This site is optimized with the Yoast SEO plugin v25.4 - https:\/\/yoast.com\/wordpress\/plugins\/seo\/ -->\n<title>JURA M\u00e1quina de caf\u00e9 E4 Piano White - dev6 Erresse<\/title>\n<meta name=\"description\" content=\"La naturaleza m\u00e1s aut\u00e9ntica del caf\u00e9 Aqu\u00ed est\u00e1 la m\u00e1quina autom\u00e1tica de tama\u00f1o completo ideal para quienes desean concentrarse por completo en lo\" \/>\n<meta name=\"robots\" content=\"noindex, follow, max-snippet:-1, max-image-preview:large, max-video-preview:-1\" \/>\n<meta property=\"og:locale\" content=\"es_ES\" \/>\n<meta property=\"og:type\" content=\"article\" \/>\n<meta property=\"og:title\" content=\"JURA M\u00e1quina de caf\u00e9 E4 Piano White - dev6 Erresse\" \/>\n<meta property=\"og:description\" content=\"La naturaleza m\u00e1s aut\u00e9ntica del caf\u00e9 Aqu\u00ed est\u00e1 la m\u00e1quina autom\u00e1tica de tama\u00f1o completo ideal para quienes desean concentrarse por completo en lo\" \/>\n<meta property=\"og:url\" content=\"https:\/\/dev6.erresse-shop.it\/es\/shop\/pequenos-electrodomesticos\/maquinas-de-cafe\/automatico\/jura-maquina-de-cafe-e4-piano-white\/\" \/>\n<meta property=\"og:site_name\" content=\"dev6 Erresse\" \/>\n<meta property=\"og:image\" content=\"https:\/\/interpim.erresse-shop.it\/wp-content\/uploads\/2025\/03\/JURA-Macchina-Da-Caffe-E4-Piano-White.jpg\/jura-macchina-da-caffe-e4-piano-white.jpg\" \/><meta property=\"og:image\" content=\"https:\/\/interpim.erresse-shop.it\/wp-content\/uploads\/2025\/03\/JURA-Macchina-Da-Caffe-E4-Piano-White.jpg\/jura-macchina-da-caffe-e4-piano-white.jpg\" \/>\n\t<meta property=\"og:image:width\" content=\"1024\" \/>\n\t<meta property=\"og:image:height\" content=\"1024\" \/>\n\t<meta property=\"og:image:type\" content=\"image\/jpeg\" \/>\n<meta name=\"twitter:card\" content=\"summary_large_image\" \/>\n<meta name=\"twitter:image\" content=\"https:\/\/interpim.erresse-shop.it\/wp-content\/uploads\/2025\/03\/JURA-Macchina-Da-Caffe-E4-Piano-White.jpg\/jura-macchina-da-caffe-e4-piano-white.jpg\" \/>\n<script type=\"application\/ld+json\" class=\"yoast-schema-graph\">{\"@context\":\"https:\/\/schema.org\",\"@graph\":[{\"@type\":\"WebPage\",\"@id\":\"https:\/\/dev6.erresse-shop.it\/es\/shop\/pequenos-electrodomesticos\/maquinas-de-cafe\/automatico\/jura-maquina-de-cafe-e4-piano-white\/\",\"url\":\"https:\/\/dev6.erresse-shop.it\/es\/shop\/pequenos-electrodomesticos\/maquinas-de-cafe\/automatico\/jura-maquina-de-cafe-e4-piano-white\/\",\"name\":\"JURA M\u00e1quina de caf\u00e9 E4 Piano White - dev6 Erresse\",\"isPartOf\":{\"@id\":\"https:\/\/dev6.erresse-shop.it\/#website\"},\"primaryImageOfPage\":{\"@id\":\"https:\/\/dev6.erresse-shop.it\/es\/shop\/pequenos-electrodomesticos\/maquinas-de-cafe\/automatico\/jura-maquina-de-cafe-e4-piano-white\/#primaryimage\"},\"image\":{\"@id\":\"https:\/\/dev6.erresse-shop.it\/es\/shop\/pequenos-electrodomesticos\/maquinas-de-cafe\/automatico\/jura-maquina-de-cafe-e4-piano-white\/#primaryimage\"},\"thumbnailUrl\":\"https:\/\/i2.wp.com\/interpim.erresse-shop.it\/wp-content\/uploads\/2025\/03\/JURA-Macchina-Da-Caffe-E4-Piano-White.jpg\/jura-macchina-da-caffe-e4-piano-white.jpg?ssl=1\",\"datePublished\":\"2026-04-12T12:17:45+00:00\",\"description\":\"La naturaleza m\u00e1s aut\u00e9ntica del caf\u00e9 Aqu\u00ed est\u00e1 la m\u00e1quina autom\u00e1tica de tama\u00f1o completo ideal para quienes desean concentrarse por completo en lo\",\"breadcrumb\":{\"@id\":\"https:\/\/dev6.erresse-shop.it\/es\/shop\/pequenos-electrodomesticos\/maquinas-de-cafe\/automatico\/jura-maquina-de-cafe-e4-piano-white\/#breadcrumb\"},\"inLanguage\":\"es\",\"potentialAction\":[{\"@type\":\"ReadAction\",\"target\":[\"https:\/\/dev6.erresse-shop.it\/es\/shop\/pequenos-electrodomesticos\/maquinas-de-cafe\/automatico\/jura-maquina-de-cafe-e4-piano-white\/\"]}]},{\"@type\":\"ImageObject\",\"inLanguage\":\"es\",\"@id\":\"https:\/\/dev6.erresse-shop.it\/es\/shop\/pequenos-electrodomesticos\/maquinas-de-cafe\/automatico\/jura-maquina-de-cafe-e4-piano-white\/#primaryimage\",\"url\":\"https:\/\/i2.wp.com\/interpim.erresse-shop.it\/wp-content\/uploads\/2025\/03\/JURA-Macchina-Da-Caffe-E4-Piano-White.jpg\/jura-macchina-da-caffe-e4-piano-white.jpg?ssl=1\",\"contentUrl\":\"https:\/\/i2.wp.com\/interpim.erresse-shop.it\/wp-content\/uploads\/2025\/03\/JURA-Macchina-Da-Caffe-E4-Piano-White.jpg\/jura-macchina-da-caffe-e4-piano-white.jpg?ssl=1\"},{\"@type\":\"BreadcrumbList\",\"@id\":\"https:\/\/dev6.erresse-shop.it\/es\/shop\/pequenos-electrodomesticos\/maquinas-de-cafe\/automatico\/jura-maquina-de-cafe-e4-piano-white\/#breadcrumb\",\"itemListElement\":[{\"@type\":\"ListItem\",\"position\":1,\"name\":\"Home\",\"item\":\"https:\/\/dev6.erresse-shop.it\/\"},{\"@type\":\"ListItem\",\"position\":2,\"name\":\"Tienda\",\"item\":\"https:\/\/dev6.erresse-shop.it\/shop\/\"},{\"@type\":\"ListItem\",\"position\":3,\"name\":\"JURA M\u00e1quina de caf\u00e9 E4 Piano White\"}]},{\"@type\":\"WebSite\",\"@id\":\"https:\/\/dev6.erresse-shop.it\/#website\",\"url\":\"https:\/\/dev6.erresse-shop.it\/\",\"name\":\"Erresse Shop\",\"description\":\"\",\"publisher\":{\"@id\":\"https:\/\/dev6.erresse-shop.it\/#organization\"},\"potentialAction\":[{\"@type\":\"SearchAction\",\"target\":{\"@type\":\"EntryPoint\",\"urlTemplate\":\"https:\/\/dev6.erresse-shop.it\/?s={search_term_string}\"},\"query-input\":{\"@type\":\"PropertyValueSpecification\",\"valueRequired\":true,\"valueName\":\"search_term_string\"}}],\"inLanguage\":\"es\"},{\"@type\":\"Organization\",\"@id\":\"https:\/\/dev6.erresse-shop.it\/#organization\",\"name\":\"Erresse Shop\",\"url\":\"https:\/\/dev6.erresse-shop.it\/\",\"logo\":{\"@type\":\"ImageObject\",\"inLanguage\":\"es\",\"@id\":\"https:\/\/dev6.erresse-shop.it\/#\/schema\/logo\/image\/\",\"url\":\"https:\/\/dev6.erresse-shop.it\/wp-content\/uploads\/2025\/01\/LOGO-ERRESSE-CLASSICO.svg\",\"contentUrl\":\"https:\/\/dev6.erresse-shop.it\/wp-content\/uploads\/2025\/01\/LOGO-ERRESSE-CLASSICO.svg\",\"caption\":\"Erresse Shop\"},\"image\":{\"@id\":\"https:\/\/dev6.erresse-shop.it\/#\/schema\/logo\/image\/\"}}]}<\/script>\n<!-- \/ Yoast SEO plugin. -->","yoast_head_json":{"title":"JURA M\u00e1quina de caf\u00e9 E4 Piano White - dev6 Erresse","description":"La naturaleza m\u00e1s aut\u00e9ntica del caf\u00e9 Aqu\u00ed est\u00e1 la m\u00e1quina autom\u00e1tica de tama\u00f1o completo ideal para quienes desean concentrarse por completo en lo","robots":{"index":"noindex","follow":"follow","max-snippet":"max-snippet:-1","max-image-preview":"max-image-preview:large","max-video-preview":"max-video-preview:-1"},"og_locale":"es_ES","og_type":"article","og_title":"JURA M\u00e1quina de caf\u00e9 E4 Piano White - dev6 Erresse","og_description":"La naturaleza m\u00e1s aut\u00e9ntica del caf\u00e9 Aqu\u00ed est\u00e1 la m\u00e1quina autom\u00e1tica de tama\u00f1o completo ideal para quienes desean concentrarse por completo en lo","og_url":"https:\/\/dev6.erresse-shop.it\/es\/shop\/pequenos-electrodomesticos\/maquinas-de-cafe\/automatico\/jura-maquina-de-cafe-e4-piano-white\/","og_site_name":"dev6 Erresse","og_image":[{"url":"https:\/\/interpim.erresse-shop.it\/wp-content\/uploads\/2025\/03\/JURA-Macchina-Da-Caffe-E4-Piano-White.jpg\/jura-macchina-da-caffe-e4-piano-white.jpg","type":"","width":"","height":""},{"url":"https:\/\/interpim.erresse-shop.it\/wp-content\/uploads\/2025\/03\/JURA-Macchina-Da-Caffe-E4-Piano-White.jpg\/jura-macchina-da-caffe-e4-piano-white.jpg","width":1024,"height":1024,"type":"image\/jpeg"}],"twitter_card":"summary_large_image","twitter_image":"https:\/\/interpim.erresse-shop.it\/wp-content\/uploads\/2025\/03\/JURA-Macchina-Da-Caffe-E4-Piano-White.jpg\/jura-macchina-da-caffe-e4-piano-white.jpg","schema":{"@context":"https:\/\/schema.org","@graph":[{"@type":"WebPage","@id":"https:\/\/dev6.erresse-shop.it\/es\/shop\/pequenos-electrodomesticos\/maquinas-de-cafe\/automatico\/jura-maquina-de-cafe-e4-piano-white\/","url":"https:\/\/dev6.erresse-shop.it\/es\/shop\/pequenos-electrodomesticos\/maquinas-de-cafe\/automatico\/jura-maquina-de-cafe-e4-piano-white\/","name":"JURA M\u00e1quina de caf\u00e9 E4 Piano White - dev6 Erresse","isPartOf":{"@id":"https:\/\/dev6.erresse-shop.it\/#website"},"primaryImageOfPage":{"@id":"https:\/\/dev6.erresse-shop.it\/es\/shop\/pequenos-electrodomesticos\/maquinas-de-cafe\/automatico\/jura-maquina-de-cafe-e4-piano-white\/#primaryimage"},"image":{"@id":"https:\/\/dev6.erresse-shop.it\/es\/shop\/pequenos-electrodomesticos\/maquinas-de-cafe\/automatico\/jura-maquina-de-cafe-e4-piano-white\/#primaryimage"},"thumbnailUrl":"https:\/\/i2.wp.com\/interpim.erresse-shop.it\/wp-content\/uploads\/2025\/03\/JURA-Macchina-Da-Caffe-E4-Piano-White.jpg\/jura-macchina-da-caffe-e4-piano-white.jpg?ssl=1","datePublished":"2026-04-12T12:17:45+00:00","description":"La naturaleza m\u00e1s aut\u00e9ntica del caf\u00e9 Aqu\u00ed est\u00e1 la m\u00e1quina autom\u00e1tica de tama\u00f1o completo ideal para quienes desean concentrarse por completo en lo","breadcrumb":{"@id":"https:\/\/dev6.erresse-shop.it\/es\/shop\/pequenos-electrodomesticos\/maquinas-de-cafe\/automatico\/jura-maquina-de-cafe-e4-piano-white\/#breadcrumb"},"inLanguage":"es","potentialAction":[{"@type":"ReadAction","target":["https:\/\/dev6.erresse-shop.it\/es\/shop\/pequenos-electrodomesticos\/maquinas-de-cafe\/automatico\/jura-maquina-de-cafe-e4-piano-white\/"]}]},{"@type":"ImageObject","inLanguage":"es","@id":"https:\/\/dev6.erresse-shop.it\/es\/shop\/pequenos-electrodomesticos\/maquinas-de-cafe\/automatico\/jura-maquina-de-cafe-e4-piano-white\/#primaryimage","url":"https:\/\/i2.wp.com\/interpim.erresse-shop.it\/wp-content\/uploads\/2025\/03\/JURA-Macchina-Da-Caffe-E4-Piano-White.jpg\/jura-macchina-da-caffe-e4-piano-white.jpg?ssl=1","contentUrl":"https:\/\/i2.wp.com\/interpim.erresse-shop.it\/wp-content\/uploads\/2025\/03\/JURA-Macchina-Da-Caffe-E4-Piano-White.jpg\/jura-macchina-da-caffe-e4-piano-white.jpg?ssl=1"},{"@type":"BreadcrumbList","@id":"https:\/\/dev6.erresse-shop.it\/es\/shop\/pequenos-electrodomesticos\/maquinas-de-cafe\/automatico\/jura-maquina-de-cafe-e4-piano-white\/#breadcrumb","itemListElement":[{"@type":"ListItem","position":1,"name":"Home","item":"https:\/\/dev6.erresse-shop.it\/"},{"@type":"ListItem","position":2,"name":"Tienda","item":"https:\/\/dev6.erresse-shop.it\/shop\/"},{"@type":"ListItem","position":3,"name":"JURA M\u00e1quina de caf\u00e9 E4 Piano White"}]},{"@type":"WebSite","@id":"https:\/\/dev6.erresse-shop.it\/#website","url":"https:\/\/dev6.erresse-shop.it\/","name":"Erresse Shop","description":"","publisher":{"@id":"https:\/\/dev6.erresse-shop.it\/#organization"},"potentialAction":[{"@type":"SearchAction","target":{"@type":"EntryPoint","urlTemplate":"https:\/\/dev6.erresse-shop.it\/?s={search_term_string}"},"query-input":{"@type":"PropertyValueSpecification","valueRequired":true,"valueName":"search_term_string"}}],"inLanguage":"es"},{"@type":"Organization","@id":"https:\/\/dev6.erresse-shop.it\/#organization","name":"Erresse Shop","url":"https:\/\/dev6.erresse-shop.it\/","logo":{"@type":"ImageObject","inLanguage":"es","@id":"https:\/\/dev6.erresse-shop.it\/#\/schema\/logo\/image\/","url":"https:\/\/dev6.erresse-shop.it\/wp-content\/uploads\/2025\/01\/LOGO-ERRESSE-CLASSICO.svg","contentUrl":"https:\/\/dev6.erresse-shop.it\/wp-content\/uploads\/2025\/01\/LOGO-ERRESSE-CLASSICO.svg","caption":"Erresse Shop"},"image":{"@id":"https:\/\/dev6.erresse-shop.it\/#\/schema\/logo\/image\/"}}]}},"df_price":699,"df_sale_price":699,"df_regular_price":919,"df_image_link":"https:\/\/i2.wp.com\/interpim.erresse-shop.it\/wp-content\/uploads\/2025\/03\/JURA-Macchina-Da-Caffe-E4-Piano-White.jpg\/jura-macchina-da-caffe-e4-piano-white.jpg?resize=300,300&ssl=1","fifu_image_url":"https:\/\/interpim.erresse-shop.it\/wp-content\/uploads\/2025\/03\/JURA-Macchina-Da-Caffe-E4-Piano-White.jpg\/jura-macchina-da-caffe-e4-piano-white.jpg","_links":{"self":[{"href":"https:\/\/dev6.erresse-shop.it\/es\/wp-json\/wp\/v2\/product\/2311067","targetHints":{"allow":["GET"]}}],"collection":[{"href":"https:\/\/dev6.erresse-shop.it\/es\/wp-json\/wp\/v2\/product"}],"about":[{"href":"https:\/\/dev6.erresse-shop.it\/es\/wp-json\/wp\/v2\/types\/product"}],"wp:featuredmedia":[{"embeddable":true,"href":"https:\/\/dev6.erresse-shop.it\/es\/wp-json\/wp\/v2\/media\/6380218"}],"wp:attachment":[{"href":"https:\/\/dev6.erresse-shop.it\/es\/wp-json\/wp\/v2\/media?parent=2311067"}],"wp:term":[{"taxonomy":"product_cat","embeddable":true,"href":"https:\/\/dev6.erresse-shop.it\/es\/wp-json\/wp\/v2\/product_cat?post=2311067"},{"taxonomy":"product_tag","embeddable":true,"href":"https:\/\/dev6.erresse-shop.it\/es\/wp-json\/wp\/v2\/product_tag?post=2311067"}],"curies":[{"name":"wp","href":"https:\/\/api.w.org\/{rel}","templated":true}]}}