{"id":2311055,"date":"2026-04-12T14:17:45","date_gmt":"2026-04-12T12:17:45","guid":{"rendered":"https:\/\/dev6.erresse-shop.it\/shop\/sin%20categor\u00eda\/shark-aspirador-sin-cable-wandvac-2-0\/"},"modified":"2025-07-05T02:25:45","modified_gmt":"2025-07-05T00:25:45","slug":"shark-aspirador-sin-cable-wandvac-2-0","status":"publish","type":"product","link":"https:\/\/dev6.erresse-shop.it\/es\/shop\/pequenos-electrodomesticos\/aspiradoras\/shark-aspirador-sin-cable-wandvac-2-0\/","title":{"rendered":"SHARK Aspirador sin cable Wandvac 2.0"},"content":{"rendered":"<p>Potencia en la palma de su mano.<\/p>\n<p>Descubra la limpieza r\u00e1pida de \u00faltima generaci\u00f3n con la potente Shark WandVac 2.0, dise\u00f1ada con un motor de alta eficiencia para proporcionar m\u00e1s potencia, m\u00e1s succi\u00f3n*.<\/p>\n<p>Dise\u00f1o elegante y delgado con un peso de s\u00f3lo 700 g, disfrute de hasta 15 minutos de duraci\u00f3n de la bater\u00eda** y elija la potencia perfecta para cada tarea con 2 modos de succi\u00f3n, incluido el modo Boost.<\/p>\n<p>Desde las migas de la encimera de la cocina hasta el pelo del sof\u00e1, limpie toda la casa y el coche con 2 pr\u00e1cticos accesorios.<\/p>\n<p>Dise\u00f1ada para colocarla a la vista, se carga en su base compacta. T\u00e9ngalo a mano en la encimera para utilizarlo en caso de imprevistos.<\/p>\n<p>*Comparado con Shark WandVac WV200EU.<br \/>\n**En modo est\u00e1ndar.<\/p>\n<p>Ficha t\u00e9cnica:<br \/>\nPeso del producto 0,7 kg<br \/>\nGarant\u00eda 2 a\u00f1os<br \/>\nFiltro lavable<br \/>\nAutonom\u00eda 15 minutos<\/p>\n<p>Contenido de la caja<\/p>\n<p>Shark Wandvac Go<br \/>\nBoquilla para ranuras de recogida de polvo<br \/>\nHerramienta multisuperficie para mascotas<br \/>\nSoporte de carga<br \/>\nCompartimento para accesorios integrado<br \/>\nBater\u00eda de iones de litio (preinstalada)<\/p>\n<p>No a la venta fuera de Europa<\/p>\n","protected":false},"excerpt":{"rendered":"<p>Potencia en la palma de su mano. Descubra la limpieza r\u00e1pida de \u00faltima generaci\u00f3n con la potente Shark WandVac 2.0, dise\u00f1ada con un motor de alta eficiencia para proporcionar m\u00e1s potencia, m\u00e1s succi\u00f3n*. Dise\u00f1o elegante y delgado con un peso de s\u00f3lo 700 g, disfrute de hasta 15 minutos de duraci\u00f3n de la bater\u00eda** y [&hellip;]<\/p>\n","protected":false},"featured_media":6380178,"template":"","meta":{"_acf_changed":false},"product_cat":[11967,11947],"product_tag":[],"class_list":{"0":"post-2311055","1":"product","2":"type-product","3":"status-publish","4":"has-post-thumbnail","6":"product_cat-aspiradoras","7":"product_cat-pequenos-electrodomesticos","9":"first","10":"instock","11":"taxable","12":"shipping-taxable","13":"product-type-simple","swatches":"rey-swatches","show_selected":"","stretch_labels":"rey-swatches--stretch-labels"},"acf":[],"yoast_head":"<!-- This site is optimized with the Yoast SEO plugin v25.4 - https:\/\/yoast.com\/wordpress\/plugins\/seo\/ -->\n<title>SHARK Aspirador sin cable Wandvac 2.0 - dev6 Erresse<\/title>\n<meta name=\"description\" content=\"Potencia en la palma de su mano. Descubra la limpieza r\u00e1pida de \u00faltima generaci\u00f3n con la potente Shark WandVac 2.0, dise\u00f1ada con un motor de alta\" \/>\n<meta name=\"robots\" content=\"noindex, follow, max-snippet:-1, max-image-preview:large, max-video-preview:-1\" \/>\n<meta property=\"og:locale\" content=\"es_ES\" \/>\n<meta property=\"og:type\" content=\"article\" \/>\n<meta property=\"og:title\" content=\"SHARK Aspirador sin cable Wandvac 2.0 - dev6 Erresse\" \/>\n<meta property=\"og:description\" content=\"Potencia en la palma de su mano. Descubra la limpieza r\u00e1pida de \u00faltima generaci\u00f3n con la potente Shark WandVac 2.0, dise\u00f1ada con un motor de alta\" \/>\n<meta property=\"og:url\" content=\"https:\/\/dev6.erresse-shop.it\/es\/shop\/pequenos-electrodomesticos\/aspiradoras\/shark-aspirador-sin-cable-wandvac-2-0\/\" \/>\n<meta property=\"og:site_name\" content=\"dev6 Erresse\" \/>\n<meta property=\"og:image\" content=\"https:\/\/interpim.erresse-shop.it\/img-catalogo\/shark\/shark-aspirabriciole.jpg\" \/><meta property=\"og:image\" content=\"https:\/\/interpim.erresse-shop.it\/img-catalogo\/shark\/shark-aspirabriciole.jpg\" \/>\n\t<meta property=\"og:image:width\" content=\"1024\" \/>\n\t<meta property=\"og:image:height\" content=\"1024\" \/>\n\t<meta property=\"og:image:type\" content=\"image\/jpeg\" \/>\n<meta name=\"twitter:card\" content=\"summary_large_image\" \/>\n<meta name=\"twitter:image\" content=\"https:\/\/interpim.erresse-shop.it\/img-catalogo\/shark\/shark-aspirabriciole.jpg\" \/>\n<script type=\"application\/ld+json\" class=\"yoast-schema-graph\">{\"@context\":\"https:\/\/schema.org\",\"@graph\":[{\"@type\":\"WebPage\",\"@id\":\"https:\/\/dev6.erresse-shop.it\/es\/shop\/pequenos-electrodomesticos\/aspiradoras\/shark-aspirador-sin-cable-wandvac-2-0\/\",\"url\":\"https:\/\/dev6.erresse-shop.it\/es\/shop\/pequenos-electrodomesticos\/aspiradoras\/shark-aspirador-sin-cable-wandvac-2-0\/\",\"name\":\"SHARK Aspirador sin cable Wandvac 2.0 - dev6 Erresse\",\"isPartOf\":{\"@id\":\"https:\/\/dev6.erresse-shop.it\/#website\"},\"primaryImageOfPage\":{\"@id\":\"https:\/\/dev6.erresse-shop.it\/es\/shop\/pequenos-electrodomesticos\/aspiradoras\/shark-aspirador-sin-cable-wandvac-2-0\/#primaryimage\"},\"image\":{\"@id\":\"https:\/\/dev6.erresse-shop.it\/es\/shop\/pequenos-electrodomesticos\/aspiradoras\/shark-aspirador-sin-cable-wandvac-2-0\/#primaryimage\"},\"thumbnailUrl\":\"https:\/\/i1.wp.com\/interpim.erresse-shop.it\/img-catalogo\/shark\/shark-aspirabriciole.jpg?ssl=1\",\"datePublished\":\"2026-04-12T12:17:45+00:00\",\"description\":\"Potencia en la palma de su mano. Descubra la limpieza r\u00e1pida de \u00faltima generaci\u00f3n con la potente Shark WandVac 2.0, dise\u00f1ada con un motor de alta\",\"breadcrumb\":{\"@id\":\"https:\/\/dev6.erresse-shop.it\/es\/shop\/pequenos-electrodomesticos\/aspiradoras\/shark-aspirador-sin-cable-wandvac-2-0\/#breadcrumb\"},\"inLanguage\":\"es\",\"potentialAction\":[{\"@type\":\"ReadAction\",\"target\":[\"https:\/\/dev6.erresse-shop.it\/es\/shop\/pequenos-electrodomesticos\/aspiradoras\/shark-aspirador-sin-cable-wandvac-2-0\/\"]}]},{\"@type\":\"ImageObject\",\"inLanguage\":\"es\",\"@id\":\"https:\/\/dev6.erresse-shop.it\/es\/shop\/pequenos-electrodomesticos\/aspiradoras\/shark-aspirador-sin-cable-wandvac-2-0\/#primaryimage\",\"url\":\"https:\/\/i1.wp.com\/interpim.erresse-shop.it\/img-catalogo\/shark\/shark-aspirabriciole.jpg?ssl=1\",\"contentUrl\":\"https:\/\/i1.wp.com\/interpim.erresse-shop.it\/img-catalogo\/shark\/shark-aspirabriciole.jpg?ssl=1\"},{\"@type\":\"BreadcrumbList\",\"@id\":\"https:\/\/dev6.erresse-shop.it\/es\/shop\/pequenos-electrodomesticos\/aspiradoras\/shark-aspirador-sin-cable-wandvac-2-0\/#breadcrumb\",\"itemListElement\":[{\"@type\":\"ListItem\",\"position\":1,\"name\":\"Home\",\"item\":\"https:\/\/dev6.erresse-shop.it\/\"},{\"@type\":\"ListItem\",\"position\":2,\"name\":\"Tienda\",\"item\":\"https:\/\/dev6.erresse-shop.it\/shop\/\"},{\"@type\":\"ListItem\",\"position\":3,\"name\":\"SHARK Aspirador sin cable Wandvac 2.0\"}]},{\"@type\":\"WebSite\",\"@id\":\"https:\/\/dev6.erresse-shop.it\/#website\",\"url\":\"https:\/\/dev6.erresse-shop.it\/\",\"name\":\"Erresse Shop\",\"description\":\"\",\"publisher\":{\"@id\":\"https:\/\/dev6.erresse-shop.it\/#organization\"},\"potentialAction\":[{\"@type\":\"SearchAction\",\"target\":{\"@type\":\"EntryPoint\",\"urlTemplate\":\"https:\/\/dev6.erresse-shop.it\/?s={search_term_string}\"},\"query-input\":{\"@type\":\"PropertyValueSpecification\",\"valueRequired\":true,\"valueName\":\"search_term_string\"}}],\"inLanguage\":\"es\"},{\"@type\":\"Organization\",\"@id\":\"https:\/\/dev6.erresse-shop.it\/#organization\",\"name\":\"Erresse Shop\",\"url\":\"https:\/\/dev6.erresse-shop.it\/\",\"logo\":{\"@type\":\"ImageObject\",\"inLanguage\":\"es\",\"@id\":\"https:\/\/dev6.erresse-shop.it\/#\/schema\/logo\/image\/\",\"url\":\"https:\/\/dev6.erresse-shop.it\/wp-content\/uploads\/2025\/01\/LOGO-ERRESSE-CLASSICO.svg\",\"contentUrl\":\"https:\/\/dev6.erresse-shop.it\/wp-content\/uploads\/2025\/01\/LOGO-ERRESSE-CLASSICO.svg\",\"caption\":\"Erresse Shop\"},\"image\":{\"@id\":\"https:\/\/dev6.erresse-shop.it\/#\/schema\/logo\/image\/\"}}]}<\/script>\n<!-- \/ Yoast SEO plugin. -->","yoast_head_json":{"title":"SHARK Aspirador sin cable Wandvac 2.0 - dev6 Erresse","description":"Potencia en la palma de su mano. Descubra la limpieza r\u00e1pida de \u00faltima generaci\u00f3n con la potente Shark WandVac 2.0, dise\u00f1ada con un motor de alta","robots":{"index":"noindex","follow":"follow","max-snippet":"max-snippet:-1","max-image-preview":"max-image-preview:large","max-video-preview":"max-video-preview:-1"},"og_locale":"es_ES","og_type":"article","og_title":"SHARK Aspirador sin cable Wandvac 2.0 - dev6 Erresse","og_description":"Potencia en la palma de su mano. Descubra la limpieza r\u00e1pida de \u00faltima generaci\u00f3n con la potente Shark WandVac 2.0, dise\u00f1ada con un motor de alta","og_url":"https:\/\/dev6.erresse-shop.it\/es\/shop\/pequenos-electrodomesticos\/aspiradoras\/shark-aspirador-sin-cable-wandvac-2-0\/","og_site_name":"dev6 Erresse","og_image":[{"url":"https:\/\/interpim.erresse-shop.it\/img-catalogo\/shark\/shark-aspirabriciole.jpg","type":"","width":"","height":""},{"url":"https:\/\/interpim.erresse-shop.it\/img-catalogo\/shark\/shark-aspirabriciole.jpg","width":1024,"height":1024,"type":"image\/jpeg"}],"twitter_card":"summary_large_image","twitter_image":"https:\/\/interpim.erresse-shop.it\/img-catalogo\/shark\/shark-aspirabriciole.jpg","schema":{"@context":"https:\/\/schema.org","@graph":[{"@type":"WebPage","@id":"https:\/\/dev6.erresse-shop.it\/es\/shop\/pequenos-electrodomesticos\/aspiradoras\/shark-aspirador-sin-cable-wandvac-2-0\/","url":"https:\/\/dev6.erresse-shop.it\/es\/shop\/pequenos-electrodomesticos\/aspiradoras\/shark-aspirador-sin-cable-wandvac-2-0\/","name":"SHARK Aspirador sin cable Wandvac 2.0 - dev6 Erresse","isPartOf":{"@id":"https:\/\/dev6.erresse-shop.it\/#website"},"primaryImageOfPage":{"@id":"https:\/\/dev6.erresse-shop.it\/es\/shop\/pequenos-electrodomesticos\/aspiradoras\/shark-aspirador-sin-cable-wandvac-2-0\/#primaryimage"},"image":{"@id":"https:\/\/dev6.erresse-shop.it\/es\/shop\/pequenos-electrodomesticos\/aspiradoras\/shark-aspirador-sin-cable-wandvac-2-0\/#primaryimage"},"thumbnailUrl":"https:\/\/i1.wp.com\/interpim.erresse-shop.it\/img-catalogo\/shark\/shark-aspirabriciole.jpg?ssl=1","datePublished":"2026-04-12T12:17:45+00:00","description":"Potencia en la palma de su mano. Descubra la limpieza r\u00e1pida de \u00faltima generaci\u00f3n con la potente Shark WandVac 2.0, dise\u00f1ada con un motor de alta","breadcrumb":{"@id":"https:\/\/dev6.erresse-shop.it\/es\/shop\/pequenos-electrodomesticos\/aspiradoras\/shark-aspirador-sin-cable-wandvac-2-0\/#breadcrumb"},"inLanguage":"es","potentialAction":[{"@type":"ReadAction","target":["https:\/\/dev6.erresse-shop.it\/es\/shop\/pequenos-electrodomesticos\/aspiradoras\/shark-aspirador-sin-cable-wandvac-2-0\/"]}]},{"@type":"ImageObject","inLanguage":"es","@id":"https:\/\/dev6.erresse-shop.it\/es\/shop\/pequenos-electrodomesticos\/aspiradoras\/shark-aspirador-sin-cable-wandvac-2-0\/#primaryimage","url":"https:\/\/i1.wp.com\/interpim.erresse-shop.it\/img-catalogo\/shark\/shark-aspirabriciole.jpg?ssl=1","contentUrl":"https:\/\/i1.wp.com\/interpim.erresse-shop.it\/img-catalogo\/shark\/shark-aspirabriciole.jpg?ssl=1"},{"@type":"BreadcrumbList","@id":"https:\/\/dev6.erresse-shop.it\/es\/shop\/pequenos-electrodomesticos\/aspiradoras\/shark-aspirador-sin-cable-wandvac-2-0\/#breadcrumb","itemListElement":[{"@type":"ListItem","position":1,"name":"Home","item":"https:\/\/dev6.erresse-shop.it\/"},{"@type":"ListItem","position":2,"name":"Tienda","item":"https:\/\/dev6.erresse-shop.it\/shop\/"},{"@type":"ListItem","position":3,"name":"SHARK Aspirador sin cable Wandvac 2.0"}]},{"@type":"WebSite","@id":"https:\/\/dev6.erresse-shop.it\/#website","url":"https:\/\/dev6.erresse-shop.it\/","name":"Erresse Shop","description":"","publisher":{"@id":"https:\/\/dev6.erresse-shop.it\/#organization"},"potentialAction":[{"@type":"SearchAction","target":{"@type":"EntryPoint","urlTemplate":"https:\/\/dev6.erresse-shop.it\/?s={search_term_string}"},"query-input":{"@type":"PropertyValueSpecification","valueRequired":true,"valueName":"search_term_string"}}],"inLanguage":"es"},{"@type":"Organization","@id":"https:\/\/dev6.erresse-shop.it\/#organization","name":"Erresse Shop","url":"https:\/\/dev6.erresse-shop.it\/","logo":{"@type":"ImageObject","inLanguage":"es","@id":"https:\/\/dev6.erresse-shop.it\/#\/schema\/logo\/image\/","url":"https:\/\/dev6.erresse-shop.it\/wp-content\/uploads\/2025\/01\/LOGO-ERRESSE-CLASSICO.svg","contentUrl":"https:\/\/dev6.erresse-shop.it\/wp-content\/uploads\/2025\/01\/LOGO-ERRESSE-CLASSICO.svg","caption":"Erresse Shop"},"image":{"@id":"https:\/\/dev6.erresse-shop.it\/#\/schema\/logo\/image\/"}}]}},"df_price":"","df_sale_price":"","df_regular_price":"","df_image_link":"https:\/\/i1.wp.com\/interpim.erresse-shop.it\/img-catalogo\/shark\/shark-aspirabriciole.jpg?resize=300,300&ssl=1","fifu_image_url":"https:\/\/interpim.erresse-shop.it\/img-catalogo\/shark\/shark-aspirabriciole.jpg","_links":{"self":[{"href":"https:\/\/dev6.erresse-shop.it\/es\/wp-json\/wp\/v2\/product\/2311055","targetHints":{"allow":["GET"]}}],"collection":[{"href":"https:\/\/dev6.erresse-shop.it\/es\/wp-json\/wp\/v2\/product"}],"about":[{"href":"https:\/\/dev6.erresse-shop.it\/es\/wp-json\/wp\/v2\/types\/product"}],"wp:featuredmedia":[{"embeddable":true,"href":"https:\/\/dev6.erresse-shop.it\/es\/wp-json\/wp\/v2\/media\/6380178"}],"wp:attachment":[{"href":"https:\/\/dev6.erresse-shop.it\/es\/wp-json\/wp\/v2\/media?parent=2311055"}],"wp:term":[{"taxonomy":"product_cat","embeddable":true,"href":"https:\/\/dev6.erresse-shop.it\/es\/wp-json\/wp\/v2\/product_cat?post=2311055"},{"taxonomy":"product_tag","embeddable":true,"href":"https:\/\/dev6.erresse-shop.it\/es\/wp-json\/wp\/v2\/product_tag?post=2311055"}],"curies":[{"name":"wp","href":"https:\/\/api.w.org\/{rel}","templated":true}]}}