{"id":2311053,"date":"2026-04-12T14:17:45","date_gmt":"2026-04-12T12:17:45","guid":{"rendered":"https:\/\/dev6.erresse-shop.it\/shop\/sin%20categor\u00eda\/shark-aspirador-sin-cable-wandvac\/"},"modified":"2025-07-05T02:25:41","modified_gmt":"2025-07-05T00:25:41","slug":"shark-aspirador-sin-cable-wandvac","status":"publish","type":"product","link":"https:\/\/dev6.erresse-shop.it\/es\/shop\/pequenos-electrodomesticos\/aspiradoras\/shark-aspirador-sin-cable-wandvac\/","title":{"rendered":"SHARK Aspirador sin cable Wandvac"},"content":{"rendered":"<p>Una potente herramienta de limpieza para tener siempre a mano.<br \/>\nShark redefine la limpieza r\u00e1pida con este aspirador sin cable ligero y potente. Equipado con un motor de alta eficiencia y tecnolog\u00eda de carga r\u00e1pida.<br \/>\nIndispensable en la cocina o el coche para aspirar f\u00e1cilmente las migas y los restos de comida seca de encimeras y mesas. Elimina sin esfuerzo el polvo y los pelos de mascotas de tapicer\u00edas, escaleras, sof\u00e1s y asientos de coche gracias a sus pr\u00e1cticos accesorios.<br \/>\nMantenga la delgada y elegante base de carga sobre la encimera, para que el aparato est\u00e9 siempre listo para usar cuando lo necesite.<br \/>\nDelgada, elegante y con un dise\u00f1o para presumir. Shark redefine la limpieza por zonas con este aspirador sin cable ligero y potente.<br \/>\nPara una limpieza r\u00e1pida, nuestros ingenieros han desarrollado este aspirador compacto y ligero con un motor de alta eficiencia para una succi\u00f3n excepcional.<br \/>\nSiempre listo cuando lo necesite. Mantenga la base de carga r\u00e1pida sobre la encimera, para que la unidad est\u00e9 siempre a mano. Se carga mientras est\u00e1 acoplado en su base, por lo que siempre estar\u00e1 listo para usar. Hasta 8 minutos de autonom\u00eda por carga.<\/p>\n<p>En la cocina, aspira las migas y los restos de comida seca de encimeras y mesas en cuesti\u00f3n de segundos. La boquilla para hendiduras y el accesorio para pelo de mascotas incluidos son ideales para aspirar el pelo de las mascotas de los sof\u00e1s, refrescar tapicer\u00edas y cortinas y eliminar las molestas migas del interior de los coches. Esto la hace ideal para familias con ni\u00f1os y mascotas.<\/p>\n<p>Dise\u00f1ado para su comodidad, el dep\u00f3sito de recogida de polvo se abre con un simple toque. La tecnolog\u00eda del filtro est\u00e1 dise\u00f1ada para capturar el polvo y las part\u00edculas.<\/p>\n<p>Ficha t\u00e9cnica:<\/p>\n<p>Color Gris<\/p>\n<p>Peso del producto 1,3 kg<\/p>\n<p>Garant\u00eda 2 a\u00f1os<\/p>\n<p>Filtro lavable<\/p>\n<p>Autonom\u00eda 8 minutos<\/p>\n<p>Contenido de la caja<\/p>\n<p>1 Aspirador sin cable<\/p>\n<p>1 Bater\u00eda de iones de litio<\/p>\n<p>Base de carga<\/p>\n<p>Enchufe cargador BS<\/p>\n<p>Boquilla para hendiduras con cepillo integrado<\/p>\n<p>Accesorio multiusos para mascotas<\/p>\n<p>No a la venta fuera de Europa<\/p>\n","protected":false},"excerpt":{"rendered":"<p>Una potente herramienta de limpieza para tener siempre a mano. Shark redefine la limpieza r\u00e1pida con este aspirador sin cable ligero y potente. Equipado con un motor de alta eficiencia y tecnolog\u00eda de carga r\u00e1pida. Indispensable en la cocina o el coche para aspirar f\u00e1cilmente las migas y los restos de comida seca de encimeras [&hellip;]<\/p>\n","protected":false},"featured_media":6380170,"template":"","meta":{"_acf_changed":false},"product_cat":[11967,11947],"product_tag":[],"class_list":{"0":"post-2311053","1":"product","2":"type-product","3":"status-publish","4":"has-post-thumbnail","6":"product_cat-aspiradoras","7":"product_cat-pequenos-electrodomesticos","9":"first","10":"instock","11":"taxable","12":"shipping-taxable","13":"product-type-simple","swatches":"rey-swatches","show_selected":"","stretch_labels":"rey-swatches--stretch-labels"},"acf":[],"yoast_head":"<!-- This site is optimized with the Yoast SEO plugin v25.4 - https:\/\/yoast.com\/wordpress\/plugins\/seo\/ -->\n<title>SHARK Aspirador sin cable Wandvac - dev6 Erresse<\/title>\n<meta name=\"description\" content=\"Una potente herramienta de limpieza para tener siempre a mano. Shark redefine la limpieza r\u00e1pida con este aspirador sin cable ligero y potente. Equipado\" \/>\n<meta name=\"robots\" content=\"noindex, follow, max-snippet:-1, max-image-preview:large, max-video-preview:-1\" \/>\n<meta property=\"og:locale\" content=\"es_ES\" \/>\n<meta property=\"og:type\" content=\"article\" \/>\n<meta property=\"og:title\" content=\"SHARK Aspirador sin cable Wandvac - dev6 Erresse\" \/>\n<meta property=\"og:description\" content=\"Una potente herramienta de limpieza para tener siempre a mano. Shark redefine la limpieza r\u00e1pida con este aspirador sin cable ligero y potente. Equipado\" \/>\n<meta property=\"og:url\" content=\"https:\/\/dev6.erresse-shop.it\/es\/shop\/pequenos-electrodomesticos\/aspiradoras\/shark-aspirador-sin-cable-wandvac\/\" \/>\n<meta property=\"og:site_name\" content=\"dev6 Erresse\" \/>\n<meta property=\"og:image\" content=\"https:\/\/interpim.erresse-shop.it\/img-catalogo\/shark\/shark-aspirabriciole-senza-filo-shark-wandvac-1.0-wv200eu.png\" \/><meta property=\"og:image\" content=\"https:\/\/interpim.erresse-shop.it\/img-catalogo\/shark\/shark-aspirabriciole-senza-filo-shark-wandvac-1.0-wv200eu.png\" \/>\n\t<meta property=\"og:image:width\" content=\"1024\" \/>\n\t<meta property=\"og:image:height\" content=\"1024\" \/>\n\t<meta property=\"og:image:type\" content=\"image\/jpeg\" \/>\n<meta name=\"twitter:card\" content=\"summary_large_image\" \/>\n<meta name=\"twitter:image\" content=\"https:\/\/interpim.erresse-shop.it\/img-catalogo\/shark\/shark-aspirabriciole-senza-filo-shark-wandvac-1.0-wv200eu.png\" \/>\n<script type=\"application\/ld+json\" class=\"yoast-schema-graph\">{\"@context\":\"https:\/\/schema.org\",\"@graph\":[{\"@type\":\"WebPage\",\"@id\":\"https:\/\/dev6.erresse-shop.it\/es\/shop\/pequenos-electrodomesticos\/aspiradoras\/shark-aspirador-sin-cable-wandvac\/\",\"url\":\"https:\/\/dev6.erresse-shop.it\/es\/shop\/pequenos-electrodomesticos\/aspiradoras\/shark-aspirador-sin-cable-wandvac\/\",\"name\":\"SHARK Aspirador sin cable Wandvac - dev6 Erresse\",\"isPartOf\":{\"@id\":\"https:\/\/dev6.erresse-shop.it\/#website\"},\"primaryImageOfPage\":{\"@id\":\"https:\/\/dev6.erresse-shop.it\/es\/shop\/pequenos-electrodomesticos\/aspiradoras\/shark-aspirador-sin-cable-wandvac\/#primaryimage\"},\"image\":{\"@id\":\"https:\/\/dev6.erresse-shop.it\/es\/shop\/pequenos-electrodomesticos\/aspiradoras\/shark-aspirador-sin-cable-wandvac\/#primaryimage\"},\"thumbnailUrl\":\"https:\/\/i3.wp.com\/interpim.erresse-shop.it\/img-catalogo\/shark\/shark-aspirabriciole-senza-filo-shark-wandvac-1.0-wv200eu.png?ssl=1\",\"datePublished\":\"2026-04-12T12:17:45+00:00\",\"description\":\"Una potente herramienta de limpieza para tener siempre a mano. Shark redefine la limpieza r\u00e1pida con este aspirador sin cable ligero y potente. Equipado\",\"breadcrumb\":{\"@id\":\"https:\/\/dev6.erresse-shop.it\/es\/shop\/pequenos-electrodomesticos\/aspiradoras\/shark-aspirador-sin-cable-wandvac\/#breadcrumb\"},\"inLanguage\":\"es\",\"potentialAction\":[{\"@type\":\"ReadAction\",\"target\":[\"https:\/\/dev6.erresse-shop.it\/es\/shop\/pequenos-electrodomesticos\/aspiradoras\/shark-aspirador-sin-cable-wandvac\/\"]}]},{\"@type\":\"ImageObject\",\"inLanguage\":\"es\",\"@id\":\"https:\/\/dev6.erresse-shop.it\/es\/shop\/pequenos-electrodomesticos\/aspiradoras\/shark-aspirador-sin-cable-wandvac\/#primaryimage\",\"url\":\"https:\/\/i3.wp.com\/interpim.erresse-shop.it\/img-catalogo\/shark\/shark-aspirabriciole-senza-filo-shark-wandvac-1.0-wv200eu.png?ssl=1\",\"contentUrl\":\"https:\/\/i3.wp.com\/interpim.erresse-shop.it\/img-catalogo\/shark\/shark-aspirabriciole-senza-filo-shark-wandvac-1.0-wv200eu.png?ssl=1\"},{\"@type\":\"BreadcrumbList\",\"@id\":\"https:\/\/dev6.erresse-shop.it\/es\/shop\/pequenos-electrodomesticos\/aspiradoras\/shark-aspirador-sin-cable-wandvac\/#breadcrumb\",\"itemListElement\":[{\"@type\":\"ListItem\",\"position\":1,\"name\":\"Home\",\"item\":\"https:\/\/dev6.erresse-shop.it\/\"},{\"@type\":\"ListItem\",\"position\":2,\"name\":\"Tienda\",\"item\":\"https:\/\/dev6.erresse-shop.it\/shop\/\"},{\"@type\":\"ListItem\",\"position\":3,\"name\":\"SHARK Aspirador sin cable Wandvac\"}]},{\"@type\":\"WebSite\",\"@id\":\"https:\/\/dev6.erresse-shop.it\/#website\",\"url\":\"https:\/\/dev6.erresse-shop.it\/\",\"name\":\"Erresse Shop\",\"description\":\"\",\"publisher\":{\"@id\":\"https:\/\/dev6.erresse-shop.it\/#organization\"},\"potentialAction\":[{\"@type\":\"SearchAction\",\"target\":{\"@type\":\"EntryPoint\",\"urlTemplate\":\"https:\/\/dev6.erresse-shop.it\/?s={search_term_string}\"},\"query-input\":{\"@type\":\"PropertyValueSpecification\",\"valueRequired\":true,\"valueName\":\"search_term_string\"}}],\"inLanguage\":\"es\"},{\"@type\":\"Organization\",\"@id\":\"https:\/\/dev6.erresse-shop.it\/#organization\",\"name\":\"Erresse Shop\",\"url\":\"https:\/\/dev6.erresse-shop.it\/\",\"logo\":{\"@type\":\"ImageObject\",\"inLanguage\":\"es\",\"@id\":\"https:\/\/dev6.erresse-shop.it\/#\/schema\/logo\/image\/\",\"url\":\"https:\/\/dev6.erresse-shop.it\/wp-content\/uploads\/2025\/01\/LOGO-ERRESSE-CLASSICO.svg\",\"contentUrl\":\"https:\/\/dev6.erresse-shop.it\/wp-content\/uploads\/2025\/01\/LOGO-ERRESSE-CLASSICO.svg\",\"caption\":\"Erresse Shop\"},\"image\":{\"@id\":\"https:\/\/dev6.erresse-shop.it\/#\/schema\/logo\/image\/\"}}]}<\/script>\n<!-- \/ Yoast SEO plugin. -->","yoast_head_json":{"title":"SHARK Aspirador sin cable Wandvac - dev6 Erresse","description":"Una potente herramienta de limpieza para tener siempre a mano. Shark redefine la limpieza r\u00e1pida con este aspirador sin cable ligero y potente. Equipado","robots":{"index":"noindex","follow":"follow","max-snippet":"max-snippet:-1","max-image-preview":"max-image-preview:large","max-video-preview":"max-video-preview:-1"},"og_locale":"es_ES","og_type":"article","og_title":"SHARK Aspirador sin cable Wandvac - dev6 Erresse","og_description":"Una potente herramienta de limpieza para tener siempre a mano. Shark redefine la limpieza r\u00e1pida con este aspirador sin cable ligero y potente. Equipado","og_url":"https:\/\/dev6.erresse-shop.it\/es\/shop\/pequenos-electrodomesticos\/aspiradoras\/shark-aspirador-sin-cable-wandvac\/","og_site_name":"dev6 Erresse","og_image":[{"url":"https:\/\/interpim.erresse-shop.it\/img-catalogo\/shark\/shark-aspirabriciole-senza-filo-shark-wandvac-1.0-wv200eu.png","type":"","width":"","height":""},{"url":"https:\/\/interpim.erresse-shop.it\/img-catalogo\/shark\/shark-aspirabriciole-senza-filo-shark-wandvac-1.0-wv200eu.png","width":1024,"height":1024,"type":"image\/jpeg"}],"twitter_card":"summary_large_image","twitter_image":"https:\/\/interpim.erresse-shop.it\/img-catalogo\/shark\/shark-aspirabriciole-senza-filo-shark-wandvac-1.0-wv200eu.png","schema":{"@context":"https:\/\/schema.org","@graph":[{"@type":"WebPage","@id":"https:\/\/dev6.erresse-shop.it\/es\/shop\/pequenos-electrodomesticos\/aspiradoras\/shark-aspirador-sin-cable-wandvac\/","url":"https:\/\/dev6.erresse-shop.it\/es\/shop\/pequenos-electrodomesticos\/aspiradoras\/shark-aspirador-sin-cable-wandvac\/","name":"SHARK Aspirador sin cable Wandvac - dev6 Erresse","isPartOf":{"@id":"https:\/\/dev6.erresse-shop.it\/#website"},"primaryImageOfPage":{"@id":"https:\/\/dev6.erresse-shop.it\/es\/shop\/pequenos-electrodomesticos\/aspiradoras\/shark-aspirador-sin-cable-wandvac\/#primaryimage"},"image":{"@id":"https:\/\/dev6.erresse-shop.it\/es\/shop\/pequenos-electrodomesticos\/aspiradoras\/shark-aspirador-sin-cable-wandvac\/#primaryimage"},"thumbnailUrl":"https:\/\/i3.wp.com\/interpim.erresse-shop.it\/img-catalogo\/shark\/shark-aspirabriciole-senza-filo-shark-wandvac-1.0-wv200eu.png?ssl=1","datePublished":"2026-04-12T12:17:45+00:00","description":"Una potente herramienta de limpieza para tener siempre a mano. Shark redefine la limpieza r\u00e1pida con este aspirador sin cable ligero y potente. Equipado","breadcrumb":{"@id":"https:\/\/dev6.erresse-shop.it\/es\/shop\/pequenos-electrodomesticos\/aspiradoras\/shark-aspirador-sin-cable-wandvac\/#breadcrumb"},"inLanguage":"es","potentialAction":[{"@type":"ReadAction","target":["https:\/\/dev6.erresse-shop.it\/es\/shop\/pequenos-electrodomesticos\/aspiradoras\/shark-aspirador-sin-cable-wandvac\/"]}]},{"@type":"ImageObject","inLanguage":"es","@id":"https:\/\/dev6.erresse-shop.it\/es\/shop\/pequenos-electrodomesticos\/aspiradoras\/shark-aspirador-sin-cable-wandvac\/#primaryimage","url":"https:\/\/i3.wp.com\/interpim.erresse-shop.it\/img-catalogo\/shark\/shark-aspirabriciole-senza-filo-shark-wandvac-1.0-wv200eu.png?ssl=1","contentUrl":"https:\/\/i3.wp.com\/interpim.erresse-shop.it\/img-catalogo\/shark\/shark-aspirabriciole-senza-filo-shark-wandvac-1.0-wv200eu.png?ssl=1"},{"@type":"BreadcrumbList","@id":"https:\/\/dev6.erresse-shop.it\/es\/shop\/pequenos-electrodomesticos\/aspiradoras\/shark-aspirador-sin-cable-wandvac\/#breadcrumb","itemListElement":[{"@type":"ListItem","position":1,"name":"Home","item":"https:\/\/dev6.erresse-shop.it\/"},{"@type":"ListItem","position":2,"name":"Tienda","item":"https:\/\/dev6.erresse-shop.it\/shop\/"},{"@type":"ListItem","position":3,"name":"SHARK Aspirador sin cable Wandvac"}]},{"@type":"WebSite","@id":"https:\/\/dev6.erresse-shop.it\/#website","url":"https:\/\/dev6.erresse-shop.it\/","name":"Erresse Shop","description":"","publisher":{"@id":"https:\/\/dev6.erresse-shop.it\/#organization"},"potentialAction":[{"@type":"SearchAction","target":{"@type":"EntryPoint","urlTemplate":"https:\/\/dev6.erresse-shop.it\/?s={search_term_string}"},"query-input":{"@type":"PropertyValueSpecification","valueRequired":true,"valueName":"search_term_string"}}],"inLanguage":"es"},{"@type":"Organization","@id":"https:\/\/dev6.erresse-shop.it\/#organization","name":"Erresse Shop","url":"https:\/\/dev6.erresse-shop.it\/","logo":{"@type":"ImageObject","inLanguage":"es","@id":"https:\/\/dev6.erresse-shop.it\/#\/schema\/logo\/image\/","url":"https:\/\/dev6.erresse-shop.it\/wp-content\/uploads\/2025\/01\/LOGO-ERRESSE-CLASSICO.svg","contentUrl":"https:\/\/dev6.erresse-shop.it\/wp-content\/uploads\/2025\/01\/LOGO-ERRESSE-CLASSICO.svg","caption":"Erresse Shop"},"image":{"@id":"https:\/\/dev6.erresse-shop.it\/#\/schema\/logo\/image\/"}}]}},"df_price":"","df_sale_price":"","df_regular_price":"","df_image_link":"https:\/\/i3.wp.com\/interpim.erresse-shop.it\/img-catalogo\/shark\/shark-aspirabriciole-senza-filo-shark-wandvac-1.0-wv200eu.png?resize=300,300&ssl=1","fifu_image_url":"https:\/\/interpim.erresse-shop.it\/img-catalogo\/shark\/shark-aspirabriciole-senza-filo-shark-wandvac-1.0-wv200eu.png","_links":{"self":[{"href":"https:\/\/dev6.erresse-shop.it\/es\/wp-json\/wp\/v2\/product\/2311053","targetHints":{"allow":["GET"]}}],"collection":[{"href":"https:\/\/dev6.erresse-shop.it\/es\/wp-json\/wp\/v2\/product"}],"about":[{"href":"https:\/\/dev6.erresse-shop.it\/es\/wp-json\/wp\/v2\/types\/product"}],"wp:featuredmedia":[{"embeddable":true,"href":"https:\/\/dev6.erresse-shop.it\/es\/wp-json\/wp\/v2\/media\/6380170"}],"wp:attachment":[{"href":"https:\/\/dev6.erresse-shop.it\/es\/wp-json\/wp\/v2\/media?parent=2311053"}],"wp:term":[{"taxonomy":"product_cat","embeddable":true,"href":"https:\/\/dev6.erresse-shop.it\/es\/wp-json\/wp\/v2\/product_cat?post=2311053"},{"taxonomy":"product_tag","embeddable":true,"href":"https:\/\/dev6.erresse-shop.it\/es\/wp-json\/wp\/v2\/product_tag?post=2311053"}],"curies":[{"name":"wp","href":"https:\/\/api.w.org\/{rel}","templated":true}]}}