{"id":2311051,"date":"2026-04-12T14:17:45","date_gmt":"2026-04-12T12:17:45","guid":{"rendered":"https:\/\/dev6.erresse-shop.it\/shop\/sin%20categor\u00eda\/mauviel-1830-sarten-1-mango-30-cm\/"},"modified":"2025-07-05T02:25:36","modified_gmt":"2025-07-05T00:25:36","slug":"mauviel-1830-sarten-1-mango-30-cm","status":"publish","type":"product","link":"https:\/\/dev6.erresse-shop.it\/es\/shop\/sartenes-y-ollas\/mauviel-1830-sarten-1-mango-30-cm\/","title":{"rendered":"MAUVIEL 1830 Sart\u00e9n 1 mango 30 cm"},"content":{"rendered":"<p>Sart\u00e9n redonda de cobre con interior de acero inoxidable bilaminado y marco de acero inoxidable fundido de la colecci\u00f3n M\u2019150S.<br \/>\nLa sart\u00e9n redonda es un utensilio de cocina esencial. Baja, con borde acampanado y cola larga, la sart\u00e9n es pr\u00e1ctica, manejable y muy funcional en el uso diario, para dorar, saltear, asar. La sart\u00e9n tambi\u00e9n se utiliza para cocinar diversas preparaciones, como crepes o tortillas. Es un utensilio vers\u00e1til que elegimos con cuidado, para una cocina sana y eficaz; los materiales de alta gama utilizados por la f\u00e1brica Mauviel1830 durante la producci\u00f3n garantizan un excelente rendimiento y una gran durabilidad. La sart\u00e9n se utiliza sin tapa y principalmente para cocciones en\u00e9rgicas.<br \/>\nLa colecci\u00f3n M\u2019H\u00e9ritage es una sutil fusi\u00f3n de dos materiales tradicionales y de alto rendimiento. El cobre pulido combinado con el acero inoxidable renueva el placer de cocinar. Su interior de acero inoxidable 18\/10 es ideal para cocinar a diario. El cobre garantiza una excelente conducci\u00f3n del calor de forma r\u00e1pida y uniforme, lo que confiere a la l\u00ednea una excelente calidad de cocci\u00f3n. La colecci\u00f3n, compuesta por un 90% de cobre y un 10% de acero inoxidable, se ofrece en diferentes marcos y en dos grosores, para que todos puedan encontrar el utensilio culinario que se adapte a sus usos y gustos.<\/p>\n<p>CARACTER\u00cdSTICAS T\u00c9CNICAS:<\/p>\n<p>Di\u00e1metro: 30 cm<\/p>\n<p>Altura: 4,5 cm<\/p>\n<p>Capacidad: 2,9 L<\/p>\n<p>Dimensiones: 55,5\u00d731,5 cm<\/p>\n<p>Uso:<\/p>\n<p>Todos los quemadores excepto inducci\u00f3n \u2013 Compatible con horno \u2013 No apta para lavavajillas<\/p>\n<p>Todos los productos se fabrican en Normand\u00eda, en Villedieu-les-Po\u00eales.<\/p>\n","protected":false},"excerpt":{"rendered":"<p>Sart\u00e9n redonda de cobre con interior de acero inoxidable bilaminado y marco de acero inoxidable fundido de la colecci\u00f3n M\u2019150S. La sart\u00e9n redonda es un utensilio de cocina esencial. Baja, con borde acampanado y cola larga, la sart\u00e9n es pr\u00e1ctica, manejable y muy funcional en el uso diario, para dorar, saltear, asar. La sart\u00e9n tambi\u00e9n [&hellip;]<\/p>\n","protected":false},"featured_media":6380167,"template":"","meta":{"_acf_changed":false},"product_cat":[11883],"product_tag":[],"class_list":{"0":"post-2311051","1":"product","2":"type-product","3":"status-publish","4":"has-post-thumbnail","6":"product_cat-sartenes-y-ollas","8":"first","9":"instock","10":"taxable","11":"shipping-taxable","12":"product-type-simple","swatches":"rey-swatches","show_selected":"","stretch_labels":"rey-swatches--stretch-labels"},"acf":[],"yoast_head":"<!-- This site is optimized with the Yoast SEO plugin v25.4 - https:\/\/yoast.com\/wordpress\/plugins\/seo\/ -->\n<title>MAUVIEL 1830 Sart\u00e9n 1 mango 30 cm - dev6 Erresse<\/title>\n<meta name=\"description\" content=\"Sart\u00e9n redonda de cobre con interior de acero inoxidable bilaminado y marco de acero inoxidable fundido de la colecci\u00f3n M\u2019150S. La sart\u00e9n redonda es un\" \/>\n<meta name=\"robots\" content=\"noindex, follow, max-snippet:-1, max-image-preview:large, max-video-preview:-1\" \/>\n<meta property=\"og:locale\" content=\"es_ES\" \/>\n<meta property=\"og:type\" content=\"article\" \/>\n<meta property=\"og:title\" content=\"MAUVIEL 1830 Sart\u00e9n 1 mango 30 cm - dev6 Erresse\" \/>\n<meta property=\"og:description\" content=\"Sart\u00e9n redonda de cobre con interior de acero inoxidable bilaminado y marco de acero inoxidable fundido de la colecci\u00f3n M\u2019150S. La sart\u00e9n redonda es un\" \/>\n<meta property=\"og:url\" content=\"https:\/\/dev6.erresse-shop.it\/es\/shop\/sartenes-y-ollas\/mauviel-1830-sarten-1-mango-30-cm\/\" \/>\n<meta property=\"og:site_name\" content=\"dev6 Erresse\" \/>\n<meta property=\"og:image\" content=\"https:\/\/interpim.erresse-shop.it\/Import\/Prodotti\/mauviel1830-padella-1-manico-cm-30-in-rame-m-150s.png\" \/><meta property=\"og:image\" content=\"https:\/\/interpim.erresse-shop.it\/Import\/Prodotti\/mauviel1830-padella-1-manico-cm-30-in-rame-m-150s.png\" \/>\n\t<meta property=\"og:image:width\" content=\"1024\" \/>\n\t<meta property=\"og:image:height\" content=\"1024\" \/>\n\t<meta property=\"og:image:type\" content=\"image\/jpeg\" \/>\n<meta name=\"twitter:card\" content=\"summary_large_image\" \/>\n<meta name=\"twitter:image\" content=\"https:\/\/interpim.erresse-shop.it\/Import\/Prodotti\/mauviel1830-padella-1-manico-cm-30-in-rame-m-150s.png\" \/>\n<script type=\"application\/ld+json\" class=\"yoast-schema-graph\">{\"@context\":\"https:\/\/schema.org\",\"@graph\":[{\"@type\":\"WebPage\",\"@id\":\"https:\/\/dev6.erresse-shop.it\/es\/shop\/sartenes-y-ollas\/mauviel-1830-sarten-1-mango-30-cm\/\",\"url\":\"https:\/\/dev6.erresse-shop.it\/es\/shop\/sartenes-y-ollas\/mauviel-1830-sarten-1-mango-30-cm\/\",\"name\":\"MAUVIEL 1830 Sart\u00e9n 1 mango 30 cm - dev6 Erresse\",\"isPartOf\":{\"@id\":\"https:\/\/dev6.erresse-shop.it\/#website\"},\"primaryImageOfPage\":{\"@id\":\"https:\/\/dev6.erresse-shop.it\/es\/shop\/sartenes-y-ollas\/mauviel-1830-sarten-1-mango-30-cm\/#primaryimage\"},\"image\":{\"@id\":\"https:\/\/dev6.erresse-shop.it\/es\/shop\/sartenes-y-ollas\/mauviel-1830-sarten-1-mango-30-cm\/#primaryimage\"},\"thumbnailUrl\":\"https:\/\/i3.wp.com\/interpim.erresse-shop.it\/Import\/Prodotti\/mauviel1830-padella-1-manico-cm-30-in-rame-m-150s.png?ssl=1\",\"datePublished\":\"2026-04-12T12:17:45+00:00\",\"description\":\"Sart\u00e9n redonda de cobre con interior de acero inoxidable bilaminado y marco de acero inoxidable fundido de la colecci\u00f3n M\u2019150S. La sart\u00e9n redonda es un\",\"breadcrumb\":{\"@id\":\"https:\/\/dev6.erresse-shop.it\/es\/shop\/sartenes-y-ollas\/mauviel-1830-sarten-1-mango-30-cm\/#breadcrumb\"},\"inLanguage\":\"es\",\"potentialAction\":[{\"@type\":\"ReadAction\",\"target\":[\"https:\/\/dev6.erresse-shop.it\/es\/shop\/sartenes-y-ollas\/mauviel-1830-sarten-1-mango-30-cm\/\"]}]},{\"@type\":\"ImageObject\",\"inLanguage\":\"es\",\"@id\":\"https:\/\/dev6.erresse-shop.it\/es\/shop\/sartenes-y-ollas\/mauviel-1830-sarten-1-mango-30-cm\/#primaryimage\",\"url\":\"https:\/\/i3.wp.com\/interpim.erresse-shop.it\/Import\/Prodotti\/mauviel1830-padella-1-manico-cm-30-in-rame-m-150s.png?ssl=1\",\"contentUrl\":\"https:\/\/i3.wp.com\/interpim.erresse-shop.it\/Import\/Prodotti\/mauviel1830-padella-1-manico-cm-30-in-rame-m-150s.png?ssl=1\"},{\"@type\":\"BreadcrumbList\",\"@id\":\"https:\/\/dev6.erresse-shop.it\/es\/shop\/sartenes-y-ollas\/mauviel-1830-sarten-1-mango-30-cm\/#breadcrumb\",\"itemListElement\":[{\"@type\":\"ListItem\",\"position\":1,\"name\":\"Home\",\"item\":\"https:\/\/dev6.erresse-shop.it\/\"},{\"@type\":\"ListItem\",\"position\":2,\"name\":\"Tienda\",\"item\":\"https:\/\/dev6.erresse-shop.it\/shop\/\"},{\"@type\":\"ListItem\",\"position\":3,\"name\":\"MAUVIEL 1830 Sart\u00e9n 1 mango 30 cm\"}]},{\"@type\":\"WebSite\",\"@id\":\"https:\/\/dev6.erresse-shop.it\/#website\",\"url\":\"https:\/\/dev6.erresse-shop.it\/\",\"name\":\"Erresse Shop\",\"description\":\"\",\"publisher\":{\"@id\":\"https:\/\/dev6.erresse-shop.it\/#organization\"},\"potentialAction\":[{\"@type\":\"SearchAction\",\"target\":{\"@type\":\"EntryPoint\",\"urlTemplate\":\"https:\/\/dev6.erresse-shop.it\/?s={search_term_string}\"},\"query-input\":{\"@type\":\"PropertyValueSpecification\",\"valueRequired\":true,\"valueName\":\"search_term_string\"}}],\"inLanguage\":\"es\"},{\"@type\":\"Organization\",\"@id\":\"https:\/\/dev6.erresse-shop.it\/#organization\",\"name\":\"Erresse Shop\",\"url\":\"https:\/\/dev6.erresse-shop.it\/\",\"logo\":{\"@type\":\"ImageObject\",\"inLanguage\":\"es\",\"@id\":\"https:\/\/dev6.erresse-shop.it\/#\/schema\/logo\/image\/\",\"url\":\"https:\/\/dev6.erresse-shop.it\/wp-content\/uploads\/2025\/01\/LOGO-ERRESSE-CLASSICO.svg\",\"contentUrl\":\"https:\/\/dev6.erresse-shop.it\/wp-content\/uploads\/2025\/01\/LOGO-ERRESSE-CLASSICO.svg\",\"caption\":\"Erresse Shop\"},\"image\":{\"@id\":\"https:\/\/dev6.erresse-shop.it\/#\/schema\/logo\/image\/\"}}]}<\/script>\n<!-- \/ Yoast SEO plugin. -->","yoast_head_json":{"title":"MAUVIEL 1830 Sart\u00e9n 1 mango 30 cm - dev6 Erresse","description":"Sart\u00e9n redonda de cobre con interior de acero inoxidable bilaminado y marco de acero inoxidable fundido de la colecci\u00f3n M\u2019150S. La sart\u00e9n redonda es un","robots":{"index":"noindex","follow":"follow","max-snippet":"max-snippet:-1","max-image-preview":"max-image-preview:large","max-video-preview":"max-video-preview:-1"},"og_locale":"es_ES","og_type":"article","og_title":"MAUVIEL 1830 Sart\u00e9n 1 mango 30 cm - dev6 Erresse","og_description":"Sart\u00e9n redonda de cobre con interior de acero inoxidable bilaminado y marco de acero inoxidable fundido de la colecci\u00f3n M\u2019150S. La sart\u00e9n redonda es un","og_url":"https:\/\/dev6.erresse-shop.it\/es\/shop\/sartenes-y-ollas\/mauviel-1830-sarten-1-mango-30-cm\/","og_site_name":"dev6 Erresse","og_image":[{"url":"https:\/\/interpim.erresse-shop.it\/Import\/Prodotti\/mauviel1830-padella-1-manico-cm-30-in-rame-m-150s.png","type":"","width":"","height":""},{"url":"https:\/\/interpim.erresse-shop.it\/Import\/Prodotti\/mauviel1830-padella-1-manico-cm-30-in-rame-m-150s.png","width":1024,"height":1024,"type":"image\/jpeg"}],"twitter_card":"summary_large_image","twitter_image":"https:\/\/interpim.erresse-shop.it\/Import\/Prodotti\/mauviel1830-padella-1-manico-cm-30-in-rame-m-150s.png","schema":{"@context":"https:\/\/schema.org","@graph":[{"@type":"WebPage","@id":"https:\/\/dev6.erresse-shop.it\/es\/shop\/sartenes-y-ollas\/mauviel-1830-sarten-1-mango-30-cm\/","url":"https:\/\/dev6.erresse-shop.it\/es\/shop\/sartenes-y-ollas\/mauviel-1830-sarten-1-mango-30-cm\/","name":"MAUVIEL 1830 Sart\u00e9n 1 mango 30 cm - dev6 Erresse","isPartOf":{"@id":"https:\/\/dev6.erresse-shop.it\/#website"},"primaryImageOfPage":{"@id":"https:\/\/dev6.erresse-shop.it\/es\/shop\/sartenes-y-ollas\/mauviel-1830-sarten-1-mango-30-cm\/#primaryimage"},"image":{"@id":"https:\/\/dev6.erresse-shop.it\/es\/shop\/sartenes-y-ollas\/mauviel-1830-sarten-1-mango-30-cm\/#primaryimage"},"thumbnailUrl":"https:\/\/i3.wp.com\/interpim.erresse-shop.it\/Import\/Prodotti\/mauviel1830-padella-1-manico-cm-30-in-rame-m-150s.png?ssl=1","datePublished":"2026-04-12T12:17:45+00:00","description":"Sart\u00e9n redonda de cobre con interior de acero inoxidable bilaminado y marco de acero inoxidable fundido de la colecci\u00f3n M\u2019150S. La sart\u00e9n redonda es un","breadcrumb":{"@id":"https:\/\/dev6.erresse-shop.it\/es\/shop\/sartenes-y-ollas\/mauviel-1830-sarten-1-mango-30-cm\/#breadcrumb"},"inLanguage":"es","potentialAction":[{"@type":"ReadAction","target":["https:\/\/dev6.erresse-shop.it\/es\/shop\/sartenes-y-ollas\/mauviel-1830-sarten-1-mango-30-cm\/"]}]},{"@type":"ImageObject","inLanguage":"es","@id":"https:\/\/dev6.erresse-shop.it\/es\/shop\/sartenes-y-ollas\/mauviel-1830-sarten-1-mango-30-cm\/#primaryimage","url":"https:\/\/i3.wp.com\/interpim.erresse-shop.it\/Import\/Prodotti\/mauviel1830-padella-1-manico-cm-30-in-rame-m-150s.png?ssl=1","contentUrl":"https:\/\/i3.wp.com\/interpim.erresse-shop.it\/Import\/Prodotti\/mauviel1830-padella-1-manico-cm-30-in-rame-m-150s.png?ssl=1"},{"@type":"BreadcrumbList","@id":"https:\/\/dev6.erresse-shop.it\/es\/shop\/sartenes-y-ollas\/mauviel-1830-sarten-1-mango-30-cm\/#breadcrumb","itemListElement":[{"@type":"ListItem","position":1,"name":"Home","item":"https:\/\/dev6.erresse-shop.it\/"},{"@type":"ListItem","position":2,"name":"Tienda","item":"https:\/\/dev6.erresse-shop.it\/shop\/"},{"@type":"ListItem","position":3,"name":"MAUVIEL 1830 Sart\u00e9n 1 mango 30 cm"}]},{"@type":"WebSite","@id":"https:\/\/dev6.erresse-shop.it\/#website","url":"https:\/\/dev6.erresse-shop.it\/","name":"Erresse Shop","description":"","publisher":{"@id":"https:\/\/dev6.erresse-shop.it\/#organization"},"potentialAction":[{"@type":"SearchAction","target":{"@type":"EntryPoint","urlTemplate":"https:\/\/dev6.erresse-shop.it\/?s={search_term_string}"},"query-input":{"@type":"PropertyValueSpecification","valueRequired":true,"valueName":"search_term_string"}}],"inLanguage":"es"},{"@type":"Organization","@id":"https:\/\/dev6.erresse-shop.it\/#organization","name":"Erresse Shop","url":"https:\/\/dev6.erresse-shop.it\/","logo":{"@type":"ImageObject","inLanguage":"es","@id":"https:\/\/dev6.erresse-shop.it\/#\/schema\/logo\/image\/","url":"https:\/\/dev6.erresse-shop.it\/wp-content\/uploads\/2025\/01\/LOGO-ERRESSE-CLASSICO.svg","contentUrl":"https:\/\/dev6.erresse-shop.it\/wp-content\/uploads\/2025\/01\/LOGO-ERRESSE-CLASSICO.svg","caption":"Erresse Shop"},"image":{"@id":"https:\/\/dev6.erresse-shop.it\/#\/schema\/logo\/image\/"}}]}},"df_price":"","df_sale_price":"","df_regular_price":"","df_image_link":"https:\/\/i3.wp.com\/interpim.erresse-shop.it\/Import\/Prodotti\/mauviel1830-padella-1-manico-cm-30-in-rame-m-150s.png?resize=300,300&ssl=1","fifu_image_url":"https:\/\/interpim.erresse-shop.it\/Import\/Prodotti\/mauviel1830-padella-1-manico-cm-30-in-rame-m-150s.png","_links":{"self":[{"href":"https:\/\/dev6.erresse-shop.it\/es\/wp-json\/wp\/v2\/product\/2311051","targetHints":{"allow":["GET"]}}],"collection":[{"href":"https:\/\/dev6.erresse-shop.it\/es\/wp-json\/wp\/v2\/product"}],"about":[{"href":"https:\/\/dev6.erresse-shop.it\/es\/wp-json\/wp\/v2\/types\/product"}],"wp:featuredmedia":[{"embeddable":true,"href":"https:\/\/dev6.erresse-shop.it\/es\/wp-json\/wp\/v2\/media\/6380167"}],"wp:attachment":[{"href":"https:\/\/dev6.erresse-shop.it\/es\/wp-json\/wp\/v2\/media?parent=2311051"}],"wp:term":[{"taxonomy":"product_cat","embeddable":true,"href":"https:\/\/dev6.erresse-shop.it\/es\/wp-json\/wp\/v2\/product_cat?post=2311051"},{"taxonomy":"product_tag","embeddable":true,"href":"https:\/\/dev6.erresse-shop.it\/es\/wp-json\/wp\/v2\/product_tag?post=2311051"}],"curies":[{"name":"wp","href":"https:\/\/api.w.org\/{rel}","templated":true}]}}