{"id":2311041,"date":"2026-04-12T14:17:45","date_gmt":"2026-04-12T12:17:45","guid":{"rendered":"https:\/\/dev6.erresse-shop.it\/shop\/sin%20categor\u00eda\/woll-diamond-lite-cazuela-20-cm\/"},"modified":"2025-07-05T02:25:05","modified_gmt":"2025-07-05T00:25:05","slug":"woll-diamond-lite-cazuela-20-cm","status":"publish","type":"product","link":"https:\/\/dev6.erresse-shop.it\/es\/shop\/sartenes-y-ollas\/woll-diamond-lite-cazuela-20-cm\/","title":{"rendered":"WOLL Diamond Lite Cazuela 20 cm"},"content":{"rendered":"<p>La Diamond LITE es una serie Woll moldeada a mano con mango desmontable. Ligera pero robusta, con un revestimiento de diamante de 5 capas. Todos los productos se funden a mano individualmente a partir de una aleaci\u00f3n de aluminio refinada, sin tensiones ni burbujas. La superficie es extremadamente resistente a los cortes gracias al exclusivo, fiable y probado revestimiento antiadherente que permite cocinar de forma saludable sin a\u00f1adir grasa. Esta sart\u00e9n es ideal para fre\u00edr con poca grasa utilizando poca energ\u00eda gracias a su alt\u00edsima conductividad t\u00e9rmica.<\/p>\n<p>Sart\u00e9n baja antiadherente Woll Diamond Lite para inducci\u00f3n fabricada en aluminio fundido forjado a mano y borde reforzado, apta para todo tipo de cocinas. La base t\u00e9rmica de aprox. 6 mm de grosor permite un excelente almacenamiento del calor sin deformarse al contacto con las altas temperaturas.<\/p>\n<p>Fundici\u00f3n de aluminio de alta calidad<br \/>\nC\u00f3modo y seguro mango extra\u00edble de fundici\u00f3n s\u00f3lida y duradera de una sola pieza que ahorra espacio<br \/>\nRecubrimiento de diamante de 5 capas<br \/>\nFabricado en Alemania<br \/>\nCuerpo apto para horno hasta 250\u00b0C<br \/>\nApta para lavavajillas<br \/>\nIdeal para todo tipo de cocinas: gas, inducci\u00f3n, el\u00e9ctrica, vitrocer\u00e1mica, horno<br \/>\nGarantiza una r\u00e1pida y eficaz absorci\u00f3n del calor y una \u00f3ptima conductividad t\u00e9rmica de manera uniforme<br \/>\nMuy resistente a la abrasi\u00f3n y los ara\u00f1azos<\/p>\n<p>Proceso de estratificaci\u00f3n del producto:<br \/>\n1 Cuerpo de aluminio fundido a presi\u00f3n mediante una tecnolog\u00eda especial el proceso garantiza la ausencia de formaci\u00f3n de burbujas de aire.<br \/>\n2 Proceso de arenado que aumenta 15 veces la superficie y garantiza as\u00ed el mejor sellado para las capas posteriores.<br \/>\n3 Capa base especialmente dura y resistente a los cortes: los cristales de titanio o diamante se aplican sobre el aluminio con un chorro de plasma a 20.000 \u00b0C.<br \/>\n4. La capa protectora \u00fanica contra la corrosi\u00f3n causada por alimentos \u00e1cidos.<br \/>\n5. Capa que proporciona excelentes propiedades antiadherentes.<br \/>\n6. La capa superior especialmente desarrollada est\u00e1 reforzada con part\u00edculas de cer\u00e1mica, zafiro o diamante para garantizar una \u00f3ptima conducci\u00f3n del calor y resistencia.<\/p>\n","protected":false},"excerpt":{"rendered":"<p>La Diamond LITE es una serie Woll moldeada a mano con mango desmontable. Ligera pero robusta, con un revestimiento de diamante de 5 capas. Todos los productos se funden a mano individualmente a partir de una aleaci\u00f3n de aluminio refinada, sin tensiones ni burbujas. La superficie es extremadamente resistente a los cortes gracias al exclusivo, [&hellip;]<\/p>\n","protected":false},"featured_media":6380102,"template":"","meta":{"_acf_changed":false},"product_cat":[11883],"product_tag":[],"class_list":{"0":"post-2311041","1":"product","2":"type-product","3":"status-publish","4":"has-post-thumbnail","6":"product_cat-sartenes-y-ollas","8":"first","9":"instock","10":"taxable","11":"shipping-taxable","12":"product-type-simple","swatches":"rey-swatches","show_selected":"","stretch_labels":"rey-swatches--stretch-labels"},"acf":[],"yoast_head":"<!-- This site is optimized with the Yoast SEO plugin v25.4 - https:\/\/yoast.com\/wordpress\/plugins\/seo\/ -->\n<title>WOLL Diamond Lite Cazuela 20 cm - dev6 Erresse<\/title>\n<meta name=\"description\" content=\"La Diamond LITE es una serie Woll moldeada a mano con mango desmontable. Ligera pero robusta, con un revestimiento de diamante de 5 capas. Todos los\" \/>\n<meta name=\"robots\" content=\"noindex, follow, max-snippet:-1, max-image-preview:large, max-video-preview:-1\" \/>\n<meta property=\"og:locale\" content=\"es_ES\" \/>\n<meta property=\"og:type\" content=\"article\" \/>\n<meta property=\"og:title\" content=\"WOLL Diamond Lite Cazuela 20 cm - dev6 Erresse\" \/>\n<meta property=\"og:description\" content=\"La Diamond LITE es una serie Woll moldeada a mano con mango desmontable. Ligera pero robusta, con un revestimiento de diamante de 5 capas. Todos los\" \/>\n<meta property=\"og:url\" content=\"https:\/\/dev6.erresse-shop.it\/es\/shop\/sartenes-y-ollas\/woll-diamond-lite-cazuela-20-cm\/\" \/>\n<meta property=\"og:site_name\" content=\"dev6 Erresse\" \/>\n<meta property=\"og:image\" content=\"https:\/\/interpim.erresse-shop.it\/img-catalogo\/woll\/woll-casseruola-20-cm.jpg\" \/><meta property=\"og:image\" content=\"https:\/\/interpim.erresse-shop.it\/img-catalogo\/woll\/woll-casseruola-20-cm.jpg\" \/>\n\t<meta property=\"og:image:width\" content=\"1024\" \/>\n\t<meta property=\"og:image:height\" content=\"1024\" \/>\n\t<meta property=\"og:image:type\" content=\"image\/jpeg\" \/>\n<meta name=\"twitter:card\" content=\"summary_large_image\" \/>\n<meta name=\"twitter:image\" content=\"https:\/\/interpim.erresse-shop.it\/img-catalogo\/woll\/woll-casseruola-20-cm.jpg\" \/>\n<script type=\"application\/ld+json\" class=\"yoast-schema-graph\">{\"@context\":\"https:\/\/schema.org\",\"@graph\":[{\"@type\":\"WebPage\",\"@id\":\"https:\/\/dev6.erresse-shop.it\/es\/shop\/sartenes-y-ollas\/woll-diamond-lite-cazuela-20-cm\/\",\"url\":\"https:\/\/dev6.erresse-shop.it\/es\/shop\/sartenes-y-ollas\/woll-diamond-lite-cazuela-20-cm\/\",\"name\":\"WOLL Diamond Lite Cazuela 20 cm - dev6 Erresse\",\"isPartOf\":{\"@id\":\"https:\/\/dev6.erresse-shop.it\/#website\"},\"primaryImageOfPage\":{\"@id\":\"https:\/\/dev6.erresse-shop.it\/es\/shop\/sartenes-y-ollas\/woll-diamond-lite-cazuela-20-cm\/#primaryimage\"},\"image\":{\"@id\":\"https:\/\/dev6.erresse-shop.it\/es\/shop\/sartenes-y-ollas\/woll-diamond-lite-cazuela-20-cm\/#primaryimage\"},\"thumbnailUrl\":\"https:\/\/i1.wp.com\/interpim.erresse-shop.it\/img-catalogo\/woll\/woll-casseruola-20-cm.jpg?ssl=1\",\"datePublished\":\"2026-04-12T12:17:45+00:00\",\"description\":\"La Diamond LITE es una serie Woll moldeada a mano con mango desmontable. Ligera pero robusta, con un revestimiento de diamante de 5 capas. Todos los\",\"breadcrumb\":{\"@id\":\"https:\/\/dev6.erresse-shop.it\/es\/shop\/sartenes-y-ollas\/woll-diamond-lite-cazuela-20-cm\/#breadcrumb\"},\"inLanguage\":\"es\",\"potentialAction\":[{\"@type\":\"ReadAction\",\"target\":[\"https:\/\/dev6.erresse-shop.it\/es\/shop\/sartenes-y-ollas\/woll-diamond-lite-cazuela-20-cm\/\"]}]},{\"@type\":\"ImageObject\",\"inLanguage\":\"es\",\"@id\":\"https:\/\/dev6.erresse-shop.it\/es\/shop\/sartenes-y-ollas\/woll-diamond-lite-cazuela-20-cm\/#primaryimage\",\"url\":\"https:\/\/i1.wp.com\/interpim.erresse-shop.it\/img-catalogo\/woll\/woll-casseruola-20-cm.jpg?ssl=1\",\"contentUrl\":\"https:\/\/i1.wp.com\/interpim.erresse-shop.it\/img-catalogo\/woll\/woll-casseruola-20-cm.jpg?ssl=1\"},{\"@type\":\"BreadcrumbList\",\"@id\":\"https:\/\/dev6.erresse-shop.it\/es\/shop\/sartenes-y-ollas\/woll-diamond-lite-cazuela-20-cm\/#breadcrumb\",\"itemListElement\":[{\"@type\":\"ListItem\",\"position\":1,\"name\":\"Home\",\"item\":\"https:\/\/dev6.erresse-shop.it\/\"},{\"@type\":\"ListItem\",\"position\":2,\"name\":\"Tienda\",\"item\":\"https:\/\/dev6.erresse-shop.it\/shop\/\"},{\"@type\":\"ListItem\",\"position\":3,\"name\":\"WOLL Diamond Lite Cazuela 20 cm\"}]},{\"@type\":\"WebSite\",\"@id\":\"https:\/\/dev6.erresse-shop.it\/#website\",\"url\":\"https:\/\/dev6.erresse-shop.it\/\",\"name\":\"Erresse Shop\",\"description\":\"\",\"publisher\":{\"@id\":\"https:\/\/dev6.erresse-shop.it\/#organization\"},\"potentialAction\":[{\"@type\":\"SearchAction\",\"target\":{\"@type\":\"EntryPoint\",\"urlTemplate\":\"https:\/\/dev6.erresse-shop.it\/?s={search_term_string}\"},\"query-input\":{\"@type\":\"PropertyValueSpecification\",\"valueRequired\":true,\"valueName\":\"search_term_string\"}}],\"inLanguage\":\"es\"},{\"@type\":\"Organization\",\"@id\":\"https:\/\/dev6.erresse-shop.it\/#organization\",\"name\":\"Erresse Shop\",\"url\":\"https:\/\/dev6.erresse-shop.it\/\",\"logo\":{\"@type\":\"ImageObject\",\"inLanguage\":\"es\",\"@id\":\"https:\/\/dev6.erresse-shop.it\/#\/schema\/logo\/image\/\",\"url\":\"https:\/\/dev6.erresse-shop.it\/wp-content\/uploads\/2025\/01\/LOGO-ERRESSE-CLASSICO.svg\",\"contentUrl\":\"https:\/\/dev6.erresse-shop.it\/wp-content\/uploads\/2025\/01\/LOGO-ERRESSE-CLASSICO.svg\",\"caption\":\"Erresse Shop\"},\"image\":{\"@id\":\"https:\/\/dev6.erresse-shop.it\/#\/schema\/logo\/image\/\"}}]}<\/script>\n<!-- \/ Yoast SEO plugin. -->","yoast_head_json":{"title":"WOLL Diamond Lite Cazuela 20 cm - dev6 Erresse","description":"La Diamond LITE es una serie Woll moldeada a mano con mango desmontable. Ligera pero robusta, con un revestimiento de diamante de 5 capas. Todos los","robots":{"index":"noindex","follow":"follow","max-snippet":"max-snippet:-1","max-image-preview":"max-image-preview:large","max-video-preview":"max-video-preview:-1"},"og_locale":"es_ES","og_type":"article","og_title":"WOLL Diamond Lite Cazuela 20 cm - dev6 Erresse","og_description":"La Diamond LITE es una serie Woll moldeada a mano con mango desmontable. Ligera pero robusta, con un revestimiento de diamante de 5 capas. Todos los","og_url":"https:\/\/dev6.erresse-shop.it\/es\/shop\/sartenes-y-ollas\/woll-diamond-lite-cazuela-20-cm\/","og_site_name":"dev6 Erresse","og_image":[{"url":"https:\/\/interpim.erresse-shop.it\/img-catalogo\/woll\/woll-casseruola-20-cm.jpg","type":"","width":"","height":""},{"url":"https:\/\/interpim.erresse-shop.it\/img-catalogo\/woll\/woll-casseruola-20-cm.jpg","width":1024,"height":1024,"type":"image\/jpeg"}],"twitter_card":"summary_large_image","twitter_image":"https:\/\/interpim.erresse-shop.it\/img-catalogo\/woll\/woll-casseruola-20-cm.jpg","schema":{"@context":"https:\/\/schema.org","@graph":[{"@type":"WebPage","@id":"https:\/\/dev6.erresse-shop.it\/es\/shop\/sartenes-y-ollas\/woll-diamond-lite-cazuela-20-cm\/","url":"https:\/\/dev6.erresse-shop.it\/es\/shop\/sartenes-y-ollas\/woll-diamond-lite-cazuela-20-cm\/","name":"WOLL Diamond Lite Cazuela 20 cm - dev6 Erresse","isPartOf":{"@id":"https:\/\/dev6.erresse-shop.it\/#website"},"primaryImageOfPage":{"@id":"https:\/\/dev6.erresse-shop.it\/es\/shop\/sartenes-y-ollas\/woll-diamond-lite-cazuela-20-cm\/#primaryimage"},"image":{"@id":"https:\/\/dev6.erresse-shop.it\/es\/shop\/sartenes-y-ollas\/woll-diamond-lite-cazuela-20-cm\/#primaryimage"},"thumbnailUrl":"https:\/\/i1.wp.com\/interpim.erresse-shop.it\/img-catalogo\/woll\/woll-casseruola-20-cm.jpg?ssl=1","datePublished":"2026-04-12T12:17:45+00:00","description":"La Diamond LITE es una serie Woll moldeada a mano con mango desmontable. Ligera pero robusta, con un revestimiento de diamante de 5 capas. Todos los","breadcrumb":{"@id":"https:\/\/dev6.erresse-shop.it\/es\/shop\/sartenes-y-ollas\/woll-diamond-lite-cazuela-20-cm\/#breadcrumb"},"inLanguage":"es","potentialAction":[{"@type":"ReadAction","target":["https:\/\/dev6.erresse-shop.it\/es\/shop\/sartenes-y-ollas\/woll-diamond-lite-cazuela-20-cm\/"]}]},{"@type":"ImageObject","inLanguage":"es","@id":"https:\/\/dev6.erresse-shop.it\/es\/shop\/sartenes-y-ollas\/woll-diamond-lite-cazuela-20-cm\/#primaryimage","url":"https:\/\/i1.wp.com\/interpim.erresse-shop.it\/img-catalogo\/woll\/woll-casseruola-20-cm.jpg?ssl=1","contentUrl":"https:\/\/i1.wp.com\/interpim.erresse-shop.it\/img-catalogo\/woll\/woll-casseruola-20-cm.jpg?ssl=1"},{"@type":"BreadcrumbList","@id":"https:\/\/dev6.erresse-shop.it\/es\/shop\/sartenes-y-ollas\/woll-diamond-lite-cazuela-20-cm\/#breadcrumb","itemListElement":[{"@type":"ListItem","position":1,"name":"Home","item":"https:\/\/dev6.erresse-shop.it\/"},{"@type":"ListItem","position":2,"name":"Tienda","item":"https:\/\/dev6.erresse-shop.it\/shop\/"},{"@type":"ListItem","position":3,"name":"WOLL Diamond Lite Cazuela 20 cm"}]},{"@type":"WebSite","@id":"https:\/\/dev6.erresse-shop.it\/#website","url":"https:\/\/dev6.erresse-shop.it\/","name":"Erresse Shop","description":"","publisher":{"@id":"https:\/\/dev6.erresse-shop.it\/#organization"},"potentialAction":[{"@type":"SearchAction","target":{"@type":"EntryPoint","urlTemplate":"https:\/\/dev6.erresse-shop.it\/?s={search_term_string}"},"query-input":{"@type":"PropertyValueSpecification","valueRequired":true,"valueName":"search_term_string"}}],"inLanguage":"es"},{"@type":"Organization","@id":"https:\/\/dev6.erresse-shop.it\/#organization","name":"Erresse Shop","url":"https:\/\/dev6.erresse-shop.it\/","logo":{"@type":"ImageObject","inLanguage":"es","@id":"https:\/\/dev6.erresse-shop.it\/#\/schema\/logo\/image\/","url":"https:\/\/dev6.erresse-shop.it\/wp-content\/uploads\/2025\/01\/LOGO-ERRESSE-CLASSICO.svg","contentUrl":"https:\/\/dev6.erresse-shop.it\/wp-content\/uploads\/2025\/01\/LOGO-ERRESSE-CLASSICO.svg","caption":"Erresse Shop"},"image":{"@id":"https:\/\/dev6.erresse-shop.it\/#\/schema\/logo\/image\/"}}]}},"df_price":"","df_sale_price":"","df_regular_price":"","df_image_link":"https:\/\/i1.wp.com\/interpim.erresse-shop.it\/img-catalogo\/woll\/woll-casseruola-20-cm.jpg?resize=300,300&ssl=1","fifu_image_url":"https:\/\/interpim.erresse-shop.it\/img-catalogo\/woll\/woll-casseruola-20-cm.jpg","_links":{"self":[{"href":"https:\/\/dev6.erresse-shop.it\/es\/wp-json\/wp\/v2\/product\/2311041","targetHints":{"allow":["GET"]}}],"collection":[{"href":"https:\/\/dev6.erresse-shop.it\/es\/wp-json\/wp\/v2\/product"}],"about":[{"href":"https:\/\/dev6.erresse-shop.it\/es\/wp-json\/wp\/v2\/types\/product"}],"wp:featuredmedia":[{"embeddable":true,"href":"https:\/\/dev6.erresse-shop.it\/es\/wp-json\/wp\/v2\/media\/6380102"}],"wp:attachment":[{"href":"https:\/\/dev6.erresse-shop.it\/es\/wp-json\/wp\/v2\/media?parent=2311041"}],"wp:term":[{"taxonomy":"product_cat","embeddable":true,"href":"https:\/\/dev6.erresse-shop.it\/es\/wp-json\/wp\/v2\/product_cat?post=2311041"},{"taxonomy":"product_tag","embeddable":true,"href":"https:\/\/dev6.erresse-shop.it\/es\/wp-json\/wp\/v2\/product_tag?post=2311041"}],"curies":[{"name":"wp","href":"https:\/\/api.w.org\/{rel}","templated":true}]}}