{"id":2310956,"date":"2026-04-12T14:12:32","date_gmt":"2026-04-12T12:12:32","guid":{"rendered":"https:\/\/dev6.erresse-shop.it\/shop\/sin%20categor\u00eda\/le-creuset-sarten-grill-rectangular-con-mango-plegable-3620-cm-cereza\/"},"modified":"2025-07-05T02:20:10","modified_gmt":"2025-07-05T00:20:10","slug":"le-creuset-sarten-grill-rectangular-con-mango-plegable-3620-cm-cereza","status":"publish","type":"product","link":"https:\/\/dev6.erresse-shop.it\/es\/shop\/cocina\/le-creuset-sarten-grill-rectangular-con-mango-plegable-3620-cm-cereza\/","title":{"rendered":"LE CREUSET Sart\u00e9n Grill Rectangular con Mango Plegable 36&#215;20 cm Cereza"},"content":{"rendered":"<p>GRASA AL M\u00cdNIMO. SABOR AL M\u00c1XIMO<\/p>\n<p>Nuestra parrilla de hierro fundido vitrificado garantiza el nivel ideal de humedad para sus alimentos, creando suculentos sabores y fragantes aromas.<br \/>\nPerfecto para platos sanos y apetitosos: el exceso de grasa se escurre y se acumula en los surcos. Carnes, pescados y verduras, la elecci\u00f3n es tuya. Esta vers\u00e1til parrilla multiusos se encargar\u00e1 del resto.<br \/>\nVersatilidad: Este producto es apto para horno, vitrocer\u00e1mica y horno en modo grill.<br \/>\nComida de gran sabor: el hierro fundido vitrificado retiene el calor para cocinar y dorar de manera uniforme. Tus deliciosas creaciones se mantendr\u00e1n calientes por m\u00e1s tiempo incluso en la mesa.<br \/>\nGrill Grooves: crea l\u00edneas aut\u00e9nticas con efecto de barbacoa para una comida de excelente apariencia.<br \/>\nNo demasiado caliente: cocine a fuego constante, bajo a medio, para cuidar su producto de hierro fundido vitrificado y lograr resultados deliciosos.<br \/>\nMejora con el tiempo: el interior vitrificado desarrolla una p\u00e1tina natural que se comporta casi como una superficie antiadherente. Su acabado tiene propiedades que evitan la<br \/>\nlos alimentos se peguen incluso con peque\u00f1as cantidades de aceite. Lave el producto \u00fanicamente con agua para permitir que se desarrolle la p\u00e1tina.<br \/>\nNuestros productos se fabrican con los mejores materiales en f\u00e1bricas ubicadas en todo el mundo para garantizar la calidad que espera de Le Creuset.<\/p>\n<p>Material: hierro fundido vitrificado<br \/>\nFabricado en: Francia<br \/>\nGarant\u00eda: de por vida<\/p>\n<p>Fuente de calor:<\/p>\n<p>Horno<br \/>\nModo grill del horno<br \/>\nPlaca el\u00e9ctrica<br \/>\nCer\u00e1mica de vidrio<br \/>\nencimera de gas<br \/>\nPlaca de inducci\u00f3n<\/p>\n<p>Limpieza y cuidado:<\/p>\n<p>Espere a que el producto se enfr\u00ede antes de comenzar a limpiarlo.<br \/>\nLimpiar los restos de la base y los laterales del producto. Si hay comida atascada, llene el producto con agua tibia y jab\u00f3n y d\u00e9jelo en remojo durante 15 a 20 minutos antes de lavarlo como de costumbre.<br \/>\nNo utilizar limpiadores abrasivos ni esponjas o cepillos met\u00e1licos, abrasivos o muy r\u00edgidos en ninguna de las superficies.<br \/>\nSecar bien despu\u00e9s del lavado y guardar en un lugar seco.<\/p>\n","protected":false},"excerpt":{"rendered":"<p>GRASA AL M\u00cdNIMO. SABOR AL M\u00c1XIMO Nuestra parrilla de hierro fundido vitrificado garantiza el nivel ideal de humedad para sus alimentos, creando suculentos sabores y fragantes aromas. Perfecto para platos sanos y apetitosos: el exceso de grasa se escurre y se acumula en los surcos. Carnes, pescados y verduras, la elecci\u00f3n es tuya. Esta vers\u00e1til [&hellip;]<\/p>\n","protected":false},"featured_media":6379693,"template":"","meta":{"_acf_changed":false},"product_cat":[11884],"product_tag":[],"class_list":{"0":"post-2310956","1":"product","2":"type-product","3":"status-publish","4":"has-post-thumbnail","6":"product_cat-cocina","8":"first","9":"instock","10":"taxable","11":"shipping-taxable","12":"product-type-simple","swatches":"rey-swatches","show_selected":"","stretch_labels":"rey-swatches--stretch-labels"},"acf":[],"yoast_head":"<!-- This site is optimized with the Yoast SEO plugin v25.4 - https:\/\/yoast.com\/wordpress\/plugins\/seo\/ -->\n<title>LE CREUSET Sart\u00e9n Grill Rectangular con Mango Plegable 36&#215;20 cm Cereza - dev6 Erresse<\/title>\n<meta name=\"description\" content=\"GRASA AL M\u00cdNIMO. SABOR AL M\u00c1XIMO Nuestra parrilla de hierro fundido vitrificado garantiza el nivel ideal de humedad para sus alimentos, creando suculentos\" \/>\n<meta name=\"robots\" content=\"noindex, follow, max-snippet:-1, max-image-preview:large, max-video-preview:-1\" \/>\n<meta property=\"og:locale\" content=\"es_ES\" \/>\n<meta property=\"og:type\" content=\"article\" \/>\n<meta property=\"og:title\" content=\"LE CREUSET Sart\u00e9n Grill Rectangular con Mango Plegable 36&#215;20 cm Cereza - dev6 Erresse\" \/>\n<meta property=\"og:description\" content=\"GRASA AL M\u00cdNIMO. SABOR AL M\u00c1XIMO Nuestra parrilla de hierro fundido vitrificado garantiza el nivel ideal de humedad para sus alimentos, creando suculentos\" \/>\n<meta property=\"og:url\" content=\"https:\/\/dev6.erresse-shop.it\/es\/shop\/cocina\/le-creuset-sarten-grill-rectangular-con-mango-plegable-3620-cm-cereza\/\" \/>\n<meta property=\"og:site_name\" content=\"dev6 Erresse\" \/>\n<meta property=\"og:image\" content=\"https:\/\/interpim.erresse-shop.it\/Import\/Prodotti\/le-creuset-bistecchiera-rettangolare-con-manico-pieghevole-36x20-cm-ciliegia.jpg\" \/><meta property=\"og:image\" content=\"https:\/\/interpim.erresse-shop.it\/Import\/Prodotti\/le-creuset-bistecchiera-rettangolare-con-manico-pieghevole-36x20-cm-ciliegia.jpg\" \/>\n\t<meta property=\"og:image:width\" content=\"1024\" \/>\n\t<meta property=\"og:image:height\" content=\"1024\" \/>\n\t<meta property=\"og:image:type\" content=\"image\/jpeg\" \/>\n<meta name=\"twitter:card\" content=\"summary_large_image\" \/>\n<meta name=\"twitter:image\" content=\"https:\/\/interpim.erresse-shop.it\/Import\/Prodotti\/le-creuset-bistecchiera-rettangolare-con-manico-pieghevole-36x20-cm-ciliegia.jpg\" \/>\n<script type=\"application\/ld+json\" class=\"yoast-schema-graph\">{\"@context\":\"https:\/\/schema.org\",\"@graph\":[{\"@type\":\"WebPage\",\"@id\":\"https:\/\/dev6.erresse-shop.it\/es\/shop\/cocina\/le-creuset-sarten-grill-rectangular-con-mango-plegable-3620-cm-cereza\/\",\"url\":\"https:\/\/dev6.erresse-shop.it\/es\/shop\/cocina\/le-creuset-sarten-grill-rectangular-con-mango-plegable-3620-cm-cereza\/\",\"name\":\"LE CREUSET Sart\u00e9n Grill Rectangular con Mango Plegable 36&#215;20 cm Cereza - dev6 Erresse\",\"isPartOf\":{\"@id\":\"https:\/\/dev6.erresse-shop.it\/#website\"},\"primaryImageOfPage\":{\"@id\":\"https:\/\/dev6.erresse-shop.it\/es\/shop\/cocina\/le-creuset-sarten-grill-rectangular-con-mango-plegable-3620-cm-cereza\/#primaryimage\"},\"image\":{\"@id\":\"https:\/\/dev6.erresse-shop.it\/es\/shop\/cocina\/le-creuset-sarten-grill-rectangular-con-mango-plegable-3620-cm-cereza\/#primaryimage\"},\"thumbnailUrl\":\"https:\/\/i1.wp.com\/interpim.erresse-shop.it\/Import\/Prodotti\/le-creuset-bistecchiera-rettangolare-con-manico-pieghevole-36x20-cm-ciliegia.jpg?ssl=1\",\"datePublished\":\"2026-04-12T12:12:32+00:00\",\"description\":\"GRASA AL M\u00cdNIMO. SABOR AL M\u00c1XIMO Nuestra parrilla de hierro fundido vitrificado garantiza el nivel ideal de humedad para sus alimentos, creando suculentos\",\"breadcrumb\":{\"@id\":\"https:\/\/dev6.erresse-shop.it\/es\/shop\/cocina\/le-creuset-sarten-grill-rectangular-con-mango-plegable-3620-cm-cereza\/#breadcrumb\"},\"inLanguage\":\"es\",\"potentialAction\":[{\"@type\":\"ReadAction\",\"target\":[\"https:\/\/dev6.erresse-shop.it\/es\/shop\/cocina\/le-creuset-sarten-grill-rectangular-con-mango-plegable-3620-cm-cereza\/\"]}]},{\"@type\":\"ImageObject\",\"inLanguage\":\"es\",\"@id\":\"https:\/\/dev6.erresse-shop.it\/es\/shop\/cocina\/le-creuset-sarten-grill-rectangular-con-mango-plegable-3620-cm-cereza\/#primaryimage\",\"url\":\"https:\/\/i1.wp.com\/interpim.erresse-shop.it\/Import\/Prodotti\/le-creuset-bistecchiera-rettangolare-con-manico-pieghevole-36x20-cm-ciliegia.jpg?ssl=1\",\"contentUrl\":\"https:\/\/i1.wp.com\/interpim.erresse-shop.it\/Import\/Prodotti\/le-creuset-bistecchiera-rettangolare-con-manico-pieghevole-36x20-cm-ciliegia.jpg?ssl=1\"},{\"@type\":\"BreadcrumbList\",\"@id\":\"https:\/\/dev6.erresse-shop.it\/es\/shop\/cocina\/le-creuset-sarten-grill-rectangular-con-mango-plegable-3620-cm-cereza\/#breadcrumb\",\"itemListElement\":[{\"@type\":\"ListItem\",\"position\":1,\"name\":\"Home\",\"item\":\"https:\/\/dev6.erresse-shop.it\/\"},{\"@type\":\"ListItem\",\"position\":2,\"name\":\"Tienda\",\"item\":\"https:\/\/dev6.erresse-shop.it\/shop\/\"},{\"@type\":\"ListItem\",\"position\":3,\"name\":\"LE CREUSET Sart\u00e9n Grill Rectangular con Mango Plegable 36&#215;20 cm Cereza\"}]},{\"@type\":\"WebSite\",\"@id\":\"https:\/\/dev6.erresse-shop.it\/#website\",\"url\":\"https:\/\/dev6.erresse-shop.it\/\",\"name\":\"Erresse Shop\",\"description\":\"\",\"publisher\":{\"@id\":\"https:\/\/dev6.erresse-shop.it\/#organization\"},\"potentialAction\":[{\"@type\":\"SearchAction\",\"target\":{\"@type\":\"EntryPoint\",\"urlTemplate\":\"https:\/\/dev6.erresse-shop.it\/?s={search_term_string}\"},\"query-input\":{\"@type\":\"PropertyValueSpecification\",\"valueRequired\":true,\"valueName\":\"search_term_string\"}}],\"inLanguage\":\"es\"},{\"@type\":\"Organization\",\"@id\":\"https:\/\/dev6.erresse-shop.it\/#organization\",\"name\":\"Erresse Shop\",\"url\":\"https:\/\/dev6.erresse-shop.it\/\",\"logo\":{\"@type\":\"ImageObject\",\"inLanguage\":\"es\",\"@id\":\"https:\/\/dev6.erresse-shop.it\/#\/schema\/logo\/image\/\",\"url\":\"https:\/\/dev6.erresse-shop.it\/wp-content\/uploads\/2025\/01\/LOGO-ERRESSE-CLASSICO.svg\",\"contentUrl\":\"https:\/\/dev6.erresse-shop.it\/wp-content\/uploads\/2025\/01\/LOGO-ERRESSE-CLASSICO.svg\",\"caption\":\"Erresse Shop\"},\"image\":{\"@id\":\"https:\/\/dev6.erresse-shop.it\/#\/schema\/logo\/image\/\"}}]}<\/script>\n<!-- \/ Yoast SEO plugin. -->","yoast_head_json":{"title":"LE CREUSET Sart\u00e9n Grill Rectangular con Mango Plegable 36&#215;20 cm Cereza - dev6 Erresse","description":"GRASA AL M\u00cdNIMO. SABOR AL M\u00c1XIMO Nuestra parrilla de hierro fundido vitrificado garantiza el nivel ideal de humedad para sus alimentos, creando suculentos","robots":{"index":"noindex","follow":"follow","max-snippet":"max-snippet:-1","max-image-preview":"max-image-preview:large","max-video-preview":"max-video-preview:-1"},"og_locale":"es_ES","og_type":"article","og_title":"LE CREUSET Sart\u00e9n Grill Rectangular con Mango Plegable 36&#215;20 cm Cereza - dev6 Erresse","og_description":"GRASA AL M\u00cdNIMO. SABOR AL M\u00c1XIMO Nuestra parrilla de hierro fundido vitrificado garantiza el nivel ideal de humedad para sus alimentos, creando suculentos","og_url":"https:\/\/dev6.erresse-shop.it\/es\/shop\/cocina\/le-creuset-sarten-grill-rectangular-con-mango-plegable-3620-cm-cereza\/","og_site_name":"dev6 Erresse","og_image":[{"url":"https:\/\/interpim.erresse-shop.it\/Import\/Prodotti\/le-creuset-bistecchiera-rettangolare-con-manico-pieghevole-36x20-cm-ciliegia.jpg","type":"","width":"","height":""},{"url":"https:\/\/interpim.erresse-shop.it\/Import\/Prodotti\/le-creuset-bistecchiera-rettangolare-con-manico-pieghevole-36x20-cm-ciliegia.jpg","width":1024,"height":1024,"type":"image\/jpeg"}],"twitter_card":"summary_large_image","twitter_image":"https:\/\/interpim.erresse-shop.it\/Import\/Prodotti\/le-creuset-bistecchiera-rettangolare-con-manico-pieghevole-36x20-cm-ciliegia.jpg","schema":{"@context":"https:\/\/schema.org","@graph":[{"@type":"WebPage","@id":"https:\/\/dev6.erresse-shop.it\/es\/shop\/cocina\/le-creuset-sarten-grill-rectangular-con-mango-plegable-3620-cm-cereza\/","url":"https:\/\/dev6.erresse-shop.it\/es\/shop\/cocina\/le-creuset-sarten-grill-rectangular-con-mango-plegable-3620-cm-cereza\/","name":"LE CREUSET Sart\u00e9n Grill Rectangular con Mango Plegable 36&#215;20 cm Cereza - dev6 Erresse","isPartOf":{"@id":"https:\/\/dev6.erresse-shop.it\/#website"},"primaryImageOfPage":{"@id":"https:\/\/dev6.erresse-shop.it\/es\/shop\/cocina\/le-creuset-sarten-grill-rectangular-con-mango-plegable-3620-cm-cereza\/#primaryimage"},"image":{"@id":"https:\/\/dev6.erresse-shop.it\/es\/shop\/cocina\/le-creuset-sarten-grill-rectangular-con-mango-plegable-3620-cm-cereza\/#primaryimage"},"thumbnailUrl":"https:\/\/i1.wp.com\/interpim.erresse-shop.it\/Import\/Prodotti\/le-creuset-bistecchiera-rettangolare-con-manico-pieghevole-36x20-cm-ciliegia.jpg?ssl=1","datePublished":"2026-04-12T12:12:32+00:00","description":"GRASA AL M\u00cdNIMO. SABOR AL M\u00c1XIMO Nuestra parrilla de hierro fundido vitrificado garantiza el nivel ideal de humedad para sus alimentos, creando suculentos","breadcrumb":{"@id":"https:\/\/dev6.erresse-shop.it\/es\/shop\/cocina\/le-creuset-sarten-grill-rectangular-con-mango-plegable-3620-cm-cereza\/#breadcrumb"},"inLanguage":"es","potentialAction":[{"@type":"ReadAction","target":["https:\/\/dev6.erresse-shop.it\/es\/shop\/cocina\/le-creuset-sarten-grill-rectangular-con-mango-plegable-3620-cm-cereza\/"]}]},{"@type":"ImageObject","inLanguage":"es","@id":"https:\/\/dev6.erresse-shop.it\/es\/shop\/cocina\/le-creuset-sarten-grill-rectangular-con-mango-plegable-3620-cm-cereza\/#primaryimage","url":"https:\/\/i1.wp.com\/interpim.erresse-shop.it\/Import\/Prodotti\/le-creuset-bistecchiera-rettangolare-con-manico-pieghevole-36x20-cm-ciliegia.jpg?ssl=1","contentUrl":"https:\/\/i1.wp.com\/interpim.erresse-shop.it\/Import\/Prodotti\/le-creuset-bistecchiera-rettangolare-con-manico-pieghevole-36x20-cm-ciliegia.jpg?ssl=1"},{"@type":"BreadcrumbList","@id":"https:\/\/dev6.erresse-shop.it\/es\/shop\/cocina\/le-creuset-sarten-grill-rectangular-con-mango-plegable-3620-cm-cereza\/#breadcrumb","itemListElement":[{"@type":"ListItem","position":1,"name":"Home","item":"https:\/\/dev6.erresse-shop.it\/"},{"@type":"ListItem","position":2,"name":"Tienda","item":"https:\/\/dev6.erresse-shop.it\/shop\/"},{"@type":"ListItem","position":3,"name":"LE CREUSET Sart\u00e9n Grill Rectangular con Mango Plegable 36&#215;20 cm Cereza"}]},{"@type":"WebSite","@id":"https:\/\/dev6.erresse-shop.it\/#website","url":"https:\/\/dev6.erresse-shop.it\/","name":"Erresse Shop","description":"","publisher":{"@id":"https:\/\/dev6.erresse-shop.it\/#organization"},"potentialAction":[{"@type":"SearchAction","target":{"@type":"EntryPoint","urlTemplate":"https:\/\/dev6.erresse-shop.it\/?s={search_term_string}"},"query-input":{"@type":"PropertyValueSpecification","valueRequired":true,"valueName":"search_term_string"}}],"inLanguage":"es"},{"@type":"Organization","@id":"https:\/\/dev6.erresse-shop.it\/#organization","name":"Erresse Shop","url":"https:\/\/dev6.erresse-shop.it\/","logo":{"@type":"ImageObject","inLanguage":"es","@id":"https:\/\/dev6.erresse-shop.it\/#\/schema\/logo\/image\/","url":"https:\/\/dev6.erresse-shop.it\/wp-content\/uploads\/2025\/01\/LOGO-ERRESSE-CLASSICO.svg","contentUrl":"https:\/\/dev6.erresse-shop.it\/wp-content\/uploads\/2025\/01\/LOGO-ERRESSE-CLASSICO.svg","caption":"Erresse Shop"},"image":{"@id":"https:\/\/dev6.erresse-shop.it\/#\/schema\/logo\/image\/"}}]}},"df_price":"","df_sale_price":"","df_regular_price":"","df_image_link":"https:\/\/i1.wp.com\/interpim.erresse-shop.it\/Import\/Prodotti\/le-creuset-bistecchiera-rettangolare-con-manico-pieghevole-36x20-cm-ciliegia.jpg?resize=300,300&ssl=1","fifu_image_url":"https:\/\/interpim.erresse-shop.it\/Import\/Prodotti\/le-creuset-bistecchiera-rettangolare-con-manico-pieghevole-36x20-cm-ciliegia.jpg","_links":{"self":[{"href":"https:\/\/dev6.erresse-shop.it\/es\/wp-json\/wp\/v2\/product\/2310956","targetHints":{"allow":["GET"]}}],"collection":[{"href":"https:\/\/dev6.erresse-shop.it\/es\/wp-json\/wp\/v2\/product"}],"about":[{"href":"https:\/\/dev6.erresse-shop.it\/es\/wp-json\/wp\/v2\/types\/product"}],"wp:featuredmedia":[{"embeddable":true,"href":"https:\/\/dev6.erresse-shop.it\/es\/wp-json\/wp\/v2\/media\/6379693"}],"wp:attachment":[{"href":"https:\/\/dev6.erresse-shop.it\/es\/wp-json\/wp\/v2\/media?parent=2310956"}],"wp:term":[{"taxonomy":"product_cat","embeddable":true,"href":"https:\/\/dev6.erresse-shop.it\/es\/wp-json\/wp\/v2\/product_cat?post=2310956"},{"taxonomy":"product_tag","embeddable":true,"href":"https:\/\/dev6.erresse-shop.it\/es\/wp-json\/wp\/v2\/product_tag?post=2310956"}],"curies":[{"name":"wp","href":"https:\/\/api.w.org\/{rel}","templated":true}]}}