{"id":1884477,"date":"2026-04-12T14:01:38","date_gmt":"2026-04-12T12:01:38","guid":{"rendered":"https:\/\/dev6.erresse-shop.it\/shop\/sin%20categor\u00eda\/zafferano-teca-terrazzo-set-de-6-vasos-tipo-vaso-azul-verde\/"},"modified":"2025-09-14T10:43:16","modified_gmt":"2025-09-14T08:43:16","slug":"zafferano-teca-terrazzo-set-de-6-vasos-tipo-vaso-azul-verde","status":"publish","type":"product","link":"https:\/\/dev6.erresse-shop.it\/es\/shop\/tabla\/vasos\/zafferano-teca-terrazzo-set-de-6-vasos-tipo-vaso-azul-verde\/","title":{"rendered":"ZAFFERANO Teca Terrazzo Set de 6 vasos tipo vaso Azul Verde"},"content":{"rendered":"<p>En la categor\u00eda de productos de vajilla en vidrio borosilicato con decoraciones en el interior de la taza, Teca Terrazzo representa una revoluci\u00f3n. En esta colecci\u00f3n de vasos y garrafas, el elemento decorativo est\u00e1 protegido dentro de un \u201cdoble fondo\u201d (doble cristal) que adem\u00e1s facilita la limpieza y el mantenimiento de los art\u00edculos. El elemento decorativo abstracto realizado artesanalmente con peque\u00f1os fragmentos de vidrio coloreado se ofrece en seis combinaciones de colores diferentes. As\u00ed es posible poner hielo en el vaso o jarra, sin temor a roturas accidentales. Gracias a la forma empotrada de la \u201cteca\u201d, los vasos tambi\u00e9n son apilables.<\/p>\n<p>Caracter\u00edsticas:<\/p>\n<p>Di\u00e1metro: 8 cm<br \/>\nAltura total: 10,5 cm<br \/>\nCapacidad: 35 cl<\/p>\n","protected":false},"excerpt":{"rendered":"<p>En la categor\u00eda de productos de vajilla en vidrio borosilicato con decoraciones en el interior de la taza, Teca Terrazzo representa una revoluci\u00f3n. En esta colecci\u00f3n de vasos y garrafas, el elemento decorativo est\u00e1 protegido dentro de un \u201cdoble fondo\u201d (doble cristal) que adem\u00e1s facilita la limpieza y el mantenimiento de los art\u00edculos. El elemento [&hellip;]<\/p>\n","protected":false},"featured_media":6379141,"template":"","meta":{"_acf_changed":false},"product_cat":[11887,11901],"product_tag":[],"class_list":{"0":"post-1884477","1":"product","2":"type-product","3":"status-publish","4":"has-post-thumbnail","6":"product_cat-tabla","7":"product_cat-vasos","9":"first","10":"instock","11":"sale","12":"taxable","13":"shipping-taxable","14":"purchasable","15":"product-type-simple","swatches":"rey-swatches","show_selected":"","stretch_labels":"rey-swatches--stretch-labels"},"acf":[],"yoast_head":"<!-- This site is optimized with the Yoast SEO plugin v25.4 - https:\/\/yoast.com\/wordpress\/plugins\/seo\/ -->\n<title>ZAFFERANO Teca Terrazzo Set de 6 vasos tipo vaso Azul Verde - dev6 Erresse<\/title>\n<meta name=\"description\" content=\"En la categor\u00eda de productos de vajilla en vidrio borosilicato con decoraciones en el interior de la taza, Teca Terrazzo representa una revoluci\u00f3n. En\" \/>\n<meta name=\"robots\" content=\"noindex, follow, max-snippet:-1, max-image-preview:large, max-video-preview:-1\" \/>\n<meta property=\"og:locale\" content=\"es_ES\" \/>\n<meta property=\"og:type\" content=\"article\" \/>\n<meta property=\"og:title\" content=\"ZAFFERANO Teca Terrazzo Set de 6 vasos tipo vaso Azul Verde - dev6 Erresse\" \/>\n<meta property=\"og:description\" content=\"En la categor\u00eda de productos de vajilla en vidrio borosilicato con decoraciones en el interior de la taza, Teca Terrazzo representa una revoluci\u00f3n. En\" \/>\n<meta property=\"og:url\" content=\"https:\/\/dev6.erresse-shop.it\/es\/shop\/tabla\/vasos\/zafferano-teca-terrazzo-set-de-6-vasos-tipo-vaso-azul-verde\/\" \/>\n<meta property=\"og:site_name\" content=\"dev6 Erresse\" \/>\n<meta property=\"og:image\" content=\"https:\/\/interpim.erresse-shop.it\/Import\/Prodotti\/zafferano-teca-terrazzo-set-6-bicchieri-tumbler-blu-verde.jpg\" \/><meta property=\"og:image\" content=\"https:\/\/interpim.erresse-shop.it\/Import\/Prodotti\/zafferano-teca-terrazzo-set-6-bicchieri-tumbler-blu-verde.jpg\" \/>\n\t<meta property=\"og:image:width\" content=\"1024\" \/>\n\t<meta property=\"og:image:height\" content=\"1024\" \/>\n\t<meta property=\"og:image:type\" content=\"image\/jpeg\" \/>\n<meta name=\"twitter:card\" content=\"summary_large_image\" \/>\n<meta name=\"twitter:image\" content=\"https:\/\/interpim.erresse-shop.it\/Import\/Prodotti\/zafferano-teca-terrazzo-set-6-bicchieri-tumbler-blu-verde.jpg\" \/>\n<script type=\"application\/ld+json\" class=\"yoast-schema-graph\">{\"@context\":\"https:\/\/schema.org\",\"@graph\":[{\"@type\":\"WebPage\",\"@id\":\"https:\/\/dev6.erresse-shop.it\/es\/shop\/tabla\/vasos\/zafferano-teca-terrazzo-set-de-6-vasos-tipo-vaso-azul-verde\/\",\"url\":\"https:\/\/dev6.erresse-shop.it\/es\/shop\/tabla\/vasos\/zafferano-teca-terrazzo-set-de-6-vasos-tipo-vaso-azul-verde\/\",\"name\":\"ZAFFERANO Teca Terrazzo Set de 6 vasos tipo vaso Azul Verde - dev6 Erresse\",\"isPartOf\":{\"@id\":\"https:\/\/dev6.erresse-shop.it\/#website\"},\"primaryImageOfPage\":{\"@id\":\"https:\/\/dev6.erresse-shop.it\/es\/shop\/tabla\/vasos\/zafferano-teca-terrazzo-set-de-6-vasos-tipo-vaso-azul-verde\/#primaryimage\"},\"image\":{\"@id\":\"https:\/\/dev6.erresse-shop.it\/es\/shop\/tabla\/vasos\/zafferano-teca-terrazzo-set-de-6-vasos-tipo-vaso-azul-verde\/#primaryimage\"},\"thumbnailUrl\":\"https:\/\/i3.wp.com\/interpim.erresse-shop.it\/Import\/Prodotti\/zafferano-teca-terrazzo-set-6-bicchieri-tumbler-blu-verde.jpg?ssl=1\",\"datePublished\":\"2026-04-12T12:01:38+00:00\",\"description\":\"En la categor\u00eda de productos de vajilla en vidrio borosilicato con decoraciones en el interior de la taza, Teca Terrazzo representa una revoluci\u00f3n. En\",\"breadcrumb\":{\"@id\":\"https:\/\/dev6.erresse-shop.it\/es\/shop\/tabla\/vasos\/zafferano-teca-terrazzo-set-de-6-vasos-tipo-vaso-azul-verde\/#breadcrumb\"},\"inLanguage\":\"es\",\"potentialAction\":[{\"@type\":\"ReadAction\",\"target\":[\"https:\/\/dev6.erresse-shop.it\/es\/shop\/tabla\/vasos\/zafferano-teca-terrazzo-set-de-6-vasos-tipo-vaso-azul-verde\/\"]}]},{\"@type\":\"ImageObject\",\"inLanguage\":\"es\",\"@id\":\"https:\/\/dev6.erresse-shop.it\/es\/shop\/tabla\/vasos\/zafferano-teca-terrazzo-set-de-6-vasos-tipo-vaso-azul-verde\/#primaryimage\",\"url\":\"https:\/\/i3.wp.com\/interpim.erresse-shop.it\/Import\/Prodotti\/zafferano-teca-terrazzo-set-6-bicchieri-tumbler-blu-verde.jpg?ssl=1\",\"contentUrl\":\"https:\/\/i3.wp.com\/interpim.erresse-shop.it\/Import\/Prodotti\/zafferano-teca-terrazzo-set-6-bicchieri-tumbler-blu-verde.jpg?ssl=1\"},{\"@type\":\"BreadcrumbList\",\"@id\":\"https:\/\/dev6.erresse-shop.it\/es\/shop\/tabla\/vasos\/zafferano-teca-terrazzo-set-de-6-vasos-tipo-vaso-azul-verde\/#breadcrumb\",\"itemListElement\":[{\"@type\":\"ListItem\",\"position\":1,\"name\":\"Home\",\"item\":\"https:\/\/dev6.erresse-shop.it\/\"},{\"@type\":\"ListItem\",\"position\":2,\"name\":\"Tienda\",\"item\":\"https:\/\/dev6.erresse-shop.it\/shop\/\"},{\"@type\":\"ListItem\",\"position\":3,\"name\":\"ZAFFERANO Teca Terrazzo Set de 6 vasos tipo vaso Azul Verde\"}]},{\"@type\":\"WebSite\",\"@id\":\"https:\/\/dev6.erresse-shop.it\/#website\",\"url\":\"https:\/\/dev6.erresse-shop.it\/\",\"name\":\"Erresse Shop\",\"description\":\"\",\"publisher\":{\"@id\":\"https:\/\/dev6.erresse-shop.it\/#organization\"},\"potentialAction\":[{\"@type\":\"SearchAction\",\"target\":{\"@type\":\"EntryPoint\",\"urlTemplate\":\"https:\/\/dev6.erresse-shop.it\/?s={search_term_string}\"},\"query-input\":{\"@type\":\"PropertyValueSpecification\",\"valueRequired\":true,\"valueName\":\"search_term_string\"}}],\"inLanguage\":\"es\"},{\"@type\":\"Organization\",\"@id\":\"https:\/\/dev6.erresse-shop.it\/#organization\",\"name\":\"Erresse Shop\",\"url\":\"https:\/\/dev6.erresse-shop.it\/\",\"logo\":{\"@type\":\"ImageObject\",\"inLanguage\":\"es\",\"@id\":\"https:\/\/dev6.erresse-shop.it\/#\/schema\/logo\/image\/\",\"url\":\"https:\/\/dev6.erresse-shop.it\/wp-content\/uploads\/2025\/01\/LOGO-ERRESSE-CLASSICO.svg\",\"contentUrl\":\"https:\/\/dev6.erresse-shop.it\/wp-content\/uploads\/2025\/01\/LOGO-ERRESSE-CLASSICO.svg\",\"caption\":\"Erresse Shop\"},\"image\":{\"@id\":\"https:\/\/dev6.erresse-shop.it\/#\/schema\/logo\/image\/\"}}]}<\/script>\n<!-- \/ Yoast SEO plugin. -->","yoast_head_json":{"title":"ZAFFERANO Teca Terrazzo Set de 6 vasos tipo vaso Azul Verde - dev6 Erresse","description":"En la categor\u00eda de productos de vajilla en vidrio borosilicato con decoraciones en el interior de la taza, Teca Terrazzo representa una revoluci\u00f3n. En","robots":{"index":"noindex","follow":"follow","max-snippet":"max-snippet:-1","max-image-preview":"max-image-preview:large","max-video-preview":"max-video-preview:-1"},"og_locale":"es_ES","og_type":"article","og_title":"ZAFFERANO Teca Terrazzo Set de 6 vasos tipo vaso Azul Verde - dev6 Erresse","og_description":"En la categor\u00eda de productos de vajilla en vidrio borosilicato con decoraciones en el interior de la taza, Teca Terrazzo representa una revoluci\u00f3n. En","og_url":"https:\/\/dev6.erresse-shop.it\/es\/shop\/tabla\/vasos\/zafferano-teca-terrazzo-set-de-6-vasos-tipo-vaso-azul-verde\/","og_site_name":"dev6 Erresse","og_image":[{"url":"https:\/\/interpim.erresse-shop.it\/Import\/Prodotti\/zafferano-teca-terrazzo-set-6-bicchieri-tumbler-blu-verde.jpg","type":"","width":"","height":""},{"url":"https:\/\/interpim.erresse-shop.it\/Import\/Prodotti\/zafferano-teca-terrazzo-set-6-bicchieri-tumbler-blu-verde.jpg","width":1024,"height":1024,"type":"image\/jpeg"}],"twitter_card":"summary_large_image","twitter_image":"https:\/\/interpim.erresse-shop.it\/Import\/Prodotti\/zafferano-teca-terrazzo-set-6-bicchieri-tumbler-blu-verde.jpg","schema":{"@context":"https:\/\/schema.org","@graph":[{"@type":"WebPage","@id":"https:\/\/dev6.erresse-shop.it\/es\/shop\/tabla\/vasos\/zafferano-teca-terrazzo-set-de-6-vasos-tipo-vaso-azul-verde\/","url":"https:\/\/dev6.erresse-shop.it\/es\/shop\/tabla\/vasos\/zafferano-teca-terrazzo-set-de-6-vasos-tipo-vaso-azul-verde\/","name":"ZAFFERANO Teca Terrazzo Set de 6 vasos tipo vaso Azul Verde - dev6 Erresse","isPartOf":{"@id":"https:\/\/dev6.erresse-shop.it\/#website"},"primaryImageOfPage":{"@id":"https:\/\/dev6.erresse-shop.it\/es\/shop\/tabla\/vasos\/zafferano-teca-terrazzo-set-de-6-vasos-tipo-vaso-azul-verde\/#primaryimage"},"image":{"@id":"https:\/\/dev6.erresse-shop.it\/es\/shop\/tabla\/vasos\/zafferano-teca-terrazzo-set-de-6-vasos-tipo-vaso-azul-verde\/#primaryimage"},"thumbnailUrl":"https:\/\/i3.wp.com\/interpim.erresse-shop.it\/Import\/Prodotti\/zafferano-teca-terrazzo-set-6-bicchieri-tumbler-blu-verde.jpg?ssl=1","datePublished":"2026-04-12T12:01:38+00:00","description":"En la categor\u00eda de productos de vajilla en vidrio borosilicato con decoraciones en el interior de la taza, Teca Terrazzo representa una revoluci\u00f3n. En","breadcrumb":{"@id":"https:\/\/dev6.erresse-shop.it\/es\/shop\/tabla\/vasos\/zafferano-teca-terrazzo-set-de-6-vasos-tipo-vaso-azul-verde\/#breadcrumb"},"inLanguage":"es","potentialAction":[{"@type":"ReadAction","target":["https:\/\/dev6.erresse-shop.it\/es\/shop\/tabla\/vasos\/zafferano-teca-terrazzo-set-de-6-vasos-tipo-vaso-azul-verde\/"]}]},{"@type":"ImageObject","inLanguage":"es","@id":"https:\/\/dev6.erresse-shop.it\/es\/shop\/tabla\/vasos\/zafferano-teca-terrazzo-set-de-6-vasos-tipo-vaso-azul-verde\/#primaryimage","url":"https:\/\/i3.wp.com\/interpim.erresse-shop.it\/Import\/Prodotti\/zafferano-teca-terrazzo-set-6-bicchieri-tumbler-blu-verde.jpg?ssl=1","contentUrl":"https:\/\/i3.wp.com\/interpim.erresse-shop.it\/Import\/Prodotti\/zafferano-teca-terrazzo-set-6-bicchieri-tumbler-blu-verde.jpg?ssl=1"},{"@type":"BreadcrumbList","@id":"https:\/\/dev6.erresse-shop.it\/es\/shop\/tabla\/vasos\/zafferano-teca-terrazzo-set-de-6-vasos-tipo-vaso-azul-verde\/#breadcrumb","itemListElement":[{"@type":"ListItem","position":1,"name":"Home","item":"https:\/\/dev6.erresse-shop.it\/"},{"@type":"ListItem","position":2,"name":"Tienda","item":"https:\/\/dev6.erresse-shop.it\/shop\/"},{"@type":"ListItem","position":3,"name":"ZAFFERANO Teca Terrazzo Set de 6 vasos tipo vaso Azul Verde"}]},{"@type":"WebSite","@id":"https:\/\/dev6.erresse-shop.it\/#website","url":"https:\/\/dev6.erresse-shop.it\/","name":"Erresse Shop","description":"","publisher":{"@id":"https:\/\/dev6.erresse-shop.it\/#organization"},"potentialAction":[{"@type":"SearchAction","target":{"@type":"EntryPoint","urlTemplate":"https:\/\/dev6.erresse-shop.it\/?s={search_term_string}"},"query-input":{"@type":"PropertyValueSpecification","valueRequired":true,"valueName":"search_term_string"}}],"inLanguage":"es"},{"@type":"Organization","@id":"https:\/\/dev6.erresse-shop.it\/#organization","name":"Erresse Shop","url":"https:\/\/dev6.erresse-shop.it\/","logo":{"@type":"ImageObject","inLanguage":"es","@id":"https:\/\/dev6.erresse-shop.it\/#\/schema\/logo\/image\/","url":"https:\/\/dev6.erresse-shop.it\/wp-content\/uploads\/2025\/01\/LOGO-ERRESSE-CLASSICO.svg","contentUrl":"https:\/\/dev6.erresse-shop.it\/wp-content\/uploads\/2025\/01\/LOGO-ERRESSE-CLASSICO.svg","caption":"Erresse Shop"},"image":{"@id":"https:\/\/dev6.erresse-shop.it\/#\/schema\/logo\/image\/"}}]}},"df_price":59.95,"df_sale_price":59.95,"df_regular_price":71.7,"df_image_link":"https:\/\/i3.wp.com\/interpim.erresse-shop.it\/Import\/Prodotti\/zafferano-teca-terrazzo-set-6-bicchieri-tumbler-blu-verde.jpg?resize=300,300&ssl=1","fifu_image_url":"https:\/\/interpim.erresse-shop.it\/Import\/Prodotti\/zafferano-teca-terrazzo-set-6-bicchieri-tumbler-blu-verde.jpg","_links":{"self":[{"href":"https:\/\/dev6.erresse-shop.it\/es\/wp-json\/wp\/v2\/product\/1884477","targetHints":{"allow":["GET"]}}],"collection":[{"href":"https:\/\/dev6.erresse-shop.it\/es\/wp-json\/wp\/v2\/product"}],"about":[{"href":"https:\/\/dev6.erresse-shop.it\/es\/wp-json\/wp\/v2\/types\/product"}],"wp:featuredmedia":[{"embeddable":true,"href":"https:\/\/dev6.erresse-shop.it\/es\/wp-json\/wp\/v2\/media\/6379141"}],"wp:attachment":[{"href":"https:\/\/dev6.erresse-shop.it\/es\/wp-json\/wp\/v2\/media?parent=1884477"}],"wp:term":[{"taxonomy":"product_cat","embeddable":true,"href":"https:\/\/dev6.erresse-shop.it\/es\/wp-json\/wp\/v2\/product_cat?post=1884477"},{"taxonomy":"product_tag","embeddable":true,"href":"https:\/\/dev6.erresse-shop.it\/es\/wp-json\/wp\/v2\/product_tag?post=1884477"}],"curies":[{"name":"wp","href":"https:\/\/api.w.org\/{rel}","templated":true}]}}