{"id":1884461,"date":"2026-04-12T13:58:47","date_gmt":"2026-04-12T11:58:47","guid":{"rendered":"https:\/\/dev6.erresse-shop.it\/shop\/sin%20categor\u00eda\/zafferano-bilia-candy-4-vasos-azul\/"},"modified":"2025-09-14T10:42:35","modified_gmt":"2025-09-14T08:42:35","slug":"zafferano-bilia-candy-4-vasos-azul","status":"publish","type":"product","link":"https:\/\/dev6.erresse-shop.it\/es\/shop\/tabla\/vasos\/zafferano-bilia-candy-4-vasos-azul\/","title":{"rendered":"ZAFFERANO Bilia Candy 4 Vasos Azul"},"content":{"rendered":"<p>Bilia Candy rinnova il classico vaso Bilia con un tocco di giocosa nostalgia. Estas versiones si caratterizza per una sfera di vetro al suo interno, decoradas con righe di colori vivaci che richiamano le caramelle di un tempo, disponibles en cuatro variantes irresistibili. Realizado en vetro borosilicato soffiato e lavorato a mano, Bilia Candy porta una explosi\u00f3n de alegr\u00eda en la mesa, entre la funci\u00f3n pr\u00e1ctica de bicchieri unici per ogni ospite garantisce una experiencia conviviale sin confusi\u00f3n.<\/p>\n<p>Caracter\u00edsticas:<\/p>\n<p>Di\u00e1metro: 8,8 cm<br \/>\nAltura total: 9 cm<br \/>\nCapacidad: 44 cl<\/p>\n","protected":false},"excerpt":{"rendered":"<p>Bilia Candy rinnova il classico vaso Bilia con un tocco di giocosa nostalgia. Estas versiones si caratterizza per una sfera di vetro al suo interno, decoradas con righe di colori vivaci che richiamano le caramelle di un tempo, disponibles en cuatro variantes irresistibili. Realizado en vetro borosilicato soffiato e lavorato a mano, Bilia Candy porta [&hellip;]<\/p>\n","protected":false},"featured_media":6379103,"template":"","meta":{"_acf_changed":false},"product_cat":[11887,11901],"product_tag":[],"class_list":{"0":"post-1884461","1":"product","2":"type-product","3":"status-publish","4":"has-post-thumbnail","6":"product_cat-tabla","7":"product_cat-vasos","9":"first","10":"instock","11":"taxable","12":"shipping-taxable","13":"purchasable","14":"product-type-simple","swatches":"rey-swatches","show_selected":"","stretch_labels":"rey-swatches--stretch-labels"},"acf":[],"yoast_head":"<!-- This site is optimized with the Yoast SEO plugin v25.4 - https:\/\/yoast.com\/wordpress\/plugins\/seo\/ -->\n<title>ZAFFERANO Bilia Candy 4 Vasos Azul - dev6 Erresse<\/title>\n<meta name=\"description\" content=\"Bilia Candy rinnova il classico vaso Bilia con un tocco di giocosa nostalgia. Estas versiones si caratterizza per una sfera di vetro al suo interno,\" \/>\n<meta name=\"robots\" content=\"noindex, follow, max-snippet:-1, max-image-preview:large, max-video-preview:-1\" \/>\n<meta property=\"og:locale\" content=\"es_ES\" \/>\n<meta property=\"og:type\" content=\"article\" \/>\n<meta property=\"og:title\" content=\"ZAFFERANO Bilia Candy 4 Vasos Azul - dev6 Erresse\" \/>\n<meta property=\"og:description\" content=\"Bilia Candy rinnova il classico vaso Bilia con un tocco di giocosa nostalgia. Estas versiones si caratterizza per una sfera di vetro al suo interno,\" \/>\n<meta property=\"og:url\" content=\"https:\/\/dev6.erresse-shop.it\/es\/shop\/tabla\/vasos\/zafferano-bilia-candy-4-vasos-azul\/\" \/>\n<meta property=\"og:site_name\" content=\"dev6 Erresse\" \/>\n<meta property=\"og:image\" content=\"https:\/\/interpim.erresse-shop.it\/Import\/Prodotti\/zafferano-bilia-candy-set-4-bicchieri-tumbler-blu.jpg\" \/><meta property=\"og:image\" content=\"https:\/\/interpim.erresse-shop.it\/Import\/Prodotti\/zafferano-bilia-candy-set-4-bicchieri-tumbler-blu.jpg\" \/>\n\t<meta property=\"og:image:width\" content=\"1024\" \/>\n\t<meta property=\"og:image:height\" content=\"1024\" \/>\n\t<meta property=\"og:image:type\" content=\"image\/jpeg\" \/>\n<meta name=\"twitter:card\" content=\"summary_large_image\" \/>\n<meta name=\"twitter:image\" content=\"https:\/\/interpim.erresse-shop.it\/Import\/Prodotti\/zafferano-bilia-candy-set-4-bicchieri-tumbler-blu.jpg\" \/>\n<script type=\"application\/ld+json\" class=\"yoast-schema-graph\">{\"@context\":\"https:\/\/schema.org\",\"@graph\":[{\"@type\":\"WebPage\",\"@id\":\"https:\/\/dev6.erresse-shop.it\/es\/shop\/tabla\/vasos\/zafferano-bilia-candy-4-vasos-azul\/\",\"url\":\"https:\/\/dev6.erresse-shop.it\/es\/shop\/tabla\/vasos\/zafferano-bilia-candy-4-vasos-azul\/\",\"name\":\"ZAFFERANO Bilia Candy 4 Vasos Azul - dev6 Erresse\",\"isPartOf\":{\"@id\":\"https:\/\/dev6.erresse-shop.it\/#website\"},\"primaryImageOfPage\":{\"@id\":\"https:\/\/dev6.erresse-shop.it\/es\/shop\/tabla\/vasos\/zafferano-bilia-candy-4-vasos-azul\/#primaryimage\"},\"image\":{\"@id\":\"https:\/\/dev6.erresse-shop.it\/es\/shop\/tabla\/vasos\/zafferano-bilia-candy-4-vasos-azul\/#primaryimage\"},\"thumbnailUrl\":\"https:\/\/i0.wp.com\/interpim.erresse-shop.it\/Import\/Prodotti\/zafferano-bilia-candy-set-4-bicchieri-tumbler-blu.jpg?ssl=1\",\"datePublished\":\"2026-04-12T11:58:47+00:00\",\"description\":\"Bilia Candy rinnova il classico vaso Bilia con un tocco di giocosa nostalgia. Estas versiones si caratterizza per una sfera di vetro al suo interno,\",\"breadcrumb\":{\"@id\":\"https:\/\/dev6.erresse-shop.it\/es\/shop\/tabla\/vasos\/zafferano-bilia-candy-4-vasos-azul\/#breadcrumb\"},\"inLanguage\":\"es\",\"potentialAction\":[{\"@type\":\"ReadAction\",\"target\":[\"https:\/\/dev6.erresse-shop.it\/es\/shop\/tabla\/vasos\/zafferano-bilia-candy-4-vasos-azul\/\"]}]},{\"@type\":\"ImageObject\",\"inLanguage\":\"es\",\"@id\":\"https:\/\/dev6.erresse-shop.it\/es\/shop\/tabla\/vasos\/zafferano-bilia-candy-4-vasos-azul\/#primaryimage\",\"url\":\"https:\/\/i0.wp.com\/interpim.erresse-shop.it\/Import\/Prodotti\/zafferano-bilia-candy-set-4-bicchieri-tumbler-blu.jpg?ssl=1\",\"contentUrl\":\"https:\/\/i0.wp.com\/interpim.erresse-shop.it\/Import\/Prodotti\/zafferano-bilia-candy-set-4-bicchieri-tumbler-blu.jpg?ssl=1\"},{\"@type\":\"BreadcrumbList\",\"@id\":\"https:\/\/dev6.erresse-shop.it\/es\/shop\/tabla\/vasos\/zafferano-bilia-candy-4-vasos-azul\/#breadcrumb\",\"itemListElement\":[{\"@type\":\"ListItem\",\"position\":1,\"name\":\"Home\",\"item\":\"https:\/\/dev6.erresse-shop.it\/\"},{\"@type\":\"ListItem\",\"position\":2,\"name\":\"Tienda\",\"item\":\"https:\/\/dev6.erresse-shop.it\/shop\/\"},{\"@type\":\"ListItem\",\"position\":3,\"name\":\"ZAFFERANO Bilia Candy 4 Vasos Azul\"}]},{\"@type\":\"WebSite\",\"@id\":\"https:\/\/dev6.erresse-shop.it\/#website\",\"url\":\"https:\/\/dev6.erresse-shop.it\/\",\"name\":\"Erresse Shop\",\"description\":\"\",\"publisher\":{\"@id\":\"https:\/\/dev6.erresse-shop.it\/#organization\"},\"potentialAction\":[{\"@type\":\"SearchAction\",\"target\":{\"@type\":\"EntryPoint\",\"urlTemplate\":\"https:\/\/dev6.erresse-shop.it\/?s={search_term_string}\"},\"query-input\":{\"@type\":\"PropertyValueSpecification\",\"valueRequired\":true,\"valueName\":\"search_term_string\"}}],\"inLanguage\":\"es\"},{\"@type\":\"Organization\",\"@id\":\"https:\/\/dev6.erresse-shop.it\/#organization\",\"name\":\"Erresse Shop\",\"url\":\"https:\/\/dev6.erresse-shop.it\/\",\"logo\":{\"@type\":\"ImageObject\",\"inLanguage\":\"es\",\"@id\":\"https:\/\/dev6.erresse-shop.it\/#\/schema\/logo\/image\/\",\"url\":\"https:\/\/dev6.erresse-shop.it\/wp-content\/uploads\/2025\/01\/LOGO-ERRESSE-CLASSICO.svg\",\"contentUrl\":\"https:\/\/dev6.erresse-shop.it\/wp-content\/uploads\/2025\/01\/LOGO-ERRESSE-CLASSICO.svg\",\"caption\":\"Erresse Shop\"},\"image\":{\"@id\":\"https:\/\/dev6.erresse-shop.it\/#\/schema\/logo\/image\/\"}}]}<\/script>\n<!-- \/ Yoast SEO plugin. -->","yoast_head_json":{"title":"ZAFFERANO Bilia Candy 4 Vasos Azul - dev6 Erresse","description":"Bilia Candy rinnova il classico vaso Bilia con un tocco di giocosa nostalgia. Estas versiones si caratterizza per una sfera di vetro al suo interno,","robots":{"index":"noindex","follow":"follow","max-snippet":"max-snippet:-1","max-image-preview":"max-image-preview:large","max-video-preview":"max-video-preview:-1"},"og_locale":"es_ES","og_type":"article","og_title":"ZAFFERANO Bilia Candy 4 Vasos Azul - dev6 Erresse","og_description":"Bilia Candy rinnova il classico vaso Bilia con un tocco di giocosa nostalgia. Estas versiones si caratterizza per una sfera di vetro al suo interno,","og_url":"https:\/\/dev6.erresse-shop.it\/es\/shop\/tabla\/vasos\/zafferano-bilia-candy-4-vasos-azul\/","og_site_name":"dev6 Erresse","og_image":[{"url":"https:\/\/interpim.erresse-shop.it\/Import\/Prodotti\/zafferano-bilia-candy-set-4-bicchieri-tumbler-blu.jpg","type":"","width":"","height":""},{"url":"https:\/\/interpim.erresse-shop.it\/Import\/Prodotti\/zafferano-bilia-candy-set-4-bicchieri-tumbler-blu.jpg","width":1024,"height":1024,"type":"image\/jpeg"}],"twitter_card":"summary_large_image","twitter_image":"https:\/\/interpim.erresse-shop.it\/Import\/Prodotti\/zafferano-bilia-candy-set-4-bicchieri-tumbler-blu.jpg","schema":{"@context":"https:\/\/schema.org","@graph":[{"@type":"WebPage","@id":"https:\/\/dev6.erresse-shop.it\/es\/shop\/tabla\/vasos\/zafferano-bilia-candy-4-vasos-azul\/","url":"https:\/\/dev6.erresse-shop.it\/es\/shop\/tabla\/vasos\/zafferano-bilia-candy-4-vasos-azul\/","name":"ZAFFERANO Bilia Candy 4 Vasos Azul - dev6 Erresse","isPartOf":{"@id":"https:\/\/dev6.erresse-shop.it\/#website"},"primaryImageOfPage":{"@id":"https:\/\/dev6.erresse-shop.it\/es\/shop\/tabla\/vasos\/zafferano-bilia-candy-4-vasos-azul\/#primaryimage"},"image":{"@id":"https:\/\/dev6.erresse-shop.it\/es\/shop\/tabla\/vasos\/zafferano-bilia-candy-4-vasos-azul\/#primaryimage"},"thumbnailUrl":"https:\/\/i0.wp.com\/interpim.erresse-shop.it\/Import\/Prodotti\/zafferano-bilia-candy-set-4-bicchieri-tumbler-blu.jpg?ssl=1","datePublished":"2026-04-12T11:58:47+00:00","description":"Bilia Candy rinnova il classico vaso Bilia con un tocco di giocosa nostalgia. Estas versiones si caratterizza per una sfera di vetro al suo interno,","breadcrumb":{"@id":"https:\/\/dev6.erresse-shop.it\/es\/shop\/tabla\/vasos\/zafferano-bilia-candy-4-vasos-azul\/#breadcrumb"},"inLanguage":"es","potentialAction":[{"@type":"ReadAction","target":["https:\/\/dev6.erresse-shop.it\/es\/shop\/tabla\/vasos\/zafferano-bilia-candy-4-vasos-azul\/"]}]},{"@type":"ImageObject","inLanguage":"es","@id":"https:\/\/dev6.erresse-shop.it\/es\/shop\/tabla\/vasos\/zafferano-bilia-candy-4-vasos-azul\/#primaryimage","url":"https:\/\/i0.wp.com\/interpim.erresse-shop.it\/Import\/Prodotti\/zafferano-bilia-candy-set-4-bicchieri-tumbler-blu.jpg?ssl=1","contentUrl":"https:\/\/i0.wp.com\/interpim.erresse-shop.it\/Import\/Prodotti\/zafferano-bilia-candy-set-4-bicchieri-tumbler-blu.jpg?ssl=1"},{"@type":"BreadcrumbList","@id":"https:\/\/dev6.erresse-shop.it\/es\/shop\/tabla\/vasos\/zafferano-bilia-candy-4-vasos-azul\/#breadcrumb","itemListElement":[{"@type":"ListItem","position":1,"name":"Home","item":"https:\/\/dev6.erresse-shop.it\/"},{"@type":"ListItem","position":2,"name":"Tienda","item":"https:\/\/dev6.erresse-shop.it\/shop\/"},{"@type":"ListItem","position":3,"name":"ZAFFERANO Bilia Candy 4 Vasos Azul"}]},{"@type":"WebSite","@id":"https:\/\/dev6.erresse-shop.it\/#website","url":"https:\/\/dev6.erresse-shop.it\/","name":"Erresse Shop","description":"","publisher":{"@id":"https:\/\/dev6.erresse-shop.it\/#organization"},"potentialAction":[{"@type":"SearchAction","target":{"@type":"EntryPoint","urlTemplate":"https:\/\/dev6.erresse-shop.it\/?s={search_term_string}"},"query-input":{"@type":"PropertyValueSpecification","valueRequired":true,"valueName":"search_term_string"}}],"inLanguage":"es"},{"@type":"Organization","@id":"https:\/\/dev6.erresse-shop.it\/#organization","name":"Erresse Shop","url":"https:\/\/dev6.erresse-shop.it\/","logo":{"@type":"ImageObject","inLanguage":"es","@id":"https:\/\/dev6.erresse-shop.it\/#\/schema\/logo\/image\/","url":"https:\/\/dev6.erresse-shop.it\/wp-content\/uploads\/2025\/01\/LOGO-ERRESSE-CLASSICO.svg","contentUrl":"https:\/\/dev6.erresse-shop.it\/wp-content\/uploads\/2025\/01\/LOGO-ERRESSE-CLASSICO.svg","caption":"Erresse Shop"},"image":{"@id":"https:\/\/dev6.erresse-shop.it\/#\/schema\/logo\/image\/"}}]}},"df_price":46.8,"df_sale_price":"","df_regular_price":46.8,"df_image_link":"https:\/\/i0.wp.com\/interpim.erresse-shop.it\/Import\/Prodotti\/zafferano-bilia-candy-set-4-bicchieri-tumbler-blu.jpg?resize=300,300&ssl=1","fifu_image_url":"https:\/\/interpim.erresse-shop.it\/Import\/Prodotti\/zafferano-bilia-candy-set-4-bicchieri-tumbler-blu.jpg","_links":{"self":[{"href":"https:\/\/dev6.erresse-shop.it\/es\/wp-json\/wp\/v2\/product\/1884461","targetHints":{"allow":["GET"]}}],"collection":[{"href":"https:\/\/dev6.erresse-shop.it\/es\/wp-json\/wp\/v2\/product"}],"about":[{"href":"https:\/\/dev6.erresse-shop.it\/es\/wp-json\/wp\/v2\/types\/product"}],"wp:featuredmedia":[{"embeddable":true,"href":"https:\/\/dev6.erresse-shop.it\/es\/wp-json\/wp\/v2\/media\/6379103"}],"wp:attachment":[{"href":"https:\/\/dev6.erresse-shop.it\/es\/wp-json\/wp\/v2\/media?parent=1884461"}],"wp:term":[{"taxonomy":"product_cat","embeddable":true,"href":"https:\/\/dev6.erresse-shop.it\/es\/wp-json\/wp\/v2\/product_cat?post=1884461"},{"taxonomy":"product_tag","embeddable":true,"href":"https:\/\/dev6.erresse-shop.it\/es\/wp-json\/wp\/v2\/product_tag?post=1884461"}],"curies":[{"name":"wp","href":"https:\/\/api.w.org\/{rel}","templated":true}]}}