{"id":1884439,"date":"2026-04-12T13:58:47","date_gmt":"2026-04-12T11:58:47","guid":{"rendered":"https:\/\/dev6.erresse-shop.it\/shop\/sin%20categor\u00eda\/zafferano-teca-mare-coral-azul\/"},"modified":"2025-09-14T10:41:37","modified_gmt":"2025-09-14T08:41:37","slug":"zafferano-teca-mare-coral-azul","status":"publish","type":"product","link":"https:\/\/dev6.erresse-shop.it\/es\/shop\/tabla\/jarras-garaffas-botellas\/zafferano-teca-mare-coral-azul\/","title":{"rendered":"ZAFFERANO Teca Mare Coral azul"},"content":{"rendered":"<p>Las jarras de la colecci\u00f3n Teca Mare de Zafferano combinan funcionalidad y decoraci\u00f3n, para enriquecer tu mesa de tem\u00e1tica marina. Fabricadas artesanalmente con vidrio de borosilicato, las jarras presentan fascinantes decoraciones en el interior del vidrio de doble vidrio, como peces de dos tonos, sardinas, corales, erizos de mar y estrellas de mar. Gracias al doble fondo protector, podr\u00e1s insertar hielo sin temor a roturas, manteniendo tu bebida fresca y la jarra intacta. F\u00e1ciles de limpiar e ideales para el uso diario, estas jarras est\u00e1n dise\u00f1adas para quienes desean un toque de elegancia y originalidad en sus momentos de convivencia, transformando cada ocasi\u00f3n en una experiencia \u00fanica y colorida.<\/p>\n<p>Caracter\u00edsticas:<\/p>\n<p>Di\u00e1metro: 8,5 cm<br \/>\nAltura total: 19,5 cm<br \/>\nProtuberancia: 13,8 cm<br \/>\nCapacidad: 75 cl<\/p>\n","protected":false},"excerpt":{"rendered":"<p>Las jarras de la colecci\u00f3n Teca Mare de Zafferano combinan funcionalidad y decoraci\u00f3n, para enriquecer tu mesa de tem\u00e1tica marina. Fabricadas artesanalmente con vidrio de borosilicato, las jarras presentan fascinantes decoraciones en el interior del vidrio de doble vidrio, como peces de dos tonos, sardinas, corales, erizos de mar y estrellas de mar. Gracias al [&hellip;]<\/p>\n","protected":false},"featured_media":6379053,"template":"","meta":{"_acf_changed":false},"product_cat":[11899,11887],"product_tag":[],"class_list":{"0":"post-1884439","1":"product","2":"type-product","3":"status-publish","4":"has-post-thumbnail","6":"product_cat-jarras-garaffas-botellas","7":"product_cat-tabla","9":"first","10":"instock","11":"taxable","12":"shipping-taxable","13":"purchasable","14":"product-type-simple","swatches":"rey-swatches","show_selected":"","stretch_labels":"rey-swatches--stretch-labels"},"acf":[],"yoast_head":"<!-- This site is optimized with the Yoast SEO plugin v25.4 - https:\/\/yoast.com\/wordpress\/plugins\/seo\/ -->\n<title>ZAFFERANO Teca Mare Coral azul - dev6 Erresse<\/title>\n<meta name=\"description\" content=\"Las jarras de la colecci\u00f3n Teca Mare de Zafferano combinan funcionalidad y decoraci\u00f3n, para enriquecer tu mesa de tem\u00e1tica marina. Fabricadas\" \/>\n<meta name=\"robots\" content=\"noindex, follow, max-snippet:-1, max-image-preview:large, max-video-preview:-1\" \/>\n<meta property=\"og:locale\" content=\"es_ES\" \/>\n<meta property=\"og:type\" content=\"article\" \/>\n<meta property=\"og:title\" content=\"ZAFFERANO Teca Mare Coral azul - dev6 Erresse\" \/>\n<meta property=\"og:description\" content=\"Las jarras de la colecci\u00f3n Teca Mare de Zafferano combinan funcionalidad y decoraci\u00f3n, para enriquecer tu mesa de tem\u00e1tica marina. Fabricadas\" \/>\n<meta property=\"og:url\" content=\"https:\/\/dev6.erresse-shop.it\/es\/shop\/tabla\/jarras-garaffas-botellas\/zafferano-teca-mare-coral-azul\/\" \/>\n<meta property=\"og:site_name\" content=\"dev6 Erresse\" \/>\n<meta property=\"og:image\" content=\"https:\/\/interpim.erresse-shop.it\/Import\/Prodotti\/zafferano-teca-mare-caraffa-corallo-blu.jpg\" \/><meta property=\"og:image\" content=\"https:\/\/interpim.erresse-shop.it\/Import\/Prodotti\/zafferano-teca-mare-caraffa-corallo-blu.jpg\" \/>\n\t<meta property=\"og:image:width\" content=\"1024\" \/>\n\t<meta property=\"og:image:height\" content=\"1024\" \/>\n\t<meta property=\"og:image:type\" content=\"image\/jpeg\" \/>\n<meta name=\"twitter:card\" content=\"summary_large_image\" \/>\n<meta name=\"twitter:image\" content=\"https:\/\/interpim.erresse-shop.it\/Import\/Prodotti\/zafferano-teca-mare-caraffa-corallo-blu.jpg\" \/>\n<script type=\"application\/ld+json\" class=\"yoast-schema-graph\">{\"@context\":\"https:\/\/schema.org\",\"@graph\":[{\"@type\":\"WebPage\",\"@id\":\"https:\/\/dev6.erresse-shop.it\/es\/shop\/tabla\/jarras-garaffas-botellas\/zafferano-teca-mare-coral-azul\/\",\"url\":\"https:\/\/dev6.erresse-shop.it\/es\/shop\/tabla\/jarras-garaffas-botellas\/zafferano-teca-mare-coral-azul\/\",\"name\":\"ZAFFERANO Teca Mare Coral azul - dev6 Erresse\",\"isPartOf\":{\"@id\":\"https:\/\/dev6.erresse-shop.it\/#website\"},\"primaryImageOfPage\":{\"@id\":\"https:\/\/dev6.erresse-shop.it\/es\/shop\/tabla\/jarras-garaffas-botellas\/zafferano-teca-mare-coral-azul\/#primaryimage\"},\"image\":{\"@id\":\"https:\/\/dev6.erresse-shop.it\/es\/shop\/tabla\/jarras-garaffas-botellas\/zafferano-teca-mare-coral-azul\/#primaryimage\"},\"thumbnailUrl\":\"https:\/\/i0.wp.com\/interpim.erresse-shop.it\/Import\/Prodotti\/zafferano-teca-mare-caraffa-corallo-blu.jpg?ssl=1\",\"datePublished\":\"2026-04-12T11:58:47+00:00\",\"description\":\"Las jarras de la colecci\u00f3n Teca Mare de Zafferano combinan funcionalidad y decoraci\u00f3n, para enriquecer tu mesa de tem\u00e1tica marina. Fabricadas\",\"breadcrumb\":{\"@id\":\"https:\/\/dev6.erresse-shop.it\/es\/shop\/tabla\/jarras-garaffas-botellas\/zafferano-teca-mare-coral-azul\/#breadcrumb\"},\"inLanguage\":\"es\",\"potentialAction\":[{\"@type\":\"ReadAction\",\"target\":[\"https:\/\/dev6.erresse-shop.it\/es\/shop\/tabla\/jarras-garaffas-botellas\/zafferano-teca-mare-coral-azul\/\"]}]},{\"@type\":\"ImageObject\",\"inLanguage\":\"es\",\"@id\":\"https:\/\/dev6.erresse-shop.it\/es\/shop\/tabla\/jarras-garaffas-botellas\/zafferano-teca-mare-coral-azul\/#primaryimage\",\"url\":\"https:\/\/i0.wp.com\/interpim.erresse-shop.it\/Import\/Prodotti\/zafferano-teca-mare-caraffa-corallo-blu.jpg?ssl=1\",\"contentUrl\":\"https:\/\/i0.wp.com\/interpim.erresse-shop.it\/Import\/Prodotti\/zafferano-teca-mare-caraffa-corallo-blu.jpg?ssl=1\"},{\"@type\":\"BreadcrumbList\",\"@id\":\"https:\/\/dev6.erresse-shop.it\/es\/shop\/tabla\/jarras-garaffas-botellas\/zafferano-teca-mare-coral-azul\/#breadcrumb\",\"itemListElement\":[{\"@type\":\"ListItem\",\"position\":1,\"name\":\"Home\",\"item\":\"https:\/\/dev6.erresse-shop.it\/\"},{\"@type\":\"ListItem\",\"position\":2,\"name\":\"Tienda\",\"item\":\"https:\/\/dev6.erresse-shop.it\/shop\/\"},{\"@type\":\"ListItem\",\"position\":3,\"name\":\"ZAFFERANO Teca Mare Coral azul\"}]},{\"@type\":\"WebSite\",\"@id\":\"https:\/\/dev6.erresse-shop.it\/#website\",\"url\":\"https:\/\/dev6.erresse-shop.it\/\",\"name\":\"Erresse Shop\",\"description\":\"\",\"publisher\":{\"@id\":\"https:\/\/dev6.erresse-shop.it\/#organization\"},\"potentialAction\":[{\"@type\":\"SearchAction\",\"target\":{\"@type\":\"EntryPoint\",\"urlTemplate\":\"https:\/\/dev6.erresse-shop.it\/?s={search_term_string}\"},\"query-input\":{\"@type\":\"PropertyValueSpecification\",\"valueRequired\":true,\"valueName\":\"search_term_string\"}}],\"inLanguage\":\"es\"},{\"@type\":\"Organization\",\"@id\":\"https:\/\/dev6.erresse-shop.it\/#organization\",\"name\":\"Erresse Shop\",\"url\":\"https:\/\/dev6.erresse-shop.it\/\",\"logo\":{\"@type\":\"ImageObject\",\"inLanguage\":\"es\",\"@id\":\"https:\/\/dev6.erresse-shop.it\/#\/schema\/logo\/image\/\",\"url\":\"https:\/\/dev6.erresse-shop.it\/wp-content\/uploads\/2025\/01\/LOGO-ERRESSE-CLASSICO.svg\",\"contentUrl\":\"https:\/\/dev6.erresse-shop.it\/wp-content\/uploads\/2025\/01\/LOGO-ERRESSE-CLASSICO.svg\",\"caption\":\"Erresse Shop\"},\"image\":{\"@id\":\"https:\/\/dev6.erresse-shop.it\/#\/schema\/logo\/image\/\"}}]}<\/script>\n<!-- \/ Yoast SEO plugin. -->","yoast_head_json":{"title":"ZAFFERANO Teca Mare Coral azul - dev6 Erresse","description":"Las jarras de la colecci\u00f3n Teca Mare de Zafferano combinan funcionalidad y decoraci\u00f3n, para enriquecer tu mesa de tem\u00e1tica marina. Fabricadas","robots":{"index":"noindex","follow":"follow","max-snippet":"max-snippet:-1","max-image-preview":"max-image-preview:large","max-video-preview":"max-video-preview:-1"},"og_locale":"es_ES","og_type":"article","og_title":"ZAFFERANO Teca Mare Coral azul - dev6 Erresse","og_description":"Las jarras de la colecci\u00f3n Teca Mare de Zafferano combinan funcionalidad y decoraci\u00f3n, para enriquecer tu mesa de tem\u00e1tica marina. Fabricadas","og_url":"https:\/\/dev6.erresse-shop.it\/es\/shop\/tabla\/jarras-garaffas-botellas\/zafferano-teca-mare-coral-azul\/","og_site_name":"dev6 Erresse","og_image":[{"url":"https:\/\/interpim.erresse-shop.it\/Import\/Prodotti\/zafferano-teca-mare-caraffa-corallo-blu.jpg","type":"","width":"","height":""},{"url":"https:\/\/interpim.erresse-shop.it\/Import\/Prodotti\/zafferano-teca-mare-caraffa-corallo-blu.jpg","width":1024,"height":1024,"type":"image\/jpeg"}],"twitter_card":"summary_large_image","twitter_image":"https:\/\/interpim.erresse-shop.it\/Import\/Prodotti\/zafferano-teca-mare-caraffa-corallo-blu.jpg","schema":{"@context":"https:\/\/schema.org","@graph":[{"@type":"WebPage","@id":"https:\/\/dev6.erresse-shop.it\/es\/shop\/tabla\/jarras-garaffas-botellas\/zafferano-teca-mare-coral-azul\/","url":"https:\/\/dev6.erresse-shop.it\/es\/shop\/tabla\/jarras-garaffas-botellas\/zafferano-teca-mare-coral-azul\/","name":"ZAFFERANO Teca Mare Coral azul - dev6 Erresse","isPartOf":{"@id":"https:\/\/dev6.erresse-shop.it\/#website"},"primaryImageOfPage":{"@id":"https:\/\/dev6.erresse-shop.it\/es\/shop\/tabla\/jarras-garaffas-botellas\/zafferano-teca-mare-coral-azul\/#primaryimage"},"image":{"@id":"https:\/\/dev6.erresse-shop.it\/es\/shop\/tabla\/jarras-garaffas-botellas\/zafferano-teca-mare-coral-azul\/#primaryimage"},"thumbnailUrl":"https:\/\/i0.wp.com\/interpim.erresse-shop.it\/Import\/Prodotti\/zafferano-teca-mare-caraffa-corallo-blu.jpg?ssl=1","datePublished":"2026-04-12T11:58:47+00:00","description":"Las jarras de la colecci\u00f3n Teca Mare de Zafferano combinan funcionalidad y decoraci\u00f3n, para enriquecer tu mesa de tem\u00e1tica marina. Fabricadas","breadcrumb":{"@id":"https:\/\/dev6.erresse-shop.it\/es\/shop\/tabla\/jarras-garaffas-botellas\/zafferano-teca-mare-coral-azul\/#breadcrumb"},"inLanguage":"es","potentialAction":[{"@type":"ReadAction","target":["https:\/\/dev6.erresse-shop.it\/es\/shop\/tabla\/jarras-garaffas-botellas\/zafferano-teca-mare-coral-azul\/"]}]},{"@type":"ImageObject","inLanguage":"es","@id":"https:\/\/dev6.erresse-shop.it\/es\/shop\/tabla\/jarras-garaffas-botellas\/zafferano-teca-mare-coral-azul\/#primaryimage","url":"https:\/\/i0.wp.com\/interpim.erresse-shop.it\/Import\/Prodotti\/zafferano-teca-mare-caraffa-corallo-blu.jpg?ssl=1","contentUrl":"https:\/\/i0.wp.com\/interpim.erresse-shop.it\/Import\/Prodotti\/zafferano-teca-mare-caraffa-corallo-blu.jpg?ssl=1"},{"@type":"BreadcrumbList","@id":"https:\/\/dev6.erresse-shop.it\/es\/shop\/tabla\/jarras-garaffas-botellas\/zafferano-teca-mare-coral-azul\/#breadcrumb","itemListElement":[{"@type":"ListItem","position":1,"name":"Home","item":"https:\/\/dev6.erresse-shop.it\/"},{"@type":"ListItem","position":2,"name":"Tienda","item":"https:\/\/dev6.erresse-shop.it\/shop\/"},{"@type":"ListItem","position":3,"name":"ZAFFERANO Teca Mare Coral azul"}]},{"@type":"WebSite","@id":"https:\/\/dev6.erresse-shop.it\/#website","url":"https:\/\/dev6.erresse-shop.it\/","name":"Erresse Shop","description":"","publisher":{"@id":"https:\/\/dev6.erresse-shop.it\/#organization"},"potentialAction":[{"@type":"SearchAction","target":{"@type":"EntryPoint","urlTemplate":"https:\/\/dev6.erresse-shop.it\/?s={search_term_string}"},"query-input":{"@type":"PropertyValueSpecification","valueRequired":true,"valueName":"search_term_string"}}],"inLanguage":"es"},{"@type":"Organization","@id":"https:\/\/dev6.erresse-shop.it\/#organization","name":"Erresse Shop","url":"https:\/\/dev6.erresse-shop.it\/","logo":{"@type":"ImageObject","inLanguage":"es","@id":"https:\/\/dev6.erresse-shop.it\/#\/schema\/logo\/image\/","url":"https:\/\/dev6.erresse-shop.it\/wp-content\/uploads\/2025\/01\/LOGO-ERRESSE-CLASSICO.svg","contentUrl":"https:\/\/dev6.erresse-shop.it\/wp-content\/uploads\/2025\/01\/LOGO-ERRESSE-CLASSICO.svg","caption":"Erresse Shop"},"image":{"@id":"https:\/\/dev6.erresse-shop.it\/#\/schema\/logo\/image\/"}}]}},"df_price":20,"df_sale_price":"","df_regular_price":20,"df_image_link":"https:\/\/i0.wp.com\/interpim.erresse-shop.it\/Import\/Prodotti\/zafferano-teca-mare-caraffa-corallo-blu.jpg?resize=300,300&ssl=1","fifu_image_url":"https:\/\/interpim.erresse-shop.it\/Import\/Prodotti\/zafferano-teca-mare-caraffa-corallo-blu.jpg","_links":{"self":[{"href":"https:\/\/dev6.erresse-shop.it\/es\/wp-json\/wp\/v2\/product\/1884439","targetHints":{"allow":["GET"]}}],"collection":[{"href":"https:\/\/dev6.erresse-shop.it\/es\/wp-json\/wp\/v2\/product"}],"about":[{"href":"https:\/\/dev6.erresse-shop.it\/es\/wp-json\/wp\/v2\/types\/product"}],"wp:featuredmedia":[{"embeddable":true,"href":"https:\/\/dev6.erresse-shop.it\/es\/wp-json\/wp\/v2\/media\/6379053"}],"wp:attachment":[{"href":"https:\/\/dev6.erresse-shop.it\/es\/wp-json\/wp\/v2\/media?parent=1884439"}],"wp:term":[{"taxonomy":"product_cat","embeddable":true,"href":"https:\/\/dev6.erresse-shop.it\/es\/wp-json\/wp\/v2\/product_cat?post=1884439"},{"taxonomy":"product_tag","embeddable":true,"href":"https:\/\/dev6.erresse-shop.it\/es\/wp-json\/wp\/v2\/product_tag?post=1884439"}],"curies":[{"name":"wp","href":"https:\/\/api.w.org\/{rel}","templated":true}]}}