{"id":1884421,"date":"2026-04-12T13:55:57","date_gmt":"2026-04-12T11:55:57","guid":{"rendered":"https:\/\/dev6.erresse-shop.it\/shop\/sin%20categor\u00eda\/zafferano-teca-frutta-set-de-6-vasos-surtidos\/"},"modified":"2025-09-14T10:40:55","modified_gmt":"2025-09-14T08:40:55","slug":"zafferano-teca-frutta-set-de-6-vasos-surtidos","status":"publish","type":"product","link":"https:\/\/dev6.erresse-shop.it\/es\/shop\/tabla\/vasos\/zafferano-teca-frutta-set-de-6-vasos-surtidos\/","title":{"rendered":"ZAFFERANO Teca Frutta Set de 6 Vasos Surtidos"},"content":{"rendered":"<p>En la categor\u00eda de productos de vajilla con decoraciones en el interior de la bebida, Teca Frutta representa una revoluci\u00f3n. En estos vasos de vidrio borosilicato, el elemento decorativo est\u00e1 protegido dentro de un \u201cdoble fondo\u201d (doble vidrio) que facilita la limpieza y el mantenimiento de los art\u00edculos. De esta manera podr\u00e1s verter hielo en el vaso sin temor a que se rompa accidentalmente. Adem\u00e1s, gracias a la forma empotrada de la \u201cTeca\u201d, los vasos son apilables. Las decoraciones del juego de seis piezas, hechas a mano, pueden ser todas diferentes o cada una puede representar una fruta de diferente color: naranja, lim\u00f3n, manzana, cerezas, pera, fresa; En este caso, cada invitado tendr\u00e1 su copa personalizada, evitando posibles confusiones.<\/p>\n<p>Caracter\u00edsticas:<\/p>\n<p>Di\u00e1metro: 8 cm<br \/>\nAltura total: 10,5 cm<br \/>\nCapacidad: 35 cl<\/p>\n","protected":false},"excerpt":{"rendered":"<p>En la categor\u00eda de productos de vajilla con decoraciones en el interior de la bebida, Teca Frutta representa una revoluci\u00f3n. En estos vasos de vidrio borosilicato, el elemento decorativo est\u00e1 protegido dentro de un \u201cdoble fondo\u201d (doble vidrio) que facilita la limpieza y el mantenimiento de los art\u00edculos. De esta manera podr\u00e1s verter hielo en [&hellip;]<\/p>\n","protected":false},"featured_media":6379002,"template":"","meta":{"_acf_changed":false},"product_cat":[11887,11901],"product_tag":[],"class_list":{"0":"post-1884421","1":"product","2":"type-product","3":"status-publish","4":"has-post-thumbnail","6":"product_cat-tabla","7":"product_cat-vasos","9":"first","10":"instock","11":"sale","12":"taxable","13":"shipping-taxable","14":"purchasable","15":"product-type-simple","swatches":"rey-swatches","show_selected":"","stretch_labels":"rey-swatches--stretch-labels"},"acf":[],"yoast_head":"<!-- This site is optimized with the Yoast SEO plugin v25.4 - https:\/\/yoast.com\/wordpress\/plugins\/seo\/ -->\n<title>ZAFFERANO Teca Frutta Set de 6 Vasos Surtidos - dev6 Erresse<\/title>\n<meta name=\"description\" content=\"En la categor\u00eda de productos de vajilla con decoraciones en el interior de la bebida, Teca Frutta representa una revoluci\u00f3n. En estos vasos de vidrio\" \/>\n<meta name=\"robots\" content=\"noindex, follow, max-snippet:-1, max-image-preview:large, max-video-preview:-1\" \/>\n<meta property=\"og:locale\" content=\"es_ES\" \/>\n<meta property=\"og:type\" content=\"article\" \/>\n<meta property=\"og:title\" content=\"ZAFFERANO Teca Frutta Set de 6 Vasos Surtidos - dev6 Erresse\" \/>\n<meta property=\"og:description\" content=\"En la categor\u00eda de productos de vajilla con decoraciones en el interior de la bebida, Teca Frutta representa una revoluci\u00f3n. En estos vasos de vidrio\" \/>\n<meta property=\"og:url\" content=\"https:\/\/dev6.erresse-shop.it\/es\/shop\/tabla\/vasos\/zafferano-teca-frutta-set-de-6-vasos-surtidos\/\" \/>\n<meta property=\"og:site_name\" content=\"dev6 Erresse\" \/>\n<meta property=\"og:image\" content=\"https:\/\/interpim.erresse-shop.it\/Import\/Prodotti\/zafferano-teca-frutta-set-6-bicchieri-tumbler-assortiti.jpg\" \/><meta property=\"og:image\" content=\"https:\/\/interpim.erresse-shop.it\/Import\/Prodotti\/zafferano-teca-frutta-set-6-bicchieri-tumbler-assortiti.jpg\" \/>\n\t<meta property=\"og:image:width\" content=\"1024\" \/>\n\t<meta property=\"og:image:height\" content=\"1024\" \/>\n\t<meta property=\"og:image:type\" content=\"image\/jpeg\" \/>\n<meta name=\"twitter:card\" content=\"summary_large_image\" \/>\n<meta name=\"twitter:image\" content=\"https:\/\/interpim.erresse-shop.it\/Import\/Prodotti\/zafferano-teca-frutta-set-6-bicchieri-tumbler-assortiti.jpg\" \/>\n<script type=\"application\/ld+json\" class=\"yoast-schema-graph\">{\"@context\":\"https:\/\/schema.org\",\"@graph\":[{\"@type\":\"WebPage\",\"@id\":\"https:\/\/dev6.erresse-shop.it\/es\/shop\/tabla\/vasos\/zafferano-teca-frutta-set-de-6-vasos-surtidos\/\",\"url\":\"https:\/\/dev6.erresse-shop.it\/es\/shop\/tabla\/vasos\/zafferano-teca-frutta-set-de-6-vasos-surtidos\/\",\"name\":\"ZAFFERANO Teca Frutta Set de 6 Vasos Surtidos - dev6 Erresse\",\"isPartOf\":{\"@id\":\"https:\/\/dev6.erresse-shop.it\/#website\"},\"primaryImageOfPage\":{\"@id\":\"https:\/\/dev6.erresse-shop.it\/es\/shop\/tabla\/vasos\/zafferano-teca-frutta-set-de-6-vasos-surtidos\/#primaryimage\"},\"image\":{\"@id\":\"https:\/\/dev6.erresse-shop.it\/es\/shop\/tabla\/vasos\/zafferano-teca-frutta-set-de-6-vasos-surtidos\/#primaryimage\"},\"thumbnailUrl\":\"https:\/\/i3.wp.com\/interpim.erresse-shop.it\/Import\/Prodotti\/zafferano-teca-frutta-set-6-bicchieri-tumbler-assortiti.jpg?ssl=1\",\"datePublished\":\"2026-04-12T11:55:57+00:00\",\"description\":\"En la categor\u00eda de productos de vajilla con decoraciones en el interior de la bebida, Teca Frutta representa una revoluci\u00f3n. En estos vasos de vidrio\",\"breadcrumb\":{\"@id\":\"https:\/\/dev6.erresse-shop.it\/es\/shop\/tabla\/vasos\/zafferano-teca-frutta-set-de-6-vasos-surtidos\/#breadcrumb\"},\"inLanguage\":\"es\",\"potentialAction\":[{\"@type\":\"ReadAction\",\"target\":[\"https:\/\/dev6.erresse-shop.it\/es\/shop\/tabla\/vasos\/zafferano-teca-frutta-set-de-6-vasos-surtidos\/\"]}]},{\"@type\":\"ImageObject\",\"inLanguage\":\"es\",\"@id\":\"https:\/\/dev6.erresse-shop.it\/es\/shop\/tabla\/vasos\/zafferano-teca-frutta-set-de-6-vasos-surtidos\/#primaryimage\",\"url\":\"https:\/\/i3.wp.com\/interpim.erresse-shop.it\/Import\/Prodotti\/zafferano-teca-frutta-set-6-bicchieri-tumbler-assortiti.jpg?ssl=1\",\"contentUrl\":\"https:\/\/i3.wp.com\/interpim.erresse-shop.it\/Import\/Prodotti\/zafferano-teca-frutta-set-6-bicchieri-tumbler-assortiti.jpg?ssl=1\"},{\"@type\":\"BreadcrumbList\",\"@id\":\"https:\/\/dev6.erresse-shop.it\/es\/shop\/tabla\/vasos\/zafferano-teca-frutta-set-de-6-vasos-surtidos\/#breadcrumb\",\"itemListElement\":[{\"@type\":\"ListItem\",\"position\":1,\"name\":\"Home\",\"item\":\"https:\/\/dev6.erresse-shop.it\/\"},{\"@type\":\"ListItem\",\"position\":2,\"name\":\"Tienda\",\"item\":\"https:\/\/dev6.erresse-shop.it\/shop\/\"},{\"@type\":\"ListItem\",\"position\":3,\"name\":\"ZAFFERANO Teca Frutta Set de 6 Vasos Surtidos\"}]},{\"@type\":\"WebSite\",\"@id\":\"https:\/\/dev6.erresse-shop.it\/#website\",\"url\":\"https:\/\/dev6.erresse-shop.it\/\",\"name\":\"Erresse Shop\",\"description\":\"\",\"publisher\":{\"@id\":\"https:\/\/dev6.erresse-shop.it\/#organization\"},\"potentialAction\":[{\"@type\":\"SearchAction\",\"target\":{\"@type\":\"EntryPoint\",\"urlTemplate\":\"https:\/\/dev6.erresse-shop.it\/?s={search_term_string}\"},\"query-input\":{\"@type\":\"PropertyValueSpecification\",\"valueRequired\":true,\"valueName\":\"search_term_string\"}}],\"inLanguage\":\"es\"},{\"@type\":\"Organization\",\"@id\":\"https:\/\/dev6.erresse-shop.it\/#organization\",\"name\":\"Erresse Shop\",\"url\":\"https:\/\/dev6.erresse-shop.it\/\",\"logo\":{\"@type\":\"ImageObject\",\"inLanguage\":\"es\",\"@id\":\"https:\/\/dev6.erresse-shop.it\/#\/schema\/logo\/image\/\",\"url\":\"https:\/\/dev6.erresse-shop.it\/wp-content\/uploads\/2025\/01\/LOGO-ERRESSE-CLASSICO.svg\",\"contentUrl\":\"https:\/\/dev6.erresse-shop.it\/wp-content\/uploads\/2025\/01\/LOGO-ERRESSE-CLASSICO.svg\",\"caption\":\"Erresse Shop\"},\"image\":{\"@id\":\"https:\/\/dev6.erresse-shop.it\/#\/schema\/logo\/image\/\"}}]}<\/script>\n<!-- \/ Yoast SEO plugin. -->","yoast_head_json":{"title":"ZAFFERANO Teca Frutta Set de 6 Vasos Surtidos - dev6 Erresse","description":"En la categor\u00eda de productos de vajilla con decoraciones en el interior de la bebida, Teca Frutta representa una revoluci\u00f3n. En estos vasos de vidrio","robots":{"index":"noindex","follow":"follow","max-snippet":"max-snippet:-1","max-image-preview":"max-image-preview:large","max-video-preview":"max-video-preview:-1"},"og_locale":"es_ES","og_type":"article","og_title":"ZAFFERANO Teca Frutta Set de 6 Vasos Surtidos - dev6 Erresse","og_description":"En la categor\u00eda de productos de vajilla con decoraciones en el interior de la bebida, Teca Frutta representa una revoluci\u00f3n. En estos vasos de vidrio","og_url":"https:\/\/dev6.erresse-shop.it\/es\/shop\/tabla\/vasos\/zafferano-teca-frutta-set-de-6-vasos-surtidos\/","og_site_name":"dev6 Erresse","og_image":[{"url":"https:\/\/interpim.erresse-shop.it\/Import\/Prodotti\/zafferano-teca-frutta-set-6-bicchieri-tumbler-assortiti.jpg","type":"","width":"","height":""},{"url":"https:\/\/interpim.erresse-shop.it\/Import\/Prodotti\/zafferano-teca-frutta-set-6-bicchieri-tumbler-assortiti.jpg","width":1024,"height":1024,"type":"image\/jpeg"}],"twitter_card":"summary_large_image","twitter_image":"https:\/\/interpim.erresse-shop.it\/Import\/Prodotti\/zafferano-teca-frutta-set-6-bicchieri-tumbler-assortiti.jpg","schema":{"@context":"https:\/\/schema.org","@graph":[{"@type":"WebPage","@id":"https:\/\/dev6.erresse-shop.it\/es\/shop\/tabla\/vasos\/zafferano-teca-frutta-set-de-6-vasos-surtidos\/","url":"https:\/\/dev6.erresse-shop.it\/es\/shop\/tabla\/vasos\/zafferano-teca-frutta-set-de-6-vasos-surtidos\/","name":"ZAFFERANO Teca Frutta Set de 6 Vasos Surtidos - dev6 Erresse","isPartOf":{"@id":"https:\/\/dev6.erresse-shop.it\/#website"},"primaryImageOfPage":{"@id":"https:\/\/dev6.erresse-shop.it\/es\/shop\/tabla\/vasos\/zafferano-teca-frutta-set-de-6-vasos-surtidos\/#primaryimage"},"image":{"@id":"https:\/\/dev6.erresse-shop.it\/es\/shop\/tabla\/vasos\/zafferano-teca-frutta-set-de-6-vasos-surtidos\/#primaryimage"},"thumbnailUrl":"https:\/\/i3.wp.com\/interpim.erresse-shop.it\/Import\/Prodotti\/zafferano-teca-frutta-set-6-bicchieri-tumbler-assortiti.jpg?ssl=1","datePublished":"2026-04-12T11:55:57+00:00","description":"En la categor\u00eda de productos de vajilla con decoraciones en el interior de la bebida, Teca Frutta representa una revoluci\u00f3n. En estos vasos de vidrio","breadcrumb":{"@id":"https:\/\/dev6.erresse-shop.it\/es\/shop\/tabla\/vasos\/zafferano-teca-frutta-set-de-6-vasos-surtidos\/#breadcrumb"},"inLanguage":"es","potentialAction":[{"@type":"ReadAction","target":["https:\/\/dev6.erresse-shop.it\/es\/shop\/tabla\/vasos\/zafferano-teca-frutta-set-de-6-vasos-surtidos\/"]}]},{"@type":"ImageObject","inLanguage":"es","@id":"https:\/\/dev6.erresse-shop.it\/es\/shop\/tabla\/vasos\/zafferano-teca-frutta-set-de-6-vasos-surtidos\/#primaryimage","url":"https:\/\/i3.wp.com\/interpim.erresse-shop.it\/Import\/Prodotti\/zafferano-teca-frutta-set-6-bicchieri-tumbler-assortiti.jpg?ssl=1","contentUrl":"https:\/\/i3.wp.com\/interpim.erresse-shop.it\/Import\/Prodotti\/zafferano-teca-frutta-set-6-bicchieri-tumbler-assortiti.jpg?ssl=1"},{"@type":"BreadcrumbList","@id":"https:\/\/dev6.erresse-shop.it\/es\/shop\/tabla\/vasos\/zafferano-teca-frutta-set-de-6-vasos-surtidos\/#breadcrumb","itemListElement":[{"@type":"ListItem","position":1,"name":"Home","item":"https:\/\/dev6.erresse-shop.it\/"},{"@type":"ListItem","position":2,"name":"Tienda","item":"https:\/\/dev6.erresse-shop.it\/shop\/"},{"@type":"ListItem","position":3,"name":"ZAFFERANO Teca Frutta Set de 6 Vasos Surtidos"}]},{"@type":"WebSite","@id":"https:\/\/dev6.erresse-shop.it\/#website","url":"https:\/\/dev6.erresse-shop.it\/","name":"Erresse Shop","description":"","publisher":{"@id":"https:\/\/dev6.erresse-shop.it\/#organization"},"potentialAction":[{"@type":"SearchAction","target":{"@type":"EntryPoint","urlTemplate":"https:\/\/dev6.erresse-shop.it\/?s={search_term_string}"},"query-input":{"@type":"PropertyValueSpecification","valueRequired":true,"valueName":"search_term_string"}}],"inLanguage":"es"},{"@type":"Organization","@id":"https:\/\/dev6.erresse-shop.it\/#organization","name":"Erresse Shop","url":"https:\/\/dev6.erresse-shop.it\/","logo":{"@type":"ImageObject","inLanguage":"es","@id":"https:\/\/dev6.erresse-shop.it\/#\/schema\/logo\/image\/","url":"https:\/\/dev6.erresse-shop.it\/wp-content\/uploads\/2025\/01\/LOGO-ERRESSE-CLASSICO.svg","contentUrl":"https:\/\/dev6.erresse-shop.it\/wp-content\/uploads\/2025\/01\/LOGO-ERRESSE-CLASSICO.svg","caption":"Erresse Shop"},"image":{"@id":"https:\/\/dev6.erresse-shop.it\/#\/schema\/logo\/image\/"}}]}},"df_price":59.95,"df_sale_price":59.95,"df_regular_price":71.7,"df_image_link":"https:\/\/i3.wp.com\/interpim.erresse-shop.it\/Import\/Prodotti\/zafferano-teca-frutta-set-6-bicchieri-tumbler-assortiti.jpg?resize=300,300&ssl=1","fifu_image_url":"https:\/\/interpim.erresse-shop.it\/Import\/Prodotti\/zafferano-teca-frutta-set-6-bicchieri-tumbler-assortiti.jpg","_links":{"self":[{"href":"https:\/\/dev6.erresse-shop.it\/es\/wp-json\/wp\/v2\/product\/1884421","targetHints":{"allow":["GET"]}}],"collection":[{"href":"https:\/\/dev6.erresse-shop.it\/es\/wp-json\/wp\/v2\/product"}],"about":[{"href":"https:\/\/dev6.erresse-shop.it\/es\/wp-json\/wp\/v2\/types\/product"}],"wp:featuredmedia":[{"embeddable":true,"href":"https:\/\/dev6.erresse-shop.it\/es\/wp-json\/wp\/v2\/media\/6379002"}],"wp:attachment":[{"href":"https:\/\/dev6.erresse-shop.it\/es\/wp-json\/wp\/v2\/media?parent=1884421"}],"wp:term":[{"taxonomy":"product_cat","embeddable":true,"href":"https:\/\/dev6.erresse-shop.it\/es\/wp-json\/wp\/v2\/product_cat?post=1884421"},{"taxonomy":"product_tag","embeddable":true,"href":"https:\/\/dev6.erresse-shop.it\/es\/wp-json\/wp\/v2\/product_tag?post=1884421"}],"curies":[{"name":"wp","href":"https:\/\/api.w.org\/{rel}","templated":true}]}}