{"id":1884415,"date":"2026-04-12T13:55:57","date_gmt":"2026-04-12T11:55:57","guid":{"rendered":"https:\/\/dev6.erresse-shop.it\/shop\/sin%20categor\u00eda\/lego-room-copenhagen-storage-brick-multi-pack-3-piezas-2\/"},"modified":"2025-07-05T02:07:23","modified_gmt":"2025-07-05T00:07:23","slug":"lego-room-copenhagen-storage-brick-multi-pack-3-piezas-2","status":"publish","type":"product","link":"https:\/\/dev6.erresse-shop.it\/es\/shop\/mobiliario\/muebles\/lego-room-copenhagen-storage-brick-multi-pack-3-piezas-2\/","title":{"rendered":"LEGO &#8211; ROOM COPENHAGEN Storage Brick Multi-Pack 3 piezas 2"},"content":{"rendered":"<p>Poner orden nunca ha sido tan f\u00e1cil ni tan divertido con este multipack de grandes ladrillos LEGO\u00ae con tapas desmontables. El juego incluye un ladrillo contenedor rojo de 2 pernos, un ladrillo contenedor amarillo de 1 perno y un ladrillo contenedor redondo azul de 1 perno.<\/p>\n<p>Una mezcla de megaladrillos: este multipack de 3 piezas de grandes ladrillos LEGO\u00ae con tapas desmontables es ideal para guardar juguetes, ladrillos LEGO, chucher\u00edas y mucho m\u00e1s.<br \/>\nContenedor seguro y apilable: fabricado con pl\u00e1stico polipropileno (PP) duradero y f\u00e1cil de limpiar en los colores cl\u00e1sicos de LEGO\u00ae.<br \/>\nLos contenedores se conectan y apilan, como si fueran ladrillos LEGO reales<\/p>\n<p>A los fan\u00e1ticos de LEGO\u00ae les encantar\u00e1n estos ladrillos gigantes, incluso cuando llegue el momento de limpiar. El ladrillo grande de dos montantes mide m\u00e1s de 18 cm (7\u201d) de alto, 25 cm (9\u201d) de ancho y 12 cm (4\u201d) de profundidad.<\/p>\n<p>\u00a0<\/p>\n","protected":false},"excerpt":{"rendered":"<p>Poner orden nunca ha sido tan f\u00e1cil ni tan divertido con este multipack de grandes ladrillos LEGO\u00ae con tapas desmontables. El juego incluye un ladrillo contenedor rojo de 2 pernos, un ladrillo contenedor amarillo de 1 perno y un ladrillo contenedor redondo azul de 1 perno. Una mezcla de megaladrillos: este multipack de 3 piezas [&hellip;]<\/p>\n","protected":false},"featured_media":6378992,"template":"","meta":{"_acf_changed":false},"product_cat":[11882,11926],"product_tag":[],"class_list":{"0":"post-1884415","1":"product","2":"type-product","3":"status-publish","4":"has-post-thumbnail","6":"product_cat-mobiliario","7":"product_cat-muebles","9":"first","10":"instock","11":"taxable","12":"shipping-taxable","13":"purchasable","14":"product-type-simple","swatches":"rey-swatches","show_selected":"","stretch_labels":"rey-swatches--stretch-labels"},"acf":[],"yoast_head":"<!-- This site is optimized with the Yoast SEO plugin v25.4 - https:\/\/yoast.com\/wordpress\/plugins\/seo\/ -->\n<title>LEGO &#8211; ROOM COPENHAGEN Storage Brick Multi-Pack 3 piezas 2 - dev6 Erresse<\/title>\n<meta name=\"description\" content=\"Poner orden nunca ha sido tan f\u00e1cil ni tan divertido con este multipack de grandes ladrillos LEGO\u00ae con tapas desmontables. El juego incluye un ladrillo\" \/>\n<meta name=\"robots\" content=\"noindex, follow, max-snippet:-1, max-image-preview:large, max-video-preview:-1\" \/>\n<meta property=\"og:locale\" content=\"es_ES\" \/>\n<meta property=\"og:type\" content=\"article\" \/>\n<meta property=\"og:title\" content=\"LEGO &#8211; ROOM COPENHAGEN Storage Brick Multi-Pack 3 piezas 2 - dev6 Erresse\" \/>\n<meta property=\"og:description\" content=\"Poner orden nunca ha sido tan f\u00e1cil ni tan divertido con este multipack de grandes ladrillos LEGO\u00ae con tapas desmontables. El juego incluye un ladrillo\" \/>\n<meta property=\"og:url\" content=\"https:\/\/dev6.erresse-shop.it\/es\/shop\/mobiliario\/muebles\/lego-room-copenhagen-storage-brick-multi-pack-3-piezas-2\/\" \/>\n<meta property=\"og:site_name\" content=\"dev6 Erresse\" \/>\n<meta property=\"og:image\" content=\"https:\/\/interpim.erresse-shop.it\/Import\/Prodotti\/lego-room-copenhagen-storage-brick-multi-pack-3-pezzi-2.jpg\" \/><meta property=\"og:image\" content=\"https:\/\/interpim.erresse-shop.it\/Import\/Prodotti\/lego-room-copenhagen-storage-brick-multi-pack-3-pezzi-2.jpg\" \/>\n\t<meta property=\"og:image:width\" content=\"1024\" \/>\n\t<meta property=\"og:image:height\" content=\"1024\" \/>\n\t<meta property=\"og:image:type\" content=\"image\/jpeg\" \/>\n<meta name=\"twitter:card\" content=\"summary_large_image\" \/>\n<meta name=\"twitter:image\" content=\"https:\/\/interpim.erresse-shop.it\/Import\/Prodotti\/lego-room-copenhagen-storage-brick-multi-pack-3-pezzi-2.jpg\" \/>\n<script type=\"application\/ld+json\" class=\"yoast-schema-graph\">{\"@context\":\"https:\/\/schema.org\",\"@graph\":[{\"@type\":\"WebPage\",\"@id\":\"https:\/\/dev6.erresse-shop.it\/es\/shop\/mobiliario\/muebles\/lego-room-copenhagen-storage-brick-multi-pack-3-piezas-2\/\",\"url\":\"https:\/\/dev6.erresse-shop.it\/es\/shop\/mobiliario\/muebles\/lego-room-copenhagen-storage-brick-multi-pack-3-piezas-2\/\",\"name\":\"LEGO &#8211; ROOM COPENHAGEN Storage Brick Multi-Pack 3 piezas 2 - dev6 Erresse\",\"isPartOf\":{\"@id\":\"https:\/\/dev6.erresse-shop.it\/#website\"},\"primaryImageOfPage\":{\"@id\":\"https:\/\/dev6.erresse-shop.it\/es\/shop\/mobiliario\/muebles\/lego-room-copenhagen-storage-brick-multi-pack-3-piezas-2\/#primaryimage\"},\"image\":{\"@id\":\"https:\/\/dev6.erresse-shop.it\/es\/shop\/mobiliario\/muebles\/lego-room-copenhagen-storage-brick-multi-pack-3-piezas-2\/#primaryimage\"},\"thumbnailUrl\":\"https:\/\/i1.wp.com\/interpim.erresse-shop.it\/Import\/Prodotti\/lego-room-copenhagen-storage-brick-multi-pack-3-pezzi-2.jpg?ssl=1\",\"datePublished\":\"2026-04-12T11:55:57+00:00\",\"description\":\"Poner orden nunca ha sido tan f\u00e1cil ni tan divertido con este multipack de grandes ladrillos LEGO\u00ae con tapas desmontables. El juego incluye un ladrillo\",\"breadcrumb\":{\"@id\":\"https:\/\/dev6.erresse-shop.it\/es\/shop\/mobiliario\/muebles\/lego-room-copenhagen-storage-brick-multi-pack-3-piezas-2\/#breadcrumb\"},\"inLanguage\":\"es\",\"potentialAction\":[{\"@type\":\"ReadAction\",\"target\":[\"https:\/\/dev6.erresse-shop.it\/es\/shop\/mobiliario\/muebles\/lego-room-copenhagen-storage-brick-multi-pack-3-piezas-2\/\"]}]},{\"@type\":\"ImageObject\",\"inLanguage\":\"es\",\"@id\":\"https:\/\/dev6.erresse-shop.it\/es\/shop\/mobiliario\/muebles\/lego-room-copenhagen-storage-brick-multi-pack-3-piezas-2\/#primaryimage\",\"url\":\"https:\/\/i1.wp.com\/interpim.erresse-shop.it\/Import\/Prodotti\/lego-room-copenhagen-storage-brick-multi-pack-3-pezzi-2.jpg?ssl=1\",\"contentUrl\":\"https:\/\/i1.wp.com\/interpim.erresse-shop.it\/Import\/Prodotti\/lego-room-copenhagen-storage-brick-multi-pack-3-pezzi-2.jpg?ssl=1\"},{\"@type\":\"BreadcrumbList\",\"@id\":\"https:\/\/dev6.erresse-shop.it\/es\/shop\/mobiliario\/muebles\/lego-room-copenhagen-storage-brick-multi-pack-3-piezas-2\/#breadcrumb\",\"itemListElement\":[{\"@type\":\"ListItem\",\"position\":1,\"name\":\"Home\",\"item\":\"https:\/\/dev6.erresse-shop.it\/\"},{\"@type\":\"ListItem\",\"position\":2,\"name\":\"Tienda\",\"item\":\"https:\/\/dev6.erresse-shop.it\/shop\/\"},{\"@type\":\"ListItem\",\"position\":3,\"name\":\"LEGO &#8211; ROOM COPENHAGEN Storage Brick Multi-Pack 3 piezas 2\"}]},{\"@type\":\"WebSite\",\"@id\":\"https:\/\/dev6.erresse-shop.it\/#website\",\"url\":\"https:\/\/dev6.erresse-shop.it\/\",\"name\":\"Erresse Shop\",\"description\":\"\",\"publisher\":{\"@id\":\"https:\/\/dev6.erresse-shop.it\/#organization\"},\"potentialAction\":[{\"@type\":\"SearchAction\",\"target\":{\"@type\":\"EntryPoint\",\"urlTemplate\":\"https:\/\/dev6.erresse-shop.it\/?s={search_term_string}\"},\"query-input\":{\"@type\":\"PropertyValueSpecification\",\"valueRequired\":true,\"valueName\":\"search_term_string\"}}],\"inLanguage\":\"es\"},{\"@type\":\"Organization\",\"@id\":\"https:\/\/dev6.erresse-shop.it\/#organization\",\"name\":\"Erresse Shop\",\"url\":\"https:\/\/dev6.erresse-shop.it\/\",\"logo\":{\"@type\":\"ImageObject\",\"inLanguage\":\"es\",\"@id\":\"https:\/\/dev6.erresse-shop.it\/#\/schema\/logo\/image\/\",\"url\":\"https:\/\/dev6.erresse-shop.it\/wp-content\/uploads\/2025\/01\/LOGO-ERRESSE-CLASSICO.svg\",\"contentUrl\":\"https:\/\/dev6.erresse-shop.it\/wp-content\/uploads\/2025\/01\/LOGO-ERRESSE-CLASSICO.svg\",\"caption\":\"Erresse Shop\"},\"image\":{\"@id\":\"https:\/\/dev6.erresse-shop.it\/#\/schema\/logo\/image\/\"}}]}<\/script>\n<!-- \/ Yoast SEO plugin. -->","yoast_head_json":{"title":"LEGO &#8211; ROOM COPENHAGEN Storage Brick Multi-Pack 3 piezas 2 - dev6 Erresse","description":"Poner orden nunca ha sido tan f\u00e1cil ni tan divertido con este multipack de grandes ladrillos LEGO\u00ae con tapas desmontables. El juego incluye un ladrillo","robots":{"index":"noindex","follow":"follow","max-snippet":"max-snippet:-1","max-image-preview":"max-image-preview:large","max-video-preview":"max-video-preview:-1"},"og_locale":"es_ES","og_type":"article","og_title":"LEGO &#8211; ROOM COPENHAGEN Storage Brick Multi-Pack 3 piezas 2 - dev6 Erresse","og_description":"Poner orden nunca ha sido tan f\u00e1cil ni tan divertido con este multipack de grandes ladrillos LEGO\u00ae con tapas desmontables. El juego incluye un ladrillo","og_url":"https:\/\/dev6.erresse-shop.it\/es\/shop\/mobiliario\/muebles\/lego-room-copenhagen-storage-brick-multi-pack-3-piezas-2\/","og_site_name":"dev6 Erresse","og_image":[{"url":"https:\/\/interpim.erresse-shop.it\/Import\/Prodotti\/lego-room-copenhagen-storage-brick-multi-pack-3-pezzi-2.jpg","type":"","width":"","height":""},{"url":"https:\/\/interpim.erresse-shop.it\/Import\/Prodotti\/lego-room-copenhagen-storage-brick-multi-pack-3-pezzi-2.jpg","width":1024,"height":1024,"type":"image\/jpeg"}],"twitter_card":"summary_large_image","twitter_image":"https:\/\/interpim.erresse-shop.it\/Import\/Prodotti\/lego-room-copenhagen-storage-brick-multi-pack-3-pezzi-2.jpg","schema":{"@context":"https:\/\/schema.org","@graph":[{"@type":"WebPage","@id":"https:\/\/dev6.erresse-shop.it\/es\/shop\/mobiliario\/muebles\/lego-room-copenhagen-storage-brick-multi-pack-3-piezas-2\/","url":"https:\/\/dev6.erresse-shop.it\/es\/shop\/mobiliario\/muebles\/lego-room-copenhagen-storage-brick-multi-pack-3-piezas-2\/","name":"LEGO &#8211; ROOM COPENHAGEN Storage Brick Multi-Pack 3 piezas 2 - dev6 Erresse","isPartOf":{"@id":"https:\/\/dev6.erresse-shop.it\/#website"},"primaryImageOfPage":{"@id":"https:\/\/dev6.erresse-shop.it\/es\/shop\/mobiliario\/muebles\/lego-room-copenhagen-storage-brick-multi-pack-3-piezas-2\/#primaryimage"},"image":{"@id":"https:\/\/dev6.erresse-shop.it\/es\/shop\/mobiliario\/muebles\/lego-room-copenhagen-storage-brick-multi-pack-3-piezas-2\/#primaryimage"},"thumbnailUrl":"https:\/\/i1.wp.com\/interpim.erresse-shop.it\/Import\/Prodotti\/lego-room-copenhagen-storage-brick-multi-pack-3-pezzi-2.jpg?ssl=1","datePublished":"2026-04-12T11:55:57+00:00","description":"Poner orden nunca ha sido tan f\u00e1cil ni tan divertido con este multipack de grandes ladrillos LEGO\u00ae con tapas desmontables. El juego incluye un ladrillo","breadcrumb":{"@id":"https:\/\/dev6.erresse-shop.it\/es\/shop\/mobiliario\/muebles\/lego-room-copenhagen-storage-brick-multi-pack-3-piezas-2\/#breadcrumb"},"inLanguage":"es","potentialAction":[{"@type":"ReadAction","target":["https:\/\/dev6.erresse-shop.it\/es\/shop\/mobiliario\/muebles\/lego-room-copenhagen-storage-brick-multi-pack-3-piezas-2\/"]}]},{"@type":"ImageObject","inLanguage":"es","@id":"https:\/\/dev6.erresse-shop.it\/es\/shop\/mobiliario\/muebles\/lego-room-copenhagen-storage-brick-multi-pack-3-piezas-2\/#primaryimage","url":"https:\/\/i1.wp.com\/interpim.erresse-shop.it\/Import\/Prodotti\/lego-room-copenhagen-storage-brick-multi-pack-3-pezzi-2.jpg?ssl=1","contentUrl":"https:\/\/i1.wp.com\/interpim.erresse-shop.it\/Import\/Prodotti\/lego-room-copenhagen-storage-brick-multi-pack-3-pezzi-2.jpg?ssl=1"},{"@type":"BreadcrumbList","@id":"https:\/\/dev6.erresse-shop.it\/es\/shop\/mobiliario\/muebles\/lego-room-copenhagen-storage-brick-multi-pack-3-piezas-2\/#breadcrumb","itemListElement":[{"@type":"ListItem","position":1,"name":"Home","item":"https:\/\/dev6.erresse-shop.it\/"},{"@type":"ListItem","position":2,"name":"Tienda","item":"https:\/\/dev6.erresse-shop.it\/shop\/"},{"@type":"ListItem","position":3,"name":"LEGO &#8211; ROOM COPENHAGEN Storage Brick Multi-Pack 3 piezas 2"}]},{"@type":"WebSite","@id":"https:\/\/dev6.erresse-shop.it\/#website","url":"https:\/\/dev6.erresse-shop.it\/","name":"Erresse Shop","description":"","publisher":{"@id":"https:\/\/dev6.erresse-shop.it\/#organization"},"potentialAction":[{"@type":"SearchAction","target":{"@type":"EntryPoint","urlTemplate":"https:\/\/dev6.erresse-shop.it\/?s={search_term_string}"},"query-input":{"@type":"PropertyValueSpecification","valueRequired":true,"valueName":"search_term_string"}}],"inLanguage":"es"},{"@type":"Organization","@id":"https:\/\/dev6.erresse-shop.it\/#organization","name":"Erresse Shop","url":"https:\/\/dev6.erresse-shop.it\/","logo":{"@type":"ImageObject","inLanguage":"es","@id":"https:\/\/dev6.erresse-shop.it\/#\/schema\/logo\/image\/","url":"https:\/\/dev6.erresse-shop.it\/wp-content\/uploads\/2025\/01\/LOGO-ERRESSE-CLASSICO.svg","contentUrl":"https:\/\/dev6.erresse-shop.it\/wp-content\/uploads\/2025\/01\/LOGO-ERRESSE-CLASSICO.svg","caption":"Erresse Shop"},"image":{"@id":"https:\/\/dev6.erresse-shop.it\/#\/schema\/logo\/image\/"}}]}},"df_price":54.99,"df_sale_price":"","df_regular_price":54.99,"df_image_link":"https:\/\/i1.wp.com\/interpim.erresse-shop.it\/Import\/Prodotti\/lego-room-copenhagen-storage-brick-multi-pack-3-pezzi-2.jpg?resize=300,300&ssl=1","fifu_image_url":"https:\/\/interpim.erresse-shop.it\/Import\/Prodotti\/lego-room-copenhagen-storage-brick-multi-pack-3-pezzi-2.jpg","_links":{"self":[{"href":"https:\/\/dev6.erresse-shop.it\/es\/wp-json\/wp\/v2\/product\/1884415","targetHints":{"allow":["GET"]}}],"collection":[{"href":"https:\/\/dev6.erresse-shop.it\/es\/wp-json\/wp\/v2\/product"}],"about":[{"href":"https:\/\/dev6.erresse-shop.it\/es\/wp-json\/wp\/v2\/types\/product"}],"wp:featuredmedia":[{"embeddable":true,"href":"https:\/\/dev6.erresse-shop.it\/es\/wp-json\/wp\/v2\/media\/6378992"}],"wp:attachment":[{"href":"https:\/\/dev6.erresse-shop.it\/es\/wp-json\/wp\/v2\/media?parent=1884415"}],"wp:term":[{"taxonomy":"product_cat","embeddable":true,"href":"https:\/\/dev6.erresse-shop.it\/es\/wp-json\/wp\/v2\/product_cat?post=1884415"},{"taxonomy":"product_tag","embeddable":true,"href":"https:\/\/dev6.erresse-shop.it\/es\/wp-json\/wp\/v2\/product_tag?post=1884415"}],"curies":[{"name":"wp","href":"https:\/\/api.w.org\/{rel}","templated":true}]}}