{"id":1884343,"date":"2026-04-12T13:50:21","date_gmt":"2026-04-12T11:50:21","guid":{"rendered":"https:\/\/dev6.erresse-shop.it\/shop\/sin%20categor\u00eda\/zwilling-set-de-accesorios-de-plastico-fresh-save-5-piezas-grises\/"},"modified":"2026-01-16T22:21:23","modified_gmt":"2026-01-16T21:21:23","slug":"zwilling-set-de-accesorios-de-plastico-fresh-save-5-piezas-grises","status":"publish","type":"product","link":"https:\/\/dev6.erresse-shop.it\/es\/shop\/cocina\/vacio\/zwilling-set-de-accesorios-de-plastico-fresh-save-5-piezas-grises\/","title":{"rendered":"ZWILLING Set de accesorios de pl\u00e1stico Fresh &#038; Save 5 piezas grises"},"content":{"rendered":"<p>ZWILLING FRESCO Y CUENCOS AHORRADORES: El revolucionario sistema de vac\u00edo no s\u00f3lo te brinda m\u00e1s frescura. Tambi\u00e9n simplifica tu vida diaria en la cocina, gracias a las numerosas soluciones que evitan el desorden durante la preparaci\u00f3n de las comidas.<\/p>\n<p>Nuestro pr\u00e1ctico juego de accesorios contiene: Una protecci\u00f3n contra salpicaduras adaptable, adecuada para los cuencos BOWLS y STAUB CERAMIQUE de 18 y 24 cm (sin asas). Este accesorio permite mezclar y licuar ingredientes sin ensuciar y al mismo tiempo act\u00faa como soporte para utilizar accesorios con recipientes grandes.<\/p>\n<p>Tres accesorios intercambiables: perfectos para rallar, rebanar, rallar, pelar y picar, se adaptan a todos los recipientes de 12 cm y se pueden insertar en la protecci\u00f3n contra salpicaduras para usar con recipientes m\u00e1s grandes. De esta manera podr\u00e1s rallar directamente en los cuencos.<\/p>\n<p>Esterilla de silicona antideslizante para hornear, para un agarre estable al mezclar y rallar, como sustituto sostenible del papel de hornear y como pr\u00e1ctica ayuda para amasar. F\u00e1cil de lavar en el lavavajillas.<\/p>\n<p>Set de accesorios para ZWILLING FRESH &amp; CUENCOS SAVE con protecci\u00f3n contra salpicaduras, 3 accesorios para rallar y tapete de silicona antideslizante, aptos para horno<br \/>\nProtector antisalpicaduras apto para cuencos BOWLS y STAUB CERAMIQUE (sin asas) de 18 y 24 cm<\/p>\n<p>3 accesorios para rallado grueso, fino y en rodajas<br \/>\nRallador con dise\u00f1o ZWILLING Z-Cut y tecnolog\u00eda de corte bidireccional<\/p>\n<p>Los ralladores se pueden insertar en la protecci\u00f3n contra salpicaduras y tambi\u00e9n se pueden utilizar en recipientes de 18 y 24 cm<br \/>\nAlfombrilla de silicona antideslizante para un agarre estable al mezclar y rallar<br \/>\nTapete de silicona vers\u00e1til: permite extender y cortar, y sustituye al papel de horno (apta para horno hasta 240 \u00b0C)<\/p>\n<p>Detalles del producto:<\/p>\n<p>Resistencia al calor:240 \u00baC<br \/>\nResistencia al fr\u00edo:0 \u00baC<br \/>\nMaterial:pl\u00e1stico<br \/>\nCobertura existente:no<br \/>\nApto para lavavajillas:S\u00ed<br \/>\nN\u00famero de piezas:5<\/p>\n<p>\u00a0<\/p>\n","protected":false},"excerpt":{"rendered":"<p>ZWILLING FRESCO Y CUENCOS AHORRADORES: El revolucionario sistema de vac\u00edo no s\u00f3lo te brinda m\u00e1s frescura. Tambi\u00e9n simplifica tu vida diaria en la cocina, gracias a las numerosas soluciones que evitan el desorden durante la preparaci\u00f3n de las comidas. Nuestro pr\u00e1ctico juego de accesorios contiene: Una protecci\u00f3n contra salpicaduras adaptable, adecuada para los cuencos BOWLS [&hellip;]<\/p>\n","protected":false},"featured_media":6378793,"template":"","meta":{"_acf_changed":false},"product_cat":[11884,11987],"product_tag":[],"class_list":{"0":"post-1884343","1":"product","2":"type-product","3":"status-publish","4":"has-post-thumbnail","6":"product_cat-cocina","7":"product_cat-vacio","9":"first","10":"instock","11":"sale","12":"taxable","13":"shipping-taxable","14":"purchasable","15":"product-type-simple","swatches":"rey-swatches","show_selected":"","stretch_labels":"rey-swatches--stretch-labels"},"acf":[],"yoast_head":"<!-- This site is optimized with the Yoast SEO plugin v25.4 - https:\/\/yoast.com\/wordpress\/plugins\/seo\/ -->\n<title>ZWILLING Set de accesorios de pl\u00e1stico Fresh &#038; Save 5 piezas grises - dev6 Erresse<\/title>\n<meta name=\"description\" content=\"ZWILLING FRESCO Y CUENCOS AHORRADORES: El revolucionario sistema de vac\u00edo no s\u00f3lo te brinda m\u00e1s frescura. Tambi\u00e9n simplifica tu vida diaria en la cocina,\" \/>\n<meta name=\"robots\" content=\"noindex, follow, max-snippet:-1, max-image-preview:large, max-video-preview:-1\" \/>\n<meta property=\"og:locale\" content=\"es_ES\" \/>\n<meta property=\"og:type\" content=\"article\" \/>\n<meta property=\"og:title\" content=\"ZWILLING Set de accesorios de pl\u00e1stico Fresh &#038; Save 5 piezas grises - dev6 Erresse\" \/>\n<meta property=\"og:description\" content=\"ZWILLING FRESCO Y CUENCOS AHORRADORES: El revolucionario sistema de vac\u00edo no s\u00f3lo te brinda m\u00e1s frescura. Tambi\u00e9n simplifica tu vida diaria en la cocina,\" \/>\n<meta property=\"og:url\" content=\"https:\/\/dev6.erresse-shop.it\/es\/shop\/cocina\/vacio\/zwilling-set-de-accesorios-de-plastico-fresh-save-5-piezas-grises\/\" \/>\n<meta property=\"og:site_name\" content=\"dev6 Erresse\" \/>\n<meta property=\"og:image\" content=\"https:\/\/interpim.erresse-shop.it\/Import\/Prodotti\/zwilling-set-accessori-fresh-save-in-plastica-5-pezzi-grigio.jpg\" \/><meta property=\"og:image\" content=\"https:\/\/interpim.erresse-shop.it\/Import\/Prodotti\/zwilling-set-accessori-fresh-save-in-plastica-5-pezzi-grigio.jpg\" \/>\n\t<meta property=\"og:image:width\" content=\"1024\" \/>\n\t<meta property=\"og:image:height\" content=\"1024\" \/>\n\t<meta property=\"og:image:type\" content=\"image\/jpeg\" \/>\n<meta name=\"twitter:card\" content=\"summary_large_image\" \/>\n<meta name=\"twitter:image\" content=\"https:\/\/interpim.erresse-shop.it\/Import\/Prodotti\/zwilling-set-accessori-fresh-save-in-plastica-5-pezzi-grigio.jpg\" \/>\n<script type=\"application\/ld+json\" class=\"yoast-schema-graph\">{\"@context\":\"https:\/\/schema.org\",\"@graph\":[{\"@type\":\"WebPage\",\"@id\":\"https:\/\/dev6.erresse-shop.it\/es\/shop\/cocina\/vacio\/zwilling-set-de-accesorios-de-plastico-fresh-save-5-piezas-grises\/\",\"url\":\"https:\/\/dev6.erresse-shop.it\/es\/shop\/cocina\/vacio\/zwilling-set-de-accesorios-de-plastico-fresh-save-5-piezas-grises\/\",\"name\":\"ZWILLING Set de accesorios de pl\u00e1stico Fresh &#038; Save 5 piezas grises - dev6 Erresse\",\"isPartOf\":{\"@id\":\"https:\/\/dev6.erresse-shop.it\/#website\"},\"primaryImageOfPage\":{\"@id\":\"https:\/\/dev6.erresse-shop.it\/es\/shop\/cocina\/vacio\/zwilling-set-de-accesorios-de-plastico-fresh-save-5-piezas-grises\/#primaryimage\"},\"image\":{\"@id\":\"https:\/\/dev6.erresse-shop.it\/es\/shop\/cocina\/vacio\/zwilling-set-de-accesorios-de-plastico-fresh-save-5-piezas-grises\/#primaryimage\"},\"thumbnailUrl\":\"https:\/\/i1.wp.com\/interpim.erresse-shop.it\/Import\/Prodotti\/zwilling-set-accessori-fresh-save-in-plastica-5-pezzi-grigio.jpg?ssl=1\",\"datePublished\":\"2026-04-12T11:50:21+00:00\",\"description\":\"ZWILLING FRESCO Y CUENCOS AHORRADORES: El revolucionario sistema de vac\u00edo no s\u00f3lo te brinda m\u00e1s frescura. Tambi\u00e9n simplifica tu vida diaria en la cocina,\",\"breadcrumb\":{\"@id\":\"https:\/\/dev6.erresse-shop.it\/es\/shop\/cocina\/vacio\/zwilling-set-de-accesorios-de-plastico-fresh-save-5-piezas-grises\/#breadcrumb\"},\"inLanguage\":\"es\",\"potentialAction\":[{\"@type\":\"ReadAction\",\"target\":[\"https:\/\/dev6.erresse-shop.it\/es\/shop\/cocina\/vacio\/zwilling-set-de-accesorios-de-plastico-fresh-save-5-piezas-grises\/\"]}]},{\"@type\":\"ImageObject\",\"inLanguage\":\"es\",\"@id\":\"https:\/\/dev6.erresse-shop.it\/es\/shop\/cocina\/vacio\/zwilling-set-de-accesorios-de-plastico-fresh-save-5-piezas-grises\/#primaryimage\",\"url\":\"https:\/\/i1.wp.com\/interpim.erresse-shop.it\/Import\/Prodotti\/zwilling-set-accessori-fresh-save-in-plastica-5-pezzi-grigio.jpg?ssl=1\",\"contentUrl\":\"https:\/\/i1.wp.com\/interpim.erresse-shop.it\/Import\/Prodotti\/zwilling-set-accessori-fresh-save-in-plastica-5-pezzi-grigio.jpg?ssl=1\"},{\"@type\":\"BreadcrumbList\",\"@id\":\"https:\/\/dev6.erresse-shop.it\/es\/shop\/cocina\/vacio\/zwilling-set-de-accesorios-de-plastico-fresh-save-5-piezas-grises\/#breadcrumb\",\"itemListElement\":[{\"@type\":\"ListItem\",\"position\":1,\"name\":\"Home\",\"item\":\"https:\/\/dev6.erresse-shop.it\/\"},{\"@type\":\"ListItem\",\"position\":2,\"name\":\"Tienda\",\"item\":\"https:\/\/dev6.erresse-shop.it\/shop\/\"},{\"@type\":\"ListItem\",\"position\":3,\"name\":\"ZWILLING Set de accesorios de pl\u00e1stico Fresh &#038; Save 5 piezas grises\"}]},{\"@type\":\"WebSite\",\"@id\":\"https:\/\/dev6.erresse-shop.it\/#website\",\"url\":\"https:\/\/dev6.erresse-shop.it\/\",\"name\":\"Erresse Shop\",\"description\":\"\",\"publisher\":{\"@id\":\"https:\/\/dev6.erresse-shop.it\/#organization\"},\"potentialAction\":[{\"@type\":\"SearchAction\",\"target\":{\"@type\":\"EntryPoint\",\"urlTemplate\":\"https:\/\/dev6.erresse-shop.it\/?s={search_term_string}\"},\"query-input\":{\"@type\":\"PropertyValueSpecification\",\"valueRequired\":true,\"valueName\":\"search_term_string\"}}],\"inLanguage\":\"es\"},{\"@type\":\"Organization\",\"@id\":\"https:\/\/dev6.erresse-shop.it\/#organization\",\"name\":\"Erresse Shop\",\"url\":\"https:\/\/dev6.erresse-shop.it\/\",\"logo\":{\"@type\":\"ImageObject\",\"inLanguage\":\"es\",\"@id\":\"https:\/\/dev6.erresse-shop.it\/#\/schema\/logo\/image\/\",\"url\":\"https:\/\/dev6.erresse-shop.it\/wp-content\/uploads\/2025\/01\/LOGO-ERRESSE-CLASSICO.svg\",\"contentUrl\":\"https:\/\/dev6.erresse-shop.it\/wp-content\/uploads\/2025\/01\/LOGO-ERRESSE-CLASSICO.svg\",\"caption\":\"Erresse Shop\"},\"image\":{\"@id\":\"https:\/\/dev6.erresse-shop.it\/#\/schema\/logo\/image\/\"}}]}<\/script>\n<!-- \/ Yoast SEO plugin. -->","yoast_head_json":{"title":"ZWILLING Set de accesorios de pl\u00e1stico Fresh &#038; Save 5 piezas grises - dev6 Erresse","description":"ZWILLING FRESCO Y CUENCOS AHORRADORES: El revolucionario sistema de vac\u00edo no s\u00f3lo te brinda m\u00e1s frescura. Tambi\u00e9n simplifica tu vida diaria en la cocina,","robots":{"index":"noindex","follow":"follow","max-snippet":"max-snippet:-1","max-image-preview":"max-image-preview:large","max-video-preview":"max-video-preview:-1"},"og_locale":"es_ES","og_type":"article","og_title":"ZWILLING Set de accesorios de pl\u00e1stico Fresh &#038; Save 5 piezas grises - dev6 Erresse","og_description":"ZWILLING FRESCO Y CUENCOS AHORRADORES: El revolucionario sistema de vac\u00edo no s\u00f3lo te brinda m\u00e1s frescura. Tambi\u00e9n simplifica tu vida diaria en la cocina,","og_url":"https:\/\/dev6.erresse-shop.it\/es\/shop\/cocina\/vacio\/zwilling-set-de-accesorios-de-plastico-fresh-save-5-piezas-grises\/","og_site_name":"dev6 Erresse","og_image":[{"url":"https:\/\/interpim.erresse-shop.it\/Import\/Prodotti\/zwilling-set-accessori-fresh-save-in-plastica-5-pezzi-grigio.jpg","type":"","width":"","height":""},{"url":"https:\/\/interpim.erresse-shop.it\/Import\/Prodotti\/zwilling-set-accessori-fresh-save-in-plastica-5-pezzi-grigio.jpg","width":1024,"height":1024,"type":"image\/jpeg"}],"twitter_card":"summary_large_image","twitter_image":"https:\/\/interpim.erresse-shop.it\/Import\/Prodotti\/zwilling-set-accessori-fresh-save-in-plastica-5-pezzi-grigio.jpg","schema":{"@context":"https:\/\/schema.org","@graph":[{"@type":"WebPage","@id":"https:\/\/dev6.erresse-shop.it\/es\/shop\/cocina\/vacio\/zwilling-set-de-accesorios-de-plastico-fresh-save-5-piezas-grises\/","url":"https:\/\/dev6.erresse-shop.it\/es\/shop\/cocina\/vacio\/zwilling-set-de-accesorios-de-plastico-fresh-save-5-piezas-grises\/","name":"ZWILLING Set de accesorios de pl\u00e1stico Fresh &#038; Save 5 piezas grises - dev6 Erresse","isPartOf":{"@id":"https:\/\/dev6.erresse-shop.it\/#website"},"primaryImageOfPage":{"@id":"https:\/\/dev6.erresse-shop.it\/es\/shop\/cocina\/vacio\/zwilling-set-de-accesorios-de-plastico-fresh-save-5-piezas-grises\/#primaryimage"},"image":{"@id":"https:\/\/dev6.erresse-shop.it\/es\/shop\/cocina\/vacio\/zwilling-set-de-accesorios-de-plastico-fresh-save-5-piezas-grises\/#primaryimage"},"thumbnailUrl":"https:\/\/i1.wp.com\/interpim.erresse-shop.it\/Import\/Prodotti\/zwilling-set-accessori-fresh-save-in-plastica-5-pezzi-grigio.jpg?ssl=1","datePublished":"2026-04-12T11:50:21+00:00","description":"ZWILLING FRESCO Y CUENCOS AHORRADORES: El revolucionario sistema de vac\u00edo no s\u00f3lo te brinda m\u00e1s frescura. Tambi\u00e9n simplifica tu vida diaria en la cocina,","breadcrumb":{"@id":"https:\/\/dev6.erresse-shop.it\/es\/shop\/cocina\/vacio\/zwilling-set-de-accesorios-de-plastico-fresh-save-5-piezas-grises\/#breadcrumb"},"inLanguage":"es","potentialAction":[{"@type":"ReadAction","target":["https:\/\/dev6.erresse-shop.it\/es\/shop\/cocina\/vacio\/zwilling-set-de-accesorios-de-plastico-fresh-save-5-piezas-grises\/"]}]},{"@type":"ImageObject","inLanguage":"es","@id":"https:\/\/dev6.erresse-shop.it\/es\/shop\/cocina\/vacio\/zwilling-set-de-accesorios-de-plastico-fresh-save-5-piezas-grises\/#primaryimage","url":"https:\/\/i1.wp.com\/interpim.erresse-shop.it\/Import\/Prodotti\/zwilling-set-accessori-fresh-save-in-plastica-5-pezzi-grigio.jpg?ssl=1","contentUrl":"https:\/\/i1.wp.com\/interpim.erresse-shop.it\/Import\/Prodotti\/zwilling-set-accessori-fresh-save-in-plastica-5-pezzi-grigio.jpg?ssl=1"},{"@type":"BreadcrumbList","@id":"https:\/\/dev6.erresse-shop.it\/es\/shop\/cocina\/vacio\/zwilling-set-de-accesorios-de-plastico-fresh-save-5-piezas-grises\/#breadcrumb","itemListElement":[{"@type":"ListItem","position":1,"name":"Home","item":"https:\/\/dev6.erresse-shop.it\/"},{"@type":"ListItem","position":2,"name":"Tienda","item":"https:\/\/dev6.erresse-shop.it\/shop\/"},{"@type":"ListItem","position":3,"name":"ZWILLING Set de accesorios de pl\u00e1stico Fresh &#038; Save 5 piezas grises"}]},{"@type":"WebSite","@id":"https:\/\/dev6.erresse-shop.it\/#website","url":"https:\/\/dev6.erresse-shop.it\/","name":"Erresse Shop","description":"","publisher":{"@id":"https:\/\/dev6.erresse-shop.it\/#organization"},"potentialAction":[{"@type":"SearchAction","target":{"@type":"EntryPoint","urlTemplate":"https:\/\/dev6.erresse-shop.it\/?s={search_term_string}"},"query-input":{"@type":"PropertyValueSpecification","valueRequired":true,"valueName":"search_term_string"}}],"inLanguage":"es"},{"@type":"Organization","@id":"https:\/\/dev6.erresse-shop.it\/#organization","name":"Erresse Shop","url":"https:\/\/dev6.erresse-shop.it\/","logo":{"@type":"ImageObject","inLanguage":"es","@id":"https:\/\/dev6.erresse-shop.it\/#\/schema\/logo\/image\/","url":"https:\/\/dev6.erresse-shop.it\/wp-content\/uploads\/2025\/01\/LOGO-ERRESSE-CLASSICO.svg","contentUrl":"https:\/\/dev6.erresse-shop.it\/wp-content\/uploads\/2025\/01\/LOGO-ERRESSE-CLASSICO.svg","caption":"Erresse Shop"},"image":{"@id":"https:\/\/dev6.erresse-shop.it\/#\/schema\/logo\/image\/"}}]}},"df_price":34.9,"df_sale_price":34.9,"df_regular_price":39.95,"df_image_link":"https:\/\/i1.wp.com\/interpim.erresse-shop.it\/Import\/Prodotti\/zwilling-set-accessori-fresh-save-in-plastica-5-pezzi-grigio.jpg?resize=300,300&ssl=1","fifu_image_url":"https:\/\/interpim.erresse-shop.it\/Import\/Prodotti\/zwilling-set-accessori-fresh-save-in-plastica-5-pezzi-grigio.jpg","_links":{"self":[{"href":"https:\/\/dev6.erresse-shop.it\/es\/wp-json\/wp\/v2\/product\/1884343","targetHints":{"allow":["GET"]}}],"collection":[{"href":"https:\/\/dev6.erresse-shop.it\/es\/wp-json\/wp\/v2\/product"}],"about":[{"href":"https:\/\/dev6.erresse-shop.it\/es\/wp-json\/wp\/v2\/types\/product"}],"wp:featuredmedia":[{"embeddable":true,"href":"https:\/\/dev6.erresse-shop.it\/es\/wp-json\/wp\/v2\/media\/6378793"}],"wp:attachment":[{"href":"https:\/\/dev6.erresse-shop.it\/es\/wp-json\/wp\/v2\/media?parent=1884343"}],"wp:term":[{"taxonomy":"product_cat","embeddable":true,"href":"https:\/\/dev6.erresse-shop.it\/es\/wp-json\/wp\/v2\/product_cat?post=1884343"},{"taxonomy":"product_tag","embeddable":true,"href":"https:\/\/dev6.erresse-shop.it\/es\/wp-json\/wp\/v2\/product_tag?post=1884343"}],"curies":[{"name":"wp","href":"https:\/\/api.w.org\/{rel}","templated":true}]}}