{"id":1884337,"date":"2026-04-12T13:50:21","date_gmt":"2026-04-12T11:50:21","guid":{"rendered":"https:\/\/dev6.erresse-shop.it\/shop\/sin%20categor\u00eda\/zwilling-madura-plus-wok-con-revestimiento-ceramico-antiadherente-28-cm-aluminio\/"},"modified":"2026-01-16T22:21:18","modified_gmt":"2026-01-16T21:21:18","slug":"zwilling-madura-plus-wok-con-revestimiento-ceramico-antiadherente-30-cm-aluminio","status":"publish","type":"product","link":"https:\/\/dev6.erresse-shop.it\/es\/shop\/sartenes-y-ollas\/wok-es\/zwilling-madura-plus-wok-con-revestimiento-ceramico-antiadherente-30-cm-aluminio\/","title":{"rendered":"ZWILLING Madura Plus Wok con revestimiento cer\u00e1mico antiadherente 30 cm Aluminio"},"content":{"rendered":"<p>Descubra una nueva forma de cocinar con el wok ZWILLING Madura Plus de 30 cm. El nuevo revestimiento antiadherente CERAFORCE TITANIUM de \u00faltima generaci\u00f3n, fabricado sin PFAS y con un tratamiento de endurecimiento de titanio extremadamente robusto, ofrece el m\u00e1ximo rendimiento. Adem\u00e1s, la s\u00f3lida base de aluminio garantiza una r\u00e1pida difusi\u00f3n del calor, garantizando una cocci\u00f3n uniforme de los alimentos en toda la sart\u00e9n. El mango de acero inoxidable con tecnolog\u00eda Stay Cool est\u00e1 dise\u00f1ado para retardar el sobrecalentamiento, ofreci\u00e9ndole un agarre seguro. Todo esto convierte al wok ZWILLING Madura Plus en un compa\u00f1ero invaluable para sus aventuras culinarias.<\/p>\n<p>*Hasta 5 veces m\u00e1s resistente que nuestros revestimientos cer\u00e1micos anteriores (seg\u00fan el protocolo interno de pruebas antiadherentes n.\u00ba 11\/2023 BALLARINI).<\/p>\n<p>Recubrimiento antiadherente CERAFORCE TITANIUM de \u00faltima generaci\u00f3n y alta calidad<br \/>\nRecubrimiento libre de PFAS<br \/>\nDistribuci\u00f3n r\u00e1pida y uniforme del calor<br \/>\nEl mango ergon\u00f3mico Stay-Cool est\u00e1 dise\u00f1ado para un calentamiento retardado, evitando el uso de agarraderas y mangas y garantizando un agarre \u00f3ptimo<br \/>\nEspecialmente adecuado para cocinar pescado y verduras suavemente con poca grasa<br \/>\nApto para todo tipo de cocinas, incluida la inducci\u00f3n, y apto para horno hasta una temperatura de 150 \u00b0C<br \/>\nHecho en Italia<\/p>\n<p>Dimensiones:<\/p>\n<p>Longitud del producto:51,20 cm<br \/>\nAncho del producto:31,30 cm<br \/>\nAltura del producto:11,20 cm<br \/>\nDi\u00e1metro superior:30,00 cm<br \/>\nDi\u00e1metro del fondo:15,80 cm<\/p>\n<p>Peso neto: 1,47\u00a0kg<\/p>\n","protected":false},"excerpt":{"rendered":"<p>Descubra una nueva forma de cocinar con el wok ZWILLING Madura Plus de 30 cm. El nuevo revestimiento antiadherente CERAFORCE TITANIUM de \u00faltima generaci\u00f3n, fabricado sin PFAS y con un tratamiento de endurecimiento de titanio extremadamente robusto, ofrece el m\u00e1ximo rendimiento. Adem\u00e1s, la s\u00f3lida base de aluminio garantiza una r\u00e1pida difusi\u00f3n del calor, garantizando una [&hellip;]<\/p>\n","protected":false},"featured_media":6378754,"template":"","meta":{"_acf_changed":false},"product_cat":[11904,11884,11883,11895],"product_tag":[],"class_list":{"0":"post-1884337","1":"product","2":"type-product","3":"status-publish","4":"has-post-thumbnail","6":"product_cat-cazuelas","7":"product_cat-cocina","8":"product_cat-sartenes-y-ollas","9":"product_cat-wok-es","11":"first","12":"instock","13":"sale","14":"taxable","15":"shipping-taxable","16":"purchasable","17":"product-type-simple","swatches":"rey-swatches","show_selected":"","stretch_labels":"rey-swatches--stretch-labels"},"acf":[],"yoast_head":"<!-- This site is optimized with the Yoast SEO plugin v25.4 - https:\/\/yoast.com\/wordpress\/plugins\/seo\/ -->\n<title>ZWILLING Madura Plus Wok con revestimiento cer\u00e1mico antiadherente 30 cm Aluminio - dev6 Erresse<\/title>\n<meta name=\"description\" content=\"Descubra una nueva forma de cocinar con el wok ZWILLING Madura Plus de 30 cm. El nuevo revestimiento antiadherente CERAFORCE TITANIUM de \u00faltima\" \/>\n<meta name=\"robots\" content=\"noindex, follow, max-snippet:-1, max-image-preview:large, max-video-preview:-1\" \/>\n<meta property=\"og:locale\" content=\"es_ES\" \/>\n<meta property=\"og:type\" content=\"article\" \/>\n<meta property=\"og:title\" content=\"ZWILLING Madura Plus Wok con revestimiento cer\u00e1mico antiadherente 30 cm Aluminio - dev6 Erresse\" \/>\n<meta property=\"og:description\" content=\"Descubra una nueva forma de cocinar con el wok ZWILLING Madura Plus de 30 cm. El nuevo revestimiento antiadherente CERAFORCE TITANIUM de \u00faltima\" \/>\n<meta property=\"og:url\" content=\"https:\/\/dev6.erresse-shop.it\/es\/shop\/sartenes-y-ollas\/wok-es\/zwilling-madura-plus-wok-con-revestimiento-ceramico-antiadherente-30-cm-aluminio\/\" \/>\n<meta property=\"og:site_name\" content=\"dev6 Erresse\" \/>\n<meta property=\"og:image\" content=\"https:\/\/interpim.erresse-shop.it\/Import\/Prodotti\/zwilling-madura-plus-wok-antiaderente-28-cm-alluminio.jpg\" \/><meta property=\"og:image\" content=\"https:\/\/interpim.erresse-shop.it\/Import\/Prodotti\/zwilling-madura-plus-wok-antiaderente-28-cm-alluminio.jpg\" \/>\n\t<meta property=\"og:image:width\" content=\"1024\" \/>\n\t<meta property=\"og:image:height\" content=\"1024\" \/>\n\t<meta property=\"og:image:type\" content=\"image\/jpeg\" \/>\n<meta name=\"twitter:card\" content=\"summary_large_image\" \/>\n<meta name=\"twitter:image\" content=\"https:\/\/interpim.erresse-shop.it\/Import\/Prodotti\/zwilling-madura-plus-wok-antiaderente-28-cm-alluminio.jpg\" \/>\n<script type=\"application\/ld+json\" class=\"yoast-schema-graph\">{\"@context\":\"https:\/\/schema.org\",\"@graph\":[{\"@type\":\"WebPage\",\"@id\":\"https:\/\/dev6.erresse-shop.it\/es\/shop\/sartenes-y-ollas\/wok-es\/zwilling-madura-plus-wok-con-revestimiento-ceramico-antiadherente-30-cm-aluminio\/\",\"url\":\"https:\/\/dev6.erresse-shop.it\/es\/shop\/sartenes-y-ollas\/wok-es\/zwilling-madura-plus-wok-con-revestimiento-ceramico-antiadherente-30-cm-aluminio\/\",\"name\":\"ZWILLING Madura Plus Wok con revestimiento cer\u00e1mico antiadherente 30 cm Aluminio - dev6 Erresse\",\"isPartOf\":{\"@id\":\"https:\/\/dev6.erresse-shop.it\/#website\"},\"primaryImageOfPage\":{\"@id\":\"https:\/\/dev6.erresse-shop.it\/es\/shop\/sartenes-y-ollas\/wok-es\/zwilling-madura-plus-wok-con-revestimiento-ceramico-antiadherente-30-cm-aluminio\/#primaryimage\"},\"image\":{\"@id\":\"https:\/\/dev6.erresse-shop.it\/es\/shop\/sartenes-y-ollas\/wok-es\/zwilling-madura-plus-wok-con-revestimiento-ceramico-antiadherente-30-cm-aluminio\/#primaryimage\"},\"thumbnailUrl\":\"https:\/\/i1.wp.com\/interpim.erresse-shop.it\/Import\/Prodotti\/zwilling-madura-plus-wok-antiaderente-28-cm-alluminio.jpg?ssl=1\",\"datePublished\":\"2026-04-12T11:50:21+00:00\",\"description\":\"Descubra una nueva forma de cocinar con el wok ZWILLING Madura Plus de 30 cm. El nuevo revestimiento antiadherente CERAFORCE TITANIUM de \u00faltima\",\"breadcrumb\":{\"@id\":\"https:\/\/dev6.erresse-shop.it\/es\/shop\/sartenes-y-ollas\/wok-es\/zwilling-madura-plus-wok-con-revestimiento-ceramico-antiadherente-30-cm-aluminio\/#breadcrumb\"},\"inLanguage\":\"es\",\"potentialAction\":[{\"@type\":\"ReadAction\",\"target\":[\"https:\/\/dev6.erresse-shop.it\/es\/shop\/sartenes-y-ollas\/wok-es\/zwilling-madura-plus-wok-con-revestimiento-ceramico-antiadherente-30-cm-aluminio\/\"]}]},{\"@type\":\"ImageObject\",\"inLanguage\":\"es\",\"@id\":\"https:\/\/dev6.erresse-shop.it\/es\/shop\/sartenes-y-ollas\/wok-es\/zwilling-madura-plus-wok-con-revestimiento-ceramico-antiadherente-30-cm-aluminio\/#primaryimage\",\"url\":\"https:\/\/i1.wp.com\/interpim.erresse-shop.it\/Import\/Prodotti\/zwilling-madura-plus-wok-antiaderente-28-cm-alluminio.jpg?ssl=1\",\"contentUrl\":\"https:\/\/i1.wp.com\/interpim.erresse-shop.it\/Import\/Prodotti\/zwilling-madura-plus-wok-antiaderente-28-cm-alluminio.jpg?ssl=1\"},{\"@type\":\"BreadcrumbList\",\"@id\":\"https:\/\/dev6.erresse-shop.it\/es\/shop\/sartenes-y-ollas\/wok-es\/zwilling-madura-plus-wok-con-revestimiento-ceramico-antiadherente-30-cm-aluminio\/#breadcrumb\",\"itemListElement\":[{\"@type\":\"ListItem\",\"position\":1,\"name\":\"Home\",\"item\":\"https:\/\/dev6.erresse-shop.it\/\"},{\"@type\":\"ListItem\",\"position\":2,\"name\":\"Tienda\",\"item\":\"https:\/\/dev6.erresse-shop.it\/shop\/\"},{\"@type\":\"ListItem\",\"position\":3,\"name\":\"ZWILLING Madura Plus Wok con revestimiento cer\u00e1mico antiadherente 30 cm Aluminio\"}]},{\"@type\":\"WebSite\",\"@id\":\"https:\/\/dev6.erresse-shop.it\/#website\",\"url\":\"https:\/\/dev6.erresse-shop.it\/\",\"name\":\"Erresse Shop\",\"description\":\"\",\"publisher\":{\"@id\":\"https:\/\/dev6.erresse-shop.it\/#organization\"},\"potentialAction\":[{\"@type\":\"SearchAction\",\"target\":{\"@type\":\"EntryPoint\",\"urlTemplate\":\"https:\/\/dev6.erresse-shop.it\/?s={search_term_string}\"},\"query-input\":{\"@type\":\"PropertyValueSpecification\",\"valueRequired\":true,\"valueName\":\"search_term_string\"}}],\"inLanguage\":\"es\"},{\"@type\":\"Organization\",\"@id\":\"https:\/\/dev6.erresse-shop.it\/#organization\",\"name\":\"Erresse Shop\",\"url\":\"https:\/\/dev6.erresse-shop.it\/\",\"logo\":{\"@type\":\"ImageObject\",\"inLanguage\":\"es\",\"@id\":\"https:\/\/dev6.erresse-shop.it\/#\/schema\/logo\/image\/\",\"url\":\"https:\/\/dev6.erresse-shop.it\/wp-content\/uploads\/2025\/01\/LOGO-ERRESSE-CLASSICO.svg\",\"contentUrl\":\"https:\/\/dev6.erresse-shop.it\/wp-content\/uploads\/2025\/01\/LOGO-ERRESSE-CLASSICO.svg\",\"caption\":\"Erresse Shop\"},\"image\":{\"@id\":\"https:\/\/dev6.erresse-shop.it\/#\/schema\/logo\/image\/\"}}]}<\/script>\n<!-- \/ Yoast SEO plugin. -->","yoast_head_json":{"title":"ZWILLING Madura Plus Wok con revestimiento cer\u00e1mico antiadherente 30 cm Aluminio - dev6 Erresse","description":"Descubra una nueva forma de cocinar con el wok ZWILLING Madura Plus de 30 cm. El nuevo revestimiento antiadherente CERAFORCE TITANIUM de \u00faltima","robots":{"index":"noindex","follow":"follow","max-snippet":"max-snippet:-1","max-image-preview":"max-image-preview:large","max-video-preview":"max-video-preview:-1"},"og_locale":"es_ES","og_type":"article","og_title":"ZWILLING Madura Plus Wok con revestimiento cer\u00e1mico antiadherente 30 cm Aluminio - dev6 Erresse","og_description":"Descubra una nueva forma de cocinar con el wok ZWILLING Madura Plus de 30 cm. El nuevo revestimiento antiadherente CERAFORCE TITANIUM de \u00faltima","og_url":"https:\/\/dev6.erresse-shop.it\/es\/shop\/sartenes-y-ollas\/wok-es\/zwilling-madura-plus-wok-con-revestimiento-ceramico-antiadherente-30-cm-aluminio\/","og_site_name":"dev6 Erresse","og_image":[{"url":"https:\/\/interpim.erresse-shop.it\/Import\/Prodotti\/zwilling-madura-plus-wok-antiaderente-28-cm-alluminio.jpg","type":"","width":"","height":""},{"url":"https:\/\/interpim.erresse-shop.it\/Import\/Prodotti\/zwilling-madura-plus-wok-antiaderente-28-cm-alluminio.jpg","width":1024,"height":1024,"type":"image\/jpeg"}],"twitter_card":"summary_large_image","twitter_image":"https:\/\/interpim.erresse-shop.it\/Import\/Prodotti\/zwilling-madura-plus-wok-antiaderente-28-cm-alluminio.jpg","schema":{"@context":"https:\/\/schema.org","@graph":[{"@type":"WebPage","@id":"https:\/\/dev6.erresse-shop.it\/es\/shop\/sartenes-y-ollas\/wok-es\/zwilling-madura-plus-wok-con-revestimiento-ceramico-antiadherente-30-cm-aluminio\/","url":"https:\/\/dev6.erresse-shop.it\/es\/shop\/sartenes-y-ollas\/wok-es\/zwilling-madura-plus-wok-con-revestimiento-ceramico-antiadherente-30-cm-aluminio\/","name":"ZWILLING Madura Plus Wok con revestimiento cer\u00e1mico antiadherente 30 cm Aluminio - dev6 Erresse","isPartOf":{"@id":"https:\/\/dev6.erresse-shop.it\/#website"},"primaryImageOfPage":{"@id":"https:\/\/dev6.erresse-shop.it\/es\/shop\/sartenes-y-ollas\/wok-es\/zwilling-madura-plus-wok-con-revestimiento-ceramico-antiadherente-30-cm-aluminio\/#primaryimage"},"image":{"@id":"https:\/\/dev6.erresse-shop.it\/es\/shop\/sartenes-y-ollas\/wok-es\/zwilling-madura-plus-wok-con-revestimiento-ceramico-antiadherente-30-cm-aluminio\/#primaryimage"},"thumbnailUrl":"https:\/\/i1.wp.com\/interpim.erresse-shop.it\/Import\/Prodotti\/zwilling-madura-plus-wok-antiaderente-28-cm-alluminio.jpg?ssl=1","datePublished":"2026-04-12T11:50:21+00:00","description":"Descubra una nueva forma de cocinar con el wok ZWILLING Madura Plus de 30 cm. El nuevo revestimiento antiadherente CERAFORCE TITANIUM de \u00faltima","breadcrumb":{"@id":"https:\/\/dev6.erresse-shop.it\/es\/shop\/sartenes-y-ollas\/wok-es\/zwilling-madura-plus-wok-con-revestimiento-ceramico-antiadherente-30-cm-aluminio\/#breadcrumb"},"inLanguage":"es","potentialAction":[{"@type":"ReadAction","target":["https:\/\/dev6.erresse-shop.it\/es\/shop\/sartenes-y-ollas\/wok-es\/zwilling-madura-plus-wok-con-revestimiento-ceramico-antiadherente-30-cm-aluminio\/"]}]},{"@type":"ImageObject","inLanguage":"es","@id":"https:\/\/dev6.erresse-shop.it\/es\/shop\/sartenes-y-ollas\/wok-es\/zwilling-madura-plus-wok-con-revestimiento-ceramico-antiadherente-30-cm-aluminio\/#primaryimage","url":"https:\/\/i1.wp.com\/interpim.erresse-shop.it\/Import\/Prodotti\/zwilling-madura-plus-wok-antiaderente-28-cm-alluminio.jpg?ssl=1","contentUrl":"https:\/\/i1.wp.com\/interpim.erresse-shop.it\/Import\/Prodotti\/zwilling-madura-plus-wok-antiaderente-28-cm-alluminio.jpg?ssl=1"},{"@type":"BreadcrumbList","@id":"https:\/\/dev6.erresse-shop.it\/es\/shop\/sartenes-y-ollas\/wok-es\/zwilling-madura-plus-wok-con-revestimiento-ceramico-antiadherente-30-cm-aluminio\/#breadcrumb","itemListElement":[{"@type":"ListItem","position":1,"name":"Home","item":"https:\/\/dev6.erresse-shop.it\/"},{"@type":"ListItem","position":2,"name":"Tienda","item":"https:\/\/dev6.erresse-shop.it\/shop\/"},{"@type":"ListItem","position":3,"name":"ZWILLING Madura Plus Wok con revestimiento cer\u00e1mico antiadherente 30 cm Aluminio"}]},{"@type":"WebSite","@id":"https:\/\/dev6.erresse-shop.it\/#website","url":"https:\/\/dev6.erresse-shop.it\/","name":"Erresse Shop","description":"","publisher":{"@id":"https:\/\/dev6.erresse-shop.it\/#organization"},"potentialAction":[{"@type":"SearchAction","target":{"@type":"EntryPoint","urlTemplate":"https:\/\/dev6.erresse-shop.it\/?s={search_term_string}"},"query-input":{"@type":"PropertyValueSpecification","valueRequired":true,"valueName":"search_term_string"}}],"inLanguage":"es"},{"@type":"Organization","@id":"https:\/\/dev6.erresse-shop.it\/#organization","name":"Erresse Shop","url":"https:\/\/dev6.erresse-shop.it\/","logo":{"@type":"ImageObject","inLanguage":"es","@id":"https:\/\/dev6.erresse-shop.it\/#\/schema\/logo\/image\/","url":"https:\/\/dev6.erresse-shop.it\/wp-content\/uploads\/2025\/01\/LOGO-ERRESSE-CLASSICO.svg","contentUrl":"https:\/\/dev6.erresse-shop.it\/wp-content\/uploads\/2025\/01\/LOGO-ERRESSE-CLASSICO.svg","caption":"Erresse Shop"},"image":{"@id":"https:\/\/dev6.erresse-shop.it\/#\/schema\/logo\/image\/"}}]}},"df_price":59,"df_sale_price":59,"df_regular_price":89.95,"df_image_link":"https:\/\/i1.wp.com\/interpim.erresse-shop.it\/Import\/Prodotti\/zwilling-madura-plus-wok-antiaderente-28-cm-alluminio.jpg?resize=300,300&ssl=1","fifu_image_url":"https:\/\/interpim.erresse-shop.it\/Import\/Prodotti\/zwilling-madura-plus-wok-antiaderente-28-cm-alluminio.jpg","_links":{"self":[{"href":"https:\/\/dev6.erresse-shop.it\/es\/wp-json\/wp\/v2\/product\/1884337","targetHints":{"allow":["GET"]}}],"collection":[{"href":"https:\/\/dev6.erresse-shop.it\/es\/wp-json\/wp\/v2\/product"}],"about":[{"href":"https:\/\/dev6.erresse-shop.it\/es\/wp-json\/wp\/v2\/types\/product"}],"wp:featuredmedia":[{"embeddable":true,"href":"https:\/\/dev6.erresse-shop.it\/es\/wp-json\/wp\/v2\/media\/6378754"}],"wp:attachment":[{"href":"https:\/\/dev6.erresse-shop.it\/es\/wp-json\/wp\/v2\/media?parent=1884337"}],"wp:term":[{"taxonomy":"product_cat","embeddable":true,"href":"https:\/\/dev6.erresse-shop.it\/es\/wp-json\/wp\/v2\/product_cat?post=1884337"},{"taxonomy":"product_tag","embeddable":true,"href":"https:\/\/dev6.erresse-shop.it\/es\/wp-json\/wp\/v2\/product_tag?post=1884337"}],"curies":[{"name":"wp","href":"https:\/\/api.w.org\/{rel}","templated":true}]}}