{"id":1884329,"date":"2026-04-04T13:47:55","date_gmt":"2026-04-04T11:47:55","guid":{"rendered":"https:\/\/dev6.erresse-shop.it\/shop\/sin%20categor\u00eda\/zwilling-madura-plus-sarten-con-revestimiento-ceramico-antiadherente-24-cm-aluminio\/"},"modified":"2025-09-14T10:39:56","modified_gmt":"2025-09-14T08:39:56","slug":"zwilling-madura-plus-sarten-con-revestimiento-ceramico-antiadherente-24-cm-aluminio","status":"publish","type":"product","link":"https:\/\/dev6.erresse-shop.it\/es\/shop\/sartenes-y-ollas\/zwilling-madura-plus-sarten-con-revestimiento-ceramico-antiadherente-24-cm-aluminio\/","title":{"rendered":"ZWILLING Madura Plus Sart\u00e9n con revestimiento cer\u00e1mico antiadherente 24 cm Aluminio"},"content":{"rendered":"<p>Descubre una nueva forma de cocinar con la sart\u00e9n ZWILLING Madura Plus de 24 cm. El nuevo revestimiento antiadherente de \u00faltima generaci\u00f3n CERAFORCE TITANIUM, fabricado sin PFAS y con un tratamiento de endurecimiento de titanio extremadamente robusto, ofrece el m\u00e1ximo rendimiento. Adem\u00e1s, la s\u00f3lida base de aluminio garantiza una r\u00e1pida difusi\u00f3n del calor, garantizando una cocci\u00f3n uniforme de los alimentos en toda la sart\u00e9n. El mango de acero inoxidable con tecnolog\u00eda Stay Cool est\u00e1 dise\u00f1ado para retardar el sobrecalentamiento, lo que te proporciona un agarre seguro. Todo esto convierte a la sart\u00e9n ZWILLING Madura Plus en una compa\u00f1era invaluable para tus aventuras culinarias.<\/p>\n<p>*Hasta 5 veces m\u00e1s resistente que nuestros revestimientos cer\u00e1micos anteriores (seg\u00fan el protocolo interno de pruebas antiadherentes n.\u00ba 11\/2023 BALLARINI).<\/p>\n<p>Revestimiento antiadherente CERAFORCE TITANIUM de \u00faltima generaci\u00f3n y alta calidad<br \/>\nRevestimiento fabricado sin PFAS<br \/>\nDistribuci\u00f3n del calor r\u00e1pida y uniforme<br \/>\nEl mango ergon\u00f3mico Stay-Cool est\u00e1 dise\u00f1ado para un calentamiento retardado, evitando el uso de agarraderas y mangas y garantizando un agarre \u00f3ptimo<br \/>\nEspecialmente indicado para cocinar pescado, verduras y huevos con suavidad y poca grasa<br \/>\nCon borde antigoteo<br \/>\nApto para todo tipo de cocinas, incluida la inducci\u00f3n, apto para horno hasta una temperatura de 150 \u00b0C<br \/>\nHecho en Italia<\/p>\n<p>Dimensiones:<\/p>\n<p>Longitud: 45,40 cm<br \/>\nAncho: 25,40 cm<br \/>\nAlto: 7,70 cm<br \/>\nDi\u00e1metro superior:24,00 cm<br \/>\nDi\u00e1metro inferior:16,80 cm<\/p>\n<p>Peso neto: 1 kg<\/p>\n","protected":false},"excerpt":{"rendered":"<p>Descubre una nueva forma de cocinar con la sart\u00e9n ZWILLING Madura Plus de 24 cm. El nuevo revestimiento antiadherente de \u00faltima generaci\u00f3n CERAFORCE TITANIUM, fabricado sin PFAS y con un tratamiento de endurecimiento de titanio extremadamente robusto, ofrece el m\u00e1ximo rendimiento. Adem\u00e1s, la s\u00f3lida base de aluminio garantiza una r\u00e1pida difusi\u00f3n del calor, garantizando una [&hellip;]<\/p>\n","protected":false},"featured_media":6295425,"template":"","meta":{"_acf_changed":false},"product_cat":[11884,11883],"product_tag":[],"class_list":{"0":"post-1884329","1":"product","2":"type-product","3":"status-publish","4":"has-post-thumbnail","6":"product_cat-cocina","7":"product_cat-sartenes-y-ollas","9":"first","10":"instock","11":"sale","12":"taxable","13":"shipping-taxable","14":"purchasable","15":"product-type-simple","swatches":"rey-swatches","show_selected":"","stretch_labels":"rey-swatches--stretch-labels"},"acf":[],"yoast_head":"<!-- This site is optimized with the Yoast SEO plugin v25.4 - https:\/\/yoast.com\/wordpress\/plugins\/seo\/ -->\n<title>ZWILLING Madura Plus Sart\u00e9n con revestimiento cer\u00e1mico antiadherente 24 cm Aluminio - dev6 Erresse<\/title>\n<meta name=\"description\" content=\"Descubre una nueva forma de cocinar con la sart\u00e9n ZWILLING Madura Plus de 24 cm. El nuevo revestimiento antiadherente de \u00faltima generaci\u00f3n CERAFORCE\" \/>\n<meta name=\"robots\" content=\"noindex, follow, max-snippet:-1, max-image-preview:large, max-video-preview:-1\" \/>\n<meta property=\"og:locale\" content=\"es_ES\" \/>\n<meta property=\"og:type\" content=\"article\" \/>\n<meta property=\"og:title\" content=\"ZWILLING Madura Plus Sart\u00e9n con revestimiento cer\u00e1mico antiadherente 24 cm Aluminio - dev6 Erresse\" \/>\n<meta property=\"og:description\" content=\"Descubre una nueva forma de cocinar con la sart\u00e9n ZWILLING Madura Plus de 24 cm. El nuevo revestimiento antiadherente de \u00faltima generaci\u00f3n CERAFORCE\" \/>\n<meta property=\"og:url\" content=\"https:\/\/dev6.erresse-shop.it\/es\/shop\/sartenes-y-ollas\/zwilling-madura-plus-sarten-con-revestimiento-ceramico-antiadherente-24-cm-aluminio\/\" \/>\n<meta property=\"og:site_name\" content=\"dev6 Erresse\" \/>\n<meta property=\"og:image\" content=\"https:\/\/interpim.erresse-shop.it\/Import\/Prodotti\/zwilling-madura-plus-padella-antiaderente-24-cm-alluminio.jpg\" \/><meta property=\"og:image\" content=\"https:\/\/interpim.erresse-shop.it\/Import\/Prodotti\/zwilling-madura-plus-padella-antiaderente-24-cm-alluminio.jpg\" \/>\n\t<meta property=\"og:image:width\" content=\"1024\" \/>\n\t<meta property=\"og:image:height\" content=\"1024\" \/>\n\t<meta property=\"og:image:type\" content=\"image\/jpeg\" \/>\n<meta name=\"twitter:card\" content=\"summary_large_image\" \/>\n<meta name=\"twitter:image\" content=\"https:\/\/interpim.erresse-shop.it\/Import\/Prodotti\/zwilling-madura-plus-padella-antiaderente-24-cm-alluminio.jpg\" \/>\n<script type=\"application\/ld+json\" class=\"yoast-schema-graph\">{\"@context\":\"https:\/\/schema.org\",\"@graph\":[{\"@type\":\"WebPage\",\"@id\":\"https:\/\/dev6.erresse-shop.it\/es\/shop\/sartenes-y-ollas\/zwilling-madura-plus-sarten-con-revestimiento-ceramico-antiadherente-24-cm-aluminio\/\",\"url\":\"https:\/\/dev6.erresse-shop.it\/es\/shop\/sartenes-y-ollas\/zwilling-madura-plus-sarten-con-revestimiento-ceramico-antiadherente-24-cm-aluminio\/\",\"name\":\"ZWILLING Madura Plus Sart\u00e9n con revestimiento cer\u00e1mico antiadherente 24 cm Aluminio - dev6 Erresse\",\"isPartOf\":{\"@id\":\"https:\/\/dev6.erresse-shop.it\/#website\"},\"primaryImageOfPage\":{\"@id\":\"https:\/\/dev6.erresse-shop.it\/es\/shop\/sartenes-y-ollas\/zwilling-madura-plus-sarten-con-revestimiento-ceramico-antiadherente-24-cm-aluminio\/#primaryimage\"},\"image\":{\"@id\":\"https:\/\/dev6.erresse-shop.it\/es\/shop\/sartenes-y-ollas\/zwilling-madura-plus-sarten-con-revestimiento-ceramico-antiadherente-24-cm-aluminio\/#primaryimage\"},\"thumbnailUrl\":\"https:\/\/i3.wp.com\/interpim.erresse-shop.it\/Import\/Prodotti\/zwilling-madura-plus-padella-antiaderente-24-cm-alluminio.jpg?ssl=1\",\"datePublished\":\"2026-04-04T11:47:55+00:00\",\"description\":\"Descubre una nueva forma de cocinar con la sart\u00e9n ZWILLING Madura Plus de 24 cm. El nuevo revestimiento antiadherente de \u00faltima generaci\u00f3n CERAFORCE\",\"breadcrumb\":{\"@id\":\"https:\/\/dev6.erresse-shop.it\/es\/shop\/sartenes-y-ollas\/zwilling-madura-plus-sarten-con-revestimiento-ceramico-antiadherente-24-cm-aluminio\/#breadcrumb\"},\"inLanguage\":\"es\",\"potentialAction\":[{\"@type\":\"ReadAction\",\"target\":[\"https:\/\/dev6.erresse-shop.it\/es\/shop\/sartenes-y-ollas\/zwilling-madura-plus-sarten-con-revestimiento-ceramico-antiadherente-24-cm-aluminio\/\"]}]},{\"@type\":\"ImageObject\",\"inLanguage\":\"es\",\"@id\":\"https:\/\/dev6.erresse-shop.it\/es\/shop\/sartenes-y-ollas\/zwilling-madura-plus-sarten-con-revestimiento-ceramico-antiadherente-24-cm-aluminio\/#primaryimage\",\"url\":\"https:\/\/i3.wp.com\/interpim.erresse-shop.it\/Import\/Prodotti\/zwilling-madura-plus-padella-antiaderente-24-cm-alluminio.jpg?ssl=1\",\"contentUrl\":\"https:\/\/i3.wp.com\/interpim.erresse-shop.it\/Import\/Prodotti\/zwilling-madura-plus-padella-antiaderente-24-cm-alluminio.jpg?ssl=1\"},{\"@type\":\"BreadcrumbList\",\"@id\":\"https:\/\/dev6.erresse-shop.it\/es\/shop\/sartenes-y-ollas\/zwilling-madura-plus-sarten-con-revestimiento-ceramico-antiadherente-24-cm-aluminio\/#breadcrumb\",\"itemListElement\":[{\"@type\":\"ListItem\",\"position\":1,\"name\":\"Home\",\"item\":\"https:\/\/dev6.erresse-shop.it\/\"},{\"@type\":\"ListItem\",\"position\":2,\"name\":\"Tienda\",\"item\":\"https:\/\/dev6.erresse-shop.it\/shop\/\"},{\"@type\":\"ListItem\",\"position\":3,\"name\":\"ZWILLING Madura Plus Sart\u00e9n con revestimiento cer\u00e1mico antiadherente 24 cm Aluminio\"}]},{\"@type\":\"WebSite\",\"@id\":\"https:\/\/dev6.erresse-shop.it\/#website\",\"url\":\"https:\/\/dev6.erresse-shop.it\/\",\"name\":\"Erresse Shop\",\"description\":\"\",\"publisher\":{\"@id\":\"https:\/\/dev6.erresse-shop.it\/#organization\"},\"potentialAction\":[{\"@type\":\"SearchAction\",\"target\":{\"@type\":\"EntryPoint\",\"urlTemplate\":\"https:\/\/dev6.erresse-shop.it\/?s={search_term_string}\"},\"query-input\":{\"@type\":\"PropertyValueSpecification\",\"valueRequired\":true,\"valueName\":\"search_term_string\"}}],\"inLanguage\":\"es\"},{\"@type\":\"Organization\",\"@id\":\"https:\/\/dev6.erresse-shop.it\/#organization\",\"name\":\"Erresse Shop\",\"url\":\"https:\/\/dev6.erresse-shop.it\/\",\"logo\":{\"@type\":\"ImageObject\",\"inLanguage\":\"es\",\"@id\":\"https:\/\/dev6.erresse-shop.it\/#\/schema\/logo\/image\/\",\"url\":\"https:\/\/dev6.erresse-shop.it\/wp-content\/uploads\/2025\/01\/LOGO-ERRESSE-CLASSICO.svg\",\"contentUrl\":\"https:\/\/dev6.erresse-shop.it\/wp-content\/uploads\/2025\/01\/LOGO-ERRESSE-CLASSICO.svg\",\"caption\":\"Erresse Shop\"},\"image\":{\"@id\":\"https:\/\/dev6.erresse-shop.it\/#\/schema\/logo\/image\/\"}}]}<\/script>\n<!-- \/ Yoast SEO plugin. -->","yoast_head_json":{"title":"ZWILLING Madura Plus Sart\u00e9n con revestimiento cer\u00e1mico antiadherente 24 cm Aluminio - dev6 Erresse","description":"Descubre una nueva forma de cocinar con la sart\u00e9n ZWILLING Madura Plus de 24 cm. El nuevo revestimiento antiadherente de \u00faltima generaci\u00f3n CERAFORCE","robots":{"index":"noindex","follow":"follow","max-snippet":"max-snippet:-1","max-image-preview":"max-image-preview:large","max-video-preview":"max-video-preview:-1"},"og_locale":"es_ES","og_type":"article","og_title":"ZWILLING Madura Plus Sart\u00e9n con revestimiento cer\u00e1mico antiadherente 24 cm Aluminio - dev6 Erresse","og_description":"Descubre una nueva forma de cocinar con la sart\u00e9n ZWILLING Madura Plus de 24 cm. El nuevo revestimiento antiadherente de \u00faltima generaci\u00f3n CERAFORCE","og_url":"https:\/\/dev6.erresse-shop.it\/es\/shop\/sartenes-y-ollas\/zwilling-madura-plus-sarten-con-revestimiento-ceramico-antiadherente-24-cm-aluminio\/","og_site_name":"dev6 Erresse","og_image":[{"url":"https:\/\/interpim.erresse-shop.it\/Import\/Prodotti\/zwilling-madura-plus-padella-antiaderente-24-cm-alluminio.jpg","type":"","width":"","height":""},{"url":"https:\/\/interpim.erresse-shop.it\/Import\/Prodotti\/zwilling-madura-plus-padella-antiaderente-24-cm-alluminio.jpg","width":1024,"height":1024,"type":"image\/jpeg"}],"twitter_card":"summary_large_image","twitter_image":"https:\/\/interpim.erresse-shop.it\/Import\/Prodotti\/zwilling-madura-plus-padella-antiaderente-24-cm-alluminio.jpg","schema":{"@context":"https:\/\/schema.org","@graph":[{"@type":"WebPage","@id":"https:\/\/dev6.erresse-shop.it\/es\/shop\/sartenes-y-ollas\/zwilling-madura-plus-sarten-con-revestimiento-ceramico-antiadherente-24-cm-aluminio\/","url":"https:\/\/dev6.erresse-shop.it\/es\/shop\/sartenes-y-ollas\/zwilling-madura-plus-sarten-con-revestimiento-ceramico-antiadherente-24-cm-aluminio\/","name":"ZWILLING Madura Plus Sart\u00e9n con revestimiento cer\u00e1mico antiadherente 24 cm Aluminio - dev6 Erresse","isPartOf":{"@id":"https:\/\/dev6.erresse-shop.it\/#website"},"primaryImageOfPage":{"@id":"https:\/\/dev6.erresse-shop.it\/es\/shop\/sartenes-y-ollas\/zwilling-madura-plus-sarten-con-revestimiento-ceramico-antiadherente-24-cm-aluminio\/#primaryimage"},"image":{"@id":"https:\/\/dev6.erresse-shop.it\/es\/shop\/sartenes-y-ollas\/zwilling-madura-plus-sarten-con-revestimiento-ceramico-antiadherente-24-cm-aluminio\/#primaryimage"},"thumbnailUrl":"https:\/\/i3.wp.com\/interpim.erresse-shop.it\/Import\/Prodotti\/zwilling-madura-plus-padella-antiaderente-24-cm-alluminio.jpg?ssl=1","datePublished":"2026-04-04T11:47:55+00:00","description":"Descubre una nueva forma de cocinar con la sart\u00e9n ZWILLING Madura Plus de 24 cm. El nuevo revestimiento antiadherente de \u00faltima generaci\u00f3n CERAFORCE","breadcrumb":{"@id":"https:\/\/dev6.erresse-shop.it\/es\/shop\/sartenes-y-ollas\/zwilling-madura-plus-sarten-con-revestimiento-ceramico-antiadherente-24-cm-aluminio\/#breadcrumb"},"inLanguage":"es","potentialAction":[{"@type":"ReadAction","target":["https:\/\/dev6.erresse-shop.it\/es\/shop\/sartenes-y-ollas\/zwilling-madura-plus-sarten-con-revestimiento-ceramico-antiadherente-24-cm-aluminio\/"]}]},{"@type":"ImageObject","inLanguage":"es","@id":"https:\/\/dev6.erresse-shop.it\/es\/shop\/sartenes-y-ollas\/zwilling-madura-plus-sarten-con-revestimiento-ceramico-antiadherente-24-cm-aluminio\/#primaryimage","url":"https:\/\/i3.wp.com\/interpim.erresse-shop.it\/Import\/Prodotti\/zwilling-madura-plus-padella-antiaderente-24-cm-alluminio.jpg?ssl=1","contentUrl":"https:\/\/i3.wp.com\/interpim.erresse-shop.it\/Import\/Prodotti\/zwilling-madura-plus-padella-antiaderente-24-cm-alluminio.jpg?ssl=1"},{"@type":"BreadcrumbList","@id":"https:\/\/dev6.erresse-shop.it\/es\/shop\/sartenes-y-ollas\/zwilling-madura-plus-sarten-con-revestimiento-ceramico-antiadherente-24-cm-aluminio\/#breadcrumb","itemListElement":[{"@type":"ListItem","position":1,"name":"Home","item":"https:\/\/dev6.erresse-shop.it\/"},{"@type":"ListItem","position":2,"name":"Tienda","item":"https:\/\/dev6.erresse-shop.it\/shop\/"},{"@type":"ListItem","position":3,"name":"ZWILLING Madura Plus Sart\u00e9n con revestimiento cer\u00e1mico antiadherente 24 cm Aluminio"}]},{"@type":"WebSite","@id":"https:\/\/dev6.erresse-shop.it\/#website","url":"https:\/\/dev6.erresse-shop.it\/","name":"Erresse Shop","description":"","publisher":{"@id":"https:\/\/dev6.erresse-shop.it\/#organization"},"potentialAction":[{"@type":"SearchAction","target":{"@type":"EntryPoint","urlTemplate":"https:\/\/dev6.erresse-shop.it\/?s={search_term_string}"},"query-input":{"@type":"PropertyValueSpecification","valueRequired":true,"valueName":"search_term_string"}}],"inLanguage":"es"},{"@type":"Organization","@id":"https:\/\/dev6.erresse-shop.it\/#organization","name":"Erresse Shop","url":"https:\/\/dev6.erresse-shop.it\/","logo":{"@type":"ImageObject","inLanguage":"es","@id":"https:\/\/dev6.erresse-shop.it\/#\/schema\/logo\/image\/","url":"https:\/\/dev6.erresse-shop.it\/wp-content\/uploads\/2025\/01\/LOGO-ERRESSE-CLASSICO.svg","contentUrl":"https:\/\/dev6.erresse-shop.it\/wp-content\/uploads\/2025\/01\/LOGO-ERRESSE-CLASSICO.svg","caption":"Erresse Shop"},"image":{"@id":"https:\/\/dev6.erresse-shop.it\/#\/schema\/logo\/image\/"}}]}},"df_price":59,"df_sale_price":59,"df_regular_price":69.95,"df_image_link":"https:\/\/i3.wp.com\/interpim.erresse-shop.it\/Import\/Prodotti\/zwilling-madura-plus-padella-antiaderente-24-cm-alluminio.jpg?resize=300,300&ssl=1","fifu_image_url":"https:\/\/interpim.erresse-shop.it\/Import\/Prodotti\/zwilling-madura-plus-padella-antiaderente-24-cm-alluminio.jpg","_links":{"self":[{"href":"https:\/\/dev6.erresse-shop.it\/es\/wp-json\/wp\/v2\/product\/1884329","targetHints":{"allow":["GET"]}}],"collection":[{"href":"https:\/\/dev6.erresse-shop.it\/es\/wp-json\/wp\/v2\/product"}],"about":[{"href":"https:\/\/dev6.erresse-shop.it\/es\/wp-json\/wp\/v2\/types\/product"}],"wp:featuredmedia":[{"embeddable":true,"href":"https:\/\/dev6.erresse-shop.it\/es\/wp-json\/wp\/v2\/media\/6295425"}],"wp:attachment":[{"href":"https:\/\/dev6.erresse-shop.it\/es\/wp-json\/wp\/v2\/media?parent=1884329"}],"wp:term":[{"taxonomy":"product_cat","embeddable":true,"href":"https:\/\/dev6.erresse-shop.it\/es\/wp-json\/wp\/v2\/product_cat?post=1884329"},{"taxonomy":"product_tag","embeddable":true,"href":"https:\/\/dev6.erresse-shop.it\/es\/wp-json\/wp\/v2\/product_tag?post=1884329"}],"curies":[{"name":"wp","href":"https:\/\/api.w.org\/{rel}","templated":true}]}}