{"id":1884321,"date":"2026-04-12T13:50:21","date_gmt":"2026-04-12T11:50:21","guid":{"rendered":"https:\/\/dev6.erresse-shop.it\/shop\/sin%20categor\u00eda\/riedel-vinova-set-4-balloon-vino-tinto-vino-rojo\/"},"modified":"2025-07-05T02:01:59","modified_gmt":"2025-07-05T00:01:59","slug":"riedel-vinova-set-4-balloon-vino-tinto-vino-rojo","status":"publish","type":"product","link":"https:\/\/dev6.erresse-shop.it\/es\/shop\/tabla\/vino\/calices\/riedel-vinova-set-4-balloon-vino-tinto-vino-rojo\/","title":{"rendered":"RIEDEL Vinova Set 4 Balloon Vino tinto Vino Rojo"},"content":{"rendered":"<p>Set de copas de vino tinto ViNOVA \u2013 4 piezas<\/p>\n<p>Descubre la elegancia y la funcionalidad atemporales del juego de copas de vino tinto ViNOVA. Su forma de diamante, con \u00e1ngulos pronunciados, es perfecta para vinos tintos robustos del Nuevo Mundo, ya que les proporciona amplio espacio para desarrollar y liberar sus aromas. Esta copa realza el car\u00e1cter afrutado de los vinos tintos, equilibrando los taninos y promoviendo una degustaci\u00f3n m\u00e1s rica y armoniosa.<\/p>\n<p>Caracter\u00edsticas del producto:<\/p>\n<p>Set de 4 copas para vino tinto<br \/>\nDise\u00f1o de diamante que favorece el desarrollo de los aromas<br \/>\nHechas de cristal de alta calidad para un brillo inigualable<br \/>\nCopas elegantes y funcionales para una degustaci\u00f3n superior<br \/>\nApto para lavavajillas para un f\u00e1cil mantenimiento<br \/>\nMecanizado de precisi\u00f3n (pueden existir ligeras tolerancias en las dimensiones)<\/p>\n<p>La colecci\u00f3n ViNOVA combina modernidad y sofisticaci\u00f3n, creando una experiencia de cata \u00fanica para cualquier aficionado al vino. Perfecto para embellecer tu mesa o como un regalo sofisticado.<\/p>\n<p>Capacidad: 840.0 ccm<br \/>\nAltura: 240.0 mm<\/p>\n<p>\u00a0<\/p>\n","protected":false},"excerpt":{"rendered":"<p>Set de copas de vino tinto ViNOVA \u2013 4 piezas Descubre la elegancia y la funcionalidad atemporales del juego de copas de vino tinto ViNOVA. Su forma de diamante, con \u00e1ngulos pronunciados, es perfecta para vinos tintos robustos del Nuevo Mundo, ya que les proporciona amplio espacio para desarrollar y liberar sus aromas. Esta copa [&hellip;]<\/p>\n","protected":false},"featured_media":6378637,"template":"","meta":{"_acf_changed":false},"product_cat":[11970,11961],"product_tag":[],"class_list":{"0":"post-1884321","1":"product","2":"type-product","3":"status-publish","4":"has-post-thumbnail","6":"product_cat-calices","7":"product_cat-vino","9":"first","10":"instock","11":"taxable","12":"shipping-taxable","13":"purchasable","14":"product-type-simple","swatches":"rey-swatches","show_selected":"","stretch_labels":"rey-swatches--stretch-labels"},"acf":[],"yoast_head":"<!-- This site is optimized with the Yoast SEO plugin v25.4 - https:\/\/yoast.com\/wordpress\/plugins\/seo\/ -->\n<title>RIEDEL Vinova Set 4 Balloon Vino tinto Vino Rojo - dev6 Erresse<\/title>\n<meta name=\"description\" content=\"Set de copas de vino tinto ViNOVA \u2013 4 piezas Descubre la elegancia y la funcionalidad atemporales del juego de copas de vino tinto ViNOVA. Su forma de\" \/>\n<meta name=\"robots\" content=\"noindex, follow, max-snippet:-1, max-image-preview:large, max-video-preview:-1\" \/>\n<meta property=\"og:locale\" content=\"es_ES\" \/>\n<meta property=\"og:type\" content=\"article\" \/>\n<meta property=\"og:title\" content=\"RIEDEL Vinova Set 4 Balloon Vino tinto Vino Rojo - dev6 Erresse\" \/>\n<meta property=\"og:description\" content=\"Set de copas de vino tinto ViNOVA \u2013 4 piezas Descubre la elegancia y la funcionalidad atemporales del juego de copas de vino tinto ViNOVA. Su forma de\" \/>\n<meta property=\"og:url\" content=\"https:\/\/dev6.erresse-shop.it\/es\/shop\/tabla\/vino\/calices\/riedel-vinova-set-4-balloon-vino-tinto-vino-rojo\/\" \/>\n<meta property=\"og:site_name\" content=\"dev6 Erresse\" \/>\n<meta property=\"og:image\" content=\"https:\/\/interpim.erresse-shop.it\/Import\/Prodotti\/riedel-vinova-set-4-balloon-vino-rosso.jpg\" \/><meta property=\"og:image\" content=\"https:\/\/interpim.erresse-shop.it\/Import\/Prodotti\/riedel-vinova-set-4-balloon-vino-rosso.jpg\" \/>\n\t<meta property=\"og:image:width\" content=\"1024\" \/>\n\t<meta property=\"og:image:height\" content=\"1024\" \/>\n\t<meta property=\"og:image:type\" content=\"image\/jpeg\" \/>\n<meta name=\"twitter:card\" content=\"summary_large_image\" \/>\n<meta name=\"twitter:image\" content=\"https:\/\/interpim.erresse-shop.it\/Import\/Prodotti\/riedel-vinova-set-4-balloon-vino-rosso.jpg\" \/>\n<script type=\"application\/ld+json\" class=\"yoast-schema-graph\">{\"@context\":\"https:\/\/schema.org\",\"@graph\":[{\"@type\":\"WebPage\",\"@id\":\"https:\/\/dev6.erresse-shop.it\/es\/shop\/tabla\/vino\/calices\/riedel-vinova-set-4-balloon-vino-tinto-vino-rojo\/\",\"url\":\"https:\/\/dev6.erresse-shop.it\/es\/shop\/tabla\/vino\/calices\/riedel-vinova-set-4-balloon-vino-tinto-vino-rojo\/\",\"name\":\"RIEDEL Vinova Set 4 Balloon Vino tinto Vino Rojo - dev6 Erresse\",\"isPartOf\":{\"@id\":\"https:\/\/dev6.erresse-shop.it\/#website\"},\"primaryImageOfPage\":{\"@id\":\"https:\/\/dev6.erresse-shop.it\/es\/shop\/tabla\/vino\/calices\/riedel-vinova-set-4-balloon-vino-tinto-vino-rojo\/#primaryimage\"},\"image\":{\"@id\":\"https:\/\/dev6.erresse-shop.it\/es\/shop\/tabla\/vino\/calices\/riedel-vinova-set-4-balloon-vino-tinto-vino-rojo\/#primaryimage\"},\"thumbnailUrl\":\"https:\/\/i0.wp.com\/interpim.erresse-shop.it\/Import\/Prodotti\/riedel-vinova-set-4-balloon-vino-rosso.jpg?ssl=1\",\"datePublished\":\"2026-04-12T11:50:21+00:00\",\"description\":\"Set de copas de vino tinto ViNOVA \u2013 4 piezas Descubre la elegancia y la funcionalidad atemporales del juego de copas de vino tinto ViNOVA. Su forma de\",\"breadcrumb\":{\"@id\":\"https:\/\/dev6.erresse-shop.it\/es\/shop\/tabla\/vino\/calices\/riedel-vinova-set-4-balloon-vino-tinto-vino-rojo\/#breadcrumb\"},\"inLanguage\":\"es\",\"potentialAction\":[{\"@type\":\"ReadAction\",\"target\":[\"https:\/\/dev6.erresse-shop.it\/es\/shop\/tabla\/vino\/calices\/riedel-vinova-set-4-balloon-vino-tinto-vino-rojo\/\"]}]},{\"@type\":\"ImageObject\",\"inLanguage\":\"es\",\"@id\":\"https:\/\/dev6.erresse-shop.it\/es\/shop\/tabla\/vino\/calices\/riedel-vinova-set-4-balloon-vino-tinto-vino-rojo\/#primaryimage\",\"url\":\"https:\/\/i0.wp.com\/interpim.erresse-shop.it\/Import\/Prodotti\/riedel-vinova-set-4-balloon-vino-rosso.jpg?ssl=1\",\"contentUrl\":\"https:\/\/i0.wp.com\/interpim.erresse-shop.it\/Import\/Prodotti\/riedel-vinova-set-4-balloon-vino-rosso.jpg?ssl=1\"},{\"@type\":\"BreadcrumbList\",\"@id\":\"https:\/\/dev6.erresse-shop.it\/es\/shop\/tabla\/vino\/calices\/riedel-vinova-set-4-balloon-vino-tinto-vino-rojo\/#breadcrumb\",\"itemListElement\":[{\"@type\":\"ListItem\",\"position\":1,\"name\":\"Home\",\"item\":\"https:\/\/dev6.erresse-shop.it\/\"},{\"@type\":\"ListItem\",\"position\":2,\"name\":\"Tienda\",\"item\":\"https:\/\/dev6.erresse-shop.it\/shop\/\"},{\"@type\":\"ListItem\",\"position\":3,\"name\":\"RIEDEL Vinova Set 4 Balloon Vino tinto Vino Rojo\"}]},{\"@type\":\"WebSite\",\"@id\":\"https:\/\/dev6.erresse-shop.it\/#website\",\"url\":\"https:\/\/dev6.erresse-shop.it\/\",\"name\":\"Erresse Shop\",\"description\":\"\",\"publisher\":{\"@id\":\"https:\/\/dev6.erresse-shop.it\/#organization\"},\"potentialAction\":[{\"@type\":\"SearchAction\",\"target\":{\"@type\":\"EntryPoint\",\"urlTemplate\":\"https:\/\/dev6.erresse-shop.it\/?s={search_term_string}\"},\"query-input\":{\"@type\":\"PropertyValueSpecification\",\"valueRequired\":true,\"valueName\":\"search_term_string\"}}],\"inLanguage\":\"es\"},{\"@type\":\"Organization\",\"@id\":\"https:\/\/dev6.erresse-shop.it\/#organization\",\"name\":\"Erresse Shop\",\"url\":\"https:\/\/dev6.erresse-shop.it\/\",\"logo\":{\"@type\":\"ImageObject\",\"inLanguage\":\"es\",\"@id\":\"https:\/\/dev6.erresse-shop.it\/#\/schema\/logo\/image\/\",\"url\":\"https:\/\/dev6.erresse-shop.it\/wp-content\/uploads\/2025\/01\/LOGO-ERRESSE-CLASSICO.svg\",\"contentUrl\":\"https:\/\/dev6.erresse-shop.it\/wp-content\/uploads\/2025\/01\/LOGO-ERRESSE-CLASSICO.svg\",\"caption\":\"Erresse Shop\"},\"image\":{\"@id\":\"https:\/\/dev6.erresse-shop.it\/#\/schema\/logo\/image\/\"}}]}<\/script>\n<!-- \/ Yoast SEO plugin. -->","yoast_head_json":{"title":"RIEDEL Vinova Set 4 Balloon Vino tinto Vino Rojo - dev6 Erresse","description":"Set de copas de vino tinto ViNOVA \u2013 4 piezas Descubre la elegancia y la funcionalidad atemporales del juego de copas de vino tinto ViNOVA. Su forma de","robots":{"index":"noindex","follow":"follow","max-snippet":"max-snippet:-1","max-image-preview":"max-image-preview:large","max-video-preview":"max-video-preview:-1"},"og_locale":"es_ES","og_type":"article","og_title":"RIEDEL Vinova Set 4 Balloon Vino tinto Vino Rojo - dev6 Erresse","og_description":"Set de copas de vino tinto ViNOVA \u2013 4 piezas Descubre la elegancia y la funcionalidad atemporales del juego de copas de vino tinto ViNOVA. Su forma de","og_url":"https:\/\/dev6.erresse-shop.it\/es\/shop\/tabla\/vino\/calices\/riedel-vinova-set-4-balloon-vino-tinto-vino-rojo\/","og_site_name":"dev6 Erresse","og_image":[{"url":"https:\/\/interpim.erresse-shop.it\/Import\/Prodotti\/riedel-vinova-set-4-balloon-vino-rosso.jpg","type":"","width":"","height":""},{"url":"https:\/\/interpim.erresse-shop.it\/Import\/Prodotti\/riedel-vinova-set-4-balloon-vino-rosso.jpg","width":1024,"height":1024,"type":"image\/jpeg"}],"twitter_card":"summary_large_image","twitter_image":"https:\/\/interpim.erresse-shop.it\/Import\/Prodotti\/riedel-vinova-set-4-balloon-vino-rosso.jpg","schema":{"@context":"https:\/\/schema.org","@graph":[{"@type":"WebPage","@id":"https:\/\/dev6.erresse-shop.it\/es\/shop\/tabla\/vino\/calices\/riedel-vinova-set-4-balloon-vino-tinto-vino-rojo\/","url":"https:\/\/dev6.erresse-shop.it\/es\/shop\/tabla\/vino\/calices\/riedel-vinova-set-4-balloon-vino-tinto-vino-rojo\/","name":"RIEDEL Vinova Set 4 Balloon Vino tinto Vino Rojo - dev6 Erresse","isPartOf":{"@id":"https:\/\/dev6.erresse-shop.it\/#website"},"primaryImageOfPage":{"@id":"https:\/\/dev6.erresse-shop.it\/es\/shop\/tabla\/vino\/calices\/riedel-vinova-set-4-balloon-vino-tinto-vino-rojo\/#primaryimage"},"image":{"@id":"https:\/\/dev6.erresse-shop.it\/es\/shop\/tabla\/vino\/calices\/riedel-vinova-set-4-balloon-vino-tinto-vino-rojo\/#primaryimage"},"thumbnailUrl":"https:\/\/i0.wp.com\/interpim.erresse-shop.it\/Import\/Prodotti\/riedel-vinova-set-4-balloon-vino-rosso.jpg?ssl=1","datePublished":"2026-04-12T11:50:21+00:00","description":"Set de copas de vino tinto ViNOVA \u2013 4 piezas Descubre la elegancia y la funcionalidad atemporales del juego de copas de vino tinto ViNOVA. Su forma de","breadcrumb":{"@id":"https:\/\/dev6.erresse-shop.it\/es\/shop\/tabla\/vino\/calices\/riedel-vinova-set-4-balloon-vino-tinto-vino-rojo\/#breadcrumb"},"inLanguage":"es","potentialAction":[{"@type":"ReadAction","target":["https:\/\/dev6.erresse-shop.it\/es\/shop\/tabla\/vino\/calices\/riedel-vinova-set-4-balloon-vino-tinto-vino-rojo\/"]}]},{"@type":"ImageObject","inLanguage":"es","@id":"https:\/\/dev6.erresse-shop.it\/es\/shop\/tabla\/vino\/calices\/riedel-vinova-set-4-balloon-vino-tinto-vino-rojo\/#primaryimage","url":"https:\/\/i0.wp.com\/interpim.erresse-shop.it\/Import\/Prodotti\/riedel-vinova-set-4-balloon-vino-rosso.jpg?ssl=1","contentUrl":"https:\/\/i0.wp.com\/interpim.erresse-shop.it\/Import\/Prodotti\/riedel-vinova-set-4-balloon-vino-rosso.jpg?ssl=1"},{"@type":"BreadcrumbList","@id":"https:\/\/dev6.erresse-shop.it\/es\/shop\/tabla\/vino\/calices\/riedel-vinova-set-4-balloon-vino-tinto-vino-rojo\/#breadcrumb","itemListElement":[{"@type":"ListItem","position":1,"name":"Home","item":"https:\/\/dev6.erresse-shop.it\/"},{"@type":"ListItem","position":2,"name":"Tienda","item":"https:\/\/dev6.erresse-shop.it\/shop\/"},{"@type":"ListItem","position":3,"name":"RIEDEL Vinova Set 4 Balloon Vino tinto Vino Rojo"}]},{"@type":"WebSite","@id":"https:\/\/dev6.erresse-shop.it\/#website","url":"https:\/\/dev6.erresse-shop.it\/","name":"Erresse Shop","description":"","publisher":{"@id":"https:\/\/dev6.erresse-shop.it\/#organization"},"potentialAction":[{"@type":"SearchAction","target":{"@type":"EntryPoint","urlTemplate":"https:\/\/dev6.erresse-shop.it\/?s={search_term_string}"},"query-input":{"@type":"PropertyValueSpecification","valueRequired":true,"valueName":"search_term_string"}}],"inLanguage":"es"},{"@type":"Organization","@id":"https:\/\/dev6.erresse-shop.it\/#organization","name":"Erresse Shop","url":"https:\/\/dev6.erresse-shop.it\/","logo":{"@type":"ImageObject","inLanguage":"es","@id":"https:\/\/dev6.erresse-shop.it\/#\/schema\/logo\/image\/","url":"https:\/\/dev6.erresse-shop.it\/wp-content\/uploads\/2025\/01\/LOGO-ERRESSE-CLASSICO.svg","contentUrl":"https:\/\/dev6.erresse-shop.it\/wp-content\/uploads\/2025\/01\/LOGO-ERRESSE-CLASSICO.svg","caption":"Erresse Shop"},"image":{"@id":"https:\/\/dev6.erresse-shop.it\/#\/schema\/logo\/image\/"}}]}},"df_price":32.9,"df_sale_price":"","df_regular_price":32.9,"df_image_link":"https:\/\/i0.wp.com\/interpim.erresse-shop.it\/Import\/Prodotti\/riedel-vinova-set-4-balloon-vino-rosso.jpg?resize=300,300&ssl=1","fifu_image_url":"https:\/\/interpim.erresse-shop.it\/Import\/Prodotti\/riedel-vinova-set-4-balloon-vino-rosso.jpg","_links":{"self":[{"href":"https:\/\/dev6.erresse-shop.it\/es\/wp-json\/wp\/v2\/product\/1884321","targetHints":{"allow":["GET"]}}],"collection":[{"href":"https:\/\/dev6.erresse-shop.it\/es\/wp-json\/wp\/v2\/product"}],"about":[{"href":"https:\/\/dev6.erresse-shop.it\/es\/wp-json\/wp\/v2\/types\/product"}],"wp:featuredmedia":[{"embeddable":true,"href":"https:\/\/dev6.erresse-shop.it\/es\/wp-json\/wp\/v2\/media\/6378637"}],"wp:attachment":[{"href":"https:\/\/dev6.erresse-shop.it\/es\/wp-json\/wp\/v2\/media?parent=1884321"}],"wp:term":[{"taxonomy":"product_cat","embeddable":true,"href":"https:\/\/dev6.erresse-shop.it\/es\/wp-json\/wp\/v2\/product_cat?post=1884321"},{"taxonomy":"product_tag","embeddable":true,"href":"https:\/\/dev6.erresse-shop.it\/es\/wp-json\/wp\/v2\/product_tag?post=1884321"}],"curies":[{"name":"wp","href":"https:\/\/api.w.org\/{rel}","templated":true}]}}