{"id":1884315,"date":"2026-04-12T13:50:21","date_gmt":"2026-04-12T11:50:21","guid":{"rendered":"https:\/\/dev6.erresse-shop.it\/shop\/sin%20categor\u00eda\/riedel-pay-3-get-4-performance-riesling\/"},"modified":"2025-09-14T10:39:38","modified_gmt":"2025-09-14T08:39:38","slug":"riedel-pay-3-get-4-performance-riesling","status":"publish","type":"product","link":"https:\/\/dev6.erresse-shop.it\/es\/shop\/tabla\/vasos\/riedel-pay-3-get-4-performance-riesling\/","title":{"rendered":"RIEDEL Pay 3 Get 4 Performance Riesling"},"content":{"rendered":"<p>Set de copas RIEDEL Performance Riesling \u2013 4 piezas<\/p>\n<p>Mejore su experiencia de cata con la copa RIEDEL Performance Riesling, dise\u00f1ada para equilibrar la alta acidez y los az\u00facares residuales de los vinos blancos afrutados. Su forma, una evoluci\u00f3n de la copa para vino blanco m\u00e1s vers\u00e1til de RIEDEL, se redise\u00f1\u00f3 en 2018 dentro de la Serie Performance para potenciar el rendimiento arom\u00e1tico y acentuar las notas frescas y minerales de los vinos.<\/p>\n<p>Fabricada en cristal transparente de alta calidad, esta copa ofrece una experiencia arom\u00e1tica mejorada gracias a su mayor tama\u00f1o y tecnolog\u00eda avanzada. La serie RIEDEL Performance es la primera en ofrecer copas con un sutil impacto \u00f3ptico, que realza la difusi\u00f3n de los aromas y la calidad de la cata.<\/p>\n<p>Caracter\u00edsticas del producto:<\/p>\n<p>Set de 4 copas RIEDEL Performance para Riesling<br \/>\nFabricadas en cristal transparente de alta calidad<br \/>\nDise\u00f1o innovador para realzar los aromas de los vinos blancos afrutados<br \/>\nFabricadas a m\u00e1quina para una precisi\u00f3n impecable<br \/>\nApto para lavavajillas para un f\u00e1cil mantenimiento<br \/>\n\u00a1A un precio incre\u00edble! 4 por el precio de 3<\/p>\n<p>Perfecto para los amantes del vino que buscan una cata perfecta, el juego RIEDEL Performance Riesling es la opci\u00f3n ideal para realzar cada momento de disfrute del vino.<\/p>\n<p>Capacidad: 623,0 cc<br \/>\nAltura: 245,0 mm<\/p>\n","protected":false},"excerpt":{"rendered":"<p>Set de copas RIEDEL Performance Riesling \u2013 4 piezas Mejore su experiencia de cata con la copa RIEDEL Performance Riesling, dise\u00f1ada para equilibrar la alta acidez y los az\u00facares residuales de los vinos blancos afrutados. Su forma, una evoluci\u00f3n de la copa para vino blanco m\u00e1s vers\u00e1til de RIEDEL, se redise\u00f1\u00f3 en 2018 dentro de [&hellip;]<\/p>\n","protected":false},"featured_media":6378615,"template":"","meta":{"_acf_changed":false},"product_cat":[11887,11901],"product_tag":[],"class_list":{"0":"post-1884315","1":"product","2":"type-product","3":"status-publish","4":"has-post-thumbnail","6":"product_cat-tabla","7":"product_cat-vasos","9":"first","10":"instock","11":"sale","12":"taxable","13":"shipping-taxable","14":"purchasable","15":"product-type-simple","swatches":"rey-swatches","show_selected":"","stretch_labels":"rey-swatches--stretch-labels"},"acf":[],"yoast_head":"<!-- This site is optimized with the Yoast SEO plugin v25.4 - https:\/\/yoast.com\/wordpress\/plugins\/seo\/ -->\n<title>RIEDEL Pay 3 Get 4 Performance Riesling - dev6 Erresse<\/title>\n<meta name=\"description\" content=\"Set de copas RIEDEL Performance Riesling \u2013 4 piezas Mejore su experiencia de cata con la copa RIEDEL Performance Riesling, dise\u00f1ada para equilibrar la\" \/>\n<meta name=\"robots\" content=\"noindex, follow, max-snippet:-1, max-image-preview:large, max-video-preview:-1\" \/>\n<meta property=\"og:locale\" content=\"es_ES\" \/>\n<meta property=\"og:type\" content=\"article\" \/>\n<meta property=\"og:title\" content=\"RIEDEL Pay 3 Get 4 Performance Riesling - dev6 Erresse\" \/>\n<meta property=\"og:description\" content=\"Set de copas RIEDEL Performance Riesling \u2013 4 piezas Mejore su experiencia de cata con la copa RIEDEL Performance Riesling, dise\u00f1ada para equilibrar la\" \/>\n<meta property=\"og:url\" content=\"https:\/\/dev6.erresse-shop.it\/es\/shop\/tabla\/vasos\/riedel-pay-3-get-4-performance-riesling\/\" \/>\n<meta property=\"og:site_name\" content=\"dev6 Erresse\" \/>\n<meta property=\"og:image\" content=\"https:\/\/interpim.erresse-shop.it\/Import\/Prodotti\/riedel-pay-3-get-4-performance-riesling.jpg\" \/><meta property=\"og:image\" content=\"https:\/\/interpim.erresse-shop.it\/Import\/Prodotti\/riedel-pay-3-get-4-performance-riesling.jpg\" \/>\n\t<meta property=\"og:image:width\" content=\"1024\" \/>\n\t<meta property=\"og:image:height\" content=\"1024\" \/>\n\t<meta property=\"og:image:type\" content=\"image\/jpeg\" \/>\n<meta name=\"twitter:card\" content=\"summary_large_image\" \/>\n<meta name=\"twitter:image\" content=\"https:\/\/interpim.erresse-shop.it\/Import\/Prodotti\/riedel-pay-3-get-4-performance-riesling.jpg\" \/>\n<script type=\"application\/ld+json\" class=\"yoast-schema-graph\">{\"@context\":\"https:\/\/schema.org\",\"@graph\":[{\"@type\":\"WebPage\",\"@id\":\"https:\/\/dev6.erresse-shop.it\/es\/shop\/tabla\/vasos\/riedel-pay-3-get-4-performance-riesling\/\",\"url\":\"https:\/\/dev6.erresse-shop.it\/es\/shop\/tabla\/vasos\/riedel-pay-3-get-4-performance-riesling\/\",\"name\":\"RIEDEL Pay 3 Get 4 Performance Riesling - dev6 Erresse\",\"isPartOf\":{\"@id\":\"https:\/\/dev6.erresse-shop.it\/#website\"},\"primaryImageOfPage\":{\"@id\":\"https:\/\/dev6.erresse-shop.it\/es\/shop\/tabla\/vasos\/riedel-pay-3-get-4-performance-riesling\/#primaryimage\"},\"image\":{\"@id\":\"https:\/\/dev6.erresse-shop.it\/es\/shop\/tabla\/vasos\/riedel-pay-3-get-4-performance-riesling\/#primaryimage\"},\"thumbnailUrl\":\"https:\/\/i0.wp.com\/interpim.erresse-shop.it\/Import\/Prodotti\/riedel-pay-3-get-4-performance-riesling.jpg?ssl=1\",\"datePublished\":\"2026-04-12T11:50:21+00:00\",\"description\":\"Set de copas RIEDEL Performance Riesling \u2013 4 piezas Mejore su experiencia de cata con la copa RIEDEL Performance Riesling, dise\u00f1ada para equilibrar la\",\"breadcrumb\":{\"@id\":\"https:\/\/dev6.erresse-shop.it\/es\/shop\/tabla\/vasos\/riedel-pay-3-get-4-performance-riesling\/#breadcrumb\"},\"inLanguage\":\"es\",\"potentialAction\":[{\"@type\":\"ReadAction\",\"target\":[\"https:\/\/dev6.erresse-shop.it\/es\/shop\/tabla\/vasos\/riedel-pay-3-get-4-performance-riesling\/\"]}]},{\"@type\":\"ImageObject\",\"inLanguage\":\"es\",\"@id\":\"https:\/\/dev6.erresse-shop.it\/es\/shop\/tabla\/vasos\/riedel-pay-3-get-4-performance-riesling\/#primaryimage\",\"url\":\"https:\/\/i0.wp.com\/interpim.erresse-shop.it\/Import\/Prodotti\/riedel-pay-3-get-4-performance-riesling.jpg?ssl=1\",\"contentUrl\":\"https:\/\/i0.wp.com\/interpim.erresse-shop.it\/Import\/Prodotti\/riedel-pay-3-get-4-performance-riesling.jpg?ssl=1\"},{\"@type\":\"BreadcrumbList\",\"@id\":\"https:\/\/dev6.erresse-shop.it\/es\/shop\/tabla\/vasos\/riedel-pay-3-get-4-performance-riesling\/#breadcrumb\",\"itemListElement\":[{\"@type\":\"ListItem\",\"position\":1,\"name\":\"Home\",\"item\":\"https:\/\/dev6.erresse-shop.it\/\"},{\"@type\":\"ListItem\",\"position\":2,\"name\":\"Tienda\",\"item\":\"https:\/\/dev6.erresse-shop.it\/shop\/\"},{\"@type\":\"ListItem\",\"position\":3,\"name\":\"RIEDEL Pay 3 Get 4 Performance Riesling\"}]},{\"@type\":\"WebSite\",\"@id\":\"https:\/\/dev6.erresse-shop.it\/#website\",\"url\":\"https:\/\/dev6.erresse-shop.it\/\",\"name\":\"Erresse Shop\",\"description\":\"\",\"publisher\":{\"@id\":\"https:\/\/dev6.erresse-shop.it\/#organization\"},\"potentialAction\":[{\"@type\":\"SearchAction\",\"target\":{\"@type\":\"EntryPoint\",\"urlTemplate\":\"https:\/\/dev6.erresse-shop.it\/?s={search_term_string}\"},\"query-input\":{\"@type\":\"PropertyValueSpecification\",\"valueRequired\":true,\"valueName\":\"search_term_string\"}}],\"inLanguage\":\"es\"},{\"@type\":\"Organization\",\"@id\":\"https:\/\/dev6.erresse-shop.it\/#organization\",\"name\":\"Erresse Shop\",\"url\":\"https:\/\/dev6.erresse-shop.it\/\",\"logo\":{\"@type\":\"ImageObject\",\"inLanguage\":\"es\",\"@id\":\"https:\/\/dev6.erresse-shop.it\/#\/schema\/logo\/image\/\",\"url\":\"https:\/\/dev6.erresse-shop.it\/wp-content\/uploads\/2025\/01\/LOGO-ERRESSE-CLASSICO.svg\",\"contentUrl\":\"https:\/\/dev6.erresse-shop.it\/wp-content\/uploads\/2025\/01\/LOGO-ERRESSE-CLASSICO.svg\",\"caption\":\"Erresse Shop\"},\"image\":{\"@id\":\"https:\/\/dev6.erresse-shop.it\/#\/schema\/logo\/image\/\"}}]}<\/script>\n<!-- \/ Yoast SEO plugin. -->","yoast_head_json":{"title":"RIEDEL Pay 3 Get 4 Performance Riesling - dev6 Erresse","description":"Set de copas RIEDEL Performance Riesling \u2013 4 piezas Mejore su experiencia de cata con la copa RIEDEL Performance Riesling, dise\u00f1ada para equilibrar la","robots":{"index":"noindex","follow":"follow","max-snippet":"max-snippet:-1","max-image-preview":"max-image-preview:large","max-video-preview":"max-video-preview:-1"},"og_locale":"es_ES","og_type":"article","og_title":"RIEDEL Pay 3 Get 4 Performance Riesling - dev6 Erresse","og_description":"Set de copas RIEDEL Performance Riesling \u2013 4 piezas Mejore su experiencia de cata con la copa RIEDEL Performance Riesling, dise\u00f1ada para equilibrar la","og_url":"https:\/\/dev6.erresse-shop.it\/es\/shop\/tabla\/vasos\/riedel-pay-3-get-4-performance-riesling\/","og_site_name":"dev6 Erresse","og_image":[{"url":"https:\/\/interpim.erresse-shop.it\/Import\/Prodotti\/riedel-pay-3-get-4-performance-riesling.jpg","type":"","width":"","height":""},{"url":"https:\/\/interpim.erresse-shop.it\/Import\/Prodotti\/riedel-pay-3-get-4-performance-riesling.jpg","width":1024,"height":1024,"type":"image\/jpeg"}],"twitter_card":"summary_large_image","twitter_image":"https:\/\/interpim.erresse-shop.it\/Import\/Prodotti\/riedel-pay-3-get-4-performance-riesling.jpg","schema":{"@context":"https:\/\/schema.org","@graph":[{"@type":"WebPage","@id":"https:\/\/dev6.erresse-shop.it\/es\/shop\/tabla\/vasos\/riedel-pay-3-get-4-performance-riesling\/","url":"https:\/\/dev6.erresse-shop.it\/es\/shop\/tabla\/vasos\/riedel-pay-3-get-4-performance-riesling\/","name":"RIEDEL Pay 3 Get 4 Performance Riesling - dev6 Erresse","isPartOf":{"@id":"https:\/\/dev6.erresse-shop.it\/#website"},"primaryImageOfPage":{"@id":"https:\/\/dev6.erresse-shop.it\/es\/shop\/tabla\/vasos\/riedel-pay-3-get-4-performance-riesling\/#primaryimage"},"image":{"@id":"https:\/\/dev6.erresse-shop.it\/es\/shop\/tabla\/vasos\/riedel-pay-3-get-4-performance-riesling\/#primaryimage"},"thumbnailUrl":"https:\/\/i0.wp.com\/interpim.erresse-shop.it\/Import\/Prodotti\/riedel-pay-3-get-4-performance-riesling.jpg?ssl=1","datePublished":"2026-04-12T11:50:21+00:00","description":"Set de copas RIEDEL Performance Riesling \u2013 4 piezas Mejore su experiencia de cata con la copa RIEDEL Performance Riesling, dise\u00f1ada para equilibrar la","breadcrumb":{"@id":"https:\/\/dev6.erresse-shop.it\/es\/shop\/tabla\/vasos\/riedel-pay-3-get-4-performance-riesling\/#breadcrumb"},"inLanguage":"es","potentialAction":[{"@type":"ReadAction","target":["https:\/\/dev6.erresse-shop.it\/es\/shop\/tabla\/vasos\/riedel-pay-3-get-4-performance-riesling\/"]}]},{"@type":"ImageObject","inLanguage":"es","@id":"https:\/\/dev6.erresse-shop.it\/es\/shop\/tabla\/vasos\/riedel-pay-3-get-4-performance-riesling\/#primaryimage","url":"https:\/\/i0.wp.com\/interpim.erresse-shop.it\/Import\/Prodotti\/riedel-pay-3-get-4-performance-riesling.jpg?ssl=1","contentUrl":"https:\/\/i0.wp.com\/interpim.erresse-shop.it\/Import\/Prodotti\/riedel-pay-3-get-4-performance-riesling.jpg?ssl=1"},{"@type":"BreadcrumbList","@id":"https:\/\/dev6.erresse-shop.it\/es\/shop\/tabla\/vasos\/riedel-pay-3-get-4-performance-riesling\/#breadcrumb","itemListElement":[{"@type":"ListItem","position":1,"name":"Home","item":"https:\/\/dev6.erresse-shop.it\/"},{"@type":"ListItem","position":2,"name":"Tienda","item":"https:\/\/dev6.erresse-shop.it\/shop\/"},{"@type":"ListItem","position":3,"name":"RIEDEL Pay 3 Get 4 Performance Riesling"}]},{"@type":"WebSite","@id":"https:\/\/dev6.erresse-shop.it\/#website","url":"https:\/\/dev6.erresse-shop.it\/","name":"Erresse Shop","description":"","publisher":{"@id":"https:\/\/dev6.erresse-shop.it\/#organization"},"potentialAction":[{"@type":"SearchAction","target":{"@type":"EntryPoint","urlTemplate":"https:\/\/dev6.erresse-shop.it\/?s={search_term_string}"},"query-input":{"@type":"PropertyValueSpecification","valueRequired":true,"valueName":"search_term_string"}}],"inLanguage":"es"},{"@type":"Organization","@id":"https:\/\/dev6.erresse-shop.it\/#organization","name":"Erresse Shop","url":"https:\/\/dev6.erresse-shop.it\/","logo":{"@type":"ImageObject","inLanguage":"es","@id":"https:\/\/dev6.erresse-shop.it\/#\/schema\/logo\/image\/","url":"https:\/\/dev6.erresse-shop.it\/wp-content\/uploads\/2025\/01\/LOGO-ERRESSE-CLASSICO.svg","contentUrl":"https:\/\/dev6.erresse-shop.it\/wp-content\/uploads\/2025\/01\/LOGO-ERRESSE-CLASSICO.svg","caption":"Erresse Shop"},"image":{"@id":"https:\/\/dev6.erresse-shop.it\/#\/schema\/logo\/image\/"}}]}},"df_price":89.95,"df_sale_price":89.95,"df_regular_price":115,"df_image_link":"https:\/\/i0.wp.com\/interpim.erresse-shop.it\/Import\/Prodotti\/riedel-pay-3-get-4-performance-riesling.jpg?resize=300,300&ssl=1","fifu_image_url":"https:\/\/interpim.erresse-shop.it\/Import\/Prodotti\/riedel-pay-3-get-4-performance-riesling.jpg","_links":{"self":[{"href":"https:\/\/dev6.erresse-shop.it\/es\/wp-json\/wp\/v2\/product\/1884315","targetHints":{"allow":["GET"]}}],"collection":[{"href":"https:\/\/dev6.erresse-shop.it\/es\/wp-json\/wp\/v2\/product"}],"about":[{"href":"https:\/\/dev6.erresse-shop.it\/es\/wp-json\/wp\/v2\/types\/product"}],"wp:featuredmedia":[{"embeddable":true,"href":"https:\/\/dev6.erresse-shop.it\/es\/wp-json\/wp\/v2\/media\/6378615"}],"wp:attachment":[{"href":"https:\/\/dev6.erresse-shop.it\/es\/wp-json\/wp\/v2\/media?parent=1884315"}],"wp:term":[{"taxonomy":"product_cat","embeddable":true,"href":"https:\/\/dev6.erresse-shop.it\/es\/wp-json\/wp\/v2\/product_cat?post=1884315"},{"taxonomy":"product_tag","embeddable":true,"href":"https:\/\/dev6.erresse-shop.it\/es\/wp-json\/wp\/v2\/product_tag?post=1884315"}],"curies":[{"name":"wp","href":"https:\/\/api.w.org\/{rel}","templated":true}]}}