{"id":1884287,"date":"2026-04-12T13:47:32","date_gmt":"2026-04-12T11:47:32","guid":{"rendered":"https:\/\/dev6.erresse-shop.it\/shop\/sin%20categor\u00eda\/riedel-set-de-2-copas-de-martini-coctel\/"},"modified":"2025-07-05T02:00:00","modified_gmt":"2025-07-05T00:00:00","slug":"riedel-set-de-2-copas-de-martini-coctel","status":"publish","type":"product","link":"https:\/\/dev6.erresse-shop.it\/es\/shop\/tabla\/vino\/calices\/riedel-set-de-2-copas-de-martini-coctel\/","title":{"rendered":"RIEDEL Set de 2 copas de martini\/c\u00f3ctel"},"content":{"rendered":"<p>La copa de c\u00f3ctel mecanizada en forma de diamante es el regalo perfecto o la adici\u00f3n perfecta a su colecci\u00f3n. Sus lados inclinados y pronunciados est\u00e1n especialmente dise\u00f1ados para realzar los sabores y aromas del cl\u00e1sico Martini y otros c\u00f3cteles similares.<\/p>\n<p>Perfectas para una variedad de vinos, bebidas y c\u00f3cteles. Elaboradas cuidadosamente para garantizar la m\u00e1xima precisi\u00f3n seg\u00fan la variedad, estas copas ofrecen lo mejor en cocteler\u00eda y placer de degustaci\u00f3n.<\/p>\n<p>Detalles del producto:<\/p>\n<p>Este producto est\u00e1 mecanizado.<br \/>\nEste art\u00edculo es apto para lavavajillas.<br \/>\nPaquete de 2.<br \/>\nEste producto est\u00e1 hecho de cristal transparente.<\/p>\n<p class=\"product-info__characteristics-paragraph flex justify-between\">Capacidad: 650.0 ccm<br \/>\nAltura: 215.0 mm<\/p>\n","protected":false},"excerpt":{"rendered":"<p>La copa de c\u00f3ctel mecanizada en forma de diamante es el regalo perfecto o la adici\u00f3n perfecta a su colecci\u00f3n. Sus lados inclinados y pronunciados est\u00e1n especialmente dise\u00f1ados para realzar los sabores y aromas del cl\u00e1sico Martini y otros c\u00f3cteles similares. Perfectas para una variedad de vinos, bebidas y c\u00f3cteles. Elaboradas cuidadosamente para garantizar la [&hellip;]<\/p>\n","protected":false},"featured_media":6378462,"template":"","meta":{"_acf_changed":false},"product_cat":[11970,11961],"product_tag":[],"class_list":{"0":"post-1884287","1":"product","2":"type-product","3":"status-publish","4":"has-post-thumbnail","6":"product_cat-calices","7":"product_cat-vino","9":"first","10":"instock","11":"taxable","12":"shipping-taxable","13":"purchasable","14":"product-type-simple","swatches":"rey-swatches","show_selected":"","stretch_labels":"rey-swatches--stretch-labels"},"acf":[],"yoast_head":"<!-- This site is optimized with the Yoast SEO plugin v25.4 - https:\/\/yoast.com\/wordpress\/plugins\/seo\/ -->\n<title>RIEDEL Set de 2 copas de martini\/c\u00f3ctel - dev6 Erresse<\/title>\n<meta name=\"description\" content=\"La copa de c\u00f3ctel mecanizada en forma de diamante es el regalo perfecto o la adici\u00f3n perfecta a su colecci\u00f3n. Sus lados inclinados y pronunciados est\u00e1n\" \/>\n<meta name=\"robots\" content=\"noindex, follow, max-snippet:-1, max-image-preview:large, max-video-preview:-1\" \/>\n<meta property=\"og:locale\" content=\"es_ES\" \/>\n<meta property=\"og:type\" content=\"article\" \/>\n<meta property=\"og:title\" content=\"RIEDEL Set de 2 copas de martini\/c\u00f3ctel - dev6 Erresse\" \/>\n<meta property=\"og:description\" content=\"La copa de c\u00f3ctel mecanizada en forma de diamante es el regalo perfecto o la adici\u00f3n perfecta a su colecci\u00f3n. Sus lados inclinados y pronunciados est\u00e1n\" \/>\n<meta property=\"og:url\" content=\"https:\/\/dev6.erresse-shop.it\/es\/shop\/tabla\/vino\/calices\/riedel-set-de-2-copas-de-martini-coctel\/\" \/>\n<meta property=\"og:site_name\" content=\"dev6 Erresse\" \/>\n<meta property=\"og:image\" content=\"https:\/\/interpim.erresse-shop.it\/Import\/Prodotti\/riedel-set-2-bicchieri-martini_cocktail.jpg\" \/><meta property=\"og:image\" content=\"https:\/\/interpim.erresse-shop.it\/Import\/Prodotti\/riedel-set-2-bicchieri-martini_cocktail.jpg\" \/>\n\t<meta property=\"og:image:width\" content=\"1024\" \/>\n\t<meta property=\"og:image:height\" content=\"1024\" \/>\n\t<meta property=\"og:image:type\" content=\"image\/jpeg\" \/>\n<meta name=\"twitter:card\" content=\"summary_large_image\" \/>\n<meta name=\"twitter:image\" content=\"https:\/\/interpim.erresse-shop.it\/Import\/Prodotti\/riedel-set-2-bicchieri-martini_cocktail.jpg\" \/>\n<script type=\"application\/ld+json\" class=\"yoast-schema-graph\">{\"@context\":\"https:\/\/schema.org\",\"@graph\":[{\"@type\":\"WebPage\",\"@id\":\"https:\/\/dev6.erresse-shop.it\/es\/shop\/tabla\/vino\/calices\/riedel-set-de-2-copas-de-martini-coctel\/\",\"url\":\"https:\/\/dev6.erresse-shop.it\/es\/shop\/tabla\/vino\/calices\/riedel-set-de-2-copas-de-martini-coctel\/\",\"name\":\"RIEDEL Set de 2 copas de martini\/c\u00f3ctel - dev6 Erresse\",\"isPartOf\":{\"@id\":\"https:\/\/dev6.erresse-shop.it\/#website\"},\"primaryImageOfPage\":{\"@id\":\"https:\/\/dev6.erresse-shop.it\/es\/shop\/tabla\/vino\/calices\/riedel-set-de-2-copas-de-martini-coctel\/#primaryimage\"},\"image\":{\"@id\":\"https:\/\/dev6.erresse-shop.it\/es\/shop\/tabla\/vino\/calices\/riedel-set-de-2-copas-de-martini-coctel\/#primaryimage\"},\"thumbnailUrl\":\"https:\/\/i3.wp.com\/interpim.erresse-shop.it\/Import\/Prodotti\/riedel-set-2-bicchieri-martini_cocktail.jpg?ssl=1\",\"datePublished\":\"2026-04-12T11:47:32+00:00\",\"description\":\"La copa de c\u00f3ctel mecanizada en forma de diamante es el regalo perfecto o la adici\u00f3n perfecta a su colecci\u00f3n. Sus lados inclinados y pronunciados est\u00e1n\",\"breadcrumb\":{\"@id\":\"https:\/\/dev6.erresse-shop.it\/es\/shop\/tabla\/vino\/calices\/riedel-set-de-2-copas-de-martini-coctel\/#breadcrumb\"},\"inLanguage\":\"es\",\"potentialAction\":[{\"@type\":\"ReadAction\",\"target\":[\"https:\/\/dev6.erresse-shop.it\/es\/shop\/tabla\/vino\/calices\/riedel-set-de-2-copas-de-martini-coctel\/\"]}]},{\"@type\":\"ImageObject\",\"inLanguage\":\"es\",\"@id\":\"https:\/\/dev6.erresse-shop.it\/es\/shop\/tabla\/vino\/calices\/riedel-set-de-2-copas-de-martini-coctel\/#primaryimage\",\"url\":\"https:\/\/i3.wp.com\/interpim.erresse-shop.it\/Import\/Prodotti\/riedel-set-2-bicchieri-martini_cocktail.jpg?ssl=1\",\"contentUrl\":\"https:\/\/i3.wp.com\/interpim.erresse-shop.it\/Import\/Prodotti\/riedel-set-2-bicchieri-martini_cocktail.jpg?ssl=1\"},{\"@type\":\"BreadcrumbList\",\"@id\":\"https:\/\/dev6.erresse-shop.it\/es\/shop\/tabla\/vino\/calices\/riedel-set-de-2-copas-de-martini-coctel\/#breadcrumb\",\"itemListElement\":[{\"@type\":\"ListItem\",\"position\":1,\"name\":\"Home\",\"item\":\"https:\/\/dev6.erresse-shop.it\/\"},{\"@type\":\"ListItem\",\"position\":2,\"name\":\"Tienda\",\"item\":\"https:\/\/dev6.erresse-shop.it\/shop\/\"},{\"@type\":\"ListItem\",\"position\":3,\"name\":\"RIEDEL Set de 2 copas de martini\/c\u00f3ctel\"}]},{\"@type\":\"WebSite\",\"@id\":\"https:\/\/dev6.erresse-shop.it\/#website\",\"url\":\"https:\/\/dev6.erresse-shop.it\/\",\"name\":\"Erresse Shop\",\"description\":\"\",\"publisher\":{\"@id\":\"https:\/\/dev6.erresse-shop.it\/#organization\"},\"potentialAction\":[{\"@type\":\"SearchAction\",\"target\":{\"@type\":\"EntryPoint\",\"urlTemplate\":\"https:\/\/dev6.erresse-shop.it\/?s={search_term_string}\"},\"query-input\":{\"@type\":\"PropertyValueSpecification\",\"valueRequired\":true,\"valueName\":\"search_term_string\"}}],\"inLanguage\":\"es\"},{\"@type\":\"Organization\",\"@id\":\"https:\/\/dev6.erresse-shop.it\/#organization\",\"name\":\"Erresse Shop\",\"url\":\"https:\/\/dev6.erresse-shop.it\/\",\"logo\":{\"@type\":\"ImageObject\",\"inLanguage\":\"es\",\"@id\":\"https:\/\/dev6.erresse-shop.it\/#\/schema\/logo\/image\/\",\"url\":\"https:\/\/dev6.erresse-shop.it\/wp-content\/uploads\/2025\/01\/LOGO-ERRESSE-CLASSICO.svg\",\"contentUrl\":\"https:\/\/dev6.erresse-shop.it\/wp-content\/uploads\/2025\/01\/LOGO-ERRESSE-CLASSICO.svg\",\"caption\":\"Erresse Shop\"},\"image\":{\"@id\":\"https:\/\/dev6.erresse-shop.it\/#\/schema\/logo\/image\/\"}}]}<\/script>\n<!-- \/ Yoast SEO plugin. -->","yoast_head_json":{"title":"RIEDEL Set de 2 copas de martini\/c\u00f3ctel - dev6 Erresse","description":"La copa de c\u00f3ctel mecanizada en forma de diamante es el regalo perfecto o la adici\u00f3n perfecta a su colecci\u00f3n. Sus lados inclinados y pronunciados est\u00e1n","robots":{"index":"noindex","follow":"follow","max-snippet":"max-snippet:-1","max-image-preview":"max-image-preview:large","max-video-preview":"max-video-preview:-1"},"og_locale":"es_ES","og_type":"article","og_title":"RIEDEL Set de 2 copas de martini\/c\u00f3ctel - dev6 Erresse","og_description":"La copa de c\u00f3ctel mecanizada en forma de diamante es el regalo perfecto o la adici\u00f3n perfecta a su colecci\u00f3n. Sus lados inclinados y pronunciados est\u00e1n","og_url":"https:\/\/dev6.erresse-shop.it\/es\/shop\/tabla\/vino\/calices\/riedel-set-de-2-copas-de-martini-coctel\/","og_site_name":"dev6 Erresse","og_image":[{"url":"https:\/\/interpim.erresse-shop.it\/Import\/Prodotti\/riedel-set-2-bicchieri-martini_cocktail.jpg","type":"","width":"","height":""},{"url":"https:\/\/interpim.erresse-shop.it\/Import\/Prodotti\/riedel-set-2-bicchieri-martini_cocktail.jpg","width":1024,"height":1024,"type":"image\/jpeg"}],"twitter_card":"summary_large_image","twitter_image":"https:\/\/interpim.erresse-shop.it\/Import\/Prodotti\/riedel-set-2-bicchieri-martini_cocktail.jpg","schema":{"@context":"https:\/\/schema.org","@graph":[{"@type":"WebPage","@id":"https:\/\/dev6.erresse-shop.it\/es\/shop\/tabla\/vino\/calices\/riedel-set-de-2-copas-de-martini-coctel\/","url":"https:\/\/dev6.erresse-shop.it\/es\/shop\/tabla\/vino\/calices\/riedel-set-de-2-copas-de-martini-coctel\/","name":"RIEDEL Set de 2 copas de martini\/c\u00f3ctel - dev6 Erresse","isPartOf":{"@id":"https:\/\/dev6.erresse-shop.it\/#website"},"primaryImageOfPage":{"@id":"https:\/\/dev6.erresse-shop.it\/es\/shop\/tabla\/vino\/calices\/riedel-set-de-2-copas-de-martini-coctel\/#primaryimage"},"image":{"@id":"https:\/\/dev6.erresse-shop.it\/es\/shop\/tabla\/vino\/calices\/riedel-set-de-2-copas-de-martini-coctel\/#primaryimage"},"thumbnailUrl":"https:\/\/i3.wp.com\/interpim.erresse-shop.it\/Import\/Prodotti\/riedel-set-2-bicchieri-martini_cocktail.jpg?ssl=1","datePublished":"2026-04-12T11:47:32+00:00","description":"La copa de c\u00f3ctel mecanizada en forma de diamante es el regalo perfecto o la adici\u00f3n perfecta a su colecci\u00f3n. Sus lados inclinados y pronunciados est\u00e1n","breadcrumb":{"@id":"https:\/\/dev6.erresse-shop.it\/es\/shop\/tabla\/vino\/calices\/riedel-set-de-2-copas-de-martini-coctel\/#breadcrumb"},"inLanguage":"es","potentialAction":[{"@type":"ReadAction","target":["https:\/\/dev6.erresse-shop.it\/es\/shop\/tabla\/vino\/calices\/riedel-set-de-2-copas-de-martini-coctel\/"]}]},{"@type":"ImageObject","inLanguage":"es","@id":"https:\/\/dev6.erresse-shop.it\/es\/shop\/tabla\/vino\/calices\/riedel-set-de-2-copas-de-martini-coctel\/#primaryimage","url":"https:\/\/i3.wp.com\/interpim.erresse-shop.it\/Import\/Prodotti\/riedel-set-2-bicchieri-martini_cocktail.jpg?ssl=1","contentUrl":"https:\/\/i3.wp.com\/interpim.erresse-shop.it\/Import\/Prodotti\/riedel-set-2-bicchieri-martini_cocktail.jpg?ssl=1"},{"@type":"BreadcrumbList","@id":"https:\/\/dev6.erresse-shop.it\/es\/shop\/tabla\/vino\/calices\/riedel-set-de-2-copas-de-martini-coctel\/#breadcrumb","itemListElement":[{"@type":"ListItem","position":1,"name":"Home","item":"https:\/\/dev6.erresse-shop.it\/"},{"@type":"ListItem","position":2,"name":"Tienda","item":"https:\/\/dev6.erresse-shop.it\/shop\/"},{"@type":"ListItem","position":3,"name":"RIEDEL Set de 2 copas de martini\/c\u00f3ctel"}]},{"@type":"WebSite","@id":"https:\/\/dev6.erresse-shop.it\/#website","url":"https:\/\/dev6.erresse-shop.it\/","name":"Erresse Shop","description":"","publisher":{"@id":"https:\/\/dev6.erresse-shop.it\/#organization"},"potentialAction":[{"@type":"SearchAction","target":{"@type":"EntryPoint","urlTemplate":"https:\/\/dev6.erresse-shop.it\/?s={search_term_string}"},"query-input":{"@type":"PropertyValueSpecification","valueRequired":true,"valueName":"search_term_string"}}],"inLanguage":"es"},{"@type":"Organization","@id":"https:\/\/dev6.erresse-shop.it\/#organization","name":"Erresse Shop","url":"https:\/\/dev6.erresse-shop.it\/","logo":{"@type":"ImageObject","inLanguage":"es","@id":"https:\/\/dev6.erresse-shop.it\/#\/schema\/logo\/image\/","url":"https:\/\/dev6.erresse-shop.it\/wp-content\/uploads\/2025\/01\/LOGO-ERRESSE-CLASSICO.svg","contentUrl":"https:\/\/dev6.erresse-shop.it\/wp-content\/uploads\/2025\/01\/LOGO-ERRESSE-CLASSICO.svg","caption":"Erresse Shop"},"image":{"@id":"https:\/\/dev6.erresse-shop.it\/#\/schema\/logo\/image\/"}}]}},"df_price":45,"df_sale_price":"","df_regular_price":45,"df_image_link":"https:\/\/i3.wp.com\/interpim.erresse-shop.it\/Import\/Prodotti\/riedel-set-2-bicchieri-martini_cocktail.jpg?resize=300,300&ssl=1","fifu_image_url":"https:\/\/interpim.erresse-shop.it\/Import\/Prodotti\/riedel-set-2-bicchieri-martini_cocktail.jpg","_links":{"self":[{"href":"https:\/\/dev6.erresse-shop.it\/es\/wp-json\/wp\/v2\/product\/1884287","targetHints":{"allow":["GET"]}}],"collection":[{"href":"https:\/\/dev6.erresse-shop.it\/es\/wp-json\/wp\/v2\/product"}],"about":[{"href":"https:\/\/dev6.erresse-shop.it\/es\/wp-json\/wp\/v2\/types\/product"}],"wp:featuredmedia":[{"embeddable":true,"href":"https:\/\/dev6.erresse-shop.it\/es\/wp-json\/wp\/v2\/media\/6378462"}],"wp:attachment":[{"href":"https:\/\/dev6.erresse-shop.it\/es\/wp-json\/wp\/v2\/media?parent=1884287"}],"wp:term":[{"taxonomy":"product_cat","embeddable":true,"href":"https:\/\/dev6.erresse-shop.it\/es\/wp-json\/wp\/v2\/product_cat?post=1884287"},{"taxonomy":"product_tag","embeddable":true,"href":"https:\/\/dev6.erresse-shop.it\/es\/wp-json\/wp\/v2\/product_tag?post=1884287"}],"curies":[{"name":"wp","href":"https:\/\/api.w.org\/{rel}","templated":true}]}}