{"id":1884283,"date":"2026-04-12T13:47:32","date_gmt":"2026-04-12T11:47:32","guid":{"rendered":"https:\/\/dev6.erresse-shop.it\/shop\/sin%20categor\u00eda\/riedel-amedeo-decantador-azul-blanco-rojo\/"},"modified":"2025-07-05T01:59:48","modified_gmt":"2025-07-04T23:59:48","slug":"riedel-amedeo-decantador-azul-blanco-rojo","status":"publish","type":"product","link":"https:\/\/dev6.erresse-shop.it\/es\/shop\/tabla\/vino\/decantadores\/riedel-amedeo-decantador-azul-blanco-rojo\/","title":{"rendered":"RIEDEL Amedeo Decantador Azul Blanco Rojo"},"content":{"rendered":"<p>RIEDEL ofrece una amplia gama de elegantes decantadores soplados a mano que se adaptan a todos los estilos de vida. Un decantador es imprescindible para cualquier amante del vino, y todos los decantadores RIEDEL est\u00e1n elaborados con cristal fino para brindar a los vinos de alta calidad el tratamiento que merecen. Tanto los vinos m\u00e1s a\u00f1ejos como los m\u00e1s j\u00f3venes pueden beneficiarse de la decantaci\u00f3n, ya sea para eliminar sedimentos o para hacerlos m\u00e1s suaves y redondos.<\/p>\n<p>El decantador Amadeo se lanz\u00f3 en 2006 para celebrar el 250.\u00ba aniversario de RIEDEL. Lleva el nombre del compositor austriaco Wolfgang Amadeus Mozart, quien tambi\u00e9n celebr\u00f3 su 250.\u00ba cumplea\u00f1os ese a\u00f1o. Este decantador soplado a mano tiene forma de lira y sirve el vino de maravilla. El vino se decanta f\u00e1cilmente por la abertura m\u00e1s ancha del recipiente y se vierte en la copa por la boca m\u00e1s estrecha.<\/p>\n<p>Este decantador tiene capacidad para una botella de vino est\u00e1ndar.<\/p>\n<p>Esta versi\u00f3n presenta un sofisticado dise\u00f1o con tres franjas alternadas en llamativos tonos azul, blanco y rojo, que se integran a la perfecci\u00f3n con la ic\u00f3nica silueta de Amadeo. La audaz pero elegante combinaci\u00f3n de colores realza la forma \u00fanica del decantador, convirti\u00e9ndolo en una hermosa pieza central y una pieza atemporal de su cristaler\u00eda.<\/p>\n<p>Hecho a mano. Lavar solo a mano.<\/p>\n<p>Altura: 350 mm<br \/>\nCapacidad: 750 cc<\/p>\n","protected":false},"excerpt":{"rendered":"<p>RIEDEL ofrece una amplia gama de elegantes decantadores soplados a mano que se adaptan a todos los estilos de vida. Un decantador es imprescindible para cualquier amante del vino, y todos los decantadores RIEDEL est\u00e1n elaborados con cristal fino para brindar a los vinos de alta calidad el tratamiento que merecen. Tanto los vinos m\u00e1s [&hellip;]<\/p>\n","protected":false},"featured_media":6378448,"template":"","meta":{"_acf_changed":false},"product_cat":[11975,11887,11961],"product_tag":[],"class_list":{"0":"post-1884283","1":"product","2":"type-product","3":"status-publish","4":"has-post-thumbnail","6":"product_cat-decantadores","7":"product_cat-tabla","8":"product_cat-vino","10":"first","11":"instock","12":"taxable","13":"shipping-taxable","14":"purchasable","15":"product-type-simple","swatches":"rey-swatches","show_selected":"","stretch_labels":"rey-swatches--stretch-labels"},"acf":[],"yoast_head":"<!-- This site is optimized with the Yoast SEO plugin v25.4 - https:\/\/yoast.com\/wordpress\/plugins\/seo\/ -->\n<title>RIEDEL Amedeo Decantador Azul Blanco Rojo - dev6 Erresse<\/title>\n<meta name=\"description\" content=\"RIEDEL ofrece una amplia gama de elegantes decantadores soplados a mano que se adaptan a todos los estilos de vida. Un decantador es imprescindible para\" \/>\n<meta name=\"robots\" content=\"noindex, follow, max-snippet:-1, max-image-preview:large, max-video-preview:-1\" \/>\n<meta property=\"og:locale\" content=\"es_ES\" \/>\n<meta property=\"og:type\" content=\"article\" \/>\n<meta property=\"og:title\" content=\"RIEDEL Amedeo Decantador Azul Blanco Rojo - dev6 Erresse\" \/>\n<meta property=\"og:description\" content=\"RIEDEL ofrece una amplia gama de elegantes decantadores soplados a mano que se adaptan a todos los estilos de vida. Un decantador es imprescindible para\" \/>\n<meta property=\"og:url\" content=\"https:\/\/dev6.erresse-shop.it\/es\/shop\/tabla\/vino\/decantadores\/riedel-amedeo-decantador-azul-blanco-rojo\/\" \/>\n<meta property=\"og:site_name\" content=\"dev6 Erresse\" \/>\n<meta property=\"og:image\" content=\"https:\/\/interpim.erresse-shop.it\/Import\/Prodotti\/riedel-amadeo-decanter-blu-bianco-rosso.jpg\" \/><meta property=\"og:image\" content=\"https:\/\/interpim.erresse-shop.it\/Import\/Prodotti\/riedel-amadeo-decanter-blu-bianco-rosso.jpg\" \/>\n\t<meta property=\"og:image:width\" content=\"1024\" \/>\n\t<meta property=\"og:image:height\" content=\"1024\" \/>\n\t<meta property=\"og:image:type\" content=\"image\/jpeg\" \/>\n<meta name=\"twitter:card\" content=\"summary_large_image\" \/>\n<meta name=\"twitter:image\" content=\"https:\/\/interpim.erresse-shop.it\/Import\/Prodotti\/riedel-amadeo-decanter-blu-bianco-rosso.jpg\" \/>\n<script type=\"application\/ld+json\" class=\"yoast-schema-graph\">{\"@context\":\"https:\/\/schema.org\",\"@graph\":[{\"@type\":\"WebPage\",\"@id\":\"https:\/\/dev6.erresse-shop.it\/es\/shop\/tabla\/vino\/decantadores\/riedel-amedeo-decantador-azul-blanco-rojo\/\",\"url\":\"https:\/\/dev6.erresse-shop.it\/es\/shop\/tabla\/vino\/decantadores\/riedel-amedeo-decantador-azul-blanco-rojo\/\",\"name\":\"RIEDEL Amedeo Decantador Azul Blanco Rojo - dev6 Erresse\",\"isPartOf\":{\"@id\":\"https:\/\/dev6.erresse-shop.it\/#website\"},\"primaryImageOfPage\":{\"@id\":\"https:\/\/dev6.erresse-shop.it\/es\/shop\/tabla\/vino\/decantadores\/riedel-amedeo-decantador-azul-blanco-rojo\/#primaryimage\"},\"image\":{\"@id\":\"https:\/\/dev6.erresse-shop.it\/es\/shop\/tabla\/vino\/decantadores\/riedel-amedeo-decantador-azul-blanco-rojo\/#primaryimage\"},\"thumbnailUrl\":\"https:\/\/i0.wp.com\/interpim.erresse-shop.it\/Import\/Prodotti\/riedel-amadeo-decanter-blu-bianco-rosso.jpg?ssl=1\",\"datePublished\":\"2026-04-12T11:47:32+00:00\",\"description\":\"RIEDEL ofrece una amplia gama de elegantes decantadores soplados a mano que se adaptan a todos los estilos de vida. Un decantador es imprescindible para\",\"breadcrumb\":{\"@id\":\"https:\/\/dev6.erresse-shop.it\/es\/shop\/tabla\/vino\/decantadores\/riedel-amedeo-decantador-azul-blanco-rojo\/#breadcrumb\"},\"inLanguage\":\"es\",\"potentialAction\":[{\"@type\":\"ReadAction\",\"target\":[\"https:\/\/dev6.erresse-shop.it\/es\/shop\/tabla\/vino\/decantadores\/riedel-amedeo-decantador-azul-blanco-rojo\/\"]}]},{\"@type\":\"ImageObject\",\"inLanguage\":\"es\",\"@id\":\"https:\/\/dev6.erresse-shop.it\/es\/shop\/tabla\/vino\/decantadores\/riedel-amedeo-decantador-azul-blanco-rojo\/#primaryimage\",\"url\":\"https:\/\/i0.wp.com\/interpim.erresse-shop.it\/Import\/Prodotti\/riedel-amadeo-decanter-blu-bianco-rosso.jpg?ssl=1\",\"contentUrl\":\"https:\/\/i0.wp.com\/interpim.erresse-shop.it\/Import\/Prodotti\/riedel-amadeo-decanter-blu-bianco-rosso.jpg?ssl=1\"},{\"@type\":\"BreadcrumbList\",\"@id\":\"https:\/\/dev6.erresse-shop.it\/es\/shop\/tabla\/vino\/decantadores\/riedel-amedeo-decantador-azul-blanco-rojo\/#breadcrumb\",\"itemListElement\":[{\"@type\":\"ListItem\",\"position\":1,\"name\":\"Home\",\"item\":\"https:\/\/dev6.erresse-shop.it\/\"},{\"@type\":\"ListItem\",\"position\":2,\"name\":\"Tienda\",\"item\":\"https:\/\/dev6.erresse-shop.it\/shop\/\"},{\"@type\":\"ListItem\",\"position\":3,\"name\":\"RIEDEL Amedeo Decantador Azul Blanco Rojo\"}]},{\"@type\":\"WebSite\",\"@id\":\"https:\/\/dev6.erresse-shop.it\/#website\",\"url\":\"https:\/\/dev6.erresse-shop.it\/\",\"name\":\"Erresse Shop\",\"description\":\"\",\"publisher\":{\"@id\":\"https:\/\/dev6.erresse-shop.it\/#organization\"},\"potentialAction\":[{\"@type\":\"SearchAction\",\"target\":{\"@type\":\"EntryPoint\",\"urlTemplate\":\"https:\/\/dev6.erresse-shop.it\/?s={search_term_string}\"},\"query-input\":{\"@type\":\"PropertyValueSpecification\",\"valueRequired\":true,\"valueName\":\"search_term_string\"}}],\"inLanguage\":\"es\"},{\"@type\":\"Organization\",\"@id\":\"https:\/\/dev6.erresse-shop.it\/#organization\",\"name\":\"Erresse Shop\",\"url\":\"https:\/\/dev6.erresse-shop.it\/\",\"logo\":{\"@type\":\"ImageObject\",\"inLanguage\":\"es\",\"@id\":\"https:\/\/dev6.erresse-shop.it\/#\/schema\/logo\/image\/\",\"url\":\"https:\/\/dev6.erresse-shop.it\/wp-content\/uploads\/2025\/01\/LOGO-ERRESSE-CLASSICO.svg\",\"contentUrl\":\"https:\/\/dev6.erresse-shop.it\/wp-content\/uploads\/2025\/01\/LOGO-ERRESSE-CLASSICO.svg\",\"caption\":\"Erresse Shop\"},\"image\":{\"@id\":\"https:\/\/dev6.erresse-shop.it\/#\/schema\/logo\/image\/\"}}]}<\/script>\n<!-- \/ Yoast SEO plugin. -->","yoast_head_json":{"title":"RIEDEL Amedeo Decantador Azul Blanco Rojo - dev6 Erresse","description":"RIEDEL ofrece una amplia gama de elegantes decantadores soplados a mano que se adaptan a todos los estilos de vida. Un decantador es imprescindible para","robots":{"index":"noindex","follow":"follow","max-snippet":"max-snippet:-1","max-image-preview":"max-image-preview:large","max-video-preview":"max-video-preview:-1"},"og_locale":"es_ES","og_type":"article","og_title":"RIEDEL Amedeo Decantador Azul Blanco Rojo - dev6 Erresse","og_description":"RIEDEL ofrece una amplia gama de elegantes decantadores soplados a mano que se adaptan a todos los estilos de vida. Un decantador es imprescindible para","og_url":"https:\/\/dev6.erresse-shop.it\/es\/shop\/tabla\/vino\/decantadores\/riedel-amedeo-decantador-azul-blanco-rojo\/","og_site_name":"dev6 Erresse","og_image":[{"url":"https:\/\/interpim.erresse-shop.it\/Import\/Prodotti\/riedel-amadeo-decanter-blu-bianco-rosso.jpg","type":"","width":"","height":""},{"url":"https:\/\/interpim.erresse-shop.it\/Import\/Prodotti\/riedel-amadeo-decanter-blu-bianco-rosso.jpg","width":1024,"height":1024,"type":"image\/jpeg"}],"twitter_card":"summary_large_image","twitter_image":"https:\/\/interpim.erresse-shop.it\/Import\/Prodotti\/riedel-amadeo-decanter-blu-bianco-rosso.jpg","schema":{"@context":"https:\/\/schema.org","@graph":[{"@type":"WebPage","@id":"https:\/\/dev6.erresse-shop.it\/es\/shop\/tabla\/vino\/decantadores\/riedel-amedeo-decantador-azul-blanco-rojo\/","url":"https:\/\/dev6.erresse-shop.it\/es\/shop\/tabla\/vino\/decantadores\/riedel-amedeo-decantador-azul-blanco-rojo\/","name":"RIEDEL Amedeo Decantador Azul Blanco Rojo - dev6 Erresse","isPartOf":{"@id":"https:\/\/dev6.erresse-shop.it\/#website"},"primaryImageOfPage":{"@id":"https:\/\/dev6.erresse-shop.it\/es\/shop\/tabla\/vino\/decantadores\/riedel-amedeo-decantador-azul-blanco-rojo\/#primaryimage"},"image":{"@id":"https:\/\/dev6.erresse-shop.it\/es\/shop\/tabla\/vino\/decantadores\/riedel-amedeo-decantador-azul-blanco-rojo\/#primaryimage"},"thumbnailUrl":"https:\/\/i0.wp.com\/interpim.erresse-shop.it\/Import\/Prodotti\/riedel-amadeo-decanter-blu-bianco-rosso.jpg?ssl=1","datePublished":"2026-04-12T11:47:32+00:00","description":"RIEDEL ofrece una amplia gama de elegantes decantadores soplados a mano que se adaptan a todos los estilos de vida. Un decantador es imprescindible para","breadcrumb":{"@id":"https:\/\/dev6.erresse-shop.it\/es\/shop\/tabla\/vino\/decantadores\/riedel-amedeo-decantador-azul-blanco-rojo\/#breadcrumb"},"inLanguage":"es","potentialAction":[{"@type":"ReadAction","target":["https:\/\/dev6.erresse-shop.it\/es\/shop\/tabla\/vino\/decantadores\/riedel-amedeo-decantador-azul-blanco-rojo\/"]}]},{"@type":"ImageObject","inLanguage":"es","@id":"https:\/\/dev6.erresse-shop.it\/es\/shop\/tabla\/vino\/decantadores\/riedel-amedeo-decantador-azul-blanco-rojo\/#primaryimage","url":"https:\/\/i0.wp.com\/interpim.erresse-shop.it\/Import\/Prodotti\/riedel-amadeo-decanter-blu-bianco-rosso.jpg?ssl=1","contentUrl":"https:\/\/i0.wp.com\/interpim.erresse-shop.it\/Import\/Prodotti\/riedel-amadeo-decanter-blu-bianco-rosso.jpg?ssl=1"},{"@type":"BreadcrumbList","@id":"https:\/\/dev6.erresse-shop.it\/es\/shop\/tabla\/vino\/decantadores\/riedel-amedeo-decantador-azul-blanco-rojo\/#breadcrumb","itemListElement":[{"@type":"ListItem","position":1,"name":"Home","item":"https:\/\/dev6.erresse-shop.it\/"},{"@type":"ListItem","position":2,"name":"Tienda","item":"https:\/\/dev6.erresse-shop.it\/shop\/"},{"@type":"ListItem","position":3,"name":"RIEDEL Amedeo Decantador Azul Blanco Rojo"}]},{"@type":"WebSite","@id":"https:\/\/dev6.erresse-shop.it\/#website","url":"https:\/\/dev6.erresse-shop.it\/","name":"Erresse Shop","description":"","publisher":{"@id":"https:\/\/dev6.erresse-shop.it\/#organization"},"potentialAction":[{"@type":"SearchAction","target":{"@type":"EntryPoint","urlTemplate":"https:\/\/dev6.erresse-shop.it\/?s={search_term_string}"},"query-input":{"@type":"PropertyValueSpecification","valueRequired":true,"valueName":"search_term_string"}}],"inLanguage":"es"},{"@type":"Organization","@id":"https:\/\/dev6.erresse-shop.it\/#organization","name":"Erresse Shop","url":"https:\/\/dev6.erresse-shop.it\/","logo":{"@type":"ImageObject","inLanguage":"es","@id":"https:\/\/dev6.erresse-shop.it\/#\/schema\/logo\/image\/","url":"https:\/\/dev6.erresse-shop.it\/wp-content\/uploads\/2025\/01\/LOGO-ERRESSE-CLASSICO.svg","contentUrl":"https:\/\/dev6.erresse-shop.it\/wp-content\/uploads\/2025\/01\/LOGO-ERRESSE-CLASSICO.svg","caption":"Erresse Shop"},"image":{"@id":"https:\/\/dev6.erresse-shop.it\/#\/schema\/logo\/image\/"}}]}},"df_price":24.9,"df_sale_price":"","df_regular_price":24.9,"df_image_link":"https:\/\/i0.wp.com\/interpim.erresse-shop.it\/Import\/Prodotti\/riedel-amadeo-decanter-blu-bianco-rosso.jpg?resize=300,300&ssl=1","fifu_image_url":"https:\/\/interpim.erresse-shop.it\/Import\/Prodotti\/riedel-amadeo-decanter-blu-bianco-rosso.jpg","_links":{"self":[{"href":"https:\/\/dev6.erresse-shop.it\/es\/wp-json\/wp\/v2\/product\/1884283","targetHints":{"allow":["GET"]}}],"collection":[{"href":"https:\/\/dev6.erresse-shop.it\/es\/wp-json\/wp\/v2\/product"}],"about":[{"href":"https:\/\/dev6.erresse-shop.it\/es\/wp-json\/wp\/v2\/types\/product"}],"wp:featuredmedia":[{"embeddable":true,"href":"https:\/\/dev6.erresse-shop.it\/es\/wp-json\/wp\/v2\/media\/6378448"}],"wp:attachment":[{"href":"https:\/\/dev6.erresse-shop.it\/es\/wp-json\/wp\/v2\/media?parent=1884283"}],"wp:term":[{"taxonomy":"product_cat","embeddable":true,"href":"https:\/\/dev6.erresse-shop.it\/es\/wp-json\/wp\/v2\/product_cat?post=1884283"},{"taxonomy":"product_tag","embeddable":true,"href":"https:\/\/dev6.erresse-shop.it\/es\/wp-json\/wp\/v2\/product_tag?post=1884283"}],"curies":[{"name":"wp","href":"https:\/\/api.w.org\/{rel}","templated":true}]}}