{"id":1884243,"date":"2026-04-04T13:42:19","date_gmt":"2026-04-04T11:42:19","guid":{"rendered":"https:\/\/dev6.erresse-shop.it\/shop\/sin%20categor\u00eda\/le-creuset-molde-redondo-para-pastel-tradition-en-hierro-fundido-28-cm-garnet\/"},"modified":"2025-09-14T10:37:11","modified_gmt":"2025-09-14T08:37:11","slug":"le-creuset-molde-redondo-para-pastel-tradition-en-hierro-fundido-28-cm-garnet","status":"publish","type":"product","link":"https:\/\/dev6.erresse-shop.it\/es\/shop\/sartenes-y-ollas\/moldes-para-pasteles-y-creperas\/le-creuset-molde-redondo-para-pastel-tradition-en-hierro-fundido-28-cm-garnet\/","title":{"rendered":"LE CREUSET Molde redondo para pastel Tradition en hierro fundido 28 cm Garnet"},"content":{"rendered":"<p>Crea deliciosas tartas, quiches y pasteles con nuestro molde redondo. Pr\u00e1ctico y elegante, sus paredes curvas a\u00f1aden un toque de personalidad a tus creaciones horneadas y te permiten cocinar los bordes de tus tartas a la perfecci\u00f3n. El gres vitrificado distribuye el calor uniformemente para obtener resultados de cocci\u00f3n perfectos.<\/p>\n<p>Siempre a la altura: Nuestro gres es resistente a los ara\u00f1azos y f\u00e1cil de limpiar.<br \/>\nConstrucci\u00f3n perfecta: Fabricados con cer\u00e1mica de alta calidad, nuestros productos de gres mantienen una temperatura uniforme y son resistentes y duraderos.<br \/>\nApto tanto para fr\u00edo como para calor: Nuestro gres es resistente al calor desde -23 \u00b0C hasta &#43;260 \u00b0C.<br \/>\nEl mejor en su clase: Nuestros productos se fabrican con los mejores materiales en f\u00e1bricas de todo el mundo para garantizar la calidad que espera de Le Creuset.<\/p>\n<p>Material: Hierro fundido esmaltado<br \/>\nHecho en: Tailandia<br \/>\nGarant\u00eda: 10 a\u00f1os<\/p>\n<p>Fuente de calor:<\/p>\n<p>Horno<br \/>\nHorno grill<br \/>\nMicroondas<\/p>\n<p>Limpieza y Cuidado:<\/p>\n<p>Espere a que el producto se enfr\u00ede por completo antes de empezar a limpiarlo.<br \/>\nElimine cualquier residuo de la base y los laterales del producto. Para residuos de comida dif\u00edciles, ll\u00e9nelo con agua tibia y jab\u00f3n y d\u00e9jelo en remojo de 15 a 20 minutos antes de lavarlo como de costumbre.<br \/>\nLave y seque a mano. Tambi\u00e9n puede colocar su producto de cer\u00e1mica de gres en el lavavajillas durante un ciclo completo.<\/p>\n","protected":false},"excerpt":{"rendered":"<p>Crea deliciosas tartas, quiches y pasteles con nuestro molde redondo. Pr\u00e1ctico y elegante, sus paredes curvas a\u00f1aden un toque de personalidad a tus creaciones horneadas y te permiten cocinar los bordes de tus tartas a la perfecci\u00f3n. El gres vitrificado distribuye el calor uniformemente para obtener resultados de cocci\u00f3n perfectos. Siempre a la altura: Nuestro [&hellip;]<\/p>\n","protected":false},"featured_media":6294937,"template":"","meta":{"_acf_changed":false},"product_cat":[11942,11919,11883],"product_tag":[],"class_list":{"0":"post-1884243","1":"product","2":"type-product","3":"status-publish","4":"has-post-thumbnail","6":"product_cat-ollas-y-bandejas-de-horno","7":"product_cat-moldes-para-pasteles-y-creperas","8":"product_cat-sartenes-y-ollas","10":"first","11":"instock","12":"taxable","13":"shipping-taxable","14":"purchasable","15":"product-type-simple","swatches":"rey-swatches","show_selected":"","stretch_labels":"rey-swatches--stretch-labels"},"acf":[],"yoast_head":"<!-- This site is optimized with the Yoast SEO plugin v25.4 - https:\/\/yoast.com\/wordpress\/plugins\/seo\/ -->\n<title>LE CREUSET Molde redondo para pastel Tradition en hierro fundido 28 cm Garnet - dev6 Erresse<\/title>\n<meta name=\"description\" content=\"Crea deliciosas tartas, quiches y pasteles con nuestro molde redondo. Pr\u00e1ctico y elegante, sus paredes curvas a\u00f1aden un toque de personalidad a tus\" \/>\n<meta name=\"robots\" content=\"noindex, follow, max-snippet:-1, max-image-preview:large, max-video-preview:-1\" \/>\n<meta property=\"og:locale\" content=\"es_ES\" \/>\n<meta property=\"og:type\" content=\"article\" \/>\n<meta property=\"og:title\" content=\"LE CREUSET Molde redondo para pastel Tradition en hierro fundido 28 cm Garnet - dev6 Erresse\" \/>\n<meta property=\"og:description\" content=\"Crea deliciosas tartas, quiches y pasteles con nuestro molde redondo. Pr\u00e1ctico y elegante, sus paredes curvas a\u00f1aden un toque de personalidad a tus\" \/>\n<meta property=\"og:url\" content=\"https:\/\/dev6.erresse-shop.it\/es\/shop\/sartenes-y-ollas\/moldes-para-pasteles-y-creperas\/le-creuset-molde-redondo-para-pastel-tradition-en-hierro-fundido-28-cm-garnet\/\" \/>\n<meta property=\"og:site_name\" content=\"dev6 Erresse\" \/>\n<meta property=\"og:image\" content=\"https:\/\/interpim.erresse-shop.it\/Import\/Prodotti\/le-creuset-tortiera-rotonda-tradition-in-ghisa-28-cm-garnet.jpg\" \/><meta property=\"og:image\" content=\"https:\/\/interpim.erresse-shop.it\/Import\/Prodotti\/le-creuset-tortiera-rotonda-tradition-in-ghisa-28-cm-garnet.jpg\" \/>\n\t<meta property=\"og:image:width\" content=\"1024\" \/>\n\t<meta property=\"og:image:height\" content=\"1024\" \/>\n\t<meta property=\"og:image:type\" content=\"image\/jpeg\" \/>\n<meta name=\"twitter:card\" content=\"summary_large_image\" \/>\n<meta name=\"twitter:image\" content=\"https:\/\/interpim.erresse-shop.it\/Import\/Prodotti\/le-creuset-tortiera-rotonda-tradition-in-ghisa-28-cm-garnet.jpg\" \/>\n<script type=\"application\/ld+json\" class=\"yoast-schema-graph\">{\"@context\":\"https:\/\/schema.org\",\"@graph\":[{\"@type\":\"WebPage\",\"@id\":\"https:\/\/dev6.erresse-shop.it\/es\/shop\/sartenes-y-ollas\/moldes-para-pasteles-y-creperas\/le-creuset-molde-redondo-para-pastel-tradition-en-hierro-fundido-28-cm-garnet\/\",\"url\":\"https:\/\/dev6.erresse-shop.it\/es\/shop\/sartenes-y-ollas\/moldes-para-pasteles-y-creperas\/le-creuset-molde-redondo-para-pastel-tradition-en-hierro-fundido-28-cm-garnet\/\",\"name\":\"LE CREUSET Molde redondo para pastel Tradition en hierro fundido 28 cm Garnet - dev6 Erresse\",\"isPartOf\":{\"@id\":\"https:\/\/dev6.erresse-shop.it\/#website\"},\"primaryImageOfPage\":{\"@id\":\"https:\/\/dev6.erresse-shop.it\/es\/shop\/sartenes-y-ollas\/moldes-para-pasteles-y-creperas\/le-creuset-molde-redondo-para-pastel-tradition-en-hierro-fundido-28-cm-garnet\/#primaryimage\"},\"image\":{\"@id\":\"https:\/\/dev6.erresse-shop.it\/es\/shop\/sartenes-y-ollas\/moldes-para-pasteles-y-creperas\/le-creuset-molde-redondo-para-pastel-tradition-en-hierro-fundido-28-cm-garnet\/#primaryimage\"},\"thumbnailUrl\":\"https:\/\/i1.wp.com\/interpim.erresse-shop.it\/Import\/Prodotti\/le-creuset-tortiera-rotonda-tradition-in-ghisa-28-cm-garnet.jpg?ssl=1\",\"datePublished\":\"2026-04-04T11:42:19+00:00\",\"description\":\"Crea deliciosas tartas, quiches y pasteles con nuestro molde redondo. Pr\u00e1ctico y elegante, sus paredes curvas a\u00f1aden un toque de personalidad a tus\",\"breadcrumb\":{\"@id\":\"https:\/\/dev6.erresse-shop.it\/es\/shop\/sartenes-y-ollas\/moldes-para-pasteles-y-creperas\/le-creuset-molde-redondo-para-pastel-tradition-en-hierro-fundido-28-cm-garnet\/#breadcrumb\"},\"inLanguage\":\"es\",\"potentialAction\":[{\"@type\":\"ReadAction\",\"target\":[\"https:\/\/dev6.erresse-shop.it\/es\/shop\/sartenes-y-ollas\/moldes-para-pasteles-y-creperas\/le-creuset-molde-redondo-para-pastel-tradition-en-hierro-fundido-28-cm-garnet\/\"]}]},{\"@type\":\"ImageObject\",\"inLanguage\":\"es\",\"@id\":\"https:\/\/dev6.erresse-shop.it\/es\/shop\/sartenes-y-ollas\/moldes-para-pasteles-y-creperas\/le-creuset-molde-redondo-para-pastel-tradition-en-hierro-fundido-28-cm-garnet\/#primaryimage\",\"url\":\"https:\/\/i1.wp.com\/interpim.erresse-shop.it\/Import\/Prodotti\/le-creuset-tortiera-rotonda-tradition-in-ghisa-28-cm-garnet.jpg?ssl=1\",\"contentUrl\":\"https:\/\/i1.wp.com\/interpim.erresse-shop.it\/Import\/Prodotti\/le-creuset-tortiera-rotonda-tradition-in-ghisa-28-cm-garnet.jpg?ssl=1\"},{\"@type\":\"BreadcrumbList\",\"@id\":\"https:\/\/dev6.erresse-shop.it\/es\/shop\/sartenes-y-ollas\/moldes-para-pasteles-y-creperas\/le-creuset-molde-redondo-para-pastel-tradition-en-hierro-fundido-28-cm-garnet\/#breadcrumb\",\"itemListElement\":[{\"@type\":\"ListItem\",\"position\":1,\"name\":\"Home\",\"item\":\"https:\/\/dev6.erresse-shop.it\/\"},{\"@type\":\"ListItem\",\"position\":2,\"name\":\"Tienda\",\"item\":\"https:\/\/dev6.erresse-shop.it\/shop\/\"},{\"@type\":\"ListItem\",\"position\":3,\"name\":\"LE CREUSET Molde redondo para pastel Tradition en hierro fundido 28 cm Garnet\"}]},{\"@type\":\"WebSite\",\"@id\":\"https:\/\/dev6.erresse-shop.it\/#website\",\"url\":\"https:\/\/dev6.erresse-shop.it\/\",\"name\":\"Erresse Shop\",\"description\":\"\",\"publisher\":{\"@id\":\"https:\/\/dev6.erresse-shop.it\/#organization\"},\"potentialAction\":[{\"@type\":\"SearchAction\",\"target\":{\"@type\":\"EntryPoint\",\"urlTemplate\":\"https:\/\/dev6.erresse-shop.it\/?s={search_term_string}\"},\"query-input\":{\"@type\":\"PropertyValueSpecification\",\"valueRequired\":true,\"valueName\":\"search_term_string\"}}],\"inLanguage\":\"es\"},{\"@type\":\"Organization\",\"@id\":\"https:\/\/dev6.erresse-shop.it\/#organization\",\"name\":\"Erresse Shop\",\"url\":\"https:\/\/dev6.erresse-shop.it\/\",\"logo\":{\"@type\":\"ImageObject\",\"inLanguage\":\"es\",\"@id\":\"https:\/\/dev6.erresse-shop.it\/#\/schema\/logo\/image\/\",\"url\":\"https:\/\/dev6.erresse-shop.it\/wp-content\/uploads\/2025\/01\/LOGO-ERRESSE-CLASSICO.svg\",\"contentUrl\":\"https:\/\/dev6.erresse-shop.it\/wp-content\/uploads\/2025\/01\/LOGO-ERRESSE-CLASSICO.svg\",\"caption\":\"Erresse Shop\"},\"image\":{\"@id\":\"https:\/\/dev6.erresse-shop.it\/#\/schema\/logo\/image\/\"}}]}<\/script>\n<!-- \/ Yoast SEO plugin. -->","yoast_head_json":{"title":"LE CREUSET Molde redondo para pastel Tradition en hierro fundido 28 cm Garnet - dev6 Erresse","description":"Crea deliciosas tartas, quiches y pasteles con nuestro molde redondo. Pr\u00e1ctico y elegante, sus paredes curvas a\u00f1aden un toque de personalidad a tus","robots":{"index":"noindex","follow":"follow","max-snippet":"max-snippet:-1","max-image-preview":"max-image-preview:large","max-video-preview":"max-video-preview:-1"},"og_locale":"es_ES","og_type":"article","og_title":"LE CREUSET Molde redondo para pastel Tradition en hierro fundido 28 cm Garnet - dev6 Erresse","og_description":"Crea deliciosas tartas, quiches y pasteles con nuestro molde redondo. Pr\u00e1ctico y elegante, sus paredes curvas a\u00f1aden un toque de personalidad a tus","og_url":"https:\/\/dev6.erresse-shop.it\/es\/shop\/sartenes-y-ollas\/moldes-para-pasteles-y-creperas\/le-creuset-molde-redondo-para-pastel-tradition-en-hierro-fundido-28-cm-garnet\/","og_site_name":"dev6 Erresse","og_image":[{"url":"https:\/\/interpim.erresse-shop.it\/Import\/Prodotti\/le-creuset-tortiera-rotonda-tradition-in-ghisa-28-cm-garnet.jpg","type":"","width":"","height":""},{"url":"https:\/\/interpim.erresse-shop.it\/Import\/Prodotti\/le-creuset-tortiera-rotonda-tradition-in-ghisa-28-cm-garnet.jpg","width":1024,"height":1024,"type":"image\/jpeg"}],"twitter_card":"summary_large_image","twitter_image":"https:\/\/interpim.erresse-shop.it\/Import\/Prodotti\/le-creuset-tortiera-rotonda-tradition-in-ghisa-28-cm-garnet.jpg","schema":{"@context":"https:\/\/schema.org","@graph":[{"@type":"WebPage","@id":"https:\/\/dev6.erresse-shop.it\/es\/shop\/sartenes-y-ollas\/moldes-para-pasteles-y-creperas\/le-creuset-molde-redondo-para-pastel-tradition-en-hierro-fundido-28-cm-garnet\/","url":"https:\/\/dev6.erresse-shop.it\/es\/shop\/sartenes-y-ollas\/moldes-para-pasteles-y-creperas\/le-creuset-molde-redondo-para-pastel-tradition-en-hierro-fundido-28-cm-garnet\/","name":"LE CREUSET Molde redondo para pastel Tradition en hierro fundido 28 cm Garnet - dev6 Erresse","isPartOf":{"@id":"https:\/\/dev6.erresse-shop.it\/#website"},"primaryImageOfPage":{"@id":"https:\/\/dev6.erresse-shop.it\/es\/shop\/sartenes-y-ollas\/moldes-para-pasteles-y-creperas\/le-creuset-molde-redondo-para-pastel-tradition-en-hierro-fundido-28-cm-garnet\/#primaryimage"},"image":{"@id":"https:\/\/dev6.erresse-shop.it\/es\/shop\/sartenes-y-ollas\/moldes-para-pasteles-y-creperas\/le-creuset-molde-redondo-para-pastel-tradition-en-hierro-fundido-28-cm-garnet\/#primaryimage"},"thumbnailUrl":"https:\/\/i1.wp.com\/interpim.erresse-shop.it\/Import\/Prodotti\/le-creuset-tortiera-rotonda-tradition-in-ghisa-28-cm-garnet.jpg?ssl=1","datePublished":"2026-04-04T11:42:19+00:00","description":"Crea deliciosas tartas, quiches y pasteles con nuestro molde redondo. Pr\u00e1ctico y elegante, sus paredes curvas a\u00f1aden un toque de personalidad a tus","breadcrumb":{"@id":"https:\/\/dev6.erresse-shop.it\/es\/shop\/sartenes-y-ollas\/moldes-para-pasteles-y-creperas\/le-creuset-molde-redondo-para-pastel-tradition-en-hierro-fundido-28-cm-garnet\/#breadcrumb"},"inLanguage":"es","potentialAction":[{"@type":"ReadAction","target":["https:\/\/dev6.erresse-shop.it\/es\/shop\/sartenes-y-ollas\/moldes-para-pasteles-y-creperas\/le-creuset-molde-redondo-para-pastel-tradition-en-hierro-fundido-28-cm-garnet\/"]}]},{"@type":"ImageObject","inLanguage":"es","@id":"https:\/\/dev6.erresse-shop.it\/es\/shop\/sartenes-y-ollas\/moldes-para-pasteles-y-creperas\/le-creuset-molde-redondo-para-pastel-tradition-en-hierro-fundido-28-cm-garnet\/#primaryimage","url":"https:\/\/i1.wp.com\/interpim.erresse-shop.it\/Import\/Prodotti\/le-creuset-tortiera-rotonda-tradition-in-ghisa-28-cm-garnet.jpg?ssl=1","contentUrl":"https:\/\/i1.wp.com\/interpim.erresse-shop.it\/Import\/Prodotti\/le-creuset-tortiera-rotonda-tradition-in-ghisa-28-cm-garnet.jpg?ssl=1"},{"@type":"BreadcrumbList","@id":"https:\/\/dev6.erresse-shop.it\/es\/shop\/sartenes-y-ollas\/moldes-para-pasteles-y-creperas\/le-creuset-molde-redondo-para-pastel-tradition-en-hierro-fundido-28-cm-garnet\/#breadcrumb","itemListElement":[{"@type":"ListItem","position":1,"name":"Home","item":"https:\/\/dev6.erresse-shop.it\/"},{"@type":"ListItem","position":2,"name":"Tienda","item":"https:\/\/dev6.erresse-shop.it\/shop\/"},{"@type":"ListItem","position":3,"name":"LE CREUSET Molde redondo para pastel Tradition en hierro fundido 28 cm Garnet"}]},{"@type":"WebSite","@id":"https:\/\/dev6.erresse-shop.it\/#website","url":"https:\/\/dev6.erresse-shop.it\/","name":"Erresse Shop","description":"","publisher":{"@id":"https:\/\/dev6.erresse-shop.it\/#organization"},"potentialAction":[{"@type":"SearchAction","target":{"@type":"EntryPoint","urlTemplate":"https:\/\/dev6.erresse-shop.it\/?s={search_term_string}"},"query-input":{"@type":"PropertyValueSpecification","valueRequired":true,"valueName":"search_term_string"}}],"inLanguage":"es"},{"@type":"Organization","@id":"https:\/\/dev6.erresse-shop.it\/#organization","name":"Erresse Shop","url":"https:\/\/dev6.erresse-shop.it\/","logo":{"@type":"ImageObject","inLanguage":"es","@id":"https:\/\/dev6.erresse-shop.it\/#\/schema\/logo\/image\/","url":"https:\/\/dev6.erresse-shop.it\/wp-content\/uploads\/2025\/01\/LOGO-ERRESSE-CLASSICO.svg","contentUrl":"https:\/\/dev6.erresse-shop.it\/wp-content\/uploads\/2025\/01\/LOGO-ERRESSE-CLASSICO.svg","caption":"Erresse Shop"},"image":{"@id":"https:\/\/dev6.erresse-shop.it\/#\/schema\/logo\/image\/"}}]}},"df_price":55,"df_sale_price":"","df_regular_price":55,"df_image_link":"https:\/\/i1.wp.com\/interpim.erresse-shop.it\/Import\/Prodotti\/le-creuset-tortiera-rotonda-tradition-in-ghisa-28-cm-garnet.jpg?resize=300,300&ssl=1","fifu_image_url":"https:\/\/interpim.erresse-shop.it\/Import\/Prodotti\/le-creuset-tortiera-rotonda-tradition-in-ghisa-28-cm-garnet.jpg","_links":{"self":[{"href":"https:\/\/dev6.erresse-shop.it\/es\/wp-json\/wp\/v2\/product\/1884243","targetHints":{"allow":["GET"]}}],"collection":[{"href":"https:\/\/dev6.erresse-shop.it\/es\/wp-json\/wp\/v2\/product"}],"about":[{"href":"https:\/\/dev6.erresse-shop.it\/es\/wp-json\/wp\/v2\/types\/product"}],"wp:featuredmedia":[{"embeddable":true,"href":"https:\/\/dev6.erresse-shop.it\/es\/wp-json\/wp\/v2\/media\/6294937"}],"wp:attachment":[{"href":"https:\/\/dev6.erresse-shop.it\/es\/wp-json\/wp\/v2\/media?parent=1884243"}],"wp:term":[{"taxonomy":"product_cat","embeddable":true,"href":"https:\/\/dev6.erresse-shop.it\/es\/wp-json\/wp\/v2\/product_cat?post=1884243"},{"taxonomy":"product_tag","embeddable":true,"href":"https:\/\/dev6.erresse-shop.it\/es\/wp-json\/wp\/v2\/product_tag?post=1884243"}],"curies":[{"name":"wp","href":"https:\/\/api.w.org\/{rel}","templated":true}]}}