{"id":1884217,"date":"2026-04-04T13:39:38","date_gmt":"2026-04-04T11:39:38","guid":{"rendered":"https:\/\/dev6.erresse-shop.it\/shop\/sin%20categor\u00eda\/le-creuset-amour-sarten-baja-de-hierro-fundido-en-forma-de-corazon-20-cm-cereza\/"},"modified":"2025-09-14T10:36:06","modified_gmt":"2025-09-14T08:36:06","slug":"le-creuset-amour-sarten-baja-de-hierro-fundido-en-forma-de-corazon-20-cm-cereza","status":"publish","type":"product","link":"https:\/\/dev6.erresse-shop.it\/es\/shop\/sartenes-y-ollas\/cazuelas\/le-creuset-amour-sarten-baja-de-hierro-fundido-en-forma-de-corazon-20-cm-cereza\/","title":{"rendered":"LE CREUSET Amour Sart\u00e9n baja de hierro fundido en forma de coraz\u00f3n 20 cm Cereza"},"content":{"rendered":"<p>Desde guisos reconfortantes hasta panes planos ligeros, esta Cocotte con forma de coraz\u00f3n lo hace todo. Fabricada en hierro fundido esmaltado de primera calidad y con un pomo en forma de coraz\u00f3n, esta pieza esencial de la cocina puede usarse tanto en la cocina como en el horno y a\u00f1adir\u00e1 un toque rom\u00e1ntico a cualquier mesa.<\/p>\n<p>Detalles del producto:<\/p>\n<p>Nuestro pomo resistente al calor (hasta 260 \u00b0C) est\u00e1 dise\u00f1ado para garantizar un agarre excelente, incluso al usar una agarradera para levantar la tapa.<br \/>\nLimpieza r\u00e1pida: una fina capa interna de esmalte facilita la limpieza.<br \/>\nUna aut\u00e9ntica herramienta de trabajo: apta para horno, vitrocer\u00e1mica, inducci\u00f3n o grill.<br \/>\nSabores excelentes: el hierro fundido esmaltado retiene el calor para una cocci\u00f3n y un dorado uniformes. Tus deliciosas creaciones se mantendr\u00e1n calientes por m\u00e1s tiempo, incluso en la mesa.<br \/>\nConserva el sabor: Nuestra tapa retiene el vapor generado al cocinar los alimentos y realza los sabores, para obtener resultados extraordinarios.<br \/>\nF\u00e1cil agarre: Las elegantes y c\u00f3modas asas te permiten levantar el producto con seguridad.<br \/>\nNo demasiado caliente: Cocina a fuego constante, de bajo a medio, para cuidar tu producto de hierro fundido y lograr resultados deliciosos.<br \/>\nEl mejor en su clase: Nuestros productos est\u00e1n fabricados con los mejores materiales para garantizar la m\u00e1xima calidad.<\/p>\n<p>Material: Hierro fundido<br \/>\nHecho en: Francia<br \/>\nGarant\u00eda: De por vida<\/p>\n<p>Fuente de calor:<\/p>\n<p>Horno<br \/>\nHorno con modo grill<br \/>\nPlaca el\u00e9ctrica<br \/>\nVidrio Cer\u00e1mica<br \/>\nPlaca de gas<br \/>\nPlaca de inducci\u00f3n<\/p>\n<p>Limpieza y cuidado:<\/p>\n<p>Espere a que el producto se enfr\u00ede antes de empezar a limpiarlo.<br \/>\nLimpie cualquier resto de comida de la base y los laterales. Si hay restos de comida pegados, ll\u00e9nelo con agua caliente jabonosa y d\u00e9jelo en remojo de 15 a 20 minutos antes de lavarlo como de costumbre.<br \/>\nNo utilice limpiadores abrasivos ni esponjas o cepillos met\u00e1licos, abrasivos o muy duros en ninguna de las superficies.<br \/>\nSeque bien despu\u00e9s del lavado y gu\u00e1rdelo en un lugar seco.<\/p>\n","protected":false},"excerpt":{"rendered":"<p>Desde guisos reconfortantes hasta panes planos ligeros, esta Cocotte con forma de coraz\u00f3n lo hace todo. Fabricada en hierro fundido esmaltado de primera calidad y con un pomo en forma de coraz\u00f3n, esta pieza esencial de la cocina puede usarse tanto en la cocina como en el horno y a\u00f1adir\u00e1 un toque rom\u00e1ntico a cualquier [&hellip;]<\/p>\n","protected":false},"featured_media":6294802,"template":"","meta":{"_acf_changed":false},"product_cat":[11904,11883],"product_tag":[],"class_list":{"0":"post-1884217","1":"product","2":"type-product","3":"status-publish","4":"has-post-thumbnail","6":"product_cat-cazuelas","7":"product_cat-sartenes-y-ollas","9":"first","10":"instock","11":"sale","12":"taxable","13":"shipping-taxable","14":"purchasable","15":"product-type-simple","swatches":"rey-swatches","show_selected":"","stretch_labels":"rey-swatches--stretch-labels"},"acf":[],"yoast_head":"<!-- This site is optimized with the Yoast SEO plugin v25.4 - https:\/\/yoast.com\/wordpress\/plugins\/seo\/ -->\n<title>LE CREUSET Amour Sart\u00e9n baja de hierro fundido en forma de coraz\u00f3n 20 cm Cereza - dev6 Erresse<\/title>\n<meta name=\"description\" content=\"Desde guisos reconfortantes hasta panes planos ligeros, esta Cocotte con forma de coraz\u00f3n lo hace todo. Fabricada en hierro fundido esmaltado de primera\" \/>\n<meta name=\"robots\" content=\"noindex, follow, max-snippet:-1, max-image-preview:large, max-video-preview:-1\" \/>\n<meta property=\"og:locale\" content=\"es_ES\" \/>\n<meta property=\"og:type\" content=\"article\" \/>\n<meta property=\"og:title\" content=\"LE CREUSET Amour Sart\u00e9n baja de hierro fundido en forma de coraz\u00f3n 20 cm Cereza - dev6 Erresse\" \/>\n<meta property=\"og:description\" content=\"Desde guisos reconfortantes hasta panes planos ligeros, esta Cocotte con forma de coraz\u00f3n lo hace todo. Fabricada en hierro fundido esmaltado de primera\" \/>\n<meta property=\"og:url\" content=\"https:\/\/dev6.erresse-shop.it\/es\/shop\/sartenes-y-ollas\/cazuelas\/le-creuset-amour-sarten-baja-de-hierro-fundido-en-forma-de-corazon-20-cm-cereza\/\" \/>\n<meta property=\"og:site_name\" content=\"dev6 Erresse\" \/>\n<meta property=\"og:image\" content=\"https:\/\/interpim.erresse-shop.it\/Import\/Prodotti\/le-creuset-amour-tegame-basso-a-cuore-in-ghisa-20-cm-ciliegia.jpg\" \/><meta property=\"og:image\" content=\"https:\/\/interpim.erresse-shop.it\/Import\/Prodotti\/le-creuset-amour-tegame-basso-a-cuore-in-ghisa-20-cm-ciliegia.jpg\" \/>\n\t<meta property=\"og:image:width\" content=\"1024\" \/>\n\t<meta property=\"og:image:height\" content=\"1024\" \/>\n\t<meta property=\"og:image:type\" content=\"image\/jpeg\" \/>\n<meta name=\"twitter:card\" content=\"summary_large_image\" \/>\n<meta name=\"twitter:image\" content=\"https:\/\/interpim.erresse-shop.it\/Import\/Prodotti\/le-creuset-amour-tegame-basso-a-cuore-in-ghisa-20-cm-ciliegia.jpg\" \/>\n<script type=\"application\/ld+json\" class=\"yoast-schema-graph\">{\"@context\":\"https:\/\/schema.org\",\"@graph\":[{\"@type\":\"WebPage\",\"@id\":\"https:\/\/dev6.erresse-shop.it\/es\/shop\/sartenes-y-ollas\/cazuelas\/le-creuset-amour-sarten-baja-de-hierro-fundido-en-forma-de-corazon-20-cm-cereza\/\",\"url\":\"https:\/\/dev6.erresse-shop.it\/es\/shop\/sartenes-y-ollas\/cazuelas\/le-creuset-amour-sarten-baja-de-hierro-fundido-en-forma-de-corazon-20-cm-cereza\/\",\"name\":\"LE CREUSET Amour Sart\u00e9n baja de hierro fundido en forma de coraz\u00f3n 20 cm Cereza - dev6 Erresse\",\"isPartOf\":{\"@id\":\"https:\/\/dev6.erresse-shop.it\/#website\"},\"primaryImageOfPage\":{\"@id\":\"https:\/\/dev6.erresse-shop.it\/es\/shop\/sartenes-y-ollas\/cazuelas\/le-creuset-amour-sarten-baja-de-hierro-fundido-en-forma-de-corazon-20-cm-cereza\/#primaryimage\"},\"image\":{\"@id\":\"https:\/\/dev6.erresse-shop.it\/es\/shop\/sartenes-y-ollas\/cazuelas\/le-creuset-amour-sarten-baja-de-hierro-fundido-en-forma-de-corazon-20-cm-cereza\/#primaryimage\"},\"thumbnailUrl\":\"https:\/\/i0.wp.com\/interpim.erresse-shop.it\/Import\/Prodotti\/le-creuset-amour-tegame-basso-a-cuore-in-ghisa-20-cm-ciliegia.jpg?ssl=1\",\"datePublished\":\"2026-04-04T11:39:38+00:00\",\"description\":\"Desde guisos reconfortantes hasta panes planos ligeros, esta Cocotte con forma de coraz\u00f3n lo hace todo. Fabricada en hierro fundido esmaltado de primera\",\"breadcrumb\":{\"@id\":\"https:\/\/dev6.erresse-shop.it\/es\/shop\/sartenes-y-ollas\/cazuelas\/le-creuset-amour-sarten-baja-de-hierro-fundido-en-forma-de-corazon-20-cm-cereza\/#breadcrumb\"},\"inLanguage\":\"es\",\"potentialAction\":[{\"@type\":\"ReadAction\",\"target\":[\"https:\/\/dev6.erresse-shop.it\/es\/shop\/sartenes-y-ollas\/cazuelas\/le-creuset-amour-sarten-baja-de-hierro-fundido-en-forma-de-corazon-20-cm-cereza\/\"]}]},{\"@type\":\"ImageObject\",\"inLanguage\":\"es\",\"@id\":\"https:\/\/dev6.erresse-shop.it\/es\/shop\/sartenes-y-ollas\/cazuelas\/le-creuset-amour-sarten-baja-de-hierro-fundido-en-forma-de-corazon-20-cm-cereza\/#primaryimage\",\"url\":\"https:\/\/i0.wp.com\/interpim.erresse-shop.it\/Import\/Prodotti\/le-creuset-amour-tegame-basso-a-cuore-in-ghisa-20-cm-ciliegia.jpg?ssl=1\",\"contentUrl\":\"https:\/\/i0.wp.com\/interpim.erresse-shop.it\/Import\/Prodotti\/le-creuset-amour-tegame-basso-a-cuore-in-ghisa-20-cm-ciliegia.jpg?ssl=1\"},{\"@type\":\"BreadcrumbList\",\"@id\":\"https:\/\/dev6.erresse-shop.it\/es\/shop\/sartenes-y-ollas\/cazuelas\/le-creuset-amour-sarten-baja-de-hierro-fundido-en-forma-de-corazon-20-cm-cereza\/#breadcrumb\",\"itemListElement\":[{\"@type\":\"ListItem\",\"position\":1,\"name\":\"Home\",\"item\":\"https:\/\/dev6.erresse-shop.it\/\"},{\"@type\":\"ListItem\",\"position\":2,\"name\":\"Tienda\",\"item\":\"https:\/\/dev6.erresse-shop.it\/shop\/\"},{\"@type\":\"ListItem\",\"position\":3,\"name\":\"LE CREUSET Amour Sart\u00e9n baja de hierro fundido en forma de coraz\u00f3n 20 cm Cereza\"}]},{\"@type\":\"WebSite\",\"@id\":\"https:\/\/dev6.erresse-shop.it\/#website\",\"url\":\"https:\/\/dev6.erresse-shop.it\/\",\"name\":\"Erresse Shop\",\"description\":\"\",\"publisher\":{\"@id\":\"https:\/\/dev6.erresse-shop.it\/#organization\"},\"potentialAction\":[{\"@type\":\"SearchAction\",\"target\":{\"@type\":\"EntryPoint\",\"urlTemplate\":\"https:\/\/dev6.erresse-shop.it\/?s={search_term_string}\"},\"query-input\":{\"@type\":\"PropertyValueSpecification\",\"valueRequired\":true,\"valueName\":\"search_term_string\"}}],\"inLanguage\":\"es\"},{\"@type\":\"Organization\",\"@id\":\"https:\/\/dev6.erresse-shop.it\/#organization\",\"name\":\"Erresse Shop\",\"url\":\"https:\/\/dev6.erresse-shop.it\/\",\"logo\":{\"@type\":\"ImageObject\",\"inLanguage\":\"es\",\"@id\":\"https:\/\/dev6.erresse-shop.it\/#\/schema\/logo\/image\/\",\"url\":\"https:\/\/dev6.erresse-shop.it\/wp-content\/uploads\/2025\/01\/LOGO-ERRESSE-CLASSICO.svg\",\"contentUrl\":\"https:\/\/dev6.erresse-shop.it\/wp-content\/uploads\/2025\/01\/LOGO-ERRESSE-CLASSICO.svg\",\"caption\":\"Erresse Shop\"},\"image\":{\"@id\":\"https:\/\/dev6.erresse-shop.it\/#\/schema\/logo\/image\/\"}}]}<\/script>\n<!-- \/ Yoast SEO plugin. -->","yoast_head_json":{"title":"LE CREUSET Amour Sart\u00e9n baja de hierro fundido en forma de coraz\u00f3n 20 cm Cereza - dev6 Erresse","description":"Desde guisos reconfortantes hasta panes planos ligeros, esta Cocotte con forma de coraz\u00f3n lo hace todo. Fabricada en hierro fundido esmaltado de primera","robots":{"index":"noindex","follow":"follow","max-snippet":"max-snippet:-1","max-image-preview":"max-image-preview:large","max-video-preview":"max-video-preview:-1"},"og_locale":"es_ES","og_type":"article","og_title":"LE CREUSET Amour Sart\u00e9n baja de hierro fundido en forma de coraz\u00f3n 20 cm Cereza - dev6 Erresse","og_description":"Desde guisos reconfortantes hasta panes planos ligeros, esta Cocotte con forma de coraz\u00f3n lo hace todo. Fabricada en hierro fundido esmaltado de primera","og_url":"https:\/\/dev6.erresse-shop.it\/es\/shop\/sartenes-y-ollas\/cazuelas\/le-creuset-amour-sarten-baja-de-hierro-fundido-en-forma-de-corazon-20-cm-cereza\/","og_site_name":"dev6 Erresse","og_image":[{"url":"https:\/\/interpim.erresse-shop.it\/Import\/Prodotti\/le-creuset-amour-tegame-basso-a-cuore-in-ghisa-20-cm-ciliegia.jpg","type":"","width":"","height":""},{"url":"https:\/\/interpim.erresse-shop.it\/Import\/Prodotti\/le-creuset-amour-tegame-basso-a-cuore-in-ghisa-20-cm-ciliegia.jpg","width":1024,"height":1024,"type":"image\/jpeg"}],"twitter_card":"summary_large_image","twitter_image":"https:\/\/interpim.erresse-shop.it\/Import\/Prodotti\/le-creuset-amour-tegame-basso-a-cuore-in-ghisa-20-cm-ciliegia.jpg","schema":{"@context":"https:\/\/schema.org","@graph":[{"@type":"WebPage","@id":"https:\/\/dev6.erresse-shop.it\/es\/shop\/sartenes-y-ollas\/cazuelas\/le-creuset-amour-sarten-baja-de-hierro-fundido-en-forma-de-corazon-20-cm-cereza\/","url":"https:\/\/dev6.erresse-shop.it\/es\/shop\/sartenes-y-ollas\/cazuelas\/le-creuset-amour-sarten-baja-de-hierro-fundido-en-forma-de-corazon-20-cm-cereza\/","name":"LE CREUSET Amour Sart\u00e9n baja de hierro fundido en forma de coraz\u00f3n 20 cm Cereza - dev6 Erresse","isPartOf":{"@id":"https:\/\/dev6.erresse-shop.it\/#website"},"primaryImageOfPage":{"@id":"https:\/\/dev6.erresse-shop.it\/es\/shop\/sartenes-y-ollas\/cazuelas\/le-creuset-amour-sarten-baja-de-hierro-fundido-en-forma-de-corazon-20-cm-cereza\/#primaryimage"},"image":{"@id":"https:\/\/dev6.erresse-shop.it\/es\/shop\/sartenes-y-ollas\/cazuelas\/le-creuset-amour-sarten-baja-de-hierro-fundido-en-forma-de-corazon-20-cm-cereza\/#primaryimage"},"thumbnailUrl":"https:\/\/i0.wp.com\/interpim.erresse-shop.it\/Import\/Prodotti\/le-creuset-amour-tegame-basso-a-cuore-in-ghisa-20-cm-ciliegia.jpg?ssl=1","datePublished":"2026-04-04T11:39:38+00:00","description":"Desde guisos reconfortantes hasta panes planos ligeros, esta Cocotte con forma de coraz\u00f3n lo hace todo. Fabricada en hierro fundido esmaltado de primera","breadcrumb":{"@id":"https:\/\/dev6.erresse-shop.it\/es\/shop\/sartenes-y-ollas\/cazuelas\/le-creuset-amour-sarten-baja-de-hierro-fundido-en-forma-de-corazon-20-cm-cereza\/#breadcrumb"},"inLanguage":"es","potentialAction":[{"@type":"ReadAction","target":["https:\/\/dev6.erresse-shop.it\/es\/shop\/sartenes-y-ollas\/cazuelas\/le-creuset-amour-sarten-baja-de-hierro-fundido-en-forma-de-corazon-20-cm-cereza\/"]}]},{"@type":"ImageObject","inLanguage":"es","@id":"https:\/\/dev6.erresse-shop.it\/es\/shop\/sartenes-y-ollas\/cazuelas\/le-creuset-amour-sarten-baja-de-hierro-fundido-en-forma-de-corazon-20-cm-cereza\/#primaryimage","url":"https:\/\/i0.wp.com\/interpim.erresse-shop.it\/Import\/Prodotti\/le-creuset-amour-tegame-basso-a-cuore-in-ghisa-20-cm-ciliegia.jpg?ssl=1","contentUrl":"https:\/\/i0.wp.com\/interpim.erresse-shop.it\/Import\/Prodotti\/le-creuset-amour-tegame-basso-a-cuore-in-ghisa-20-cm-ciliegia.jpg?ssl=1"},{"@type":"BreadcrumbList","@id":"https:\/\/dev6.erresse-shop.it\/es\/shop\/sartenes-y-ollas\/cazuelas\/le-creuset-amour-sarten-baja-de-hierro-fundido-en-forma-de-corazon-20-cm-cereza\/#breadcrumb","itemListElement":[{"@type":"ListItem","position":1,"name":"Home","item":"https:\/\/dev6.erresse-shop.it\/"},{"@type":"ListItem","position":2,"name":"Tienda","item":"https:\/\/dev6.erresse-shop.it\/shop\/"},{"@type":"ListItem","position":3,"name":"LE CREUSET Amour Sart\u00e9n baja de hierro fundido en forma de coraz\u00f3n 20 cm Cereza"}]},{"@type":"WebSite","@id":"https:\/\/dev6.erresse-shop.it\/#website","url":"https:\/\/dev6.erresse-shop.it\/","name":"Erresse Shop","description":"","publisher":{"@id":"https:\/\/dev6.erresse-shop.it\/#organization"},"potentialAction":[{"@type":"SearchAction","target":{"@type":"EntryPoint","urlTemplate":"https:\/\/dev6.erresse-shop.it\/?s={search_term_string}"},"query-input":{"@type":"PropertyValueSpecification","valueRequired":true,"valueName":"search_term_string"}}],"inLanguage":"es"},{"@type":"Organization","@id":"https:\/\/dev6.erresse-shop.it\/#organization","name":"Erresse Shop","url":"https:\/\/dev6.erresse-shop.it\/","logo":{"@type":"ImageObject","inLanguage":"es","@id":"https:\/\/dev6.erresse-shop.it\/#\/schema\/logo\/image\/","url":"https:\/\/dev6.erresse-shop.it\/wp-content\/uploads\/2025\/01\/LOGO-ERRESSE-CLASSICO.svg","contentUrl":"https:\/\/dev6.erresse-shop.it\/wp-content\/uploads\/2025\/01\/LOGO-ERRESSE-CLASSICO.svg","caption":"Erresse Shop"},"image":{"@id":"https:\/\/dev6.erresse-shop.it\/#\/schema\/logo\/image\/"}}]}},"df_price":149.95,"df_sale_price":149.95,"df_regular_price":215,"df_image_link":"https:\/\/i0.wp.com\/interpim.erresse-shop.it\/Import\/Prodotti\/le-creuset-amour-tegame-basso-a-cuore-in-ghisa-20-cm-ciliegia.jpg?resize=300,300&ssl=1","fifu_image_url":"https:\/\/interpim.erresse-shop.it\/Import\/Prodotti\/le-creuset-amour-tegame-basso-a-cuore-in-ghisa-20-cm-ciliegia.jpg","_links":{"self":[{"href":"https:\/\/dev6.erresse-shop.it\/es\/wp-json\/wp\/v2\/product\/1884217","targetHints":{"allow":["GET"]}}],"collection":[{"href":"https:\/\/dev6.erresse-shop.it\/es\/wp-json\/wp\/v2\/product"}],"about":[{"href":"https:\/\/dev6.erresse-shop.it\/es\/wp-json\/wp\/v2\/types\/product"}],"wp:featuredmedia":[{"embeddable":true,"href":"https:\/\/dev6.erresse-shop.it\/es\/wp-json\/wp\/v2\/media\/6294802"}],"wp:attachment":[{"href":"https:\/\/dev6.erresse-shop.it\/es\/wp-json\/wp\/v2\/media?parent=1884217"}],"wp:term":[{"taxonomy":"product_cat","embeddable":true,"href":"https:\/\/dev6.erresse-shop.it\/es\/wp-json\/wp\/v2\/product_cat?post=1884217"},{"taxonomy":"product_tag","embeddable":true,"href":"https:\/\/dev6.erresse-shop.it\/es\/wp-json\/wp\/v2\/product_tag?post=1884217"}],"curies":[{"name":"wp","href":"https:\/\/api.w.org\/{rel}","templated":true}]}}