{"id":1884207,"date":"2026-04-04T13:39:38","date_gmt":"2026-04-04T11:39:38","guid":{"rendered":"https:\/\/dev6.erresse-shop.it\/shop\/sin%20categor\u00eda\/le-creuset-cocotte-para-pan-de-hierro-fundido-24-cm-sea-salt\/"},"modified":"2025-09-14T10:35:41","modified_gmt":"2025-09-14T08:35:41","slug":"le-creuset-cocotte-para-pan-de-hierro-fundido-24-cm-sea-salt","status":"publish","type":"product","link":"https:\/\/dev6.erresse-shop.it\/es\/shop\/sartenes-y-ollas\/ollas-y-bandejas-de-horno\/le-creuset-cocotte-para-pan-de-hierro-fundido-24-cm-sea-salt\/","title":{"rendered":"LE CREUSET Cocotte para Pan de Hierro Fundido 24 cm Sea Salt"},"content":{"rendered":"<p>Hornear un pan perfecto en tu propia casa nunca hab\u00eda sido tan f\u00e1cil. Fabricado con nuestro legendario hierro fundido para una perfecta distribuci\u00f3n del calor, esta Cocotte para pan especialmente dise\u00f1ada para ofrecer resultados excepcionales. La tapa abovedada retiene el vapor, que circula en su interior para que la masa levante al m\u00e1ximo y desarrolle todo el sabor, mientras que la base de bajo perfil favorece un tueste uniforme con una corteza dorada y crujiente que muestra los inconfundibles tres anillos de nuestra marca. Con esmalte negro mate en su interior, y el pomo y las asas de dise\u00f1o ergon\u00f3mico, la Cocotte para pan de Le Creuset te permite obtener hogazas profesionales sin esfuerzo en tu propia casa.<\/p>\n<p>C\u00f3modo de usar: el pomo resistente al calor (hasta 260 \u00baC) se ha dise\u00f1ado para un mejor agarre al levantar la tapa, incluso usando guantes de horno.<br \/>\nAsas pr\u00e1cticas: gracias a sus asas de gran tama\u00f1o, puedes trasladarlo f\u00e1cilmente del fog\u00f3n al horno o a la mesa, aun con guantes protectores.<br \/>\nExcelente sabor: la construcci\u00f3n en hierro fundido conserva el calor para cocinar y dorar de manera uniforme. Tus deliciosas elaboraciones culinarias se mantendr\u00e1n calientes en la mesa durante m\u00e1s tiempo.<br \/>\nAgarre f\u00e1cil: las asas c\u00f3modas y elegantes permiten levantarlo sin riesgos.<br \/>\nNo calentar en exceso: cocina a fuego medio o bajo constante para cuidar mejor el hierro fundido y disfrutar de excelentes resultados.<br \/>\nLo mejor en su clase: fabricamos nuestros productos con los mejores materiales en instalaciones de todo el mundo para garantizar la calidad que esperas de Le Creuset.<\/p>\n<p>Material: Hierro Fundido Esmaltado<br \/>\nFabricado en: Francia<br \/>\nGarant\u00eda: Garant\u00eda de por Vida<\/p>\n<p>Fuente de calor:<\/p>\n<p>Parrilla<br \/>\nHorno<br \/>\nPlaca el\u00e9ctrica<br \/>\nVitrocer\u00e1mica<br \/>\nGas<br \/>\nPlaca de inducci\u00f3n<\/p>\n<p>Limpieza:<\/p>\n<p>Espera que el producto se enfr\u00ede antes de empezar a limpiarlo.<br \/>\nRetira cualquier resto de la base y los laterales del producto con un pa\u00f1o o servilleta. Si hay comida pegada, llena el producto con agua tibia y jab\u00f3n, deja que se reblandezca durante 15 o 20 minutos, y l\u00e1valo como de costumbre.<br \/>\nNo utilices agentes de limpieza abrasivos ni estropajos de metal, cepillos o escobillas duras sobre ninguna de las superficies.<br \/>\nS\u00e9calo bien tras el lavado y gu\u00e1rdalo en lugar seco.<\/p>\n","protected":false},"excerpt":{"rendered":"<p>Hornear un pan perfecto en tu propia casa nunca hab\u00eda sido tan f\u00e1cil. Fabricado con nuestro legendario hierro fundido para una perfecta distribuci\u00f3n del calor, esta Cocotte para pan especialmente dise\u00f1ada para ofrecer resultados excepcionales. La tapa abovedada retiene el vapor, que circula en su interior para que la masa levante al m\u00e1ximo y desarrolle [&hellip;]<\/p>\n","protected":false},"featured_media":6294737,"template":"","meta":{"_acf_changed":false},"product_cat":[11942,11883],"product_tag":[],"class_list":{"0":"post-1884207","1":"product","2":"type-product","3":"status-publish","4":"has-post-thumbnail","6":"product_cat-ollas-y-bandejas-de-horno","7":"product_cat-sartenes-y-ollas","9":"first","10":"instock","11":"sale","12":"taxable","13":"shipping-taxable","14":"purchasable","15":"product-type-simple","swatches":"rey-swatches","show_selected":"","stretch_labels":"rey-swatches--stretch-labels"},"acf":[],"yoast_head":"<!-- This site is optimized with the Yoast SEO plugin v25.4 - https:\/\/yoast.com\/wordpress\/plugins\/seo\/ -->\n<title>LE CREUSET Cocotte para Pan de Hierro Fundido 24 cm Sea Salt - dev6 Erresse<\/title>\n<meta name=\"description\" content=\"Hornear un pan perfecto en tu propia casa nunca hab\u00eda sido tan f\u00e1cil. Fabricado con nuestro legendario hierro fundido para una perfecta distribuci\u00f3n del\" \/>\n<meta name=\"robots\" content=\"noindex, follow, max-snippet:-1, max-image-preview:large, max-video-preview:-1\" \/>\n<meta property=\"og:locale\" content=\"es_ES\" \/>\n<meta property=\"og:type\" content=\"article\" \/>\n<meta property=\"og:title\" content=\"LE CREUSET Cocotte para Pan de Hierro Fundido 24 cm Sea Salt - dev6 Erresse\" \/>\n<meta property=\"og:description\" content=\"Hornear un pan perfecto en tu propia casa nunca hab\u00eda sido tan f\u00e1cil. Fabricado con nuestro legendario hierro fundido para una perfecta distribuci\u00f3n del\" \/>\n<meta property=\"og:url\" content=\"https:\/\/dev6.erresse-shop.it\/es\/shop\/sartenes-y-ollas\/ollas-y-bandejas-de-horno\/le-creuset-cocotte-para-pan-de-hierro-fundido-24-cm-sea-salt\/\" \/>\n<meta property=\"og:site_name\" content=\"dev6 Erresse\" \/>\n<meta property=\"og:image\" content=\"https:\/\/interpim.erresse-shop.it\/wp-content\/uploads\/2025\/03\/LE-CREUSET-Cocotte-per-Pane-24-cm-Sea-Salt.jpg\/le-creuset-cocotte-per-pane-24-cm-sea-salt.jpg\" \/><meta property=\"og:image\" content=\"https:\/\/interpim.erresse-shop.it\/wp-content\/uploads\/2025\/03\/LE-CREUSET-Cocotte-per-Pane-24-cm-Sea-Salt.jpg\/le-creuset-cocotte-per-pane-24-cm-sea-salt.jpg\" \/>\n\t<meta property=\"og:image:width\" content=\"1024\" \/>\n\t<meta property=\"og:image:height\" content=\"1024\" \/>\n\t<meta property=\"og:image:type\" content=\"image\/jpeg\" \/>\n<meta name=\"twitter:card\" content=\"summary_large_image\" \/>\n<meta name=\"twitter:image\" content=\"https:\/\/interpim.erresse-shop.it\/wp-content\/uploads\/2025\/03\/LE-CREUSET-Cocotte-per-Pane-24-cm-Sea-Salt.jpg\/le-creuset-cocotte-per-pane-24-cm-sea-salt.jpg\" \/>\n<script type=\"application\/ld+json\" class=\"yoast-schema-graph\">{\"@context\":\"https:\/\/schema.org\",\"@graph\":[{\"@type\":\"WebPage\",\"@id\":\"https:\/\/dev6.erresse-shop.it\/es\/shop\/sartenes-y-ollas\/ollas-y-bandejas-de-horno\/le-creuset-cocotte-para-pan-de-hierro-fundido-24-cm-sea-salt\/\",\"url\":\"https:\/\/dev6.erresse-shop.it\/es\/shop\/sartenes-y-ollas\/ollas-y-bandejas-de-horno\/le-creuset-cocotte-para-pan-de-hierro-fundido-24-cm-sea-salt\/\",\"name\":\"LE CREUSET Cocotte para Pan de Hierro Fundido 24 cm Sea Salt - dev6 Erresse\",\"isPartOf\":{\"@id\":\"https:\/\/dev6.erresse-shop.it\/#website\"},\"primaryImageOfPage\":{\"@id\":\"https:\/\/dev6.erresse-shop.it\/es\/shop\/sartenes-y-ollas\/ollas-y-bandejas-de-horno\/le-creuset-cocotte-para-pan-de-hierro-fundido-24-cm-sea-salt\/#primaryimage\"},\"image\":{\"@id\":\"https:\/\/dev6.erresse-shop.it\/es\/shop\/sartenes-y-ollas\/ollas-y-bandejas-de-horno\/le-creuset-cocotte-para-pan-de-hierro-fundido-24-cm-sea-salt\/#primaryimage\"},\"thumbnailUrl\":\"https:\/\/i3.wp.com\/interpim.erresse-shop.it\/wp-content\/uploads\/2025\/03\/LE-CREUSET-Cocotte-per-Pane-24-cm-Sea-Salt.jpg\/le-creuset-cocotte-per-pane-24-cm-sea-salt.jpg?ssl=1\",\"datePublished\":\"2026-04-04T11:39:38+00:00\",\"description\":\"Hornear un pan perfecto en tu propia casa nunca hab\u00eda sido tan f\u00e1cil. Fabricado con nuestro legendario hierro fundido para una perfecta distribuci\u00f3n del\",\"breadcrumb\":{\"@id\":\"https:\/\/dev6.erresse-shop.it\/es\/shop\/sartenes-y-ollas\/ollas-y-bandejas-de-horno\/le-creuset-cocotte-para-pan-de-hierro-fundido-24-cm-sea-salt\/#breadcrumb\"},\"inLanguage\":\"es\",\"potentialAction\":[{\"@type\":\"ReadAction\",\"target\":[\"https:\/\/dev6.erresse-shop.it\/es\/shop\/sartenes-y-ollas\/ollas-y-bandejas-de-horno\/le-creuset-cocotte-para-pan-de-hierro-fundido-24-cm-sea-salt\/\"]}]},{\"@type\":\"ImageObject\",\"inLanguage\":\"es\",\"@id\":\"https:\/\/dev6.erresse-shop.it\/es\/shop\/sartenes-y-ollas\/ollas-y-bandejas-de-horno\/le-creuset-cocotte-para-pan-de-hierro-fundido-24-cm-sea-salt\/#primaryimage\",\"url\":\"https:\/\/i3.wp.com\/interpim.erresse-shop.it\/wp-content\/uploads\/2025\/03\/LE-CREUSET-Cocotte-per-Pane-24-cm-Sea-Salt.jpg\/le-creuset-cocotte-per-pane-24-cm-sea-salt.jpg?ssl=1\",\"contentUrl\":\"https:\/\/i3.wp.com\/interpim.erresse-shop.it\/wp-content\/uploads\/2025\/03\/LE-CREUSET-Cocotte-per-Pane-24-cm-Sea-Salt.jpg\/le-creuset-cocotte-per-pane-24-cm-sea-salt.jpg?ssl=1\"},{\"@type\":\"BreadcrumbList\",\"@id\":\"https:\/\/dev6.erresse-shop.it\/es\/shop\/sartenes-y-ollas\/ollas-y-bandejas-de-horno\/le-creuset-cocotte-para-pan-de-hierro-fundido-24-cm-sea-salt\/#breadcrumb\",\"itemListElement\":[{\"@type\":\"ListItem\",\"position\":1,\"name\":\"Home\",\"item\":\"https:\/\/dev6.erresse-shop.it\/\"},{\"@type\":\"ListItem\",\"position\":2,\"name\":\"Tienda\",\"item\":\"https:\/\/dev6.erresse-shop.it\/shop\/\"},{\"@type\":\"ListItem\",\"position\":3,\"name\":\"LE CREUSET Cocotte para Pan de Hierro Fundido 24 cm Sea Salt\"}]},{\"@type\":\"WebSite\",\"@id\":\"https:\/\/dev6.erresse-shop.it\/#website\",\"url\":\"https:\/\/dev6.erresse-shop.it\/\",\"name\":\"Erresse Shop\",\"description\":\"\",\"publisher\":{\"@id\":\"https:\/\/dev6.erresse-shop.it\/#organization\"},\"potentialAction\":[{\"@type\":\"SearchAction\",\"target\":{\"@type\":\"EntryPoint\",\"urlTemplate\":\"https:\/\/dev6.erresse-shop.it\/?s={search_term_string}\"},\"query-input\":{\"@type\":\"PropertyValueSpecification\",\"valueRequired\":true,\"valueName\":\"search_term_string\"}}],\"inLanguage\":\"es\"},{\"@type\":\"Organization\",\"@id\":\"https:\/\/dev6.erresse-shop.it\/#organization\",\"name\":\"Erresse Shop\",\"url\":\"https:\/\/dev6.erresse-shop.it\/\",\"logo\":{\"@type\":\"ImageObject\",\"inLanguage\":\"es\",\"@id\":\"https:\/\/dev6.erresse-shop.it\/#\/schema\/logo\/image\/\",\"url\":\"https:\/\/dev6.erresse-shop.it\/wp-content\/uploads\/2025\/01\/LOGO-ERRESSE-CLASSICO.svg\",\"contentUrl\":\"https:\/\/dev6.erresse-shop.it\/wp-content\/uploads\/2025\/01\/LOGO-ERRESSE-CLASSICO.svg\",\"caption\":\"Erresse Shop\"},\"image\":{\"@id\":\"https:\/\/dev6.erresse-shop.it\/#\/schema\/logo\/image\/\"}}]}<\/script>\n<!-- \/ Yoast SEO plugin. -->","yoast_head_json":{"title":"LE CREUSET Cocotte para Pan de Hierro Fundido 24 cm Sea Salt - dev6 Erresse","description":"Hornear un pan perfecto en tu propia casa nunca hab\u00eda sido tan f\u00e1cil. Fabricado con nuestro legendario hierro fundido para una perfecta distribuci\u00f3n del","robots":{"index":"noindex","follow":"follow","max-snippet":"max-snippet:-1","max-image-preview":"max-image-preview:large","max-video-preview":"max-video-preview:-1"},"og_locale":"es_ES","og_type":"article","og_title":"LE CREUSET Cocotte para Pan de Hierro Fundido 24 cm Sea Salt - dev6 Erresse","og_description":"Hornear un pan perfecto en tu propia casa nunca hab\u00eda sido tan f\u00e1cil. Fabricado con nuestro legendario hierro fundido para una perfecta distribuci\u00f3n del","og_url":"https:\/\/dev6.erresse-shop.it\/es\/shop\/sartenes-y-ollas\/ollas-y-bandejas-de-horno\/le-creuset-cocotte-para-pan-de-hierro-fundido-24-cm-sea-salt\/","og_site_name":"dev6 Erresse","og_image":[{"url":"https:\/\/interpim.erresse-shop.it\/wp-content\/uploads\/2025\/03\/LE-CREUSET-Cocotte-per-Pane-24-cm-Sea-Salt.jpg\/le-creuset-cocotte-per-pane-24-cm-sea-salt.jpg","type":"","width":"","height":""},{"url":"https:\/\/interpim.erresse-shop.it\/wp-content\/uploads\/2025\/03\/LE-CREUSET-Cocotte-per-Pane-24-cm-Sea-Salt.jpg\/le-creuset-cocotte-per-pane-24-cm-sea-salt.jpg","width":1024,"height":1024,"type":"image\/jpeg"}],"twitter_card":"summary_large_image","twitter_image":"https:\/\/interpim.erresse-shop.it\/wp-content\/uploads\/2025\/03\/LE-CREUSET-Cocotte-per-Pane-24-cm-Sea-Salt.jpg\/le-creuset-cocotte-per-pane-24-cm-sea-salt.jpg","schema":{"@context":"https:\/\/schema.org","@graph":[{"@type":"WebPage","@id":"https:\/\/dev6.erresse-shop.it\/es\/shop\/sartenes-y-ollas\/ollas-y-bandejas-de-horno\/le-creuset-cocotte-para-pan-de-hierro-fundido-24-cm-sea-salt\/","url":"https:\/\/dev6.erresse-shop.it\/es\/shop\/sartenes-y-ollas\/ollas-y-bandejas-de-horno\/le-creuset-cocotte-para-pan-de-hierro-fundido-24-cm-sea-salt\/","name":"LE CREUSET Cocotte para Pan de Hierro Fundido 24 cm Sea Salt - dev6 Erresse","isPartOf":{"@id":"https:\/\/dev6.erresse-shop.it\/#website"},"primaryImageOfPage":{"@id":"https:\/\/dev6.erresse-shop.it\/es\/shop\/sartenes-y-ollas\/ollas-y-bandejas-de-horno\/le-creuset-cocotte-para-pan-de-hierro-fundido-24-cm-sea-salt\/#primaryimage"},"image":{"@id":"https:\/\/dev6.erresse-shop.it\/es\/shop\/sartenes-y-ollas\/ollas-y-bandejas-de-horno\/le-creuset-cocotte-para-pan-de-hierro-fundido-24-cm-sea-salt\/#primaryimage"},"thumbnailUrl":"https:\/\/i3.wp.com\/interpim.erresse-shop.it\/wp-content\/uploads\/2025\/03\/LE-CREUSET-Cocotte-per-Pane-24-cm-Sea-Salt.jpg\/le-creuset-cocotte-per-pane-24-cm-sea-salt.jpg?ssl=1","datePublished":"2026-04-04T11:39:38+00:00","description":"Hornear un pan perfecto en tu propia casa nunca hab\u00eda sido tan f\u00e1cil. Fabricado con nuestro legendario hierro fundido para una perfecta distribuci\u00f3n del","breadcrumb":{"@id":"https:\/\/dev6.erresse-shop.it\/es\/shop\/sartenes-y-ollas\/ollas-y-bandejas-de-horno\/le-creuset-cocotte-para-pan-de-hierro-fundido-24-cm-sea-salt\/#breadcrumb"},"inLanguage":"es","potentialAction":[{"@type":"ReadAction","target":["https:\/\/dev6.erresse-shop.it\/es\/shop\/sartenes-y-ollas\/ollas-y-bandejas-de-horno\/le-creuset-cocotte-para-pan-de-hierro-fundido-24-cm-sea-salt\/"]}]},{"@type":"ImageObject","inLanguage":"es","@id":"https:\/\/dev6.erresse-shop.it\/es\/shop\/sartenes-y-ollas\/ollas-y-bandejas-de-horno\/le-creuset-cocotte-para-pan-de-hierro-fundido-24-cm-sea-salt\/#primaryimage","url":"https:\/\/i3.wp.com\/interpim.erresse-shop.it\/wp-content\/uploads\/2025\/03\/LE-CREUSET-Cocotte-per-Pane-24-cm-Sea-Salt.jpg\/le-creuset-cocotte-per-pane-24-cm-sea-salt.jpg?ssl=1","contentUrl":"https:\/\/i3.wp.com\/interpim.erresse-shop.it\/wp-content\/uploads\/2025\/03\/LE-CREUSET-Cocotte-per-Pane-24-cm-Sea-Salt.jpg\/le-creuset-cocotte-per-pane-24-cm-sea-salt.jpg?ssl=1"},{"@type":"BreadcrumbList","@id":"https:\/\/dev6.erresse-shop.it\/es\/shop\/sartenes-y-ollas\/ollas-y-bandejas-de-horno\/le-creuset-cocotte-para-pan-de-hierro-fundido-24-cm-sea-salt\/#breadcrumb","itemListElement":[{"@type":"ListItem","position":1,"name":"Home","item":"https:\/\/dev6.erresse-shop.it\/"},{"@type":"ListItem","position":2,"name":"Tienda","item":"https:\/\/dev6.erresse-shop.it\/shop\/"},{"@type":"ListItem","position":3,"name":"LE CREUSET Cocotte para Pan de Hierro Fundido 24 cm Sea Salt"}]},{"@type":"WebSite","@id":"https:\/\/dev6.erresse-shop.it\/#website","url":"https:\/\/dev6.erresse-shop.it\/","name":"Erresse Shop","description":"","publisher":{"@id":"https:\/\/dev6.erresse-shop.it\/#organization"},"potentialAction":[{"@type":"SearchAction","target":{"@type":"EntryPoint","urlTemplate":"https:\/\/dev6.erresse-shop.it\/?s={search_term_string}"},"query-input":{"@type":"PropertyValueSpecification","valueRequired":true,"valueName":"search_term_string"}}],"inLanguage":"es"},{"@type":"Organization","@id":"https:\/\/dev6.erresse-shop.it\/#organization","name":"Erresse Shop","url":"https:\/\/dev6.erresse-shop.it\/","logo":{"@type":"ImageObject","inLanguage":"es","@id":"https:\/\/dev6.erresse-shop.it\/#\/schema\/logo\/image\/","url":"https:\/\/dev6.erresse-shop.it\/wp-content\/uploads\/2025\/01\/LOGO-ERRESSE-CLASSICO.svg","contentUrl":"https:\/\/dev6.erresse-shop.it\/wp-content\/uploads\/2025\/01\/LOGO-ERRESSE-CLASSICO.svg","caption":"Erresse Shop"},"image":{"@id":"https:\/\/dev6.erresse-shop.it\/#\/schema\/logo\/image\/"}}]}},"df_price":189.95,"df_sale_price":189.95,"df_regular_price":279,"df_image_link":"https:\/\/i3.wp.com\/interpim.erresse-shop.it\/wp-content\/uploads\/2025\/03\/LE-CREUSET-Cocotte-per-Pane-24-cm-Sea-Salt.jpg\/le-creuset-cocotte-per-pane-24-cm-sea-salt.jpg?resize=300,300&ssl=1","fifu_image_url":"https:\/\/interpim.erresse-shop.it\/wp-content\/uploads\/2025\/03\/LE-CREUSET-Cocotte-per-Pane-24-cm-Sea-Salt.jpg\/le-creuset-cocotte-per-pane-24-cm-sea-salt.jpg","_links":{"self":[{"href":"https:\/\/dev6.erresse-shop.it\/es\/wp-json\/wp\/v2\/product\/1884207","targetHints":{"allow":["GET"]}}],"collection":[{"href":"https:\/\/dev6.erresse-shop.it\/es\/wp-json\/wp\/v2\/product"}],"about":[{"href":"https:\/\/dev6.erresse-shop.it\/es\/wp-json\/wp\/v2\/types\/product"}],"wp:featuredmedia":[{"embeddable":true,"href":"https:\/\/dev6.erresse-shop.it\/es\/wp-json\/wp\/v2\/media\/6294737"}],"wp:attachment":[{"href":"https:\/\/dev6.erresse-shop.it\/es\/wp-json\/wp\/v2\/media?parent=1884207"}],"wp:term":[{"taxonomy":"product_cat","embeddable":true,"href":"https:\/\/dev6.erresse-shop.it\/es\/wp-json\/wp\/v2\/product_cat?post=1884207"},{"taxonomy":"product_tag","embeddable":true,"href":"https:\/\/dev6.erresse-shop.it\/es\/wp-json\/wp\/v2\/product_tag?post=1884207"}],"curies":[{"name":"wp","href":"https:\/\/api.w.org\/{rel}","templated":true}]}}