{"id":1884197,"date":"2026-04-04T13:39:38","date_gmt":"2026-04-04T11:39:38","guid":{"rendered":"https:\/\/dev6.erresse-shop.it\/shop\/sin%20categor\u00eda\/le-creuset-placa-de-parrilla-rectangular-bbq-outdoor-en-hierro-fundido-40-cm-negro\/"},"modified":"2025-09-14T10:35:15","modified_gmt":"2025-09-14T08:35:15","slug":"le-creuset-placa-de-parrilla-rectangular-bbq-outdoor-en-hierro-fundido-40-cm-negro","status":"publish","type":"product","link":"https:\/\/dev6.erresse-shop.it\/es\/shop\/sartenes-y-ollas\/parrillas\/le-creuset-placa-de-parrilla-rectangular-bbq-outdoor-en-hierro-fundido-40-cm-negro\/","title":{"rendered":"LE CREUSET Placa de parrilla rectangular BBQ Outdoor en hierro fundido 40 cm Negro"},"content":{"rendered":"<p>Ve m\u00e1s all\u00e1 de la cocina con la Plancha Rectangular para Barbacoa: es ideal para cocinar panqueques, fre\u00edr huevos con tocino y hacer hamburguesas. Con una superficie generosa y lados angulados, es ideal para remover y voltear, a la vez que tiene el tama\u00f1o perfecto para la parrilla.<\/p>\n<p>Sabores exquisitos: El hierro fundido esmaltado retiene el calor para una cocci\u00f3n y un dorado uniformes. Tus deliciosas creaciones se mantendr\u00e1n calientes durante m\u00e1s tiempo, incluso en la mesa.<br \/>\nMejora con el tiempo: El interior esmaltado desarrolla una p\u00e1tina natural. Su acabado evita que los alimentos se peguen incluso con un poco de condimento. Lave el producto preferiblemente solo con agua.<br \/>\nExcelente en su clase: nuestros productos se fabrican con los mejores materiales en f\u00e1bricas de todo el mundo para garantizar la calidad que espera de Le Creuset.<\/p>\n<p>Material: hierro fundido esmaltado<br \/>\nHecho en: Francia<br \/>\nGarant\u00eda: de por vida<\/p>\n<p>Fuente de calor:<\/p>\n<p>Horno<br \/>\nParrilla<br \/>\nHorno de le\u00f1a<br \/>\nHorno para pizza<\/p>\n<p>Limpieza y cuidado:<\/p>\n<p>Espere a que el producto se enfr\u00ede por completo antes de comenzar a limpiarlo.<br \/>\nElimine cualquier residuo. Limpie la base y los bordes del producto. Para residuos de comida dif\u00edciles, llene el producto con agua tibia y jab\u00f3n y d\u00e9jelo en remojo de 15 a 20 minutos antes de lavarlo.<\/p>\n<p>No utilice detergentes agresivos, esponjas abrasivas o met\u00e1licas, ni cepillos muy duros o r\u00edgidos para limpiar las superficies.<\/p>\n<p>Despu\u00e9s del lavado, seque bien el producto y gu\u00e1rdelo en un lugar seco.<\/p>\n","protected":false},"excerpt":{"rendered":"<p>Ve m\u00e1s all\u00e1 de la cocina con la Plancha Rectangular para Barbacoa: es ideal para cocinar panqueques, fre\u00edr huevos con tocino y hacer hamburguesas. Con una superficie generosa y lados angulados, es ideal para remover y voltear, a la vez que tiene el tama\u00f1o perfecto para la parrilla. Sabores exquisitos: El hierro fundido esmaltado retiene [&hellip;]<\/p>\n","protected":false},"featured_media":6294675,"template":"","meta":{"_acf_changed":false},"product_cat":[11912,11883],"product_tag":[],"class_list":{"0":"post-1884197","1":"product","2":"type-product","3":"status-publish","4":"has-post-thumbnail","6":"product_cat-parrillas","7":"product_cat-sartenes-y-ollas","9":"first","10":"instock","11":"sale","12":"taxable","13":"shipping-taxable","14":"purchasable","15":"product-type-simple","swatches":"rey-swatches","show_selected":"","stretch_labels":"rey-swatches--stretch-labels"},"acf":[],"yoast_head":"<!-- This site is optimized with the Yoast SEO plugin v25.4 - https:\/\/yoast.com\/wordpress\/plugins\/seo\/ -->\n<title>LE CREUSET Placa de parrilla rectangular BBQ Outdoor en hierro fundido 40 cm Negro - dev6 Erresse<\/title>\n<meta name=\"description\" content=\"Ve m\u00e1s all\u00e1 de la cocina con la Plancha Rectangular para Barbacoa: es ideal para cocinar panqueques, fre\u00edr huevos con tocino y hacer hamburguesas. Con una\" \/>\n<meta name=\"robots\" content=\"noindex, follow, max-snippet:-1, max-image-preview:large, max-video-preview:-1\" \/>\n<meta property=\"og:locale\" content=\"es_ES\" \/>\n<meta property=\"og:type\" content=\"article\" \/>\n<meta property=\"og:title\" content=\"LE CREUSET Placa de parrilla rectangular BBQ Outdoor en hierro fundido 40 cm Negro - dev6 Erresse\" \/>\n<meta property=\"og:description\" content=\"Ve m\u00e1s all\u00e1 de la cocina con la Plancha Rectangular para Barbacoa: es ideal para cocinar panqueques, fre\u00edr huevos con tocino y hacer hamburguesas. Con una\" \/>\n<meta property=\"og:url\" content=\"https:\/\/dev6.erresse-shop.it\/es\/shop\/sartenes-y-ollas\/parrillas\/le-creuset-placa-de-parrilla-rectangular-bbq-outdoor-en-hierro-fundido-40-cm-negro\/\" \/>\n<meta property=\"og:site_name\" content=\"dev6 Erresse\" \/>\n<meta property=\"og:image\" content=\"https:\/\/interpim.erresse-shop.it\/Import\/Prodotti\/le-creuset-piastra-quadrata-bbq-outdoor-in-ghisa-40-cm-nero.jpg\" \/><meta property=\"og:image\" content=\"https:\/\/interpim.erresse-shop.it\/Import\/Prodotti\/le-creuset-piastra-quadrata-bbq-outdoor-in-ghisa-40-cm-nero.jpg\" \/>\n\t<meta property=\"og:image:width\" content=\"1024\" \/>\n\t<meta property=\"og:image:height\" content=\"1024\" \/>\n\t<meta property=\"og:image:type\" content=\"image\/jpeg\" \/>\n<meta name=\"twitter:card\" content=\"summary_large_image\" \/>\n<meta name=\"twitter:image\" content=\"https:\/\/interpim.erresse-shop.it\/Import\/Prodotti\/le-creuset-piastra-quadrata-bbq-outdoor-in-ghisa-40-cm-nero.jpg\" \/>\n<script type=\"application\/ld+json\" class=\"yoast-schema-graph\">{\"@context\":\"https:\/\/schema.org\",\"@graph\":[{\"@type\":\"WebPage\",\"@id\":\"https:\/\/dev6.erresse-shop.it\/es\/shop\/sartenes-y-ollas\/parrillas\/le-creuset-placa-de-parrilla-rectangular-bbq-outdoor-en-hierro-fundido-40-cm-negro\/\",\"url\":\"https:\/\/dev6.erresse-shop.it\/es\/shop\/sartenes-y-ollas\/parrillas\/le-creuset-placa-de-parrilla-rectangular-bbq-outdoor-en-hierro-fundido-40-cm-negro\/\",\"name\":\"LE CREUSET Placa de parrilla rectangular BBQ Outdoor en hierro fundido 40 cm Negro - dev6 Erresse\",\"isPartOf\":{\"@id\":\"https:\/\/dev6.erresse-shop.it\/#website\"},\"primaryImageOfPage\":{\"@id\":\"https:\/\/dev6.erresse-shop.it\/es\/shop\/sartenes-y-ollas\/parrillas\/le-creuset-placa-de-parrilla-rectangular-bbq-outdoor-en-hierro-fundido-40-cm-negro\/#primaryimage\"},\"image\":{\"@id\":\"https:\/\/dev6.erresse-shop.it\/es\/shop\/sartenes-y-ollas\/parrillas\/le-creuset-placa-de-parrilla-rectangular-bbq-outdoor-en-hierro-fundido-40-cm-negro\/#primaryimage\"},\"thumbnailUrl\":\"https:\/\/i3.wp.com\/interpim.erresse-shop.it\/Import\/Prodotti\/le-creuset-piastra-quadrata-bbq-outdoor-in-ghisa-40-cm-nero.jpg?ssl=1\",\"datePublished\":\"2026-04-04T11:39:38+00:00\",\"description\":\"Ve m\u00e1s all\u00e1 de la cocina con la Plancha Rectangular para Barbacoa: es ideal para cocinar panqueques, fre\u00edr huevos con tocino y hacer hamburguesas. Con una\",\"breadcrumb\":{\"@id\":\"https:\/\/dev6.erresse-shop.it\/es\/shop\/sartenes-y-ollas\/parrillas\/le-creuset-placa-de-parrilla-rectangular-bbq-outdoor-en-hierro-fundido-40-cm-negro\/#breadcrumb\"},\"inLanguage\":\"es\",\"potentialAction\":[{\"@type\":\"ReadAction\",\"target\":[\"https:\/\/dev6.erresse-shop.it\/es\/shop\/sartenes-y-ollas\/parrillas\/le-creuset-placa-de-parrilla-rectangular-bbq-outdoor-en-hierro-fundido-40-cm-negro\/\"]}]},{\"@type\":\"ImageObject\",\"inLanguage\":\"es\",\"@id\":\"https:\/\/dev6.erresse-shop.it\/es\/shop\/sartenes-y-ollas\/parrillas\/le-creuset-placa-de-parrilla-rectangular-bbq-outdoor-en-hierro-fundido-40-cm-negro\/#primaryimage\",\"url\":\"https:\/\/i3.wp.com\/interpim.erresse-shop.it\/Import\/Prodotti\/le-creuset-piastra-quadrata-bbq-outdoor-in-ghisa-40-cm-nero.jpg?ssl=1\",\"contentUrl\":\"https:\/\/i3.wp.com\/interpim.erresse-shop.it\/Import\/Prodotti\/le-creuset-piastra-quadrata-bbq-outdoor-in-ghisa-40-cm-nero.jpg?ssl=1\"},{\"@type\":\"BreadcrumbList\",\"@id\":\"https:\/\/dev6.erresse-shop.it\/es\/shop\/sartenes-y-ollas\/parrillas\/le-creuset-placa-de-parrilla-rectangular-bbq-outdoor-en-hierro-fundido-40-cm-negro\/#breadcrumb\",\"itemListElement\":[{\"@type\":\"ListItem\",\"position\":1,\"name\":\"Home\",\"item\":\"https:\/\/dev6.erresse-shop.it\/\"},{\"@type\":\"ListItem\",\"position\":2,\"name\":\"Tienda\",\"item\":\"https:\/\/dev6.erresse-shop.it\/shop\/\"},{\"@type\":\"ListItem\",\"position\":3,\"name\":\"LE CREUSET Placa de parrilla rectangular BBQ Outdoor en hierro fundido 40 cm Negro\"}]},{\"@type\":\"WebSite\",\"@id\":\"https:\/\/dev6.erresse-shop.it\/#website\",\"url\":\"https:\/\/dev6.erresse-shop.it\/\",\"name\":\"Erresse Shop\",\"description\":\"\",\"publisher\":{\"@id\":\"https:\/\/dev6.erresse-shop.it\/#organization\"},\"potentialAction\":[{\"@type\":\"SearchAction\",\"target\":{\"@type\":\"EntryPoint\",\"urlTemplate\":\"https:\/\/dev6.erresse-shop.it\/?s={search_term_string}\"},\"query-input\":{\"@type\":\"PropertyValueSpecification\",\"valueRequired\":true,\"valueName\":\"search_term_string\"}}],\"inLanguage\":\"es\"},{\"@type\":\"Organization\",\"@id\":\"https:\/\/dev6.erresse-shop.it\/#organization\",\"name\":\"Erresse Shop\",\"url\":\"https:\/\/dev6.erresse-shop.it\/\",\"logo\":{\"@type\":\"ImageObject\",\"inLanguage\":\"es\",\"@id\":\"https:\/\/dev6.erresse-shop.it\/#\/schema\/logo\/image\/\",\"url\":\"https:\/\/dev6.erresse-shop.it\/wp-content\/uploads\/2025\/01\/LOGO-ERRESSE-CLASSICO.svg\",\"contentUrl\":\"https:\/\/dev6.erresse-shop.it\/wp-content\/uploads\/2025\/01\/LOGO-ERRESSE-CLASSICO.svg\",\"caption\":\"Erresse Shop\"},\"image\":{\"@id\":\"https:\/\/dev6.erresse-shop.it\/#\/schema\/logo\/image\/\"}}]}<\/script>\n<!-- \/ Yoast SEO plugin. -->","yoast_head_json":{"title":"LE CREUSET Placa de parrilla rectangular BBQ Outdoor en hierro fundido 40 cm Negro - dev6 Erresse","description":"Ve m\u00e1s all\u00e1 de la cocina con la Plancha Rectangular para Barbacoa: es ideal para cocinar panqueques, fre\u00edr huevos con tocino y hacer hamburguesas. Con una","robots":{"index":"noindex","follow":"follow","max-snippet":"max-snippet:-1","max-image-preview":"max-image-preview:large","max-video-preview":"max-video-preview:-1"},"og_locale":"es_ES","og_type":"article","og_title":"LE CREUSET Placa de parrilla rectangular BBQ Outdoor en hierro fundido 40 cm Negro - dev6 Erresse","og_description":"Ve m\u00e1s all\u00e1 de la cocina con la Plancha Rectangular para Barbacoa: es ideal para cocinar panqueques, fre\u00edr huevos con tocino y hacer hamburguesas. Con una","og_url":"https:\/\/dev6.erresse-shop.it\/es\/shop\/sartenes-y-ollas\/parrillas\/le-creuset-placa-de-parrilla-rectangular-bbq-outdoor-en-hierro-fundido-40-cm-negro\/","og_site_name":"dev6 Erresse","og_image":[{"url":"https:\/\/interpim.erresse-shop.it\/Import\/Prodotti\/le-creuset-piastra-quadrata-bbq-outdoor-in-ghisa-40-cm-nero.jpg","type":"","width":"","height":""},{"url":"https:\/\/interpim.erresse-shop.it\/Import\/Prodotti\/le-creuset-piastra-quadrata-bbq-outdoor-in-ghisa-40-cm-nero.jpg","width":1024,"height":1024,"type":"image\/jpeg"}],"twitter_card":"summary_large_image","twitter_image":"https:\/\/interpim.erresse-shop.it\/Import\/Prodotti\/le-creuset-piastra-quadrata-bbq-outdoor-in-ghisa-40-cm-nero.jpg","schema":{"@context":"https:\/\/schema.org","@graph":[{"@type":"WebPage","@id":"https:\/\/dev6.erresse-shop.it\/es\/shop\/sartenes-y-ollas\/parrillas\/le-creuset-placa-de-parrilla-rectangular-bbq-outdoor-en-hierro-fundido-40-cm-negro\/","url":"https:\/\/dev6.erresse-shop.it\/es\/shop\/sartenes-y-ollas\/parrillas\/le-creuset-placa-de-parrilla-rectangular-bbq-outdoor-en-hierro-fundido-40-cm-negro\/","name":"LE CREUSET Placa de parrilla rectangular BBQ Outdoor en hierro fundido 40 cm Negro - dev6 Erresse","isPartOf":{"@id":"https:\/\/dev6.erresse-shop.it\/#website"},"primaryImageOfPage":{"@id":"https:\/\/dev6.erresse-shop.it\/es\/shop\/sartenes-y-ollas\/parrillas\/le-creuset-placa-de-parrilla-rectangular-bbq-outdoor-en-hierro-fundido-40-cm-negro\/#primaryimage"},"image":{"@id":"https:\/\/dev6.erresse-shop.it\/es\/shop\/sartenes-y-ollas\/parrillas\/le-creuset-placa-de-parrilla-rectangular-bbq-outdoor-en-hierro-fundido-40-cm-negro\/#primaryimage"},"thumbnailUrl":"https:\/\/i3.wp.com\/interpim.erresse-shop.it\/Import\/Prodotti\/le-creuset-piastra-quadrata-bbq-outdoor-in-ghisa-40-cm-nero.jpg?ssl=1","datePublished":"2026-04-04T11:39:38+00:00","description":"Ve m\u00e1s all\u00e1 de la cocina con la Plancha Rectangular para Barbacoa: es ideal para cocinar panqueques, fre\u00edr huevos con tocino y hacer hamburguesas. Con una","breadcrumb":{"@id":"https:\/\/dev6.erresse-shop.it\/es\/shop\/sartenes-y-ollas\/parrillas\/le-creuset-placa-de-parrilla-rectangular-bbq-outdoor-en-hierro-fundido-40-cm-negro\/#breadcrumb"},"inLanguage":"es","potentialAction":[{"@type":"ReadAction","target":["https:\/\/dev6.erresse-shop.it\/es\/shop\/sartenes-y-ollas\/parrillas\/le-creuset-placa-de-parrilla-rectangular-bbq-outdoor-en-hierro-fundido-40-cm-negro\/"]}]},{"@type":"ImageObject","inLanguage":"es","@id":"https:\/\/dev6.erresse-shop.it\/es\/shop\/sartenes-y-ollas\/parrillas\/le-creuset-placa-de-parrilla-rectangular-bbq-outdoor-en-hierro-fundido-40-cm-negro\/#primaryimage","url":"https:\/\/i3.wp.com\/interpim.erresse-shop.it\/Import\/Prodotti\/le-creuset-piastra-quadrata-bbq-outdoor-in-ghisa-40-cm-nero.jpg?ssl=1","contentUrl":"https:\/\/i3.wp.com\/interpim.erresse-shop.it\/Import\/Prodotti\/le-creuset-piastra-quadrata-bbq-outdoor-in-ghisa-40-cm-nero.jpg?ssl=1"},{"@type":"BreadcrumbList","@id":"https:\/\/dev6.erresse-shop.it\/es\/shop\/sartenes-y-ollas\/parrillas\/le-creuset-placa-de-parrilla-rectangular-bbq-outdoor-en-hierro-fundido-40-cm-negro\/#breadcrumb","itemListElement":[{"@type":"ListItem","position":1,"name":"Home","item":"https:\/\/dev6.erresse-shop.it\/"},{"@type":"ListItem","position":2,"name":"Tienda","item":"https:\/\/dev6.erresse-shop.it\/shop\/"},{"@type":"ListItem","position":3,"name":"LE CREUSET Placa de parrilla rectangular BBQ Outdoor en hierro fundido 40 cm Negro"}]},{"@type":"WebSite","@id":"https:\/\/dev6.erresse-shop.it\/#website","url":"https:\/\/dev6.erresse-shop.it\/","name":"Erresse Shop","description":"","publisher":{"@id":"https:\/\/dev6.erresse-shop.it\/#organization"},"potentialAction":[{"@type":"SearchAction","target":{"@type":"EntryPoint","urlTemplate":"https:\/\/dev6.erresse-shop.it\/?s={search_term_string}"},"query-input":{"@type":"PropertyValueSpecification","valueRequired":true,"valueName":"search_term_string"}}],"inLanguage":"es"},{"@type":"Organization","@id":"https:\/\/dev6.erresse-shop.it\/#organization","name":"Erresse Shop","url":"https:\/\/dev6.erresse-shop.it\/","logo":{"@type":"ImageObject","inLanguage":"es","@id":"https:\/\/dev6.erresse-shop.it\/#\/schema\/logo\/image\/","url":"https:\/\/dev6.erresse-shop.it\/wp-content\/uploads\/2025\/01\/LOGO-ERRESSE-CLASSICO.svg","contentUrl":"https:\/\/dev6.erresse-shop.it\/wp-content\/uploads\/2025\/01\/LOGO-ERRESSE-CLASSICO.svg","caption":"Erresse Shop"},"image":{"@id":"https:\/\/dev6.erresse-shop.it\/#\/schema\/logo\/image\/"}}]}},"df_price":159.95,"df_sale_price":159.95,"df_regular_price":219,"df_image_link":"https:\/\/i3.wp.com\/interpim.erresse-shop.it\/Import\/Prodotti\/le-creuset-piastra-quadrata-bbq-outdoor-in-ghisa-40-cm-nero.jpg?resize=300,300&ssl=1","fifu_image_url":"https:\/\/interpim.erresse-shop.it\/Import\/Prodotti\/le-creuset-piastra-quadrata-bbq-outdoor-in-ghisa-40-cm-nero.jpg","_links":{"self":[{"href":"https:\/\/dev6.erresse-shop.it\/es\/wp-json\/wp\/v2\/product\/1884197","targetHints":{"allow":["GET"]}}],"collection":[{"href":"https:\/\/dev6.erresse-shop.it\/es\/wp-json\/wp\/v2\/product"}],"about":[{"href":"https:\/\/dev6.erresse-shop.it\/es\/wp-json\/wp\/v2\/types\/product"}],"wp:featuredmedia":[{"embeddable":true,"href":"https:\/\/dev6.erresse-shop.it\/es\/wp-json\/wp\/v2\/media\/6294675"}],"wp:attachment":[{"href":"https:\/\/dev6.erresse-shop.it\/es\/wp-json\/wp\/v2\/media?parent=1884197"}],"wp:term":[{"taxonomy":"product_cat","embeddable":true,"href":"https:\/\/dev6.erresse-shop.it\/es\/wp-json\/wp\/v2\/product_cat?post=1884197"},{"taxonomy":"product_tag","embeddable":true,"href":"https:\/\/dev6.erresse-shop.it\/es\/wp-json\/wp\/v2\/product_tag?post=1884197"}],"curies":[{"name":"wp","href":"https:\/\/api.w.org\/{rel}","templated":true}]}}