{"id":1884127,"date":"2026-04-04T13:34:15","date_gmt":"2026-04-04T11:34:15","guid":{"rendered":"https:\/\/dev6.erresse-shop.it\/shop\/sin%20categor\u00eda\/zwilling-set-de-envasado-al-vacio-fresh-save-de-plastico-8-piezas-la-mer\/"},"modified":"2025-09-14T10:32:28","modified_gmt":"2025-09-14T08:32:28","slug":"zwilling-set-de-envasado-al-vacio-fresh-save-de-plastico-8-piezas-la-mer","status":"publish","type":"product","link":"https:\/\/dev6.erresse-shop.it\/es\/shop\/cocina\/vacio\/zwilling-set-de-envasado-al-vacio-fresh-save-de-plastico-8-piezas-la-mer\/","title":{"rendered":"ZWILLING Set de envasado al vac\u00edo Fresh &#038; Save de plastico, 8 piezas La Mer"},"content":{"rendered":"<p>Con el set de envasado al vac\u00edo Fresh &amp; Save, los alimentos se mantienen frescos hasta 5 veces m\u00e1s tiempo que con el almacenamiento convencional y conservan su sabor y nutrientes. Esto no solo ahorra tiempo y dinero, sino que tambi\u00e9n evita el desperdicio de alimentos.<\/p>\n<p>Vac\u00edo fresco: La pr\u00e1ctica y sin cables bomba de vac\u00edo FRESH &amp; SAVE extrae el aire del recipiente o bolsa con solo pulsar un bot\u00f3n en tan solo unos segundos. La m\u00e1quina de vac\u00edo se detiene autom\u00e1ticamente en cuanto se ha liberado suficiente aire.<\/p>\n<p>Fiambrera 2 en 1 para casa y para llevar: Pr\u00e1ctico divisor extra\u00edble para separar dos tipos de alimentos. La fiambrera ofrece la altura \u00f3ptima para s\u00e1ndwiches, embutidos y aperitivos crudos.<\/p>\n<p>Bolsas de vac\u00edo que ahorran espacio: Con las robustas bolsas Fresh &amp; Save, los alimentos se pueden almacenar herm\u00e9ticamente en el congelador y el refrigerador gracias a la cremallera, y gracias al revestimiento al vac\u00edo, las quemaduras por congelaci\u00f3n son cosa del pasado. Las bolsas reutilizables para almacenar alimentos, incluyendo el marinador, son ideales para cocinar al vac\u00edo y marinar.<\/p>\n<p>Contenido del paquete:<\/p>\n<p>1 bomba de vac\u00edo (di\u00e1metro de 4,5 cm, altura de 19,5 cm)<br \/>\n1 recipiente de vac\u00edo de pl\u00e1stico L (2 L, 22 x 15 x 12 cm)<br \/>\n1 recipiente de vac\u00edo plano L (1 L, 22 x 12 cm)<br \/>\n2 bolsas de vac\u00edo S (cada una de 1,25 L, 23 x 20 cm)<br \/>\n2 bolsas de vac\u00edo M (cada una de 4 L, 35 x 26 cm)<br \/>\n1 bolsa de vac\u00edo L (8,5 L, 49 x 30 cm)<\/p>\n","protected":false},"excerpt":{"rendered":"<p>Con el set de envasado al vac\u00edo Fresh &amp; Save, los alimentos se mantienen frescos hasta 5 veces m\u00e1s tiempo que con el almacenamiento convencional y conservan su sabor y nutrientes. Esto no solo ahorra tiempo y dinero, sino que tambi\u00e9n evita el desperdicio de alimentos. Vac\u00edo fresco: La pr\u00e1ctica y sin cables bomba de [&hellip;]<\/p>\n","protected":false},"featured_media":6294291,"template":"","meta":{"_acf_changed":false},"product_cat":[11884,11987],"product_tag":[],"class_list":{"0":"post-1884127","1":"product","2":"type-product","3":"status-publish","4":"has-post-thumbnail","6":"product_cat-cocina","7":"product_cat-vacio","9":"first","10":"instock","11":"sale","12":"taxable","13":"shipping-taxable","14":"purchasable","15":"product-type-simple","swatches":"rey-swatches","show_selected":"","stretch_labels":"rey-swatches--stretch-labels"},"acf":[],"yoast_head":"<!-- This site is optimized with the Yoast SEO plugin v25.4 - https:\/\/yoast.com\/wordpress\/plugins\/seo\/ -->\n<title>ZWILLING Set de envasado al vac\u00edo Fresh &#038; Save de plastico, 8 piezas La Mer - dev6 Erresse<\/title>\n<meta name=\"description\" content=\"Con el set de envasado al vac\u00edo Fresh &amp; Save, los alimentos se mantienen frescos hasta 5 veces m\u00e1s tiempo que con el almacenamiento convencional y\" \/>\n<meta name=\"robots\" content=\"noindex, follow, max-snippet:-1, max-image-preview:large, max-video-preview:-1\" \/>\n<meta property=\"og:locale\" content=\"es_ES\" \/>\n<meta property=\"og:type\" content=\"article\" \/>\n<meta property=\"og:title\" content=\"ZWILLING Set de envasado al vac\u00edo Fresh &#038; Save de plastico, 8 piezas La Mer - dev6 Erresse\" \/>\n<meta property=\"og:description\" content=\"Con el set de envasado al vac\u00edo Fresh &amp; Save, los alimentos se mantienen frescos hasta 5 veces m\u00e1s tiempo que con el almacenamiento convencional y\" \/>\n<meta property=\"og:url\" content=\"https:\/\/dev6.erresse-shop.it\/es\/shop\/cocina\/vacio\/zwilling-set-de-envasado-al-vacio-fresh-save-de-plastico-8-piezas-la-mer\/\" \/>\n<meta property=\"og:site_name\" content=\"dev6 Erresse\" \/>\n<meta property=\"og:image\" content=\"https:\/\/interpim.erresse-shop.it\/Import\/Prodotti\/zwilling-set-sottovuoto-freshsave-in-vetro-8-pezzi-la-mer.jpg\" \/><meta property=\"og:image\" content=\"https:\/\/interpim.erresse-shop.it\/Import\/Prodotti\/zwilling-set-sottovuoto-freshsave-in-vetro-8-pezzi-la-mer.jpg\" \/>\n\t<meta property=\"og:image:width\" content=\"1024\" \/>\n\t<meta property=\"og:image:height\" content=\"1024\" \/>\n\t<meta property=\"og:image:type\" content=\"image\/jpeg\" \/>\n<meta name=\"twitter:card\" content=\"summary_large_image\" \/>\n<meta name=\"twitter:image\" content=\"https:\/\/interpim.erresse-shop.it\/Import\/Prodotti\/zwilling-set-sottovuoto-freshsave-in-vetro-8-pezzi-la-mer.jpg\" \/>\n<script type=\"application\/ld+json\" class=\"yoast-schema-graph\">{\"@context\":\"https:\/\/schema.org\",\"@graph\":[{\"@type\":\"WebPage\",\"@id\":\"https:\/\/dev6.erresse-shop.it\/es\/shop\/cocina\/vacio\/zwilling-set-de-envasado-al-vacio-fresh-save-de-plastico-8-piezas-la-mer\/\",\"url\":\"https:\/\/dev6.erresse-shop.it\/es\/shop\/cocina\/vacio\/zwilling-set-de-envasado-al-vacio-fresh-save-de-plastico-8-piezas-la-mer\/\",\"name\":\"ZWILLING Set de envasado al vac\u00edo Fresh &#038; Save de plastico, 8 piezas La Mer - dev6 Erresse\",\"isPartOf\":{\"@id\":\"https:\/\/dev6.erresse-shop.it\/#website\"},\"primaryImageOfPage\":{\"@id\":\"https:\/\/dev6.erresse-shop.it\/es\/shop\/cocina\/vacio\/zwilling-set-de-envasado-al-vacio-fresh-save-de-plastico-8-piezas-la-mer\/#primaryimage\"},\"image\":{\"@id\":\"https:\/\/dev6.erresse-shop.it\/es\/shop\/cocina\/vacio\/zwilling-set-de-envasado-al-vacio-fresh-save-de-plastico-8-piezas-la-mer\/#primaryimage\"},\"thumbnailUrl\":\"https:\/\/i2.wp.com\/interpim.erresse-shop.it\/Import\/Prodotti\/zwilling-set-sottovuoto-freshsave-in-vetro-8-pezzi-la-mer.jpg?ssl=1\",\"datePublished\":\"2026-04-04T11:34:15+00:00\",\"description\":\"Con el set de envasado al vac\u00edo Fresh &amp; Save, los alimentos se mantienen frescos hasta 5 veces m\u00e1s tiempo que con el almacenamiento convencional y\",\"breadcrumb\":{\"@id\":\"https:\/\/dev6.erresse-shop.it\/es\/shop\/cocina\/vacio\/zwilling-set-de-envasado-al-vacio-fresh-save-de-plastico-8-piezas-la-mer\/#breadcrumb\"},\"inLanguage\":\"es\",\"potentialAction\":[{\"@type\":\"ReadAction\",\"target\":[\"https:\/\/dev6.erresse-shop.it\/es\/shop\/cocina\/vacio\/zwilling-set-de-envasado-al-vacio-fresh-save-de-plastico-8-piezas-la-mer\/\"]}]},{\"@type\":\"ImageObject\",\"inLanguage\":\"es\",\"@id\":\"https:\/\/dev6.erresse-shop.it\/es\/shop\/cocina\/vacio\/zwilling-set-de-envasado-al-vacio-fresh-save-de-plastico-8-piezas-la-mer\/#primaryimage\",\"url\":\"https:\/\/i2.wp.com\/interpim.erresse-shop.it\/Import\/Prodotti\/zwilling-set-sottovuoto-freshsave-in-vetro-8-pezzi-la-mer.jpg?ssl=1\",\"contentUrl\":\"https:\/\/i2.wp.com\/interpim.erresse-shop.it\/Import\/Prodotti\/zwilling-set-sottovuoto-freshsave-in-vetro-8-pezzi-la-mer.jpg?ssl=1\"},{\"@type\":\"BreadcrumbList\",\"@id\":\"https:\/\/dev6.erresse-shop.it\/es\/shop\/cocina\/vacio\/zwilling-set-de-envasado-al-vacio-fresh-save-de-plastico-8-piezas-la-mer\/#breadcrumb\",\"itemListElement\":[{\"@type\":\"ListItem\",\"position\":1,\"name\":\"Home\",\"item\":\"https:\/\/dev6.erresse-shop.it\/\"},{\"@type\":\"ListItem\",\"position\":2,\"name\":\"Tienda\",\"item\":\"https:\/\/dev6.erresse-shop.it\/shop\/\"},{\"@type\":\"ListItem\",\"position\":3,\"name\":\"ZWILLING Set de envasado al vac\u00edo Fresh &#038; Save de plastico, 8 piezas La Mer\"}]},{\"@type\":\"WebSite\",\"@id\":\"https:\/\/dev6.erresse-shop.it\/#website\",\"url\":\"https:\/\/dev6.erresse-shop.it\/\",\"name\":\"Erresse Shop\",\"description\":\"\",\"publisher\":{\"@id\":\"https:\/\/dev6.erresse-shop.it\/#organization\"},\"potentialAction\":[{\"@type\":\"SearchAction\",\"target\":{\"@type\":\"EntryPoint\",\"urlTemplate\":\"https:\/\/dev6.erresse-shop.it\/?s={search_term_string}\"},\"query-input\":{\"@type\":\"PropertyValueSpecification\",\"valueRequired\":true,\"valueName\":\"search_term_string\"}}],\"inLanguage\":\"es\"},{\"@type\":\"Organization\",\"@id\":\"https:\/\/dev6.erresse-shop.it\/#organization\",\"name\":\"Erresse Shop\",\"url\":\"https:\/\/dev6.erresse-shop.it\/\",\"logo\":{\"@type\":\"ImageObject\",\"inLanguage\":\"es\",\"@id\":\"https:\/\/dev6.erresse-shop.it\/#\/schema\/logo\/image\/\",\"url\":\"https:\/\/dev6.erresse-shop.it\/wp-content\/uploads\/2025\/01\/LOGO-ERRESSE-CLASSICO.svg\",\"contentUrl\":\"https:\/\/dev6.erresse-shop.it\/wp-content\/uploads\/2025\/01\/LOGO-ERRESSE-CLASSICO.svg\",\"caption\":\"Erresse Shop\"},\"image\":{\"@id\":\"https:\/\/dev6.erresse-shop.it\/#\/schema\/logo\/image\/\"}}]}<\/script>\n<!-- \/ Yoast SEO plugin. -->","yoast_head_json":{"title":"ZWILLING Set de envasado al vac\u00edo Fresh &#038; Save de plastico, 8 piezas La Mer - dev6 Erresse","description":"Con el set de envasado al vac\u00edo Fresh &amp; Save, los alimentos se mantienen frescos hasta 5 veces m\u00e1s tiempo que con el almacenamiento convencional y","robots":{"index":"noindex","follow":"follow","max-snippet":"max-snippet:-1","max-image-preview":"max-image-preview:large","max-video-preview":"max-video-preview:-1"},"og_locale":"es_ES","og_type":"article","og_title":"ZWILLING Set de envasado al vac\u00edo Fresh &#038; Save de plastico, 8 piezas La Mer - dev6 Erresse","og_description":"Con el set de envasado al vac\u00edo Fresh &amp; Save, los alimentos se mantienen frescos hasta 5 veces m\u00e1s tiempo que con el almacenamiento convencional y","og_url":"https:\/\/dev6.erresse-shop.it\/es\/shop\/cocina\/vacio\/zwilling-set-de-envasado-al-vacio-fresh-save-de-plastico-8-piezas-la-mer\/","og_site_name":"dev6 Erresse","og_image":[{"url":"https:\/\/interpim.erresse-shop.it\/Import\/Prodotti\/zwilling-set-sottovuoto-freshsave-in-vetro-8-pezzi-la-mer.jpg","type":"","width":"","height":""},{"url":"https:\/\/interpim.erresse-shop.it\/Import\/Prodotti\/zwilling-set-sottovuoto-freshsave-in-vetro-8-pezzi-la-mer.jpg","width":1024,"height":1024,"type":"image\/jpeg"}],"twitter_card":"summary_large_image","twitter_image":"https:\/\/interpim.erresse-shop.it\/Import\/Prodotti\/zwilling-set-sottovuoto-freshsave-in-vetro-8-pezzi-la-mer.jpg","schema":{"@context":"https:\/\/schema.org","@graph":[{"@type":"WebPage","@id":"https:\/\/dev6.erresse-shop.it\/es\/shop\/cocina\/vacio\/zwilling-set-de-envasado-al-vacio-fresh-save-de-plastico-8-piezas-la-mer\/","url":"https:\/\/dev6.erresse-shop.it\/es\/shop\/cocina\/vacio\/zwilling-set-de-envasado-al-vacio-fresh-save-de-plastico-8-piezas-la-mer\/","name":"ZWILLING Set de envasado al vac\u00edo Fresh &#038; Save de plastico, 8 piezas La Mer - dev6 Erresse","isPartOf":{"@id":"https:\/\/dev6.erresse-shop.it\/#website"},"primaryImageOfPage":{"@id":"https:\/\/dev6.erresse-shop.it\/es\/shop\/cocina\/vacio\/zwilling-set-de-envasado-al-vacio-fresh-save-de-plastico-8-piezas-la-mer\/#primaryimage"},"image":{"@id":"https:\/\/dev6.erresse-shop.it\/es\/shop\/cocina\/vacio\/zwilling-set-de-envasado-al-vacio-fresh-save-de-plastico-8-piezas-la-mer\/#primaryimage"},"thumbnailUrl":"https:\/\/i2.wp.com\/interpim.erresse-shop.it\/Import\/Prodotti\/zwilling-set-sottovuoto-freshsave-in-vetro-8-pezzi-la-mer.jpg?ssl=1","datePublished":"2026-04-04T11:34:15+00:00","description":"Con el set de envasado al vac\u00edo Fresh &amp; Save, los alimentos se mantienen frescos hasta 5 veces m\u00e1s tiempo que con el almacenamiento convencional y","breadcrumb":{"@id":"https:\/\/dev6.erresse-shop.it\/es\/shop\/cocina\/vacio\/zwilling-set-de-envasado-al-vacio-fresh-save-de-plastico-8-piezas-la-mer\/#breadcrumb"},"inLanguage":"es","potentialAction":[{"@type":"ReadAction","target":["https:\/\/dev6.erresse-shop.it\/es\/shop\/cocina\/vacio\/zwilling-set-de-envasado-al-vacio-fresh-save-de-plastico-8-piezas-la-mer\/"]}]},{"@type":"ImageObject","inLanguage":"es","@id":"https:\/\/dev6.erresse-shop.it\/es\/shop\/cocina\/vacio\/zwilling-set-de-envasado-al-vacio-fresh-save-de-plastico-8-piezas-la-mer\/#primaryimage","url":"https:\/\/i2.wp.com\/interpim.erresse-shop.it\/Import\/Prodotti\/zwilling-set-sottovuoto-freshsave-in-vetro-8-pezzi-la-mer.jpg?ssl=1","contentUrl":"https:\/\/i2.wp.com\/interpim.erresse-shop.it\/Import\/Prodotti\/zwilling-set-sottovuoto-freshsave-in-vetro-8-pezzi-la-mer.jpg?ssl=1"},{"@type":"BreadcrumbList","@id":"https:\/\/dev6.erresse-shop.it\/es\/shop\/cocina\/vacio\/zwilling-set-de-envasado-al-vacio-fresh-save-de-plastico-8-piezas-la-mer\/#breadcrumb","itemListElement":[{"@type":"ListItem","position":1,"name":"Home","item":"https:\/\/dev6.erresse-shop.it\/"},{"@type":"ListItem","position":2,"name":"Tienda","item":"https:\/\/dev6.erresse-shop.it\/shop\/"},{"@type":"ListItem","position":3,"name":"ZWILLING Set de envasado al vac\u00edo Fresh &#038; Save de plastico, 8 piezas La Mer"}]},{"@type":"WebSite","@id":"https:\/\/dev6.erresse-shop.it\/#website","url":"https:\/\/dev6.erresse-shop.it\/","name":"Erresse Shop","description":"","publisher":{"@id":"https:\/\/dev6.erresse-shop.it\/#organization"},"potentialAction":[{"@type":"SearchAction","target":{"@type":"EntryPoint","urlTemplate":"https:\/\/dev6.erresse-shop.it\/?s={search_term_string}"},"query-input":{"@type":"PropertyValueSpecification","valueRequired":true,"valueName":"search_term_string"}}],"inLanguage":"es"},{"@type":"Organization","@id":"https:\/\/dev6.erresse-shop.it\/#organization","name":"Erresse Shop","url":"https:\/\/dev6.erresse-shop.it\/","logo":{"@type":"ImageObject","inLanguage":"es","@id":"https:\/\/dev6.erresse-shop.it\/#\/schema\/logo\/image\/","url":"https:\/\/dev6.erresse-shop.it\/wp-content\/uploads\/2025\/01\/LOGO-ERRESSE-CLASSICO.svg","contentUrl":"https:\/\/dev6.erresse-shop.it\/wp-content\/uploads\/2025\/01\/LOGO-ERRESSE-CLASSICO.svg","caption":"Erresse Shop"},"image":{"@id":"https:\/\/dev6.erresse-shop.it\/#\/schema\/logo\/image\/"}}]}},"df_price":69,"df_sale_price":69,"df_regular_price":85,"df_image_link":"https:\/\/i2.wp.com\/interpim.erresse-shop.it\/Import\/Prodotti\/zwilling-set-sottovuoto-freshsave-in-vetro-8-pezzi-la-mer.jpg?resize=300,300&ssl=1","fifu_image_url":"https:\/\/interpim.erresse-shop.it\/Import\/Prodotti\/zwilling-set-sottovuoto-freshsave-in-vetro-8-pezzi-la-mer.jpg","_links":{"self":[{"href":"https:\/\/dev6.erresse-shop.it\/es\/wp-json\/wp\/v2\/product\/1884127","targetHints":{"allow":["GET"]}}],"collection":[{"href":"https:\/\/dev6.erresse-shop.it\/es\/wp-json\/wp\/v2\/product"}],"about":[{"href":"https:\/\/dev6.erresse-shop.it\/es\/wp-json\/wp\/v2\/types\/product"}],"wp:featuredmedia":[{"embeddable":true,"href":"https:\/\/dev6.erresse-shop.it\/es\/wp-json\/wp\/v2\/media\/6294291"}],"wp:attachment":[{"href":"https:\/\/dev6.erresse-shop.it\/es\/wp-json\/wp\/v2\/media?parent=1884127"}],"wp:term":[{"taxonomy":"product_cat","embeddable":true,"href":"https:\/\/dev6.erresse-shop.it\/es\/wp-json\/wp\/v2\/product_cat?post=1884127"},{"taxonomy":"product_tag","embeddable":true,"href":"https:\/\/dev6.erresse-shop.it\/es\/wp-json\/wp\/v2\/product_tag?post=1884127"}],"curies":[{"name":"wp","href":"https:\/\/api.w.org\/{rel}","templated":true}]}}