{"id":1884123,"date":"2026-04-12T13:36:44","date_gmt":"2026-04-12T11:36:44","guid":{"rendered":"https:\/\/dev6.erresse-shop.it\/shop\/sin%20categor\u00eda\/zwilling-set-de-7-selladores-al-vacio-de-plastico-fresh-save-la-mer\/"},"modified":"2025-09-14T10:32:18","modified_gmt":"2025-09-14T08:32:18","slug":"zwilling-set-de-7-selladores-al-vacio-de-plastico-fresh-save-la-mer","status":"publish","type":"product","link":"https:\/\/dev6.erresse-shop.it\/es\/shop\/cocina\/vacio\/zwilling-set-de-7-selladores-al-vacio-de-plastico-fresh-save-la-mer\/","title":{"rendered":"ZWILLING Set de 7 selladores al vac\u00edo de pl\u00e1stico Fresh &#038; Save La Mer"},"content":{"rendered":"<p>La selladora al vac\u00edo Zwilling: Los alimentos se mantienen frescos hasta 5 veces m\u00e1s tiempo que con el almacenamiento convencional, y con la tecnolog\u00eda FRESH &amp; AHORRA, se conservan sabores y nutrientes. De esta manera, no s\u00f3lo ahorras tiempo y dinero, sino que tambi\u00e9n evitas el desperdicio de alimentos.<\/p>\n<p>Frescura con envasado al vac\u00edo: Al presionar el bot\u00f3n, la bomba de vac\u00edo FRESH &amp; comienza a sellar los alimentos. AHORRO, c\u00f3modo y sin cables, aspira el aire del recipiente o bolsa en tan solo unos segundos. El dispositivo se detiene autom\u00e1ticamente tan pronto como se extrae la cantidad adecuada de aire.<\/p>\n<p>Envases al vac\u00edo: Envases frescos y al vac\u00edo SAVE, irrompibles y fabricados en pl\u00e1stico libre de BPA, son extremadamente vers\u00e1tiles. Ya sea que los uses en el microondas, el congelador o el refrigerador, estos recipientes livianos nunca te decepcionar\u00e1n y son aptos para lavavajillas.<\/p>\n<p>Bolsas de vac\u00edo que ahorran espacio: Los alimentos se pueden almacenar herm\u00e9ticamente en el congelador y el refrigerador gracias a la funci\u00f3n de cierre herm\u00e9tico de las duraderas bolsas FRESH &amp; AHORRAR. Las bolsas reutilizables que conservan la frescura, que incluyen un accesorio para marinar, son ideales para cocinar al vac\u00edo y marinar.<\/p>\n<p>CONTENIDO DEL PAQUETE:<\/p>\n<p>1 bomba de vac\u00edo (\u00d8 4,5 cm, H 19,5 cm)<br \/>\n1 recipiente al vac\u00edo, en vidrio de borosilicato, tama\u00f1o L (2,3 L, 22 x 15 x 12 cm),<br \/>\n2 bolsas de vac\u00edo, tama\u00f1o S (1,25 L, 23 x 20 cm),<br \/>\n2 bolsas de vac\u00edo, tama\u00f1o M (4 L, 35 x 26 cm),<br \/>\n1 bolsa de vac\u00edo, tama\u00f1o L (8,5 L, 49 x 30 cm), incluye cierre y accesorio para marinar<\/p>\n<p>Los alimentos se mantienen frescos por m\u00e1s tiempo gracias a la funci\u00f3n de vac\u00edo<\/p>\n<p>Seguimiento sencillo de la vida \u00fatil de los alimentos mediante c\u00f3digo QR y aplicaci\u00f3n<\/p>\n","protected":false},"excerpt":{"rendered":"<p>La selladora al vac\u00edo Zwilling: Los alimentos se mantienen frescos hasta 5 veces m\u00e1s tiempo que con el almacenamiento convencional, y con la tecnolog\u00eda FRESH &amp; AHORRA, se conservan sabores y nutrientes. De esta manera, no s\u00f3lo ahorras tiempo y dinero, sino que tambi\u00e9n evitas el desperdicio de alimentos. Frescura con envasado al vac\u00edo: Al [&hellip;]<\/p>\n","protected":false},"featured_media":6377533,"template":"","meta":{"_acf_changed":false},"product_cat":[11884,11987],"product_tag":[],"class_list":{"0":"post-1884123","1":"product","2":"type-product","3":"status-publish","4":"has-post-thumbnail","6":"product_cat-cocina","7":"product_cat-vacio","9":"first","10":"instock","11":"sale","12":"taxable","13":"shipping-taxable","14":"purchasable","15":"product-type-simple","swatches":"rey-swatches","show_selected":"","stretch_labels":"rey-swatches--stretch-labels"},"acf":[],"yoast_head":"<!-- This site is optimized with the Yoast SEO plugin v25.4 - https:\/\/yoast.com\/wordpress\/plugins\/seo\/ -->\n<title>ZWILLING Set de 7 selladores al vac\u00edo de pl\u00e1stico Fresh &#038; Save La Mer - dev6 Erresse<\/title>\n<meta name=\"description\" content=\"La selladora al vac\u00edo Zwilling: Los alimentos se mantienen frescos hasta 5 veces m\u00e1s tiempo que con el almacenamiento convencional, y con la tecnolog\u00eda\" \/>\n<meta name=\"robots\" content=\"noindex, follow, max-snippet:-1, max-image-preview:large, max-video-preview:-1\" \/>\n<meta property=\"og:locale\" content=\"es_ES\" \/>\n<meta property=\"og:type\" content=\"article\" \/>\n<meta property=\"og:title\" content=\"ZWILLING Set de 7 selladores al vac\u00edo de pl\u00e1stico Fresh &#038; Save La Mer - dev6 Erresse\" \/>\n<meta property=\"og:description\" content=\"La selladora al vac\u00edo Zwilling: Los alimentos se mantienen frescos hasta 5 veces m\u00e1s tiempo que con el almacenamiento convencional, y con la tecnolog\u00eda\" \/>\n<meta property=\"og:url\" content=\"https:\/\/dev6.erresse-shop.it\/es\/shop\/cocina\/vacio\/zwilling-set-de-7-selladores-al-vacio-de-plastico-fresh-save-la-mer\/\" \/>\n<meta property=\"og:site_name\" content=\"dev6 Erresse\" \/>\n<meta property=\"og:image\" content=\"https:\/\/interpim.erresse-shop.it\/Import\/Prodotti\/zwilling-set-sottovuoto-freshsave-in-plastica-7-pezzi-la-mer.jpg\" \/><meta property=\"og:image\" content=\"https:\/\/interpim.erresse-shop.it\/Import\/Prodotti\/zwilling-set-sottovuoto-freshsave-in-plastica-7-pezzi-la-mer.jpg\" \/>\n\t<meta property=\"og:image:width\" content=\"1024\" \/>\n\t<meta property=\"og:image:height\" content=\"1024\" \/>\n\t<meta property=\"og:image:type\" content=\"image\/jpeg\" \/>\n<meta name=\"twitter:card\" content=\"summary_large_image\" \/>\n<meta name=\"twitter:image\" content=\"https:\/\/interpim.erresse-shop.it\/Import\/Prodotti\/zwilling-set-sottovuoto-freshsave-in-plastica-7-pezzi-la-mer.jpg\" \/>\n<script type=\"application\/ld+json\" class=\"yoast-schema-graph\">{\"@context\":\"https:\/\/schema.org\",\"@graph\":[{\"@type\":\"WebPage\",\"@id\":\"https:\/\/dev6.erresse-shop.it\/es\/shop\/cocina\/vacio\/zwilling-set-de-7-selladores-al-vacio-de-plastico-fresh-save-la-mer\/\",\"url\":\"https:\/\/dev6.erresse-shop.it\/es\/shop\/cocina\/vacio\/zwilling-set-de-7-selladores-al-vacio-de-plastico-fresh-save-la-mer\/\",\"name\":\"ZWILLING Set de 7 selladores al vac\u00edo de pl\u00e1stico Fresh &#038; Save La Mer - dev6 Erresse\",\"isPartOf\":{\"@id\":\"https:\/\/dev6.erresse-shop.it\/#website\"},\"primaryImageOfPage\":{\"@id\":\"https:\/\/dev6.erresse-shop.it\/es\/shop\/cocina\/vacio\/zwilling-set-de-7-selladores-al-vacio-de-plastico-fresh-save-la-mer\/#primaryimage\"},\"image\":{\"@id\":\"https:\/\/dev6.erresse-shop.it\/es\/shop\/cocina\/vacio\/zwilling-set-de-7-selladores-al-vacio-de-plastico-fresh-save-la-mer\/#primaryimage\"},\"thumbnailUrl\":\"https:\/\/i1.wp.com\/interpim.erresse-shop.it\/Import\/Prodotti\/zwilling-set-sottovuoto-freshsave-in-plastica-7-pezzi-la-mer.jpg?ssl=1\",\"datePublished\":\"2026-04-12T11:36:44+00:00\",\"description\":\"La selladora al vac\u00edo Zwilling: Los alimentos se mantienen frescos hasta 5 veces m\u00e1s tiempo que con el almacenamiento convencional, y con la tecnolog\u00eda\",\"breadcrumb\":{\"@id\":\"https:\/\/dev6.erresse-shop.it\/es\/shop\/cocina\/vacio\/zwilling-set-de-7-selladores-al-vacio-de-plastico-fresh-save-la-mer\/#breadcrumb\"},\"inLanguage\":\"es\",\"potentialAction\":[{\"@type\":\"ReadAction\",\"target\":[\"https:\/\/dev6.erresse-shop.it\/es\/shop\/cocina\/vacio\/zwilling-set-de-7-selladores-al-vacio-de-plastico-fresh-save-la-mer\/\"]}]},{\"@type\":\"ImageObject\",\"inLanguage\":\"es\",\"@id\":\"https:\/\/dev6.erresse-shop.it\/es\/shop\/cocina\/vacio\/zwilling-set-de-7-selladores-al-vacio-de-plastico-fresh-save-la-mer\/#primaryimage\",\"url\":\"https:\/\/i1.wp.com\/interpim.erresse-shop.it\/Import\/Prodotti\/zwilling-set-sottovuoto-freshsave-in-plastica-7-pezzi-la-mer.jpg?ssl=1\",\"contentUrl\":\"https:\/\/i1.wp.com\/interpim.erresse-shop.it\/Import\/Prodotti\/zwilling-set-sottovuoto-freshsave-in-plastica-7-pezzi-la-mer.jpg?ssl=1\"},{\"@type\":\"BreadcrumbList\",\"@id\":\"https:\/\/dev6.erresse-shop.it\/es\/shop\/cocina\/vacio\/zwilling-set-de-7-selladores-al-vacio-de-plastico-fresh-save-la-mer\/#breadcrumb\",\"itemListElement\":[{\"@type\":\"ListItem\",\"position\":1,\"name\":\"Home\",\"item\":\"https:\/\/dev6.erresse-shop.it\/\"},{\"@type\":\"ListItem\",\"position\":2,\"name\":\"Tienda\",\"item\":\"https:\/\/dev6.erresse-shop.it\/shop\/\"},{\"@type\":\"ListItem\",\"position\":3,\"name\":\"ZWILLING Set de 7 selladores al vac\u00edo de pl\u00e1stico Fresh &#038; Save La Mer\"}]},{\"@type\":\"WebSite\",\"@id\":\"https:\/\/dev6.erresse-shop.it\/#website\",\"url\":\"https:\/\/dev6.erresse-shop.it\/\",\"name\":\"Erresse Shop\",\"description\":\"\",\"publisher\":{\"@id\":\"https:\/\/dev6.erresse-shop.it\/#organization\"},\"potentialAction\":[{\"@type\":\"SearchAction\",\"target\":{\"@type\":\"EntryPoint\",\"urlTemplate\":\"https:\/\/dev6.erresse-shop.it\/?s={search_term_string}\"},\"query-input\":{\"@type\":\"PropertyValueSpecification\",\"valueRequired\":true,\"valueName\":\"search_term_string\"}}],\"inLanguage\":\"es\"},{\"@type\":\"Organization\",\"@id\":\"https:\/\/dev6.erresse-shop.it\/#organization\",\"name\":\"Erresse Shop\",\"url\":\"https:\/\/dev6.erresse-shop.it\/\",\"logo\":{\"@type\":\"ImageObject\",\"inLanguage\":\"es\",\"@id\":\"https:\/\/dev6.erresse-shop.it\/#\/schema\/logo\/image\/\",\"url\":\"https:\/\/dev6.erresse-shop.it\/wp-content\/uploads\/2025\/01\/LOGO-ERRESSE-CLASSICO.svg\",\"contentUrl\":\"https:\/\/dev6.erresse-shop.it\/wp-content\/uploads\/2025\/01\/LOGO-ERRESSE-CLASSICO.svg\",\"caption\":\"Erresse Shop\"},\"image\":{\"@id\":\"https:\/\/dev6.erresse-shop.it\/#\/schema\/logo\/image\/\"}}]}<\/script>\n<!-- \/ Yoast SEO plugin. -->","yoast_head_json":{"title":"ZWILLING Set de 7 selladores al vac\u00edo de pl\u00e1stico Fresh &#038; Save La Mer - dev6 Erresse","description":"La selladora al vac\u00edo Zwilling: Los alimentos se mantienen frescos hasta 5 veces m\u00e1s tiempo que con el almacenamiento convencional, y con la tecnolog\u00eda","robots":{"index":"noindex","follow":"follow","max-snippet":"max-snippet:-1","max-image-preview":"max-image-preview:large","max-video-preview":"max-video-preview:-1"},"og_locale":"es_ES","og_type":"article","og_title":"ZWILLING Set de 7 selladores al vac\u00edo de pl\u00e1stico Fresh &#038; Save La Mer - dev6 Erresse","og_description":"La selladora al vac\u00edo Zwilling: Los alimentos se mantienen frescos hasta 5 veces m\u00e1s tiempo que con el almacenamiento convencional, y con la tecnolog\u00eda","og_url":"https:\/\/dev6.erresse-shop.it\/es\/shop\/cocina\/vacio\/zwilling-set-de-7-selladores-al-vacio-de-plastico-fresh-save-la-mer\/","og_site_name":"dev6 Erresse","og_image":[{"url":"https:\/\/interpim.erresse-shop.it\/Import\/Prodotti\/zwilling-set-sottovuoto-freshsave-in-plastica-7-pezzi-la-mer.jpg","type":"","width":"","height":""},{"url":"https:\/\/interpim.erresse-shop.it\/Import\/Prodotti\/zwilling-set-sottovuoto-freshsave-in-plastica-7-pezzi-la-mer.jpg","width":1024,"height":1024,"type":"image\/jpeg"}],"twitter_card":"summary_large_image","twitter_image":"https:\/\/interpim.erresse-shop.it\/Import\/Prodotti\/zwilling-set-sottovuoto-freshsave-in-plastica-7-pezzi-la-mer.jpg","schema":{"@context":"https:\/\/schema.org","@graph":[{"@type":"WebPage","@id":"https:\/\/dev6.erresse-shop.it\/es\/shop\/cocina\/vacio\/zwilling-set-de-7-selladores-al-vacio-de-plastico-fresh-save-la-mer\/","url":"https:\/\/dev6.erresse-shop.it\/es\/shop\/cocina\/vacio\/zwilling-set-de-7-selladores-al-vacio-de-plastico-fresh-save-la-mer\/","name":"ZWILLING Set de 7 selladores al vac\u00edo de pl\u00e1stico Fresh &#038; Save La Mer - dev6 Erresse","isPartOf":{"@id":"https:\/\/dev6.erresse-shop.it\/#website"},"primaryImageOfPage":{"@id":"https:\/\/dev6.erresse-shop.it\/es\/shop\/cocina\/vacio\/zwilling-set-de-7-selladores-al-vacio-de-plastico-fresh-save-la-mer\/#primaryimage"},"image":{"@id":"https:\/\/dev6.erresse-shop.it\/es\/shop\/cocina\/vacio\/zwilling-set-de-7-selladores-al-vacio-de-plastico-fresh-save-la-mer\/#primaryimage"},"thumbnailUrl":"https:\/\/i1.wp.com\/interpim.erresse-shop.it\/Import\/Prodotti\/zwilling-set-sottovuoto-freshsave-in-plastica-7-pezzi-la-mer.jpg?ssl=1","datePublished":"2026-04-12T11:36:44+00:00","description":"La selladora al vac\u00edo Zwilling: Los alimentos se mantienen frescos hasta 5 veces m\u00e1s tiempo que con el almacenamiento convencional, y con la tecnolog\u00eda","breadcrumb":{"@id":"https:\/\/dev6.erresse-shop.it\/es\/shop\/cocina\/vacio\/zwilling-set-de-7-selladores-al-vacio-de-plastico-fresh-save-la-mer\/#breadcrumb"},"inLanguage":"es","potentialAction":[{"@type":"ReadAction","target":["https:\/\/dev6.erresse-shop.it\/es\/shop\/cocina\/vacio\/zwilling-set-de-7-selladores-al-vacio-de-plastico-fresh-save-la-mer\/"]}]},{"@type":"ImageObject","inLanguage":"es","@id":"https:\/\/dev6.erresse-shop.it\/es\/shop\/cocina\/vacio\/zwilling-set-de-7-selladores-al-vacio-de-plastico-fresh-save-la-mer\/#primaryimage","url":"https:\/\/i1.wp.com\/interpim.erresse-shop.it\/Import\/Prodotti\/zwilling-set-sottovuoto-freshsave-in-plastica-7-pezzi-la-mer.jpg?ssl=1","contentUrl":"https:\/\/i1.wp.com\/interpim.erresse-shop.it\/Import\/Prodotti\/zwilling-set-sottovuoto-freshsave-in-plastica-7-pezzi-la-mer.jpg?ssl=1"},{"@type":"BreadcrumbList","@id":"https:\/\/dev6.erresse-shop.it\/es\/shop\/cocina\/vacio\/zwilling-set-de-7-selladores-al-vacio-de-plastico-fresh-save-la-mer\/#breadcrumb","itemListElement":[{"@type":"ListItem","position":1,"name":"Home","item":"https:\/\/dev6.erresse-shop.it\/"},{"@type":"ListItem","position":2,"name":"Tienda","item":"https:\/\/dev6.erresse-shop.it\/shop\/"},{"@type":"ListItem","position":3,"name":"ZWILLING Set de 7 selladores al vac\u00edo de pl\u00e1stico Fresh &#038; Save La Mer"}]},{"@type":"WebSite","@id":"https:\/\/dev6.erresse-shop.it\/#website","url":"https:\/\/dev6.erresse-shop.it\/","name":"Erresse Shop","description":"","publisher":{"@id":"https:\/\/dev6.erresse-shop.it\/#organization"},"potentialAction":[{"@type":"SearchAction","target":{"@type":"EntryPoint","urlTemplate":"https:\/\/dev6.erresse-shop.it\/?s={search_term_string}"},"query-input":{"@type":"PropertyValueSpecification","valueRequired":true,"valueName":"search_term_string"}}],"inLanguage":"es"},{"@type":"Organization","@id":"https:\/\/dev6.erresse-shop.it\/#organization","name":"Erresse Shop","url":"https:\/\/dev6.erresse-shop.it\/","logo":{"@type":"ImageObject","inLanguage":"es","@id":"https:\/\/dev6.erresse-shop.it\/#\/schema\/logo\/image\/","url":"https:\/\/dev6.erresse-shop.it\/wp-content\/uploads\/2025\/01\/LOGO-ERRESSE-CLASSICO.svg","contentUrl":"https:\/\/dev6.erresse-shop.it\/wp-content\/uploads\/2025\/01\/LOGO-ERRESSE-CLASSICO.svg","caption":"Erresse Shop"},"image":{"@id":"https:\/\/dev6.erresse-shop.it\/#\/schema\/logo\/image\/"}}]}},"df_price":62,"df_sale_price":62,"df_regular_price":75,"df_image_link":"https:\/\/i1.wp.com\/interpim.erresse-shop.it\/Import\/Prodotti\/zwilling-set-sottovuoto-freshsave-in-plastica-7-pezzi-la-mer.jpg?resize=300,300&ssl=1","fifu_image_url":"https:\/\/interpim.erresse-shop.it\/Import\/Prodotti\/zwilling-set-sottovuoto-freshsave-in-plastica-7-pezzi-la-mer.jpg","_links":{"self":[{"href":"https:\/\/dev6.erresse-shop.it\/es\/wp-json\/wp\/v2\/product\/1884123","targetHints":{"allow":["GET"]}}],"collection":[{"href":"https:\/\/dev6.erresse-shop.it\/es\/wp-json\/wp\/v2\/product"}],"about":[{"href":"https:\/\/dev6.erresse-shop.it\/es\/wp-json\/wp\/v2\/types\/product"}],"wp:featuredmedia":[{"embeddable":true,"href":"https:\/\/dev6.erresse-shop.it\/es\/wp-json\/wp\/v2\/media\/6377533"}],"wp:attachment":[{"href":"https:\/\/dev6.erresse-shop.it\/es\/wp-json\/wp\/v2\/media?parent=1884123"}],"wp:term":[{"taxonomy":"product_cat","embeddable":true,"href":"https:\/\/dev6.erresse-shop.it\/es\/wp-json\/wp\/v2\/product_cat?post=1884123"},{"taxonomy":"product_tag","embeddable":true,"href":"https:\/\/dev6.erresse-shop.it\/es\/wp-json\/wp\/v2\/product_tag?post=1884123"}],"curies":[{"name":"wp","href":"https:\/\/api.w.org\/{rel}","templated":true}]}}