{"id":1884121,"date":"2026-04-12T13:36:44","date_gmt":"2026-04-12T11:36:44","guid":{"rendered":"https:\/\/dev6.erresse-shop.it\/shop\/sin%20categor\u00eda\/staub-cacerola-de-hierro-fundido-con-tapa-20-cm-gris-grafito\/"},"modified":"2025-09-14T10:32:13","modified_gmt":"2025-09-14T08:32:13","slug":"staub-cacerola-de-hierro-fundido-con-tapa-20-cm-gris-grafito","status":"publish","type":"product","link":"https:\/\/dev6.erresse-shop.it\/es\/shop\/sartenes-y-ollas\/ollas-y-cacerolas\/staub-cacerola-de-hierro-fundido-con-tapa-20-cm-gris-grafito\/","title":{"rendered":"STAUB Cacerola de hierro fundido con tapa 20 cm Gris grafito"},"content":{"rendered":"<p>La cacerola redonda con tapa de la gama de utensilios de cocina Staub es adecuada para cualquier tipo de cocina, incluidas las placas de inducci\u00f3n. La distribuci\u00f3n uniforme del calor lo hace perfecto para una cocci\u00f3n saludable y suave. Cocinadas en cazuela, las verduras frescas conservan todas sus vitaminas y nutrientes m\u00e1s importantes. Con una capacidad de 0,75 litros y un di\u00e1metro de 20 cm, esta fuente para horno es especialmente adecuada para preparar porciones individuales. La ventaja de esta fuente para hornear de color gris grafito es que puedes llevarla directamente del horno a la mesa. La forma cl\u00e1sica con pr\u00e1cticas asas en los laterales hace que sea f\u00e1cil de manejar y almacenar. Las cazuelas Staub no s\u00f3lo son aptas para su uso en el horno. Una vez que los ingredientes est\u00e9n dorados, puedes meterlos al horno para cocinarlos hasta que est\u00e9n completamente dorados. Los resultados de cocci\u00f3n conseguidos con esta olla Staub le encantar\u00e1n.<\/p>\n<p>Preparar y servir<\/p>\n<p>Caracter\u00edsticas:<\/p>\n<p>Resistencia al calor:260 \u00baC<br \/>\nResistencia al fr\u00edo:-20 \u00baC<br \/>\nMaterial:hierro fundido<br \/>\nTipo de manija:Perilla de la tapa<br \/>\nRecubrimiento interno:esmalte<br \/>\nInducci\u00f3n:S\u00ed<br \/>\nApto para horno:S\u00ed<br \/>\nApto para congelador:S\u00ed<br \/>\nApto para estufa:S\u00ed<br \/>\nApto para lavavajillas:S\u00ed<\/p>\n<p>Dimensiones:<\/p>\n<p>Peso neto:2,21 kg<br \/>\nCapacidad:0,75 l<br \/>\nLongitud del producto:26,00 cm<br \/>\nAncho del producto:20,40 cm<br \/>\nAltura del producto:8,60 cm<br \/>\nDi\u00e1metro superior:20,00 cm<br \/>\nDi\u00e1metro del fondo:17,00 cm<\/p>\n","protected":false},"excerpt":{"rendered":"<p>La cacerola redonda con tapa de la gama de utensilios de cocina Staub es adecuada para cualquier tipo de cocina, incluidas las placas de inducci\u00f3n. La distribuci\u00f3n uniforme del calor lo hace perfecto para una cocci\u00f3n saludable y suave. Cocinadas en cazuela, las verduras frescas conservan todas sus vitaminas y nutrientes m\u00e1s importantes. Con una [&hellip;]<\/p>\n","protected":false},"featured_media":6377522,"template":"","meta":{"_acf_changed":false},"product_cat":[11893,11883],"product_tag":[],"class_list":{"0":"post-1884121","1":"product","2":"type-product","3":"status-publish","4":"has-post-thumbnail","6":"product_cat-ollas-y-cacerolas","7":"product_cat-sartenes-y-ollas","9":"first","10":"instock","11":"sale","12":"taxable","13":"shipping-taxable","14":"purchasable","15":"product-type-simple","swatches":"rey-swatches","show_selected":"","stretch_labels":"rey-swatches--stretch-labels"},"acf":[],"yoast_head":"<!-- This site is optimized with the Yoast SEO plugin v25.4 - https:\/\/yoast.com\/wordpress\/plugins\/seo\/ -->\n<title>STAUB Cacerola de hierro fundido con tapa 20 cm Gris grafito - dev6 Erresse<\/title>\n<meta name=\"description\" content=\"La cacerola redonda con tapa de la gama de utensilios de cocina Staub es adecuada para cualquier tipo de cocina, incluidas las placas de inducci\u00f3n. La\" \/>\n<meta name=\"robots\" content=\"noindex, follow, max-snippet:-1, max-image-preview:large, max-video-preview:-1\" \/>\n<meta property=\"og:locale\" content=\"es_ES\" \/>\n<meta property=\"og:type\" content=\"article\" \/>\n<meta property=\"og:title\" content=\"STAUB Cacerola de hierro fundido con tapa 20 cm Gris grafito - dev6 Erresse\" \/>\n<meta property=\"og:description\" content=\"La cacerola redonda con tapa de la gama de utensilios de cocina Staub es adecuada para cualquier tipo de cocina, incluidas las placas de inducci\u00f3n. La\" \/>\n<meta property=\"og:url\" content=\"https:\/\/dev6.erresse-shop.it\/es\/shop\/sartenes-y-ollas\/ollas-y-cacerolas\/staub-cacerola-de-hierro-fundido-con-tapa-20-cm-gris-grafito\/\" \/>\n<meta property=\"og:site_name\" content=\"dev6 Erresse\" \/>\n<meta property=\"og:image\" content=\"https:\/\/interpim.erresse-shop.it\/Import\/Prodotti\/staub-pirofila-tonda-in-ghisa-20-cm-grigio-grafite.jpg\" \/><meta property=\"og:image\" content=\"https:\/\/interpim.erresse-shop.it\/Import\/Prodotti\/staub-pirofila-tonda-in-ghisa-20-cm-grigio-grafite.jpg\" \/>\n\t<meta property=\"og:image:width\" content=\"1024\" \/>\n\t<meta property=\"og:image:height\" content=\"1024\" \/>\n\t<meta property=\"og:image:type\" content=\"image\/jpeg\" \/>\n<meta name=\"twitter:card\" content=\"summary_large_image\" \/>\n<meta name=\"twitter:image\" content=\"https:\/\/interpim.erresse-shop.it\/Import\/Prodotti\/staub-pirofila-tonda-in-ghisa-20-cm-grigio-grafite.jpg\" \/>\n<script type=\"application\/ld+json\" class=\"yoast-schema-graph\">{\"@context\":\"https:\/\/schema.org\",\"@graph\":[{\"@type\":\"WebPage\",\"@id\":\"https:\/\/dev6.erresse-shop.it\/es\/shop\/sartenes-y-ollas\/ollas-y-cacerolas\/staub-cacerola-de-hierro-fundido-con-tapa-20-cm-gris-grafito\/\",\"url\":\"https:\/\/dev6.erresse-shop.it\/es\/shop\/sartenes-y-ollas\/ollas-y-cacerolas\/staub-cacerola-de-hierro-fundido-con-tapa-20-cm-gris-grafito\/\",\"name\":\"STAUB Cacerola de hierro fundido con tapa 20 cm Gris grafito - dev6 Erresse\",\"isPartOf\":{\"@id\":\"https:\/\/dev6.erresse-shop.it\/#website\"},\"primaryImageOfPage\":{\"@id\":\"https:\/\/dev6.erresse-shop.it\/es\/shop\/sartenes-y-ollas\/ollas-y-cacerolas\/staub-cacerola-de-hierro-fundido-con-tapa-20-cm-gris-grafito\/#primaryimage\"},\"image\":{\"@id\":\"https:\/\/dev6.erresse-shop.it\/es\/shop\/sartenes-y-ollas\/ollas-y-cacerolas\/staub-cacerola-de-hierro-fundido-con-tapa-20-cm-gris-grafito\/#primaryimage\"},\"thumbnailUrl\":\"https:\/\/i3.wp.com\/interpim.erresse-shop.it\/Import\/Prodotti\/staub-pirofila-tonda-in-ghisa-20-cm-grigio-grafite.jpg?ssl=1\",\"datePublished\":\"2026-04-12T11:36:44+00:00\",\"description\":\"La cacerola redonda con tapa de la gama de utensilios de cocina Staub es adecuada para cualquier tipo de cocina, incluidas las placas de inducci\u00f3n. La\",\"breadcrumb\":{\"@id\":\"https:\/\/dev6.erresse-shop.it\/es\/shop\/sartenes-y-ollas\/ollas-y-cacerolas\/staub-cacerola-de-hierro-fundido-con-tapa-20-cm-gris-grafito\/#breadcrumb\"},\"inLanguage\":\"es\",\"potentialAction\":[{\"@type\":\"ReadAction\",\"target\":[\"https:\/\/dev6.erresse-shop.it\/es\/shop\/sartenes-y-ollas\/ollas-y-cacerolas\/staub-cacerola-de-hierro-fundido-con-tapa-20-cm-gris-grafito\/\"]}]},{\"@type\":\"ImageObject\",\"inLanguage\":\"es\",\"@id\":\"https:\/\/dev6.erresse-shop.it\/es\/shop\/sartenes-y-ollas\/ollas-y-cacerolas\/staub-cacerola-de-hierro-fundido-con-tapa-20-cm-gris-grafito\/#primaryimage\",\"url\":\"https:\/\/i3.wp.com\/interpim.erresse-shop.it\/Import\/Prodotti\/staub-pirofila-tonda-in-ghisa-20-cm-grigio-grafite.jpg?ssl=1\",\"contentUrl\":\"https:\/\/i3.wp.com\/interpim.erresse-shop.it\/Import\/Prodotti\/staub-pirofila-tonda-in-ghisa-20-cm-grigio-grafite.jpg?ssl=1\"},{\"@type\":\"BreadcrumbList\",\"@id\":\"https:\/\/dev6.erresse-shop.it\/es\/shop\/sartenes-y-ollas\/ollas-y-cacerolas\/staub-cacerola-de-hierro-fundido-con-tapa-20-cm-gris-grafito\/#breadcrumb\",\"itemListElement\":[{\"@type\":\"ListItem\",\"position\":1,\"name\":\"Home\",\"item\":\"https:\/\/dev6.erresse-shop.it\/\"},{\"@type\":\"ListItem\",\"position\":2,\"name\":\"Tienda\",\"item\":\"https:\/\/dev6.erresse-shop.it\/shop\/\"},{\"@type\":\"ListItem\",\"position\":3,\"name\":\"STAUB Cacerola de hierro fundido con tapa 20 cm Gris grafito\"}]},{\"@type\":\"WebSite\",\"@id\":\"https:\/\/dev6.erresse-shop.it\/#website\",\"url\":\"https:\/\/dev6.erresse-shop.it\/\",\"name\":\"Erresse Shop\",\"description\":\"\",\"publisher\":{\"@id\":\"https:\/\/dev6.erresse-shop.it\/#organization\"},\"potentialAction\":[{\"@type\":\"SearchAction\",\"target\":{\"@type\":\"EntryPoint\",\"urlTemplate\":\"https:\/\/dev6.erresse-shop.it\/?s={search_term_string}\"},\"query-input\":{\"@type\":\"PropertyValueSpecification\",\"valueRequired\":true,\"valueName\":\"search_term_string\"}}],\"inLanguage\":\"es\"},{\"@type\":\"Organization\",\"@id\":\"https:\/\/dev6.erresse-shop.it\/#organization\",\"name\":\"Erresse Shop\",\"url\":\"https:\/\/dev6.erresse-shop.it\/\",\"logo\":{\"@type\":\"ImageObject\",\"inLanguage\":\"es\",\"@id\":\"https:\/\/dev6.erresse-shop.it\/#\/schema\/logo\/image\/\",\"url\":\"https:\/\/dev6.erresse-shop.it\/wp-content\/uploads\/2025\/01\/LOGO-ERRESSE-CLASSICO.svg\",\"contentUrl\":\"https:\/\/dev6.erresse-shop.it\/wp-content\/uploads\/2025\/01\/LOGO-ERRESSE-CLASSICO.svg\",\"caption\":\"Erresse Shop\"},\"image\":{\"@id\":\"https:\/\/dev6.erresse-shop.it\/#\/schema\/logo\/image\/\"}}]}<\/script>\n<!-- \/ Yoast SEO plugin. -->","yoast_head_json":{"title":"STAUB Cacerola de hierro fundido con tapa 20 cm Gris grafito - dev6 Erresse","description":"La cacerola redonda con tapa de la gama de utensilios de cocina Staub es adecuada para cualquier tipo de cocina, incluidas las placas de inducci\u00f3n. La","robots":{"index":"noindex","follow":"follow","max-snippet":"max-snippet:-1","max-image-preview":"max-image-preview:large","max-video-preview":"max-video-preview:-1"},"og_locale":"es_ES","og_type":"article","og_title":"STAUB Cacerola de hierro fundido con tapa 20 cm Gris grafito - dev6 Erresse","og_description":"La cacerola redonda con tapa de la gama de utensilios de cocina Staub es adecuada para cualquier tipo de cocina, incluidas las placas de inducci\u00f3n. La","og_url":"https:\/\/dev6.erresse-shop.it\/es\/shop\/sartenes-y-ollas\/ollas-y-cacerolas\/staub-cacerola-de-hierro-fundido-con-tapa-20-cm-gris-grafito\/","og_site_name":"dev6 Erresse","og_image":[{"url":"https:\/\/interpim.erresse-shop.it\/Import\/Prodotti\/staub-pirofila-tonda-in-ghisa-20-cm-grigio-grafite.jpg","type":"","width":"","height":""},{"url":"https:\/\/interpim.erresse-shop.it\/Import\/Prodotti\/staub-pirofila-tonda-in-ghisa-20-cm-grigio-grafite.jpg","width":1024,"height":1024,"type":"image\/jpeg"}],"twitter_card":"summary_large_image","twitter_image":"https:\/\/interpim.erresse-shop.it\/Import\/Prodotti\/staub-pirofila-tonda-in-ghisa-20-cm-grigio-grafite.jpg","schema":{"@context":"https:\/\/schema.org","@graph":[{"@type":"WebPage","@id":"https:\/\/dev6.erresse-shop.it\/es\/shop\/sartenes-y-ollas\/ollas-y-cacerolas\/staub-cacerola-de-hierro-fundido-con-tapa-20-cm-gris-grafito\/","url":"https:\/\/dev6.erresse-shop.it\/es\/shop\/sartenes-y-ollas\/ollas-y-cacerolas\/staub-cacerola-de-hierro-fundido-con-tapa-20-cm-gris-grafito\/","name":"STAUB Cacerola de hierro fundido con tapa 20 cm Gris grafito - dev6 Erresse","isPartOf":{"@id":"https:\/\/dev6.erresse-shop.it\/#website"},"primaryImageOfPage":{"@id":"https:\/\/dev6.erresse-shop.it\/es\/shop\/sartenes-y-ollas\/ollas-y-cacerolas\/staub-cacerola-de-hierro-fundido-con-tapa-20-cm-gris-grafito\/#primaryimage"},"image":{"@id":"https:\/\/dev6.erresse-shop.it\/es\/shop\/sartenes-y-ollas\/ollas-y-cacerolas\/staub-cacerola-de-hierro-fundido-con-tapa-20-cm-gris-grafito\/#primaryimage"},"thumbnailUrl":"https:\/\/i3.wp.com\/interpim.erresse-shop.it\/Import\/Prodotti\/staub-pirofila-tonda-in-ghisa-20-cm-grigio-grafite.jpg?ssl=1","datePublished":"2026-04-12T11:36:44+00:00","description":"La cacerola redonda con tapa de la gama de utensilios de cocina Staub es adecuada para cualquier tipo de cocina, incluidas las placas de inducci\u00f3n. La","breadcrumb":{"@id":"https:\/\/dev6.erresse-shop.it\/es\/shop\/sartenes-y-ollas\/ollas-y-cacerolas\/staub-cacerola-de-hierro-fundido-con-tapa-20-cm-gris-grafito\/#breadcrumb"},"inLanguage":"es","potentialAction":[{"@type":"ReadAction","target":["https:\/\/dev6.erresse-shop.it\/es\/shop\/sartenes-y-ollas\/ollas-y-cacerolas\/staub-cacerola-de-hierro-fundido-con-tapa-20-cm-gris-grafito\/"]}]},{"@type":"ImageObject","inLanguage":"es","@id":"https:\/\/dev6.erresse-shop.it\/es\/shop\/sartenes-y-ollas\/ollas-y-cacerolas\/staub-cacerola-de-hierro-fundido-con-tapa-20-cm-gris-grafito\/#primaryimage","url":"https:\/\/i3.wp.com\/interpim.erresse-shop.it\/Import\/Prodotti\/staub-pirofila-tonda-in-ghisa-20-cm-grigio-grafite.jpg?ssl=1","contentUrl":"https:\/\/i3.wp.com\/interpim.erresse-shop.it\/Import\/Prodotti\/staub-pirofila-tonda-in-ghisa-20-cm-grigio-grafite.jpg?ssl=1"},{"@type":"BreadcrumbList","@id":"https:\/\/dev6.erresse-shop.it\/es\/shop\/sartenes-y-ollas\/ollas-y-cacerolas\/staub-cacerola-de-hierro-fundido-con-tapa-20-cm-gris-grafito\/#breadcrumb","itemListElement":[{"@type":"ListItem","position":1,"name":"Home","item":"https:\/\/dev6.erresse-shop.it\/"},{"@type":"ListItem","position":2,"name":"Tienda","item":"https:\/\/dev6.erresse-shop.it\/shop\/"},{"@type":"ListItem","position":3,"name":"STAUB Cacerola de hierro fundido con tapa 20 cm Gris grafito"}]},{"@type":"WebSite","@id":"https:\/\/dev6.erresse-shop.it\/#website","url":"https:\/\/dev6.erresse-shop.it\/","name":"Erresse Shop","description":"","publisher":{"@id":"https:\/\/dev6.erresse-shop.it\/#organization"},"potentialAction":[{"@type":"SearchAction","target":{"@type":"EntryPoint","urlTemplate":"https:\/\/dev6.erresse-shop.it\/?s={search_term_string}"},"query-input":{"@type":"PropertyValueSpecification","valueRequired":true,"valueName":"search_term_string"}}],"inLanguage":"es"},{"@type":"Organization","@id":"https:\/\/dev6.erresse-shop.it\/#organization","name":"Erresse Shop","url":"https:\/\/dev6.erresse-shop.it\/","logo":{"@type":"ImageObject","inLanguage":"es","@id":"https:\/\/dev6.erresse-shop.it\/#\/schema\/logo\/image\/","url":"https:\/\/dev6.erresse-shop.it\/wp-content\/uploads\/2025\/01\/LOGO-ERRESSE-CLASSICO.svg","contentUrl":"https:\/\/dev6.erresse-shop.it\/wp-content\/uploads\/2025\/01\/LOGO-ERRESSE-CLASSICO.svg","caption":"Erresse Shop"},"image":{"@id":"https:\/\/dev6.erresse-shop.it\/#\/schema\/logo\/image\/"}}]}},"df_price":109.95,"df_sale_price":109.95,"df_regular_price":159,"df_image_link":"https:\/\/i3.wp.com\/interpim.erresse-shop.it\/Import\/Prodotti\/staub-pirofila-tonda-in-ghisa-20-cm-grigio-grafite.jpg?resize=300,300&ssl=1","fifu_image_url":"https:\/\/interpim.erresse-shop.it\/Import\/Prodotti\/staub-pirofila-tonda-in-ghisa-20-cm-grigio-grafite.jpg","_links":{"self":[{"href":"https:\/\/dev6.erresse-shop.it\/es\/wp-json\/wp\/v2\/product\/1884121","targetHints":{"allow":["GET"]}}],"collection":[{"href":"https:\/\/dev6.erresse-shop.it\/es\/wp-json\/wp\/v2\/product"}],"about":[{"href":"https:\/\/dev6.erresse-shop.it\/es\/wp-json\/wp\/v2\/types\/product"}],"wp:featuredmedia":[{"embeddable":true,"href":"https:\/\/dev6.erresse-shop.it\/es\/wp-json\/wp\/v2\/media\/6377522"}],"wp:attachment":[{"href":"https:\/\/dev6.erresse-shop.it\/es\/wp-json\/wp\/v2\/media?parent=1884121"}],"wp:term":[{"taxonomy":"product_cat","embeddable":true,"href":"https:\/\/dev6.erresse-shop.it\/es\/wp-json\/wp\/v2\/product_cat?post=1884121"},{"taxonomy":"product_tag","embeddable":true,"href":"https:\/\/dev6.erresse-shop.it\/es\/wp-json\/wp\/v2\/product_tag?post=1884121"}],"curies":[{"name":"wp","href":"https:\/\/api.w.org\/{rel}","templated":true}]}}