{"id":1884117,"date":"2026-04-12T13:36:44","date_gmt":"2026-04-12T11:36:44","guid":{"rendered":"https:\/\/dev6.erresse-shop.it\/shop\/sin%20categor\u00eda\/staub-cocotte-redonda-de-hierro-fundido-34-cm-negro\/"},"modified":"2025-09-14T10:32:03","modified_gmt":"2025-09-14T08:32:03","slug":"staub-cocotte-redonda-de-hierro-fundido-34-cm-negro","status":"publish","type":"product","link":"https:\/\/dev6.erresse-shop.it\/es\/shop\/sartenes-y-ollas\/marmitas-y-cocottes\/staub-cocotte-redonda-de-hierro-fundido-34-cm-negro\/","title":{"rendered":"STAUB Cocotte redonda de hierro fundido 34 cm Negro"},"content":{"rendered":"<p>La cocotte es un utensilio de cocina de hierro fundido t\u00edpico de la cocina francesa, hoy utilizado en las cocinas gourmet de todo el mundo. Antiguamente se utilizaba para cocinar pollo, y desde hace mucho tiempo tambi\u00e9n se utiliza en asados, rag\u00fas, guisos, sufl\u00e9s y platos gratinados. La combinaci\u00f3n de hierro fundido y revestimiento de esmalte es ideal para cocinar a fuego lento y asar suavemente los alimentos. De esta manera se conservan perfectamente los nutrientes y sabores de los alimentos. Tanto los cocineros aficionados como los profesionales se benefician de la durabilidad de la cocotte redonda, presentada aqu\u00ed en la versi\u00f3n con un di\u00e1metro de 34 cm y una capacidad de 12,6 litros. Esta durabilidad es a\u00fan m\u00e1s ventajosa si tenemos en cuenta que el esmalte desarrolla sus propiedades potenciadoras del sabor con el tiempo. Estas resistentes cacerolas se pueden utilizar en todo tipo de fuegos, incluida la inducci\u00f3n. Cocinar es f\u00e1cil porque la sart\u00e9n es f\u00e1cil de usar y su esmalte f\u00e1cil de limpiar requiere poco esfuerzo para enjuagarlo despu\u00e9s de cocinar. La tapa de la cocotte est\u00e1 dise\u00f1ada de tal manera que la condensaci\u00f3n se distribuye uniformemente sobre el asado u otros alimentos que se est\u00e9n cocinando. De esta manera la carne quedar\u00e1 apetitosa y jugosa y el sabor de las verduras podr\u00e1 revelarse a\u00fan m\u00e1s. Con la cacerola negra Staub podr\u00e1s disfrutar del placer de cocinar con \u00e9xito platos sabrosos, tanto tradicionales como modernos, sin casi ning\u00fan esfuerzo.<\/p>\n<p>Ideal para sellar y cocinar lentamente carne, pescado o verduras<br \/>\nPara un resultado de cocci\u00f3n jugoso y tierno gracias a la tapa<br \/>\nEl esmalte interior negro mate es ideal para dorar de forma especialmente crujiente y es muy resistente<br \/>\nApto para todo tipo de fuegos, incluida la inducci\u00f3n, tambi\u00e9n se puede colocar en el horno\/grill<br \/>\nColor intenso<\/p>\n<p>Caracter\u00edsticas:<\/p>\n<p>Resistencia al calor: 260 \u00baC<br \/>\nResistencia al fr\u00edo: -20 \u00baC<br \/>\nMaterial: hierro fundido<br \/>\nRecubrimiento interno: esmalte<br \/>\nTapa existente: s\u00ed<br \/>\nInducci\u00f3n: S\u00ed<br \/>\nApto para horno: S\u00ed<br \/>\nApto para congelador: S\u00ed<br \/>\nApto para estufa: S\u00ed<br \/>\nApto para lavavajillas: S\u00ed<\/p>\n<p>Dimensiones:<\/p>\n<p>Peso neto: 10,75 kg<br \/>\nCapacidad: 12,60 l<br \/>\nLongitud del producto: 43,00 cm<br \/>\nAncho del producto: 34,00 cm<br \/>\nAltura del producto: 21,40 cm<br \/>\nAltura sin tapa: 16,40 cm<br \/>\nDi\u00e1metro superior: 34,00 cm<br \/>\nDi\u00e1metro del fondo: 29,10 cm<br \/>\nLongitud del mango: 4,50 cm<\/p>\n","protected":false},"excerpt":{"rendered":"<p>La cocotte es un utensilio de cocina de hierro fundido t\u00edpico de la cocina francesa, hoy utilizado en las cocinas gourmet de todo el mundo. Antiguamente se utilizaba para cocinar pollo, y desde hace mucho tiempo tambi\u00e9n se utiliza en asados, rag\u00fas, guisos, sufl\u00e9s y platos gratinados. La combinaci\u00f3n de hierro fundido y revestimiento de [&hellip;]<\/p>\n","protected":false},"featured_media":6377494,"template":"","meta":{"_acf_changed":false},"product_cat":[11892,11883],"product_tag":[],"class_list":{"0":"post-1884117","1":"product","2":"type-product","3":"status-publish","4":"has-post-thumbnail","6":"product_cat-marmitas-y-cocottes","7":"product_cat-sartenes-y-ollas","9":"first","10":"instock","11":"sale","12":"taxable","13":"shipping-taxable","14":"purchasable","15":"product-type-simple","swatches":"rey-swatches","show_selected":"","stretch_labels":"rey-swatches--stretch-labels"},"acf":[],"yoast_head":"<!-- This site is optimized with the Yoast SEO plugin v25.4 - https:\/\/yoast.com\/wordpress\/plugins\/seo\/ -->\n<title>STAUB Cocotte redonda de hierro fundido 34 cm Negro - dev6 Erresse<\/title>\n<meta name=\"description\" content=\"La cocotte es un utensilio de cocina de hierro fundido t\u00edpico de la cocina francesa, hoy utilizado en las cocinas gourmet de todo el mundo. Antiguamente\" \/>\n<meta name=\"robots\" content=\"noindex, follow, max-snippet:-1, max-image-preview:large, max-video-preview:-1\" \/>\n<meta property=\"og:locale\" content=\"es_ES\" \/>\n<meta property=\"og:type\" content=\"article\" \/>\n<meta property=\"og:title\" content=\"STAUB Cocotte redonda de hierro fundido 34 cm Negro - dev6 Erresse\" \/>\n<meta property=\"og:description\" content=\"La cocotte es un utensilio de cocina de hierro fundido t\u00edpico de la cocina francesa, hoy utilizado en las cocinas gourmet de todo el mundo. Antiguamente\" \/>\n<meta property=\"og:url\" content=\"https:\/\/dev6.erresse-shop.it\/es\/shop\/sartenes-y-ollas\/marmitas-y-cocottes\/staub-cocotte-redonda-de-hierro-fundido-34-cm-negro\/\" \/>\n<meta property=\"og:site_name\" content=\"dev6 Erresse\" \/>\n<meta property=\"og:image\" content=\"https:\/\/interpim.erresse-shop.it\/Import\/Prodotti\/staub-cocotte-tonda-in-ghisa-34-cm-nero.jpg\" \/><meta property=\"og:image\" content=\"https:\/\/interpim.erresse-shop.it\/Import\/Prodotti\/staub-cocotte-tonda-in-ghisa-34-cm-nero.jpg\" \/>\n\t<meta property=\"og:image:width\" content=\"1024\" \/>\n\t<meta property=\"og:image:height\" content=\"1024\" \/>\n\t<meta property=\"og:image:type\" content=\"image\/jpeg\" \/>\n<meta name=\"twitter:card\" content=\"summary_large_image\" \/>\n<meta name=\"twitter:image\" content=\"https:\/\/interpim.erresse-shop.it\/Import\/Prodotti\/staub-cocotte-tonda-in-ghisa-34-cm-nero.jpg\" \/>\n<script type=\"application\/ld+json\" class=\"yoast-schema-graph\">{\"@context\":\"https:\/\/schema.org\",\"@graph\":[{\"@type\":\"WebPage\",\"@id\":\"https:\/\/dev6.erresse-shop.it\/es\/shop\/sartenes-y-ollas\/marmitas-y-cocottes\/staub-cocotte-redonda-de-hierro-fundido-34-cm-negro\/\",\"url\":\"https:\/\/dev6.erresse-shop.it\/es\/shop\/sartenes-y-ollas\/marmitas-y-cocottes\/staub-cocotte-redonda-de-hierro-fundido-34-cm-negro\/\",\"name\":\"STAUB Cocotte redonda de hierro fundido 34 cm Negro - dev6 Erresse\",\"isPartOf\":{\"@id\":\"https:\/\/dev6.erresse-shop.it\/#website\"},\"primaryImageOfPage\":{\"@id\":\"https:\/\/dev6.erresse-shop.it\/es\/shop\/sartenes-y-ollas\/marmitas-y-cocottes\/staub-cocotte-redonda-de-hierro-fundido-34-cm-negro\/#primaryimage\"},\"image\":{\"@id\":\"https:\/\/dev6.erresse-shop.it\/es\/shop\/sartenes-y-ollas\/marmitas-y-cocottes\/staub-cocotte-redonda-de-hierro-fundido-34-cm-negro\/#primaryimage\"},\"thumbnailUrl\":\"https:\/\/i2.wp.com\/interpim.erresse-shop.it\/Import\/Prodotti\/staub-cocotte-tonda-in-ghisa-34-cm-nero.jpg?ssl=1\",\"datePublished\":\"2026-04-12T11:36:44+00:00\",\"description\":\"La cocotte es un utensilio de cocina de hierro fundido t\u00edpico de la cocina francesa, hoy utilizado en las cocinas gourmet de todo el mundo. Antiguamente\",\"breadcrumb\":{\"@id\":\"https:\/\/dev6.erresse-shop.it\/es\/shop\/sartenes-y-ollas\/marmitas-y-cocottes\/staub-cocotte-redonda-de-hierro-fundido-34-cm-negro\/#breadcrumb\"},\"inLanguage\":\"es\",\"potentialAction\":[{\"@type\":\"ReadAction\",\"target\":[\"https:\/\/dev6.erresse-shop.it\/es\/shop\/sartenes-y-ollas\/marmitas-y-cocottes\/staub-cocotte-redonda-de-hierro-fundido-34-cm-negro\/\"]}]},{\"@type\":\"ImageObject\",\"inLanguage\":\"es\",\"@id\":\"https:\/\/dev6.erresse-shop.it\/es\/shop\/sartenes-y-ollas\/marmitas-y-cocottes\/staub-cocotte-redonda-de-hierro-fundido-34-cm-negro\/#primaryimage\",\"url\":\"https:\/\/i2.wp.com\/interpim.erresse-shop.it\/Import\/Prodotti\/staub-cocotte-tonda-in-ghisa-34-cm-nero.jpg?ssl=1\",\"contentUrl\":\"https:\/\/i2.wp.com\/interpim.erresse-shop.it\/Import\/Prodotti\/staub-cocotte-tonda-in-ghisa-34-cm-nero.jpg?ssl=1\"},{\"@type\":\"BreadcrumbList\",\"@id\":\"https:\/\/dev6.erresse-shop.it\/es\/shop\/sartenes-y-ollas\/marmitas-y-cocottes\/staub-cocotte-redonda-de-hierro-fundido-34-cm-negro\/#breadcrumb\",\"itemListElement\":[{\"@type\":\"ListItem\",\"position\":1,\"name\":\"Home\",\"item\":\"https:\/\/dev6.erresse-shop.it\/\"},{\"@type\":\"ListItem\",\"position\":2,\"name\":\"Tienda\",\"item\":\"https:\/\/dev6.erresse-shop.it\/shop\/\"},{\"@type\":\"ListItem\",\"position\":3,\"name\":\"STAUB Cocotte redonda de hierro fundido 34 cm Negro\"}]},{\"@type\":\"WebSite\",\"@id\":\"https:\/\/dev6.erresse-shop.it\/#website\",\"url\":\"https:\/\/dev6.erresse-shop.it\/\",\"name\":\"Erresse Shop\",\"description\":\"\",\"publisher\":{\"@id\":\"https:\/\/dev6.erresse-shop.it\/#organization\"},\"potentialAction\":[{\"@type\":\"SearchAction\",\"target\":{\"@type\":\"EntryPoint\",\"urlTemplate\":\"https:\/\/dev6.erresse-shop.it\/?s={search_term_string}\"},\"query-input\":{\"@type\":\"PropertyValueSpecification\",\"valueRequired\":true,\"valueName\":\"search_term_string\"}}],\"inLanguage\":\"es\"},{\"@type\":\"Organization\",\"@id\":\"https:\/\/dev6.erresse-shop.it\/#organization\",\"name\":\"Erresse Shop\",\"url\":\"https:\/\/dev6.erresse-shop.it\/\",\"logo\":{\"@type\":\"ImageObject\",\"inLanguage\":\"es\",\"@id\":\"https:\/\/dev6.erresse-shop.it\/#\/schema\/logo\/image\/\",\"url\":\"https:\/\/dev6.erresse-shop.it\/wp-content\/uploads\/2025\/01\/LOGO-ERRESSE-CLASSICO.svg\",\"contentUrl\":\"https:\/\/dev6.erresse-shop.it\/wp-content\/uploads\/2025\/01\/LOGO-ERRESSE-CLASSICO.svg\",\"caption\":\"Erresse Shop\"},\"image\":{\"@id\":\"https:\/\/dev6.erresse-shop.it\/#\/schema\/logo\/image\/\"}}]}<\/script>\n<!-- \/ Yoast SEO plugin. -->","yoast_head_json":{"title":"STAUB Cocotte redonda de hierro fundido 34 cm Negro - dev6 Erresse","description":"La cocotte es un utensilio de cocina de hierro fundido t\u00edpico de la cocina francesa, hoy utilizado en las cocinas gourmet de todo el mundo. Antiguamente","robots":{"index":"noindex","follow":"follow","max-snippet":"max-snippet:-1","max-image-preview":"max-image-preview:large","max-video-preview":"max-video-preview:-1"},"og_locale":"es_ES","og_type":"article","og_title":"STAUB Cocotte redonda de hierro fundido 34 cm Negro - dev6 Erresse","og_description":"La cocotte es un utensilio de cocina de hierro fundido t\u00edpico de la cocina francesa, hoy utilizado en las cocinas gourmet de todo el mundo. Antiguamente","og_url":"https:\/\/dev6.erresse-shop.it\/es\/shop\/sartenes-y-ollas\/marmitas-y-cocottes\/staub-cocotte-redonda-de-hierro-fundido-34-cm-negro\/","og_site_name":"dev6 Erresse","og_image":[{"url":"https:\/\/interpim.erresse-shop.it\/Import\/Prodotti\/staub-cocotte-tonda-in-ghisa-34-cm-nero.jpg","type":"","width":"","height":""},{"url":"https:\/\/interpim.erresse-shop.it\/Import\/Prodotti\/staub-cocotte-tonda-in-ghisa-34-cm-nero.jpg","width":1024,"height":1024,"type":"image\/jpeg"}],"twitter_card":"summary_large_image","twitter_image":"https:\/\/interpim.erresse-shop.it\/Import\/Prodotti\/staub-cocotte-tonda-in-ghisa-34-cm-nero.jpg","schema":{"@context":"https:\/\/schema.org","@graph":[{"@type":"WebPage","@id":"https:\/\/dev6.erresse-shop.it\/es\/shop\/sartenes-y-ollas\/marmitas-y-cocottes\/staub-cocotte-redonda-de-hierro-fundido-34-cm-negro\/","url":"https:\/\/dev6.erresse-shop.it\/es\/shop\/sartenes-y-ollas\/marmitas-y-cocottes\/staub-cocotte-redonda-de-hierro-fundido-34-cm-negro\/","name":"STAUB Cocotte redonda de hierro fundido 34 cm Negro - dev6 Erresse","isPartOf":{"@id":"https:\/\/dev6.erresse-shop.it\/#website"},"primaryImageOfPage":{"@id":"https:\/\/dev6.erresse-shop.it\/es\/shop\/sartenes-y-ollas\/marmitas-y-cocottes\/staub-cocotte-redonda-de-hierro-fundido-34-cm-negro\/#primaryimage"},"image":{"@id":"https:\/\/dev6.erresse-shop.it\/es\/shop\/sartenes-y-ollas\/marmitas-y-cocottes\/staub-cocotte-redonda-de-hierro-fundido-34-cm-negro\/#primaryimage"},"thumbnailUrl":"https:\/\/i2.wp.com\/interpim.erresse-shop.it\/Import\/Prodotti\/staub-cocotte-tonda-in-ghisa-34-cm-nero.jpg?ssl=1","datePublished":"2026-04-12T11:36:44+00:00","description":"La cocotte es un utensilio de cocina de hierro fundido t\u00edpico de la cocina francesa, hoy utilizado en las cocinas gourmet de todo el mundo. Antiguamente","breadcrumb":{"@id":"https:\/\/dev6.erresse-shop.it\/es\/shop\/sartenes-y-ollas\/marmitas-y-cocottes\/staub-cocotte-redonda-de-hierro-fundido-34-cm-negro\/#breadcrumb"},"inLanguage":"es","potentialAction":[{"@type":"ReadAction","target":["https:\/\/dev6.erresse-shop.it\/es\/shop\/sartenes-y-ollas\/marmitas-y-cocottes\/staub-cocotte-redonda-de-hierro-fundido-34-cm-negro\/"]}]},{"@type":"ImageObject","inLanguage":"es","@id":"https:\/\/dev6.erresse-shop.it\/es\/shop\/sartenes-y-ollas\/marmitas-y-cocottes\/staub-cocotte-redonda-de-hierro-fundido-34-cm-negro\/#primaryimage","url":"https:\/\/i2.wp.com\/interpim.erresse-shop.it\/Import\/Prodotti\/staub-cocotte-tonda-in-ghisa-34-cm-nero.jpg?ssl=1","contentUrl":"https:\/\/i2.wp.com\/interpim.erresse-shop.it\/Import\/Prodotti\/staub-cocotte-tonda-in-ghisa-34-cm-nero.jpg?ssl=1"},{"@type":"BreadcrumbList","@id":"https:\/\/dev6.erresse-shop.it\/es\/shop\/sartenes-y-ollas\/marmitas-y-cocottes\/staub-cocotte-redonda-de-hierro-fundido-34-cm-negro\/#breadcrumb","itemListElement":[{"@type":"ListItem","position":1,"name":"Home","item":"https:\/\/dev6.erresse-shop.it\/"},{"@type":"ListItem","position":2,"name":"Tienda","item":"https:\/\/dev6.erresse-shop.it\/shop\/"},{"@type":"ListItem","position":3,"name":"STAUB Cocotte redonda de hierro fundido 34 cm Negro"}]},{"@type":"WebSite","@id":"https:\/\/dev6.erresse-shop.it\/#website","url":"https:\/\/dev6.erresse-shop.it\/","name":"Erresse Shop","description":"","publisher":{"@id":"https:\/\/dev6.erresse-shop.it\/#organization"},"potentialAction":[{"@type":"SearchAction","target":{"@type":"EntryPoint","urlTemplate":"https:\/\/dev6.erresse-shop.it\/?s={search_term_string}"},"query-input":{"@type":"PropertyValueSpecification","valueRequired":true,"valueName":"search_term_string"}}],"inLanguage":"es"},{"@type":"Organization","@id":"https:\/\/dev6.erresse-shop.it\/#organization","name":"Erresse Shop","url":"https:\/\/dev6.erresse-shop.it\/","logo":{"@type":"ImageObject","inLanguage":"es","@id":"https:\/\/dev6.erresse-shop.it\/#\/schema\/logo\/image\/","url":"https:\/\/dev6.erresse-shop.it\/wp-content\/uploads\/2025\/01\/LOGO-ERRESSE-CLASSICO.svg","contentUrl":"https:\/\/dev6.erresse-shop.it\/wp-content\/uploads\/2025\/01\/LOGO-ERRESSE-CLASSICO.svg","caption":"Erresse Shop"},"image":{"@id":"https:\/\/dev6.erresse-shop.it\/#\/schema\/logo\/image\/"}}]}},"df_price":269.95,"df_sale_price":269.95,"df_regular_price":419,"df_image_link":"https:\/\/i2.wp.com\/interpim.erresse-shop.it\/Import\/Prodotti\/staub-cocotte-tonda-in-ghisa-34-cm-nero.jpg?resize=300,300&ssl=1","fifu_image_url":"https:\/\/interpim.erresse-shop.it\/Import\/Prodotti\/staub-cocotte-tonda-in-ghisa-34-cm-nero.jpg","_links":{"self":[{"href":"https:\/\/dev6.erresse-shop.it\/es\/wp-json\/wp\/v2\/product\/1884117","targetHints":{"allow":["GET"]}}],"collection":[{"href":"https:\/\/dev6.erresse-shop.it\/es\/wp-json\/wp\/v2\/product"}],"about":[{"href":"https:\/\/dev6.erresse-shop.it\/es\/wp-json\/wp\/v2\/types\/product"}],"wp:featuredmedia":[{"embeddable":true,"href":"https:\/\/dev6.erresse-shop.it\/es\/wp-json\/wp\/v2\/media\/6377494"}],"wp:attachment":[{"href":"https:\/\/dev6.erresse-shop.it\/es\/wp-json\/wp\/v2\/media?parent=1884117"}],"wp:term":[{"taxonomy":"product_cat","embeddable":true,"href":"https:\/\/dev6.erresse-shop.it\/es\/wp-json\/wp\/v2\/product_cat?post=1884117"},{"taxonomy":"product_tag","embeddable":true,"href":"https:\/\/dev6.erresse-shop.it\/es\/wp-json\/wp\/v2\/product_tag?post=1884117"}],"curies":[{"name":"wp","href":"https:\/\/api.w.org\/{rel}","templated":true}]}}