{"id":1884101,"date":"2026-04-12T13:34:09","date_gmt":"2026-04-12T11:34:09","guid":{"rendered":"https:\/\/dev6.erresse-shop.it\/shop\/sin%20categor\u00eda\/bialetti-moka-express-3-tazas-mackenzie\/"},"modified":"2025-09-14T10:31:43","modified_gmt":"2025-09-14T08:31:43","slug":"bialetti-moka-express-3-tazas-mackenzie","status":"publish","type":"product","link":"https:\/\/dev6.erresse-shop.it\/es\/shop\/cocina\/cafeteras\/bialetti-moka-express-3-tazas-mackenzie\/","title":{"rendered":"BIALETTI Moka Express 3 Tazas Mackenzie"},"content":{"rendered":"<p>Mejore su experiencia de espresso con Bialetti y MacKenzie-Childs, la empresa de muebles conocida por su sensibilidad de dise\u00f1o l\u00fadico.<\/p>\n<p>Bialetti y MacKenzie-Childs unen fuerzas para celebrar el ritual italiano del caf\u00e9 con una colaboraci\u00f3n que fusiona la funcionalidad de la cl\u00e1sica cafetera Bialetti con la personalidad de los motivos ic\u00f3nicos de MacKenzie-Childs, creando un incre\u00edble viaje sensorial donde los detalles \u00fanicos se encuentran con un dise\u00f1o l\u00fadico y elegante.<\/p>\n<p>Caracter\u00edsticas:<\/p>\n<p>Dimensiones: 15 x 8,5 x 15,5 cm<br \/>\nCapacidad: 130 ML \u2013 4.4 OZ.<br \/>\nRinde 3 tazas de caf\u00e9 italiano<br \/>\nMaterial del cuerpo: Aluminio<br \/>\nMaterial del mango y la perilla: termopl\u00e1stico<\/p>\n<p>Hecho en Italia<br \/>\nV\u00e1lvula de seguridad f\u00e1cil de limpiar.<br \/>\nApto para uso en placas de gas, el\u00e9ctricas y vitrocer\u00e1micas.<br \/>\nApto para uso en placas de inducci\u00f3n \u00fanicamente cuando se utiliza con la placa de inducci\u00f3n Bialetti.<\/p>\n<p>Cada Moka Express Bialetti MacKenzie-Childs se caracteriza por elementos distintivos vinculados a la diferente posici\u00f3n de los motivos decorativos en el colector.<br \/>\nCada cafetera Moka ser\u00e1 una obra maestra de artesan\u00eda.<\/p>\n","protected":false},"excerpt":{"rendered":"<p>Mejore su experiencia de espresso con Bialetti y MacKenzie-Childs, la empresa de muebles conocida por su sensibilidad de dise\u00f1o l\u00fadico. Bialetti y MacKenzie-Childs unen fuerzas para celebrar el ritual italiano del caf\u00e9 con una colaboraci\u00f3n que fusiona la funcionalidad de la cl\u00e1sica cafetera Bialetti con la personalidad de los motivos ic\u00f3nicos de MacKenzie-Childs, creando un [&hellip;]<\/p>\n","protected":false},"featured_media":6377434,"template":"","meta":{"_acf_changed":false},"product_cat":[11894,11884],"product_tag":[],"class_list":{"0":"post-1884101","1":"product","2":"type-product","3":"status-publish","4":"has-post-thumbnail","6":"product_cat-cafeteras","7":"product_cat-cocina","9":"first","10":"instock","11":"sale","12":"taxable","13":"shipping-taxable","14":"purchasable","15":"product-type-simple","swatches":"rey-swatches","show_selected":"","stretch_labels":"rey-swatches--stretch-labels"},"acf":[],"yoast_head":"<!-- This site is optimized with the Yoast SEO plugin v25.4 - https:\/\/yoast.com\/wordpress\/plugins\/seo\/ -->\n<title>BIALETTI Moka Express 3 Tazas Mackenzie - dev6 Erresse<\/title>\n<meta name=\"description\" content=\"Mejore su experiencia de espresso con Bialetti y MacKenzie-Childs, la empresa de muebles conocida por su sensibilidad de dise\u00f1o l\u00fadico. Bialetti y\" \/>\n<meta name=\"robots\" content=\"noindex, follow, max-snippet:-1, max-image-preview:large, max-video-preview:-1\" \/>\n<meta property=\"og:locale\" content=\"es_ES\" \/>\n<meta property=\"og:type\" content=\"article\" \/>\n<meta property=\"og:title\" content=\"BIALETTI Moka Express 3 Tazas Mackenzie - dev6 Erresse\" \/>\n<meta property=\"og:description\" content=\"Mejore su experiencia de espresso con Bialetti y MacKenzie-Childs, la empresa de muebles conocida por su sensibilidad de dise\u00f1o l\u00fadico. Bialetti y\" \/>\n<meta property=\"og:url\" content=\"https:\/\/dev6.erresse-shop.it\/es\/shop\/cocina\/cafeteras\/bialetti-moka-express-3-tazas-mackenzie\/\" \/>\n<meta property=\"og:site_name\" content=\"dev6 Erresse\" \/>\n<meta property=\"og:image\" content=\"https:\/\/interpim.erresse-shop.it\/Import\/Prodotti\/bialetti-moka-express-3-tazze-mackenzie.jpg\" \/><meta property=\"og:image\" content=\"https:\/\/interpim.erresse-shop.it\/Import\/Prodotti\/bialetti-moka-express-3-tazze-mackenzie.jpg\" \/>\n\t<meta property=\"og:image:width\" content=\"1024\" \/>\n\t<meta property=\"og:image:height\" content=\"1024\" \/>\n\t<meta property=\"og:image:type\" content=\"image\/jpeg\" \/>\n<meta name=\"twitter:card\" content=\"summary_large_image\" \/>\n<meta name=\"twitter:image\" content=\"https:\/\/interpim.erresse-shop.it\/Import\/Prodotti\/bialetti-moka-express-3-tazze-mackenzie.jpg\" \/>\n<script type=\"application\/ld+json\" class=\"yoast-schema-graph\">{\"@context\":\"https:\/\/schema.org\",\"@graph\":[{\"@type\":\"WebPage\",\"@id\":\"https:\/\/dev6.erresse-shop.it\/es\/shop\/cocina\/cafeteras\/bialetti-moka-express-3-tazas-mackenzie\/\",\"url\":\"https:\/\/dev6.erresse-shop.it\/es\/shop\/cocina\/cafeteras\/bialetti-moka-express-3-tazas-mackenzie\/\",\"name\":\"BIALETTI Moka Express 3 Tazas Mackenzie - dev6 Erresse\",\"isPartOf\":{\"@id\":\"https:\/\/dev6.erresse-shop.it\/#website\"},\"primaryImageOfPage\":{\"@id\":\"https:\/\/dev6.erresse-shop.it\/es\/shop\/cocina\/cafeteras\/bialetti-moka-express-3-tazas-mackenzie\/#primaryimage\"},\"image\":{\"@id\":\"https:\/\/dev6.erresse-shop.it\/es\/shop\/cocina\/cafeteras\/bialetti-moka-express-3-tazas-mackenzie\/#primaryimage\"},\"thumbnailUrl\":\"https:\/\/i3.wp.com\/interpim.erresse-shop.it\/Import\/Prodotti\/bialetti-moka-express-3-tazze-mackenzie.jpg?ssl=1\",\"datePublished\":\"2026-04-12T11:34:09+00:00\",\"description\":\"Mejore su experiencia de espresso con Bialetti y MacKenzie-Childs, la empresa de muebles conocida por su sensibilidad de dise\u00f1o l\u00fadico. Bialetti y\",\"breadcrumb\":{\"@id\":\"https:\/\/dev6.erresse-shop.it\/es\/shop\/cocina\/cafeteras\/bialetti-moka-express-3-tazas-mackenzie\/#breadcrumb\"},\"inLanguage\":\"es\",\"potentialAction\":[{\"@type\":\"ReadAction\",\"target\":[\"https:\/\/dev6.erresse-shop.it\/es\/shop\/cocina\/cafeteras\/bialetti-moka-express-3-tazas-mackenzie\/\"]}]},{\"@type\":\"ImageObject\",\"inLanguage\":\"es\",\"@id\":\"https:\/\/dev6.erresse-shop.it\/es\/shop\/cocina\/cafeteras\/bialetti-moka-express-3-tazas-mackenzie\/#primaryimage\",\"url\":\"https:\/\/i3.wp.com\/interpim.erresse-shop.it\/Import\/Prodotti\/bialetti-moka-express-3-tazze-mackenzie.jpg?ssl=1\",\"contentUrl\":\"https:\/\/i3.wp.com\/interpim.erresse-shop.it\/Import\/Prodotti\/bialetti-moka-express-3-tazze-mackenzie.jpg?ssl=1\"},{\"@type\":\"BreadcrumbList\",\"@id\":\"https:\/\/dev6.erresse-shop.it\/es\/shop\/cocina\/cafeteras\/bialetti-moka-express-3-tazas-mackenzie\/#breadcrumb\",\"itemListElement\":[{\"@type\":\"ListItem\",\"position\":1,\"name\":\"Home\",\"item\":\"https:\/\/dev6.erresse-shop.it\/\"},{\"@type\":\"ListItem\",\"position\":2,\"name\":\"Tienda\",\"item\":\"https:\/\/dev6.erresse-shop.it\/shop\/\"},{\"@type\":\"ListItem\",\"position\":3,\"name\":\"BIALETTI Moka Express 3 Tazas Mackenzie\"}]},{\"@type\":\"WebSite\",\"@id\":\"https:\/\/dev6.erresse-shop.it\/#website\",\"url\":\"https:\/\/dev6.erresse-shop.it\/\",\"name\":\"Erresse Shop\",\"description\":\"\",\"publisher\":{\"@id\":\"https:\/\/dev6.erresse-shop.it\/#organization\"},\"potentialAction\":[{\"@type\":\"SearchAction\",\"target\":{\"@type\":\"EntryPoint\",\"urlTemplate\":\"https:\/\/dev6.erresse-shop.it\/?s={search_term_string}\"},\"query-input\":{\"@type\":\"PropertyValueSpecification\",\"valueRequired\":true,\"valueName\":\"search_term_string\"}}],\"inLanguage\":\"es\"},{\"@type\":\"Organization\",\"@id\":\"https:\/\/dev6.erresse-shop.it\/#organization\",\"name\":\"Erresse Shop\",\"url\":\"https:\/\/dev6.erresse-shop.it\/\",\"logo\":{\"@type\":\"ImageObject\",\"inLanguage\":\"es\",\"@id\":\"https:\/\/dev6.erresse-shop.it\/#\/schema\/logo\/image\/\",\"url\":\"https:\/\/dev6.erresse-shop.it\/wp-content\/uploads\/2025\/01\/LOGO-ERRESSE-CLASSICO.svg\",\"contentUrl\":\"https:\/\/dev6.erresse-shop.it\/wp-content\/uploads\/2025\/01\/LOGO-ERRESSE-CLASSICO.svg\",\"caption\":\"Erresse Shop\"},\"image\":{\"@id\":\"https:\/\/dev6.erresse-shop.it\/#\/schema\/logo\/image\/\"}}]}<\/script>\n<!-- \/ Yoast SEO plugin. -->","yoast_head_json":{"title":"BIALETTI Moka Express 3 Tazas Mackenzie - dev6 Erresse","description":"Mejore su experiencia de espresso con Bialetti y MacKenzie-Childs, la empresa de muebles conocida por su sensibilidad de dise\u00f1o l\u00fadico. Bialetti y","robots":{"index":"noindex","follow":"follow","max-snippet":"max-snippet:-1","max-image-preview":"max-image-preview:large","max-video-preview":"max-video-preview:-1"},"og_locale":"es_ES","og_type":"article","og_title":"BIALETTI Moka Express 3 Tazas Mackenzie - dev6 Erresse","og_description":"Mejore su experiencia de espresso con Bialetti y MacKenzie-Childs, la empresa de muebles conocida por su sensibilidad de dise\u00f1o l\u00fadico. Bialetti y","og_url":"https:\/\/dev6.erresse-shop.it\/es\/shop\/cocina\/cafeteras\/bialetti-moka-express-3-tazas-mackenzie\/","og_site_name":"dev6 Erresse","og_image":[{"url":"https:\/\/interpim.erresse-shop.it\/Import\/Prodotti\/bialetti-moka-express-3-tazze-mackenzie.jpg","type":"","width":"","height":""},{"url":"https:\/\/interpim.erresse-shop.it\/Import\/Prodotti\/bialetti-moka-express-3-tazze-mackenzie.jpg","width":1024,"height":1024,"type":"image\/jpeg"}],"twitter_card":"summary_large_image","twitter_image":"https:\/\/interpim.erresse-shop.it\/Import\/Prodotti\/bialetti-moka-express-3-tazze-mackenzie.jpg","schema":{"@context":"https:\/\/schema.org","@graph":[{"@type":"WebPage","@id":"https:\/\/dev6.erresse-shop.it\/es\/shop\/cocina\/cafeteras\/bialetti-moka-express-3-tazas-mackenzie\/","url":"https:\/\/dev6.erresse-shop.it\/es\/shop\/cocina\/cafeteras\/bialetti-moka-express-3-tazas-mackenzie\/","name":"BIALETTI Moka Express 3 Tazas Mackenzie - dev6 Erresse","isPartOf":{"@id":"https:\/\/dev6.erresse-shop.it\/#website"},"primaryImageOfPage":{"@id":"https:\/\/dev6.erresse-shop.it\/es\/shop\/cocina\/cafeteras\/bialetti-moka-express-3-tazas-mackenzie\/#primaryimage"},"image":{"@id":"https:\/\/dev6.erresse-shop.it\/es\/shop\/cocina\/cafeteras\/bialetti-moka-express-3-tazas-mackenzie\/#primaryimage"},"thumbnailUrl":"https:\/\/i3.wp.com\/interpim.erresse-shop.it\/Import\/Prodotti\/bialetti-moka-express-3-tazze-mackenzie.jpg?ssl=1","datePublished":"2026-04-12T11:34:09+00:00","description":"Mejore su experiencia de espresso con Bialetti y MacKenzie-Childs, la empresa de muebles conocida por su sensibilidad de dise\u00f1o l\u00fadico. Bialetti y","breadcrumb":{"@id":"https:\/\/dev6.erresse-shop.it\/es\/shop\/cocina\/cafeteras\/bialetti-moka-express-3-tazas-mackenzie\/#breadcrumb"},"inLanguage":"es","potentialAction":[{"@type":"ReadAction","target":["https:\/\/dev6.erresse-shop.it\/es\/shop\/cocina\/cafeteras\/bialetti-moka-express-3-tazas-mackenzie\/"]}]},{"@type":"ImageObject","inLanguage":"es","@id":"https:\/\/dev6.erresse-shop.it\/es\/shop\/cocina\/cafeteras\/bialetti-moka-express-3-tazas-mackenzie\/#primaryimage","url":"https:\/\/i3.wp.com\/interpim.erresse-shop.it\/Import\/Prodotti\/bialetti-moka-express-3-tazze-mackenzie.jpg?ssl=1","contentUrl":"https:\/\/i3.wp.com\/interpim.erresse-shop.it\/Import\/Prodotti\/bialetti-moka-express-3-tazze-mackenzie.jpg?ssl=1"},{"@type":"BreadcrumbList","@id":"https:\/\/dev6.erresse-shop.it\/es\/shop\/cocina\/cafeteras\/bialetti-moka-express-3-tazas-mackenzie\/#breadcrumb","itemListElement":[{"@type":"ListItem","position":1,"name":"Home","item":"https:\/\/dev6.erresse-shop.it\/"},{"@type":"ListItem","position":2,"name":"Tienda","item":"https:\/\/dev6.erresse-shop.it\/shop\/"},{"@type":"ListItem","position":3,"name":"BIALETTI Moka Express 3 Tazas Mackenzie"}]},{"@type":"WebSite","@id":"https:\/\/dev6.erresse-shop.it\/#website","url":"https:\/\/dev6.erresse-shop.it\/","name":"Erresse Shop","description":"","publisher":{"@id":"https:\/\/dev6.erresse-shop.it\/#organization"},"potentialAction":[{"@type":"SearchAction","target":{"@type":"EntryPoint","urlTemplate":"https:\/\/dev6.erresse-shop.it\/?s={search_term_string}"},"query-input":{"@type":"PropertyValueSpecification","valueRequired":true,"valueName":"search_term_string"}}],"inLanguage":"es"},{"@type":"Organization","@id":"https:\/\/dev6.erresse-shop.it\/#organization","name":"Erresse Shop","url":"https:\/\/dev6.erresse-shop.it\/","logo":{"@type":"ImageObject","inLanguage":"es","@id":"https:\/\/dev6.erresse-shop.it\/#\/schema\/logo\/image\/","url":"https:\/\/dev6.erresse-shop.it\/wp-content\/uploads\/2025\/01\/LOGO-ERRESSE-CLASSICO.svg","contentUrl":"https:\/\/dev6.erresse-shop.it\/wp-content\/uploads\/2025\/01\/LOGO-ERRESSE-CLASSICO.svg","caption":"Erresse Shop"},"image":{"@id":"https:\/\/dev6.erresse-shop.it\/#\/schema\/logo\/image\/"}}]}},"df_price":64.95,"df_sale_price":64.95,"df_regular_price":80,"df_image_link":"https:\/\/i3.wp.com\/interpim.erresse-shop.it\/Import\/Prodotti\/bialetti-moka-express-3-tazze-mackenzie.jpg?resize=300,300&ssl=1","fifu_image_url":"https:\/\/interpim.erresse-shop.it\/Import\/Prodotti\/bialetti-moka-express-3-tazze-mackenzie.jpg","_links":{"self":[{"href":"https:\/\/dev6.erresse-shop.it\/es\/wp-json\/wp\/v2\/product\/1884101","targetHints":{"allow":["GET"]}}],"collection":[{"href":"https:\/\/dev6.erresse-shop.it\/es\/wp-json\/wp\/v2\/product"}],"about":[{"href":"https:\/\/dev6.erresse-shop.it\/es\/wp-json\/wp\/v2\/types\/product"}],"wp:featuredmedia":[{"embeddable":true,"href":"https:\/\/dev6.erresse-shop.it\/es\/wp-json\/wp\/v2\/media\/6377434"}],"wp:attachment":[{"href":"https:\/\/dev6.erresse-shop.it\/es\/wp-json\/wp\/v2\/media?parent=1884101"}],"wp:term":[{"taxonomy":"product_cat","embeddable":true,"href":"https:\/\/dev6.erresse-shop.it\/es\/wp-json\/wp\/v2\/product_cat?post=1884101"},{"taxonomy":"product_tag","embeddable":true,"href":"https:\/\/dev6.erresse-shop.it\/es\/wp-json\/wp\/v2\/product_tag?post=1884101"}],"curies":[{"name":"wp","href":"https:\/\/api.w.org\/{rel}","templated":true}]}}