{"id":1884097,"date":"2026-04-12T13:34:09","date_gmt":"2026-04-12T11:34:09","guid":{"rendered":"https:\/\/dev6.erresse-shop.it\/shop\/sin%20categor\u00eda\/alessi-pulcina-cafetera-6-tazas-negro\/"},"modified":"2025-09-14T10:31:33","modified_gmt":"2025-09-14T08:31:33","slug":"alessi-pulcina-cafetera-6-tazas-negro","status":"publish","type":"product","link":"https:\/\/dev6.erresse-shop.it\/es\/shop\/cocina\/cafeteras\/alessi-pulcina-cafetera-6-tazas-negro\/","title":{"rendered":"ALESSI Pulcina Cafetera 6 tazas Negro"},"content":{"rendered":"<p>Producida en 2015, la cafetera espresso Pulcina ha conquistado al p\u00fablico con su dise\u00f1o evocador y su alto rendimiento. En la versi\u00f3n negra la luz juega con la forma escalonada original. Dise\u00f1ada por Michele De Lucchi, Pulcina contiene una peque\u00f1a pero revolucionaria innovaci\u00f3n que realza el sabor con cuerpo del caf\u00e9. Dedicado a aquellos que no quieren renunciar al sabor y aroma del caf\u00e9 preparado con cafetera espresso, pero quieren vivir este ritual diario de una manera especial.<\/p>\n<p>Cafetera espresso en aluminio fundido, color negro. Mango y pomo en PA, color negro.<\/p>\n<p>Tazas: \u00a06<br \/>\nCapacidad (cl): 30.00<br \/>\nAltura (cm):\u00a026,00<br \/>\nLongitud (cm): 20.00<br \/>\nAncho (cm): 12,00<\/p>\n","protected":false},"excerpt":{"rendered":"<p>Producida en 2015, la cafetera espresso Pulcina ha conquistado al p\u00fablico con su dise\u00f1o evocador y su alto rendimiento. En la versi\u00f3n negra la luz juega con la forma escalonada original. Dise\u00f1ada por Michele De Lucchi, Pulcina contiene una peque\u00f1a pero revolucionaria innovaci\u00f3n que realza el sabor con cuerpo del caf\u00e9. Dedicado a aquellos que [&hellip;]<\/p>\n","protected":false},"featured_media":6377417,"template":"","meta":{"_acf_changed":false},"product_cat":[11894,11884,11887],"product_tag":[],"class_list":{"0":"post-1884097","1":"product","2":"type-product","3":"status-publish","4":"has-post-thumbnail","6":"product_cat-cafeteras","7":"product_cat-cocina","8":"product_cat-tabla","10":"first","11":"instock","12":"sale","13":"taxable","14":"shipping-taxable","15":"purchasable","16":"product-type-simple","swatches":"rey-swatches","show_selected":"","stretch_labels":"rey-swatches--stretch-labels"},"acf":[],"yoast_head":"<!-- This site is optimized with the Yoast SEO plugin v25.4 - https:\/\/yoast.com\/wordpress\/plugins\/seo\/ -->\n<title>ALESSI Pulcina Cafetera 6 tazas Negro - dev6 Erresse<\/title>\n<meta name=\"description\" content=\"Producida en 2015, la cafetera espresso Pulcina ha conquistado al p\u00fablico con su dise\u00f1o evocador y su alto rendimiento. En la versi\u00f3n negra la luz juega\" \/>\n<meta name=\"robots\" content=\"noindex, follow, max-snippet:-1, max-image-preview:large, max-video-preview:-1\" \/>\n<meta property=\"og:locale\" content=\"es_ES\" \/>\n<meta property=\"og:type\" content=\"article\" \/>\n<meta property=\"og:title\" content=\"ALESSI Pulcina Cafetera 6 tazas Negro - dev6 Erresse\" \/>\n<meta property=\"og:description\" content=\"Producida en 2015, la cafetera espresso Pulcina ha conquistado al p\u00fablico con su dise\u00f1o evocador y su alto rendimiento. En la versi\u00f3n negra la luz juega\" \/>\n<meta property=\"og:url\" content=\"https:\/\/dev6.erresse-shop.it\/es\/shop\/cocina\/cafeteras\/alessi-pulcina-cafetera-6-tazas-negro\/\" \/>\n<meta property=\"og:site_name\" content=\"dev6 Erresse\" \/>\n<meta property=\"og:image\" content=\"https:\/\/interpim.erresse-shop.it\/Import\/Prodotti\/alessi-pulcina-caffettiera-6-tazze-nero.jpg\" \/><meta property=\"og:image\" content=\"https:\/\/interpim.erresse-shop.it\/Import\/Prodotti\/alessi-pulcina-caffettiera-6-tazze-nero.jpg\" \/>\n\t<meta property=\"og:image:width\" content=\"1024\" \/>\n\t<meta property=\"og:image:height\" content=\"1024\" \/>\n\t<meta property=\"og:image:type\" content=\"image\/jpeg\" \/>\n<meta name=\"twitter:card\" content=\"summary_large_image\" \/>\n<meta name=\"twitter:image\" content=\"https:\/\/interpim.erresse-shop.it\/Import\/Prodotti\/alessi-pulcina-caffettiera-6-tazze-nero.jpg\" \/>\n<script type=\"application\/ld+json\" class=\"yoast-schema-graph\">{\"@context\":\"https:\/\/schema.org\",\"@graph\":[{\"@type\":\"WebPage\",\"@id\":\"https:\/\/dev6.erresse-shop.it\/es\/shop\/cocina\/cafeteras\/alessi-pulcina-cafetera-6-tazas-negro\/\",\"url\":\"https:\/\/dev6.erresse-shop.it\/es\/shop\/cocina\/cafeteras\/alessi-pulcina-cafetera-6-tazas-negro\/\",\"name\":\"ALESSI Pulcina Cafetera 6 tazas Negro - dev6 Erresse\",\"isPartOf\":{\"@id\":\"https:\/\/dev6.erresse-shop.it\/#website\"},\"primaryImageOfPage\":{\"@id\":\"https:\/\/dev6.erresse-shop.it\/es\/shop\/cocina\/cafeteras\/alessi-pulcina-cafetera-6-tazas-negro\/#primaryimage\"},\"image\":{\"@id\":\"https:\/\/dev6.erresse-shop.it\/es\/shop\/cocina\/cafeteras\/alessi-pulcina-cafetera-6-tazas-negro\/#primaryimage\"},\"thumbnailUrl\":\"https:\/\/i1.wp.com\/interpim.erresse-shop.it\/Import\/Prodotti\/alessi-pulcina-caffettiera-6-tazze-nero.jpg?ssl=1\",\"datePublished\":\"2026-04-12T11:34:09+00:00\",\"description\":\"Producida en 2015, la cafetera espresso Pulcina ha conquistado al p\u00fablico con su dise\u00f1o evocador y su alto rendimiento. En la versi\u00f3n negra la luz juega\",\"breadcrumb\":{\"@id\":\"https:\/\/dev6.erresse-shop.it\/es\/shop\/cocina\/cafeteras\/alessi-pulcina-cafetera-6-tazas-negro\/#breadcrumb\"},\"inLanguage\":\"es\",\"potentialAction\":[{\"@type\":\"ReadAction\",\"target\":[\"https:\/\/dev6.erresse-shop.it\/es\/shop\/cocina\/cafeteras\/alessi-pulcina-cafetera-6-tazas-negro\/\"]}]},{\"@type\":\"ImageObject\",\"inLanguage\":\"es\",\"@id\":\"https:\/\/dev6.erresse-shop.it\/es\/shop\/cocina\/cafeteras\/alessi-pulcina-cafetera-6-tazas-negro\/#primaryimage\",\"url\":\"https:\/\/i1.wp.com\/interpim.erresse-shop.it\/Import\/Prodotti\/alessi-pulcina-caffettiera-6-tazze-nero.jpg?ssl=1\",\"contentUrl\":\"https:\/\/i1.wp.com\/interpim.erresse-shop.it\/Import\/Prodotti\/alessi-pulcina-caffettiera-6-tazze-nero.jpg?ssl=1\"},{\"@type\":\"BreadcrumbList\",\"@id\":\"https:\/\/dev6.erresse-shop.it\/es\/shop\/cocina\/cafeteras\/alessi-pulcina-cafetera-6-tazas-negro\/#breadcrumb\",\"itemListElement\":[{\"@type\":\"ListItem\",\"position\":1,\"name\":\"Home\",\"item\":\"https:\/\/dev6.erresse-shop.it\/\"},{\"@type\":\"ListItem\",\"position\":2,\"name\":\"Tienda\",\"item\":\"https:\/\/dev6.erresse-shop.it\/shop\/\"},{\"@type\":\"ListItem\",\"position\":3,\"name\":\"ALESSI Pulcina Cafetera 6 tazas Negro\"}]},{\"@type\":\"WebSite\",\"@id\":\"https:\/\/dev6.erresse-shop.it\/#website\",\"url\":\"https:\/\/dev6.erresse-shop.it\/\",\"name\":\"Erresse Shop\",\"description\":\"\",\"publisher\":{\"@id\":\"https:\/\/dev6.erresse-shop.it\/#organization\"},\"potentialAction\":[{\"@type\":\"SearchAction\",\"target\":{\"@type\":\"EntryPoint\",\"urlTemplate\":\"https:\/\/dev6.erresse-shop.it\/?s={search_term_string}\"},\"query-input\":{\"@type\":\"PropertyValueSpecification\",\"valueRequired\":true,\"valueName\":\"search_term_string\"}}],\"inLanguage\":\"es\"},{\"@type\":\"Organization\",\"@id\":\"https:\/\/dev6.erresse-shop.it\/#organization\",\"name\":\"Erresse Shop\",\"url\":\"https:\/\/dev6.erresse-shop.it\/\",\"logo\":{\"@type\":\"ImageObject\",\"inLanguage\":\"es\",\"@id\":\"https:\/\/dev6.erresse-shop.it\/#\/schema\/logo\/image\/\",\"url\":\"https:\/\/dev6.erresse-shop.it\/wp-content\/uploads\/2025\/01\/LOGO-ERRESSE-CLASSICO.svg\",\"contentUrl\":\"https:\/\/dev6.erresse-shop.it\/wp-content\/uploads\/2025\/01\/LOGO-ERRESSE-CLASSICO.svg\",\"caption\":\"Erresse Shop\"},\"image\":{\"@id\":\"https:\/\/dev6.erresse-shop.it\/#\/schema\/logo\/image\/\"}}]}<\/script>\n<!-- \/ Yoast SEO plugin. -->","yoast_head_json":{"title":"ALESSI Pulcina Cafetera 6 tazas Negro - dev6 Erresse","description":"Producida en 2015, la cafetera espresso Pulcina ha conquistado al p\u00fablico con su dise\u00f1o evocador y su alto rendimiento. En la versi\u00f3n negra la luz juega","robots":{"index":"noindex","follow":"follow","max-snippet":"max-snippet:-1","max-image-preview":"max-image-preview:large","max-video-preview":"max-video-preview:-1"},"og_locale":"es_ES","og_type":"article","og_title":"ALESSI Pulcina Cafetera 6 tazas Negro - dev6 Erresse","og_description":"Producida en 2015, la cafetera espresso Pulcina ha conquistado al p\u00fablico con su dise\u00f1o evocador y su alto rendimiento. En la versi\u00f3n negra la luz juega","og_url":"https:\/\/dev6.erresse-shop.it\/es\/shop\/cocina\/cafeteras\/alessi-pulcina-cafetera-6-tazas-negro\/","og_site_name":"dev6 Erresse","og_image":[{"url":"https:\/\/interpim.erresse-shop.it\/Import\/Prodotti\/alessi-pulcina-caffettiera-6-tazze-nero.jpg","type":"","width":"","height":""},{"url":"https:\/\/interpim.erresse-shop.it\/Import\/Prodotti\/alessi-pulcina-caffettiera-6-tazze-nero.jpg","width":1024,"height":1024,"type":"image\/jpeg"}],"twitter_card":"summary_large_image","twitter_image":"https:\/\/interpim.erresse-shop.it\/Import\/Prodotti\/alessi-pulcina-caffettiera-6-tazze-nero.jpg","schema":{"@context":"https:\/\/schema.org","@graph":[{"@type":"WebPage","@id":"https:\/\/dev6.erresse-shop.it\/es\/shop\/cocina\/cafeteras\/alessi-pulcina-cafetera-6-tazas-negro\/","url":"https:\/\/dev6.erresse-shop.it\/es\/shop\/cocina\/cafeteras\/alessi-pulcina-cafetera-6-tazas-negro\/","name":"ALESSI Pulcina Cafetera 6 tazas Negro - dev6 Erresse","isPartOf":{"@id":"https:\/\/dev6.erresse-shop.it\/#website"},"primaryImageOfPage":{"@id":"https:\/\/dev6.erresse-shop.it\/es\/shop\/cocina\/cafeteras\/alessi-pulcina-cafetera-6-tazas-negro\/#primaryimage"},"image":{"@id":"https:\/\/dev6.erresse-shop.it\/es\/shop\/cocina\/cafeteras\/alessi-pulcina-cafetera-6-tazas-negro\/#primaryimage"},"thumbnailUrl":"https:\/\/i1.wp.com\/interpim.erresse-shop.it\/Import\/Prodotti\/alessi-pulcina-caffettiera-6-tazze-nero.jpg?ssl=1","datePublished":"2026-04-12T11:34:09+00:00","description":"Producida en 2015, la cafetera espresso Pulcina ha conquistado al p\u00fablico con su dise\u00f1o evocador y su alto rendimiento. En la versi\u00f3n negra la luz juega","breadcrumb":{"@id":"https:\/\/dev6.erresse-shop.it\/es\/shop\/cocina\/cafeteras\/alessi-pulcina-cafetera-6-tazas-negro\/#breadcrumb"},"inLanguage":"es","potentialAction":[{"@type":"ReadAction","target":["https:\/\/dev6.erresse-shop.it\/es\/shop\/cocina\/cafeteras\/alessi-pulcina-cafetera-6-tazas-negro\/"]}]},{"@type":"ImageObject","inLanguage":"es","@id":"https:\/\/dev6.erresse-shop.it\/es\/shop\/cocina\/cafeteras\/alessi-pulcina-cafetera-6-tazas-negro\/#primaryimage","url":"https:\/\/i1.wp.com\/interpim.erresse-shop.it\/Import\/Prodotti\/alessi-pulcina-caffettiera-6-tazze-nero.jpg?ssl=1","contentUrl":"https:\/\/i1.wp.com\/interpim.erresse-shop.it\/Import\/Prodotti\/alessi-pulcina-caffettiera-6-tazze-nero.jpg?ssl=1"},{"@type":"BreadcrumbList","@id":"https:\/\/dev6.erresse-shop.it\/es\/shop\/cocina\/cafeteras\/alessi-pulcina-cafetera-6-tazas-negro\/#breadcrumb","itemListElement":[{"@type":"ListItem","position":1,"name":"Home","item":"https:\/\/dev6.erresse-shop.it\/"},{"@type":"ListItem","position":2,"name":"Tienda","item":"https:\/\/dev6.erresse-shop.it\/shop\/"},{"@type":"ListItem","position":3,"name":"ALESSI Pulcina Cafetera 6 tazas Negro"}]},{"@type":"WebSite","@id":"https:\/\/dev6.erresse-shop.it\/#website","url":"https:\/\/dev6.erresse-shop.it\/","name":"Erresse Shop","description":"","publisher":{"@id":"https:\/\/dev6.erresse-shop.it\/#organization"},"potentialAction":[{"@type":"SearchAction","target":{"@type":"EntryPoint","urlTemplate":"https:\/\/dev6.erresse-shop.it\/?s={search_term_string}"},"query-input":{"@type":"PropertyValueSpecification","valueRequired":true,"valueName":"search_term_string"}}],"inLanguage":"es"},{"@type":"Organization","@id":"https:\/\/dev6.erresse-shop.it\/#organization","name":"Erresse Shop","url":"https:\/\/dev6.erresse-shop.it\/","logo":{"@type":"ImageObject","inLanguage":"es","@id":"https:\/\/dev6.erresse-shop.it\/#\/schema\/logo\/image\/","url":"https:\/\/dev6.erresse-shop.it\/wp-content\/uploads\/2025\/01\/LOGO-ERRESSE-CLASSICO.svg","contentUrl":"https:\/\/dev6.erresse-shop.it\/wp-content\/uploads\/2025\/01\/LOGO-ERRESSE-CLASSICO.svg","caption":"Erresse Shop"},"image":{"@id":"https:\/\/dev6.erresse-shop.it\/#\/schema\/logo\/image\/"}}]}},"df_price":94.5,"df_sale_price":94.5,"df_regular_price":105,"df_image_link":"https:\/\/i1.wp.com\/interpim.erresse-shop.it\/Import\/Prodotti\/alessi-pulcina-caffettiera-6-tazze-nero.jpg?resize=300,300&ssl=1","fifu_image_url":"https:\/\/interpim.erresse-shop.it\/Import\/Prodotti\/alessi-pulcina-caffettiera-6-tazze-nero.jpg","_links":{"self":[{"href":"https:\/\/dev6.erresse-shop.it\/es\/wp-json\/wp\/v2\/product\/1884097","targetHints":{"allow":["GET"]}}],"collection":[{"href":"https:\/\/dev6.erresse-shop.it\/es\/wp-json\/wp\/v2\/product"}],"about":[{"href":"https:\/\/dev6.erresse-shop.it\/es\/wp-json\/wp\/v2\/types\/product"}],"wp:featuredmedia":[{"embeddable":true,"href":"https:\/\/dev6.erresse-shop.it\/es\/wp-json\/wp\/v2\/media\/6377417"}],"wp:attachment":[{"href":"https:\/\/dev6.erresse-shop.it\/es\/wp-json\/wp\/v2\/media?parent=1884097"}],"wp:term":[{"taxonomy":"product_cat","embeddable":true,"href":"https:\/\/dev6.erresse-shop.it\/es\/wp-json\/wp\/v2\/product_cat?post=1884097"},{"taxonomy":"product_tag","embeddable":true,"href":"https:\/\/dev6.erresse-shop.it\/es\/wp-json\/wp\/v2\/product_tag?post=1884097"}],"curies":[{"name":"wp","href":"https:\/\/api.w.org\/{rel}","templated":true}]}}