{"id":1884093,"date":"2026-04-12T14:55:15","date_gmt":"2026-04-12T12:55:15","guid":{"rendered":"https:\/\/dev6.erresse-shop.it\/shop\/sin%20categor\u00eda\/alessi-plisse-vaciador-de-capsulas-negro\/"},"modified":"2026-01-21T20:20:53","modified_gmt":"2026-01-21T19:20:53","slug":"alessi-plisse-vaciador-de-capsulas-negro","status":"publish","type":"product","link":"https:\/\/dev6.erresse-shop.it\/es\/shop\/cafe-es\/accesorios-es-3\/alessi-plisse-vaciador-de-capsulas-negro\/","title":{"rendered":"ALESSI Pliss\u00e9 Vaciador de c\u00e1psulas Negro"},"content":{"rendered":"<p>Un nuevo accesorio ampl\u00eda la exitosa colecci\u00f3n Pliss\u00e9 adoptando su aspecto ahora ic\u00f3nico. En un juego de elegantes vol\u00famenes plisados, toma forma el nuevo vaciador de c\u00e1psulas de caf\u00e9 dise\u00f1ado por Michele De Lucchi, para acompa\u00f1ar los descansos cotidianos con un inconfundible dise\u00f1o de inspiraci\u00f3n sartorial. Ideal para hacer m\u00e1s sostenible el ritual diario del caf\u00e9, facilitando el reciclaje del aluminio.<\/p>\n<p>C\u00e1psulas vac\u00edas en resina termopl\u00e1stica, color negro. Adecuado para c\u00e1psulas de aluminio compatibles con m\u00e1quinas Nespresso\u00ae y Vertuo\u00ae.<\/p>\n<p>Caracter\u00edsticas:<\/p>\n<p>Altura (cm):\u00a014,30<br \/>\nLongitud (cm):\u00a08,30<br \/>\nAncho (cm):\u00a08,30<\/p>\n","protected":false},"excerpt":{"rendered":"<p>Un nuevo accesorio ampl\u00eda la exitosa colecci\u00f3n Pliss\u00e9 adoptando su aspecto ahora ic\u00f3nico. En un juego de elegantes vol\u00famenes plisados, toma forma el nuevo vaciador de c\u00e1psulas de caf\u00e9 dise\u00f1ado por Michele De Lucchi, para acompa\u00f1ar los descansos cotidianos con un inconfundible dise\u00f1o de inspiraci\u00f3n sartorial. Ideal para hacer m\u00e1s sostenible el ritual diario del [&hellip;]<\/p>\n","protected":false},"featured_media":6381615,"template":"","meta":{"_acf_changed":false},"product_cat":[11949,11963,11733,11747,11930,11884],"product_tag":[],"class_list":{"0":"post-1884093","1":"product","2":"type-product","3":"status-publish","4":"has-post-thumbnail","6":"product_cat-accesorios","7":"product_cat-accesorios-es-3","8":"product_cat-accessori-cucina","9":"product_cat-accessori-2","10":"product_cat-cafe-es","11":"product_cat-cocina","13":"first","14":"instock","15":"sale","16":"taxable","17":"shipping-taxable","18":"purchasable","19":"product-type-simple","swatches":"rey-swatches","show_selected":"","stretch_labels":"rey-swatches--stretch-labels"},"acf":[],"yoast_head":"<!-- This site is optimized with the Yoast SEO plugin v25.4 - https:\/\/yoast.com\/wordpress\/plugins\/seo\/ -->\n<title>ALESSI Pliss\u00e9 Vaciador de c\u00e1psulas Negro - dev6 Erresse<\/title>\n<meta name=\"description\" content=\"Un nuevo accesorio ampl\u00eda la exitosa colecci\u00f3n Pliss\u00e9 adoptando su aspecto ahora ic\u00f3nico. En un juego de elegantes vol\u00famenes plisados, toma forma el nuevo\" \/>\n<meta name=\"robots\" content=\"noindex, follow, max-snippet:-1, max-image-preview:large, max-video-preview:-1\" \/>\n<meta property=\"og:locale\" content=\"es_ES\" \/>\n<meta property=\"og:type\" content=\"article\" \/>\n<meta property=\"og:title\" content=\"ALESSI Pliss\u00e9 Vaciador de c\u00e1psulas Negro - dev6 Erresse\" \/>\n<meta property=\"og:description\" content=\"Un nuevo accesorio ampl\u00eda la exitosa colecci\u00f3n Pliss\u00e9 adoptando su aspecto ahora ic\u00f3nico. En un juego de elegantes vol\u00famenes plisados, toma forma el nuevo\" \/>\n<meta property=\"og:url\" content=\"https:\/\/dev6.erresse-shop.it\/es\/shop\/cafe-es\/accesorios-es-3\/alessi-plisse-vaciador-de-capsulas-negro\/\" \/>\n<meta property=\"og:site_name\" content=\"dev6 Erresse\" \/>\n<meta property=\"og:image\" content=\"https:\/\/interpim.erresse-shop.it\/Import\/Prodotti\/alessi-plisse-svuota-capsule-nero.jpg\" \/><meta property=\"og:image\" content=\"https:\/\/interpim.erresse-shop.it\/Import\/Prodotti\/alessi-plisse-svuota-capsule-nero.jpg\" \/>\n\t<meta property=\"og:image:width\" content=\"1024\" \/>\n\t<meta property=\"og:image:height\" content=\"1024\" \/>\n\t<meta property=\"og:image:type\" content=\"image\/jpeg\" \/>\n<meta name=\"twitter:card\" content=\"summary_large_image\" \/>\n<meta name=\"twitter:image\" content=\"https:\/\/interpim.erresse-shop.it\/Import\/Prodotti\/alessi-plisse-svuota-capsule-nero.jpg\" \/>\n<script type=\"application\/ld+json\" class=\"yoast-schema-graph\">{\"@context\":\"https:\/\/schema.org\",\"@graph\":[{\"@type\":\"WebPage\",\"@id\":\"https:\/\/dev6.erresse-shop.it\/es\/shop\/cafe-es\/accesorios-es-3\/alessi-plisse-vaciador-de-capsulas-negro\/\",\"url\":\"https:\/\/dev6.erresse-shop.it\/es\/shop\/cafe-es\/accesorios-es-3\/alessi-plisse-vaciador-de-capsulas-negro\/\",\"name\":\"ALESSI Pliss\u00e9 Vaciador de c\u00e1psulas Negro - dev6 Erresse\",\"isPartOf\":{\"@id\":\"https:\/\/dev6.erresse-shop.it\/#website\"},\"primaryImageOfPage\":{\"@id\":\"https:\/\/dev6.erresse-shop.it\/es\/shop\/cafe-es\/accesorios-es-3\/alessi-plisse-vaciador-de-capsulas-negro\/#primaryimage\"},\"image\":{\"@id\":\"https:\/\/dev6.erresse-shop.it\/es\/shop\/cafe-es\/accesorios-es-3\/alessi-plisse-vaciador-de-capsulas-negro\/#primaryimage\"},\"thumbnailUrl\":\"https:\/\/i2.wp.com\/interpim.erresse-shop.it\/Import\/Prodotti\/alessi-plisse-svuota-capsule-nero.jpg?ssl=1\",\"datePublished\":\"2026-04-12T12:55:15+00:00\",\"description\":\"Un nuevo accesorio ampl\u00eda la exitosa colecci\u00f3n Pliss\u00e9 adoptando su aspecto ahora ic\u00f3nico. En un juego de elegantes vol\u00famenes plisados, toma forma el nuevo\",\"breadcrumb\":{\"@id\":\"https:\/\/dev6.erresse-shop.it\/es\/shop\/cafe-es\/accesorios-es-3\/alessi-plisse-vaciador-de-capsulas-negro\/#breadcrumb\"},\"inLanguage\":\"es\",\"potentialAction\":[{\"@type\":\"ReadAction\",\"target\":[\"https:\/\/dev6.erresse-shop.it\/es\/shop\/cafe-es\/accesorios-es-3\/alessi-plisse-vaciador-de-capsulas-negro\/\"]}]},{\"@type\":\"ImageObject\",\"inLanguage\":\"es\",\"@id\":\"https:\/\/dev6.erresse-shop.it\/es\/shop\/cafe-es\/accesorios-es-3\/alessi-plisse-vaciador-de-capsulas-negro\/#primaryimage\",\"url\":\"https:\/\/i2.wp.com\/interpim.erresse-shop.it\/Import\/Prodotti\/alessi-plisse-svuota-capsule-nero.jpg?ssl=1\",\"contentUrl\":\"https:\/\/i2.wp.com\/interpim.erresse-shop.it\/Import\/Prodotti\/alessi-plisse-svuota-capsule-nero.jpg?ssl=1\"},{\"@type\":\"BreadcrumbList\",\"@id\":\"https:\/\/dev6.erresse-shop.it\/es\/shop\/cafe-es\/accesorios-es-3\/alessi-plisse-vaciador-de-capsulas-negro\/#breadcrumb\",\"itemListElement\":[{\"@type\":\"ListItem\",\"position\":1,\"name\":\"Home\",\"item\":\"https:\/\/dev6.erresse-shop.it\/\"},{\"@type\":\"ListItem\",\"position\":2,\"name\":\"Tienda\",\"item\":\"https:\/\/dev6.erresse-shop.it\/shop\/\"},{\"@type\":\"ListItem\",\"position\":3,\"name\":\"ALESSI Pliss\u00e9 Vaciador de c\u00e1psulas Negro\"}]},{\"@type\":\"WebSite\",\"@id\":\"https:\/\/dev6.erresse-shop.it\/#website\",\"url\":\"https:\/\/dev6.erresse-shop.it\/\",\"name\":\"Erresse Shop\",\"description\":\"\",\"publisher\":{\"@id\":\"https:\/\/dev6.erresse-shop.it\/#organization\"},\"potentialAction\":[{\"@type\":\"SearchAction\",\"target\":{\"@type\":\"EntryPoint\",\"urlTemplate\":\"https:\/\/dev6.erresse-shop.it\/?s={search_term_string}\"},\"query-input\":{\"@type\":\"PropertyValueSpecification\",\"valueRequired\":true,\"valueName\":\"search_term_string\"}}],\"inLanguage\":\"es\"},{\"@type\":\"Organization\",\"@id\":\"https:\/\/dev6.erresse-shop.it\/#organization\",\"name\":\"Erresse Shop\",\"url\":\"https:\/\/dev6.erresse-shop.it\/\",\"logo\":{\"@type\":\"ImageObject\",\"inLanguage\":\"es\",\"@id\":\"https:\/\/dev6.erresse-shop.it\/#\/schema\/logo\/image\/\",\"url\":\"https:\/\/dev6.erresse-shop.it\/wp-content\/uploads\/2025\/01\/LOGO-ERRESSE-CLASSICO.svg\",\"contentUrl\":\"https:\/\/dev6.erresse-shop.it\/wp-content\/uploads\/2025\/01\/LOGO-ERRESSE-CLASSICO.svg\",\"caption\":\"Erresse Shop\"},\"image\":{\"@id\":\"https:\/\/dev6.erresse-shop.it\/#\/schema\/logo\/image\/\"}}]}<\/script>\n<!-- \/ Yoast SEO plugin. -->","yoast_head_json":{"title":"ALESSI Pliss\u00e9 Vaciador de c\u00e1psulas Negro - dev6 Erresse","description":"Un nuevo accesorio ampl\u00eda la exitosa colecci\u00f3n Pliss\u00e9 adoptando su aspecto ahora ic\u00f3nico. En un juego de elegantes vol\u00famenes plisados, toma forma el nuevo","robots":{"index":"noindex","follow":"follow","max-snippet":"max-snippet:-1","max-image-preview":"max-image-preview:large","max-video-preview":"max-video-preview:-1"},"og_locale":"es_ES","og_type":"article","og_title":"ALESSI Pliss\u00e9 Vaciador de c\u00e1psulas Negro - dev6 Erresse","og_description":"Un nuevo accesorio ampl\u00eda la exitosa colecci\u00f3n Pliss\u00e9 adoptando su aspecto ahora ic\u00f3nico. En un juego de elegantes vol\u00famenes plisados, toma forma el nuevo","og_url":"https:\/\/dev6.erresse-shop.it\/es\/shop\/cafe-es\/accesorios-es-3\/alessi-plisse-vaciador-de-capsulas-negro\/","og_site_name":"dev6 Erresse","og_image":[{"url":"https:\/\/interpim.erresse-shop.it\/Import\/Prodotti\/alessi-plisse-svuota-capsule-nero.jpg","type":"","width":"","height":""},{"url":"https:\/\/interpim.erresse-shop.it\/Import\/Prodotti\/alessi-plisse-svuota-capsule-nero.jpg","width":1024,"height":1024,"type":"image\/jpeg"}],"twitter_card":"summary_large_image","twitter_image":"https:\/\/interpim.erresse-shop.it\/Import\/Prodotti\/alessi-plisse-svuota-capsule-nero.jpg","schema":{"@context":"https:\/\/schema.org","@graph":[{"@type":"WebPage","@id":"https:\/\/dev6.erresse-shop.it\/es\/shop\/cafe-es\/accesorios-es-3\/alessi-plisse-vaciador-de-capsulas-negro\/","url":"https:\/\/dev6.erresse-shop.it\/es\/shop\/cafe-es\/accesorios-es-3\/alessi-plisse-vaciador-de-capsulas-negro\/","name":"ALESSI Pliss\u00e9 Vaciador de c\u00e1psulas Negro - dev6 Erresse","isPartOf":{"@id":"https:\/\/dev6.erresse-shop.it\/#website"},"primaryImageOfPage":{"@id":"https:\/\/dev6.erresse-shop.it\/es\/shop\/cafe-es\/accesorios-es-3\/alessi-plisse-vaciador-de-capsulas-negro\/#primaryimage"},"image":{"@id":"https:\/\/dev6.erresse-shop.it\/es\/shop\/cafe-es\/accesorios-es-3\/alessi-plisse-vaciador-de-capsulas-negro\/#primaryimage"},"thumbnailUrl":"https:\/\/i2.wp.com\/interpim.erresse-shop.it\/Import\/Prodotti\/alessi-plisse-svuota-capsule-nero.jpg?ssl=1","datePublished":"2026-04-12T12:55:15+00:00","description":"Un nuevo accesorio ampl\u00eda la exitosa colecci\u00f3n Pliss\u00e9 adoptando su aspecto ahora ic\u00f3nico. En un juego de elegantes vol\u00famenes plisados, toma forma el nuevo","breadcrumb":{"@id":"https:\/\/dev6.erresse-shop.it\/es\/shop\/cafe-es\/accesorios-es-3\/alessi-plisse-vaciador-de-capsulas-negro\/#breadcrumb"},"inLanguage":"es","potentialAction":[{"@type":"ReadAction","target":["https:\/\/dev6.erresse-shop.it\/es\/shop\/cafe-es\/accesorios-es-3\/alessi-plisse-vaciador-de-capsulas-negro\/"]}]},{"@type":"ImageObject","inLanguage":"es","@id":"https:\/\/dev6.erresse-shop.it\/es\/shop\/cafe-es\/accesorios-es-3\/alessi-plisse-vaciador-de-capsulas-negro\/#primaryimage","url":"https:\/\/i2.wp.com\/interpim.erresse-shop.it\/Import\/Prodotti\/alessi-plisse-svuota-capsule-nero.jpg?ssl=1","contentUrl":"https:\/\/i2.wp.com\/interpim.erresse-shop.it\/Import\/Prodotti\/alessi-plisse-svuota-capsule-nero.jpg?ssl=1"},{"@type":"BreadcrumbList","@id":"https:\/\/dev6.erresse-shop.it\/es\/shop\/cafe-es\/accesorios-es-3\/alessi-plisse-vaciador-de-capsulas-negro\/#breadcrumb","itemListElement":[{"@type":"ListItem","position":1,"name":"Home","item":"https:\/\/dev6.erresse-shop.it\/"},{"@type":"ListItem","position":2,"name":"Tienda","item":"https:\/\/dev6.erresse-shop.it\/shop\/"},{"@type":"ListItem","position":3,"name":"ALESSI Pliss\u00e9 Vaciador de c\u00e1psulas Negro"}]},{"@type":"WebSite","@id":"https:\/\/dev6.erresse-shop.it\/#website","url":"https:\/\/dev6.erresse-shop.it\/","name":"Erresse Shop","description":"","publisher":{"@id":"https:\/\/dev6.erresse-shop.it\/#organization"},"potentialAction":[{"@type":"SearchAction","target":{"@type":"EntryPoint","urlTemplate":"https:\/\/dev6.erresse-shop.it\/?s={search_term_string}"},"query-input":{"@type":"PropertyValueSpecification","valueRequired":true,"valueName":"search_term_string"}}],"inLanguage":"es"},{"@type":"Organization","@id":"https:\/\/dev6.erresse-shop.it\/#organization","name":"Erresse Shop","url":"https:\/\/dev6.erresse-shop.it\/","logo":{"@type":"ImageObject","inLanguage":"es","@id":"https:\/\/dev6.erresse-shop.it\/#\/schema\/logo\/image\/","url":"https:\/\/dev6.erresse-shop.it\/wp-content\/uploads\/2025\/01\/LOGO-ERRESSE-CLASSICO.svg","contentUrl":"https:\/\/dev6.erresse-shop.it\/wp-content\/uploads\/2025\/01\/LOGO-ERRESSE-CLASSICO.svg","caption":"Erresse Shop"},"image":{"@id":"https:\/\/dev6.erresse-shop.it\/#\/schema\/logo\/image\/"}}]}},"df_price":19,"df_sale_price":19,"df_regular_price":24,"df_image_link":"https:\/\/i2.wp.com\/interpim.erresse-shop.it\/Import\/Prodotti\/alessi-plisse-svuota-capsule-nero.jpg?resize=300,300&ssl=1","fifu_image_url":"https:\/\/interpim.erresse-shop.it\/Import\/Prodotti\/alessi-plisse-svuota-capsule-nero.jpg","_links":{"self":[{"href":"https:\/\/dev6.erresse-shop.it\/es\/wp-json\/wp\/v2\/product\/1884093","targetHints":{"allow":["GET"]}}],"collection":[{"href":"https:\/\/dev6.erresse-shop.it\/es\/wp-json\/wp\/v2\/product"}],"about":[{"href":"https:\/\/dev6.erresse-shop.it\/es\/wp-json\/wp\/v2\/types\/product"}],"wp:featuredmedia":[{"embeddable":true,"href":"https:\/\/dev6.erresse-shop.it\/es\/wp-json\/wp\/v2\/media\/6381615"}],"wp:attachment":[{"href":"https:\/\/dev6.erresse-shop.it\/es\/wp-json\/wp\/v2\/media?parent=1884093"}],"wp:term":[{"taxonomy":"product_cat","embeddable":true,"href":"https:\/\/dev6.erresse-shop.it\/es\/wp-json\/wp\/v2\/product_cat?post=1884093"},{"taxonomy":"product_tag","embeddable":true,"href":"https:\/\/dev6.erresse-shop.it\/es\/wp-json\/wp\/v2\/product_tag?post=1884093"}],"curies":[{"name":"wp","href":"https:\/\/api.w.org\/{rel}","templated":true}]}}