{"id":1884075,"date":"2026-04-12T13:34:09","date_gmt":"2026-04-12T11:34:09","guid":{"rendered":"https:\/\/dev6.erresse-shop.it\/shop\/sin%20categor\u00eda\/alessi-barkoffee-cafetera-con-filtro-a-presion-8-tazas\/"},"modified":"2025-07-05T01:48:39","modified_gmt":"2025-07-04T23:48:39","slug":"alessi-barkoffee-cafetera-con-filtro-a-presion-8-tazas","status":"publish","type":"product","link":"https:\/\/dev6.erresse-shop.it\/es\/shop\/cocina\/cafeteras\/alessi-barkoffee-cafetera-con-filtro-a-presion-8-tazas\/","title":{"rendered":"ALESSI Barkoffee Cafetera con filtro a presi\u00f3n 8 tazas"},"content":{"rendered":"<p>Dise\u00f1ada por Michael Boucquillon y Donia Maaoui, la colecci\u00f3n Bark -del ingl\u00e9s corteza- se inspira en los \u00e1rboles que rodean la casa de los dos dise\u00f1adores: un lugar de experimentaci\u00f3n, meditaci\u00f3n y trabajo donde se vive en simbiosis con la naturaleza. Para quienes aprecian el caf\u00e9 preparado por infusi\u00f3n, la colecci\u00f3n ofrece una cafetera de filtro a presi\u00f3n con la que obtener una bebida de sabor intenso y especial.<\/p>\n<p>Cafetera de filtro a presi\u00f3n o infusor en acero inoxidable 18\/10 y cristal pirof\u00edlico, 8 tazas.<\/p>\n<p>Caracter\u00edsticas<br \/>\n\u2013 Capacidad: 8 tazas<br \/>\n\u2013 Altura: 17 cm<br \/>\n\u2013 Anchura: 15 cm<br \/>\n-Longitud: 10 cm<\/p>\n","protected":false},"excerpt":{"rendered":"<p>Dise\u00f1ada por Michael Boucquillon y Donia Maaoui, la colecci\u00f3n Bark -del ingl\u00e9s corteza- se inspira en los \u00e1rboles que rodean la casa de los dos dise\u00f1adores: un lugar de experimentaci\u00f3n, meditaci\u00f3n y trabajo donde se vive en simbiosis con la naturaleza. Para quienes aprecian el caf\u00e9 preparado por infusi\u00f3n, la colecci\u00f3n ofrece una cafetera de [&hellip;]<\/p>\n","protected":false},"featured_media":6377369,"template":"","meta":{"_acf_changed":false},"product_cat":[11894,11884,11887],"product_tag":[],"class_list":{"0":"post-1884075","1":"product","2":"type-product","3":"status-publish","4":"has-post-thumbnail","6":"product_cat-cafeteras","7":"product_cat-cocina","8":"product_cat-tabla","10":"first","11":"instock","12":"sale","13":"taxable","14":"shipping-taxable","15":"purchasable","16":"product-type-simple","swatches":"rey-swatches","show_selected":"","stretch_labels":"rey-swatches--stretch-labels"},"acf":[],"yoast_head":"<!-- This site is optimized with the Yoast SEO plugin v25.4 - https:\/\/yoast.com\/wordpress\/plugins\/seo\/ -->\n<title>ALESSI Barkoffee Cafetera con filtro a presi\u00f3n 8 tazas - dev6 Erresse<\/title>\n<meta name=\"description\" content=\"Dise\u00f1ada por Michael Boucquillon y Donia Maaoui, la colecci\u00f3n Bark -del ingl\u00e9s corteza- se inspira en los \u00e1rboles que rodean la casa de los dos\" \/>\n<meta name=\"robots\" content=\"noindex, follow, max-snippet:-1, max-image-preview:large, max-video-preview:-1\" \/>\n<meta property=\"og:locale\" content=\"es_ES\" \/>\n<meta property=\"og:type\" content=\"article\" \/>\n<meta property=\"og:title\" content=\"ALESSI Barkoffee Cafetera con filtro a presi\u00f3n 8 tazas - dev6 Erresse\" \/>\n<meta property=\"og:description\" content=\"Dise\u00f1ada por Michael Boucquillon y Donia Maaoui, la colecci\u00f3n Bark -del ingl\u00e9s corteza- se inspira en los \u00e1rboles que rodean la casa de los dos\" \/>\n<meta property=\"og:url\" content=\"https:\/\/dev6.erresse-shop.it\/es\/shop\/cocina\/cafeteras\/alessi-barkoffee-cafetera-con-filtro-a-presion-8-tazas\/\" \/>\n<meta property=\"og:site_name\" content=\"dev6 Erresse\" \/>\n<meta property=\"og:image\" content=\"https:\/\/interpim.erresse-shop.it\/Import\/Prodotti\/alessi-barkoffee-caffettiera-a-presso-filtro-8-tazze.jpg\" \/><meta property=\"og:image\" content=\"https:\/\/interpim.erresse-shop.it\/Import\/Prodotti\/alessi-barkoffee-caffettiera-a-presso-filtro-8-tazze.jpg\" \/>\n\t<meta property=\"og:image:width\" content=\"1024\" \/>\n\t<meta property=\"og:image:height\" content=\"1024\" \/>\n\t<meta property=\"og:image:type\" content=\"image\/jpeg\" \/>\n<meta name=\"twitter:card\" content=\"summary_large_image\" \/>\n<meta name=\"twitter:image\" content=\"https:\/\/interpim.erresse-shop.it\/Import\/Prodotti\/alessi-barkoffee-caffettiera-a-presso-filtro-8-tazze.jpg\" \/>\n<script type=\"application\/ld+json\" class=\"yoast-schema-graph\">{\"@context\":\"https:\/\/schema.org\",\"@graph\":[{\"@type\":\"WebPage\",\"@id\":\"https:\/\/dev6.erresse-shop.it\/es\/shop\/cocina\/cafeteras\/alessi-barkoffee-cafetera-con-filtro-a-presion-8-tazas\/\",\"url\":\"https:\/\/dev6.erresse-shop.it\/es\/shop\/cocina\/cafeteras\/alessi-barkoffee-cafetera-con-filtro-a-presion-8-tazas\/\",\"name\":\"ALESSI Barkoffee Cafetera con filtro a presi\u00f3n 8 tazas - dev6 Erresse\",\"isPartOf\":{\"@id\":\"https:\/\/dev6.erresse-shop.it\/#website\"},\"primaryImageOfPage\":{\"@id\":\"https:\/\/dev6.erresse-shop.it\/es\/shop\/cocina\/cafeteras\/alessi-barkoffee-cafetera-con-filtro-a-presion-8-tazas\/#primaryimage\"},\"image\":{\"@id\":\"https:\/\/dev6.erresse-shop.it\/es\/shop\/cocina\/cafeteras\/alessi-barkoffee-cafetera-con-filtro-a-presion-8-tazas\/#primaryimage\"},\"thumbnailUrl\":\"https:\/\/i2.wp.com\/interpim.erresse-shop.it\/Import\/Prodotti\/alessi-barkoffee-caffettiera-a-presso-filtro-8-tazze.jpg?ssl=1\",\"datePublished\":\"2026-04-12T11:34:09+00:00\",\"description\":\"Dise\u00f1ada por Michael Boucquillon y Donia Maaoui, la colecci\u00f3n Bark -del ingl\u00e9s corteza- se inspira en los \u00e1rboles que rodean la casa de los dos\",\"breadcrumb\":{\"@id\":\"https:\/\/dev6.erresse-shop.it\/es\/shop\/cocina\/cafeteras\/alessi-barkoffee-cafetera-con-filtro-a-presion-8-tazas\/#breadcrumb\"},\"inLanguage\":\"es\",\"potentialAction\":[{\"@type\":\"ReadAction\",\"target\":[\"https:\/\/dev6.erresse-shop.it\/es\/shop\/cocina\/cafeteras\/alessi-barkoffee-cafetera-con-filtro-a-presion-8-tazas\/\"]}]},{\"@type\":\"ImageObject\",\"inLanguage\":\"es\",\"@id\":\"https:\/\/dev6.erresse-shop.it\/es\/shop\/cocina\/cafeteras\/alessi-barkoffee-cafetera-con-filtro-a-presion-8-tazas\/#primaryimage\",\"url\":\"https:\/\/i2.wp.com\/interpim.erresse-shop.it\/Import\/Prodotti\/alessi-barkoffee-caffettiera-a-presso-filtro-8-tazze.jpg?ssl=1\",\"contentUrl\":\"https:\/\/i2.wp.com\/interpim.erresse-shop.it\/Import\/Prodotti\/alessi-barkoffee-caffettiera-a-presso-filtro-8-tazze.jpg?ssl=1\"},{\"@type\":\"BreadcrumbList\",\"@id\":\"https:\/\/dev6.erresse-shop.it\/es\/shop\/cocina\/cafeteras\/alessi-barkoffee-cafetera-con-filtro-a-presion-8-tazas\/#breadcrumb\",\"itemListElement\":[{\"@type\":\"ListItem\",\"position\":1,\"name\":\"Home\",\"item\":\"https:\/\/dev6.erresse-shop.it\/\"},{\"@type\":\"ListItem\",\"position\":2,\"name\":\"Tienda\",\"item\":\"https:\/\/dev6.erresse-shop.it\/shop\/\"},{\"@type\":\"ListItem\",\"position\":3,\"name\":\"ALESSI Barkoffee Cafetera con filtro a presi\u00f3n 8 tazas\"}]},{\"@type\":\"WebSite\",\"@id\":\"https:\/\/dev6.erresse-shop.it\/#website\",\"url\":\"https:\/\/dev6.erresse-shop.it\/\",\"name\":\"Erresse Shop\",\"description\":\"\",\"publisher\":{\"@id\":\"https:\/\/dev6.erresse-shop.it\/#organization\"},\"potentialAction\":[{\"@type\":\"SearchAction\",\"target\":{\"@type\":\"EntryPoint\",\"urlTemplate\":\"https:\/\/dev6.erresse-shop.it\/?s={search_term_string}\"},\"query-input\":{\"@type\":\"PropertyValueSpecification\",\"valueRequired\":true,\"valueName\":\"search_term_string\"}}],\"inLanguage\":\"es\"},{\"@type\":\"Organization\",\"@id\":\"https:\/\/dev6.erresse-shop.it\/#organization\",\"name\":\"Erresse Shop\",\"url\":\"https:\/\/dev6.erresse-shop.it\/\",\"logo\":{\"@type\":\"ImageObject\",\"inLanguage\":\"es\",\"@id\":\"https:\/\/dev6.erresse-shop.it\/#\/schema\/logo\/image\/\",\"url\":\"https:\/\/dev6.erresse-shop.it\/wp-content\/uploads\/2025\/01\/LOGO-ERRESSE-CLASSICO.svg\",\"contentUrl\":\"https:\/\/dev6.erresse-shop.it\/wp-content\/uploads\/2025\/01\/LOGO-ERRESSE-CLASSICO.svg\",\"caption\":\"Erresse Shop\"},\"image\":{\"@id\":\"https:\/\/dev6.erresse-shop.it\/#\/schema\/logo\/image\/\"}}]}<\/script>\n<!-- \/ Yoast SEO plugin. -->","yoast_head_json":{"title":"ALESSI Barkoffee Cafetera con filtro a presi\u00f3n 8 tazas - dev6 Erresse","description":"Dise\u00f1ada por Michael Boucquillon y Donia Maaoui, la colecci\u00f3n Bark -del ingl\u00e9s corteza- se inspira en los \u00e1rboles que rodean la casa de los dos","robots":{"index":"noindex","follow":"follow","max-snippet":"max-snippet:-1","max-image-preview":"max-image-preview:large","max-video-preview":"max-video-preview:-1"},"og_locale":"es_ES","og_type":"article","og_title":"ALESSI Barkoffee Cafetera con filtro a presi\u00f3n 8 tazas - dev6 Erresse","og_description":"Dise\u00f1ada por Michael Boucquillon y Donia Maaoui, la colecci\u00f3n Bark -del ingl\u00e9s corteza- se inspira en los \u00e1rboles que rodean la casa de los dos","og_url":"https:\/\/dev6.erresse-shop.it\/es\/shop\/cocina\/cafeteras\/alessi-barkoffee-cafetera-con-filtro-a-presion-8-tazas\/","og_site_name":"dev6 Erresse","og_image":[{"url":"https:\/\/interpim.erresse-shop.it\/Import\/Prodotti\/alessi-barkoffee-caffettiera-a-presso-filtro-8-tazze.jpg","type":"","width":"","height":""},{"url":"https:\/\/interpim.erresse-shop.it\/Import\/Prodotti\/alessi-barkoffee-caffettiera-a-presso-filtro-8-tazze.jpg","width":1024,"height":1024,"type":"image\/jpeg"}],"twitter_card":"summary_large_image","twitter_image":"https:\/\/interpim.erresse-shop.it\/Import\/Prodotti\/alessi-barkoffee-caffettiera-a-presso-filtro-8-tazze.jpg","schema":{"@context":"https:\/\/schema.org","@graph":[{"@type":"WebPage","@id":"https:\/\/dev6.erresse-shop.it\/es\/shop\/cocina\/cafeteras\/alessi-barkoffee-cafetera-con-filtro-a-presion-8-tazas\/","url":"https:\/\/dev6.erresse-shop.it\/es\/shop\/cocina\/cafeteras\/alessi-barkoffee-cafetera-con-filtro-a-presion-8-tazas\/","name":"ALESSI Barkoffee Cafetera con filtro a presi\u00f3n 8 tazas - dev6 Erresse","isPartOf":{"@id":"https:\/\/dev6.erresse-shop.it\/#website"},"primaryImageOfPage":{"@id":"https:\/\/dev6.erresse-shop.it\/es\/shop\/cocina\/cafeteras\/alessi-barkoffee-cafetera-con-filtro-a-presion-8-tazas\/#primaryimage"},"image":{"@id":"https:\/\/dev6.erresse-shop.it\/es\/shop\/cocina\/cafeteras\/alessi-barkoffee-cafetera-con-filtro-a-presion-8-tazas\/#primaryimage"},"thumbnailUrl":"https:\/\/i2.wp.com\/interpim.erresse-shop.it\/Import\/Prodotti\/alessi-barkoffee-caffettiera-a-presso-filtro-8-tazze.jpg?ssl=1","datePublished":"2026-04-12T11:34:09+00:00","description":"Dise\u00f1ada por Michael Boucquillon y Donia Maaoui, la colecci\u00f3n Bark -del ingl\u00e9s corteza- se inspira en los \u00e1rboles que rodean la casa de los dos","breadcrumb":{"@id":"https:\/\/dev6.erresse-shop.it\/es\/shop\/cocina\/cafeteras\/alessi-barkoffee-cafetera-con-filtro-a-presion-8-tazas\/#breadcrumb"},"inLanguage":"es","potentialAction":[{"@type":"ReadAction","target":["https:\/\/dev6.erresse-shop.it\/es\/shop\/cocina\/cafeteras\/alessi-barkoffee-cafetera-con-filtro-a-presion-8-tazas\/"]}]},{"@type":"ImageObject","inLanguage":"es","@id":"https:\/\/dev6.erresse-shop.it\/es\/shop\/cocina\/cafeteras\/alessi-barkoffee-cafetera-con-filtro-a-presion-8-tazas\/#primaryimage","url":"https:\/\/i2.wp.com\/interpim.erresse-shop.it\/Import\/Prodotti\/alessi-barkoffee-caffettiera-a-presso-filtro-8-tazze.jpg?ssl=1","contentUrl":"https:\/\/i2.wp.com\/interpim.erresse-shop.it\/Import\/Prodotti\/alessi-barkoffee-caffettiera-a-presso-filtro-8-tazze.jpg?ssl=1"},{"@type":"BreadcrumbList","@id":"https:\/\/dev6.erresse-shop.it\/es\/shop\/cocina\/cafeteras\/alessi-barkoffee-cafetera-con-filtro-a-presion-8-tazas\/#breadcrumb","itemListElement":[{"@type":"ListItem","position":1,"name":"Home","item":"https:\/\/dev6.erresse-shop.it\/"},{"@type":"ListItem","position":2,"name":"Tienda","item":"https:\/\/dev6.erresse-shop.it\/shop\/"},{"@type":"ListItem","position":3,"name":"ALESSI Barkoffee Cafetera con filtro a presi\u00f3n 8 tazas"}]},{"@type":"WebSite","@id":"https:\/\/dev6.erresse-shop.it\/#website","url":"https:\/\/dev6.erresse-shop.it\/","name":"Erresse Shop","description":"","publisher":{"@id":"https:\/\/dev6.erresse-shop.it\/#organization"},"potentialAction":[{"@type":"SearchAction","target":{"@type":"EntryPoint","urlTemplate":"https:\/\/dev6.erresse-shop.it\/?s={search_term_string}"},"query-input":{"@type":"PropertyValueSpecification","valueRequired":true,"valueName":"search_term_string"}}],"inLanguage":"es"},{"@type":"Organization","@id":"https:\/\/dev6.erresse-shop.it\/#organization","name":"Erresse Shop","url":"https:\/\/dev6.erresse-shop.it\/","logo":{"@type":"ImageObject","inLanguage":"es","@id":"https:\/\/dev6.erresse-shop.it\/#\/schema\/logo\/image\/","url":"https:\/\/dev6.erresse-shop.it\/wp-content\/uploads\/2025\/01\/LOGO-ERRESSE-CLASSICO.svg","contentUrl":"https:\/\/dev6.erresse-shop.it\/wp-content\/uploads\/2025\/01\/LOGO-ERRESSE-CLASSICO.svg","caption":"Erresse Shop"},"image":{"@id":"https:\/\/dev6.erresse-shop.it\/#\/schema\/logo\/image\/"}}]}},"df_price":86.4,"df_sale_price":86.4,"df_regular_price":96,"df_image_link":"https:\/\/i2.wp.com\/interpim.erresse-shop.it\/Import\/Prodotti\/alessi-barkoffee-caffettiera-a-presso-filtro-8-tazze.jpg?resize=300,300&ssl=1","fifu_image_url":"https:\/\/interpim.erresse-shop.it\/Import\/Prodotti\/alessi-barkoffee-caffettiera-a-presso-filtro-8-tazze.jpg","_links":{"self":[{"href":"https:\/\/dev6.erresse-shop.it\/es\/wp-json\/wp\/v2\/product\/1884075","targetHints":{"allow":["GET"]}}],"collection":[{"href":"https:\/\/dev6.erresse-shop.it\/es\/wp-json\/wp\/v2\/product"}],"about":[{"href":"https:\/\/dev6.erresse-shop.it\/es\/wp-json\/wp\/v2\/types\/product"}],"wp:featuredmedia":[{"embeddable":true,"href":"https:\/\/dev6.erresse-shop.it\/es\/wp-json\/wp\/v2\/media\/6377369"}],"wp:attachment":[{"href":"https:\/\/dev6.erresse-shop.it\/es\/wp-json\/wp\/v2\/media?parent=1884075"}],"wp:term":[{"taxonomy":"product_cat","embeddable":true,"href":"https:\/\/dev6.erresse-shop.it\/es\/wp-json\/wp\/v2\/product_cat?post=1884075"},{"taxonomy":"product_tag","embeddable":true,"href":"https:\/\/dev6.erresse-shop.it\/es\/wp-json\/wp\/v2\/product_tag?post=1884075"}],"curies":[{"name":"wp","href":"https:\/\/api.w.org\/{rel}","templated":true}]}}