{"id":1884049,"date":"2026-04-04T13:29:05","date_gmt":"2026-04-04T11:29:05","guid":{"rendered":"https:\/\/dev6.erresse-shop.it\/shop\/sin%20categor\u00eda\/alessi-la-cintura-di-orione-sarten-lyonnaise-24-cm\/"},"modified":"2025-09-14T10:30:33","modified_gmt":"2025-09-14T08:30:33","slug":"alessi-la-cintura-di-orione-sarten-lyonnaise-24-cm","status":"publish","type":"product","link":"https:\/\/dev6.erresse-shop.it\/es\/shop\/sartenes-y-ollas\/ollas-y-cacerolas\/alessi-la-cintura-di-orione-sarten-lyonnaise-24-cm\/","title":{"rendered":"ALESSI La Cintura di Orione Sart\u00e9n Lyonnaise 24 cm"},"content":{"rendered":"<p>Fabricada en trilamina, la sart\u00e9n Lyon de la serie La Cintura di Orione se presta a un uso vers\u00e1til gracias a su gran capacidad de conducci\u00f3n del calor y a su utilizaci\u00f3n en todas las placas, incluida la inducci\u00f3n. El mango largo la hace perfecta para fre\u00edr o saltear.<\/p>\n<p>Sart\u00e9n Lyonnaise de trilamina (AISI 430, aluminio, acero inoxidable 18\/10).<\/p>\n<p>Caracter\u00edsticas:<\/p>\n<p>Altura (cm): 4.00<br \/>\nLargo (cm): 32.00<br \/>\nAnchura (cm): 24.00<\/p>\n","protected":false},"excerpt":{"rendered":"<p>Fabricada en trilamina, la sart\u00e9n Lyon de la serie La Cintura di Orione se presta a un uso vers\u00e1til gracias a su gran capacidad de conducci\u00f3n del calor y a su utilizaci\u00f3n en todas las placas, incluida la inducci\u00f3n. El mango largo la hace perfecta para fre\u00edr o saltear. Sart\u00e9n Lyonnaise de trilamina (AISI 430, [&hellip;]<\/p>\n","protected":false},"featured_media":6294015,"template":"","meta":{"_acf_changed":false},"product_cat":[11884,11893,11883],"product_tag":[],"class_list":{"0":"post-1884049","1":"product","2":"type-product","3":"status-publish","4":"has-post-thumbnail","6":"product_cat-cocina","7":"product_cat-ollas-y-cacerolas","8":"product_cat-sartenes-y-ollas","10":"first","11":"instock","12":"sale","13":"taxable","14":"shipping-taxable","15":"purchasable","16":"product-type-simple","swatches":"rey-swatches","show_selected":"","stretch_labels":"rey-swatches--stretch-labels"},"acf":[],"yoast_head":"<!-- This site is optimized with the Yoast SEO plugin v25.4 - https:\/\/yoast.com\/wordpress\/plugins\/seo\/ -->\n<title>ALESSI La Cintura di Orione Sart\u00e9n Lyonnaise 24 cm - dev6 Erresse<\/title>\n<meta name=\"description\" content=\"Fabricada en trilamina, la sart\u00e9n Lyon de la serie La Cintura di Orione se presta a un uso vers\u00e1til gracias a su gran capacidad de conducci\u00f3n del calor y\" \/>\n<meta name=\"robots\" content=\"noindex, follow, max-snippet:-1, max-image-preview:large, max-video-preview:-1\" \/>\n<meta property=\"og:locale\" content=\"es_ES\" \/>\n<meta property=\"og:type\" content=\"article\" \/>\n<meta property=\"og:title\" content=\"ALESSI La Cintura di Orione Sart\u00e9n Lyonnaise 24 cm - dev6 Erresse\" \/>\n<meta property=\"og:description\" content=\"Fabricada en trilamina, la sart\u00e9n Lyon de la serie La Cintura di Orione se presta a un uso vers\u00e1til gracias a su gran capacidad de conducci\u00f3n del calor y\" \/>\n<meta property=\"og:url\" content=\"https:\/\/dev6.erresse-shop.it\/es\/shop\/sartenes-y-ollas\/ollas-y-cacerolas\/alessi-la-cintura-di-orione-sarten-lyonnaise-24-cm\/\" \/>\n<meta property=\"og:site_name\" content=\"dev6 Erresse\" \/>\n<meta property=\"og:image\" content=\"https:\/\/interpim.erresse-shop.it\/Import\/Prodotti\/alessi-la-cintura-di-orione-padella-lionese-24-cm.jpg\" \/><meta property=\"og:image\" content=\"https:\/\/interpim.erresse-shop.it\/Import\/Prodotti\/alessi-la-cintura-di-orione-padella-lionese-24-cm.jpg\" \/>\n\t<meta property=\"og:image:width\" content=\"1024\" \/>\n\t<meta property=\"og:image:height\" content=\"1024\" \/>\n\t<meta property=\"og:image:type\" content=\"image\/jpeg\" \/>\n<meta name=\"twitter:card\" content=\"summary_large_image\" \/>\n<meta name=\"twitter:image\" content=\"https:\/\/interpim.erresse-shop.it\/Import\/Prodotti\/alessi-la-cintura-di-orione-padella-lionese-24-cm.jpg\" \/>\n<script type=\"application\/ld+json\" class=\"yoast-schema-graph\">{\"@context\":\"https:\/\/schema.org\",\"@graph\":[{\"@type\":\"WebPage\",\"@id\":\"https:\/\/dev6.erresse-shop.it\/es\/shop\/sartenes-y-ollas\/ollas-y-cacerolas\/alessi-la-cintura-di-orione-sarten-lyonnaise-24-cm\/\",\"url\":\"https:\/\/dev6.erresse-shop.it\/es\/shop\/sartenes-y-ollas\/ollas-y-cacerolas\/alessi-la-cintura-di-orione-sarten-lyonnaise-24-cm\/\",\"name\":\"ALESSI La Cintura di Orione Sart\u00e9n Lyonnaise 24 cm - dev6 Erresse\",\"isPartOf\":{\"@id\":\"https:\/\/dev6.erresse-shop.it\/#website\"},\"primaryImageOfPage\":{\"@id\":\"https:\/\/dev6.erresse-shop.it\/es\/shop\/sartenes-y-ollas\/ollas-y-cacerolas\/alessi-la-cintura-di-orione-sarten-lyonnaise-24-cm\/#primaryimage\"},\"image\":{\"@id\":\"https:\/\/dev6.erresse-shop.it\/es\/shop\/sartenes-y-ollas\/ollas-y-cacerolas\/alessi-la-cintura-di-orione-sarten-lyonnaise-24-cm\/#primaryimage\"},\"thumbnailUrl\":\"https:\/\/i1.wp.com\/interpim.erresse-shop.it\/Import\/Prodotti\/alessi-la-cintura-di-orione-padella-lionese-24-cm.jpg?ssl=1\",\"datePublished\":\"2026-04-04T11:29:05+00:00\",\"description\":\"Fabricada en trilamina, la sart\u00e9n Lyon de la serie La Cintura di Orione se presta a un uso vers\u00e1til gracias a su gran capacidad de conducci\u00f3n del calor y\",\"breadcrumb\":{\"@id\":\"https:\/\/dev6.erresse-shop.it\/es\/shop\/sartenes-y-ollas\/ollas-y-cacerolas\/alessi-la-cintura-di-orione-sarten-lyonnaise-24-cm\/#breadcrumb\"},\"inLanguage\":\"es\",\"potentialAction\":[{\"@type\":\"ReadAction\",\"target\":[\"https:\/\/dev6.erresse-shop.it\/es\/shop\/sartenes-y-ollas\/ollas-y-cacerolas\/alessi-la-cintura-di-orione-sarten-lyonnaise-24-cm\/\"]}]},{\"@type\":\"ImageObject\",\"inLanguage\":\"es\",\"@id\":\"https:\/\/dev6.erresse-shop.it\/es\/shop\/sartenes-y-ollas\/ollas-y-cacerolas\/alessi-la-cintura-di-orione-sarten-lyonnaise-24-cm\/#primaryimage\",\"url\":\"https:\/\/i1.wp.com\/interpim.erresse-shop.it\/Import\/Prodotti\/alessi-la-cintura-di-orione-padella-lionese-24-cm.jpg?ssl=1\",\"contentUrl\":\"https:\/\/i1.wp.com\/interpim.erresse-shop.it\/Import\/Prodotti\/alessi-la-cintura-di-orione-padella-lionese-24-cm.jpg?ssl=1\"},{\"@type\":\"BreadcrumbList\",\"@id\":\"https:\/\/dev6.erresse-shop.it\/es\/shop\/sartenes-y-ollas\/ollas-y-cacerolas\/alessi-la-cintura-di-orione-sarten-lyonnaise-24-cm\/#breadcrumb\",\"itemListElement\":[{\"@type\":\"ListItem\",\"position\":1,\"name\":\"Home\",\"item\":\"https:\/\/dev6.erresse-shop.it\/\"},{\"@type\":\"ListItem\",\"position\":2,\"name\":\"Tienda\",\"item\":\"https:\/\/dev6.erresse-shop.it\/shop\/\"},{\"@type\":\"ListItem\",\"position\":3,\"name\":\"ALESSI La Cintura di Orione Sart\u00e9n Lyonnaise 24 cm\"}]},{\"@type\":\"WebSite\",\"@id\":\"https:\/\/dev6.erresse-shop.it\/#website\",\"url\":\"https:\/\/dev6.erresse-shop.it\/\",\"name\":\"Erresse Shop\",\"description\":\"\",\"publisher\":{\"@id\":\"https:\/\/dev6.erresse-shop.it\/#organization\"},\"potentialAction\":[{\"@type\":\"SearchAction\",\"target\":{\"@type\":\"EntryPoint\",\"urlTemplate\":\"https:\/\/dev6.erresse-shop.it\/?s={search_term_string}\"},\"query-input\":{\"@type\":\"PropertyValueSpecification\",\"valueRequired\":true,\"valueName\":\"search_term_string\"}}],\"inLanguage\":\"es\"},{\"@type\":\"Organization\",\"@id\":\"https:\/\/dev6.erresse-shop.it\/#organization\",\"name\":\"Erresse Shop\",\"url\":\"https:\/\/dev6.erresse-shop.it\/\",\"logo\":{\"@type\":\"ImageObject\",\"inLanguage\":\"es\",\"@id\":\"https:\/\/dev6.erresse-shop.it\/#\/schema\/logo\/image\/\",\"url\":\"https:\/\/dev6.erresse-shop.it\/wp-content\/uploads\/2025\/01\/LOGO-ERRESSE-CLASSICO.svg\",\"contentUrl\":\"https:\/\/dev6.erresse-shop.it\/wp-content\/uploads\/2025\/01\/LOGO-ERRESSE-CLASSICO.svg\",\"caption\":\"Erresse Shop\"},\"image\":{\"@id\":\"https:\/\/dev6.erresse-shop.it\/#\/schema\/logo\/image\/\"}}]}<\/script>\n<!-- \/ Yoast SEO plugin. -->","yoast_head_json":{"title":"ALESSI La Cintura di Orione Sart\u00e9n Lyonnaise 24 cm - dev6 Erresse","description":"Fabricada en trilamina, la sart\u00e9n Lyon de la serie La Cintura di Orione se presta a un uso vers\u00e1til gracias a su gran capacidad de conducci\u00f3n del calor y","robots":{"index":"noindex","follow":"follow","max-snippet":"max-snippet:-1","max-image-preview":"max-image-preview:large","max-video-preview":"max-video-preview:-1"},"og_locale":"es_ES","og_type":"article","og_title":"ALESSI La Cintura di Orione Sart\u00e9n Lyonnaise 24 cm - dev6 Erresse","og_description":"Fabricada en trilamina, la sart\u00e9n Lyon de la serie La Cintura di Orione se presta a un uso vers\u00e1til gracias a su gran capacidad de conducci\u00f3n del calor y","og_url":"https:\/\/dev6.erresse-shop.it\/es\/shop\/sartenes-y-ollas\/ollas-y-cacerolas\/alessi-la-cintura-di-orione-sarten-lyonnaise-24-cm\/","og_site_name":"dev6 Erresse","og_image":[{"url":"https:\/\/interpim.erresse-shop.it\/Import\/Prodotti\/alessi-la-cintura-di-orione-padella-lionese-24-cm.jpg","type":"","width":"","height":""},{"url":"https:\/\/interpim.erresse-shop.it\/Import\/Prodotti\/alessi-la-cintura-di-orione-padella-lionese-24-cm.jpg","width":1024,"height":1024,"type":"image\/jpeg"}],"twitter_card":"summary_large_image","twitter_image":"https:\/\/interpim.erresse-shop.it\/Import\/Prodotti\/alessi-la-cintura-di-orione-padella-lionese-24-cm.jpg","schema":{"@context":"https:\/\/schema.org","@graph":[{"@type":"WebPage","@id":"https:\/\/dev6.erresse-shop.it\/es\/shop\/sartenes-y-ollas\/ollas-y-cacerolas\/alessi-la-cintura-di-orione-sarten-lyonnaise-24-cm\/","url":"https:\/\/dev6.erresse-shop.it\/es\/shop\/sartenes-y-ollas\/ollas-y-cacerolas\/alessi-la-cintura-di-orione-sarten-lyonnaise-24-cm\/","name":"ALESSI La Cintura di Orione Sart\u00e9n Lyonnaise 24 cm - dev6 Erresse","isPartOf":{"@id":"https:\/\/dev6.erresse-shop.it\/#website"},"primaryImageOfPage":{"@id":"https:\/\/dev6.erresse-shop.it\/es\/shop\/sartenes-y-ollas\/ollas-y-cacerolas\/alessi-la-cintura-di-orione-sarten-lyonnaise-24-cm\/#primaryimage"},"image":{"@id":"https:\/\/dev6.erresse-shop.it\/es\/shop\/sartenes-y-ollas\/ollas-y-cacerolas\/alessi-la-cintura-di-orione-sarten-lyonnaise-24-cm\/#primaryimage"},"thumbnailUrl":"https:\/\/i1.wp.com\/interpim.erresse-shop.it\/Import\/Prodotti\/alessi-la-cintura-di-orione-padella-lionese-24-cm.jpg?ssl=1","datePublished":"2026-04-04T11:29:05+00:00","description":"Fabricada en trilamina, la sart\u00e9n Lyon de la serie La Cintura di Orione se presta a un uso vers\u00e1til gracias a su gran capacidad de conducci\u00f3n del calor y","breadcrumb":{"@id":"https:\/\/dev6.erresse-shop.it\/es\/shop\/sartenes-y-ollas\/ollas-y-cacerolas\/alessi-la-cintura-di-orione-sarten-lyonnaise-24-cm\/#breadcrumb"},"inLanguage":"es","potentialAction":[{"@type":"ReadAction","target":["https:\/\/dev6.erresse-shop.it\/es\/shop\/sartenes-y-ollas\/ollas-y-cacerolas\/alessi-la-cintura-di-orione-sarten-lyonnaise-24-cm\/"]}]},{"@type":"ImageObject","inLanguage":"es","@id":"https:\/\/dev6.erresse-shop.it\/es\/shop\/sartenes-y-ollas\/ollas-y-cacerolas\/alessi-la-cintura-di-orione-sarten-lyonnaise-24-cm\/#primaryimage","url":"https:\/\/i1.wp.com\/interpim.erresse-shop.it\/Import\/Prodotti\/alessi-la-cintura-di-orione-padella-lionese-24-cm.jpg?ssl=1","contentUrl":"https:\/\/i1.wp.com\/interpim.erresse-shop.it\/Import\/Prodotti\/alessi-la-cintura-di-orione-padella-lionese-24-cm.jpg?ssl=1"},{"@type":"BreadcrumbList","@id":"https:\/\/dev6.erresse-shop.it\/es\/shop\/sartenes-y-ollas\/ollas-y-cacerolas\/alessi-la-cintura-di-orione-sarten-lyonnaise-24-cm\/#breadcrumb","itemListElement":[{"@type":"ListItem","position":1,"name":"Home","item":"https:\/\/dev6.erresse-shop.it\/"},{"@type":"ListItem","position":2,"name":"Tienda","item":"https:\/\/dev6.erresse-shop.it\/shop\/"},{"@type":"ListItem","position":3,"name":"ALESSI La Cintura di Orione Sart\u00e9n Lyonnaise 24 cm"}]},{"@type":"WebSite","@id":"https:\/\/dev6.erresse-shop.it\/#website","url":"https:\/\/dev6.erresse-shop.it\/","name":"Erresse Shop","description":"","publisher":{"@id":"https:\/\/dev6.erresse-shop.it\/#organization"},"potentialAction":[{"@type":"SearchAction","target":{"@type":"EntryPoint","urlTemplate":"https:\/\/dev6.erresse-shop.it\/?s={search_term_string}"},"query-input":{"@type":"PropertyValueSpecification","valueRequired":true,"valueName":"search_term_string"}}],"inLanguage":"es"},{"@type":"Organization","@id":"https:\/\/dev6.erresse-shop.it\/#organization","name":"Erresse Shop","url":"https:\/\/dev6.erresse-shop.it\/","logo":{"@type":"ImageObject","inLanguage":"es","@id":"https:\/\/dev6.erresse-shop.it\/#\/schema\/logo\/image\/","url":"https:\/\/dev6.erresse-shop.it\/wp-content\/uploads\/2025\/01\/LOGO-ERRESSE-CLASSICO.svg","contentUrl":"https:\/\/dev6.erresse-shop.it\/wp-content\/uploads\/2025\/01\/LOGO-ERRESSE-CLASSICO.svg","caption":"Erresse Shop"},"image":{"@id":"https:\/\/dev6.erresse-shop.it\/#\/schema\/logo\/image\/"}}]}},"df_price":139.5,"df_sale_price":139.5,"df_regular_price":155,"df_image_link":"https:\/\/i1.wp.com\/interpim.erresse-shop.it\/Import\/Prodotti\/alessi-la-cintura-di-orione-padella-lionese-24-cm.jpg?resize=300,300&ssl=1","fifu_image_url":"https:\/\/interpim.erresse-shop.it\/Import\/Prodotti\/alessi-la-cintura-di-orione-padella-lionese-24-cm.jpg","_links":{"self":[{"href":"https:\/\/dev6.erresse-shop.it\/es\/wp-json\/wp\/v2\/product\/1884049","targetHints":{"allow":["GET"]}}],"collection":[{"href":"https:\/\/dev6.erresse-shop.it\/es\/wp-json\/wp\/v2\/product"}],"about":[{"href":"https:\/\/dev6.erresse-shop.it\/es\/wp-json\/wp\/v2\/types\/product"}],"wp:featuredmedia":[{"embeddable":true,"href":"https:\/\/dev6.erresse-shop.it\/es\/wp-json\/wp\/v2\/media\/6294015"}],"wp:attachment":[{"href":"https:\/\/dev6.erresse-shop.it\/es\/wp-json\/wp\/v2\/media?parent=1884049"}],"wp:term":[{"taxonomy":"product_cat","embeddable":true,"href":"https:\/\/dev6.erresse-shop.it\/es\/wp-json\/wp\/v2\/product_cat?post=1884049"},{"taxonomy":"product_tag","embeddable":true,"href":"https:\/\/dev6.erresse-shop.it\/es\/wp-json\/wp\/v2\/product_tag?post=1884049"}],"curies":[{"name":"wp","href":"https:\/\/api.w.org\/{rel}","templated":true}]}}