{"id":1883933,"date":"2026-04-12T13:23:43","date_gmt":"2026-04-12T11:23:43","guid":{"rendered":"https:\/\/dev6.erresse-shop.it\/shop\/sin%20categor\u00eda\/mr-wattson-lampara-led-cloudy-blue-norbitt\/"},"modified":"2025-09-14T10:27:24","modified_gmt":"2025-09-14T08:27:24","slug":"mr-wattson-lampara-led-cloudy-blue-norbitt","status":"publish","type":"product","link":"https:\/\/dev6.erresse-shop.it\/es\/shop\/mobiliario\/lamparas\/mr-wattson-lampara-led-cloudy-blue-norbitt\/","title":{"rendered":"MR. WATTSON L\u00e1mpara LED Cloudy Blue Norbitt"},"content":{"rendered":"<p>Cloudy Blue Norbitt es b\u00e1sicamente una enso\u00f1aci\u00f3n disfrazada. Es como el cielo de un domingo tranquilo, cuando ni siquiera las nubes se molestan en correr. \u201cNo son el t\u00edpico electroshock de color; son el suspiro relajante al final de un d\u00eda ajetreado\u201d, afirma. Y a\u00f1ade que no solo ilumina la habitaci\u00f3n, \u201csino que la transforma en un oasis de calma, un lugar donde puedes dejar que tus preocupaciones floten sobre un suave mont\u00edculo de animales\u201d. Nos gusta el sonido de esta frase.<\/p>\n<p>Tu compa\u00f1era estrella que est\u00e1 aqu\u00ed para iluminar tu universo. Este explorador ecol\u00f3gico recargable es compacto pero potente, iluminando cualquier rinc\u00f3n con una rotaci\u00f3n de 360 \u200b\u200bgrados. Norbitt ofrece tres configuraciones de atenuaci\u00f3n para crear el ambiente, desde \u201cluz de estrellas sutil\u201d hasta \u201cdiscoteca interestelar\u201d. Norbitt tambi\u00e9n puede acompa\u00f1arte en tus aventuras al aire libre, ya sea asando malvaviscos o contemplando las estrellas, su actividad favorita.<\/p>\n<p>Especificaciones:<\/p>\n<p>El cable tiene 1 m de largo.<br \/>\nEquipado con interruptor y enchufe europeo.<br \/>\nDimensiones (LxAnxAl): 8,3 x 10 x 12,5 cm<br \/>\nLED de 1,3 vatios<\/p>\n","protected":false},"excerpt":{"rendered":"<p>Cloudy Blue Norbitt es b\u00e1sicamente una enso\u00f1aci\u00f3n disfrazada. Es como el cielo de un domingo tranquilo, cuando ni siquiera las nubes se molestan en correr. \u201cNo son el t\u00edpico electroshock de color; son el suspiro relajante al final de un d\u00eda ajetreado\u201d, afirma. Y a\u00f1ade que no solo ilumina la habitaci\u00f3n, \u201csino que la transforma [&hellip;]<\/p>\n","protected":false},"featured_media":6376966,"template":"","meta":{"_acf_changed":false},"product_cat":[11911,11882],"product_tag":[],"class_list":{"0":"post-1883933","1":"product","2":"type-product","3":"status-publish","4":"has-post-thumbnail","6":"product_cat-lamparas","7":"product_cat-mobiliario","9":"first","10":"instock","11":"sale","12":"taxable","13":"shipping-taxable","14":"purchasable","15":"product-type-simple","swatches":"rey-swatches","show_selected":"","stretch_labels":"rey-swatches--stretch-labels"},"acf":[],"yoast_head":"<!-- This site is optimized with the Yoast SEO plugin v25.4 - https:\/\/yoast.com\/wordpress\/plugins\/seo\/ -->\n<title>MR. WATTSON L\u00e1mpara LED Cloudy Blue Norbitt - dev6 Erresse<\/title>\n<meta name=\"description\" content=\"Cloudy Blue Norbitt es b\u00e1sicamente una enso\u00f1aci\u00f3n disfrazada. Es como el cielo de un domingo tranquilo, cuando ni siquiera las nubes se molestan en\" \/>\n<meta name=\"robots\" content=\"noindex, follow, max-snippet:-1, max-image-preview:large, max-video-preview:-1\" \/>\n<meta property=\"og:locale\" content=\"es_ES\" \/>\n<meta property=\"og:type\" content=\"article\" \/>\n<meta property=\"og:title\" content=\"MR. WATTSON L\u00e1mpara LED Cloudy Blue Norbitt - dev6 Erresse\" \/>\n<meta property=\"og:description\" content=\"Cloudy Blue Norbitt es b\u00e1sicamente una enso\u00f1aci\u00f3n disfrazada. Es como el cielo de un domingo tranquilo, cuando ni siquiera las nubes se molestan en\" \/>\n<meta property=\"og:url\" content=\"https:\/\/dev6.erresse-shop.it\/es\/shop\/mobiliario\/lamparas\/mr-wattson-lampara-led-cloudy-blue-norbitt\/\" \/>\n<meta property=\"og:site_name\" content=\"dev6 Erresse\" \/>\n<meta property=\"og:image\" content=\"https:\/\/interpim.erresse-shop.it\/Import\/Prodotti\/mr.-wattson-norbitt-lampada-led-cloudy-blue.jpg\" \/><meta property=\"og:image\" content=\"https:\/\/interpim.erresse-shop.it\/Import\/Prodotti\/mr.-wattson-norbitt-lampada-led-cloudy-blue.jpg\" \/>\n\t<meta property=\"og:image:width\" content=\"1024\" \/>\n\t<meta property=\"og:image:height\" content=\"1024\" \/>\n\t<meta property=\"og:image:type\" content=\"image\/jpeg\" \/>\n<meta name=\"twitter:card\" content=\"summary_large_image\" \/>\n<meta name=\"twitter:image\" content=\"https:\/\/interpim.erresse-shop.it\/Import\/Prodotti\/mr.-wattson-norbitt-lampada-led-cloudy-blue.jpg\" \/>\n<script type=\"application\/ld+json\" class=\"yoast-schema-graph\">{\"@context\":\"https:\/\/schema.org\",\"@graph\":[{\"@type\":\"WebPage\",\"@id\":\"https:\/\/dev6.erresse-shop.it\/es\/shop\/mobiliario\/lamparas\/mr-wattson-lampara-led-cloudy-blue-norbitt\/\",\"url\":\"https:\/\/dev6.erresse-shop.it\/es\/shop\/mobiliario\/lamparas\/mr-wattson-lampara-led-cloudy-blue-norbitt\/\",\"name\":\"MR. WATTSON L\u00e1mpara LED Cloudy Blue Norbitt - dev6 Erresse\",\"isPartOf\":{\"@id\":\"https:\/\/dev6.erresse-shop.it\/#website\"},\"primaryImageOfPage\":{\"@id\":\"https:\/\/dev6.erresse-shop.it\/es\/shop\/mobiliario\/lamparas\/mr-wattson-lampara-led-cloudy-blue-norbitt\/#primaryimage\"},\"image\":{\"@id\":\"https:\/\/dev6.erresse-shop.it\/es\/shop\/mobiliario\/lamparas\/mr-wattson-lampara-led-cloudy-blue-norbitt\/#primaryimage\"},\"thumbnailUrl\":\"https:\/\/i1.wp.com\/interpim.erresse-shop.it\/Import\/Prodotti\/mr.-wattson-norbitt-lampada-led-cloudy-blue.jpg?ssl=1\",\"datePublished\":\"2026-04-12T11:23:43+00:00\",\"description\":\"Cloudy Blue Norbitt es b\u00e1sicamente una enso\u00f1aci\u00f3n disfrazada. Es como el cielo de un domingo tranquilo, cuando ni siquiera las nubes se molestan en\",\"breadcrumb\":{\"@id\":\"https:\/\/dev6.erresse-shop.it\/es\/shop\/mobiliario\/lamparas\/mr-wattson-lampara-led-cloudy-blue-norbitt\/#breadcrumb\"},\"inLanguage\":\"es\",\"potentialAction\":[{\"@type\":\"ReadAction\",\"target\":[\"https:\/\/dev6.erresse-shop.it\/es\/shop\/mobiliario\/lamparas\/mr-wattson-lampara-led-cloudy-blue-norbitt\/\"]}]},{\"@type\":\"ImageObject\",\"inLanguage\":\"es\",\"@id\":\"https:\/\/dev6.erresse-shop.it\/es\/shop\/mobiliario\/lamparas\/mr-wattson-lampara-led-cloudy-blue-norbitt\/#primaryimage\",\"url\":\"https:\/\/i1.wp.com\/interpim.erresse-shop.it\/Import\/Prodotti\/mr.-wattson-norbitt-lampada-led-cloudy-blue.jpg?ssl=1\",\"contentUrl\":\"https:\/\/i1.wp.com\/interpim.erresse-shop.it\/Import\/Prodotti\/mr.-wattson-norbitt-lampada-led-cloudy-blue.jpg?ssl=1\"},{\"@type\":\"BreadcrumbList\",\"@id\":\"https:\/\/dev6.erresse-shop.it\/es\/shop\/mobiliario\/lamparas\/mr-wattson-lampara-led-cloudy-blue-norbitt\/#breadcrumb\",\"itemListElement\":[{\"@type\":\"ListItem\",\"position\":1,\"name\":\"Home\",\"item\":\"https:\/\/dev6.erresse-shop.it\/\"},{\"@type\":\"ListItem\",\"position\":2,\"name\":\"Tienda\",\"item\":\"https:\/\/dev6.erresse-shop.it\/shop\/\"},{\"@type\":\"ListItem\",\"position\":3,\"name\":\"MR. WATTSON L\u00e1mpara LED Cloudy Blue Norbitt\"}]},{\"@type\":\"WebSite\",\"@id\":\"https:\/\/dev6.erresse-shop.it\/#website\",\"url\":\"https:\/\/dev6.erresse-shop.it\/\",\"name\":\"Erresse Shop\",\"description\":\"\",\"publisher\":{\"@id\":\"https:\/\/dev6.erresse-shop.it\/#organization\"},\"potentialAction\":[{\"@type\":\"SearchAction\",\"target\":{\"@type\":\"EntryPoint\",\"urlTemplate\":\"https:\/\/dev6.erresse-shop.it\/?s={search_term_string}\"},\"query-input\":{\"@type\":\"PropertyValueSpecification\",\"valueRequired\":true,\"valueName\":\"search_term_string\"}}],\"inLanguage\":\"es\"},{\"@type\":\"Organization\",\"@id\":\"https:\/\/dev6.erresse-shop.it\/#organization\",\"name\":\"Erresse Shop\",\"url\":\"https:\/\/dev6.erresse-shop.it\/\",\"logo\":{\"@type\":\"ImageObject\",\"inLanguage\":\"es\",\"@id\":\"https:\/\/dev6.erresse-shop.it\/#\/schema\/logo\/image\/\",\"url\":\"https:\/\/dev6.erresse-shop.it\/wp-content\/uploads\/2025\/01\/LOGO-ERRESSE-CLASSICO.svg\",\"contentUrl\":\"https:\/\/dev6.erresse-shop.it\/wp-content\/uploads\/2025\/01\/LOGO-ERRESSE-CLASSICO.svg\",\"caption\":\"Erresse Shop\"},\"image\":{\"@id\":\"https:\/\/dev6.erresse-shop.it\/#\/schema\/logo\/image\/\"}}]}<\/script>\n<!-- \/ Yoast SEO plugin. -->","yoast_head_json":{"title":"MR. WATTSON L\u00e1mpara LED Cloudy Blue Norbitt - dev6 Erresse","description":"Cloudy Blue Norbitt es b\u00e1sicamente una enso\u00f1aci\u00f3n disfrazada. Es como el cielo de un domingo tranquilo, cuando ni siquiera las nubes se molestan en","robots":{"index":"noindex","follow":"follow","max-snippet":"max-snippet:-1","max-image-preview":"max-image-preview:large","max-video-preview":"max-video-preview:-1"},"og_locale":"es_ES","og_type":"article","og_title":"MR. WATTSON L\u00e1mpara LED Cloudy Blue Norbitt - dev6 Erresse","og_description":"Cloudy Blue Norbitt es b\u00e1sicamente una enso\u00f1aci\u00f3n disfrazada. Es como el cielo de un domingo tranquilo, cuando ni siquiera las nubes se molestan en","og_url":"https:\/\/dev6.erresse-shop.it\/es\/shop\/mobiliario\/lamparas\/mr-wattson-lampara-led-cloudy-blue-norbitt\/","og_site_name":"dev6 Erresse","og_image":[{"url":"https:\/\/interpim.erresse-shop.it\/Import\/Prodotti\/mr.-wattson-norbitt-lampada-led-cloudy-blue.jpg","type":"","width":"","height":""},{"url":"https:\/\/interpim.erresse-shop.it\/Import\/Prodotti\/mr.-wattson-norbitt-lampada-led-cloudy-blue.jpg","width":1024,"height":1024,"type":"image\/jpeg"}],"twitter_card":"summary_large_image","twitter_image":"https:\/\/interpim.erresse-shop.it\/Import\/Prodotti\/mr.-wattson-norbitt-lampada-led-cloudy-blue.jpg","schema":{"@context":"https:\/\/schema.org","@graph":[{"@type":"WebPage","@id":"https:\/\/dev6.erresse-shop.it\/es\/shop\/mobiliario\/lamparas\/mr-wattson-lampara-led-cloudy-blue-norbitt\/","url":"https:\/\/dev6.erresse-shop.it\/es\/shop\/mobiliario\/lamparas\/mr-wattson-lampara-led-cloudy-blue-norbitt\/","name":"MR. WATTSON L\u00e1mpara LED Cloudy Blue Norbitt - dev6 Erresse","isPartOf":{"@id":"https:\/\/dev6.erresse-shop.it\/#website"},"primaryImageOfPage":{"@id":"https:\/\/dev6.erresse-shop.it\/es\/shop\/mobiliario\/lamparas\/mr-wattson-lampara-led-cloudy-blue-norbitt\/#primaryimage"},"image":{"@id":"https:\/\/dev6.erresse-shop.it\/es\/shop\/mobiliario\/lamparas\/mr-wattson-lampara-led-cloudy-blue-norbitt\/#primaryimage"},"thumbnailUrl":"https:\/\/i1.wp.com\/interpim.erresse-shop.it\/Import\/Prodotti\/mr.-wattson-norbitt-lampada-led-cloudy-blue.jpg?ssl=1","datePublished":"2026-04-12T11:23:43+00:00","description":"Cloudy Blue Norbitt es b\u00e1sicamente una enso\u00f1aci\u00f3n disfrazada. Es como el cielo de un domingo tranquilo, cuando ni siquiera las nubes se molestan en","breadcrumb":{"@id":"https:\/\/dev6.erresse-shop.it\/es\/shop\/mobiliario\/lamparas\/mr-wattson-lampara-led-cloudy-blue-norbitt\/#breadcrumb"},"inLanguage":"es","potentialAction":[{"@type":"ReadAction","target":["https:\/\/dev6.erresse-shop.it\/es\/shop\/mobiliario\/lamparas\/mr-wattson-lampara-led-cloudy-blue-norbitt\/"]}]},{"@type":"ImageObject","inLanguage":"es","@id":"https:\/\/dev6.erresse-shop.it\/es\/shop\/mobiliario\/lamparas\/mr-wattson-lampara-led-cloudy-blue-norbitt\/#primaryimage","url":"https:\/\/i1.wp.com\/interpim.erresse-shop.it\/Import\/Prodotti\/mr.-wattson-norbitt-lampada-led-cloudy-blue.jpg?ssl=1","contentUrl":"https:\/\/i1.wp.com\/interpim.erresse-shop.it\/Import\/Prodotti\/mr.-wattson-norbitt-lampada-led-cloudy-blue.jpg?ssl=1"},{"@type":"BreadcrumbList","@id":"https:\/\/dev6.erresse-shop.it\/es\/shop\/mobiliario\/lamparas\/mr-wattson-lampara-led-cloudy-blue-norbitt\/#breadcrumb","itemListElement":[{"@type":"ListItem","position":1,"name":"Home","item":"https:\/\/dev6.erresse-shop.it\/"},{"@type":"ListItem","position":2,"name":"Tienda","item":"https:\/\/dev6.erresse-shop.it\/shop\/"},{"@type":"ListItem","position":3,"name":"MR. WATTSON L\u00e1mpara LED Cloudy Blue Norbitt"}]},{"@type":"WebSite","@id":"https:\/\/dev6.erresse-shop.it\/#website","url":"https:\/\/dev6.erresse-shop.it\/","name":"Erresse Shop","description":"","publisher":{"@id":"https:\/\/dev6.erresse-shop.it\/#organization"},"potentialAction":[{"@type":"SearchAction","target":{"@type":"EntryPoint","urlTemplate":"https:\/\/dev6.erresse-shop.it\/?s={search_term_string}"},"query-input":{"@type":"PropertyValueSpecification","valueRequired":true,"valueName":"search_term_string"}}],"inLanguage":"es"},{"@type":"Organization","@id":"https:\/\/dev6.erresse-shop.it\/#organization","name":"Erresse Shop","url":"https:\/\/dev6.erresse-shop.it\/","logo":{"@type":"ImageObject","inLanguage":"es","@id":"https:\/\/dev6.erresse-shop.it\/#\/schema\/logo\/image\/","url":"https:\/\/dev6.erresse-shop.it\/wp-content\/uploads\/2025\/01\/LOGO-ERRESSE-CLASSICO.svg","contentUrl":"https:\/\/dev6.erresse-shop.it\/wp-content\/uploads\/2025\/01\/LOGO-ERRESSE-CLASSICO.svg","caption":"Erresse Shop"},"image":{"@id":"https:\/\/dev6.erresse-shop.it\/#\/schema\/logo\/image\/"}}]}},"df_price":74.95,"df_sale_price":74.95,"df_regular_price":99,"df_image_link":"https:\/\/i1.wp.com\/interpim.erresse-shop.it\/Import\/Prodotti\/mr.-wattson-norbitt-lampada-led-cloudy-blue.jpg?resize=300,300&ssl=1","fifu_image_url":"https:\/\/interpim.erresse-shop.it\/Import\/Prodotti\/mr.-wattson-norbitt-lampada-led-cloudy-blue.jpg","_links":{"self":[{"href":"https:\/\/dev6.erresse-shop.it\/es\/wp-json\/wp\/v2\/product\/1883933","targetHints":{"allow":["GET"]}}],"collection":[{"href":"https:\/\/dev6.erresse-shop.it\/es\/wp-json\/wp\/v2\/product"}],"about":[{"href":"https:\/\/dev6.erresse-shop.it\/es\/wp-json\/wp\/v2\/types\/product"}],"wp:featuredmedia":[{"embeddable":true,"href":"https:\/\/dev6.erresse-shop.it\/es\/wp-json\/wp\/v2\/media\/6376966"}],"wp:attachment":[{"href":"https:\/\/dev6.erresse-shop.it\/es\/wp-json\/wp\/v2\/media?parent=1883933"}],"wp:term":[{"taxonomy":"product_cat","embeddable":true,"href":"https:\/\/dev6.erresse-shop.it\/es\/wp-json\/wp\/v2\/product_cat?post=1883933"},{"taxonomy":"product_tag","embeddable":true,"href":"https:\/\/dev6.erresse-shop.it\/es\/wp-json\/wp\/v2\/product_tag?post=1883933"}],"curies":[{"name":"wp","href":"https:\/\/api.w.org\/{rel}","templated":true}]}}