{"id":1883931,"date":"2026-04-12T13:23:43","date_gmt":"2026-04-12T11:23:43","guid":{"rendered":"https:\/\/dev6.erresse-shop.it\/shop\/sin%20categor\u00eda\/mr-wattson-lampara-led-cromada-cosmica-norbitt-2-0\/"},"modified":"2025-09-14T10:27:14","modified_gmt":"2025-09-14T08:27:14","slug":"mr-wattson-lampara-led-cromada-cosmica-norbitt-2-0","status":"publish","type":"product","link":"https:\/\/dev6.erresse-shop.it\/es\/shop\/mobiliario\/lamparas\/mr-wattson-lampara-led-cromada-cosmica-norbitt-2-0\/","title":{"rendered":"MR. WATTSON L\u00e1mpara LED Cromada C\u00f3smica Norbitt 2.0"},"content":{"rendered":"<p>\u00a1Prep\u00e1rate para despegar con Norbitt en su nuevo y deslumbrante traje: Cosmic Chrome! Es como si este Norbitt acabara de salir de una pel\u00edcula de ciencia ficci\u00f3n o tomara prestado algo de brillo de una nave espacial futurista. \u00a1Es elegante, es moderno, es glamour intergal\u00e1ctico! \u00a1Abr\u00f3chense los cinturones porque el espect\u00e1culo de luces est\u00e1 a punto de comenzar a la velocidad del rayo!<\/p>\n<p>Este explorador recargable es compacto pero potente, iluminando cualquier \u00e1ngulo con una rotaci\u00f3n de 360 \u200b\u200bgrados. Norbitt ofrece tres configuraciones de atenuaci\u00f3n para crear el ambiente, desde \u201cluz de estrellas sutil\u201d hasta \u201cdiscoteca interestelar\u201d. Norbitt tambi\u00e9n puede acompa\u00f1arte en tus aventuras al aire libre, ya sea asando malvaviscos o contemplando las estrellas, su actividad favorita.<\/p>\n<p>Especificaciones:<\/p>\n<p>El cable tiene una longitud de 1,5 m.<br \/>\nEquipado con interruptor y enchufe europeo.<br \/>\nDimensiones (LxAnxAl): 8,3 x 10 x 12 cm<br \/>\nLED de 1,3 vatios<\/p>\n","protected":false},"excerpt":{"rendered":"<p>\u00a1Prep\u00e1rate para despegar con Norbitt en su nuevo y deslumbrante traje: Cosmic Chrome! Es como si este Norbitt acabara de salir de una pel\u00edcula de ciencia ficci\u00f3n o tomara prestado algo de brillo de una nave espacial futurista. \u00a1Es elegante, es moderno, es glamour intergal\u00e1ctico! \u00a1Abr\u00f3chense los cinturones porque el espect\u00e1culo de luces est\u00e1 a [&hellip;]<\/p>\n","protected":false},"featured_media":6376959,"template":"","meta":{"_acf_changed":false},"product_cat":[11911,11882],"product_tag":[],"class_list":{"0":"post-1883931","1":"product","2":"type-product","3":"status-publish","4":"has-post-thumbnail","6":"product_cat-lamparas","7":"product_cat-mobiliario","9":"first","10":"instock","11":"sale","12":"taxable","13":"shipping-taxable","14":"purchasable","15":"product-type-simple","swatches":"rey-swatches","show_selected":"","stretch_labels":"rey-swatches--stretch-labels"},"acf":[],"yoast_head":"<!-- This site is optimized with the Yoast SEO plugin v25.4 - https:\/\/yoast.com\/wordpress\/plugins\/seo\/ -->\n<title>MR. WATTSON L\u00e1mpara LED Cromada C\u00f3smica Norbitt 2.0 - dev6 Erresse<\/title>\n<meta name=\"description\" content=\"\u00a1Prep\u00e1rate para despegar con Norbitt en su nuevo y deslumbrante traje: Cosmic Chrome! Es como si este Norbitt acabara de salir de una pel\u00edcula de ciencia\" \/>\n<meta name=\"robots\" content=\"noindex, follow, max-snippet:-1, max-image-preview:large, max-video-preview:-1\" \/>\n<meta property=\"og:locale\" content=\"es_ES\" \/>\n<meta property=\"og:type\" content=\"article\" \/>\n<meta property=\"og:title\" content=\"MR. WATTSON L\u00e1mpara LED Cromada C\u00f3smica Norbitt 2.0 - dev6 Erresse\" \/>\n<meta property=\"og:description\" content=\"\u00a1Prep\u00e1rate para despegar con Norbitt en su nuevo y deslumbrante traje: Cosmic Chrome! Es como si este Norbitt acabara de salir de una pel\u00edcula de ciencia\" \/>\n<meta property=\"og:url\" content=\"https:\/\/dev6.erresse-shop.it\/es\/shop\/mobiliario\/lamparas\/mr-wattson-lampara-led-cromada-cosmica-norbitt-2-0\/\" \/>\n<meta property=\"og:site_name\" content=\"dev6 Erresse\" \/>\n<meta property=\"og:image\" content=\"https:\/\/interpim.erresse-shop.it\/Import\/Prodotti\/mr.-wattson-norbit-2.0-lampada-led-cosmic-chrome.jpg\" \/><meta property=\"og:image\" content=\"https:\/\/interpim.erresse-shop.it\/Import\/Prodotti\/mr.-wattson-norbit-2.0-lampada-led-cosmic-chrome.jpg\" \/>\n\t<meta property=\"og:image:width\" content=\"1024\" \/>\n\t<meta property=\"og:image:height\" content=\"1024\" \/>\n\t<meta property=\"og:image:type\" content=\"image\/jpeg\" \/>\n<meta name=\"twitter:card\" content=\"summary_large_image\" \/>\n<meta name=\"twitter:image\" content=\"https:\/\/interpim.erresse-shop.it\/Import\/Prodotti\/mr.-wattson-norbit-2.0-lampada-led-cosmic-chrome.jpg\" \/>\n<script type=\"application\/ld+json\" class=\"yoast-schema-graph\">{\"@context\":\"https:\/\/schema.org\",\"@graph\":[{\"@type\":\"WebPage\",\"@id\":\"https:\/\/dev6.erresse-shop.it\/es\/shop\/mobiliario\/lamparas\/mr-wattson-lampara-led-cromada-cosmica-norbitt-2-0\/\",\"url\":\"https:\/\/dev6.erresse-shop.it\/es\/shop\/mobiliario\/lamparas\/mr-wattson-lampara-led-cromada-cosmica-norbitt-2-0\/\",\"name\":\"MR. WATTSON L\u00e1mpara LED Cromada C\u00f3smica Norbitt 2.0 - dev6 Erresse\",\"isPartOf\":{\"@id\":\"https:\/\/dev6.erresse-shop.it\/#website\"},\"primaryImageOfPage\":{\"@id\":\"https:\/\/dev6.erresse-shop.it\/es\/shop\/mobiliario\/lamparas\/mr-wattson-lampara-led-cromada-cosmica-norbitt-2-0\/#primaryimage\"},\"image\":{\"@id\":\"https:\/\/dev6.erresse-shop.it\/es\/shop\/mobiliario\/lamparas\/mr-wattson-lampara-led-cromada-cosmica-norbitt-2-0\/#primaryimage\"},\"thumbnailUrl\":\"https:\/\/i0.wp.com\/interpim.erresse-shop.it\/Import\/Prodotti\/mr.-wattson-norbit-2.0-lampada-led-cosmic-chrome.jpg?ssl=1\",\"datePublished\":\"2026-04-12T11:23:43+00:00\",\"description\":\"\u00a1Prep\u00e1rate para despegar con Norbitt en su nuevo y deslumbrante traje: Cosmic Chrome! Es como si este Norbitt acabara de salir de una pel\u00edcula de ciencia\",\"breadcrumb\":{\"@id\":\"https:\/\/dev6.erresse-shop.it\/es\/shop\/mobiliario\/lamparas\/mr-wattson-lampara-led-cromada-cosmica-norbitt-2-0\/#breadcrumb\"},\"inLanguage\":\"es\",\"potentialAction\":[{\"@type\":\"ReadAction\",\"target\":[\"https:\/\/dev6.erresse-shop.it\/es\/shop\/mobiliario\/lamparas\/mr-wattson-lampara-led-cromada-cosmica-norbitt-2-0\/\"]}]},{\"@type\":\"ImageObject\",\"inLanguage\":\"es\",\"@id\":\"https:\/\/dev6.erresse-shop.it\/es\/shop\/mobiliario\/lamparas\/mr-wattson-lampara-led-cromada-cosmica-norbitt-2-0\/#primaryimage\",\"url\":\"https:\/\/i0.wp.com\/interpim.erresse-shop.it\/Import\/Prodotti\/mr.-wattson-norbit-2.0-lampada-led-cosmic-chrome.jpg?ssl=1\",\"contentUrl\":\"https:\/\/i0.wp.com\/interpim.erresse-shop.it\/Import\/Prodotti\/mr.-wattson-norbit-2.0-lampada-led-cosmic-chrome.jpg?ssl=1\"},{\"@type\":\"BreadcrumbList\",\"@id\":\"https:\/\/dev6.erresse-shop.it\/es\/shop\/mobiliario\/lamparas\/mr-wattson-lampara-led-cromada-cosmica-norbitt-2-0\/#breadcrumb\",\"itemListElement\":[{\"@type\":\"ListItem\",\"position\":1,\"name\":\"Home\",\"item\":\"https:\/\/dev6.erresse-shop.it\/\"},{\"@type\":\"ListItem\",\"position\":2,\"name\":\"Tienda\",\"item\":\"https:\/\/dev6.erresse-shop.it\/shop\/\"},{\"@type\":\"ListItem\",\"position\":3,\"name\":\"MR. WATTSON L\u00e1mpara LED Cromada C\u00f3smica Norbitt 2.0\"}]},{\"@type\":\"WebSite\",\"@id\":\"https:\/\/dev6.erresse-shop.it\/#website\",\"url\":\"https:\/\/dev6.erresse-shop.it\/\",\"name\":\"Erresse Shop\",\"description\":\"\",\"publisher\":{\"@id\":\"https:\/\/dev6.erresse-shop.it\/#organization\"},\"potentialAction\":[{\"@type\":\"SearchAction\",\"target\":{\"@type\":\"EntryPoint\",\"urlTemplate\":\"https:\/\/dev6.erresse-shop.it\/?s={search_term_string}\"},\"query-input\":{\"@type\":\"PropertyValueSpecification\",\"valueRequired\":true,\"valueName\":\"search_term_string\"}}],\"inLanguage\":\"es\"},{\"@type\":\"Organization\",\"@id\":\"https:\/\/dev6.erresse-shop.it\/#organization\",\"name\":\"Erresse Shop\",\"url\":\"https:\/\/dev6.erresse-shop.it\/\",\"logo\":{\"@type\":\"ImageObject\",\"inLanguage\":\"es\",\"@id\":\"https:\/\/dev6.erresse-shop.it\/#\/schema\/logo\/image\/\",\"url\":\"https:\/\/dev6.erresse-shop.it\/wp-content\/uploads\/2025\/01\/LOGO-ERRESSE-CLASSICO.svg\",\"contentUrl\":\"https:\/\/dev6.erresse-shop.it\/wp-content\/uploads\/2025\/01\/LOGO-ERRESSE-CLASSICO.svg\",\"caption\":\"Erresse Shop\"},\"image\":{\"@id\":\"https:\/\/dev6.erresse-shop.it\/#\/schema\/logo\/image\/\"}}]}<\/script>\n<!-- \/ Yoast SEO plugin. -->","yoast_head_json":{"title":"MR. WATTSON L\u00e1mpara LED Cromada C\u00f3smica Norbitt 2.0 - dev6 Erresse","description":"\u00a1Prep\u00e1rate para despegar con Norbitt en su nuevo y deslumbrante traje: Cosmic Chrome! Es como si este Norbitt acabara de salir de una pel\u00edcula de ciencia","robots":{"index":"noindex","follow":"follow","max-snippet":"max-snippet:-1","max-image-preview":"max-image-preview:large","max-video-preview":"max-video-preview:-1"},"og_locale":"es_ES","og_type":"article","og_title":"MR. WATTSON L\u00e1mpara LED Cromada C\u00f3smica Norbitt 2.0 - dev6 Erresse","og_description":"\u00a1Prep\u00e1rate para despegar con Norbitt en su nuevo y deslumbrante traje: Cosmic Chrome! Es como si este Norbitt acabara de salir de una pel\u00edcula de ciencia","og_url":"https:\/\/dev6.erresse-shop.it\/es\/shop\/mobiliario\/lamparas\/mr-wattson-lampara-led-cromada-cosmica-norbitt-2-0\/","og_site_name":"dev6 Erresse","og_image":[{"url":"https:\/\/interpim.erresse-shop.it\/Import\/Prodotti\/mr.-wattson-norbit-2.0-lampada-led-cosmic-chrome.jpg","type":"","width":"","height":""},{"url":"https:\/\/interpim.erresse-shop.it\/Import\/Prodotti\/mr.-wattson-norbit-2.0-lampada-led-cosmic-chrome.jpg","width":1024,"height":1024,"type":"image\/jpeg"}],"twitter_card":"summary_large_image","twitter_image":"https:\/\/interpim.erresse-shop.it\/Import\/Prodotti\/mr.-wattson-norbit-2.0-lampada-led-cosmic-chrome.jpg","schema":{"@context":"https:\/\/schema.org","@graph":[{"@type":"WebPage","@id":"https:\/\/dev6.erresse-shop.it\/es\/shop\/mobiliario\/lamparas\/mr-wattson-lampara-led-cromada-cosmica-norbitt-2-0\/","url":"https:\/\/dev6.erresse-shop.it\/es\/shop\/mobiliario\/lamparas\/mr-wattson-lampara-led-cromada-cosmica-norbitt-2-0\/","name":"MR. WATTSON L\u00e1mpara LED Cromada C\u00f3smica Norbitt 2.0 - dev6 Erresse","isPartOf":{"@id":"https:\/\/dev6.erresse-shop.it\/#website"},"primaryImageOfPage":{"@id":"https:\/\/dev6.erresse-shop.it\/es\/shop\/mobiliario\/lamparas\/mr-wattson-lampara-led-cromada-cosmica-norbitt-2-0\/#primaryimage"},"image":{"@id":"https:\/\/dev6.erresse-shop.it\/es\/shop\/mobiliario\/lamparas\/mr-wattson-lampara-led-cromada-cosmica-norbitt-2-0\/#primaryimage"},"thumbnailUrl":"https:\/\/i0.wp.com\/interpim.erresse-shop.it\/Import\/Prodotti\/mr.-wattson-norbit-2.0-lampada-led-cosmic-chrome.jpg?ssl=1","datePublished":"2026-04-12T11:23:43+00:00","description":"\u00a1Prep\u00e1rate para despegar con Norbitt en su nuevo y deslumbrante traje: Cosmic Chrome! Es como si este Norbitt acabara de salir de una pel\u00edcula de ciencia","breadcrumb":{"@id":"https:\/\/dev6.erresse-shop.it\/es\/shop\/mobiliario\/lamparas\/mr-wattson-lampara-led-cromada-cosmica-norbitt-2-0\/#breadcrumb"},"inLanguage":"es","potentialAction":[{"@type":"ReadAction","target":["https:\/\/dev6.erresse-shop.it\/es\/shop\/mobiliario\/lamparas\/mr-wattson-lampara-led-cromada-cosmica-norbitt-2-0\/"]}]},{"@type":"ImageObject","inLanguage":"es","@id":"https:\/\/dev6.erresse-shop.it\/es\/shop\/mobiliario\/lamparas\/mr-wattson-lampara-led-cromada-cosmica-norbitt-2-0\/#primaryimage","url":"https:\/\/i0.wp.com\/interpim.erresse-shop.it\/Import\/Prodotti\/mr.-wattson-norbit-2.0-lampada-led-cosmic-chrome.jpg?ssl=1","contentUrl":"https:\/\/i0.wp.com\/interpim.erresse-shop.it\/Import\/Prodotti\/mr.-wattson-norbit-2.0-lampada-led-cosmic-chrome.jpg?ssl=1"},{"@type":"BreadcrumbList","@id":"https:\/\/dev6.erresse-shop.it\/es\/shop\/mobiliario\/lamparas\/mr-wattson-lampara-led-cromada-cosmica-norbitt-2-0\/#breadcrumb","itemListElement":[{"@type":"ListItem","position":1,"name":"Home","item":"https:\/\/dev6.erresse-shop.it\/"},{"@type":"ListItem","position":2,"name":"Tienda","item":"https:\/\/dev6.erresse-shop.it\/shop\/"},{"@type":"ListItem","position":3,"name":"MR. WATTSON L\u00e1mpara LED Cromada C\u00f3smica Norbitt 2.0"}]},{"@type":"WebSite","@id":"https:\/\/dev6.erresse-shop.it\/#website","url":"https:\/\/dev6.erresse-shop.it\/","name":"Erresse Shop","description":"","publisher":{"@id":"https:\/\/dev6.erresse-shop.it\/#organization"},"potentialAction":[{"@type":"SearchAction","target":{"@type":"EntryPoint","urlTemplate":"https:\/\/dev6.erresse-shop.it\/?s={search_term_string}"},"query-input":{"@type":"PropertyValueSpecification","valueRequired":true,"valueName":"search_term_string"}}],"inLanguage":"es"},{"@type":"Organization","@id":"https:\/\/dev6.erresse-shop.it\/#organization","name":"Erresse Shop","url":"https:\/\/dev6.erresse-shop.it\/","logo":{"@type":"ImageObject","inLanguage":"es","@id":"https:\/\/dev6.erresse-shop.it\/#\/schema\/logo\/image\/","url":"https:\/\/dev6.erresse-shop.it\/wp-content\/uploads\/2025\/01\/LOGO-ERRESSE-CLASSICO.svg","contentUrl":"https:\/\/dev6.erresse-shop.it\/wp-content\/uploads\/2025\/01\/LOGO-ERRESSE-CLASSICO.svg","caption":"Erresse Shop"},"image":{"@id":"https:\/\/dev6.erresse-shop.it\/#\/schema\/logo\/image\/"}}]}},"df_price":84.95,"df_sale_price":84.95,"df_regular_price":119,"df_image_link":"https:\/\/i0.wp.com\/interpim.erresse-shop.it\/Import\/Prodotti\/mr.-wattson-norbit-2.0-lampada-led-cosmic-chrome.jpg?resize=300,300&ssl=1","fifu_image_url":"https:\/\/interpim.erresse-shop.it\/Import\/Prodotti\/mr.-wattson-norbit-2.0-lampada-led-cosmic-chrome.jpg","_links":{"self":[{"href":"https:\/\/dev6.erresse-shop.it\/es\/wp-json\/wp\/v2\/product\/1883931","targetHints":{"allow":["GET"]}}],"collection":[{"href":"https:\/\/dev6.erresse-shop.it\/es\/wp-json\/wp\/v2\/product"}],"about":[{"href":"https:\/\/dev6.erresse-shop.it\/es\/wp-json\/wp\/v2\/types\/product"}],"wp:featuredmedia":[{"embeddable":true,"href":"https:\/\/dev6.erresse-shop.it\/es\/wp-json\/wp\/v2\/media\/6376959"}],"wp:attachment":[{"href":"https:\/\/dev6.erresse-shop.it\/es\/wp-json\/wp\/v2\/media?parent=1883931"}],"wp:term":[{"taxonomy":"product_cat","embeddable":true,"href":"https:\/\/dev6.erresse-shop.it\/es\/wp-json\/wp\/v2\/product_cat?post=1883931"},{"taxonomy":"product_tag","embeddable":true,"href":"https:\/\/dev6.erresse-shop.it\/es\/wp-json\/wp\/v2\/product_tag?post=1883931"}],"curies":[{"name":"wp","href":"https:\/\/api.w.org\/{rel}","templated":true}]}}