{"id":1883913,"date":"2026-04-04T13:21:14","date_gmt":"2026-04-04T11:21:14","guid":{"rendered":"https:\/\/dev6.erresse-shop.it\/shop\/sin%20categor\u00eda\/baci-milano-gli-inseparabili-busto-de-mr-black-32-cm\/"},"modified":"2026-01-21T20:20:25","modified_gmt":"2026-01-21T19:20:25","slug":"baci-milano-gli-inseparabili-busto-de-mr-black-32-cm","status":"publish","type":"product","link":"https:\/\/dev6.erresse-shop.it\/es\/shop\/mobiliario\/articulos-de-decoracion\/baci-milano-gli-inseparabili-busto-de-mr-black-32-cm\/","title":{"rendered":"BACI MILANO Gli Inseparabili Busto de Mr Black 32 cm"},"content":{"rendered":"<p>El busto decorativo Gli Inseparabili Mr. Black de Baci Milano a\u00f1adir\u00e1 un toque de elegancia y originalidad a tu hogar.<\/p>\n<p>Este busto representa la uni\u00f3n perfecta entre el blanco y el negro, s\u00edmbolo de equilibrio y comprensi\u00f3n en la relaci\u00f3n de pareja.<\/p>\n<p>Realza el arte del contraste con el busto decorativo Baci Milano Los Inseparables Sra. White &amp; Se\u00f1or Negro. La elegancia del blanco se combina armoniosamente con la profundidad del negro, creando un juego de tonos refinados y modernos.<\/p>\n<p>Los dise\u00f1os refinados de esta colecci\u00f3n expresan un estilo contempor\u00e1neo, mientras que Mrs White y Mr Black simbolizan la armon\u00eda perfecta entre los dos colores opuestos.<\/p>\n<p>Material: Resin<br \/>\nDimensiones: Alto 32 cm<\/p>\n","protected":false},"excerpt":{"rendered":"<p>El busto decorativo Gli Inseparabili Mr. Black de Baci Milano a\u00f1adir\u00e1 un toque de elegancia y originalidad a tu hogar. Este busto representa la uni\u00f3n perfecta entre el blanco y el negro, s\u00edmbolo de equilibrio y comprensi\u00f3n en la relaci\u00f3n de pareja. Realza el arte del contraste con el busto decorativo Baci Milano Los Inseparables [&hellip;]<\/p>\n","protected":false},"featured_media":6293663,"template":"","meta":{"_acf_changed":false},"product_cat":[11913,11882],"product_tag":[],"class_list":{"0":"post-1883913","1":"product","2":"type-product","3":"status-publish","4":"has-post-thumbnail","6":"product_cat-articulos-de-decoracion","7":"product_cat-mobiliario","9":"first","10":"instock","11":"sale","12":"taxable","13":"shipping-taxable","14":"purchasable","15":"product-type-simple","swatches":"rey-swatches","show_selected":"","stretch_labels":"rey-swatches--stretch-labels"},"acf":[],"yoast_head":"<!-- This site is optimized with the Yoast SEO plugin v25.4 - https:\/\/yoast.com\/wordpress\/plugins\/seo\/ -->\n<title>BACI MILANO Gli Inseparabili Busto de Mr Black 32 cm - dev6 Erresse<\/title>\n<meta name=\"description\" content=\"El busto decorativo Gli Inseparabili Mr. Black de Baci Milano a\u00f1adir\u00e1 un toque de elegancia y originalidad a tu hogar. Este busto representa la uni\u00f3n\" \/>\n<meta name=\"robots\" content=\"noindex, follow, max-snippet:-1, max-image-preview:large, max-video-preview:-1\" \/>\n<meta property=\"og:locale\" content=\"es_ES\" \/>\n<meta property=\"og:type\" content=\"article\" \/>\n<meta property=\"og:title\" content=\"BACI MILANO Gli Inseparabili Busto de Mr Black 32 cm - dev6 Erresse\" \/>\n<meta property=\"og:description\" content=\"El busto decorativo Gli Inseparabili Mr. Black de Baci Milano a\u00f1adir\u00e1 un toque de elegancia y originalidad a tu hogar. Este busto representa la uni\u00f3n\" \/>\n<meta property=\"og:url\" content=\"https:\/\/dev6.erresse-shop.it\/es\/shop\/mobiliario\/articulos-de-decoracion\/baci-milano-gli-inseparabili-busto-de-mr-black-32-cm\/\" \/>\n<meta property=\"og:site_name\" content=\"dev6 Erresse\" \/>\n<meta property=\"og:image\" content=\"https:\/\/interpim.erresse-shop.it\/wp-content\/uploads\/2025\/02\/BACI-MILANO-Gli-Inseparabili-Busto-Mr-Black-32-cm.jpg\/baci-milano-gli-inseparabili-busto-mr-black-32-cm.jpg\" \/><meta property=\"og:image\" content=\"https:\/\/interpim.erresse-shop.it\/wp-content\/uploads\/2025\/02\/BACI-MILANO-Gli-Inseparabili-Busto-Mr-Black-32-cm.jpg\/baci-milano-gli-inseparabili-busto-mr-black-32-cm.jpg\" \/>\n\t<meta property=\"og:image:width\" content=\"1024\" \/>\n\t<meta property=\"og:image:height\" content=\"1024\" \/>\n\t<meta property=\"og:image:type\" content=\"image\/jpeg\" \/>\n<meta name=\"twitter:card\" content=\"summary_large_image\" \/>\n<meta name=\"twitter:image\" content=\"https:\/\/interpim.erresse-shop.it\/wp-content\/uploads\/2025\/02\/BACI-MILANO-Gli-Inseparabili-Busto-Mr-Black-32-cm.jpg\/baci-milano-gli-inseparabili-busto-mr-black-32-cm.jpg\" \/>\n<script type=\"application\/ld+json\" class=\"yoast-schema-graph\">{\"@context\":\"https:\/\/schema.org\",\"@graph\":[{\"@type\":\"WebPage\",\"@id\":\"https:\/\/dev6.erresse-shop.it\/es\/shop\/mobiliario\/articulos-de-decoracion\/baci-milano-gli-inseparabili-busto-de-mr-black-32-cm\/\",\"url\":\"https:\/\/dev6.erresse-shop.it\/es\/shop\/mobiliario\/articulos-de-decoracion\/baci-milano-gli-inseparabili-busto-de-mr-black-32-cm\/\",\"name\":\"BACI MILANO Gli Inseparabili Busto de Mr Black 32 cm - dev6 Erresse\",\"isPartOf\":{\"@id\":\"https:\/\/dev6.erresse-shop.it\/#website\"},\"primaryImageOfPage\":{\"@id\":\"https:\/\/dev6.erresse-shop.it\/es\/shop\/mobiliario\/articulos-de-decoracion\/baci-milano-gli-inseparabili-busto-de-mr-black-32-cm\/#primaryimage\"},\"image\":{\"@id\":\"https:\/\/dev6.erresse-shop.it\/es\/shop\/mobiliario\/articulos-de-decoracion\/baci-milano-gli-inseparabili-busto-de-mr-black-32-cm\/#primaryimage\"},\"thumbnailUrl\":\"https:\/\/i0.wp.com\/interpim.erresse-shop.it\/wp-content\/uploads\/2025\/02\/BACI-MILANO-Gli-Inseparabili-Busto-Mr-Black-32-cm.jpg\/baci-milano-gli-inseparabili-busto-mr-black-32-cm.jpg?ssl=1\",\"datePublished\":\"2026-04-04T11:21:14+00:00\",\"description\":\"El busto decorativo Gli Inseparabili Mr. Black de Baci Milano a\u00f1adir\u00e1 un toque de elegancia y originalidad a tu hogar. Este busto representa la uni\u00f3n\",\"breadcrumb\":{\"@id\":\"https:\/\/dev6.erresse-shop.it\/es\/shop\/mobiliario\/articulos-de-decoracion\/baci-milano-gli-inseparabili-busto-de-mr-black-32-cm\/#breadcrumb\"},\"inLanguage\":\"es\",\"potentialAction\":[{\"@type\":\"ReadAction\",\"target\":[\"https:\/\/dev6.erresse-shop.it\/es\/shop\/mobiliario\/articulos-de-decoracion\/baci-milano-gli-inseparabili-busto-de-mr-black-32-cm\/\"]}]},{\"@type\":\"ImageObject\",\"inLanguage\":\"es\",\"@id\":\"https:\/\/dev6.erresse-shop.it\/es\/shop\/mobiliario\/articulos-de-decoracion\/baci-milano-gli-inseparabili-busto-de-mr-black-32-cm\/#primaryimage\",\"url\":\"https:\/\/i0.wp.com\/interpim.erresse-shop.it\/wp-content\/uploads\/2025\/02\/BACI-MILANO-Gli-Inseparabili-Busto-Mr-Black-32-cm.jpg\/baci-milano-gli-inseparabili-busto-mr-black-32-cm.jpg?ssl=1\",\"contentUrl\":\"https:\/\/i0.wp.com\/interpim.erresse-shop.it\/wp-content\/uploads\/2025\/02\/BACI-MILANO-Gli-Inseparabili-Busto-Mr-Black-32-cm.jpg\/baci-milano-gli-inseparabili-busto-mr-black-32-cm.jpg?ssl=1\"},{\"@type\":\"BreadcrumbList\",\"@id\":\"https:\/\/dev6.erresse-shop.it\/es\/shop\/mobiliario\/articulos-de-decoracion\/baci-milano-gli-inseparabili-busto-de-mr-black-32-cm\/#breadcrumb\",\"itemListElement\":[{\"@type\":\"ListItem\",\"position\":1,\"name\":\"Home\",\"item\":\"https:\/\/dev6.erresse-shop.it\/\"},{\"@type\":\"ListItem\",\"position\":2,\"name\":\"Tienda\",\"item\":\"https:\/\/dev6.erresse-shop.it\/shop\/\"},{\"@type\":\"ListItem\",\"position\":3,\"name\":\"BACI MILANO Gli Inseparabili Busto de Mr Black 32 cm\"}]},{\"@type\":\"WebSite\",\"@id\":\"https:\/\/dev6.erresse-shop.it\/#website\",\"url\":\"https:\/\/dev6.erresse-shop.it\/\",\"name\":\"Erresse Shop\",\"description\":\"\",\"publisher\":{\"@id\":\"https:\/\/dev6.erresse-shop.it\/#organization\"},\"potentialAction\":[{\"@type\":\"SearchAction\",\"target\":{\"@type\":\"EntryPoint\",\"urlTemplate\":\"https:\/\/dev6.erresse-shop.it\/?s={search_term_string}\"},\"query-input\":{\"@type\":\"PropertyValueSpecification\",\"valueRequired\":true,\"valueName\":\"search_term_string\"}}],\"inLanguage\":\"es\"},{\"@type\":\"Organization\",\"@id\":\"https:\/\/dev6.erresse-shop.it\/#organization\",\"name\":\"Erresse Shop\",\"url\":\"https:\/\/dev6.erresse-shop.it\/\",\"logo\":{\"@type\":\"ImageObject\",\"inLanguage\":\"es\",\"@id\":\"https:\/\/dev6.erresse-shop.it\/#\/schema\/logo\/image\/\",\"url\":\"https:\/\/dev6.erresse-shop.it\/wp-content\/uploads\/2025\/01\/LOGO-ERRESSE-CLASSICO.svg\",\"contentUrl\":\"https:\/\/dev6.erresse-shop.it\/wp-content\/uploads\/2025\/01\/LOGO-ERRESSE-CLASSICO.svg\",\"caption\":\"Erresse Shop\"},\"image\":{\"@id\":\"https:\/\/dev6.erresse-shop.it\/#\/schema\/logo\/image\/\"}}]}<\/script>\n<!-- \/ Yoast SEO plugin. -->","yoast_head_json":{"title":"BACI MILANO Gli Inseparabili Busto de Mr Black 32 cm - dev6 Erresse","description":"El busto decorativo Gli Inseparabili Mr. Black de Baci Milano a\u00f1adir\u00e1 un toque de elegancia y originalidad a tu hogar. Este busto representa la uni\u00f3n","robots":{"index":"noindex","follow":"follow","max-snippet":"max-snippet:-1","max-image-preview":"max-image-preview:large","max-video-preview":"max-video-preview:-1"},"og_locale":"es_ES","og_type":"article","og_title":"BACI MILANO Gli Inseparabili Busto de Mr Black 32 cm - dev6 Erresse","og_description":"El busto decorativo Gli Inseparabili Mr. Black de Baci Milano a\u00f1adir\u00e1 un toque de elegancia y originalidad a tu hogar. Este busto representa la uni\u00f3n","og_url":"https:\/\/dev6.erresse-shop.it\/es\/shop\/mobiliario\/articulos-de-decoracion\/baci-milano-gli-inseparabili-busto-de-mr-black-32-cm\/","og_site_name":"dev6 Erresse","og_image":[{"url":"https:\/\/interpim.erresse-shop.it\/wp-content\/uploads\/2025\/02\/BACI-MILANO-Gli-Inseparabili-Busto-Mr-Black-32-cm.jpg\/baci-milano-gli-inseparabili-busto-mr-black-32-cm.jpg","type":"","width":"","height":""},{"url":"https:\/\/interpim.erresse-shop.it\/wp-content\/uploads\/2025\/02\/BACI-MILANO-Gli-Inseparabili-Busto-Mr-Black-32-cm.jpg\/baci-milano-gli-inseparabili-busto-mr-black-32-cm.jpg","width":1024,"height":1024,"type":"image\/jpeg"}],"twitter_card":"summary_large_image","twitter_image":"https:\/\/interpim.erresse-shop.it\/wp-content\/uploads\/2025\/02\/BACI-MILANO-Gli-Inseparabili-Busto-Mr-Black-32-cm.jpg\/baci-milano-gli-inseparabili-busto-mr-black-32-cm.jpg","schema":{"@context":"https:\/\/schema.org","@graph":[{"@type":"WebPage","@id":"https:\/\/dev6.erresse-shop.it\/es\/shop\/mobiliario\/articulos-de-decoracion\/baci-milano-gli-inseparabili-busto-de-mr-black-32-cm\/","url":"https:\/\/dev6.erresse-shop.it\/es\/shop\/mobiliario\/articulos-de-decoracion\/baci-milano-gli-inseparabili-busto-de-mr-black-32-cm\/","name":"BACI MILANO Gli Inseparabili Busto de Mr Black 32 cm - dev6 Erresse","isPartOf":{"@id":"https:\/\/dev6.erresse-shop.it\/#website"},"primaryImageOfPage":{"@id":"https:\/\/dev6.erresse-shop.it\/es\/shop\/mobiliario\/articulos-de-decoracion\/baci-milano-gli-inseparabili-busto-de-mr-black-32-cm\/#primaryimage"},"image":{"@id":"https:\/\/dev6.erresse-shop.it\/es\/shop\/mobiliario\/articulos-de-decoracion\/baci-milano-gli-inseparabili-busto-de-mr-black-32-cm\/#primaryimage"},"thumbnailUrl":"https:\/\/i0.wp.com\/interpim.erresse-shop.it\/wp-content\/uploads\/2025\/02\/BACI-MILANO-Gli-Inseparabili-Busto-Mr-Black-32-cm.jpg\/baci-milano-gli-inseparabili-busto-mr-black-32-cm.jpg?ssl=1","datePublished":"2026-04-04T11:21:14+00:00","description":"El busto decorativo Gli Inseparabili Mr. Black de Baci Milano a\u00f1adir\u00e1 un toque de elegancia y originalidad a tu hogar. Este busto representa la uni\u00f3n","breadcrumb":{"@id":"https:\/\/dev6.erresse-shop.it\/es\/shop\/mobiliario\/articulos-de-decoracion\/baci-milano-gli-inseparabili-busto-de-mr-black-32-cm\/#breadcrumb"},"inLanguage":"es","potentialAction":[{"@type":"ReadAction","target":["https:\/\/dev6.erresse-shop.it\/es\/shop\/mobiliario\/articulos-de-decoracion\/baci-milano-gli-inseparabili-busto-de-mr-black-32-cm\/"]}]},{"@type":"ImageObject","inLanguage":"es","@id":"https:\/\/dev6.erresse-shop.it\/es\/shop\/mobiliario\/articulos-de-decoracion\/baci-milano-gli-inseparabili-busto-de-mr-black-32-cm\/#primaryimage","url":"https:\/\/i0.wp.com\/interpim.erresse-shop.it\/wp-content\/uploads\/2025\/02\/BACI-MILANO-Gli-Inseparabili-Busto-Mr-Black-32-cm.jpg\/baci-milano-gli-inseparabili-busto-mr-black-32-cm.jpg?ssl=1","contentUrl":"https:\/\/i0.wp.com\/interpim.erresse-shop.it\/wp-content\/uploads\/2025\/02\/BACI-MILANO-Gli-Inseparabili-Busto-Mr-Black-32-cm.jpg\/baci-milano-gli-inseparabili-busto-mr-black-32-cm.jpg?ssl=1"},{"@type":"BreadcrumbList","@id":"https:\/\/dev6.erresse-shop.it\/es\/shop\/mobiliario\/articulos-de-decoracion\/baci-milano-gli-inseparabili-busto-de-mr-black-32-cm\/#breadcrumb","itemListElement":[{"@type":"ListItem","position":1,"name":"Home","item":"https:\/\/dev6.erresse-shop.it\/"},{"@type":"ListItem","position":2,"name":"Tienda","item":"https:\/\/dev6.erresse-shop.it\/shop\/"},{"@type":"ListItem","position":3,"name":"BACI MILANO Gli Inseparabili Busto de Mr Black 32 cm"}]},{"@type":"WebSite","@id":"https:\/\/dev6.erresse-shop.it\/#website","url":"https:\/\/dev6.erresse-shop.it\/","name":"Erresse Shop","description":"","publisher":{"@id":"https:\/\/dev6.erresse-shop.it\/#organization"},"potentialAction":[{"@type":"SearchAction","target":{"@type":"EntryPoint","urlTemplate":"https:\/\/dev6.erresse-shop.it\/?s={search_term_string}"},"query-input":{"@type":"PropertyValueSpecification","valueRequired":true,"valueName":"search_term_string"}}],"inLanguage":"es"},{"@type":"Organization","@id":"https:\/\/dev6.erresse-shop.it\/#organization","name":"Erresse Shop","url":"https:\/\/dev6.erresse-shop.it\/","logo":{"@type":"ImageObject","inLanguage":"es","@id":"https:\/\/dev6.erresse-shop.it\/#\/schema\/logo\/image\/","url":"https:\/\/dev6.erresse-shop.it\/wp-content\/uploads\/2025\/01\/LOGO-ERRESSE-CLASSICO.svg","contentUrl":"https:\/\/dev6.erresse-shop.it\/wp-content\/uploads\/2025\/01\/LOGO-ERRESSE-CLASSICO.svg","caption":"Erresse Shop"},"image":{"@id":"https:\/\/dev6.erresse-shop.it\/#\/schema\/logo\/image\/"}}]}},"df_price":112,"df_sale_price":112,"df_regular_price":150,"df_image_link":"https:\/\/i0.wp.com\/interpim.erresse-shop.it\/wp-content\/uploads\/2025\/02\/BACI-MILANO-Gli-Inseparabili-Busto-Mr-Black-32-cm.jpg\/baci-milano-gli-inseparabili-busto-mr-black-32-cm.jpg?resize=300,300&ssl=1","fifu_image_url":"https:\/\/interpim.erresse-shop.it\/wp-content\/uploads\/2025\/02\/BACI-MILANO-Gli-Inseparabili-Busto-Mr-Black-32-cm.jpg\/baci-milano-gli-inseparabili-busto-mr-black-32-cm.jpg","_links":{"self":[{"href":"https:\/\/dev6.erresse-shop.it\/es\/wp-json\/wp\/v2\/product\/1883913","targetHints":{"allow":["GET"]}}],"collection":[{"href":"https:\/\/dev6.erresse-shop.it\/es\/wp-json\/wp\/v2\/product"}],"about":[{"href":"https:\/\/dev6.erresse-shop.it\/es\/wp-json\/wp\/v2\/types\/product"}],"wp:featuredmedia":[{"embeddable":true,"href":"https:\/\/dev6.erresse-shop.it\/es\/wp-json\/wp\/v2\/media\/6293663"}],"wp:attachment":[{"href":"https:\/\/dev6.erresse-shop.it\/es\/wp-json\/wp\/v2\/media?parent=1883913"}],"wp:term":[{"taxonomy":"product_cat","embeddable":true,"href":"https:\/\/dev6.erresse-shop.it\/es\/wp-json\/wp\/v2\/product_cat?post=1883913"},{"taxonomy":"product_tag","embeddable":true,"href":"https:\/\/dev6.erresse-shop.it\/es\/wp-json\/wp\/v2\/product_tag?post=1883913"}],"curies":[{"name":"wp","href":"https:\/\/api.w.org\/{rel}","templated":true}]}}