{"id":1883895,"date":"2026-04-12T13:21:02","date_gmt":"2026-04-12T11:21:02","guid":{"rendered":"https:\/\/dev6.erresse-shop.it\/shop\/sin%20categor\u00eda\/toms-drag-comoda-drag-cabinet-xl\/"},"modified":"2025-07-05T01:39:30","modified_gmt":"2025-07-04T23:39:30","slug":"toms-drag-comoda-drag-cabinet-xl","status":"publish","type":"product","link":"https:\/\/dev6.erresse-shop.it\/es\/shop\/mobiliario\/muebles\/toms-drag-comoda-drag-cabinet-xl\/","title":{"rendered":"TOM&#8217;S DRAG C\u00f3moda Drag Cabinet XL"},"content":{"rendered":"<p>Material: MDF<\/p>\n<p>C\u00f3moda Drag Cabinet XL<br \/>\nOtra variante de la exitosa c\u00f3moda con cinco espaciosos cajones. Ideal para guardar ropa de cama, pero tambi\u00e9n muchas otras cosas. Los muebles \u201cDrag\u201d est\u00e1n fabricados artesanalmente con tableros de fibra de madera (MDF) y luego cada modelo est\u00e1 pintado cuidadosamente hasta el m\u00e1s m\u00ednimo detalle.<\/p>\n<p>Dimensiones: 55 x 44, alto 104,5 cm<\/p>\n","protected":false},"excerpt":{"rendered":"<p>Material: MDF C\u00f3moda Drag Cabinet XL Otra variante de la exitosa c\u00f3moda con cinco espaciosos cajones. Ideal para guardar ropa de cama, pero tambi\u00e9n muchas otras cosas. Los muebles \u201cDrag\u201d est\u00e1n fabricados artesanalmente con tableros de fibra de madera (MDF) y luego cada modelo est\u00e1 pintado cuidadosamente hasta el m\u00e1s m\u00ednimo detalle. Dimensiones: 55 x [&hellip;]<\/p>\n","protected":false},"featured_media":6376892,"template":"","meta":{"_acf_changed":false},"product_cat":[11882,11926],"product_tag":[],"class_list":{"0":"post-1883895","1":"product","2":"type-product","3":"status-publish","4":"has-post-thumbnail","6":"product_cat-mobiliario","7":"product_cat-muebles","9":"first","10":"instock","11":"taxable","12":"shipping-taxable","13":"purchasable","14":"product-type-simple","swatches":"rey-swatches","show_selected":"","stretch_labels":"rey-swatches--stretch-labels"},"acf":[],"yoast_head":"<!-- This site is optimized with the Yoast SEO plugin v25.4 - https:\/\/yoast.com\/wordpress\/plugins\/seo\/ -->\n<title>TOM&#8217;S DRAG C\u00f3moda Drag Cabinet XL - dev6 Erresse<\/title>\n<meta name=\"description\" content=\"Material: MDF C\u00f3moda Drag Cabinet XL Otra variante de la exitosa c\u00f3moda con cinco espaciosos cajones. Ideal para guardar ropa de cama, pero tambi\u00e9n muchas\" \/>\n<meta name=\"robots\" content=\"noindex, follow, max-snippet:-1, max-image-preview:large, max-video-preview:-1\" \/>\n<meta property=\"og:locale\" content=\"es_ES\" \/>\n<meta property=\"og:type\" content=\"article\" \/>\n<meta property=\"og:title\" content=\"TOM&#8217;S DRAG C\u00f3moda Drag Cabinet XL - dev6 Erresse\" \/>\n<meta property=\"og:description\" content=\"Material: MDF C\u00f3moda Drag Cabinet XL Otra variante de la exitosa c\u00f3moda con cinco espaciosos cajones. Ideal para guardar ropa de cama, pero tambi\u00e9n muchas\" \/>\n<meta property=\"og:url\" content=\"https:\/\/dev6.erresse-shop.it\/es\/shop\/mobiliario\/muebles\/toms-drag-comoda-drag-cabinet-xl\/\" \/>\n<meta property=\"og:site_name\" content=\"dev6 Erresse\" \/>\n<meta property=\"og:image\" content=\"https:\/\/interpim.erresse-shop.it\/Import\/Prodotti\/toms-drag-cassettiera-drag-cabinet-xl.jpg\" \/><meta property=\"og:image\" content=\"https:\/\/interpim.erresse-shop.it\/Import\/Prodotti\/toms-drag-cassettiera-drag-cabinet-xl.jpg\" \/>\n\t<meta property=\"og:image:width\" content=\"1024\" \/>\n\t<meta property=\"og:image:height\" content=\"1024\" \/>\n\t<meta property=\"og:image:type\" content=\"image\/jpeg\" \/>\n<meta name=\"twitter:card\" content=\"summary_large_image\" \/>\n<meta name=\"twitter:image\" content=\"https:\/\/interpim.erresse-shop.it\/Import\/Prodotti\/toms-drag-cassettiera-drag-cabinet-xl.jpg\" \/>\n<script type=\"application\/ld+json\" class=\"yoast-schema-graph\">{\"@context\":\"https:\/\/schema.org\",\"@graph\":[{\"@type\":\"WebPage\",\"@id\":\"https:\/\/dev6.erresse-shop.it\/es\/shop\/mobiliario\/muebles\/toms-drag-comoda-drag-cabinet-xl\/\",\"url\":\"https:\/\/dev6.erresse-shop.it\/es\/shop\/mobiliario\/muebles\/toms-drag-comoda-drag-cabinet-xl\/\",\"name\":\"TOM&#8217;S DRAG C\u00f3moda Drag Cabinet XL - dev6 Erresse\",\"isPartOf\":{\"@id\":\"https:\/\/dev6.erresse-shop.it\/#website\"},\"primaryImageOfPage\":{\"@id\":\"https:\/\/dev6.erresse-shop.it\/es\/shop\/mobiliario\/muebles\/toms-drag-comoda-drag-cabinet-xl\/#primaryimage\"},\"image\":{\"@id\":\"https:\/\/dev6.erresse-shop.it\/es\/shop\/mobiliario\/muebles\/toms-drag-comoda-drag-cabinet-xl\/#primaryimage\"},\"thumbnailUrl\":\"https:\/\/i1.wp.com\/interpim.erresse-shop.it\/Import\/Prodotti\/toms-drag-cassettiera-drag-cabinet-xl.jpg?ssl=1\",\"datePublished\":\"2026-04-12T11:21:02+00:00\",\"description\":\"Material: MDF C\u00f3moda Drag Cabinet XL Otra variante de la exitosa c\u00f3moda con cinco espaciosos cajones. Ideal para guardar ropa de cama, pero tambi\u00e9n muchas\",\"breadcrumb\":{\"@id\":\"https:\/\/dev6.erresse-shop.it\/es\/shop\/mobiliario\/muebles\/toms-drag-comoda-drag-cabinet-xl\/#breadcrumb\"},\"inLanguage\":\"es\",\"potentialAction\":[{\"@type\":\"ReadAction\",\"target\":[\"https:\/\/dev6.erresse-shop.it\/es\/shop\/mobiliario\/muebles\/toms-drag-comoda-drag-cabinet-xl\/\"]}]},{\"@type\":\"ImageObject\",\"inLanguage\":\"es\",\"@id\":\"https:\/\/dev6.erresse-shop.it\/es\/shop\/mobiliario\/muebles\/toms-drag-comoda-drag-cabinet-xl\/#primaryimage\",\"url\":\"https:\/\/i1.wp.com\/interpim.erresse-shop.it\/Import\/Prodotti\/toms-drag-cassettiera-drag-cabinet-xl.jpg?ssl=1\",\"contentUrl\":\"https:\/\/i1.wp.com\/interpim.erresse-shop.it\/Import\/Prodotti\/toms-drag-cassettiera-drag-cabinet-xl.jpg?ssl=1\"},{\"@type\":\"BreadcrumbList\",\"@id\":\"https:\/\/dev6.erresse-shop.it\/es\/shop\/mobiliario\/muebles\/toms-drag-comoda-drag-cabinet-xl\/#breadcrumb\",\"itemListElement\":[{\"@type\":\"ListItem\",\"position\":1,\"name\":\"Home\",\"item\":\"https:\/\/dev6.erresse-shop.it\/\"},{\"@type\":\"ListItem\",\"position\":2,\"name\":\"Tienda\",\"item\":\"https:\/\/dev6.erresse-shop.it\/shop\/\"},{\"@type\":\"ListItem\",\"position\":3,\"name\":\"TOM&#8217;S DRAG C\u00f3moda Drag Cabinet XL\"}]},{\"@type\":\"WebSite\",\"@id\":\"https:\/\/dev6.erresse-shop.it\/#website\",\"url\":\"https:\/\/dev6.erresse-shop.it\/\",\"name\":\"Erresse Shop\",\"description\":\"\",\"publisher\":{\"@id\":\"https:\/\/dev6.erresse-shop.it\/#organization\"},\"potentialAction\":[{\"@type\":\"SearchAction\",\"target\":{\"@type\":\"EntryPoint\",\"urlTemplate\":\"https:\/\/dev6.erresse-shop.it\/?s={search_term_string}\"},\"query-input\":{\"@type\":\"PropertyValueSpecification\",\"valueRequired\":true,\"valueName\":\"search_term_string\"}}],\"inLanguage\":\"es\"},{\"@type\":\"Organization\",\"@id\":\"https:\/\/dev6.erresse-shop.it\/#organization\",\"name\":\"Erresse Shop\",\"url\":\"https:\/\/dev6.erresse-shop.it\/\",\"logo\":{\"@type\":\"ImageObject\",\"inLanguage\":\"es\",\"@id\":\"https:\/\/dev6.erresse-shop.it\/#\/schema\/logo\/image\/\",\"url\":\"https:\/\/dev6.erresse-shop.it\/wp-content\/uploads\/2025\/01\/LOGO-ERRESSE-CLASSICO.svg\",\"contentUrl\":\"https:\/\/dev6.erresse-shop.it\/wp-content\/uploads\/2025\/01\/LOGO-ERRESSE-CLASSICO.svg\",\"caption\":\"Erresse Shop\"},\"image\":{\"@id\":\"https:\/\/dev6.erresse-shop.it\/#\/schema\/logo\/image\/\"}}]}<\/script>\n<!-- \/ Yoast SEO plugin. -->","yoast_head_json":{"title":"TOM&#8217;S DRAG C\u00f3moda Drag Cabinet XL - dev6 Erresse","description":"Material: MDF C\u00f3moda Drag Cabinet XL Otra variante de la exitosa c\u00f3moda con cinco espaciosos cajones. Ideal para guardar ropa de cama, pero tambi\u00e9n muchas","robots":{"index":"noindex","follow":"follow","max-snippet":"max-snippet:-1","max-image-preview":"max-image-preview:large","max-video-preview":"max-video-preview:-1"},"og_locale":"es_ES","og_type":"article","og_title":"TOM&#8217;S DRAG C\u00f3moda Drag Cabinet XL - dev6 Erresse","og_description":"Material: MDF C\u00f3moda Drag Cabinet XL Otra variante de la exitosa c\u00f3moda con cinco espaciosos cajones. Ideal para guardar ropa de cama, pero tambi\u00e9n muchas","og_url":"https:\/\/dev6.erresse-shop.it\/es\/shop\/mobiliario\/muebles\/toms-drag-comoda-drag-cabinet-xl\/","og_site_name":"dev6 Erresse","og_image":[{"url":"https:\/\/interpim.erresse-shop.it\/Import\/Prodotti\/toms-drag-cassettiera-drag-cabinet-xl.jpg","type":"","width":"","height":""},{"url":"https:\/\/interpim.erresse-shop.it\/Import\/Prodotti\/toms-drag-cassettiera-drag-cabinet-xl.jpg","width":1024,"height":1024,"type":"image\/jpeg"}],"twitter_card":"summary_large_image","twitter_image":"https:\/\/interpim.erresse-shop.it\/Import\/Prodotti\/toms-drag-cassettiera-drag-cabinet-xl.jpg","schema":{"@context":"https:\/\/schema.org","@graph":[{"@type":"WebPage","@id":"https:\/\/dev6.erresse-shop.it\/es\/shop\/mobiliario\/muebles\/toms-drag-comoda-drag-cabinet-xl\/","url":"https:\/\/dev6.erresse-shop.it\/es\/shop\/mobiliario\/muebles\/toms-drag-comoda-drag-cabinet-xl\/","name":"TOM&#8217;S DRAG C\u00f3moda Drag Cabinet XL - dev6 Erresse","isPartOf":{"@id":"https:\/\/dev6.erresse-shop.it\/#website"},"primaryImageOfPage":{"@id":"https:\/\/dev6.erresse-shop.it\/es\/shop\/mobiliario\/muebles\/toms-drag-comoda-drag-cabinet-xl\/#primaryimage"},"image":{"@id":"https:\/\/dev6.erresse-shop.it\/es\/shop\/mobiliario\/muebles\/toms-drag-comoda-drag-cabinet-xl\/#primaryimage"},"thumbnailUrl":"https:\/\/i1.wp.com\/interpim.erresse-shop.it\/Import\/Prodotti\/toms-drag-cassettiera-drag-cabinet-xl.jpg?ssl=1","datePublished":"2026-04-12T11:21:02+00:00","description":"Material: MDF C\u00f3moda Drag Cabinet XL Otra variante de la exitosa c\u00f3moda con cinco espaciosos cajones. Ideal para guardar ropa de cama, pero tambi\u00e9n muchas","breadcrumb":{"@id":"https:\/\/dev6.erresse-shop.it\/es\/shop\/mobiliario\/muebles\/toms-drag-comoda-drag-cabinet-xl\/#breadcrumb"},"inLanguage":"es","potentialAction":[{"@type":"ReadAction","target":["https:\/\/dev6.erresse-shop.it\/es\/shop\/mobiliario\/muebles\/toms-drag-comoda-drag-cabinet-xl\/"]}]},{"@type":"ImageObject","inLanguage":"es","@id":"https:\/\/dev6.erresse-shop.it\/es\/shop\/mobiliario\/muebles\/toms-drag-comoda-drag-cabinet-xl\/#primaryimage","url":"https:\/\/i1.wp.com\/interpim.erresse-shop.it\/Import\/Prodotti\/toms-drag-cassettiera-drag-cabinet-xl.jpg?ssl=1","contentUrl":"https:\/\/i1.wp.com\/interpim.erresse-shop.it\/Import\/Prodotti\/toms-drag-cassettiera-drag-cabinet-xl.jpg?ssl=1"},{"@type":"BreadcrumbList","@id":"https:\/\/dev6.erresse-shop.it\/es\/shop\/mobiliario\/muebles\/toms-drag-comoda-drag-cabinet-xl\/#breadcrumb","itemListElement":[{"@type":"ListItem","position":1,"name":"Home","item":"https:\/\/dev6.erresse-shop.it\/"},{"@type":"ListItem","position":2,"name":"Tienda","item":"https:\/\/dev6.erresse-shop.it\/shop\/"},{"@type":"ListItem","position":3,"name":"TOM&#8217;S DRAG C\u00f3moda Drag Cabinet XL"}]},{"@type":"WebSite","@id":"https:\/\/dev6.erresse-shop.it\/#website","url":"https:\/\/dev6.erresse-shop.it\/","name":"Erresse Shop","description":"","publisher":{"@id":"https:\/\/dev6.erresse-shop.it\/#organization"},"potentialAction":[{"@type":"SearchAction","target":{"@type":"EntryPoint","urlTemplate":"https:\/\/dev6.erresse-shop.it\/?s={search_term_string}"},"query-input":{"@type":"PropertyValueSpecification","valueRequired":true,"valueName":"search_term_string"}}],"inLanguage":"es"},{"@type":"Organization","@id":"https:\/\/dev6.erresse-shop.it\/#organization","name":"Erresse Shop","url":"https:\/\/dev6.erresse-shop.it\/","logo":{"@type":"ImageObject","inLanguage":"es","@id":"https:\/\/dev6.erresse-shop.it\/#\/schema\/logo\/image\/","url":"https:\/\/dev6.erresse-shop.it\/wp-content\/uploads\/2025\/01\/LOGO-ERRESSE-CLASSICO.svg","contentUrl":"https:\/\/dev6.erresse-shop.it\/wp-content\/uploads\/2025\/01\/LOGO-ERRESSE-CLASSICO.svg","caption":"Erresse Shop"},"image":{"@id":"https:\/\/dev6.erresse-shop.it\/#\/schema\/logo\/image\/"}}]}},"df_price":2780,"df_sale_price":"","df_regular_price":2780,"df_image_link":"https:\/\/i1.wp.com\/interpim.erresse-shop.it\/Import\/Prodotti\/toms-drag-cassettiera-drag-cabinet-xl.jpg?resize=300,300&ssl=1","fifu_image_url":"https:\/\/interpim.erresse-shop.it\/Import\/Prodotti\/toms-drag-cassettiera-drag-cabinet-xl.jpg","_links":{"self":[{"href":"https:\/\/dev6.erresse-shop.it\/es\/wp-json\/wp\/v2\/product\/1883895","targetHints":{"allow":["GET"]}}],"collection":[{"href":"https:\/\/dev6.erresse-shop.it\/es\/wp-json\/wp\/v2\/product"}],"about":[{"href":"https:\/\/dev6.erresse-shop.it\/es\/wp-json\/wp\/v2\/types\/product"}],"wp:featuredmedia":[{"embeddable":true,"href":"https:\/\/dev6.erresse-shop.it\/es\/wp-json\/wp\/v2\/media\/6376892"}],"wp:attachment":[{"href":"https:\/\/dev6.erresse-shop.it\/es\/wp-json\/wp\/v2\/media?parent=1883895"}],"wp:term":[{"taxonomy":"product_cat","embeddable":true,"href":"https:\/\/dev6.erresse-shop.it\/es\/wp-json\/wp\/v2\/product_cat?post=1883895"},{"taxonomy":"product_tag","embeddable":true,"href":"https:\/\/dev6.erresse-shop.it\/es\/wp-json\/wp\/v2\/product_tag?post=1883895"}],"curies":[{"name":"wp","href":"https:\/\/api.w.org\/{rel}","templated":true}]}}