{"id":1883875,"date":"2026-04-12T13:21:02","date_gmt":"2026-04-12T11:21:02","guid":{"rendered":"https:\/\/dev6.erresse-shop.it\/shop\/sin%20categor\u00eda\/mullex-basura-x60-l7-basic\/"},"modified":"2025-09-14T10:26:38","modified_gmt":"2025-09-14T08:26:38","slug":"mullex-basura-x60-l7-basic","status":"publish","type":"product","link":"https:\/\/dev6.erresse-shop.it\/es\/shop\/mobiliario\/cubos-de-basura\/mullex-basura-x60-l7-basic\/","title":{"rendered":"MULLEX Basura X60 L7 Basic"},"content":{"rendered":"<p>Esta versi\u00f3n del sistema X-LINE para muebles de 60 cm de ancho destaca por su contenedor adicional extragrande, especialmente indicado para mayores vol\u00famenes de residuos org\u00e1nicos y materiales de reciclaje, o si se necesita m\u00e1s espacio para almacenar herramientas de limpieza.<\/p>\n<p>El elemento central del conjunto es el contenedor principal de 40 litros para residuos dom\u00e9sticos normales. El sistema se completa con un caj\u00f3n Basic extra\u00edble que proporciona una superficie de apoyo adicional y espacio adicional para almacenar productos.<\/p>\n<p>El producto contiene:<\/p>\n<p>Caj\u00f3n 60 B\u00e1sico<br \/>\nContenedor de recogida de residuos X60 L7<br \/>\nSeparador X<\/p>\n<p>Separador X: Se puede utilizar para dividir el contenedor principal de modo que dos bolsas de residuos de 17 litros se puedan unir.<\/p>\n<p>Medidas: 36,8 x 56,8 x Alto 44 cm<\/p>\n<p>Profundidad regulable: Gracias al sistema de cremallera regulable se adapta a todos los cajones con una profundidad entre 40 y 50 cm<\/p>\n","protected":false},"excerpt":{"rendered":"<p>Esta versi\u00f3n del sistema X-LINE para muebles de 60 cm de ancho destaca por su contenedor adicional extragrande, especialmente indicado para mayores vol\u00famenes de residuos org\u00e1nicos y materiales de reciclaje, o si se necesita m\u00e1s espacio para almacenar herramientas de limpieza. El elemento central del conjunto es el contenedor principal de 40 litros para residuos [&hellip;]<\/p>\n","protected":false},"featured_media":6376830,"template":"","meta":{"_acf_changed":false},"product_cat":[11921,11882],"product_tag":[],"class_list":{"0":"post-1883875","1":"product","2":"type-product","3":"status-publish","4":"has-post-thumbnail","6":"product_cat-cubos-de-basura","7":"product_cat-mobiliario","9":"first","10":"instock","11":"sale","12":"taxable","13":"shipping-taxable","14":"purchasable","15":"product-type-simple","swatches":"rey-swatches","show_selected":"","stretch_labels":"rey-swatches--stretch-labels"},"acf":[],"yoast_head":"<!-- This site is optimized with the Yoast SEO plugin v25.4 - https:\/\/yoast.com\/wordpress\/plugins\/seo\/ -->\n<title>MULLEX Basura X60 L7 Basic - dev6 Erresse<\/title>\n<meta name=\"description\" content=\"Esta versi\u00f3n del sistema X-LINE para muebles de 60 cm de ancho destaca por su contenedor adicional extragrande, especialmente indicado para mayores\" \/>\n<meta name=\"robots\" content=\"noindex, follow, max-snippet:-1, max-image-preview:large, max-video-preview:-1\" \/>\n<meta property=\"og:locale\" content=\"es_ES\" \/>\n<meta property=\"og:type\" content=\"article\" \/>\n<meta property=\"og:title\" content=\"MULLEX Basura X60 L7 Basic - dev6 Erresse\" \/>\n<meta property=\"og:description\" content=\"Esta versi\u00f3n del sistema X-LINE para muebles de 60 cm de ancho destaca por su contenedor adicional extragrande, especialmente indicado para mayores\" \/>\n<meta property=\"og:url\" content=\"https:\/\/dev6.erresse-shop.it\/es\/shop\/mobiliario\/cubos-de-basura\/mullex-basura-x60-l7-basic\/\" \/>\n<meta property=\"og:site_name\" content=\"dev6 Erresse\" \/>\n<meta property=\"og:image\" content=\"https:\/\/interpim.erresse-shop.it\/Import\/Prodotti\/mullex-pattumiera-x60-l7-basic.jpg\" \/><meta property=\"og:image\" content=\"https:\/\/interpim.erresse-shop.it\/Import\/Prodotti\/mullex-pattumiera-x60-l7-basic.jpg\" \/>\n\t<meta property=\"og:image:width\" content=\"1024\" \/>\n\t<meta property=\"og:image:height\" content=\"1024\" \/>\n\t<meta property=\"og:image:type\" content=\"image\/jpeg\" \/>\n<meta name=\"twitter:card\" content=\"summary_large_image\" \/>\n<meta name=\"twitter:image\" content=\"https:\/\/interpim.erresse-shop.it\/Import\/Prodotti\/mullex-pattumiera-x60-l7-basic.jpg\" \/>\n<script type=\"application\/ld+json\" class=\"yoast-schema-graph\">{\"@context\":\"https:\/\/schema.org\",\"@graph\":[{\"@type\":\"WebPage\",\"@id\":\"https:\/\/dev6.erresse-shop.it\/es\/shop\/mobiliario\/cubos-de-basura\/mullex-basura-x60-l7-basic\/\",\"url\":\"https:\/\/dev6.erresse-shop.it\/es\/shop\/mobiliario\/cubos-de-basura\/mullex-basura-x60-l7-basic\/\",\"name\":\"MULLEX Basura X60 L7 Basic - dev6 Erresse\",\"isPartOf\":{\"@id\":\"https:\/\/dev6.erresse-shop.it\/#website\"},\"primaryImageOfPage\":{\"@id\":\"https:\/\/dev6.erresse-shop.it\/es\/shop\/mobiliario\/cubos-de-basura\/mullex-basura-x60-l7-basic\/#primaryimage\"},\"image\":{\"@id\":\"https:\/\/dev6.erresse-shop.it\/es\/shop\/mobiliario\/cubos-de-basura\/mullex-basura-x60-l7-basic\/#primaryimage\"},\"thumbnailUrl\":\"https:\/\/i2.wp.com\/interpim.erresse-shop.it\/Import\/Prodotti\/mullex-pattumiera-x60-l7-basic.jpg?ssl=1\",\"datePublished\":\"2026-04-12T11:21:02+00:00\",\"description\":\"Esta versi\u00f3n del sistema X-LINE para muebles de 60 cm de ancho destaca por su contenedor adicional extragrande, especialmente indicado para mayores\",\"breadcrumb\":{\"@id\":\"https:\/\/dev6.erresse-shop.it\/es\/shop\/mobiliario\/cubos-de-basura\/mullex-basura-x60-l7-basic\/#breadcrumb\"},\"inLanguage\":\"es\",\"potentialAction\":[{\"@type\":\"ReadAction\",\"target\":[\"https:\/\/dev6.erresse-shop.it\/es\/shop\/mobiliario\/cubos-de-basura\/mullex-basura-x60-l7-basic\/\"]}]},{\"@type\":\"ImageObject\",\"inLanguage\":\"es\",\"@id\":\"https:\/\/dev6.erresse-shop.it\/es\/shop\/mobiliario\/cubos-de-basura\/mullex-basura-x60-l7-basic\/#primaryimage\",\"url\":\"https:\/\/i2.wp.com\/interpim.erresse-shop.it\/Import\/Prodotti\/mullex-pattumiera-x60-l7-basic.jpg?ssl=1\",\"contentUrl\":\"https:\/\/i2.wp.com\/interpim.erresse-shop.it\/Import\/Prodotti\/mullex-pattumiera-x60-l7-basic.jpg?ssl=1\"},{\"@type\":\"BreadcrumbList\",\"@id\":\"https:\/\/dev6.erresse-shop.it\/es\/shop\/mobiliario\/cubos-de-basura\/mullex-basura-x60-l7-basic\/#breadcrumb\",\"itemListElement\":[{\"@type\":\"ListItem\",\"position\":1,\"name\":\"Home\",\"item\":\"https:\/\/dev6.erresse-shop.it\/\"},{\"@type\":\"ListItem\",\"position\":2,\"name\":\"Tienda\",\"item\":\"https:\/\/dev6.erresse-shop.it\/shop\/\"},{\"@type\":\"ListItem\",\"position\":3,\"name\":\"MULLEX Basura X60 L7 Basic\"}]},{\"@type\":\"WebSite\",\"@id\":\"https:\/\/dev6.erresse-shop.it\/#website\",\"url\":\"https:\/\/dev6.erresse-shop.it\/\",\"name\":\"Erresse Shop\",\"description\":\"\",\"publisher\":{\"@id\":\"https:\/\/dev6.erresse-shop.it\/#organization\"},\"potentialAction\":[{\"@type\":\"SearchAction\",\"target\":{\"@type\":\"EntryPoint\",\"urlTemplate\":\"https:\/\/dev6.erresse-shop.it\/?s={search_term_string}\"},\"query-input\":{\"@type\":\"PropertyValueSpecification\",\"valueRequired\":true,\"valueName\":\"search_term_string\"}}],\"inLanguage\":\"es\"},{\"@type\":\"Organization\",\"@id\":\"https:\/\/dev6.erresse-shop.it\/#organization\",\"name\":\"Erresse Shop\",\"url\":\"https:\/\/dev6.erresse-shop.it\/\",\"logo\":{\"@type\":\"ImageObject\",\"inLanguage\":\"es\",\"@id\":\"https:\/\/dev6.erresse-shop.it\/#\/schema\/logo\/image\/\",\"url\":\"https:\/\/dev6.erresse-shop.it\/wp-content\/uploads\/2025\/01\/LOGO-ERRESSE-CLASSICO.svg\",\"contentUrl\":\"https:\/\/dev6.erresse-shop.it\/wp-content\/uploads\/2025\/01\/LOGO-ERRESSE-CLASSICO.svg\",\"caption\":\"Erresse Shop\"},\"image\":{\"@id\":\"https:\/\/dev6.erresse-shop.it\/#\/schema\/logo\/image\/\"}}]}<\/script>\n<!-- \/ Yoast SEO plugin. -->","yoast_head_json":{"title":"MULLEX Basura X60 L7 Basic - dev6 Erresse","description":"Esta versi\u00f3n del sistema X-LINE para muebles de 60 cm de ancho destaca por su contenedor adicional extragrande, especialmente indicado para mayores","robots":{"index":"noindex","follow":"follow","max-snippet":"max-snippet:-1","max-image-preview":"max-image-preview:large","max-video-preview":"max-video-preview:-1"},"og_locale":"es_ES","og_type":"article","og_title":"MULLEX Basura X60 L7 Basic - dev6 Erresse","og_description":"Esta versi\u00f3n del sistema X-LINE para muebles de 60 cm de ancho destaca por su contenedor adicional extragrande, especialmente indicado para mayores","og_url":"https:\/\/dev6.erresse-shop.it\/es\/shop\/mobiliario\/cubos-de-basura\/mullex-basura-x60-l7-basic\/","og_site_name":"dev6 Erresse","og_image":[{"url":"https:\/\/interpim.erresse-shop.it\/Import\/Prodotti\/mullex-pattumiera-x60-l7-basic.jpg","type":"","width":"","height":""},{"url":"https:\/\/interpim.erresse-shop.it\/Import\/Prodotti\/mullex-pattumiera-x60-l7-basic.jpg","width":1024,"height":1024,"type":"image\/jpeg"}],"twitter_card":"summary_large_image","twitter_image":"https:\/\/interpim.erresse-shop.it\/Import\/Prodotti\/mullex-pattumiera-x60-l7-basic.jpg","schema":{"@context":"https:\/\/schema.org","@graph":[{"@type":"WebPage","@id":"https:\/\/dev6.erresse-shop.it\/es\/shop\/mobiliario\/cubos-de-basura\/mullex-basura-x60-l7-basic\/","url":"https:\/\/dev6.erresse-shop.it\/es\/shop\/mobiliario\/cubos-de-basura\/mullex-basura-x60-l7-basic\/","name":"MULLEX Basura X60 L7 Basic - dev6 Erresse","isPartOf":{"@id":"https:\/\/dev6.erresse-shop.it\/#website"},"primaryImageOfPage":{"@id":"https:\/\/dev6.erresse-shop.it\/es\/shop\/mobiliario\/cubos-de-basura\/mullex-basura-x60-l7-basic\/#primaryimage"},"image":{"@id":"https:\/\/dev6.erresse-shop.it\/es\/shop\/mobiliario\/cubos-de-basura\/mullex-basura-x60-l7-basic\/#primaryimage"},"thumbnailUrl":"https:\/\/i2.wp.com\/interpim.erresse-shop.it\/Import\/Prodotti\/mullex-pattumiera-x60-l7-basic.jpg?ssl=1","datePublished":"2026-04-12T11:21:02+00:00","description":"Esta versi\u00f3n del sistema X-LINE para muebles de 60 cm de ancho destaca por su contenedor adicional extragrande, especialmente indicado para mayores","breadcrumb":{"@id":"https:\/\/dev6.erresse-shop.it\/es\/shop\/mobiliario\/cubos-de-basura\/mullex-basura-x60-l7-basic\/#breadcrumb"},"inLanguage":"es","potentialAction":[{"@type":"ReadAction","target":["https:\/\/dev6.erresse-shop.it\/es\/shop\/mobiliario\/cubos-de-basura\/mullex-basura-x60-l7-basic\/"]}]},{"@type":"ImageObject","inLanguage":"es","@id":"https:\/\/dev6.erresse-shop.it\/es\/shop\/mobiliario\/cubos-de-basura\/mullex-basura-x60-l7-basic\/#primaryimage","url":"https:\/\/i2.wp.com\/interpim.erresse-shop.it\/Import\/Prodotti\/mullex-pattumiera-x60-l7-basic.jpg?ssl=1","contentUrl":"https:\/\/i2.wp.com\/interpim.erresse-shop.it\/Import\/Prodotti\/mullex-pattumiera-x60-l7-basic.jpg?ssl=1"},{"@type":"BreadcrumbList","@id":"https:\/\/dev6.erresse-shop.it\/es\/shop\/mobiliario\/cubos-de-basura\/mullex-basura-x60-l7-basic\/#breadcrumb","itemListElement":[{"@type":"ListItem","position":1,"name":"Home","item":"https:\/\/dev6.erresse-shop.it\/"},{"@type":"ListItem","position":2,"name":"Tienda","item":"https:\/\/dev6.erresse-shop.it\/shop\/"},{"@type":"ListItem","position":3,"name":"MULLEX Basura X60 L7 Basic"}]},{"@type":"WebSite","@id":"https:\/\/dev6.erresse-shop.it\/#website","url":"https:\/\/dev6.erresse-shop.it\/","name":"Erresse Shop","description":"","publisher":{"@id":"https:\/\/dev6.erresse-shop.it\/#organization"},"potentialAction":[{"@type":"SearchAction","target":{"@type":"EntryPoint","urlTemplate":"https:\/\/dev6.erresse-shop.it\/?s={search_term_string}"},"query-input":{"@type":"PropertyValueSpecification","valueRequired":true,"valueName":"search_term_string"}}],"inLanguage":"es"},{"@type":"Organization","@id":"https:\/\/dev6.erresse-shop.it\/#organization","name":"Erresse Shop","url":"https:\/\/dev6.erresse-shop.it\/","logo":{"@type":"ImageObject","inLanguage":"es","@id":"https:\/\/dev6.erresse-shop.it\/#\/schema\/logo\/image\/","url":"https:\/\/dev6.erresse-shop.it\/wp-content\/uploads\/2025\/01\/LOGO-ERRESSE-CLASSICO.svg","contentUrl":"https:\/\/dev6.erresse-shop.it\/wp-content\/uploads\/2025\/01\/LOGO-ERRESSE-CLASSICO.svg","caption":"Erresse Shop"},"image":{"@id":"https:\/\/dev6.erresse-shop.it\/#\/schema\/logo\/image\/"}}]}},"df_price":259,"df_sale_price":259,"df_regular_price":289,"df_image_link":"https:\/\/i2.wp.com\/interpim.erresse-shop.it\/Import\/Prodotti\/mullex-pattumiera-x60-l7-basic.jpg?resize=300,300&ssl=1","fifu_image_url":"https:\/\/interpim.erresse-shop.it\/Import\/Prodotti\/mullex-pattumiera-x60-l7-basic.jpg","_links":{"self":[{"href":"https:\/\/dev6.erresse-shop.it\/es\/wp-json\/wp\/v2\/product\/1883875","targetHints":{"allow":["GET"]}}],"collection":[{"href":"https:\/\/dev6.erresse-shop.it\/es\/wp-json\/wp\/v2\/product"}],"about":[{"href":"https:\/\/dev6.erresse-shop.it\/es\/wp-json\/wp\/v2\/types\/product"}],"wp:featuredmedia":[{"embeddable":true,"href":"https:\/\/dev6.erresse-shop.it\/es\/wp-json\/wp\/v2\/media\/6376830"}],"wp:attachment":[{"href":"https:\/\/dev6.erresse-shop.it\/es\/wp-json\/wp\/v2\/media?parent=1883875"}],"wp:term":[{"taxonomy":"product_cat","embeddable":true,"href":"https:\/\/dev6.erresse-shop.it\/es\/wp-json\/wp\/v2\/product_cat?post=1883875"},{"taxonomy":"product_tag","embeddable":true,"href":"https:\/\/dev6.erresse-shop.it\/es\/wp-json\/wp\/v2\/product_tag?post=1883875"}],"curies":[{"name":"wp","href":"https:\/\/api.w.org\/{rel}","templated":true}]}}