{"id":1883815,"date":"2026-04-04T13:13:15","date_gmt":"2026-04-04T11:13:15","guid":{"rendered":"https:\/\/dev6.erresse-shop.it\/shop\/sin%20categor\u00eda\/wd-lifestyle-set-de-tetera-y-4-vasos-de-hierro-fundido-morado\/"},"modified":"2025-09-14T10:24:38","modified_gmt":"2025-09-14T08:24:38","slug":"wd-lifestyle-set-de-tetera-y-4-vasos-de-hierro-fundido-morado","status":"publish","type":"product","link":"https:\/\/dev6.erresse-shop.it\/es\/shop\/tabla\/teteras-azucareras-jarras-de-leche\/wd-lifestyle-set-de-tetera-y-4-vasos-de-hierro-fundido-morado\/","title":{"rendered":"WD LIFESTYLE Set de tetera y 4 vasos de hierro fundido morado"},"content":{"rendered":"<p>Este set de t\u00e9 de hierro fundido, compuesto por una tetera con filtro y cuatro vasos, se caracteriza por una refinada textura en relieve que confiere un efecto visual y t\u00e1ctil de gran impacto. La robustez del hierro fundido garantiza una excelente retenci\u00f3n del calor, ideal para una infusi\u00f3n perfecta. Los vasos, tambi\u00e9n de hierro fundido, combinan elegantemente con la tetera, ofreciendo un agarre c\u00f3modo y una experiencia de degustaci\u00f3n \u00fanica.<\/p>\n<p>Una gran elecci\u00f3n para quienes buscan un juego de t\u00e9 que combine funcionalidad y estilo.<\/p>\n<p>Capacidad: 1 L<\/p>\n<p>No apto para lavavajillas ni microondas.<\/p>\n","protected":false},"excerpt":{"rendered":"<p>Este set de t\u00e9 de hierro fundido, compuesto por una tetera con filtro y cuatro vasos, se caracteriza por una refinada textura en relieve que confiere un efecto visual y t\u00e1ctil de gran impacto. La robustez del hierro fundido garantiza una excelente retenci\u00f3n del calor, ideal para una infusi\u00f3n perfecta. Los vasos, tambi\u00e9n de hierro [&hellip;]<\/p>\n","protected":false},"featured_media":6293361,"template":"","meta":{"_acf_changed":false},"product_cat":[11887,11898],"product_tag":[],"class_list":{"0":"post-1883815","1":"product","2":"type-product","3":"status-publish","4":"has-post-thumbnail","6":"product_cat-tabla","7":"product_cat-teteras-azucareras-jarras-de-leche","9":"first","10":"instock","11":"taxable","12":"shipping-taxable","13":"purchasable","14":"product-type-simple","swatches":"rey-swatches","show_selected":"","stretch_labels":"rey-swatches--stretch-labels"},"acf":[],"yoast_head":"<!-- This site is optimized with the Yoast SEO plugin v25.4 - https:\/\/yoast.com\/wordpress\/plugins\/seo\/ -->\n<title>WD LIFESTYLE Set de tetera y 4 vasos de hierro fundido morado - dev6 Erresse<\/title>\n<meta name=\"description\" content=\"Este set de t\u00e9 de hierro fundido, compuesto por una tetera con filtro y cuatro vasos, se caracteriza por una refinada textura en relieve que confiere un\" \/>\n<meta name=\"robots\" content=\"noindex, follow, max-snippet:-1, max-image-preview:large, max-video-preview:-1\" \/>\n<meta property=\"og:locale\" content=\"es_ES\" \/>\n<meta property=\"og:type\" content=\"article\" \/>\n<meta property=\"og:title\" content=\"WD LIFESTYLE Set de tetera y 4 vasos de hierro fundido morado - dev6 Erresse\" \/>\n<meta property=\"og:description\" content=\"Este set de t\u00e9 de hierro fundido, compuesto por una tetera con filtro y cuatro vasos, se caracteriza por una refinada textura en relieve que confiere un\" \/>\n<meta property=\"og:url\" content=\"https:\/\/dev6.erresse-shop.it\/es\/shop\/tabla\/teteras-azucareras-jarras-de-leche\/wd-lifestyle-set-de-tetera-y-4-vasos-de-hierro-fundido-morado\/\" \/>\n<meta property=\"og:site_name\" content=\"dev6 Erresse\" \/>\n<meta property=\"og:image\" content=\"https:\/\/interpim.erresse-shop.it\/Import\/Prodotti\/wd-lifestyle-set-teiera-e-4-bicchieri-in-ghisa-viola.jpg\" \/><meta property=\"og:image\" content=\"https:\/\/interpim.erresse-shop.it\/Import\/Prodotti\/wd-lifestyle-set-teiera-e-4-bicchieri-in-ghisa-viola.jpg\" \/>\n\t<meta property=\"og:image:width\" content=\"1024\" \/>\n\t<meta property=\"og:image:height\" content=\"1024\" \/>\n\t<meta property=\"og:image:type\" content=\"image\/jpeg\" \/>\n<meta name=\"twitter:card\" content=\"summary_large_image\" \/>\n<meta name=\"twitter:image\" content=\"https:\/\/interpim.erresse-shop.it\/Import\/Prodotti\/wd-lifestyle-set-teiera-e-4-bicchieri-in-ghisa-viola.jpg\" \/>\n<script type=\"application\/ld+json\" class=\"yoast-schema-graph\">{\"@context\":\"https:\/\/schema.org\",\"@graph\":[{\"@type\":\"WebPage\",\"@id\":\"https:\/\/dev6.erresse-shop.it\/es\/shop\/tabla\/teteras-azucareras-jarras-de-leche\/wd-lifestyle-set-de-tetera-y-4-vasos-de-hierro-fundido-morado\/\",\"url\":\"https:\/\/dev6.erresse-shop.it\/es\/shop\/tabla\/teteras-azucareras-jarras-de-leche\/wd-lifestyle-set-de-tetera-y-4-vasos-de-hierro-fundido-morado\/\",\"name\":\"WD LIFESTYLE Set de tetera y 4 vasos de hierro fundido morado - dev6 Erresse\",\"isPartOf\":{\"@id\":\"https:\/\/dev6.erresse-shop.it\/#website\"},\"primaryImageOfPage\":{\"@id\":\"https:\/\/dev6.erresse-shop.it\/es\/shop\/tabla\/teteras-azucareras-jarras-de-leche\/wd-lifestyle-set-de-tetera-y-4-vasos-de-hierro-fundido-morado\/#primaryimage\"},\"image\":{\"@id\":\"https:\/\/dev6.erresse-shop.it\/es\/shop\/tabla\/teteras-azucareras-jarras-de-leche\/wd-lifestyle-set-de-tetera-y-4-vasos-de-hierro-fundido-morado\/#primaryimage\"},\"thumbnailUrl\":\"https:\/\/i3.wp.com\/interpim.erresse-shop.it\/Import\/Prodotti\/wd-lifestyle-set-teiera-e-4-bicchieri-in-ghisa-viola.jpg?ssl=1\",\"datePublished\":\"2026-04-04T11:13:15+00:00\",\"description\":\"Este set de t\u00e9 de hierro fundido, compuesto por una tetera con filtro y cuatro vasos, se caracteriza por una refinada textura en relieve que confiere un\",\"breadcrumb\":{\"@id\":\"https:\/\/dev6.erresse-shop.it\/es\/shop\/tabla\/teteras-azucareras-jarras-de-leche\/wd-lifestyle-set-de-tetera-y-4-vasos-de-hierro-fundido-morado\/#breadcrumb\"},\"inLanguage\":\"es\",\"potentialAction\":[{\"@type\":\"ReadAction\",\"target\":[\"https:\/\/dev6.erresse-shop.it\/es\/shop\/tabla\/teteras-azucareras-jarras-de-leche\/wd-lifestyle-set-de-tetera-y-4-vasos-de-hierro-fundido-morado\/\"]}]},{\"@type\":\"ImageObject\",\"inLanguage\":\"es\",\"@id\":\"https:\/\/dev6.erresse-shop.it\/es\/shop\/tabla\/teteras-azucareras-jarras-de-leche\/wd-lifestyle-set-de-tetera-y-4-vasos-de-hierro-fundido-morado\/#primaryimage\",\"url\":\"https:\/\/i3.wp.com\/interpim.erresse-shop.it\/Import\/Prodotti\/wd-lifestyle-set-teiera-e-4-bicchieri-in-ghisa-viola.jpg?ssl=1\",\"contentUrl\":\"https:\/\/i3.wp.com\/interpim.erresse-shop.it\/Import\/Prodotti\/wd-lifestyle-set-teiera-e-4-bicchieri-in-ghisa-viola.jpg?ssl=1\"},{\"@type\":\"BreadcrumbList\",\"@id\":\"https:\/\/dev6.erresse-shop.it\/es\/shop\/tabla\/teteras-azucareras-jarras-de-leche\/wd-lifestyle-set-de-tetera-y-4-vasos-de-hierro-fundido-morado\/#breadcrumb\",\"itemListElement\":[{\"@type\":\"ListItem\",\"position\":1,\"name\":\"Home\",\"item\":\"https:\/\/dev6.erresse-shop.it\/\"},{\"@type\":\"ListItem\",\"position\":2,\"name\":\"Tienda\",\"item\":\"https:\/\/dev6.erresse-shop.it\/shop\/\"},{\"@type\":\"ListItem\",\"position\":3,\"name\":\"WD LIFESTYLE Set de tetera y 4 vasos de hierro fundido morado\"}]},{\"@type\":\"WebSite\",\"@id\":\"https:\/\/dev6.erresse-shop.it\/#website\",\"url\":\"https:\/\/dev6.erresse-shop.it\/\",\"name\":\"Erresse Shop\",\"description\":\"\",\"publisher\":{\"@id\":\"https:\/\/dev6.erresse-shop.it\/#organization\"},\"potentialAction\":[{\"@type\":\"SearchAction\",\"target\":{\"@type\":\"EntryPoint\",\"urlTemplate\":\"https:\/\/dev6.erresse-shop.it\/?s={search_term_string}\"},\"query-input\":{\"@type\":\"PropertyValueSpecification\",\"valueRequired\":true,\"valueName\":\"search_term_string\"}}],\"inLanguage\":\"es\"},{\"@type\":\"Organization\",\"@id\":\"https:\/\/dev6.erresse-shop.it\/#organization\",\"name\":\"Erresse Shop\",\"url\":\"https:\/\/dev6.erresse-shop.it\/\",\"logo\":{\"@type\":\"ImageObject\",\"inLanguage\":\"es\",\"@id\":\"https:\/\/dev6.erresse-shop.it\/#\/schema\/logo\/image\/\",\"url\":\"https:\/\/dev6.erresse-shop.it\/wp-content\/uploads\/2025\/01\/LOGO-ERRESSE-CLASSICO.svg\",\"contentUrl\":\"https:\/\/dev6.erresse-shop.it\/wp-content\/uploads\/2025\/01\/LOGO-ERRESSE-CLASSICO.svg\",\"caption\":\"Erresse Shop\"},\"image\":{\"@id\":\"https:\/\/dev6.erresse-shop.it\/#\/schema\/logo\/image\/\"}}]}<\/script>\n<!-- \/ Yoast SEO plugin. -->","yoast_head_json":{"title":"WD LIFESTYLE Set de tetera y 4 vasos de hierro fundido morado - dev6 Erresse","description":"Este set de t\u00e9 de hierro fundido, compuesto por una tetera con filtro y cuatro vasos, se caracteriza por una refinada textura en relieve que confiere un","robots":{"index":"noindex","follow":"follow","max-snippet":"max-snippet:-1","max-image-preview":"max-image-preview:large","max-video-preview":"max-video-preview:-1"},"og_locale":"es_ES","og_type":"article","og_title":"WD LIFESTYLE Set de tetera y 4 vasos de hierro fundido morado - dev6 Erresse","og_description":"Este set de t\u00e9 de hierro fundido, compuesto por una tetera con filtro y cuatro vasos, se caracteriza por una refinada textura en relieve que confiere un","og_url":"https:\/\/dev6.erresse-shop.it\/es\/shop\/tabla\/teteras-azucareras-jarras-de-leche\/wd-lifestyle-set-de-tetera-y-4-vasos-de-hierro-fundido-morado\/","og_site_name":"dev6 Erresse","og_image":[{"url":"https:\/\/interpim.erresse-shop.it\/Import\/Prodotti\/wd-lifestyle-set-teiera-e-4-bicchieri-in-ghisa-viola.jpg","type":"","width":"","height":""},{"url":"https:\/\/interpim.erresse-shop.it\/Import\/Prodotti\/wd-lifestyle-set-teiera-e-4-bicchieri-in-ghisa-viola.jpg","width":1024,"height":1024,"type":"image\/jpeg"}],"twitter_card":"summary_large_image","twitter_image":"https:\/\/interpim.erresse-shop.it\/Import\/Prodotti\/wd-lifestyle-set-teiera-e-4-bicchieri-in-ghisa-viola.jpg","schema":{"@context":"https:\/\/schema.org","@graph":[{"@type":"WebPage","@id":"https:\/\/dev6.erresse-shop.it\/es\/shop\/tabla\/teteras-azucareras-jarras-de-leche\/wd-lifestyle-set-de-tetera-y-4-vasos-de-hierro-fundido-morado\/","url":"https:\/\/dev6.erresse-shop.it\/es\/shop\/tabla\/teteras-azucareras-jarras-de-leche\/wd-lifestyle-set-de-tetera-y-4-vasos-de-hierro-fundido-morado\/","name":"WD LIFESTYLE Set de tetera y 4 vasos de hierro fundido morado - dev6 Erresse","isPartOf":{"@id":"https:\/\/dev6.erresse-shop.it\/#website"},"primaryImageOfPage":{"@id":"https:\/\/dev6.erresse-shop.it\/es\/shop\/tabla\/teteras-azucareras-jarras-de-leche\/wd-lifestyle-set-de-tetera-y-4-vasos-de-hierro-fundido-morado\/#primaryimage"},"image":{"@id":"https:\/\/dev6.erresse-shop.it\/es\/shop\/tabla\/teteras-azucareras-jarras-de-leche\/wd-lifestyle-set-de-tetera-y-4-vasos-de-hierro-fundido-morado\/#primaryimage"},"thumbnailUrl":"https:\/\/i3.wp.com\/interpim.erresse-shop.it\/Import\/Prodotti\/wd-lifestyle-set-teiera-e-4-bicchieri-in-ghisa-viola.jpg?ssl=1","datePublished":"2026-04-04T11:13:15+00:00","description":"Este set de t\u00e9 de hierro fundido, compuesto por una tetera con filtro y cuatro vasos, se caracteriza por una refinada textura en relieve que confiere un","breadcrumb":{"@id":"https:\/\/dev6.erresse-shop.it\/es\/shop\/tabla\/teteras-azucareras-jarras-de-leche\/wd-lifestyle-set-de-tetera-y-4-vasos-de-hierro-fundido-morado\/#breadcrumb"},"inLanguage":"es","potentialAction":[{"@type":"ReadAction","target":["https:\/\/dev6.erresse-shop.it\/es\/shop\/tabla\/teteras-azucareras-jarras-de-leche\/wd-lifestyle-set-de-tetera-y-4-vasos-de-hierro-fundido-morado\/"]}]},{"@type":"ImageObject","inLanguage":"es","@id":"https:\/\/dev6.erresse-shop.it\/es\/shop\/tabla\/teteras-azucareras-jarras-de-leche\/wd-lifestyle-set-de-tetera-y-4-vasos-de-hierro-fundido-morado\/#primaryimage","url":"https:\/\/i3.wp.com\/interpim.erresse-shop.it\/Import\/Prodotti\/wd-lifestyle-set-teiera-e-4-bicchieri-in-ghisa-viola.jpg?ssl=1","contentUrl":"https:\/\/i3.wp.com\/interpim.erresse-shop.it\/Import\/Prodotti\/wd-lifestyle-set-teiera-e-4-bicchieri-in-ghisa-viola.jpg?ssl=1"},{"@type":"BreadcrumbList","@id":"https:\/\/dev6.erresse-shop.it\/es\/shop\/tabla\/teteras-azucareras-jarras-de-leche\/wd-lifestyle-set-de-tetera-y-4-vasos-de-hierro-fundido-morado\/#breadcrumb","itemListElement":[{"@type":"ListItem","position":1,"name":"Home","item":"https:\/\/dev6.erresse-shop.it\/"},{"@type":"ListItem","position":2,"name":"Tienda","item":"https:\/\/dev6.erresse-shop.it\/shop\/"},{"@type":"ListItem","position":3,"name":"WD LIFESTYLE Set de tetera y 4 vasos de hierro fundido morado"}]},{"@type":"WebSite","@id":"https:\/\/dev6.erresse-shop.it\/#website","url":"https:\/\/dev6.erresse-shop.it\/","name":"Erresse Shop","description":"","publisher":{"@id":"https:\/\/dev6.erresse-shop.it\/#organization"},"potentialAction":[{"@type":"SearchAction","target":{"@type":"EntryPoint","urlTemplate":"https:\/\/dev6.erresse-shop.it\/?s={search_term_string}"},"query-input":{"@type":"PropertyValueSpecification","valueRequired":true,"valueName":"search_term_string"}}],"inLanguage":"es"},{"@type":"Organization","@id":"https:\/\/dev6.erresse-shop.it\/#organization","name":"Erresse Shop","url":"https:\/\/dev6.erresse-shop.it\/","logo":{"@type":"ImageObject","inLanguage":"es","@id":"https:\/\/dev6.erresse-shop.it\/#\/schema\/logo\/image\/","url":"https:\/\/dev6.erresse-shop.it\/wp-content\/uploads\/2025\/01\/LOGO-ERRESSE-CLASSICO.svg","contentUrl":"https:\/\/dev6.erresse-shop.it\/wp-content\/uploads\/2025\/01\/LOGO-ERRESSE-CLASSICO.svg","caption":"Erresse Shop"},"image":{"@id":"https:\/\/dev6.erresse-shop.it\/#\/schema\/logo\/image\/"}}]}},"df_price":55,"df_sale_price":"","df_regular_price":55,"df_image_link":"https:\/\/i3.wp.com\/interpim.erresse-shop.it\/Import\/Prodotti\/wd-lifestyle-set-teiera-e-4-bicchieri-in-ghisa-viola.jpg?resize=300,300&ssl=1","fifu_image_url":"https:\/\/interpim.erresse-shop.it\/Import\/Prodotti\/wd-lifestyle-set-teiera-e-4-bicchieri-in-ghisa-viola.jpg","_links":{"self":[{"href":"https:\/\/dev6.erresse-shop.it\/es\/wp-json\/wp\/v2\/product\/1883815","targetHints":{"allow":["GET"]}}],"collection":[{"href":"https:\/\/dev6.erresse-shop.it\/es\/wp-json\/wp\/v2\/product"}],"about":[{"href":"https:\/\/dev6.erresse-shop.it\/es\/wp-json\/wp\/v2\/types\/product"}],"wp:featuredmedia":[{"embeddable":true,"href":"https:\/\/dev6.erresse-shop.it\/es\/wp-json\/wp\/v2\/media\/6293361"}],"wp:attachment":[{"href":"https:\/\/dev6.erresse-shop.it\/es\/wp-json\/wp\/v2\/media?parent=1883815"}],"wp:term":[{"taxonomy":"product_cat","embeddable":true,"href":"https:\/\/dev6.erresse-shop.it\/es\/wp-json\/wp\/v2\/product_cat?post=1883815"},{"taxonomy":"product_tag","embeddable":true,"href":"https:\/\/dev6.erresse-shop.it\/es\/wp-json\/wp\/v2\/product_tag?post=1883815"}],"curies":[{"name":"wp","href":"https:\/\/api.w.org\/{rel}","templated":true}]}}