{"id":1883811,"date":"2026-04-04T13:13:15","date_gmt":"2026-04-04T11:13:15","guid":{"rendered":"https:\/\/dev6.erresse-shop.it\/shop\/sin%20categor\u00eda\/nio-cocktails-postcards-from-france\/"},"modified":"2025-09-14T10:24:30","modified_gmt":"2025-09-14T08:24:30","slug":"nio-cocktails-postcards-from-france","status":"publish","type":"product","link":"https:\/\/dev6.erresse-shop.it\/es\/shop\/tabla\/cocktail-es\/nio-cocktails-postcards-from-france\/","title":{"rendered":"NIO COCKTAILS Postcards from France"},"content":{"rendered":"<p>Presentamos Postcards from France, la nueva colecci\u00f3n de c\u00f3cteles exclusivos de NIO Cocktails: un vistazo a la historia, el patrimonio y el arte de vivir de Francia, de norte a sur.<\/p>\n<p>Inspirado en las tradiciones vitivin\u00edcolas y de destilaci\u00f3n de cuatro evocadoras regiones francesas, Patrick Pistolesi ha creado 4 c\u00f3cteles exclusivos que capturan el esp\u00edritu \u00fanico de una tierra rica en tradici\u00f3n, historia y belleza.<\/p>\n<p>Acomp\u00e1\u00f1elo en este viaje de sabor para descubrir un territorio extraordinario, lleno de delicias para todos los sentidos: pruebe estas nuevas creaciones que rinden homenaje a los terru\u00f1os de Cognac, las escarpadas costas de Normand\u00eda, el azul del Sur y el elegante bulevar de Par\u00eds y revive la magia de Francia con cada sorbo.<\/p>\n<p>C\u00f3cteles en la caja:<\/p>\n<p>Chant de la Mer: Ginebra seca Citadelle Original | Licor de pi\u00f1a caribe\u00f1a Giffard | Licor de Curazao Azul Giffard | Jarabe de az\u00facar de ca\u00f1a Maison Routin 1883 | 100 ml | 22,9 % de alcohol en volumen<\/p>\n<p>Normandie Rouge: Coquerel Calvados VSOP | Noilly Prat Vermut de Francia Rojo | Licor de manzana verde Monin | Campari Amargo | Cerveza Picon | 100 ml | 25,6 % de alcohol por volumen<\/p>\n<p>Le Parisien: Brandy St. Remy XO | Moneda Jengibre de las Indias Giffard | 100 ml | Brandy St. Remy XO 29% VOL. Moneda Jengibre de las Indias Giffard | 100 ml | 29% ABV<\/p>\n<p>\u00c9toile\u00a0du\u00a0Sud: Gin G\u2019vine Floraison | Licor de flor de sa\u00faco St. Germain | Jarabe de az\u00facar de ca\u00f1a Maison Routin 1883 | Crema Violeta Monin | 100 ml | 20,8 % de alcohol por volumen<\/p>\n<p>\u00a0<\/p>\n<p>Hecho a mano en Italia con los mejores licores del mundo<br \/>\nTe llevamos a tu domicilio o donde prefieras, una experiencia de degustaci\u00f3n llena de calidad y emoci\u00f3n. Date un capricho o regala un agradable momento sensorial: nuestros c\u00f3cteles se crean seg\u00fan la receta de Patrick Pistolesi y se env\u00edan en un embalaje de dise\u00f1o, totalmente reciclable.<\/p>\n","protected":false},"excerpt":{"rendered":"<p>Presentamos Postcards from France, la nueva colecci\u00f3n de c\u00f3cteles exclusivos de NIO Cocktails: un vistazo a la historia, el patrimonio y el arte de vivir de Francia, de norte a sur. Inspirado en las tradiciones vitivin\u00edcolas y de destilaci\u00f3n de cuatro evocadoras regiones francesas, Patrick Pistolesi ha creado 4 c\u00f3cteles exclusivos que capturan el esp\u00edritu [&hellip;]<\/p>\n","protected":false},"featured_media":6293344,"template":"","meta":{"_acf_changed":false},"product_cat":[11938,11887],"product_tag":[],"class_list":{"0":"post-1883811","1":"product","2":"type-product","3":"status-publish","4":"has-post-thumbnail","6":"product_cat-cocktail-es","7":"product_cat-tabla","9":"first","10":"instock","11":"taxable","12":"shipping-taxable","13":"purchasable","14":"product-type-simple","swatches":"rey-swatches","show_selected":"","stretch_labels":"rey-swatches--stretch-labels"},"acf":[],"yoast_head":"<!-- This site is optimized with the Yoast SEO plugin v25.4 - https:\/\/yoast.com\/wordpress\/plugins\/seo\/ -->\n<title>NIO COCKTAILS Postcards from France - dev6 Erresse<\/title>\n<meta name=\"description\" content=\"Presentamos Postcards from France, la nueva colecci\u00f3n de c\u00f3cteles exclusivos de NIO Cocktails: un vistazo a la historia, el patrimonio y el arte de vivir\" \/>\n<meta name=\"robots\" content=\"noindex, follow, max-snippet:-1, max-image-preview:large, max-video-preview:-1\" \/>\n<meta property=\"og:locale\" content=\"es_ES\" \/>\n<meta property=\"og:type\" content=\"article\" \/>\n<meta property=\"og:title\" content=\"NIO COCKTAILS Postcards from France - dev6 Erresse\" \/>\n<meta property=\"og:description\" content=\"Presentamos Postcards from France, la nueva colecci\u00f3n de c\u00f3cteles exclusivos de NIO Cocktails: un vistazo a la historia, el patrimonio y el arte de vivir\" \/>\n<meta property=\"og:url\" content=\"https:\/\/dev6.erresse-shop.it\/es\/shop\/tabla\/cocktail-es\/nio-cocktails-postcards-from-france\/\" \/>\n<meta property=\"og:site_name\" content=\"dev6 Erresse\" \/>\n<meta property=\"og:image\" content=\"https:\/\/interpim.erresse-shop.it\/Import\/Prodotti\/nio-cocktails-postcards-from-france.jpg\" \/><meta property=\"og:image\" content=\"https:\/\/interpim.erresse-shop.it\/Import\/Prodotti\/nio-cocktails-postcards-from-france.jpg\" \/>\n\t<meta property=\"og:image:width\" content=\"1024\" \/>\n\t<meta property=\"og:image:height\" content=\"1024\" \/>\n\t<meta property=\"og:image:type\" content=\"image\/jpeg\" \/>\n<meta name=\"twitter:card\" content=\"summary_large_image\" \/>\n<meta name=\"twitter:image\" content=\"https:\/\/interpim.erresse-shop.it\/Import\/Prodotti\/nio-cocktails-postcards-from-france.jpg\" \/>\n<script type=\"application\/ld+json\" class=\"yoast-schema-graph\">{\"@context\":\"https:\/\/schema.org\",\"@graph\":[{\"@type\":\"WebPage\",\"@id\":\"https:\/\/dev6.erresse-shop.it\/es\/shop\/tabla\/cocktail-es\/nio-cocktails-postcards-from-france\/\",\"url\":\"https:\/\/dev6.erresse-shop.it\/es\/shop\/tabla\/cocktail-es\/nio-cocktails-postcards-from-france\/\",\"name\":\"NIO COCKTAILS Postcards from France - dev6 Erresse\",\"isPartOf\":{\"@id\":\"https:\/\/dev6.erresse-shop.it\/#website\"},\"primaryImageOfPage\":{\"@id\":\"https:\/\/dev6.erresse-shop.it\/es\/shop\/tabla\/cocktail-es\/nio-cocktails-postcards-from-france\/#primaryimage\"},\"image\":{\"@id\":\"https:\/\/dev6.erresse-shop.it\/es\/shop\/tabla\/cocktail-es\/nio-cocktails-postcards-from-france\/#primaryimage\"},\"thumbnailUrl\":\"https:\/\/i1.wp.com\/interpim.erresse-shop.it\/Import\/Prodotti\/nio-cocktails-postcards-from-france.jpg?ssl=1\",\"datePublished\":\"2026-04-04T11:13:15+00:00\",\"description\":\"Presentamos Postcards from France, la nueva colecci\u00f3n de c\u00f3cteles exclusivos de NIO Cocktails: un vistazo a la historia, el patrimonio y el arte de vivir\",\"breadcrumb\":{\"@id\":\"https:\/\/dev6.erresse-shop.it\/es\/shop\/tabla\/cocktail-es\/nio-cocktails-postcards-from-france\/#breadcrumb\"},\"inLanguage\":\"es\",\"potentialAction\":[{\"@type\":\"ReadAction\",\"target\":[\"https:\/\/dev6.erresse-shop.it\/es\/shop\/tabla\/cocktail-es\/nio-cocktails-postcards-from-france\/\"]}]},{\"@type\":\"ImageObject\",\"inLanguage\":\"es\",\"@id\":\"https:\/\/dev6.erresse-shop.it\/es\/shop\/tabla\/cocktail-es\/nio-cocktails-postcards-from-france\/#primaryimage\",\"url\":\"https:\/\/i1.wp.com\/interpim.erresse-shop.it\/Import\/Prodotti\/nio-cocktails-postcards-from-france.jpg?ssl=1\",\"contentUrl\":\"https:\/\/i1.wp.com\/interpim.erresse-shop.it\/Import\/Prodotti\/nio-cocktails-postcards-from-france.jpg?ssl=1\"},{\"@type\":\"BreadcrumbList\",\"@id\":\"https:\/\/dev6.erresse-shop.it\/es\/shop\/tabla\/cocktail-es\/nio-cocktails-postcards-from-france\/#breadcrumb\",\"itemListElement\":[{\"@type\":\"ListItem\",\"position\":1,\"name\":\"Home\",\"item\":\"https:\/\/dev6.erresse-shop.it\/\"},{\"@type\":\"ListItem\",\"position\":2,\"name\":\"Tienda\",\"item\":\"https:\/\/dev6.erresse-shop.it\/shop\/\"},{\"@type\":\"ListItem\",\"position\":3,\"name\":\"NIO COCKTAILS Postcards from France\"}]},{\"@type\":\"WebSite\",\"@id\":\"https:\/\/dev6.erresse-shop.it\/#website\",\"url\":\"https:\/\/dev6.erresse-shop.it\/\",\"name\":\"Erresse Shop\",\"description\":\"\",\"publisher\":{\"@id\":\"https:\/\/dev6.erresse-shop.it\/#organization\"},\"potentialAction\":[{\"@type\":\"SearchAction\",\"target\":{\"@type\":\"EntryPoint\",\"urlTemplate\":\"https:\/\/dev6.erresse-shop.it\/?s={search_term_string}\"},\"query-input\":{\"@type\":\"PropertyValueSpecification\",\"valueRequired\":true,\"valueName\":\"search_term_string\"}}],\"inLanguage\":\"es\"},{\"@type\":\"Organization\",\"@id\":\"https:\/\/dev6.erresse-shop.it\/#organization\",\"name\":\"Erresse Shop\",\"url\":\"https:\/\/dev6.erresse-shop.it\/\",\"logo\":{\"@type\":\"ImageObject\",\"inLanguage\":\"es\",\"@id\":\"https:\/\/dev6.erresse-shop.it\/#\/schema\/logo\/image\/\",\"url\":\"https:\/\/dev6.erresse-shop.it\/wp-content\/uploads\/2025\/01\/LOGO-ERRESSE-CLASSICO.svg\",\"contentUrl\":\"https:\/\/dev6.erresse-shop.it\/wp-content\/uploads\/2025\/01\/LOGO-ERRESSE-CLASSICO.svg\",\"caption\":\"Erresse Shop\"},\"image\":{\"@id\":\"https:\/\/dev6.erresse-shop.it\/#\/schema\/logo\/image\/\"}}]}<\/script>\n<!-- \/ Yoast SEO plugin. -->","yoast_head_json":{"title":"NIO COCKTAILS Postcards from France - dev6 Erresse","description":"Presentamos Postcards from France, la nueva colecci\u00f3n de c\u00f3cteles exclusivos de NIO Cocktails: un vistazo a la historia, el patrimonio y el arte de vivir","robots":{"index":"noindex","follow":"follow","max-snippet":"max-snippet:-1","max-image-preview":"max-image-preview:large","max-video-preview":"max-video-preview:-1"},"og_locale":"es_ES","og_type":"article","og_title":"NIO COCKTAILS Postcards from France - dev6 Erresse","og_description":"Presentamos Postcards from France, la nueva colecci\u00f3n de c\u00f3cteles exclusivos de NIO Cocktails: un vistazo a la historia, el patrimonio y el arte de vivir","og_url":"https:\/\/dev6.erresse-shop.it\/es\/shop\/tabla\/cocktail-es\/nio-cocktails-postcards-from-france\/","og_site_name":"dev6 Erresse","og_image":[{"url":"https:\/\/interpim.erresse-shop.it\/Import\/Prodotti\/nio-cocktails-postcards-from-france.jpg","type":"","width":"","height":""},{"url":"https:\/\/interpim.erresse-shop.it\/Import\/Prodotti\/nio-cocktails-postcards-from-france.jpg","width":1024,"height":1024,"type":"image\/jpeg"}],"twitter_card":"summary_large_image","twitter_image":"https:\/\/interpim.erresse-shop.it\/Import\/Prodotti\/nio-cocktails-postcards-from-france.jpg","schema":{"@context":"https:\/\/schema.org","@graph":[{"@type":"WebPage","@id":"https:\/\/dev6.erresse-shop.it\/es\/shop\/tabla\/cocktail-es\/nio-cocktails-postcards-from-france\/","url":"https:\/\/dev6.erresse-shop.it\/es\/shop\/tabla\/cocktail-es\/nio-cocktails-postcards-from-france\/","name":"NIO COCKTAILS Postcards from France - dev6 Erresse","isPartOf":{"@id":"https:\/\/dev6.erresse-shop.it\/#website"},"primaryImageOfPage":{"@id":"https:\/\/dev6.erresse-shop.it\/es\/shop\/tabla\/cocktail-es\/nio-cocktails-postcards-from-france\/#primaryimage"},"image":{"@id":"https:\/\/dev6.erresse-shop.it\/es\/shop\/tabla\/cocktail-es\/nio-cocktails-postcards-from-france\/#primaryimage"},"thumbnailUrl":"https:\/\/i1.wp.com\/interpim.erresse-shop.it\/Import\/Prodotti\/nio-cocktails-postcards-from-france.jpg?ssl=1","datePublished":"2026-04-04T11:13:15+00:00","description":"Presentamos Postcards from France, la nueva colecci\u00f3n de c\u00f3cteles exclusivos de NIO Cocktails: un vistazo a la historia, el patrimonio y el arte de vivir","breadcrumb":{"@id":"https:\/\/dev6.erresse-shop.it\/es\/shop\/tabla\/cocktail-es\/nio-cocktails-postcards-from-france\/#breadcrumb"},"inLanguage":"es","potentialAction":[{"@type":"ReadAction","target":["https:\/\/dev6.erresse-shop.it\/es\/shop\/tabla\/cocktail-es\/nio-cocktails-postcards-from-france\/"]}]},{"@type":"ImageObject","inLanguage":"es","@id":"https:\/\/dev6.erresse-shop.it\/es\/shop\/tabla\/cocktail-es\/nio-cocktails-postcards-from-france\/#primaryimage","url":"https:\/\/i1.wp.com\/interpim.erresse-shop.it\/Import\/Prodotti\/nio-cocktails-postcards-from-france.jpg?ssl=1","contentUrl":"https:\/\/i1.wp.com\/interpim.erresse-shop.it\/Import\/Prodotti\/nio-cocktails-postcards-from-france.jpg?ssl=1"},{"@type":"BreadcrumbList","@id":"https:\/\/dev6.erresse-shop.it\/es\/shop\/tabla\/cocktail-es\/nio-cocktails-postcards-from-france\/#breadcrumb","itemListElement":[{"@type":"ListItem","position":1,"name":"Home","item":"https:\/\/dev6.erresse-shop.it\/"},{"@type":"ListItem","position":2,"name":"Tienda","item":"https:\/\/dev6.erresse-shop.it\/shop\/"},{"@type":"ListItem","position":3,"name":"NIO COCKTAILS Postcards from France"}]},{"@type":"WebSite","@id":"https:\/\/dev6.erresse-shop.it\/#website","url":"https:\/\/dev6.erresse-shop.it\/","name":"Erresse Shop","description":"","publisher":{"@id":"https:\/\/dev6.erresse-shop.it\/#organization"},"potentialAction":[{"@type":"SearchAction","target":{"@type":"EntryPoint","urlTemplate":"https:\/\/dev6.erresse-shop.it\/?s={search_term_string}"},"query-input":{"@type":"PropertyValueSpecification","valueRequired":true,"valueName":"search_term_string"}}],"inLanguage":"es"},{"@type":"Organization","@id":"https:\/\/dev6.erresse-shop.it\/#organization","name":"Erresse Shop","url":"https:\/\/dev6.erresse-shop.it\/","logo":{"@type":"ImageObject","inLanguage":"es","@id":"https:\/\/dev6.erresse-shop.it\/#\/schema\/logo\/image\/","url":"https:\/\/dev6.erresse-shop.it\/wp-content\/uploads\/2025\/01\/LOGO-ERRESSE-CLASSICO.svg","contentUrl":"https:\/\/dev6.erresse-shop.it\/wp-content\/uploads\/2025\/01\/LOGO-ERRESSE-CLASSICO.svg","caption":"Erresse Shop"},"image":{"@id":"https:\/\/dev6.erresse-shop.it\/#\/schema\/logo\/image\/"}}]}},"df_price":30,"df_sale_price":"","df_regular_price":30,"df_image_link":"https:\/\/i1.wp.com\/interpim.erresse-shop.it\/Import\/Prodotti\/nio-cocktails-postcards-from-france.jpg?resize=300,300&ssl=1","fifu_image_url":"https:\/\/interpim.erresse-shop.it\/Import\/Prodotti\/nio-cocktails-postcards-from-france.jpg","_links":{"self":[{"href":"https:\/\/dev6.erresse-shop.it\/es\/wp-json\/wp\/v2\/product\/1883811","targetHints":{"allow":["GET"]}}],"collection":[{"href":"https:\/\/dev6.erresse-shop.it\/es\/wp-json\/wp\/v2\/product"}],"about":[{"href":"https:\/\/dev6.erresse-shop.it\/es\/wp-json\/wp\/v2\/types\/product"}],"wp:featuredmedia":[{"embeddable":true,"href":"https:\/\/dev6.erresse-shop.it\/es\/wp-json\/wp\/v2\/media\/6293344"}],"wp:attachment":[{"href":"https:\/\/dev6.erresse-shop.it\/es\/wp-json\/wp\/v2\/media?parent=1883811"}],"wp:term":[{"taxonomy":"product_cat","embeddable":true,"href":"https:\/\/dev6.erresse-shop.it\/es\/wp-json\/wp\/v2\/product_cat?post=1883811"},{"taxonomy":"product_tag","embeddable":true,"href":"https:\/\/dev6.erresse-shop.it\/es\/wp-json\/wp\/v2\/product_tag?post=1883811"}],"curies":[{"name":"wp","href":"https:\/\/api.w.org\/{rel}","templated":true}]}}