{"id":1883809,"date":"2026-04-12T13:15:45","date_gmt":"2026-04-12T11:15:45","guid":{"rendered":"https:\/\/dev6.erresse-shop.it\/shop\/sin%20categor\u00eda\/nio-cocktails-box-4-cocktails\/"},"modified":"2025-09-14T10:24:26","modified_gmt":"2025-09-14T08:24:26","slug":"nio-cocktails-box-4-cocktails","status":"publish","type":"product","link":"https:\/\/dev6.erresse-shop.it\/es\/shop\/tabla\/cocktail-es\/nio-cocktails-box-4-cocktails\/","title":{"rendered":"NIO COCKTAILS Box 4 Cocktails"},"content":{"rendered":"<p>Una exclusiva caja de regalo de c\u00f3cteles elaborados con ingredientes, tem\u00e1ticas y especias sorprendentes. Margarita, Cosmopolitan, Negroni, Gin Proved: \u00bfcu\u00e1l ser\u00e1 tu favorito?<\/p>\n<p>C\u00f3cteles en la caja:<\/p>\n<p>Margarita: Tequila Ex\u00f3tico Blanco \/ COINTREAU \/ JARABE DE LIMA 1883 \/ \u00c1CIDO C\u00cdTRICO \/ Agua \/ 100 ml \/ 27,2% VOL<\/p>\n<p>Cosmopolitan: KETEL ONE FAMILY MADE VODKA \/ JARABE DE AR\u00c1NDANOS TOSCHI \/ COINTREAU \/ ACIDIFICANTE: \u00c1CIDO C\u00cdTRICO \/ Agua \/ 100 ml \/ 22% VOL<\/p>\n<p>Negroni: Tanqueray London Dry Gin \/ Vermut Cocchi Storico \/ Campari Bitter \/ ANGOSTURA AROMATIC BITTER \/ Agua \/ 100 ml \/ 22% VOL<\/p>\n<p>Gin Proved: Tanqueray London Dry Gin \/ JARABE DE AZ\u00daCAR DE CA\u00d1A TOSCHI \/ LICOR PARFAIT AMOUR BOLS \/ \u00c1CIDO C\u00cdTRICO \/ Agua \/ 100 ml \/ 20,2% VOL.<\/p>\n<p>\u00a0<\/p>\n<p>Hecho a mano en Italia con los mejores licores del mundo<br \/>\nTe llevamos a tu domicilio o donde prefieras, una experiencia de degustaci\u00f3n llena de calidad y emoci\u00f3n. Date un capricho o regala un agradable momento sensorial: nuestros c\u00f3cteles se crean seg\u00fan la receta de Patrick Pistolesi y se env\u00edan en un embalaje de dise\u00f1o, totalmente reciclable.<\/p>\n","protected":false},"excerpt":{"rendered":"<p>Una exclusiva caja de regalo de c\u00f3cteles elaborados con ingredientes, tem\u00e1ticas y especias sorprendentes. Margarita, Cosmopolitan, Negroni, Gin Proved: \u00bfcu\u00e1l ser\u00e1 tu favorito? C\u00f3cteles en la caja: Margarita: Tequila Ex\u00f3tico Blanco \/ COINTREAU \/ JARABE DE LIMA 1883 \/ \u00c1CIDO C\u00cdTRICO \/ Agua \/ 100 ml \/ 27,2% VOL Cosmopolitan: KETEL ONE FAMILY MADE VODKA [&hellip;]<\/p>\n","protected":false},"featured_media":6376600,"template":"","meta":{"_acf_changed":false},"product_cat":[11938,11887],"product_tag":[],"class_list":{"0":"post-1883809","1":"product","2":"type-product","3":"status-publish","4":"has-post-thumbnail","6":"product_cat-cocktail-es","7":"product_cat-tabla","9":"first","10":"instock","11":"taxable","12":"shipping-taxable","13":"purchasable","14":"product-type-simple","swatches":"rey-swatches","show_selected":"","stretch_labels":"rey-swatches--stretch-labels"},"acf":[],"yoast_head":"<!-- This site is optimized with the Yoast SEO plugin v25.4 - https:\/\/yoast.com\/wordpress\/plugins\/seo\/ -->\n<title>NIO COCKTAILS Box 4 Cocktails - dev6 Erresse<\/title>\n<meta name=\"description\" content=\"Una exclusiva caja de regalo de c\u00f3cteles elaborados con ingredientes, tem\u00e1ticas y especias sorprendentes. Margarita, Cosmopolitan, Negroni, Gin Proved:\" \/>\n<meta name=\"robots\" content=\"noindex, follow, max-snippet:-1, max-image-preview:large, max-video-preview:-1\" \/>\n<meta property=\"og:locale\" content=\"es_ES\" \/>\n<meta property=\"og:type\" content=\"article\" \/>\n<meta property=\"og:title\" content=\"NIO COCKTAILS Box 4 Cocktails - dev6 Erresse\" \/>\n<meta property=\"og:description\" content=\"Una exclusiva caja de regalo de c\u00f3cteles elaborados con ingredientes, tem\u00e1ticas y especias sorprendentes. Margarita, Cosmopolitan, Negroni, Gin Proved:\" \/>\n<meta property=\"og:url\" content=\"https:\/\/dev6.erresse-shop.it\/es\/shop\/tabla\/cocktail-es\/nio-cocktails-box-4-cocktails\/\" \/>\n<meta property=\"og:site_name\" content=\"dev6 Erresse\" \/>\n<meta property=\"og:image\" content=\"https:\/\/interpim.erresse-shop.it\/Import\/Prodotti\/nio-cocktails-box-4-cocktails.jpg\" \/><meta property=\"og:image\" content=\"https:\/\/interpim.erresse-shop.it\/Import\/Prodotti\/nio-cocktails-box-4-cocktails.jpg\" \/>\n\t<meta property=\"og:image:width\" content=\"1024\" \/>\n\t<meta property=\"og:image:height\" content=\"1024\" \/>\n\t<meta property=\"og:image:type\" content=\"image\/jpeg\" \/>\n<meta name=\"twitter:card\" content=\"summary_large_image\" \/>\n<meta name=\"twitter:image\" content=\"https:\/\/interpim.erresse-shop.it\/Import\/Prodotti\/nio-cocktails-box-4-cocktails.jpg\" \/>\n<script type=\"application\/ld+json\" class=\"yoast-schema-graph\">{\"@context\":\"https:\/\/schema.org\",\"@graph\":[{\"@type\":\"WebPage\",\"@id\":\"https:\/\/dev6.erresse-shop.it\/es\/shop\/tabla\/cocktail-es\/nio-cocktails-box-4-cocktails\/\",\"url\":\"https:\/\/dev6.erresse-shop.it\/es\/shop\/tabla\/cocktail-es\/nio-cocktails-box-4-cocktails\/\",\"name\":\"NIO COCKTAILS Box 4 Cocktails - dev6 Erresse\",\"isPartOf\":{\"@id\":\"https:\/\/dev6.erresse-shop.it\/#website\"},\"primaryImageOfPage\":{\"@id\":\"https:\/\/dev6.erresse-shop.it\/es\/shop\/tabla\/cocktail-es\/nio-cocktails-box-4-cocktails\/#primaryimage\"},\"image\":{\"@id\":\"https:\/\/dev6.erresse-shop.it\/es\/shop\/tabla\/cocktail-es\/nio-cocktails-box-4-cocktails\/#primaryimage\"},\"thumbnailUrl\":\"https:\/\/i1.wp.com\/interpim.erresse-shop.it\/Import\/Prodotti\/nio-cocktails-box-4-cocktails.jpg?ssl=1\",\"datePublished\":\"2026-04-12T11:15:45+00:00\",\"description\":\"Una exclusiva caja de regalo de c\u00f3cteles elaborados con ingredientes, tem\u00e1ticas y especias sorprendentes. Margarita, Cosmopolitan, Negroni, Gin Proved:\",\"breadcrumb\":{\"@id\":\"https:\/\/dev6.erresse-shop.it\/es\/shop\/tabla\/cocktail-es\/nio-cocktails-box-4-cocktails\/#breadcrumb\"},\"inLanguage\":\"es\",\"potentialAction\":[{\"@type\":\"ReadAction\",\"target\":[\"https:\/\/dev6.erresse-shop.it\/es\/shop\/tabla\/cocktail-es\/nio-cocktails-box-4-cocktails\/\"]}]},{\"@type\":\"ImageObject\",\"inLanguage\":\"es\",\"@id\":\"https:\/\/dev6.erresse-shop.it\/es\/shop\/tabla\/cocktail-es\/nio-cocktails-box-4-cocktails\/#primaryimage\",\"url\":\"https:\/\/i1.wp.com\/interpim.erresse-shop.it\/Import\/Prodotti\/nio-cocktails-box-4-cocktails.jpg?ssl=1\",\"contentUrl\":\"https:\/\/i1.wp.com\/interpim.erresse-shop.it\/Import\/Prodotti\/nio-cocktails-box-4-cocktails.jpg?ssl=1\"},{\"@type\":\"BreadcrumbList\",\"@id\":\"https:\/\/dev6.erresse-shop.it\/es\/shop\/tabla\/cocktail-es\/nio-cocktails-box-4-cocktails\/#breadcrumb\",\"itemListElement\":[{\"@type\":\"ListItem\",\"position\":1,\"name\":\"Home\",\"item\":\"https:\/\/dev6.erresse-shop.it\/\"},{\"@type\":\"ListItem\",\"position\":2,\"name\":\"Tienda\",\"item\":\"https:\/\/dev6.erresse-shop.it\/shop\/\"},{\"@type\":\"ListItem\",\"position\":3,\"name\":\"NIO COCKTAILS Box 4 Cocktails\"}]},{\"@type\":\"WebSite\",\"@id\":\"https:\/\/dev6.erresse-shop.it\/#website\",\"url\":\"https:\/\/dev6.erresse-shop.it\/\",\"name\":\"Erresse Shop\",\"description\":\"\",\"publisher\":{\"@id\":\"https:\/\/dev6.erresse-shop.it\/#organization\"},\"potentialAction\":[{\"@type\":\"SearchAction\",\"target\":{\"@type\":\"EntryPoint\",\"urlTemplate\":\"https:\/\/dev6.erresse-shop.it\/?s={search_term_string}\"},\"query-input\":{\"@type\":\"PropertyValueSpecification\",\"valueRequired\":true,\"valueName\":\"search_term_string\"}}],\"inLanguage\":\"es\"},{\"@type\":\"Organization\",\"@id\":\"https:\/\/dev6.erresse-shop.it\/#organization\",\"name\":\"Erresse Shop\",\"url\":\"https:\/\/dev6.erresse-shop.it\/\",\"logo\":{\"@type\":\"ImageObject\",\"inLanguage\":\"es\",\"@id\":\"https:\/\/dev6.erresse-shop.it\/#\/schema\/logo\/image\/\",\"url\":\"https:\/\/dev6.erresse-shop.it\/wp-content\/uploads\/2025\/01\/LOGO-ERRESSE-CLASSICO.svg\",\"contentUrl\":\"https:\/\/dev6.erresse-shop.it\/wp-content\/uploads\/2025\/01\/LOGO-ERRESSE-CLASSICO.svg\",\"caption\":\"Erresse Shop\"},\"image\":{\"@id\":\"https:\/\/dev6.erresse-shop.it\/#\/schema\/logo\/image\/\"}}]}<\/script>\n<!-- \/ Yoast SEO plugin. -->","yoast_head_json":{"title":"NIO COCKTAILS Box 4 Cocktails - dev6 Erresse","description":"Una exclusiva caja de regalo de c\u00f3cteles elaborados con ingredientes, tem\u00e1ticas y especias sorprendentes. Margarita, Cosmopolitan, Negroni, Gin Proved:","robots":{"index":"noindex","follow":"follow","max-snippet":"max-snippet:-1","max-image-preview":"max-image-preview:large","max-video-preview":"max-video-preview:-1"},"og_locale":"es_ES","og_type":"article","og_title":"NIO COCKTAILS Box 4 Cocktails - dev6 Erresse","og_description":"Una exclusiva caja de regalo de c\u00f3cteles elaborados con ingredientes, tem\u00e1ticas y especias sorprendentes. Margarita, Cosmopolitan, Negroni, Gin Proved:","og_url":"https:\/\/dev6.erresse-shop.it\/es\/shop\/tabla\/cocktail-es\/nio-cocktails-box-4-cocktails\/","og_site_name":"dev6 Erresse","og_image":[{"url":"https:\/\/interpim.erresse-shop.it\/Import\/Prodotti\/nio-cocktails-box-4-cocktails.jpg","type":"","width":"","height":""},{"url":"https:\/\/interpim.erresse-shop.it\/Import\/Prodotti\/nio-cocktails-box-4-cocktails.jpg","width":1024,"height":1024,"type":"image\/jpeg"}],"twitter_card":"summary_large_image","twitter_image":"https:\/\/interpim.erresse-shop.it\/Import\/Prodotti\/nio-cocktails-box-4-cocktails.jpg","schema":{"@context":"https:\/\/schema.org","@graph":[{"@type":"WebPage","@id":"https:\/\/dev6.erresse-shop.it\/es\/shop\/tabla\/cocktail-es\/nio-cocktails-box-4-cocktails\/","url":"https:\/\/dev6.erresse-shop.it\/es\/shop\/tabla\/cocktail-es\/nio-cocktails-box-4-cocktails\/","name":"NIO COCKTAILS Box 4 Cocktails - dev6 Erresse","isPartOf":{"@id":"https:\/\/dev6.erresse-shop.it\/#website"},"primaryImageOfPage":{"@id":"https:\/\/dev6.erresse-shop.it\/es\/shop\/tabla\/cocktail-es\/nio-cocktails-box-4-cocktails\/#primaryimage"},"image":{"@id":"https:\/\/dev6.erresse-shop.it\/es\/shop\/tabla\/cocktail-es\/nio-cocktails-box-4-cocktails\/#primaryimage"},"thumbnailUrl":"https:\/\/i1.wp.com\/interpim.erresse-shop.it\/Import\/Prodotti\/nio-cocktails-box-4-cocktails.jpg?ssl=1","datePublished":"2026-04-12T11:15:45+00:00","description":"Una exclusiva caja de regalo de c\u00f3cteles elaborados con ingredientes, tem\u00e1ticas y especias sorprendentes. Margarita, Cosmopolitan, Negroni, Gin Proved:","breadcrumb":{"@id":"https:\/\/dev6.erresse-shop.it\/es\/shop\/tabla\/cocktail-es\/nio-cocktails-box-4-cocktails\/#breadcrumb"},"inLanguage":"es","potentialAction":[{"@type":"ReadAction","target":["https:\/\/dev6.erresse-shop.it\/es\/shop\/tabla\/cocktail-es\/nio-cocktails-box-4-cocktails\/"]}]},{"@type":"ImageObject","inLanguage":"es","@id":"https:\/\/dev6.erresse-shop.it\/es\/shop\/tabla\/cocktail-es\/nio-cocktails-box-4-cocktails\/#primaryimage","url":"https:\/\/i1.wp.com\/interpim.erresse-shop.it\/Import\/Prodotti\/nio-cocktails-box-4-cocktails.jpg?ssl=1","contentUrl":"https:\/\/i1.wp.com\/interpim.erresse-shop.it\/Import\/Prodotti\/nio-cocktails-box-4-cocktails.jpg?ssl=1"},{"@type":"BreadcrumbList","@id":"https:\/\/dev6.erresse-shop.it\/es\/shop\/tabla\/cocktail-es\/nio-cocktails-box-4-cocktails\/#breadcrumb","itemListElement":[{"@type":"ListItem","position":1,"name":"Home","item":"https:\/\/dev6.erresse-shop.it\/"},{"@type":"ListItem","position":2,"name":"Tienda","item":"https:\/\/dev6.erresse-shop.it\/shop\/"},{"@type":"ListItem","position":3,"name":"NIO COCKTAILS Box 4 Cocktails"}]},{"@type":"WebSite","@id":"https:\/\/dev6.erresse-shop.it\/#website","url":"https:\/\/dev6.erresse-shop.it\/","name":"Erresse Shop","description":"","publisher":{"@id":"https:\/\/dev6.erresse-shop.it\/#organization"},"potentialAction":[{"@type":"SearchAction","target":{"@type":"EntryPoint","urlTemplate":"https:\/\/dev6.erresse-shop.it\/?s={search_term_string}"},"query-input":{"@type":"PropertyValueSpecification","valueRequired":true,"valueName":"search_term_string"}}],"inLanguage":"es"},{"@type":"Organization","@id":"https:\/\/dev6.erresse-shop.it\/#organization","name":"Erresse Shop","url":"https:\/\/dev6.erresse-shop.it\/","logo":{"@type":"ImageObject","inLanguage":"es","@id":"https:\/\/dev6.erresse-shop.it\/#\/schema\/logo\/image\/","url":"https:\/\/dev6.erresse-shop.it\/wp-content\/uploads\/2025\/01\/LOGO-ERRESSE-CLASSICO.svg","contentUrl":"https:\/\/dev6.erresse-shop.it\/wp-content\/uploads\/2025\/01\/LOGO-ERRESSE-CLASSICO.svg","caption":"Erresse Shop"},"image":{"@id":"https:\/\/dev6.erresse-shop.it\/#\/schema\/logo\/image\/"}}]}},"df_price":30,"df_sale_price":"","df_regular_price":30,"df_image_link":"https:\/\/i1.wp.com\/interpim.erresse-shop.it\/Import\/Prodotti\/nio-cocktails-box-4-cocktails.jpg?resize=300,300&ssl=1","fifu_image_url":"https:\/\/interpim.erresse-shop.it\/Import\/Prodotti\/nio-cocktails-box-4-cocktails.jpg","_links":{"self":[{"href":"https:\/\/dev6.erresse-shop.it\/es\/wp-json\/wp\/v2\/product\/1883809","targetHints":{"allow":["GET"]}}],"collection":[{"href":"https:\/\/dev6.erresse-shop.it\/es\/wp-json\/wp\/v2\/product"}],"about":[{"href":"https:\/\/dev6.erresse-shop.it\/es\/wp-json\/wp\/v2\/types\/product"}],"wp:featuredmedia":[{"embeddable":true,"href":"https:\/\/dev6.erresse-shop.it\/es\/wp-json\/wp\/v2\/media\/6376600"}],"wp:attachment":[{"href":"https:\/\/dev6.erresse-shop.it\/es\/wp-json\/wp\/v2\/media?parent=1883809"}],"wp:term":[{"taxonomy":"product_cat","embeddable":true,"href":"https:\/\/dev6.erresse-shop.it\/es\/wp-json\/wp\/v2\/product_cat?post=1883809"},{"taxonomy":"product_tag","embeddable":true,"href":"https:\/\/dev6.erresse-shop.it\/es\/wp-json\/wp\/v2\/product_tag?post=1883809"}],"curies":[{"name":"wp","href":"https:\/\/api.w.org\/{rel}","templated":true}]}}