{"id":1883803,"date":"2026-04-12T13:15:45","date_gmt":"2026-04-12T11:15:45","guid":{"rendered":"https:\/\/dev6.erresse-shop.it\/shop\/sin%20categor\u00eda\/nio-cocktails-postcards-from-hawaii\/"},"modified":"2025-09-14T10:24:17","modified_gmt":"2025-09-14T08:24:17","slug":"nio-cocktails-postcards-from-hawaii","status":"publish","type":"product","link":"https:\/\/dev6.erresse-shop.it\/es\/shop\/tabla\/cocktail-es\/nio-cocktails-postcards-from-hawaii\/","title":{"rendered":"NIO COCKTAILS Postcards from Hawaii"},"content":{"rendered":"<p>\u201c\u00a1Aloha y Komo Mai en Honolulu! Estoy aqu\u00ed en la hermosa Oahu, Hawaii, la isla famosa por sus olas cristalinas para surfear y sus playas de arena blanca\u201d. El viaje de Patrick al Para\u00edso del Pac\u00edfico lo llev\u00f3 a saborear mango fresco, pi\u00f1a y agave, ingredientes que componen muchos de nuestros c\u00f3cteles. Ha creado un Negroni tropical, un Mai Tai c\u00e1lido, una Margarita de mango picante y un ex\u00f3tico c\u00f3ctel exclusivo, cada uno de ellos un tributo a esta exuberante tierra tropical llena de cultura y folclore.<\/p>\n<p>C\u00f3cteles en el paquete:<\/p>\n<p>Waikiki: Ron Santiago De Cuba Carta Blanca \/ Ron Santiago De Cuba A\u00f1ejo 11 A\u00f1os \/ Monin Orange Cura\u00e7ao \/ Ancho Reyes \/ Jarabe de Almendras 1883 \/ Jarabe de Az\u00facar de Ca\u00f1a Toschi \/ \u00c1cido C\u00edtrico \/ 100ml \/ 21.6% VOL<\/p>\n<p>Kahala: Tequila Ex\u00f3tico Blanco \/ Bols Mango \/ Cointreau \/ Ancho Reyes \/ Jarabe de Agave 1883 \/ \u00c1cido C\u00edtrico \/ 100 ml \/ 20,6% VOL<\/p>\n<p>Sandy: ginebra seca Tanqueray London \/ verm\u00fa Cocchi Storico \/ amargo Campari \/ mango Bols \/ licor de pi\u00f1a caribe\u00f1a Giffard \/ 100 ml \/ 20,5 % VOL<\/p>\n<p>Lanikai: Vodka Ketel One Family Made \/ Licor de pi\u00f1a caribe\u00f1a Giffard \/ Cura\u00e7ao azul Monin \/ Jarabe de az\u00facar de ca\u00f1a Toschi \/ \u00c1cido c\u00edtrico \/ 100 ml \/ 23 % VOL<\/p>\n<p>\u00a0<\/p>\n<p>Hecho a mano en Italia con los mejores licores del mundo<br \/>\nTe llevamos a tu domicilio o donde prefieras, una experiencia de degustaci\u00f3n llena de calidad y emoci\u00f3n. Date un capricho o regala un agradable momento sensorial: nuestros c\u00f3cteles se crean seg\u00fan la receta de Patrick Pistolesi y se env\u00edan en un embalaje de dise\u00f1o, totalmente reciclable.<\/p>\n","protected":false},"excerpt":{"rendered":"<p>\u201c\u00a1Aloha y Komo Mai en Honolulu! Estoy aqu\u00ed en la hermosa Oahu, Hawaii, la isla famosa por sus olas cristalinas para surfear y sus playas de arena blanca\u201d. El viaje de Patrick al Para\u00edso del Pac\u00edfico lo llev\u00f3 a saborear mango fresco, pi\u00f1a y agave, ingredientes que componen muchos de nuestros c\u00f3cteles. Ha creado un [&hellip;]<\/p>\n","protected":false},"featured_media":6376541,"template":"","meta":{"_acf_changed":false},"product_cat":[11938,11887],"product_tag":[],"class_list":{"0":"post-1883803","1":"product","2":"type-product","3":"status-publish","4":"has-post-thumbnail","6":"product_cat-cocktail-es","7":"product_cat-tabla","9":"first","10":"instock","11":"taxable","12":"shipping-taxable","13":"purchasable","14":"product-type-simple","swatches":"rey-swatches","show_selected":"","stretch_labels":"rey-swatches--stretch-labels"},"acf":[],"yoast_head":"<!-- This site is optimized with the Yoast SEO plugin v25.4 - https:\/\/yoast.com\/wordpress\/plugins\/seo\/ -->\n<title>NIO COCKTAILS Postcards from Hawaii - dev6 Erresse<\/title>\n<meta name=\"description\" content=\"\u201c\u00a1Aloha y Komo Mai en Honolulu! Estoy aqu\u00ed en la hermosa Oahu, Hawaii, la isla famosa por sus olas cristalinas para surfear y sus playas de arena blanca\u201d.\" \/>\n<meta name=\"robots\" content=\"noindex, follow, max-snippet:-1, max-image-preview:large, max-video-preview:-1\" \/>\n<meta property=\"og:locale\" content=\"es_ES\" \/>\n<meta property=\"og:type\" content=\"article\" \/>\n<meta property=\"og:title\" content=\"NIO COCKTAILS Postcards from Hawaii - dev6 Erresse\" \/>\n<meta property=\"og:description\" content=\"\u201c\u00a1Aloha y Komo Mai en Honolulu! Estoy aqu\u00ed en la hermosa Oahu, Hawaii, la isla famosa por sus olas cristalinas para surfear y sus playas de arena blanca\u201d.\" \/>\n<meta property=\"og:url\" content=\"https:\/\/dev6.erresse-shop.it\/es\/shop\/tabla\/cocktail-es\/nio-cocktails-postcards-from-hawaii\/\" \/>\n<meta property=\"og:site_name\" content=\"dev6 Erresse\" \/>\n<meta property=\"og:image\" content=\"https:\/\/interpim.erresse-shop.it\/Import\/Prodotti\/nio-cocktails-postcards-from-hawaii.jpg\" \/><meta property=\"og:image\" content=\"https:\/\/interpim.erresse-shop.it\/Import\/Prodotti\/nio-cocktails-postcards-from-hawaii.jpg\" \/>\n\t<meta property=\"og:image:width\" content=\"1024\" \/>\n\t<meta property=\"og:image:height\" content=\"1024\" \/>\n\t<meta property=\"og:image:type\" content=\"image\/jpeg\" \/>\n<meta name=\"twitter:card\" content=\"summary_large_image\" \/>\n<meta name=\"twitter:image\" content=\"https:\/\/interpim.erresse-shop.it\/Import\/Prodotti\/nio-cocktails-postcards-from-hawaii.jpg\" \/>\n<script type=\"application\/ld+json\" class=\"yoast-schema-graph\">{\"@context\":\"https:\/\/schema.org\",\"@graph\":[{\"@type\":\"WebPage\",\"@id\":\"https:\/\/dev6.erresse-shop.it\/es\/shop\/tabla\/cocktail-es\/nio-cocktails-postcards-from-hawaii\/\",\"url\":\"https:\/\/dev6.erresse-shop.it\/es\/shop\/tabla\/cocktail-es\/nio-cocktails-postcards-from-hawaii\/\",\"name\":\"NIO COCKTAILS Postcards from Hawaii - dev6 Erresse\",\"isPartOf\":{\"@id\":\"https:\/\/dev6.erresse-shop.it\/#website\"},\"primaryImageOfPage\":{\"@id\":\"https:\/\/dev6.erresse-shop.it\/es\/shop\/tabla\/cocktail-es\/nio-cocktails-postcards-from-hawaii\/#primaryimage\"},\"image\":{\"@id\":\"https:\/\/dev6.erresse-shop.it\/es\/shop\/tabla\/cocktail-es\/nio-cocktails-postcards-from-hawaii\/#primaryimage\"},\"thumbnailUrl\":\"https:\/\/i0.wp.com\/interpim.erresse-shop.it\/Import\/Prodotti\/nio-cocktails-postcards-from-hawaii.jpg?ssl=1\",\"datePublished\":\"2026-04-12T11:15:45+00:00\",\"description\":\"\u201c\u00a1Aloha y Komo Mai en Honolulu! Estoy aqu\u00ed en la hermosa Oahu, Hawaii, la isla famosa por sus olas cristalinas para surfear y sus playas de arena blanca\u201d.\",\"breadcrumb\":{\"@id\":\"https:\/\/dev6.erresse-shop.it\/es\/shop\/tabla\/cocktail-es\/nio-cocktails-postcards-from-hawaii\/#breadcrumb\"},\"inLanguage\":\"es\",\"potentialAction\":[{\"@type\":\"ReadAction\",\"target\":[\"https:\/\/dev6.erresse-shop.it\/es\/shop\/tabla\/cocktail-es\/nio-cocktails-postcards-from-hawaii\/\"]}]},{\"@type\":\"ImageObject\",\"inLanguage\":\"es\",\"@id\":\"https:\/\/dev6.erresse-shop.it\/es\/shop\/tabla\/cocktail-es\/nio-cocktails-postcards-from-hawaii\/#primaryimage\",\"url\":\"https:\/\/i0.wp.com\/interpim.erresse-shop.it\/Import\/Prodotti\/nio-cocktails-postcards-from-hawaii.jpg?ssl=1\",\"contentUrl\":\"https:\/\/i0.wp.com\/interpim.erresse-shop.it\/Import\/Prodotti\/nio-cocktails-postcards-from-hawaii.jpg?ssl=1\"},{\"@type\":\"BreadcrumbList\",\"@id\":\"https:\/\/dev6.erresse-shop.it\/es\/shop\/tabla\/cocktail-es\/nio-cocktails-postcards-from-hawaii\/#breadcrumb\",\"itemListElement\":[{\"@type\":\"ListItem\",\"position\":1,\"name\":\"Home\",\"item\":\"https:\/\/dev6.erresse-shop.it\/\"},{\"@type\":\"ListItem\",\"position\":2,\"name\":\"Tienda\",\"item\":\"https:\/\/dev6.erresse-shop.it\/shop\/\"},{\"@type\":\"ListItem\",\"position\":3,\"name\":\"NIO COCKTAILS Postcards from Hawaii\"}]},{\"@type\":\"WebSite\",\"@id\":\"https:\/\/dev6.erresse-shop.it\/#website\",\"url\":\"https:\/\/dev6.erresse-shop.it\/\",\"name\":\"Erresse Shop\",\"description\":\"\",\"publisher\":{\"@id\":\"https:\/\/dev6.erresse-shop.it\/#organization\"},\"potentialAction\":[{\"@type\":\"SearchAction\",\"target\":{\"@type\":\"EntryPoint\",\"urlTemplate\":\"https:\/\/dev6.erresse-shop.it\/?s={search_term_string}\"},\"query-input\":{\"@type\":\"PropertyValueSpecification\",\"valueRequired\":true,\"valueName\":\"search_term_string\"}}],\"inLanguage\":\"es\"},{\"@type\":\"Organization\",\"@id\":\"https:\/\/dev6.erresse-shop.it\/#organization\",\"name\":\"Erresse Shop\",\"url\":\"https:\/\/dev6.erresse-shop.it\/\",\"logo\":{\"@type\":\"ImageObject\",\"inLanguage\":\"es\",\"@id\":\"https:\/\/dev6.erresse-shop.it\/#\/schema\/logo\/image\/\",\"url\":\"https:\/\/dev6.erresse-shop.it\/wp-content\/uploads\/2025\/01\/LOGO-ERRESSE-CLASSICO.svg\",\"contentUrl\":\"https:\/\/dev6.erresse-shop.it\/wp-content\/uploads\/2025\/01\/LOGO-ERRESSE-CLASSICO.svg\",\"caption\":\"Erresse Shop\"},\"image\":{\"@id\":\"https:\/\/dev6.erresse-shop.it\/#\/schema\/logo\/image\/\"}}]}<\/script>\n<!-- \/ Yoast SEO plugin. -->","yoast_head_json":{"title":"NIO COCKTAILS Postcards from Hawaii - dev6 Erresse","description":"\u201c\u00a1Aloha y Komo Mai en Honolulu! Estoy aqu\u00ed en la hermosa Oahu, Hawaii, la isla famosa por sus olas cristalinas para surfear y sus playas de arena blanca\u201d.","robots":{"index":"noindex","follow":"follow","max-snippet":"max-snippet:-1","max-image-preview":"max-image-preview:large","max-video-preview":"max-video-preview:-1"},"og_locale":"es_ES","og_type":"article","og_title":"NIO COCKTAILS Postcards from Hawaii - dev6 Erresse","og_description":"\u201c\u00a1Aloha y Komo Mai en Honolulu! Estoy aqu\u00ed en la hermosa Oahu, Hawaii, la isla famosa por sus olas cristalinas para surfear y sus playas de arena blanca\u201d.","og_url":"https:\/\/dev6.erresse-shop.it\/es\/shop\/tabla\/cocktail-es\/nio-cocktails-postcards-from-hawaii\/","og_site_name":"dev6 Erresse","og_image":[{"url":"https:\/\/interpim.erresse-shop.it\/Import\/Prodotti\/nio-cocktails-postcards-from-hawaii.jpg","type":"","width":"","height":""},{"url":"https:\/\/interpim.erresse-shop.it\/Import\/Prodotti\/nio-cocktails-postcards-from-hawaii.jpg","width":1024,"height":1024,"type":"image\/jpeg"}],"twitter_card":"summary_large_image","twitter_image":"https:\/\/interpim.erresse-shop.it\/Import\/Prodotti\/nio-cocktails-postcards-from-hawaii.jpg","schema":{"@context":"https:\/\/schema.org","@graph":[{"@type":"WebPage","@id":"https:\/\/dev6.erresse-shop.it\/es\/shop\/tabla\/cocktail-es\/nio-cocktails-postcards-from-hawaii\/","url":"https:\/\/dev6.erresse-shop.it\/es\/shop\/tabla\/cocktail-es\/nio-cocktails-postcards-from-hawaii\/","name":"NIO COCKTAILS Postcards from Hawaii - dev6 Erresse","isPartOf":{"@id":"https:\/\/dev6.erresse-shop.it\/#website"},"primaryImageOfPage":{"@id":"https:\/\/dev6.erresse-shop.it\/es\/shop\/tabla\/cocktail-es\/nio-cocktails-postcards-from-hawaii\/#primaryimage"},"image":{"@id":"https:\/\/dev6.erresse-shop.it\/es\/shop\/tabla\/cocktail-es\/nio-cocktails-postcards-from-hawaii\/#primaryimage"},"thumbnailUrl":"https:\/\/i0.wp.com\/interpim.erresse-shop.it\/Import\/Prodotti\/nio-cocktails-postcards-from-hawaii.jpg?ssl=1","datePublished":"2026-04-12T11:15:45+00:00","description":"\u201c\u00a1Aloha y Komo Mai en Honolulu! Estoy aqu\u00ed en la hermosa Oahu, Hawaii, la isla famosa por sus olas cristalinas para surfear y sus playas de arena blanca\u201d.","breadcrumb":{"@id":"https:\/\/dev6.erresse-shop.it\/es\/shop\/tabla\/cocktail-es\/nio-cocktails-postcards-from-hawaii\/#breadcrumb"},"inLanguage":"es","potentialAction":[{"@type":"ReadAction","target":["https:\/\/dev6.erresse-shop.it\/es\/shop\/tabla\/cocktail-es\/nio-cocktails-postcards-from-hawaii\/"]}]},{"@type":"ImageObject","inLanguage":"es","@id":"https:\/\/dev6.erresse-shop.it\/es\/shop\/tabla\/cocktail-es\/nio-cocktails-postcards-from-hawaii\/#primaryimage","url":"https:\/\/i0.wp.com\/interpim.erresse-shop.it\/Import\/Prodotti\/nio-cocktails-postcards-from-hawaii.jpg?ssl=1","contentUrl":"https:\/\/i0.wp.com\/interpim.erresse-shop.it\/Import\/Prodotti\/nio-cocktails-postcards-from-hawaii.jpg?ssl=1"},{"@type":"BreadcrumbList","@id":"https:\/\/dev6.erresse-shop.it\/es\/shop\/tabla\/cocktail-es\/nio-cocktails-postcards-from-hawaii\/#breadcrumb","itemListElement":[{"@type":"ListItem","position":1,"name":"Home","item":"https:\/\/dev6.erresse-shop.it\/"},{"@type":"ListItem","position":2,"name":"Tienda","item":"https:\/\/dev6.erresse-shop.it\/shop\/"},{"@type":"ListItem","position":3,"name":"NIO COCKTAILS Postcards from Hawaii"}]},{"@type":"WebSite","@id":"https:\/\/dev6.erresse-shop.it\/#website","url":"https:\/\/dev6.erresse-shop.it\/","name":"Erresse Shop","description":"","publisher":{"@id":"https:\/\/dev6.erresse-shop.it\/#organization"},"potentialAction":[{"@type":"SearchAction","target":{"@type":"EntryPoint","urlTemplate":"https:\/\/dev6.erresse-shop.it\/?s={search_term_string}"},"query-input":{"@type":"PropertyValueSpecification","valueRequired":true,"valueName":"search_term_string"}}],"inLanguage":"es"},{"@type":"Organization","@id":"https:\/\/dev6.erresse-shop.it\/#organization","name":"Erresse Shop","url":"https:\/\/dev6.erresse-shop.it\/","logo":{"@type":"ImageObject","inLanguage":"es","@id":"https:\/\/dev6.erresse-shop.it\/#\/schema\/logo\/image\/","url":"https:\/\/dev6.erresse-shop.it\/wp-content\/uploads\/2025\/01\/LOGO-ERRESSE-CLASSICO.svg","contentUrl":"https:\/\/dev6.erresse-shop.it\/wp-content\/uploads\/2025\/01\/LOGO-ERRESSE-CLASSICO.svg","caption":"Erresse Shop"},"image":{"@id":"https:\/\/dev6.erresse-shop.it\/#\/schema\/logo\/image\/"}}]}},"df_price":30,"df_sale_price":"","df_regular_price":30,"df_image_link":"https:\/\/i0.wp.com\/interpim.erresse-shop.it\/Import\/Prodotti\/nio-cocktails-postcards-from-hawaii.jpg?resize=300,300&ssl=1","fifu_image_url":"https:\/\/interpim.erresse-shop.it\/Import\/Prodotti\/nio-cocktails-postcards-from-hawaii.jpg","_links":{"self":[{"href":"https:\/\/dev6.erresse-shop.it\/es\/wp-json\/wp\/v2\/product\/1883803","targetHints":{"allow":["GET"]}}],"collection":[{"href":"https:\/\/dev6.erresse-shop.it\/es\/wp-json\/wp\/v2\/product"}],"about":[{"href":"https:\/\/dev6.erresse-shop.it\/es\/wp-json\/wp\/v2\/types\/product"}],"wp:featuredmedia":[{"embeddable":true,"href":"https:\/\/dev6.erresse-shop.it\/es\/wp-json\/wp\/v2\/media\/6376541"}],"wp:attachment":[{"href":"https:\/\/dev6.erresse-shop.it\/es\/wp-json\/wp\/v2\/media?parent=1883803"}],"wp:term":[{"taxonomy":"product_cat","embeddable":true,"href":"https:\/\/dev6.erresse-shop.it\/es\/wp-json\/wp\/v2\/product_cat?post=1883803"},{"taxonomy":"product_tag","embeddable":true,"href":"https:\/\/dev6.erresse-shop.it\/es\/wp-json\/wp\/v2\/product_tag?post=1883803"}],"curies":[{"name":"wp","href":"https:\/\/api.w.org\/{rel}","templated":true}]}}