{"id":1883801,"date":"2026-04-12T13:15:45","date_gmt":"2026-04-12T11:15:45","guid":{"rendered":"https:\/\/dev6.erresse-shop.it\/shop\/sin%20categor\u00eda\/nio-cocktails-postcards-from-venice\/"},"modified":"2025-09-14T10:24:13","modified_gmt":"2025-09-14T08:24:13","slug":"nio-cocktails-postcards-from-venice","status":"publish","type":"product","link":"https:\/\/dev6.erresse-shop.it\/es\/shop\/tabla\/cocktail-es\/nio-cocktails-postcards-from-venice\/","title":{"rendered":"NIO COCKTAILS Postcards from Venice"},"content":{"rendered":"<p>Patrick Pistolesi ha creado 4 c\u00f3cteles exclusivos para celebrar tantos lugares y momentos de la historia milenaria de la Serenissima: los or\u00edgenes, el arte de navegar, la capacidad de encantar y el futuro. Una caja ic\u00f3nica firmada para NIO Cocktails and Select.<\/p>\n<p>C\u00f3cteles en el paquete:<\/p>\n<p>421- Laguna:Aperitivo Selecto \/ Cocchi Americano Bianco \/ Agua; 100ML, 15,4%VOL.\n<\/p>\n<p>Un c\u00f3ctel sencillo, para celebrar los or\u00edgenes de Venecia; Un c\u00f3ctel para degustar sin lujos el ingrediente irreemplazable del aut\u00e9ntico Spritz veneciano: Select. Para este viaje Patrick eligi\u00f3 un Vermut, un vino fortificado.<\/p>\n<p>1104- Arsenale: Aperitivo Selecto \/ Brandy St Remy Xo \/ Vermut Cocchi Seco \/ Cocchi Americano Bianco \/ Agua\/\u00a0100 ML, 22,4%VOL. en&gt;<\/p>\n<p>Arsenale: el coraz\u00f3n fortificado de la ciudad al que Patrick quiso dedicar un c\u00f3ctel valiente, fuerte, intensamente italiano. Un aperitivo con car\u00e1cter, para paladares atrevidos y amantes de la tradici\u00f3n.<\/p>\n<p>1725- Le Calli di Casanova:Aperitivo Selecto \/ Bols Cacao Blanco \/ Jarabe de Az\u00facar de Ca\u00f1a Toschi \/ Acidulante: \u00c1cido C\u00edtrico \/ Agua.100ML, 12,7 %VOL.&lt; \/en&gt;<\/p>\n<p>Venecia ofrece vibraciones que se encuentran con una suavidad envolvente en este c\u00f3ctel \u00fanico. Este c\u00f3ctel, profundo en sus notas y travieso en su combinaci\u00f3n, rendir\u00e1 homenaje al arte de encantar e intrigar con la fuerza de Select y la dulzura de Creme de Cacao.<\/p>\n<p>2021- Cannaregio: Aperitivo Selecto \/ Roner de Licor de Manzana Verde Pomm\u00e8 \/ Rosolio de Bergamota Italicus \/ Jarabe de Az\u00facar de Ca\u00f1a Toschi \/ Acidulante: \u00c1cido C\u00edtrico \/ Agua; 100 ML, 13,6% VOL.<\/p>\n<p>Un c\u00f3ctel dedicado al barrio m\u00e1s cosmopolita y contempor\u00e1neo de Venecia. \u00c9ste ser\u00e1 el c\u00f3ctel m\u00e1s experimental que Patrick dedica a la Serenissima. Un deseo de un futuro de paz y belleza, una mezcla fragante e inusual alrededor de Select.<\/p>\n<p>\u00a0<\/p>\n<p>Los c\u00f3cteles NIO se preparan utilizando los mejores licores y aguardientes sin la adici\u00f3n de conservantes, aditivos o agentes qu\u00edmicos.<\/p>\n","protected":false},"excerpt":{"rendered":"<p>Patrick Pistolesi ha creado 4 c\u00f3cteles exclusivos para celebrar tantos lugares y momentos de la historia milenaria de la Serenissima: los or\u00edgenes, el arte de navegar, la capacidad de encantar y el futuro. Una caja ic\u00f3nica firmada para NIO Cocktails and Select. C\u00f3cteles en el paquete: 421- Laguna:Aperitivo Selecto \/ Cocchi Americano Bianco \/ Agua; [&hellip;]<\/p>\n","protected":false},"featured_media":6376525,"template":"","meta":{"_acf_changed":false},"product_cat":[11938,11887],"product_tag":[],"class_list":{"0":"post-1883801","1":"product","2":"type-product","3":"status-publish","4":"has-post-thumbnail","6":"product_cat-cocktail-es","7":"product_cat-tabla","9":"first","10":"instock","11":"taxable","12":"shipping-taxable","13":"purchasable","14":"product-type-simple","swatches":"rey-swatches","show_selected":"","stretch_labels":"rey-swatches--stretch-labels"},"acf":[],"yoast_head":"<!-- This site is optimized with the Yoast SEO plugin v25.4 - https:\/\/yoast.com\/wordpress\/plugins\/seo\/ -->\n<title>NIO COCKTAILS Postcards from Venice - dev6 Erresse<\/title>\n<meta name=\"description\" content=\"Patrick Pistolesi ha creado 4 c\u00f3cteles exclusivos para celebrar tantos lugares y momentos de la historia milenaria de la Serenissima: los or\u00edgenes, el\" \/>\n<meta name=\"robots\" content=\"noindex, follow, max-snippet:-1, max-image-preview:large, max-video-preview:-1\" \/>\n<meta property=\"og:locale\" content=\"es_ES\" \/>\n<meta property=\"og:type\" content=\"article\" \/>\n<meta property=\"og:title\" content=\"NIO COCKTAILS Postcards from Venice - dev6 Erresse\" \/>\n<meta property=\"og:description\" content=\"Patrick Pistolesi ha creado 4 c\u00f3cteles exclusivos para celebrar tantos lugares y momentos de la historia milenaria de la Serenissima: los or\u00edgenes, el\" \/>\n<meta property=\"og:url\" content=\"https:\/\/dev6.erresse-shop.it\/es\/shop\/tabla\/cocktail-es\/nio-cocktails-postcards-from-venice\/\" \/>\n<meta property=\"og:site_name\" content=\"dev6 Erresse\" \/>\n<meta property=\"og:image\" content=\"https:\/\/interpim.erresse-shop.it\/Import\/Prodotti\/nio-cocktails-postcards-from-venice.jpg\" \/><meta property=\"og:image\" content=\"https:\/\/interpim.erresse-shop.it\/Import\/Prodotti\/nio-cocktails-postcards-from-venice.jpg\" \/>\n\t<meta property=\"og:image:width\" content=\"1024\" \/>\n\t<meta property=\"og:image:height\" content=\"1024\" \/>\n\t<meta property=\"og:image:type\" content=\"image\/jpeg\" \/>\n<meta name=\"twitter:card\" content=\"summary_large_image\" \/>\n<meta name=\"twitter:image\" content=\"https:\/\/interpim.erresse-shop.it\/Import\/Prodotti\/nio-cocktails-postcards-from-venice.jpg\" \/>\n<script type=\"application\/ld+json\" class=\"yoast-schema-graph\">{\"@context\":\"https:\/\/schema.org\",\"@graph\":[{\"@type\":\"WebPage\",\"@id\":\"https:\/\/dev6.erresse-shop.it\/es\/shop\/tabla\/cocktail-es\/nio-cocktails-postcards-from-venice\/\",\"url\":\"https:\/\/dev6.erresse-shop.it\/es\/shop\/tabla\/cocktail-es\/nio-cocktails-postcards-from-venice\/\",\"name\":\"NIO COCKTAILS Postcards from Venice - dev6 Erresse\",\"isPartOf\":{\"@id\":\"https:\/\/dev6.erresse-shop.it\/#website\"},\"primaryImageOfPage\":{\"@id\":\"https:\/\/dev6.erresse-shop.it\/es\/shop\/tabla\/cocktail-es\/nio-cocktails-postcards-from-venice\/#primaryimage\"},\"image\":{\"@id\":\"https:\/\/dev6.erresse-shop.it\/es\/shop\/tabla\/cocktail-es\/nio-cocktails-postcards-from-venice\/#primaryimage\"},\"thumbnailUrl\":\"https:\/\/i3.wp.com\/interpim.erresse-shop.it\/Import\/Prodotti\/nio-cocktails-postcards-from-venice.jpg?ssl=1\",\"datePublished\":\"2026-04-12T11:15:45+00:00\",\"description\":\"Patrick Pistolesi ha creado 4 c\u00f3cteles exclusivos para celebrar tantos lugares y momentos de la historia milenaria de la Serenissima: los or\u00edgenes, el\",\"breadcrumb\":{\"@id\":\"https:\/\/dev6.erresse-shop.it\/es\/shop\/tabla\/cocktail-es\/nio-cocktails-postcards-from-venice\/#breadcrumb\"},\"inLanguage\":\"es\",\"potentialAction\":[{\"@type\":\"ReadAction\",\"target\":[\"https:\/\/dev6.erresse-shop.it\/es\/shop\/tabla\/cocktail-es\/nio-cocktails-postcards-from-venice\/\"]}]},{\"@type\":\"ImageObject\",\"inLanguage\":\"es\",\"@id\":\"https:\/\/dev6.erresse-shop.it\/es\/shop\/tabla\/cocktail-es\/nio-cocktails-postcards-from-venice\/#primaryimage\",\"url\":\"https:\/\/i3.wp.com\/interpim.erresse-shop.it\/Import\/Prodotti\/nio-cocktails-postcards-from-venice.jpg?ssl=1\",\"contentUrl\":\"https:\/\/i3.wp.com\/interpim.erresse-shop.it\/Import\/Prodotti\/nio-cocktails-postcards-from-venice.jpg?ssl=1\"},{\"@type\":\"BreadcrumbList\",\"@id\":\"https:\/\/dev6.erresse-shop.it\/es\/shop\/tabla\/cocktail-es\/nio-cocktails-postcards-from-venice\/#breadcrumb\",\"itemListElement\":[{\"@type\":\"ListItem\",\"position\":1,\"name\":\"Home\",\"item\":\"https:\/\/dev6.erresse-shop.it\/\"},{\"@type\":\"ListItem\",\"position\":2,\"name\":\"Tienda\",\"item\":\"https:\/\/dev6.erresse-shop.it\/shop\/\"},{\"@type\":\"ListItem\",\"position\":3,\"name\":\"NIO COCKTAILS Postcards from Venice\"}]},{\"@type\":\"WebSite\",\"@id\":\"https:\/\/dev6.erresse-shop.it\/#website\",\"url\":\"https:\/\/dev6.erresse-shop.it\/\",\"name\":\"Erresse Shop\",\"description\":\"\",\"publisher\":{\"@id\":\"https:\/\/dev6.erresse-shop.it\/#organization\"},\"potentialAction\":[{\"@type\":\"SearchAction\",\"target\":{\"@type\":\"EntryPoint\",\"urlTemplate\":\"https:\/\/dev6.erresse-shop.it\/?s={search_term_string}\"},\"query-input\":{\"@type\":\"PropertyValueSpecification\",\"valueRequired\":true,\"valueName\":\"search_term_string\"}}],\"inLanguage\":\"es\"},{\"@type\":\"Organization\",\"@id\":\"https:\/\/dev6.erresse-shop.it\/#organization\",\"name\":\"Erresse Shop\",\"url\":\"https:\/\/dev6.erresse-shop.it\/\",\"logo\":{\"@type\":\"ImageObject\",\"inLanguage\":\"es\",\"@id\":\"https:\/\/dev6.erresse-shop.it\/#\/schema\/logo\/image\/\",\"url\":\"https:\/\/dev6.erresse-shop.it\/wp-content\/uploads\/2025\/01\/LOGO-ERRESSE-CLASSICO.svg\",\"contentUrl\":\"https:\/\/dev6.erresse-shop.it\/wp-content\/uploads\/2025\/01\/LOGO-ERRESSE-CLASSICO.svg\",\"caption\":\"Erresse Shop\"},\"image\":{\"@id\":\"https:\/\/dev6.erresse-shop.it\/#\/schema\/logo\/image\/\"}}]}<\/script>\n<!-- \/ Yoast SEO plugin. -->","yoast_head_json":{"title":"NIO COCKTAILS Postcards from Venice - dev6 Erresse","description":"Patrick Pistolesi ha creado 4 c\u00f3cteles exclusivos para celebrar tantos lugares y momentos de la historia milenaria de la Serenissima: los or\u00edgenes, el","robots":{"index":"noindex","follow":"follow","max-snippet":"max-snippet:-1","max-image-preview":"max-image-preview:large","max-video-preview":"max-video-preview:-1"},"og_locale":"es_ES","og_type":"article","og_title":"NIO COCKTAILS Postcards from Venice - dev6 Erresse","og_description":"Patrick Pistolesi ha creado 4 c\u00f3cteles exclusivos para celebrar tantos lugares y momentos de la historia milenaria de la Serenissima: los or\u00edgenes, el","og_url":"https:\/\/dev6.erresse-shop.it\/es\/shop\/tabla\/cocktail-es\/nio-cocktails-postcards-from-venice\/","og_site_name":"dev6 Erresse","og_image":[{"url":"https:\/\/interpim.erresse-shop.it\/Import\/Prodotti\/nio-cocktails-postcards-from-venice.jpg","type":"","width":"","height":""},{"url":"https:\/\/interpim.erresse-shop.it\/Import\/Prodotti\/nio-cocktails-postcards-from-venice.jpg","width":1024,"height":1024,"type":"image\/jpeg"}],"twitter_card":"summary_large_image","twitter_image":"https:\/\/interpim.erresse-shop.it\/Import\/Prodotti\/nio-cocktails-postcards-from-venice.jpg","schema":{"@context":"https:\/\/schema.org","@graph":[{"@type":"WebPage","@id":"https:\/\/dev6.erresse-shop.it\/es\/shop\/tabla\/cocktail-es\/nio-cocktails-postcards-from-venice\/","url":"https:\/\/dev6.erresse-shop.it\/es\/shop\/tabla\/cocktail-es\/nio-cocktails-postcards-from-venice\/","name":"NIO COCKTAILS Postcards from Venice - dev6 Erresse","isPartOf":{"@id":"https:\/\/dev6.erresse-shop.it\/#website"},"primaryImageOfPage":{"@id":"https:\/\/dev6.erresse-shop.it\/es\/shop\/tabla\/cocktail-es\/nio-cocktails-postcards-from-venice\/#primaryimage"},"image":{"@id":"https:\/\/dev6.erresse-shop.it\/es\/shop\/tabla\/cocktail-es\/nio-cocktails-postcards-from-venice\/#primaryimage"},"thumbnailUrl":"https:\/\/i3.wp.com\/interpim.erresse-shop.it\/Import\/Prodotti\/nio-cocktails-postcards-from-venice.jpg?ssl=1","datePublished":"2026-04-12T11:15:45+00:00","description":"Patrick Pistolesi ha creado 4 c\u00f3cteles exclusivos para celebrar tantos lugares y momentos de la historia milenaria de la Serenissima: los or\u00edgenes, el","breadcrumb":{"@id":"https:\/\/dev6.erresse-shop.it\/es\/shop\/tabla\/cocktail-es\/nio-cocktails-postcards-from-venice\/#breadcrumb"},"inLanguage":"es","potentialAction":[{"@type":"ReadAction","target":["https:\/\/dev6.erresse-shop.it\/es\/shop\/tabla\/cocktail-es\/nio-cocktails-postcards-from-venice\/"]}]},{"@type":"ImageObject","inLanguage":"es","@id":"https:\/\/dev6.erresse-shop.it\/es\/shop\/tabla\/cocktail-es\/nio-cocktails-postcards-from-venice\/#primaryimage","url":"https:\/\/i3.wp.com\/interpim.erresse-shop.it\/Import\/Prodotti\/nio-cocktails-postcards-from-venice.jpg?ssl=1","contentUrl":"https:\/\/i3.wp.com\/interpim.erresse-shop.it\/Import\/Prodotti\/nio-cocktails-postcards-from-venice.jpg?ssl=1"},{"@type":"BreadcrumbList","@id":"https:\/\/dev6.erresse-shop.it\/es\/shop\/tabla\/cocktail-es\/nio-cocktails-postcards-from-venice\/#breadcrumb","itemListElement":[{"@type":"ListItem","position":1,"name":"Home","item":"https:\/\/dev6.erresse-shop.it\/"},{"@type":"ListItem","position":2,"name":"Tienda","item":"https:\/\/dev6.erresse-shop.it\/shop\/"},{"@type":"ListItem","position":3,"name":"NIO COCKTAILS Postcards from Venice"}]},{"@type":"WebSite","@id":"https:\/\/dev6.erresse-shop.it\/#website","url":"https:\/\/dev6.erresse-shop.it\/","name":"Erresse Shop","description":"","publisher":{"@id":"https:\/\/dev6.erresse-shop.it\/#organization"},"potentialAction":[{"@type":"SearchAction","target":{"@type":"EntryPoint","urlTemplate":"https:\/\/dev6.erresse-shop.it\/?s={search_term_string}"},"query-input":{"@type":"PropertyValueSpecification","valueRequired":true,"valueName":"search_term_string"}}],"inLanguage":"es"},{"@type":"Organization","@id":"https:\/\/dev6.erresse-shop.it\/#organization","name":"Erresse Shop","url":"https:\/\/dev6.erresse-shop.it\/","logo":{"@type":"ImageObject","inLanguage":"es","@id":"https:\/\/dev6.erresse-shop.it\/#\/schema\/logo\/image\/","url":"https:\/\/dev6.erresse-shop.it\/wp-content\/uploads\/2025\/01\/LOGO-ERRESSE-CLASSICO.svg","contentUrl":"https:\/\/dev6.erresse-shop.it\/wp-content\/uploads\/2025\/01\/LOGO-ERRESSE-CLASSICO.svg","caption":"Erresse Shop"},"image":{"@id":"https:\/\/dev6.erresse-shop.it\/#\/schema\/logo\/image\/"}}]}},"df_price":30,"df_sale_price":"","df_regular_price":30,"df_image_link":"https:\/\/i3.wp.com\/interpim.erresse-shop.it\/Import\/Prodotti\/nio-cocktails-postcards-from-venice.jpg?resize=300,300&ssl=1","fifu_image_url":"https:\/\/interpim.erresse-shop.it\/Import\/Prodotti\/nio-cocktails-postcards-from-venice.jpg","_links":{"self":[{"href":"https:\/\/dev6.erresse-shop.it\/es\/wp-json\/wp\/v2\/product\/1883801","targetHints":{"allow":["GET"]}}],"collection":[{"href":"https:\/\/dev6.erresse-shop.it\/es\/wp-json\/wp\/v2\/product"}],"about":[{"href":"https:\/\/dev6.erresse-shop.it\/es\/wp-json\/wp\/v2\/types\/product"}],"wp:featuredmedia":[{"embeddable":true,"href":"https:\/\/dev6.erresse-shop.it\/es\/wp-json\/wp\/v2\/media\/6376525"}],"wp:attachment":[{"href":"https:\/\/dev6.erresse-shop.it\/es\/wp-json\/wp\/v2\/media?parent=1883801"}],"wp:term":[{"taxonomy":"product_cat","embeddable":true,"href":"https:\/\/dev6.erresse-shop.it\/es\/wp-json\/wp\/v2\/product_cat?post=1883801"},{"taxonomy":"product_tag","embeddable":true,"href":"https:\/\/dev6.erresse-shop.it\/es\/wp-json\/wp\/v2\/product_tag?post=1883801"}],"curies":[{"name":"wp","href":"https:\/\/api.w.org\/{rel}","templated":true}]}}