{"id":1883793,"date":"2026-04-12T13:15:45","date_gmt":"2026-04-12T11:15:45","guid":{"rendered":"https:\/\/dev6.erresse-shop.it\/shop\/sin%20categor\u00eda\/staub-tetera-redonda-azul-oscuro\/"},"modified":"2025-11-22T18:15:28","modified_gmt":"2025-11-22T17:15:28","slug":"staub-tetera-redonda-azul-oscuro","status":"publish","type":"product","link":"https:\/\/dev6.erresse-shop.it\/es\/shop\/tabla\/teteras-azucareras-jarras-de-leche\/staub-tetera-redonda-azul-oscuro\/","title":{"rendered":"STAUB Tetera redonda azul oscuro"},"content":{"rendered":"<p>A pesar de los avances tecnol\u00f3gicos, los m\u00e9todos tradicionales suelen seguir siendo los mejores. La tetera de hierro fundido Staub retiene el calor y mantiene la temperatura, ideal para t\u00e9 negro, verde o de hierbas. Tiene una tapa con gancho para el infusor y un mango de acero que facilita el vertido. De color azul oscuro, se adapta a cocinas modernas o r\u00fasticas. Tiene una capacidad de 1,15 L y es compatible con todo tipo de fuegos, incluida inducci\u00f3n. Elegante y funcional, es una adici\u00f3n especial a la colecci\u00f3n Staub.<\/p>\n<p>Adecuado para hervir agua y preparar infusiones de t\u00e9<br \/>\nEl t\u00e9 se mantiene caliente durante mucho tiempo<br \/>\nEl infusor de t\u00e9 se engancha debajo de la perilla<br \/>\nApto para todo tipo de fuegos, incluida inducci\u00f3n<br \/>\nTambi\u00e9n es adecuado para servir sopas de forma original<\/p>\n<p>Marca: Staub<br \/>\nMaterial: Hierro fundido<br \/>\nColor: Azul oscuro<br \/>\nDimensiones: cm 16,6, 12, H 18<br \/>\nCapacidad: 1,15 L<br \/>\nPeso: 2,10 kg<\/p>\n","protected":false},"excerpt":{"rendered":"<p>A pesar de los avances tecnol\u00f3gicos, los m\u00e9todos tradicionales suelen seguir siendo los mejores. La tetera de hierro fundido Staub retiene el calor y mantiene la temperatura, ideal para t\u00e9 negro, verde o de hierbas. Tiene una tapa con gancho para el infusor y un mango de acero que facilita el vertido. De color azul [&hellip;]<\/p>\n","protected":false},"featured_media":6376472,"template":"","meta":{"_acf_changed":false},"product_cat":[11887,11898],"product_tag":[],"class_list":{"0":"post-1883793","1":"product","2":"type-product","3":"status-publish","4":"has-post-thumbnail","6":"product_cat-tabla","7":"product_cat-teteras-azucareras-jarras-de-leche","9":"first","10":"instock","11":"sale","12":"taxable","13":"shipping-taxable","14":"purchasable","15":"product-type-simple","swatches":"rey-swatches","show_selected":"","stretch_labels":"rey-swatches--stretch-labels"},"acf":[],"yoast_head":"<!-- This site is optimized with the Yoast SEO plugin v25.4 - https:\/\/yoast.com\/wordpress\/plugins\/seo\/ -->\n<title>STAUB Tetera redonda azul oscuro - dev6 Erresse<\/title>\n<meta name=\"description\" content=\"A pesar de los avances tecnol\u00f3gicos, los m\u00e9todos tradicionales suelen seguir siendo los mejores. La tetera de hierro fundido Staub retiene el calor y\" \/>\n<meta name=\"robots\" content=\"noindex, follow, max-snippet:-1, max-image-preview:large, max-video-preview:-1\" \/>\n<meta property=\"og:locale\" content=\"es_ES\" \/>\n<meta property=\"og:type\" content=\"article\" \/>\n<meta property=\"og:title\" content=\"STAUB Tetera redonda azul oscuro - dev6 Erresse\" \/>\n<meta property=\"og:description\" content=\"A pesar de los avances tecnol\u00f3gicos, los m\u00e9todos tradicionales suelen seguir siendo los mejores. La tetera de hierro fundido Staub retiene el calor y\" \/>\n<meta property=\"og:url\" content=\"https:\/\/dev6.erresse-shop.it\/es\/shop\/tabla\/teteras-azucareras-jarras-de-leche\/staub-tetera-redonda-azul-oscuro\/\" \/>\n<meta property=\"og:site_name\" content=\"dev6 Erresse\" \/>\n<meta property=\"og:image\" content=\"https:\/\/interpim.erresse-shop.it\/Import\/Prodotti\/staub-teiera-tonda-blue-scuro.jpg\" \/><meta property=\"og:image\" content=\"https:\/\/interpim.erresse-shop.it\/Import\/Prodotti\/staub-teiera-tonda-blue-scuro.jpg\" \/>\n\t<meta property=\"og:image:width\" content=\"1024\" \/>\n\t<meta property=\"og:image:height\" content=\"1024\" \/>\n\t<meta property=\"og:image:type\" content=\"image\/jpeg\" \/>\n<meta name=\"twitter:card\" content=\"summary_large_image\" \/>\n<meta name=\"twitter:image\" content=\"https:\/\/interpim.erresse-shop.it\/Import\/Prodotti\/staub-teiera-tonda-blue-scuro.jpg\" \/>\n<script type=\"application\/ld+json\" class=\"yoast-schema-graph\">{\"@context\":\"https:\/\/schema.org\",\"@graph\":[{\"@type\":\"WebPage\",\"@id\":\"https:\/\/dev6.erresse-shop.it\/es\/shop\/tabla\/teteras-azucareras-jarras-de-leche\/staub-tetera-redonda-azul-oscuro\/\",\"url\":\"https:\/\/dev6.erresse-shop.it\/es\/shop\/tabla\/teteras-azucareras-jarras-de-leche\/staub-tetera-redonda-azul-oscuro\/\",\"name\":\"STAUB Tetera redonda azul oscuro - dev6 Erresse\",\"isPartOf\":{\"@id\":\"https:\/\/dev6.erresse-shop.it\/#website\"},\"primaryImageOfPage\":{\"@id\":\"https:\/\/dev6.erresse-shop.it\/es\/shop\/tabla\/teteras-azucareras-jarras-de-leche\/staub-tetera-redonda-azul-oscuro\/#primaryimage\"},\"image\":{\"@id\":\"https:\/\/dev6.erresse-shop.it\/es\/shop\/tabla\/teteras-azucareras-jarras-de-leche\/staub-tetera-redonda-azul-oscuro\/#primaryimage\"},\"thumbnailUrl\":\"https:\/\/i3.wp.com\/interpim.erresse-shop.it\/Import\/Prodotti\/staub-teiera-tonda-blue-scuro.jpg?ssl=1\",\"datePublished\":\"2026-04-12T11:15:45+00:00\",\"description\":\"A pesar de los avances tecnol\u00f3gicos, los m\u00e9todos tradicionales suelen seguir siendo los mejores. La tetera de hierro fundido Staub retiene el calor y\",\"breadcrumb\":{\"@id\":\"https:\/\/dev6.erresse-shop.it\/es\/shop\/tabla\/teteras-azucareras-jarras-de-leche\/staub-tetera-redonda-azul-oscuro\/#breadcrumb\"},\"inLanguage\":\"es\",\"potentialAction\":[{\"@type\":\"ReadAction\",\"target\":[\"https:\/\/dev6.erresse-shop.it\/es\/shop\/tabla\/teteras-azucareras-jarras-de-leche\/staub-tetera-redonda-azul-oscuro\/\"]}]},{\"@type\":\"ImageObject\",\"inLanguage\":\"es\",\"@id\":\"https:\/\/dev6.erresse-shop.it\/es\/shop\/tabla\/teteras-azucareras-jarras-de-leche\/staub-tetera-redonda-azul-oscuro\/#primaryimage\",\"url\":\"https:\/\/i3.wp.com\/interpim.erresse-shop.it\/Import\/Prodotti\/staub-teiera-tonda-blue-scuro.jpg?ssl=1\",\"contentUrl\":\"https:\/\/i3.wp.com\/interpim.erresse-shop.it\/Import\/Prodotti\/staub-teiera-tonda-blue-scuro.jpg?ssl=1\"},{\"@type\":\"BreadcrumbList\",\"@id\":\"https:\/\/dev6.erresse-shop.it\/es\/shop\/tabla\/teteras-azucareras-jarras-de-leche\/staub-tetera-redonda-azul-oscuro\/#breadcrumb\",\"itemListElement\":[{\"@type\":\"ListItem\",\"position\":1,\"name\":\"Home\",\"item\":\"https:\/\/dev6.erresse-shop.it\/\"},{\"@type\":\"ListItem\",\"position\":2,\"name\":\"Tienda\",\"item\":\"https:\/\/dev6.erresse-shop.it\/shop\/\"},{\"@type\":\"ListItem\",\"position\":3,\"name\":\"STAUB Tetera redonda azul oscuro\"}]},{\"@type\":\"WebSite\",\"@id\":\"https:\/\/dev6.erresse-shop.it\/#website\",\"url\":\"https:\/\/dev6.erresse-shop.it\/\",\"name\":\"Erresse Shop\",\"description\":\"\",\"publisher\":{\"@id\":\"https:\/\/dev6.erresse-shop.it\/#organization\"},\"potentialAction\":[{\"@type\":\"SearchAction\",\"target\":{\"@type\":\"EntryPoint\",\"urlTemplate\":\"https:\/\/dev6.erresse-shop.it\/?s={search_term_string}\"},\"query-input\":{\"@type\":\"PropertyValueSpecification\",\"valueRequired\":true,\"valueName\":\"search_term_string\"}}],\"inLanguage\":\"es\"},{\"@type\":\"Organization\",\"@id\":\"https:\/\/dev6.erresse-shop.it\/#organization\",\"name\":\"Erresse Shop\",\"url\":\"https:\/\/dev6.erresse-shop.it\/\",\"logo\":{\"@type\":\"ImageObject\",\"inLanguage\":\"es\",\"@id\":\"https:\/\/dev6.erresse-shop.it\/#\/schema\/logo\/image\/\",\"url\":\"https:\/\/dev6.erresse-shop.it\/wp-content\/uploads\/2025\/01\/LOGO-ERRESSE-CLASSICO.svg\",\"contentUrl\":\"https:\/\/dev6.erresse-shop.it\/wp-content\/uploads\/2025\/01\/LOGO-ERRESSE-CLASSICO.svg\",\"caption\":\"Erresse Shop\"},\"image\":{\"@id\":\"https:\/\/dev6.erresse-shop.it\/#\/schema\/logo\/image\/\"}}]}<\/script>\n<!-- \/ Yoast SEO plugin. -->","yoast_head_json":{"title":"STAUB Tetera redonda azul oscuro - dev6 Erresse","description":"A pesar de los avances tecnol\u00f3gicos, los m\u00e9todos tradicionales suelen seguir siendo los mejores. La tetera de hierro fundido Staub retiene el calor y","robots":{"index":"noindex","follow":"follow","max-snippet":"max-snippet:-1","max-image-preview":"max-image-preview:large","max-video-preview":"max-video-preview:-1"},"og_locale":"es_ES","og_type":"article","og_title":"STAUB Tetera redonda azul oscuro - dev6 Erresse","og_description":"A pesar de los avances tecnol\u00f3gicos, los m\u00e9todos tradicionales suelen seguir siendo los mejores. La tetera de hierro fundido Staub retiene el calor y","og_url":"https:\/\/dev6.erresse-shop.it\/es\/shop\/tabla\/teteras-azucareras-jarras-de-leche\/staub-tetera-redonda-azul-oscuro\/","og_site_name":"dev6 Erresse","og_image":[{"url":"https:\/\/interpim.erresse-shop.it\/Import\/Prodotti\/staub-teiera-tonda-blue-scuro.jpg","type":"","width":"","height":""},{"url":"https:\/\/interpim.erresse-shop.it\/Import\/Prodotti\/staub-teiera-tonda-blue-scuro.jpg","width":1024,"height":1024,"type":"image\/jpeg"}],"twitter_card":"summary_large_image","twitter_image":"https:\/\/interpim.erresse-shop.it\/Import\/Prodotti\/staub-teiera-tonda-blue-scuro.jpg","schema":{"@context":"https:\/\/schema.org","@graph":[{"@type":"WebPage","@id":"https:\/\/dev6.erresse-shop.it\/es\/shop\/tabla\/teteras-azucareras-jarras-de-leche\/staub-tetera-redonda-azul-oscuro\/","url":"https:\/\/dev6.erresse-shop.it\/es\/shop\/tabla\/teteras-azucareras-jarras-de-leche\/staub-tetera-redonda-azul-oscuro\/","name":"STAUB Tetera redonda azul oscuro - dev6 Erresse","isPartOf":{"@id":"https:\/\/dev6.erresse-shop.it\/#website"},"primaryImageOfPage":{"@id":"https:\/\/dev6.erresse-shop.it\/es\/shop\/tabla\/teteras-azucareras-jarras-de-leche\/staub-tetera-redonda-azul-oscuro\/#primaryimage"},"image":{"@id":"https:\/\/dev6.erresse-shop.it\/es\/shop\/tabla\/teteras-azucareras-jarras-de-leche\/staub-tetera-redonda-azul-oscuro\/#primaryimage"},"thumbnailUrl":"https:\/\/i3.wp.com\/interpim.erresse-shop.it\/Import\/Prodotti\/staub-teiera-tonda-blue-scuro.jpg?ssl=1","datePublished":"2026-04-12T11:15:45+00:00","description":"A pesar de los avances tecnol\u00f3gicos, los m\u00e9todos tradicionales suelen seguir siendo los mejores. La tetera de hierro fundido Staub retiene el calor y","breadcrumb":{"@id":"https:\/\/dev6.erresse-shop.it\/es\/shop\/tabla\/teteras-azucareras-jarras-de-leche\/staub-tetera-redonda-azul-oscuro\/#breadcrumb"},"inLanguage":"es","potentialAction":[{"@type":"ReadAction","target":["https:\/\/dev6.erresse-shop.it\/es\/shop\/tabla\/teteras-azucareras-jarras-de-leche\/staub-tetera-redonda-azul-oscuro\/"]}]},{"@type":"ImageObject","inLanguage":"es","@id":"https:\/\/dev6.erresse-shop.it\/es\/shop\/tabla\/teteras-azucareras-jarras-de-leche\/staub-tetera-redonda-azul-oscuro\/#primaryimage","url":"https:\/\/i3.wp.com\/interpim.erresse-shop.it\/Import\/Prodotti\/staub-teiera-tonda-blue-scuro.jpg?ssl=1","contentUrl":"https:\/\/i3.wp.com\/interpim.erresse-shop.it\/Import\/Prodotti\/staub-teiera-tonda-blue-scuro.jpg?ssl=1"},{"@type":"BreadcrumbList","@id":"https:\/\/dev6.erresse-shop.it\/es\/shop\/tabla\/teteras-azucareras-jarras-de-leche\/staub-tetera-redonda-azul-oscuro\/#breadcrumb","itemListElement":[{"@type":"ListItem","position":1,"name":"Home","item":"https:\/\/dev6.erresse-shop.it\/"},{"@type":"ListItem","position":2,"name":"Tienda","item":"https:\/\/dev6.erresse-shop.it\/shop\/"},{"@type":"ListItem","position":3,"name":"STAUB Tetera redonda azul oscuro"}]},{"@type":"WebSite","@id":"https:\/\/dev6.erresse-shop.it\/#website","url":"https:\/\/dev6.erresse-shop.it\/","name":"Erresse Shop","description":"","publisher":{"@id":"https:\/\/dev6.erresse-shop.it\/#organization"},"potentialAction":[{"@type":"SearchAction","target":{"@type":"EntryPoint","urlTemplate":"https:\/\/dev6.erresse-shop.it\/?s={search_term_string}"},"query-input":{"@type":"PropertyValueSpecification","valueRequired":true,"valueName":"search_term_string"}}],"inLanguage":"es"},{"@type":"Organization","@id":"https:\/\/dev6.erresse-shop.it\/#organization","name":"Erresse Shop","url":"https:\/\/dev6.erresse-shop.it\/","logo":{"@type":"ImageObject","inLanguage":"es","@id":"https:\/\/dev6.erresse-shop.it\/#\/schema\/logo\/image\/","url":"https:\/\/dev6.erresse-shop.it\/wp-content\/uploads\/2025\/01\/LOGO-ERRESSE-CLASSICO.svg","contentUrl":"https:\/\/dev6.erresse-shop.it\/wp-content\/uploads\/2025\/01\/LOGO-ERRESSE-CLASSICO.svg","caption":"Erresse Shop"},"image":{"@id":"https:\/\/dev6.erresse-shop.it\/#\/schema\/logo\/image\/"}}]}},"df_price":149,"df_sale_price":149,"df_regular_price":219,"df_image_link":"https:\/\/i3.wp.com\/interpim.erresse-shop.it\/Import\/Prodotti\/staub-teiera-tonda-blue-scuro.jpg?resize=300,300&ssl=1","fifu_image_url":"https:\/\/interpim.erresse-shop.it\/Import\/Prodotti\/staub-teiera-tonda-blue-scuro.jpg","_links":{"self":[{"href":"https:\/\/dev6.erresse-shop.it\/es\/wp-json\/wp\/v2\/product\/1883793","targetHints":{"allow":["GET"]}}],"collection":[{"href":"https:\/\/dev6.erresse-shop.it\/es\/wp-json\/wp\/v2\/product"}],"about":[{"href":"https:\/\/dev6.erresse-shop.it\/es\/wp-json\/wp\/v2\/types\/product"}],"wp:featuredmedia":[{"embeddable":true,"href":"https:\/\/dev6.erresse-shop.it\/es\/wp-json\/wp\/v2\/media\/6376472"}],"wp:attachment":[{"href":"https:\/\/dev6.erresse-shop.it\/es\/wp-json\/wp\/v2\/media?parent=1883793"}],"wp:term":[{"taxonomy":"product_cat","embeddable":true,"href":"https:\/\/dev6.erresse-shop.it\/es\/wp-json\/wp\/v2\/product_cat?post=1883793"},{"taxonomy":"product_tag","embeddable":true,"href":"https:\/\/dev6.erresse-shop.it\/es\/wp-json\/wp\/v2\/product_tag?post=1883793"}],"curies":[{"name":"wp","href":"https:\/\/api.w.org\/{rel}","templated":true}]}}