{"id":1883763,"date":"2026-04-04T13:10:36","date_gmt":"2026-04-04T11:10:36","guid":{"rendered":"https:\/\/dev6.erresse-shop.it\/shop\/sin%20categor\u00eda\/mario-luca-giusti-copa-de-vino-panza-6-piezas-verde\/"},"modified":"2026-03-03T17:06:03","modified_gmt":"2026-03-03T16:06:03","slug":"mario-luca-giusti-copa-de-vino-panza-6-piezas-verde","status":"publish","type":"product","link":"https:\/\/dev6.erresse-shop.it\/es\/shop\/tabla\/vasos\/mario-luca-giusti-copa-de-vino-panza-6-piezas-verde\/","title":{"rendered":"MARIO LUCA GIUSTI Copa de Vino Panza 6 Piezas Verde"},"content":{"rendered":"<p>Dimensiones<br \/>\nAltura 16,5 cm<br \/>\nDi\u00e1metro 9 cm<br \/>\nCapacidad 200 ml<br \/>\npeso 198 gr<\/p>\n<p>Instrucciones para este producto<\/p>\n<p>probado por T\u00dcV, SGS, Intertek<br \/>\nabsolutamente ins\u00edpido e inodoro<br \/>\nSin BPA<br \/>\nNo indestructible<br \/>\nResistente desde -10\u00b0C hasta 50\u00b0C<br \/>\ncongelable<br \/>\nSe recomienda lavar a mano para aumentar la vida \u00fatil del producto<br \/>\nno usar en lavavajillas<br \/>\nno apto para microondas<br \/>\nUtilice \u00fanicamente detergentes neutros y materiales no abrasivos<\/p>\n<p>Lo siguiente puede\u00a0descolorar el producto o hacer que pierda su brillo a largo plazo:<\/p>\n<p>Dejar los productos durante un largo periodo de tiempo a altas temperaturas y alta humedad<br \/>\nDosis incorrecta de detergente<br \/>\nUtilizar un limpiador que contenga protecci\u00f3n para aluminio o metales.<br \/>\nLos productos l\u00e1cteos, el caf\u00e9, el cacao, el t\u00e9 o el alcohol pueden dejar un anillo en el vidrio si se dejan durante la noche. Lave el vidrio con agua tibia y jab\u00f3n inmediatamente despu\u00e9s de su uso, l\u00e1velo a mano o utilice nuestro producto de limpieza. Quite el polvo regularmente.<\/p>\n","protected":false},"excerpt":{"rendered":"<p>Dimensiones Altura 16,5 cm Di\u00e1metro 9 cm Capacidad 200 ml peso 198 gr Instrucciones para este producto probado por T\u00dcV, SGS, Intertek absolutamente ins\u00edpido e inodoro Sin BPA No indestructible Resistente desde -10\u00b0C hasta 50\u00b0C congelable Se recomienda lavar a mano para aumentar la vida \u00fatil del producto no usar en lavavajillas no apto para [&hellip;]<\/p>\n","protected":false},"featured_media":6293085,"template":"","meta":{"_acf_changed":false},"product_cat":[11887,11901],"product_tag":[],"class_list":{"0":"post-1883763","1":"product","2":"type-product","3":"status-publish","4":"has-post-thumbnail","6":"product_cat-tabla","7":"product_cat-vasos","9":"first","10":"instock","11":"taxable","12":"shipping-taxable","13":"purchasable","14":"product-type-simple","swatches":"rey-swatches","show_selected":"","stretch_labels":"rey-swatches--stretch-labels"},"acf":[],"yoast_head":"<!-- This site is optimized with the Yoast SEO plugin v25.4 - https:\/\/yoast.com\/wordpress\/plugins\/seo\/ -->\n<title>MARIO LUCA GIUSTI Copa de Vino Panza 6 Piezas Verde - dev6 Erresse<\/title>\n<meta name=\"description\" content=\"Dimensiones Altura 16,5 cm Di\u00e1metro 9 cm Capacidad 200 ml peso 198 gr Instrucciones para este producto probado por T\u00dcV, SGS, Intertek absolutamente\" \/>\n<meta name=\"robots\" content=\"noindex, follow, max-snippet:-1, max-image-preview:large, max-video-preview:-1\" \/>\n<meta property=\"og:locale\" content=\"es_ES\" \/>\n<meta property=\"og:type\" content=\"article\" \/>\n<meta property=\"og:title\" content=\"MARIO LUCA GIUSTI Copa de Vino Panza 6 Piezas Verde - dev6 Erresse\" \/>\n<meta property=\"og:description\" content=\"Dimensiones Altura 16,5 cm Di\u00e1metro 9 cm Capacidad 200 ml peso 198 gr Instrucciones para este producto probado por T\u00dcV, SGS, Intertek absolutamente\" \/>\n<meta property=\"og:url\" content=\"https:\/\/dev6.erresse-shop.it\/es\/shop\/tabla\/vasos\/mario-luca-giusti-copa-de-vino-panza-6-piezas-verde\/\" \/>\n<meta property=\"og:site_name\" content=\"dev6 Erresse\" \/>\n<meta property=\"og:image\" content=\"https:\/\/interpim.erresse-shop.it\/Import\/Prodotti\/mario-luca-giusti-panza-calice-vino-6-pezzi-verde.jpg\" \/><meta property=\"og:image\" content=\"https:\/\/interpim.erresse-shop.it\/Import\/Prodotti\/mario-luca-giusti-panza-calice-vino-6-pezzi-verde.jpg\" \/>\n\t<meta property=\"og:image:width\" content=\"1024\" \/>\n\t<meta property=\"og:image:height\" content=\"1024\" \/>\n\t<meta property=\"og:image:type\" content=\"image\/jpeg\" \/>\n<meta name=\"twitter:card\" content=\"summary_large_image\" \/>\n<meta name=\"twitter:image\" content=\"https:\/\/interpim.erresse-shop.it\/Import\/Prodotti\/mario-luca-giusti-panza-calice-vino-6-pezzi-verde.jpg\" \/>\n<script type=\"application\/ld+json\" class=\"yoast-schema-graph\">{\"@context\":\"https:\/\/schema.org\",\"@graph\":[{\"@type\":\"WebPage\",\"@id\":\"https:\/\/dev6.erresse-shop.it\/es\/shop\/tabla\/vasos\/mario-luca-giusti-copa-de-vino-panza-6-piezas-verde\/\",\"url\":\"https:\/\/dev6.erresse-shop.it\/es\/shop\/tabla\/vasos\/mario-luca-giusti-copa-de-vino-panza-6-piezas-verde\/\",\"name\":\"MARIO LUCA GIUSTI Copa de Vino Panza 6 Piezas Verde - dev6 Erresse\",\"isPartOf\":{\"@id\":\"https:\/\/dev6.erresse-shop.it\/#website\"},\"primaryImageOfPage\":{\"@id\":\"https:\/\/dev6.erresse-shop.it\/es\/shop\/tabla\/vasos\/mario-luca-giusti-copa-de-vino-panza-6-piezas-verde\/#primaryimage\"},\"image\":{\"@id\":\"https:\/\/dev6.erresse-shop.it\/es\/shop\/tabla\/vasos\/mario-luca-giusti-copa-de-vino-panza-6-piezas-verde\/#primaryimage\"},\"thumbnailUrl\":\"https:\/\/i3.wp.com\/interpim.erresse-shop.it\/Import\/Prodotti\/mario-luca-giusti-panza-calice-vino-6-pezzi-verde.jpg?ssl=1\",\"datePublished\":\"2026-04-04T11:10:36+00:00\",\"description\":\"Dimensiones Altura 16,5 cm Di\u00e1metro 9 cm Capacidad 200 ml peso 198 gr Instrucciones para este producto probado por T\u00dcV, SGS, Intertek absolutamente\",\"breadcrumb\":{\"@id\":\"https:\/\/dev6.erresse-shop.it\/es\/shop\/tabla\/vasos\/mario-luca-giusti-copa-de-vino-panza-6-piezas-verde\/#breadcrumb\"},\"inLanguage\":\"es\",\"potentialAction\":[{\"@type\":\"ReadAction\",\"target\":[\"https:\/\/dev6.erresse-shop.it\/es\/shop\/tabla\/vasos\/mario-luca-giusti-copa-de-vino-panza-6-piezas-verde\/\"]}]},{\"@type\":\"ImageObject\",\"inLanguage\":\"es\",\"@id\":\"https:\/\/dev6.erresse-shop.it\/es\/shop\/tabla\/vasos\/mario-luca-giusti-copa-de-vino-panza-6-piezas-verde\/#primaryimage\",\"url\":\"https:\/\/i3.wp.com\/interpim.erresse-shop.it\/Import\/Prodotti\/mario-luca-giusti-panza-calice-vino-6-pezzi-verde.jpg?ssl=1\",\"contentUrl\":\"https:\/\/i3.wp.com\/interpim.erresse-shop.it\/Import\/Prodotti\/mario-luca-giusti-panza-calice-vino-6-pezzi-verde.jpg?ssl=1\"},{\"@type\":\"BreadcrumbList\",\"@id\":\"https:\/\/dev6.erresse-shop.it\/es\/shop\/tabla\/vasos\/mario-luca-giusti-copa-de-vino-panza-6-piezas-verde\/#breadcrumb\",\"itemListElement\":[{\"@type\":\"ListItem\",\"position\":1,\"name\":\"Home\",\"item\":\"https:\/\/dev6.erresse-shop.it\/\"},{\"@type\":\"ListItem\",\"position\":2,\"name\":\"Tienda\",\"item\":\"https:\/\/dev6.erresse-shop.it\/shop\/\"},{\"@type\":\"ListItem\",\"position\":3,\"name\":\"MARIO LUCA GIUSTI Copa de Vino Panza 6 Piezas Verde\"}]},{\"@type\":\"WebSite\",\"@id\":\"https:\/\/dev6.erresse-shop.it\/#website\",\"url\":\"https:\/\/dev6.erresse-shop.it\/\",\"name\":\"Erresse Shop\",\"description\":\"\",\"publisher\":{\"@id\":\"https:\/\/dev6.erresse-shop.it\/#organization\"},\"potentialAction\":[{\"@type\":\"SearchAction\",\"target\":{\"@type\":\"EntryPoint\",\"urlTemplate\":\"https:\/\/dev6.erresse-shop.it\/?s={search_term_string}\"},\"query-input\":{\"@type\":\"PropertyValueSpecification\",\"valueRequired\":true,\"valueName\":\"search_term_string\"}}],\"inLanguage\":\"es\"},{\"@type\":\"Organization\",\"@id\":\"https:\/\/dev6.erresse-shop.it\/#organization\",\"name\":\"Erresse Shop\",\"url\":\"https:\/\/dev6.erresse-shop.it\/\",\"logo\":{\"@type\":\"ImageObject\",\"inLanguage\":\"es\",\"@id\":\"https:\/\/dev6.erresse-shop.it\/#\/schema\/logo\/image\/\",\"url\":\"https:\/\/dev6.erresse-shop.it\/wp-content\/uploads\/2025\/01\/LOGO-ERRESSE-CLASSICO.svg\",\"contentUrl\":\"https:\/\/dev6.erresse-shop.it\/wp-content\/uploads\/2025\/01\/LOGO-ERRESSE-CLASSICO.svg\",\"caption\":\"Erresse Shop\"},\"image\":{\"@id\":\"https:\/\/dev6.erresse-shop.it\/#\/schema\/logo\/image\/\"}}]}<\/script>\n<!-- \/ Yoast SEO plugin. -->","yoast_head_json":{"title":"MARIO LUCA GIUSTI Copa de Vino Panza 6 Piezas Verde - dev6 Erresse","description":"Dimensiones Altura 16,5 cm Di\u00e1metro 9 cm Capacidad 200 ml peso 198 gr Instrucciones para este producto probado por T\u00dcV, SGS, Intertek absolutamente","robots":{"index":"noindex","follow":"follow","max-snippet":"max-snippet:-1","max-image-preview":"max-image-preview:large","max-video-preview":"max-video-preview:-1"},"og_locale":"es_ES","og_type":"article","og_title":"MARIO LUCA GIUSTI Copa de Vino Panza 6 Piezas Verde - dev6 Erresse","og_description":"Dimensiones Altura 16,5 cm Di\u00e1metro 9 cm Capacidad 200 ml peso 198 gr Instrucciones para este producto probado por T\u00dcV, SGS, Intertek absolutamente","og_url":"https:\/\/dev6.erresse-shop.it\/es\/shop\/tabla\/vasos\/mario-luca-giusti-copa-de-vino-panza-6-piezas-verde\/","og_site_name":"dev6 Erresse","og_image":[{"url":"https:\/\/interpim.erresse-shop.it\/Import\/Prodotti\/mario-luca-giusti-panza-calice-vino-6-pezzi-verde.jpg","type":"","width":"","height":""},{"url":"https:\/\/interpim.erresse-shop.it\/Import\/Prodotti\/mario-luca-giusti-panza-calice-vino-6-pezzi-verde.jpg","width":1024,"height":1024,"type":"image\/jpeg"}],"twitter_card":"summary_large_image","twitter_image":"https:\/\/interpim.erresse-shop.it\/Import\/Prodotti\/mario-luca-giusti-panza-calice-vino-6-pezzi-verde.jpg","schema":{"@context":"https:\/\/schema.org","@graph":[{"@type":"WebPage","@id":"https:\/\/dev6.erresse-shop.it\/es\/shop\/tabla\/vasos\/mario-luca-giusti-copa-de-vino-panza-6-piezas-verde\/","url":"https:\/\/dev6.erresse-shop.it\/es\/shop\/tabla\/vasos\/mario-luca-giusti-copa-de-vino-panza-6-piezas-verde\/","name":"MARIO LUCA GIUSTI Copa de Vino Panza 6 Piezas Verde - dev6 Erresse","isPartOf":{"@id":"https:\/\/dev6.erresse-shop.it\/#website"},"primaryImageOfPage":{"@id":"https:\/\/dev6.erresse-shop.it\/es\/shop\/tabla\/vasos\/mario-luca-giusti-copa-de-vino-panza-6-piezas-verde\/#primaryimage"},"image":{"@id":"https:\/\/dev6.erresse-shop.it\/es\/shop\/tabla\/vasos\/mario-luca-giusti-copa-de-vino-panza-6-piezas-verde\/#primaryimage"},"thumbnailUrl":"https:\/\/i3.wp.com\/interpim.erresse-shop.it\/Import\/Prodotti\/mario-luca-giusti-panza-calice-vino-6-pezzi-verde.jpg?ssl=1","datePublished":"2026-04-04T11:10:36+00:00","description":"Dimensiones Altura 16,5 cm Di\u00e1metro 9 cm Capacidad 200 ml peso 198 gr Instrucciones para este producto probado por T\u00dcV, SGS, Intertek absolutamente","breadcrumb":{"@id":"https:\/\/dev6.erresse-shop.it\/es\/shop\/tabla\/vasos\/mario-luca-giusti-copa-de-vino-panza-6-piezas-verde\/#breadcrumb"},"inLanguage":"es","potentialAction":[{"@type":"ReadAction","target":["https:\/\/dev6.erresse-shop.it\/es\/shop\/tabla\/vasos\/mario-luca-giusti-copa-de-vino-panza-6-piezas-verde\/"]}]},{"@type":"ImageObject","inLanguage":"es","@id":"https:\/\/dev6.erresse-shop.it\/es\/shop\/tabla\/vasos\/mario-luca-giusti-copa-de-vino-panza-6-piezas-verde\/#primaryimage","url":"https:\/\/i3.wp.com\/interpim.erresse-shop.it\/Import\/Prodotti\/mario-luca-giusti-panza-calice-vino-6-pezzi-verde.jpg?ssl=1","contentUrl":"https:\/\/i3.wp.com\/interpim.erresse-shop.it\/Import\/Prodotti\/mario-luca-giusti-panza-calice-vino-6-pezzi-verde.jpg?ssl=1"},{"@type":"BreadcrumbList","@id":"https:\/\/dev6.erresse-shop.it\/es\/shop\/tabla\/vasos\/mario-luca-giusti-copa-de-vino-panza-6-piezas-verde\/#breadcrumb","itemListElement":[{"@type":"ListItem","position":1,"name":"Home","item":"https:\/\/dev6.erresse-shop.it\/"},{"@type":"ListItem","position":2,"name":"Tienda","item":"https:\/\/dev6.erresse-shop.it\/shop\/"},{"@type":"ListItem","position":3,"name":"MARIO LUCA GIUSTI Copa de Vino Panza 6 Piezas Verde"}]},{"@type":"WebSite","@id":"https:\/\/dev6.erresse-shop.it\/#website","url":"https:\/\/dev6.erresse-shop.it\/","name":"Erresse Shop","description":"","publisher":{"@id":"https:\/\/dev6.erresse-shop.it\/#organization"},"potentialAction":[{"@type":"SearchAction","target":{"@type":"EntryPoint","urlTemplate":"https:\/\/dev6.erresse-shop.it\/?s={search_term_string}"},"query-input":{"@type":"PropertyValueSpecification","valueRequired":true,"valueName":"search_term_string"}}],"inLanguage":"es"},{"@type":"Organization","@id":"https:\/\/dev6.erresse-shop.it\/#organization","name":"Erresse Shop","url":"https:\/\/dev6.erresse-shop.it\/","logo":{"@type":"ImageObject","inLanguage":"es","@id":"https:\/\/dev6.erresse-shop.it\/#\/schema\/logo\/image\/","url":"https:\/\/dev6.erresse-shop.it\/wp-content\/uploads\/2025\/01\/LOGO-ERRESSE-CLASSICO.svg","contentUrl":"https:\/\/dev6.erresse-shop.it\/wp-content\/uploads\/2025\/01\/LOGO-ERRESSE-CLASSICO.svg","caption":"Erresse Shop"},"image":{"@id":"https:\/\/dev6.erresse-shop.it\/#\/schema\/logo\/image\/"}}]}},"df_price":78,"df_sale_price":"","df_regular_price":78,"df_image_link":"https:\/\/i3.wp.com\/interpim.erresse-shop.it\/Import\/Prodotti\/mario-luca-giusti-panza-calice-vino-6-pezzi-verde.jpg?resize=300,300&ssl=1","fifu_image_url":"https:\/\/interpim.erresse-shop.it\/Import\/Prodotti\/mario-luca-giusti-panza-calice-vino-6-pezzi-verde.jpg","_links":{"self":[{"href":"https:\/\/dev6.erresse-shop.it\/es\/wp-json\/wp\/v2\/product\/1883763","targetHints":{"allow":["GET"]}}],"collection":[{"href":"https:\/\/dev6.erresse-shop.it\/es\/wp-json\/wp\/v2\/product"}],"about":[{"href":"https:\/\/dev6.erresse-shop.it\/es\/wp-json\/wp\/v2\/types\/product"}],"wp:featuredmedia":[{"embeddable":true,"href":"https:\/\/dev6.erresse-shop.it\/es\/wp-json\/wp\/v2\/media\/6293085"}],"wp:attachment":[{"href":"https:\/\/dev6.erresse-shop.it\/es\/wp-json\/wp\/v2\/media?parent=1883763"}],"wp:term":[{"taxonomy":"product_cat","embeddable":true,"href":"https:\/\/dev6.erresse-shop.it\/es\/wp-json\/wp\/v2\/product_cat?post=1883763"},{"taxonomy":"product_tag","embeddable":true,"href":"https:\/\/dev6.erresse-shop.it\/es\/wp-json\/wp\/v2\/product_tag?post=1883763"}],"curies":[{"name":"wp","href":"https:\/\/api.w.org\/{rel}","templated":true}]}}