{"id":1883747,"date":"2026-04-12T13:13:04","date_gmt":"2026-04-12T11:13:04","guid":{"rendered":"https:\/\/dev6.erresse-shop.it\/shop\/sin%20categor\u00eda\/ooni-sarten-de-hierro-fundido\/"},"modified":"2025-09-14T10:23:37","modified_gmt":"2025-09-14T08:23:37","slug":"ooni-sarten-de-hierro-fundido","status":"publish","type":"product","link":"https:\/\/dev6.erresse-shop.it\/es\/shop\/pequenos-electrodomesticos\/hornos\/ooni-sarten-de-hierro-fundido\/","title":{"rendered":"OONI Sart\u00e9n de hierro fundido"},"content":{"rendered":"<p>Descubre la c\u00f3moda plancha Ooni y presenta tus recetas de una forma totalmente nueva<\/p>\n<p>La sart\u00e9n redonda lisa Ooni es el accesorio ideal para cocinar carne, pescado, verduras y muchos otros platos. Su superficie lisa permite una cocci\u00f3n uniforme y permite aprovechar al m\u00e1ximo la capacidad calor\u00edfica de los hornos Ooni. Ya sea que est\u00e9 cocinando una comida abundante o preparando una cena ligera, esta sart\u00e9n es la soluci\u00f3n perfecta para lograr resultados profesionales en casa.<\/p>\n<p>Mango extra\u00edble para una comodidad inigualable<br \/>\nLa sart\u00e9n Ooni viene con un mango extra\u00edble de dise\u00f1o exclusivo que la hace muy c\u00f3moda de usar. El mango permite mover la sart\u00e9n con facilidad y seguridad, y es perfecto para llevar platos calientes directamente a la mesa. Esta sart\u00e9n no s\u00f3lo es funcional sino tambi\u00e9n elegante, y a\u00f1ade un toque de estilo a tu cocina.<\/p>\n<p>Base de madera para servir con estilo<br \/>\nCada sart\u00e9n viene con una base de madera de haya que tambi\u00e9n se puede utilizar como tabla de cortar. Esta base es perfecta para servir tus platos de forma elegante y segura, protegiendo las superficies de posibles da\u00f1os causados \u200b\u200bpor el calor. La combinaci\u00f3n de hierro fundido y madera hace de esta sart\u00e9n un accesorio indispensable para cualquier cocina.<\/p>\n<p>Compatibilidad con todos los hornos Ooni<br \/>\nLa sart\u00e9n redonda lisa Ooni es compatible con todos los hornos de pizza Ooni, lo que la hace perfecta para cualquier ocasi\u00f3n. El hierro fundido retiene el calor durante mucho tiempo, lo que garantiza una cocci\u00f3n \u00f3ptima, ya sea que utilice un horno de le\u00f1a, un horno de gas o un horno de carb\u00f3n Ooni. El rendimiento es excelente en todas las condiciones, para obtener platos perfectos en todo momento.<\/p>\n<p>Caracter\u00edsticas t\u00e9cnicas y practicidad<br \/>\nLa sart\u00e9n Ooni tiene una superficie de cocci\u00f3n de 23 cm de di\u00e1metro, ideal para preparar porciones individuales o cocinar varios ingredientes a la vez. Con unas medidas de 42 x 25 x 4 cm y un peso de 2,9 kg, es lo suficientemente resistente para un uso intensivo, pero lo suficientemente ligero para manipularlo sin fatiga. Perfecta para una amplia variedad de platos, esta sart\u00e9n es imprescindible para cualquier entusiasta de la cocina.<\/p>\n","protected":false},"excerpt":{"rendered":"<p>Descubre la c\u00f3moda plancha Ooni y presenta tus recetas de una forma totalmente nueva La sart\u00e9n redonda lisa Ooni es el accesorio ideal para cocinar carne, pescado, verduras y muchos otros platos. Su superficie lisa permite una cocci\u00f3n uniforme y permite aprovechar al m\u00e1ximo la capacidad calor\u00edfica de los hornos Ooni. Ya sea que est\u00e9 [&hellip;]<\/p>\n","protected":false},"featured_media":6376312,"template":"","meta":{"_acf_changed":false},"product_cat":[11977,11883],"product_tag":[],"class_list":{"0":"post-1883747","1":"product","2":"type-product","3":"status-publish","4":"has-post-thumbnail","6":"product_cat-hornos","7":"product_cat-sartenes-y-ollas","9":"first","10":"instock","11":"taxable","12":"shipping-taxable","13":"purchasable","14":"product-type-simple","swatches":"rey-swatches","show_selected":"","stretch_labels":"rey-swatches--stretch-labels"},"acf":[],"yoast_head":"<!-- This site is optimized with the Yoast SEO plugin v25.4 - https:\/\/yoast.com\/wordpress\/plugins\/seo\/ -->\n<title>OONI Sart\u00e9n de hierro fundido - dev6 Erresse<\/title>\n<meta name=\"description\" content=\"Descubre la c\u00f3moda plancha Ooni y presenta tus recetas de una forma totalmente nueva La sart\u00e9n redonda lisa Ooni es el accesorio ideal para cocinar carne,\" \/>\n<meta name=\"robots\" content=\"noindex, follow, max-snippet:-1, max-image-preview:large, max-video-preview:-1\" \/>\n<meta property=\"og:locale\" content=\"es_ES\" \/>\n<meta property=\"og:type\" content=\"article\" \/>\n<meta property=\"og:title\" content=\"OONI Sart\u00e9n de hierro fundido - dev6 Erresse\" \/>\n<meta property=\"og:description\" content=\"Descubre la c\u00f3moda plancha Ooni y presenta tus recetas de una forma totalmente nueva La sart\u00e9n redonda lisa Ooni es el accesorio ideal para cocinar carne,\" \/>\n<meta property=\"og:url\" content=\"https:\/\/dev6.erresse-shop.it\/es\/shop\/pequenos-electrodomesticos\/hornos\/ooni-sarten-de-hierro-fundido\/\" \/>\n<meta property=\"og:site_name\" content=\"dev6 Erresse\" \/>\n<meta property=\"og:image\" content=\"https:\/\/interpim.erresse-shop.it\/Import\/Prodotti\/ooni-padella-in-ghisa.jpg\" \/><meta property=\"og:image\" content=\"https:\/\/interpim.erresse-shop.it\/Import\/Prodotti\/ooni-padella-in-ghisa.jpg\" \/>\n\t<meta property=\"og:image:width\" content=\"1024\" \/>\n\t<meta property=\"og:image:height\" content=\"1024\" \/>\n\t<meta property=\"og:image:type\" content=\"image\/jpeg\" \/>\n<meta name=\"twitter:card\" content=\"summary_large_image\" \/>\n<meta name=\"twitter:image\" content=\"https:\/\/interpim.erresse-shop.it\/Import\/Prodotti\/ooni-padella-in-ghisa.jpg\" \/>\n<script type=\"application\/ld+json\" class=\"yoast-schema-graph\">{\"@context\":\"https:\/\/schema.org\",\"@graph\":[{\"@type\":\"WebPage\",\"@id\":\"https:\/\/dev6.erresse-shop.it\/es\/shop\/pequenos-electrodomesticos\/hornos\/ooni-sarten-de-hierro-fundido\/\",\"url\":\"https:\/\/dev6.erresse-shop.it\/es\/shop\/pequenos-electrodomesticos\/hornos\/ooni-sarten-de-hierro-fundido\/\",\"name\":\"OONI Sart\u00e9n de hierro fundido - dev6 Erresse\",\"isPartOf\":{\"@id\":\"https:\/\/dev6.erresse-shop.it\/#website\"},\"primaryImageOfPage\":{\"@id\":\"https:\/\/dev6.erresse-shop.it\/es\/shop\/pequenos-electrodomesticos\/hornos\/ooni-sarten-de-hierro-fundido\/#primaryimage\"},\"image\":{\"@id\":\"https:\/\/dev6.erresse-shop.it\/es\/shop\/pequenos-electrodomesticos\/hornos\/ooni-sarten-de-hierro-fundido\/#primaryimage\"},\"thumbnailUrl\":\"https:\/\/i3.wp.com\/interpim.erresse-shop.it\/Import\/Prodotti\/ooni-padella-in-ghisa.jpg?ssl=1\",\"datePublished\":\"2026-04-12T11:13:04+00:00\",\"description\":\"Descubre la c\u00f3moda plancha Ooni y presenta tus recetas de una forma totalmente nueva La sart\u00e9n redonda lisa Ooni es el accesorio ideal para cocinar carne,\",\"breadcrumb\":{\"@id\":\"https:\/\/dev6.erresse-shop.it\/es\/shop\/pequenos-electrodomesticos\/hornos\/ooni-sarten-de-hierro-fundido\/#breadcrumb\"},\"inLanguage\":\"es\",\"potentialAction\":[{\"@type\":\"ReadAction\",\"target\":[\"https:\/\/dev6.erresse-shop.it\/es\/shop\/pequenos-electrodomesticos\/hornos\/ooni-sarten-de-hierro-fundido\/\"]}]},{\"@type\":\"ImageObject\",\"inLanguage\":\"es\",\"@id\":\"https:\/\/dev6.erresse-shop.it\/es\/shop\/pequenos-electrodomesticos\/hornos\/ooni-sarten-de-hierro-fundido\/#primaryimage\",\"url\":\"https:\/\/i3.wp.com\/interpim.erresse-shop.it\/Import\/Prodotti\/ooni-padella-in-ghisa.jpg?ssl=1\",\"contentUrl\":\"https:\/\/i3.wp.com\/interpim.erresse-shop.it\/Import\/Prodotti\/ooni-padella-in-ghisa.jpg?ssl=1\"},{\"@type\":\"BreadcrumbList\",\"@id\":\"https:\/\/dev6.erresse-shop.it\/es\/shop\/pequenos-electrodomesticos\/hornos\/ooni-sarten-de-hierro-fundido\/#breadcrumb\",\"itemListElement\":[{\"@type\":\"ListItem\",\"position\":1,\"name\":\"Home\",\"item\":\"https:\/\/dev6.erresse-shop.it\/\"},{\"@type\":\"ListItem\",\"position\":2,\"name\":\"Tienda\",\"item\":\"https:\/\/dev6.erresse-shop.it\/shop\/\"},{\"@type\":\"ListItem\",\"position\":3,\"name\":\"OONI Sart\u00e9n de hierro fundido\"}]},{\"@type\":\"WebSite\",\"@id\":\"https:\/\/dev6.erresse-shop.it\/#website\",\"url\":\"https:\/\/dev6.erresse-shop.it\/\",\"name\":\"Erresse Shop\",\"description\":\"\",\"publisher\":{\"@id\":\"https:\/\/dev6.erresse-shop.it\/#organization\"},\"potentialAction\":[{\"@type\":\"SearchAction\",\"target\":{\"@type\":\"EntryPoint\",\"urlTemplate\":\"https:\/\/dev6.erresse-shop.it\/?s={search_term_string}\"},\"query-input\":{\"@type\":\"PropertyValueSpecification\",\"valueRequired\":true,\"valueName\":\"search_term_string\"}}],\"inLanguage\":\"es\"},{\"@type\":\"Organization\",\"@id\":\"https:\/\/dev6.erresse-shop.it\/#organization\",\"name\":\"Erresse Shop\",\"url\":\"https:\/\/dev6.erresse-shop.it\/\",\"logo\":{\"@type\":\"ImageObject\",\"inLanguage\":\"es\",\"@id\":\"https:\/\/dev6.erresse-shop.it\/#\/schema\/logo\/image\/\",\"url\":\"https:\/\/dev6.erresse-shop.it\/wp-content\/uploads\/2025\/01\/LOGO-ERRESSE-CLASSICO.svg\",\"contentUrl\":\"https:\/\/dev6.erresse-shop.it\/wp-content\/uploads\/2025\/01\/LOGO-ERRESSE-CLASSICO.svg\",\"caption\":\"Erresse Shop\"},\"image\":{\"@id\":\"https:\/\/dev6.erresse-shop.it\/#\/schema\/logo\/image\/\"}}]}<\/script>\n<!-- \/ Yoast SEO plugin. -->","yoast_head_json":{"title":"OONI Sart\u00e9n de hierro fundido - dev6 Erresse","description":"Descubre la c\u00f3moda plancha Ooni y presenta tus recetas de una forma totalmente nueva La sart\u00e9n redonda lisa Ooni es el accesorio ideal para cocinar carne,","robots":{"index":"noindex","follow":"follow","max-snippet":"max-snippet:-1","max-image-preview":"max-image-preview:large","max-video-preview":"max-video-preview:-1"},"og_locale":"es_ES","og_type":"article","og_title":"OONI Sart\u00e9n de hierro fundido - dev6 Erresse","og_description":"Descubre la c\u00f3moda plancha Ooni y presenta tus recetas de una forma totalmente nueva La sart\u00e9n redonda lisa Ooni es el accesorio ideal para cocinar carne,","og_url":"https:\/\/dev6.erresse-shop.it\/es\/shop\/pequenos-electrodomesticos\/hornos\/ooni-sarten-de-hierro-fundido\/","og_site_name":"dev6 Erresse","og_image":[{"url":"https:\/\/interpim.erresse-shop.it\/Import\/Prodotti\/ooni-padella-in-ghisa.jpg","type":"","width":"","height":""},{"url":"https:\/\/interpim.erresse-shop.it\/Import\/Prodotti\/ooni-padella-in-ghisa.jpg","width":1024,"height":1024,"type":"image\/jpeg"}],"twitter_card":"summary_large_image","twitter_image":"https:\/\/interpim.erresse-shop.it\/Import\/Prodotti\/ooni-padella-in-ghisa.jpg","schema":{"@context":"https:\/\/schema.org","@graph":[{"@type":"WebPage","@id":"https:\/\/dev6.erresse-shop.it\/es\/shop\/pequenos-electrodomesticos\/hornos\/ooni-sarten-de-hierro-fundido\/","url":"https:\/\/dev6.erresse-shop.it\/es\/shop\/pequenos-electrodomesticos\/hornos\/ooni-sarten-de-hierro-fundido\/","name":"OONI Sart\u00e9n de hierro fundido - dev6 Erresse","isPartOf":{"@id":"https:\/\/dev6.erresse-shop.it\/#website"},"primaryImageOfPage":{"@id":"https:\/\/dev6.erresse-shop.it\/es\/shop\/pequenos-electrodomesticos\/hornos\/ooni-sarten-de-hierro-fundido\/#primaryimage"},"image":{"@id":"https:\/\/dev6.erresse-shop.it\/es\/shop\/pequenos-electrodomesticos\/hornos\/ooni-sarten-de-hierro-fundido\/#primaryimage"},"thumbnailUrl":"https:\/\/i3.wp.com\/interpim.erresse-shop.it\/Import\/Prodotti\/ooni-padella-in-ghisa.jpg?ssl=1","datePublished":"2026-04-12T11:13:04+00:00","description":"Descubre la c\u00f3moda plancha Ooni y presenta tus recetas de una forma totalmente nueva La sart\u00e9n redonda lisa Ooni es el accesorio ideal para cocinar carne,","breadcrumb":{"@id":"https:\/\/dev6.erresse-shop.it\/es\/shop\/pequenos-electrodomesticos\/hornos\/ooni-sarten-de-hierro-fundido\/#breadcrumb"},"inLanguage":"es","potentialAction":[{"@type":"ReadAction","target":["https:\/\/dev6.erresse-shop.it\/es\/shop\/pequenos-electrodomesticos\/hornos\/ooni-sarten-de-hierro-fundido\/"]}]},{"@type":"ImageObject","inLanguage":"es","@id":"https:\/\/dev6.erresse-shop.it\/es\/shop\/pequenos-electrodomesticos\/hornos\/ooni-sarten-de-hierro-fundido\/#primaryimage","url":"https:\/\/i3.wp.com\/interpim.erresse-shop.it\/Import\/Prodotti\/ooni-padella-in-ghisa.jpg?ssl=1","contentUrl":"https:\/\/i3.wp.com\/interpim.erresse-shop.it\/Import\/Prodotti\/ooni-padella-in-ghisa.jpg?ssl=1"},{"@type":"BreadcrumbList","@id":"https:\/\/dev6.erresse-shop.it\/es\/shop\/pequenos-electrodomesticos\/hornos\/ooni-sarten-de-hierro-fundido\/#breadcrumb","itemListElement":[{"@type":"ListItem","position":1,"name":"Home","item":"https:\/\/dev6.erresse-shop.it\/"},{"@type":"ListItem","position":2,"name":"Tienda","item":"https:\/\/dev6.erresse-shop.it\/shop\/"},{"@type":"ListItem","position":3,"name":"OONI Sart\u00e9n de hierro fundido"}]},{"@type":"WebSite","@id":"https:\/\/dev6.erresse-shop.it\/#website","url":"https:\/\/dev6.erresse-shop.it\/","name":"Erresse Shop","description":"","publisher":{"@id":"https:\/\/dev6.erresse-shop.it\/#organization"},"potentialAction":[{"@type":"SearchAction","target":{"@type":"EntryPoint","urlTemplate":"https:\/\/dev6.erresse-shop.it\/?s={search_term_string}"},"query-input":{"@type":"PropertyValueSpecification","valueRequired":true,"valueName":"search_term_string"}}],"inLanguage":"es"},{"@type":"Organization","@id":"https:\/\/dev6.erresse-shop.it\/#organization","name":"Erresse Shop","url":"https:\/\/dev6.erresse-shop.it\/","logo":{"@type":"ImageObject","inLanguage":"es","@id":"https:\/\/dev6.erresse-shop.it\/#\/schema\/logo\/image\/","url":"https:\/\/dev6.erresse-shop.it\/wp-content\/uploads\/2025\/01\/LOGO-ERRESSE-CLASSICO.svg","contentUrl":"https:\/\/dev6.erresse-shop.it\/wp-content\/uploads\/2025\/01\/LOGO-ERRESSE-CLASSICO.svg","caption":"Erresse Shop"},"image":{"@id":"https:\/\/dev6.erresse-shop.it\/#\/schema\/logo\/image\/"}}]}},"df_price":54.99,"df_sale_price":"","df_regular_price":54.99,"df_image_link":"https:\/\/i3.wp.com\/interpim.erresse-shop.it\/Import\/Prodotti\/ooni-padella-in-ghisa.jpg?resize=300,300&ssl=1","fifu_image_url":"https:\/\/interpim.erresse-shop.it\/Import\/Prodotti\/ooni-padella-in-ghisa.jpg","_links":{"self":[{"href":"https:\/\/dev6.erresse-shop.it\/es\/wp-json\/wp\/v2\/product\/1883747","targetHints":{"allow":["GET"]}}],"collection":[{"href":"https:\/\/dev6.erresse-shop.it\/es\/wp-json\/wp\/v2\/product"}],"about":[{"href":"https:\/\/dev6.erresse-shop.it\/es\/wp-json\/wp\/v2\/types\/product"}],"wp:featuredmedia":[{"embeddable":true,"href":"https:\/\/dev6.erresse-shop.it\/es\/wp-json\/wp\/v2\/media\/6376312"}],"wp:attachment":[{"href":"https:\/\/dev6.erresse-shop.it\/es\/wp-json\/wp\/v2\/media?parent=1883747"}],"wp:term":[{"taxonomy":"product_cat","embeddable":true,"href":"https:\/\/dev6.erresse-shop.it\/es\/wp-json\/wp\/v2\/product_cat?post=1883747"},{"taxonomy":"product_tag","embeddable":true,"href":"https:\/\/dev6.erresse-shop.it\/es\/wp-json\/wp\/v2\/product_tag?post=1883747"}],"curies":[{"name":"wp","href":"https:\/\/api.w.org\/{rel}","templated":true}]}}