{"id":1883739,"date":"2026-04-04T13:10:36","date_gmt":"2026-04-04T11:10:36","guid":{"rendered":"https:\/\/dev6.erresse-shop.it\/shop\/sin%20categor\u00eda\/le-creuset-sarten-skillet-alta-de-hierro-fundido-26-cm-azul-caribeno\/"},"modified":"2025-11-30T17:56:49","modified_gmt":"2025-11-30T16:56:49","slug":"le-creuset-sarten-skillet-alta-de-hierro-fundido-26-cm-azul-caribeno","status":"publish","type":"product","link":"https:\/\/dev6.erresse-shop.it\/es\/shop\/sartenes-y-ollas\/le-creuset-sarten-skillet-alta-de-hierro-fundido-26-cm-azul-caribeno\/","title":{"rendered":"LE CREUSET Sart\u00e9n Skillet Alta de Hierro Fundido 26 cm Azul caribe\u00f1o"},"content":{"rendered":"<p>Esta sart\u00e9n est\u00e1 hecha de nuestro legendario hierro fundido esmaltado, por lo que se puede utilizar en el horno o en la estufa. Un aut\u00e9ntico aliado imprescindible en la cocina, dispone de un mango ergon\u00f3mico que permite moverlo f\u00e1cilmente. El pico doble se utiliza para verter y servir sin gotear. \u00bfEstas listo para servir? Llevar la comida directamente a la mesa.<\/p>\n<p>Versatilidad: Este producto es apto para horno, estufa y horno en modo grill.<br \/>\nComida de excelente sabor: el hierro fundido esmaltado retiene el calor para lograr una cocci\u00f3n y doradura uniformes. Tus deliciosas creaciones tambi\u00e9n se mantendr\u00e1n calientes durante m\u00e1s tiempo en la mesa.<br \/>\nF\u00e1cil de agarrar: las asas elegantes y c\u00f3modas le permiten levantar el producto de forma segura.<br \/>\nUna valiosa ayuda: el pr\u00e1ctico asa permite levantar f\u00e1cilmente el producto y moverlo entre la placa de cocci\u00f3n, el horno y la mesa.<br \/>\nVierta sin dudarlo: los picos laterales facilitan el vertido (sin gotear).<br \/>\nUn arco\u00edris de colores: disponible en una amplia variedad de colores, nuestra gama agregar\u00e1 un toque de color a su cocina.<br \/>\nNo demasiado caliente: cocine a fuego lento o medio constante para cuidar su producto de hierro fundido y lograr resultados deliciosos.<br \/>\nMejora con el tiempo: el interior esmaltado desarrolla una p\u00e1tina natural que act\u00faa casi como una superficie antiadherente. Su acabado tiene propiedades que evitan que los alimentos se peguen incluso con peque\u00f1as cantidades de aceite. Lave el producto \u00fanicamente con agua para permitir que se desarrolle la p\u00e1tina.<br \/>\nLo mejor en su clase: nuestros productos se elaboran con los mejores materiales en f\u00e1bricas de todo el mundo para brindar la calidad que espera de Le Creuset.<\/p>\n<p>Material: hierro fundido vitrificado<br \/>\nFabricado en: Francia<br \/>\nGarant\u00eda: de por vida<\/p>\n<p>Fuente de calor:<\/p>\n<p>Horno<br \/>\nHorno en modo grill<br \/>\nPlaca el\u00e9ctrica<br \/>\nCer\u00e1mica de vidrio<br \/>\nPlan de Gas<br \/>\nPlaca de inducci\u00f3n<\/p>\n<p>Limpieza y cuidado:<\/p>\n<p>Espere a que el producto se enfr\u00ede antes de comenzar a limpiarlo.<\/p>\n<p> Limpie cualquier residuo de la base y los lados del producto. Si hay comida pegada, llene el producto con agua tibia y jab\u00f3n y d\u00e9jelo en remojo durante 15 a 20 minutos antes de lavarlo como de costumbre.<br \/>\nNo utilice limpiadores abrasivos ni esponjas o cepillos met\u00e1licos, abrasivos o muy duros en ninguna de las superficies.<br \/>\nSecar bien despu\u00e9s del lavado y guardar en un lugar seco.<\/p>\n","protected":false},"excerpt":{"rendered":"<p>Esta sart\u00e9n est\u00e1 hecha de nuestro legendario hierro fundido esmaltado, por lo que se puede utilizar en el horno o en la estufa. Un aut\u00e9ntico aliado imprescindible en la cocina, dispone de un mango ergon\u00f3mico que permite moverlo f\u00e1cilmente. El pico doble se utiliza para verter y servir sin gotear. \u00bfEstas listo para servir? Llevar [&hellip;]<\/p>\n","protected":false},"featured_media":6293009,"template":"","meta":{"_acf_changed":false},"product_cat":[11883],"product_tag":[],"class_list":{"0":"post-1883739","1":"product","2":"type-product","3":"status-publish","4":"has-post-thumbnail","6":"product_cat-sartenes-y-ollas","8":"first","9":"instock","10":"sale","11":"taxable","12":"shipping-taxable","13":"purchasable","14":"product-type-simple","swatches":"rey-swatches","show_selected":"","stretch_labels":"rey-swatches--stretch-labels"},"acf":[],"yoast_head":"<!-- This site is optimized with the Yoast SEO plugin v25.4 - https:\/\/yoast.com\/wordpress\/plugins\/seo\/ -->\n<title>LE CREUSET Sart\u00e9n Skillet Alta de Hierro Fundido 26 cm Azul caribe\u00f1o - dev6 Erresse<\/title>\n<meta name=\"description\" content=\"Esta sart\u00e9n est\u00e1 hecha de nuestro legendario hierro fundido esmaltado, por lo que se puede utilizar en el horno o en la estufa. Un aut\u00e9ntico aliado\" \/>\n<meta name=\"robots\" content=\"noindex, follow, max-snippet:-1, max-image-preview:large, max-video-preview:-1\" \/>\n<meta property=\"og:locale\" content=\"es_ES\" \/>\n<meta property=\"og:type\" content=\"article\" \/>\n<meta property=\"og:title\" content=\"LE CREUSET Sart\u00e9n Skillet Alta de Hierro Fundido 26 cm Azul caribe\u00f1o - dev6 Erresse\" \/>\n<meta property=\"og:description\" content=\"Esta sart\u00e9n est\u00e1 hecha de nuestro legendario hierro fundido esmaltado, por lo que se puede utilizar en el horno o en la estufa. Un aut\u00e9ntico aliado\" \/>\n<meta property=\"og:url\" content=\"https:\/\/dev6.erresse-shop.it\/es\/shop\/sartenes-y-ollas\/le-creuset-sarten-skillet-alta-de-hierro-fundido-26-cm-azul-caribeno\/\" \/>\n<meta property=\"og:site_name\" content=\"dev6 Erresse\" \/>\n<meta property=\"og:image\" content=\"https:\/\/interpim.erresse-shop.it\/Import\/Prodotti\/le-creuset-padella-profonda-evolution-doppio-becco-26-cm-blu-caribe.jpg\" \/><meta property=\"og:image\" content=\"https:\/\/interpim.erresse-shop.it\/Import\/Prodotti\/le-creuset-padella-profonda-evolution-doppio-becco-26-cm-blu-caribe.jpg\" \/>\n\t<meta property=\"og:image:width\" content=\"1024\" \/>\n\t<meta property=\"og:image:height\" content=\"1024\" \/>\n\t<meta property=\"og:image:type\" content=\"image\/jpeg\" \/>\n<meta name=\"twitter:card\" content=\"summary_large_image\" \/>\n<meta name=\"twitter:image\" content=\"https:\/\/interpim.erresse-shop.it\/Import\/Prodotti\/le-creuset-padella-profonda-evolution-doppio-becco-26-cm-blu-caribe.jpg\" \/>\n<script type=\"application\/ld+json\" class=\"yoast-schema-graph\">{\"@context\":\"https:\/\/schema.org\",\"@graph\":[{\"@type\":\"WebPage\",\"@id\":\"https:\/\/dev6.erresse-shop.it\/es\/shop\/sartenes-y-ollas\/le-creuset-sarten-skillet-alta-de-hierro-fundido-26-cm-azul-caribeno\/\",\"url\":\"https:\/\/dev6.erresse-shop.it\/es\/shop\/sartenes-y-ollas\/le-creuset-sarten-skillet-alta-de-hierro-fundido-26-cm-azul-caribeno\/\",\"name\":\"LE CREUSET Sart\u00e9n Skillet Alta de Hierro Fundido 26 cm Azul caribe\u00f1o - dev6 Erresse\",\"isPartOf\":{\"@id\":\"https:\/\/dev6.erresse-shop.it\/#website\"},\"primaryImageOfPage\":{\"@id\":\"https:\/\/dev6.erresse-shop.it\/es\/shop\/sartenes-y-ollas\/le-creuset-sarten-skillet-alta-de-hierro-fundido-26-cm-azul-caribeno\/#primaryimage\"},\"image\":{\"@id\":\"https:\/\/dev6.erresse-shop.it\/es\/shop\/sartenes-y-ollas\/le-creuset-sarten-skillet-alta-de-hierro-fundido-26-cm-azul-caribeno\/#primaryimage\"},\"thumbnailUrl\":\"https:\/\/i3.wp.com\/interpim.erresse-shop.it\/Import\/Prodotti\/le-creuset-padella-profonda-evolution-doppio-becco-26-cm-blu-caribe.jpg?ssl=1\",\"datePublished\":\"2026-04-04T11:10:36+00:00\",\"description\":\"Esta sart\u00e9n est\u00e1 hecha de nuestro legendario hierro fundido esmaltado, por lo que se puede utilizar en el horno o en la estufa. Un aut\u00e9ntico aliado\",\"breadcrumb\":{\"@id\":\"https:\/\/dev6.erresse-shop.it\/es\/shop\/sartenes-y-ollas\/le-creuset-sarten-skillet-alta-de-hierro-fundido-26-cm-azul-caribeno\/#breadcrumb\"},\"inLanguage\":\"es\",\"potentialAction\":[{\"@type\":\"ReadAction\",\"target\":[\"https:\/\/dev6.erresse-shop.it\/es\/shop\/sartenes-y-ollas\/le-creuset-sarten-skillet-alta-de-hierro-fundido-26-cm-azul-caribeno\/\"]}]},{\"@type\":\"ImageObject\",\"inLanguage\":\"es\",\"@id\":\"https:\/\/dev6.erresse-shop.it\/es\/shop\/sartenes-y-ollas\/le-creuset-sarten-skillet-alta-de-hierro-fundido-26-cm-azul-caribeno\/#primaryimage\",\"url\":\"https:\/\/i3.wp.com\/interpim.erresse-shop.it\/Import\/Prodotti\/le-creuset-padella-profonda-evolution-doppio-becco-26-cm-blu-caribe.jpg?ssl=1\",\"contentUrl\":\"https:\/\/i3.wp.com\/interpim.erresse-shop.it\/Import\/Prodotti\/le-creuset-padella-profonda-evolution-doppio-becco-26-cm-blu-caribe.jpg?ssl=1\"},{\"@type\":\"BreadcrumbList\",\"@id\":\"https:\/\/dev6.erresse-shop.it\/es\/shop\/sartenes-y-ollas\/le-creuset-sarten-skillet-alta-de-hierro-fundido-26-cm-azul-caribeno\/#breadcrumb\",\"itemListElement\":[{\"@type\":\"ListItem\",\"position\":1,\"name\":\"Home\",\"item\":\"https:\/\/dev6.erresse-shop.it\/\"},{\"@type\":\"ListItem\",\"position\":2,\"name\":\"Tienda\",\"item\":\"https:\/\/dev6.erresse-shop.it\/shop\/\"},{\"@type\":\"ListItem\",\"position\":3,\"name\":\"LE CREUSET Sart\u00e9n Skillet Alta de Hierro Fundido 26 cm Azul caribe\u00f1o\"}]},{\"@type\":\"WebSite\",\"@id\":\"https:\/\/dev6.erresse-shop.it\/#website\",\"url\":\"https:\/\/dev6.erresse-shop.it\/\",\"name\":\"Erresse Shop\",\"description\":\"\",\"publisher\":{\"@id\":\"https:\/\/dev6.erresse-shop.it\/#organization\"},\"potentialAction\":[{\"@type\":\"SearchAction\",\"target\":{\"@type\":\"EntryPoint\",\"urlTemplate\":\"https:\/\/dev6.erresse-shop.it\/?s={search_term_string}\"},\"query-input\":{\"@type\":\"PropertyValueSpecification\",\"valueRequired\":true,\"valueName\":\"search_term_string\"}}],\"inLanguage\":\"es\"},{\"@type\":\"Organization\",\"@id\":\"https:\/\/dev6.erresse-shop.it\/#organization\",\"name\":\"Erresse Shop\",\"url\":\"https:\/\/dev6.erresse-shop.it\/\",\"logo\":{\"@type\":\"ImageObject\",\"inLanguage\":\"es\",\"@id\":\"https:\/\/dev6.erresse-shop.it\/#\/schema\/logo\/image\/\",\"url\":\"https:\/\/dev6.erresse-shop.it\/wp-content\/uploads\/2025\/01\/LOGO-ERRESSE-CLASSICO.svg\",\"contentUrl\":\"https:\/\/dev6.erresse-shop.it\/wp-content\/uploads\/2025\/01\/LOGO-ERRESSE-CLASSICO.svg\",\"caption\":\"Erresse Shop\"},\"image\":{\"@id\":\"https:\/\/dev6.erresse-shop.it\/#\/schema\/logo\/image\/\"}}]}<\/script>\n<!-- \/ Yoast SEO plugin. -->","yoast_head_json":{"title":"LE CREUSET Sart\u00e9n Skillet Alta de Hierro Fundido 26 cm Azul caribe\u00f1o - dev6 Erresse","description":"Esta sart\u00e9n est\u00e1 hecha de nuestro legendario hierro fundido esmaltado, por lo que se puede utilizar en el horno o en la estufa. Un aut\u00e9ntico aliado","robots":{"index":"noindex","follow":"follow","max-snippet":"max-snippet:-1","max-image-preview":"max-image-preview:large","max-video-preview":"max-video-preview:-1"},"og_locale":"es_ES","og_type":"article","og_title":"LE CREUSET Sart\u00e9n Skillet Alta de Hierro Fundido 26 cm Azul caribe\u00f1o - dev6 Erresse","og_description":"Esta sart\u00e9n est\u00e1 hecha de nuestro legendario hierro fundido esmaltado, por lo que se puede utilizar en el horno o en la estufa. Un aut\u00e9ntico aliado","og_url":"https:\/\/dev6.erresse-shop.it\/es\/shop\/sartenes-y-ollas\/le-creuset-sarten-skillet-alta-de-hierro-fundido-26-cm-azul-caribeno\/","og_site_name":"dev6 Erresse","og_image":[{"url":"https:\/\/interpim.erresse-shop.it\/Import\/Prodotti\/le-creuset-padella-profonda-evolution-doppio-becco-26-cm-blu-caribe.jpg","type":"","width":"","height":""},{"url":"https:\/\/interpim.erresse-shop.it\/Import\/Prodotti\/le-creuset-padella-profonda-evolution-doppio-becco-26-cm-blu-caribe.jpg","width":1024,"height":1024,"type":"image\/jpeg"}],"twitter_card":"summary_large_image","twitter_image":"https:\/\/interpim.erresse-shop.it\/Import\/Prodotti\/le-creuset-padella-profonda-evolution-doppio-becco-26-cm-blu-caribe.jpg","schema":{"@context":"https:\/\/schema.org","@graph":[{"@type":"WebPage","@id":"https:\/\/dev6.erresse-shop.it\/es\/shop\/sartenes-y-ollas\/le-creuset-sarten-skillet-alta-de-hierro-fundido-26-cm-azul-caribeno\/","url":"https:\/\/dev6.erresse-shop.it\/es\/shop\/sartenes-y-ollas\/le-creuset-sarten-skillet-alta-de-hierro-fundido-26-cm-azul-caribeno\/","name":"LE CREUSET Sart\u00e9n Skillet Alta de Hierro Fundido 26 cm Azul caribe\u00f1o - dev6 Erresse","isPartOf":{"@id":"https:\/\/dev6.erresse-shop.it\/#website"},"primaryImageOfPage":{"@id":"https:\/\/dev6.erresse-shop.it\/es\/shop\/sartenes-y-ollas\/le-creuset-sarten-skillet-alta-de-hierro-fundido-26-cm-azul-caribeno\/#primaryimage"},"image":{"@id":"https:\/\/dev6.erresse-shop.it\/es\/shop\/sartenes-y-ollas\/le-creuset-sarten-skillet-alta-de-hierro-fundido-26-cm-azul-caribeno\/#primaryimage"},"thumbnailUrl":"https:\/\/i3.wp.com\/interpim.erresse-shop.it\/Import\/Prodotti\/le-creuset-padella-profonda-evolution-doppio-becco-26-cm-blu-caribe.jpg?ssl=1","datePublished":"2026-04-04T11:10:36+00:00","description":"Esta sart\u00e9n est\u00e1 hecha de nuestro legendario hierro fundido esmaltado, por lo que se puede utilizar en el horno o en la estufa. Un aut\u00e9ntico aliado","breadcrumb":{"@id":"https:\/\/dev6.erresse-shop.it\/es\/shop\/sartenes-y-ollas\/le-creuset-sarten-skillet-alta-de-hierro-fundido-26-cm-azul-caribeno\/#breadcrumb"},"inLanguage":"es","potentialAction":[{"@type":"ReadAction","target":["https:\/\/dev6.erresse-shop.it\/es\/shop\/sartenes-y-ollas\/le-creuset-sarten-skillet-alta-de-hierro-fundido-26-cm-azul-caribeno\/"]}]},{"@type":"ImageObject","inLanguage":"es","@id":"https:\/\/dev6.erresse-shop.it\/es\/shop\/sartenes-y-ollas\/le-creuset-sarten-skillet-alta-de-hierro-fundido-26-cm-azul-caribeno\/#primaryimage","url":"https:\/\/i3.wp.com\/interpim.erresse-shop.it\/Import\/Prodotti\/le-creuset-padella-profonda-evolution-doppio-becco-26-cm-blu-caribe.jpg?ssl=1","contentUrl":"https:\/\/i3.wp.com\/interpim.erresse-shop.it\/Import\/Prodotti\/le-creuset-padella-profonda-evolution-doppio-becco-26-cm-blu-caribe.jpg?ssl=1"},{"@type":"BreadcrumbList","@id":"https:\/\/dev6.erresse-shop.it\/es\/shop\/sartenes-y-ollas\/le-creuset-sarten-skillet-alta-de-hierro-fundido-26-cm-azul-caribeno\/#breadcrumb","itemListElement":[{"@type":"ListItem","position":1,"name":"Home","item":"https:\/\/dev6.erresse-shop.it\/"},{"@type":"ListItem","position":2,"name":"Tienda","item":"https:\/\/dev6.erresse-shop.it\/shop\/"},{"@type":"ListItem","position":3,"name":"LE CREUSET Sart\u00e9n Skillet Alta de Hierro Fundido 26 cm Azul caribe\u00f1o"}]},{"@type":"WebSite","@id":"https:\/\/dev6.erresse-shop.it\/#website","url":"https:\/\/dev6.erresse-shop.it\/","name":"Erresse Shop","description":"","publisher":{"@id":"https:\/\/dev6.erresse-shop.it\/#organization"},"potentialAction":[{"@type":"SearchAction","target":{"@type":"EntryPoint","urlTemplate":"https:\/\/dev6.erresse-shop.it\/?s={search_term_string}"},"query-input":{"@type":"PropertyValueSpecification","valueRequired":true,"valueName":"search_term_string"}}],"inLanguage":"es"},{"@type":"Organization","@id":"https:\/\/dev6.erresse-shop.it\/#organization","name":"Erresse Shop","url":"https:\/\/dev6.erresse-shop.it\/","logo":{"@type":"ImageObject","inLanguage":"es","@id":"https:\/\/dev6.erresse-shop.it\/#\/schema\/logo\/image\/","url":"https:\/\/dev6.erresse-shop.it\/wp-content\/uploads\/2025\/01\/LOGO-ERRESSE-CLASSICO.svg","contentUrl":"https:\/\/dev6.erresse-shop.it\/wp-content\/uploads\/2025\/01\/LOGO-ERRESSE-CLASSICO.svg","caption":"Erresse Shop"},"image":{"@id":"https:\/\/dev6.erresse-shop.it\/#\/schema\/logo\/image\/"}}]}},"df_price":159.95,"df_sale_price":159.95,"df_regular_price":225,"df_image_link":"https:\/\/i3.wp.com\/interpim.erresse-shop.it\/Import\/Prodotti\/le-creuset-padella-profonda-evolution-doppio-becco-26-cm-blu-caribe.jpg?resize=300,300&ssl=1","fifu_image_url":"https:\/\/interpim.erresse-shop.it\/Import\/Prodotti\/le-creuset-padella-profonda-evolution-doppio-becco-26-cm-blu-caribe.jpg","_links":{"self":[{"href":"https:\/\/dev6.erresse-shop.it\/es\/wp-json\/wp\/v2\/product\/1883739","targetHints":{"allow":["GET"]}}],"collection":[{"href":"https:\/\/dev6.erresse-shop.it\/es\/wp-json\/wp\/v2\/product"}],"about":[{"href":"https:\/\/dev6.erresse-shop.it\/es\/wp-json\/wp\/v2\/types\/product"}],"wp:featuredmedia":[{"embeddable":true,"href":"https:\/\/dev6.erresse-shop.it\/es\/wp-json\/wp\/v2\/media\/6293009"}],"wp:attachment":[{"href":"https:\/\/dev6.erresse-shop.it\/es\/wp-json\/wp\/v2\/media?parent=1883739"}],"wp:term":[{"taxonomy":"product_cat","embeddable":true,"href":"https:\/\/dev6.erresse-shop.it\/es\/wp-json\/wp\/v2\/product_cat?post=1883739"},{"taxonomy":"product_tag","embeddable":true,"href":"https:\/\/dev6.erresse-shop.it\/es\/wp-json\/wp\/v2\/product_tag?post=1883739"}],"curies":[{"name":"wp","href":"https:\/\/api.w.org\/{rel}","templated":true}]}}