{"id":1883733,"date":"2026-04-12T13:10:25","date_gmt":"2026-04-12T11:10:25","guid":{"rendered":"https:\/\/dev6.erresse-shop.it\/shop\/sin%20categor\u00eda\/le-creuset-olla-alta-de-hierro-fundido-28-cm-azur\/"},"modified":"2025-09-14T10:23:05","modified_gmt":"2025-09-14T08:23:05","slug":"le-creuset-olla-alta-de-hierro-fundido-28-cm-azur","status":"publish","type":"product","link":"https:\/\/dev6.erresse-shop.it\/es\/shop\/sartenes-y-ollas\/le-creuset-olla-alta-de-hierro-fundido-28-cm-azur\/","title":{"rendered":"LE CREUSET Olla Alta de Hierro Fundido 28 cm Azur"},"content":{"rendered":"<p>Fre\u00edr y saltear se convierte en un placer con nuestra sart\u00e9n alta Evolution en hierro fundido esmaltado, perfecta para crear una variedad de deliciosos platos. Con paredes laterales m\u00e1s altas para cocinar todos los alimentos, su aspecto elegante y moderno presenta un mango de madera que no se calienta y un mango grande para que la sart\u00e9n sea f\u00e1cil de agarrar y mover. Utilice esta sart\u00e9n en cualquier fuente de calor excepto el horno. No lo coloque en el lavavajillas, para proteger tambi\u00e9n el mango.<\/p>\n<p>Comida de excelente sabor: el hierro fundido esmaltado retiene el calor para lograr una cocci\u00f3n y doradura uniformes. Tus deliciosas creaciones tambi\u00e9n se mantendr\u00e1n calientes durante m\u00e1s tiempo en la mesa.<br \/>\nUna valiosa ayuda: el pr\u00e1ctico asa permite levantar f\u00e1cilmente el producto y trasladarlo de la placa de cocci\u00f3n al horno o a la mesa.<br \/>\nNo demasiado caliente: cocine a fuego lento o medio constante para cuidar su producto de hierro fundido y lograr resultados deliciosos.<\/p>\n<p> Mejora con el tiempo: el interior esmaltado desarrolla una p\u00e1tina natural que act\u00faa casi como una superficie antiadherente. Su acabado tiene propiedades que evitan que los alimentos se peguen incluso con peque\u00f1as cantidades de aceite. Lave el producto \u00fanicamente con agua para permitir que se desarrolle la p\u00e1tina.<br \/>\nNuestros productos se elaboran con los mejores materiales en f\u00e1bricas de todo el mundo para ofrecer la calidad que espera de Le Creuset.<br \/>\nAspecto moderno: el mango de madera tiene un dise\u00f1o elegante y no se calienta.<\/p>\n<p>Material: hierro fundido vitrificado<br \/>\nFabricado en: Francia<br \/>\nGarant\u00eda: de por vida<\/p>\n<p>Fuente de calor:<\/p>\n<p>Placa el\u00e9ctrica<br \/>\nCer\u00e1mica de vidrio<br \/>\nPlan de Gas<br \/>\nPlaca de inducci\u00f3n<\/p>\n<p>Limpieza y cuidado:<\/p>\n<p>Espere a que el producto se enfr\u00ede antes de comenzar a limpiarlo.<\/p>\n<p> Limpie cualquier residuo de la base y los lados del producto. Si hay comida pegada, llene el producto con agua tibia y jab\u00f3n y d\u00e9jelo en remojo durante 15 a 20 minutos antes de lavarlo como de costumbre.<br \/>\nNo utilice limpiadores abrasivos ni esponjas o cepillos met\u00e1licos, abrasivos o muy duros en ninguna de las superficies.<br \/>\nSecar bien despu\u00e9s del lavado y guardar en un lugar seco.<\/p>\n","protected":false},"excerpt":{"rendered":"<p>Fre\u00edr y saltear se convierte en un placer con nuestra sart\u00e9n alta Evolution en hierro fundido esmaltado, perfecta para crear una variedad de deliciosos platos. Con paredes laterales m\u00e1s altas para cocinar todos los alimentos, su aspecto elegante y moderno presenta un mango de madera que no se calienta y un mango grande para que [&hellip;]<\/p>\n","protected":false},"featured_media":6376249,"template":"","meta":{"_acf_changed":false},"product_cat":[11883],"product_tag":[],"class_list":{"0":"post-1883733","1":"product","2":"type-product","3":"status-publish","4":"has-post-thumbnail","6":"product_cat-sartenes-y-ollas","8":"first","9":"instock","10":"sale","11":"taxable","12":"shipping-taxable","13":"purchasable","14":"product-type-simple","swatches":"rey-swatches","show_selected":"","stretch_labels":"rey-swatches--stretch-labels"},"acf":[],"yoast_head":"<!-- This site is optimized with the Yoast SEO plugin v25.4 - https:\/\/yoast.com\/wordpress\/plugins\/seo\/ -->\n<title>LE CREUSET Olla Alta de Hierro Fundido 28 cm Azur - dev6 Erresse<\/title>\n<meta name=\"description\" content=\"Fre\u00edr y saltear se convierte en un placer con nuestra sart\u00e9n alta Evolution en hierro fundido esmaltado, perfecta para crear una variedad de deliciosos\" \/>\n<meta name=\"robots\" content=\"noindex, follow, max-snippet:-1, max-image-preview:large, max-video-preview:-1\" \/>\n<meta property=\"og:locale\" content=\"es_ES\" \/>\n<meta property=\"og:type\" content=\"article\" \/>\n<meta property=\"og:title\" content=\"LE CREUSET Olla Alta de Hierro Fundido 28 cm Azur - dev6 Erresse\" \/>\n<meta property=\"og:description\" content=\"Fre\u00edr y saltear se convierte en un placer con nuestra sart\u00e9n alta Evolution en hierro fundido esmaltado, perfecta para crear una variedad de deliciosos\" \/>\n<meta property=\"og:url\" content=\"https:\/\/dev6.erresse-shop.it\/es\/shop\/sartenes-y-ollas\/le-creuset-olla-alta-de-hierro-fundido-28-cm-azur\/\" \/>\n<meta property=\"og:site_name\" content=\"dev6 Erresse\" \/>\n<meta property=\"og:image\" content=\"https:\/\/interpim.erresse-shop.it\/Import\/Prodotti\/le-creuset-padella-alta-in-ghisa-28-cm-azure.jpg\" \/><meta property=\"og:image\" content=\"https:\/\/interpim.erresse-shop.it\/Import\/Prodotti\/le-creuset-padella-alta-in-ghisa-28-cm-azure.jpg\" \/>\n\t<meta property=\"og:image:width\" content=\"1024\" \/>\n\t<meta property=\"og:image:height\" content=\"1024\" \/>\n\t<meta property=\"og:image:type\" content=\"image\/jpeg\" \/>\n<meta name=\"twitter:card\" content=\"summary_large_image\" \/>\n<meta name=\"twitter:image\" content=\"https:\/\/interpim.erresse-shop.it\/Import\/Prodotti\/le-creuset-padella-alta-in-ghisa-28-cm-azure.jpg\" \/>\n<script type=\"application\/ld+json\" class=\"yoast-schema-graph\">{\"@context\":\"https:\/\/schema.org\",\"@graph\":[{\"@type\":\"WebPage\",\"@id\":\"https:\/\/dev6.erresse-shop.it\/es\/shop\/sartenes-y-ollas\/le-creuset-olla-alta-de-hierro-fundido-28-cm-azur\/\",\"url\":\"https:\/\/dev6.erresse-shop.it\/es\/shop\/sartenes-y-ollas\/le-creuset-olla-alta-de-hierro-fundido-28-cm-azur\/\",\"name\":\"LE CREUSET Olla Alta de Hierro Fundido 28 cm Azur - dev6 Erresse\",\"isPartOf\":{\"@id\":\"https:\/\/dev6.erresse-shop.it\/#website\"},\"primaryImageOfPage\":{\"@id\":\"https:\/\/dev6.erresse-shop.it\/es\/shop\/sartenes-y-ollas\/le-creuset-olla-alta-de-hierro-fundido-28-cm-azur\/#primaryimage\"},\"image\":{\"@id\":\"https:\/\/dev6.erresse-shop.it\/es\/shop\/sartenes-y-ollas\/le-creuset-olla-alta-de-hierro-fundido-28-cm-azur\/#primaryimage\"},\"thumbnailUrl\":\"https:\/\/i1.wp.com\/interpim.erresse-shop.it\/Import\/Prodotti\/le-creuset-padella-alta-in-ghisa-28-cm-azure.jpg?ssl=1\",\"datePublished\":\"2026-04-12T11:10:25+00:00\",\"description\":\"Fre\u00edr y saltear se convierte en un placer con nuestra sart\u00e9n alta Evolution en hierro fundido esmaltado, perfecta para crear una variedad de deliciosos\",\"breadcrumb\":{\"@id\":\"https:\/\/dev6.erresse-shop.it\/es\/shop\/sartenes-y-ollas\/le-creuset-olla-alta-de-hierro-fundido-28-cm-azur\/#breadcrumb\"},\"inLanguage\":\"es\",\"potentialAction\":[{\"@type\":\"ReadAction\",\"target\":[\"https:\/\/dev6.erresse-shop.it\/es\/shop\/sartenes-y-ollas\/le-creuset-olla-alta-de-hierro-fundido-28-cm-azur\/\"]}]},{\"@type\":\"ImageObject\",\"inLanguage\":\"es\",\"@id\":\"https:\/\/dev6.erresse-shop.it\/es\/shop\/sartenes-y-ollas\/le-creuset-olla-alta-de-hierro-fundido-28-cm-azur\/#primaryimage\",\"url\":\"https:\/\/i1.wp.com\/interpim.erresse-shop.it\/Import\/Prodotti\/le-creuset-padella-alta-in-ghisa-28-cm-azure.jpg?ssl=1\",\"contentUrl\":\"https:\/\/i1.wp.com\/interpim.erresse-shop.it\/Import\/Prodotti\/le-creuset-padella-alta-in-ghisa-28-cm-azure.jpg?ssl=1\"},{\"@type\":\"BreadcrumbList\",\"@id\":\"https:\/\/dev6.erresse-shop.it\/es\/shop\/sartenes-y-ollas\/le-creuset-olla-alta-de-hierro-fundido-28-cm-azur\/#breadcrumb\",\"itemListElement\":[{\"@type\":\"ListItem\",\"position\":1,\"name\":\"Home\",\"item\":\"https:\/\/dev6.erresse-shop.it\/\"},{\"@type\":\"ListItem\",\"position\":2,\"name\":\"Tienda\",\"item\":\"https:\/\/dev6.erresse-shop.it\/shop\/\"},{\"@type\":\"ListItem\",\"position\":3,\"name\":\"LE CREUSET Olla Alta de Hierro Fundido 28 cm Azur\"}]},{\"@type\":\"WebSite\",\"@id\":\"https:\/\/dev6.erresse-shop.it\/#website\",\"url\":\"https:\/\/dev6.erresse-shop.it\/\",\"name\":\"Erresse Shop\",\"description\":\"\",\"publisher\":{\"@id\":\"https:\/\/dev6.erresse-shop.it\/#organization\"},\"potentialAction\":[{\"@type\":\"SearchAction\",\"target\":{\"@type\":\"EntryPoint\",\"urlTemplate\":\"https:\/\/dev6.erresse-shop.it\/?s={search_term_string}\"},\"query-input\":{\"@type\":\"PropertyValueSpecification\",\"valueRequired\":true,\"valueName\":\"search_term_string\"}}],\"inLanguage\":\"es\"},{\"@type\":\"Organization\",\"@id\":\"https:\/\/dev6.erresse-shop.it\/#organization\",\"name\":\"Erresse Shop\",\"url\":\"https:\/\/dev6.erresse-shop.it\/\",\"logo\":{\"@type\":\"ImageObject\",\"inLanguage\":\"es\",\"@id\":\"https:\/\/dev6.erresse-shop.it\/#\/schema\/logo\/image\/\",\"url\":\"https:\/\/dev6.erresse-shop.it\/wp-content\/uploads\/2025\/01\/LOGO-ERRESSE-CLASSICO.svg\",\"contentUrl\":\"https:\/\/dev6.erresse-shop.it\/wp-content\/uploads\/2025\/01\/LOGO-ERRESSE-CLASSICO.svg\",\"caption\":\"Erresse Shop\"},\"image\":{\"@id\":\"https:\/\/dev6.erresse-shop.it\/#\/schema\/logo\/image\/\"}}]}<\/script>\n<!-- \/ Yoast SEO plugin. -->","yoast_head_json":{"title":"LE CREUSET Olla Alta de Hierro Fundido 28 cm Azur - dev6 Erresse","description":"Fre\u00edr y saltear se convierte en un placer con nuestra sart\u00e9n alta Evolution en hierro fundido esmaltado, perfecta para crear una variedad de deliciosos","robots":{"index":"noindex","follow":"follow","max-snippet":"max-snippet:-1","max-image-preview":"max-image-preview:large","max-video-preview":"max-video-preview:-1"},"og_locale":"es_ES","og_type":"article","og_title":"LE CREUSET Olla Alta de Hierro Fundido 28 cm Azur - dev6 Erresse","og_description":"Fre\u00edr y saltear se convierte en un placer con nuestra sart\u00e9n alta Evolution en hierro fundido esmaltado, perfecta para crear una variedad de deliciosos","og_url":"https:\/\/dev6.erresse-shop.it\/es\/shop\/sartenes-y-ollas\/le-creuset-olla-alta-de-hierro-fundido-28-cm-azur\/","og_site_name":"dev6 Erresse","og_image":[{"url":"https:\/\/interpim.erresse-shop.it\/Import\/Prodotti\/le-creuset-padella-alta-in-ghisa-28-cm-azure.jpg","type":"","width":"","height":""},{"url":"https:\/\/interpim.erresse-shop.it\/Import\/Prodotti\/le-creuset-padella-alta-in-ghisa-28-cm-azure.jpg","width":1024,"height":1024,"type":"image\/jpeg"}],"twitter_card":"summary_large_image","twitter_image":"https:\/\/interpim.erresse-shop.it\/Import\/Prodotti\/le-creuset-padella-alta-in-ghisa-28-cm-azure.jpg","schema":{"@context":"https:\/\/schema.org","@graph":[{"@type":"WebPage","@id":"https:\/\/dev6.erresse-shop.it\/es\/shop\/sartenes-y-ollas\/le-creuset-olla-alta-de-hierro-fundido-28-cm-azur\/","url":"https:\/\/dev6.erresse-shop.it\/es\/shop\/sartenes-y-ollas\/le-creuset-olla-alta-de-hierro-fundido-28-cm-azur\/","name":"LE CREUSET Olla Alta de Hierro Fundido 28 cm Azur - dev6 Erresse","isPartOf":{"@id":"https:\/\/dev6.erresse-shop.it\/#website"},"primaryImageOfPage":{"@id":"https:\/\/dev6.erresse-shop.it\/es\/shop\/sartenes-y-ollas\/le-creuset-olla-alta-de-hierro-fundido-28-cm-azur\/#primaryimage"},"image":{"@id":"https:\/\/dev6.erresse-shop.it\/es\/shop\/sartenes-y-ollas\/le-creuset-olla-alta-de-hierro-fundido-28-cm-azur\/#primaryimage"},"thumbnailUrl":"https:\/\/i1.wp.com\/interpim.erresse-shop.it\/Import\/Prodotti\/le-creuset-padella-alta-in-ghisa-28-cm-azure.jpg?ssl=1","datePublished":"2026-04-12T11:10:25+00:00","description":"Fre\u00edr y saltear se convierte en un placer con nuestra sart\u00e9n alta Evolution en hierro fundido esmaltado, perfecta para crear una variedad de deliciosos","breadcrumb":{"@id":"https:\/\/dev6.erresse-shop.it\/es\/shop\/sartenes-y-ollas\/le-creuset-olla-alta-de-hierro-fundido-28-cm-azur\/#breadcrumb"},"inLanguage":"es","potentialAction":[{"@type":"ReadAction","target":["https:\/\/dev6.erresse-shop.it\/es\/shop\/sartenes-y-ollas\/le-creuset-olla-alta-de-hierro-fundido-28-cm-azur\/"]}]},{"@type":"ImageObject","inLanguage":"es","@id":"https:\/\/dev6.erresse-shop.it\/es\/shop\/sartenes-y-ollas\/le-creuset-olla-alta-de-hierro-fundido-28-cm-azur\/#primaryimage","url":"https:\/\/i1.wp.com\/interpim.erresse-shop.it\/Import\/Prodotti\/le-creuset-padella-alta-in-ghisa-28-cm-azure.jpg?ssl=1","contentUrl":"https:\/\/i1.wp.com\/interpim.erresse-shop.it\/Import\/Prodotti\/le-creuset-padella-alta-in-ghisa-28-cm-azure.jpg?ssl=1"},{"@type":"BreadcrumbList","@id":"https:\/\/dev6.erresse-shop.it\/es\/shop\/sartenes-y-ollas\/le-creuset-olla-alta-de-hierro-fundido-28-cm-azur\/#breadcrumb","itemListElement":[{"@type":"ListItem","position":1,"name":"Home","item":"https:\/\/dev6.erresse-shop.it\/"},{"@type":"ListItem","position":2,"name":"Tienda","item":"https:\/\/dev6.erresse-shop.it\/shop\/"},{"@type":"ListItem","position":3,"name":"LE CREUSET Olla Alta de Hierro Fundido 28 cm Azur"}]},{"@type":"WebSite","@id":"https:\/\/dev6.erresse-shop.it\/#website","url":"https:\/\/dev6.erresse-shop.it\/","name":"Erresse Shop","description":"","publisher":{"@id":"https:\/\/dev6.erresse-shop.it\/#organization"},"potentialAction":[{"@type":"SearchAction","target":{"@type":"EntryPoint","urlTemplate":"https:\/\/dev6.erresse-shop.it\/?s={search_term_string}"},"query-input":{"@type":"PropertyValueSpecification","valueRequired":true,"valueName":"search_term_string"}}],"inLanguage":"es"},{"@type":"Organization","@id":"https:\/\/dev6.erresse-shop.it\/#organization","name":"Erresse Shop","url":"https:\/\/dev6.erresse-shop.it\/","logo":{"@type":"ImageObject","inLanguage":"es","@id":"https:\/\/dev6.erresse-shop.it\/#\/schema\/logo\/image\/","url":"https:\/\/dev6.erresse-shop.it\/wp-content\/uploads\/2025\/01\/LOGO-ERRESSE-CLASSICO.svg","contentUrl":"https:\/\/dev6.erresse-shop.it\/wp-content\/uploads\/2025\/01\/LOGO-ERRESSE-CLASSICO.svg","caption":"Erresse Shop"},"image":{"@id":"https:\/\/dev6.erresse-shop.it\/#\/schema\/logo\/image\/"}}]}},"df_price":179.95,"df_sale_price":179.95,"df_regular_price":265,"df_image_link":"https:\/\/i1.wp.com\/interpim.erresse-shop.it\/Import\/Prodotti\/le-creuset-padella-alta-in-ghisa-28-cm-azure.jpg?resize=300,300&ssl=1","fifu_image_url":"https:\/\/interpim.erresse-shop.it\/Import\/Prodotti\/le-creuset-padella-alta-in-ghisa-28-cm-azure.jpg","_links":{"self":[{"href":"https:\/\/dev6.erresse-shop.it\/es\/wp-json\/wp\/v2\/product\/1883733","targetHints":{"allow":["GET"]}}],"collection":[{"href":"https:\/\/dev6.erresse-shop.it\/es\/wp-json\/wp\/v2\/product"}],"about":[{"href":"https:\/\/dev6.erresse-shop.it\/es\/wp-json\/wp\/v2\/types\/product"}],"wp:featuredmedia":[{"embeddable":true,"href":"https:\/\/dev6.erresse-shop.it\/es\/wp-json\/wp\/v2\/media\/6376249"}],"wp:attachment":[{"href":"https:\/\/dev6.erresse-shop.it\/es\/wp-json\/wp\/v2\/media?parent=1883733"}],"wp:term":[{"taxonomy":"product_cat","embeddable":true,"href":"https:\/\/dev6.erresse-shop.it\/es\/wp-json\/wp\/v2\/product_cat?post=1883733"},{"taxonomy":"product_tag","embeddable":true,"href":"https:\/\/dev6.erresse-shop.it\/es\/wp-json\/wp\/v2\/product_tag?post=1883733"}],"curies":[{"name":"wp","href":"https:\/\/api.w.org\/{rel}","templated":true}]}}